{"id":97936,"date":"2021-04-26T08:42:41","date_gmt":"2021-04-26T06:42:41","guid":{"rendered":"https:\/\/www.elettrowebstore.com\/?post_type=product&#038;p=97936"},"modified":"2025-06-19T16:36:20","modified_gmt":"2025-06-19T14:36:20","slug":"paini-cox-miscelatore-per-bidet-nero-opaco-78yo306tco","status":"publish","type":"product","link":"https:\/\/www.elettrowebstore.com\/fr\/shop\/paini-cox-bidet-mixer-mat-black-78yo306tco\/","title":{"rendered":"Paini Cox bidet mixer mat black 78YO306TCO"},"content":{"rendered":"<h2><strong>Paini Cox bidet mixer mat black 78YO306TCO<br \/>\n<\/strong><\/h2>\n<p>Paini Cox bidet mixer mat black 78YO306TCO tout compris : mitigeur, a\u00e9rateur avec joint, vidange, flexibles et tout le n\u00e9cessaire pour l'installation.<\/p>\n<p>Le m\u00e9langeur est r\u00e9alis\u00e9 en laiton, avec <strong>finition noire mate<\/strong> et un levier unique. Un drain traditionnel de 1 \u00bc pouce est inclus.<\/p>\n<p>Le m\u00eame produit est \u00e9galement disponible avec la finition <a href=\"https:\/\/www.elettrowebstore.com\/shop\/paini-cox-miscelatore-per-bidet-cromato-78cr306o-2\/\">chrom\u00e9<\/a>.<\/p>\n<p>Le design de la s\u00e9rie Cox du fabricant Paini est classique et traditionnel. Cette ligne est choisie par ceux qui souhaitent un produit adapt\u00e9 \u00e0 chaque type de salle de bains, avec un aspect soign\u00e9 et standard.<\/p>\n<p><a href=\"https:\/\/www.elettrowebstore.com\/paini-rubinetteria\/\" target=\"_blank\" rel=\"noopener\"><strong>Visitez notre page produit Paini<\/strong><\/a> pour visualiser l'ensemble de la gamme.<\/p>\n<p>&nbsp;<\/p>\n<p>&nbsp;<\/p>\n<h2><strong>Sp\u00e9cifications techniques<\/strong><\/h2>\n<ul>\n<li><span class=\"fontstyle0\">Paini COX s\u00e9rie mitigeur de bidet en laiton avec finition noir mat<br \/>\n<\/span><\/li>\n<li>Levier unique avec poign\u00e9e ergonomique<\/li>\n<li>A\u00e9rateur avec joint<\/li>\n<li>Sortie de vidange de 1 \u00bc pouce<\/li>\n<li>Jeu de 2 tuyaux en acier inoxydable G 3\/8''.<\/li>\n<li><span class=\"fontstyle0\">Design \u00e9l\u00e9gant et essentiel<\/span><\/li>\n<li>Le m\u00e9langeur est fourni dans un kit de montage<\/li>\n<li>Dimensions : mm. 110x48x128 h.<\/li>\n<li>Poids kg 1,3<\/li>\n<li>Pratique et fonctionnel<\/li>\n<li>Robuste et r\u00e9sistant<\/li>\n<li>Code 78YO306TCO<\/li>\n<\/ul>\n<p>&nbsp;<\/p>","protected":false},"excerpt":{"rendered":"<p>Paini Cox bidet mixer matt black 78YO306TCO en laiton avec finition neo matt tout inclus : a\u00e9rateur avec joint, tuyaux flexibles, vidange<span style=\"color: #ff0000;\"><span style=\"color: #000000;\">. Des finitions dans d'autres couleurs sont \u00e9galement disponibles sur demande. <\/span><strong>Livraison incluse en Italie !<\/strong><\/span><\/p>","protected":false},"featured_media":97949,"template":"","meta":[],"product_brand":[],"product_cat":[19],"product_tag":[2030,334,900,930,1942,339,899,893,896,2029,895,891,931,901],"class_list":{"0":"post-97936","1":"product","2":"type-product","3":"status-publish","4":"has-post-thumbnail","6":"product_cat-rubinetteria","7":"product_tag-78yo306tco","8":"product_tag-arredo","9":"product_tag-bagno","10":"product_tag-bidet","11":"product_tag-cox","12":"product_tag-design","13":"product_tag-leva","14":"product_tag-miscelatore","15":"product_tag-monocomando","16":"product_tag-nero-opaco","17":"product_tag-ottone","18":"product_tag-paini","19":"product_tag-piletta","20":"product_tag-rubinetteria","21":"product_shipping_class-pe","23":"first","24":"instock","25":"taxable","26":"shipping-taxable","27":"purchasable","28":"product-type-simple"},"_links":{"self":[{"href":"https:\/\/www.elettrowebstore.com\/fr\/wp-json\/wp\/v2\/product\/97936","targetHints":{"allow":["GET"]}}],"collection":[{"href":"https:\/\/www.elettrowebstore.com\/fr\/wp-json\/wp\/v2\/product"}],"about":[{"href":"https:\/\/www.elettrowebstore.com\/fr\/wp-json\/wp\/v2\/types\/product"}],"wp:featuredmedia":[{"embeddable":true,"href":"https:\/\/www.elettrowebstore.com\/fr\/wp-json\/wp\/v2\/media\/97949"}],"wp:attachment":[{"href":"https:\/\/www.elettrowebstore.com\/fr\/wp-json\/wp\/v2\/media?parent=97936"}],"wp:term":[{"taxonomy":"product_brand","embeddable":true,"href":"https:\/\/www.elettrowebstore.com\/fr\/wp-json\/wp\/v2\/product_brand?post=97936"},{"taxonomy":"product_cat","embeddable":true,"href":"https:\/\/www.elettrowebstore.com\/fr\/wp-json\/wp\/v2\/product_cat?post=97936"},{"taxonomy":"product_tag","embeddable":true,"href":"https:\/\/www.elettrowebstore.com\/fr\/wp-json\/wp\/v2\/product_tag?post=97936"}],"curies":[{"name":"wp","href":"https:\/\/api.w.org\/{rel}","templated":true}]}}