{"id":94165,"date":"2021-04-12T08:19:19","date_gmt":"2021-04-12T06:19:19","guid":{"rendered":"https:\/\/www.elettrowebstore.com\/?post_type=product&#038;p=94165"},"modified":"2025-06-19T16:52:58","modified_gmt":"2025-06-19T14:52:58","slug":"paini-atomix-miscelatore-rubinetto-doccia-a-muro-d1cr511","status":"publish","type":"product","link":"https:\/\/www.elettrowebstore.com\/fr\/shop\/paini-atomix-mitigeur-de-douche-mural-d1cr511\/","title":{"rendered":"Paini Atomix mitigeur de douche mural D1CR511"},"content":{"rendered":"<h2><strong>Paini Atomix mitigeur de douche mural D1CR511<\/strong><\/h2>\n<p>Paini Atomix mitigeur de douche mural D1CR511, kit d'installation.<\/p>\n<p>Le mitigeur est r\u00e9alis\u00e9 en laiton, avec une finition chrom\u00e9e et un levier unique.<\/p>\n<p>La photo ci-dessous repr\u00e9sente fid\u00e8lement le kit complet qui est exp\u00e9di\u00e9 au domicile du client.<\/p>\n<p>&nbsp;<\/p>\n<h2><strong>Sp\u00e9cifications techniques<\/strong><\/h2>\n<ul>\n<li><span class=\"fontstyle0\">Mitigeur en laiton avec finition chrom\u00e9e<br \/>\n<\/span><\/li>\n<li>Mono-levier<\/li>\n<li>Canon non pivotant<\/li>\n<li>Connexions standard G1\/2\u2033.<\/li>\n<li><span class=\"fontstyle0\">Design \u00e9l\u00e9gant et essentiel<\/span><\/li>\n<li>Le m\u00e9langeur est fourni dans un kit de montage<\/li>\n<li>Poids kg 1,6<\/li>\n<li>Code produit : D1CR511<\/li>\n<\/ul>\n<h2><\/h2>\n<p>&nbsp;<\/p>\n<h2><strong>Description Paini Atomix mitigeur de douche mural D1CR511<br \/>\n<\/strong><\/h2>\n<p><strong>Paini Atomix mitigeur de douche mural D1CR511 <\/strong>est fabriqu\u00e9 en Italie en laiton chrom\u00e9. Cela rend le produit extr\u00eamement r\u00e9sistant \u00e0 l'abrasion et aux produits chimiques de nettoyage.<\/p>\n<p>La ligne Atomix 3.0 est l'une des gammes historiques de Paini, avec une forme traditionnelle et un design classique. Elle n'est disponible qu'en finition chrom\u00e9e.<\/p>\n<div class=\"pw-hidden-cp\">\n<p>La gamme propose de nombreux mitigeurs de salle de bains pour lavabos, douches encastr\u00e9es et bidets, ainsi que pour les \u00e9viers de cuisine. Il existe de nombreuses formes et de nombreux types de robinets. Si vous ne trouvez pas exactement la r\u00e9f\u00e9rence dont vous avez besoin, vous pouvez <a href=\"https:\/\/www.elettrowebstore.com\/contatta-lo-staff-di-elettrowebstore\/\"><strong>contactez-nous pour un devis sp\u00e9cifique<\/strong><\/a>.<\/p>\n<\/div>\n<p>&nbsp;<\/p>\n<p>&nbsp;<\/p>\n<p>&nbsp;<\/p>","protected":false},"excerpt":{"rendered":"<p>Paini Atomix mitigeur de douche mural D1CR511.<\/p>","protected":false},"featured_media":94176,"template":"","meta":[],"product_brand":[],"product_cat":[19],"product_tag":[1943,334,1998,900,894,2015,339,898,893,895,891,901],"class_list":{"0":"post-94165","1":"product","2":"type-product","3":"status-publish","4":"has-post-thumbnail","6":"product_cat-rubinetteria","7":"product_tag-a-muro","8":"product_tag-arredo","9":"product_tag-atomix-3-0","10":"product_tag-bagno","11":"product_tag-cromato","12":"product_tag-d1cr511","13":"product_tag-design","14":"product_tag-doccia","15":"product_tag-miscelatore","16":"product_tag-ottone","17":"product_tag-paini","18":"product_tag-rubinetteria","19":"product_shipping_class-pe","21":"first","22":"instock","23":"sale","24":"taxable","25":"shipping-taxable","26":"purchasable","27":"product-type-simple"},"_links":{"self":[{"href":"https:\/\/www.elettrowebstore.com\/fr\/wp-json\/wp\/v2\/product\/94165","targetHints":{"allow":["GET"]}}],"collection":[{"href":"https:\/\/www.elettrowebstore.com\/fr\/wp-json\/wp\/v2\/product"}],"about":[{"href":"https:\/\/www.elettrowebstore.com\/fr\/wp-json\/wp\/v2\/types\/product"}],"wp:featuredmedia":[{"embeddable":true,"href":"https:\/\/www.elettrowebstore.com\/fr\/wp-json\/wp\/v2\/media\/94176"}],"wp:attachment":[{"href":"https:\/\/www.elettrowebstore.com\/fr\/wp-json\/wp\/v2\/media?parent=94165"}],"wp:term":[{"taxonomy":"product_brand","embeddable":true,"href":"https:\/\/www.elettrowebstore.com\/fr\/wp-json\/wp\/v2\/product_brand?post=94165"},{"taxonomy":"product_cat","embeddable":true,"href":"https:\/\/www.elettrowebstore.com\/fr\/wp-json\/wp\/v2\/product_cat?post=94165"},{"taxonomy":"product_tag","embeddable":true,"href":"https:\/\/www.elettrowebstore.com\/fr\/wp-json\/wp\/v2\/product_tag?post=94165"}],"curies":[{"name":"wp","href":"https:\/\/api.w.org\/{rel}","templated":true}]}}