{"id":92890,"date":"2021-04-09T12:04:32","date_gmt":"2021-04-09T10:04:32","guid":{"rendered":"https:\/\/www.elettrowebstore.com\/?post_type=product&#038;p=92890"},"modified":"2025-06-19T17:08:46","modified_gmt":"2025-06-19T15:08:46","slug":"paini-cox-miscelatore-rubinetto-lavabo-a-muro-78cr208","status":"publish","type":"product","link":"https:\/\/www.elettrowebstore.com\/fr\/shop\/paini-cox-mitigeur-de-lavabo-mural-78cr208\/","title":{"rendered":"Paini Cox mitigeur de lavabo mural 78CR208"},"content":{"rendered":"<h2><strong>Paini Cox mitigeur de lavabo mural 78CR208<\/strong><\/h2>\n<p>Paini Cox mitigeur de lavabo mural 78CR208 se distingue par son design traditionnel et classique. La ligne Cox est l'une des productions historiques de Paini, avec un design \u00e0 la fois d\u00e9taill\u00e9 et tr\u00e8s classique. C'est \u00e9galement l'une des lignes disponibles en plusieurs finitions (sur demande).<\/p>\n<p>Ce m\u00e9langeur n'est PAS \u00e9quip\u00e9 d'une plaque et s'installe directement sur le mur.<\/p>\n<p>Le mitigeur est r\u00e9alis\u00e9 en laiton, avec une finition chrom\u00e9e et un levier unique.<\/p>\n<p>La photo ci-dessous repr\u00e9sente fid\u00e8lement le kit complet qui est exp\u00e9di\u00e9 au domicile du client.<\/p>\n<p>&nbsp;<\/p>\n<h2><strong>Description Paini Cox mitigeur de lavabo mural 78CR208<br \/>\n<\/strong><\/h2>\n<p><strong>Paini Cox mitigeur de lavabo mural 78CR208 <\/strong>est en laiton chrom\u00e9, avec un levier unique dot\u00e9 d'une poign\u00e9e design.<\/p>\n<p>La finition chrom\u00e9e du mitigeur est con\u00e7ue pour r\u00e9sister \u00e0 l'\u00e9preuve du temps et est particuli\u00e8rement adapt\u00e9e pour donner de l'\u00e9clat \u00e0 votre salle de bains. Gr\u00e2ce \u00e0 l'a\u00e9rateur, le mitigeur permet de r\u00e9guler le jet d'eau, \u00e9vitant ainsi les gaspillages.<\/p>\n<div class=\"pw-hidden-cp\">\n<p>Le mitigeur appartient \u00e0 la s\u00e9rie Cox du fabricant Paini, une ligne qui se caract\u00e9rise par un design classique et traditionnel. Cette ligne est choisie par ceux qui souhaitent un produit adapt\u00e9 \u00e0 chaque type de salle de bains, avec un design soign\u00e9 et standard.<\/p>\n<p>La gamme comprend de nombreux mitigeurs de salle de bains pour lavabo, douche encastr\u00e9e et bidet, ainsi que pour les \u00e9viers de cuisine.<\/p>\n<p>&nbsp;<\/p>\n<\/div>\n<h2><strong>Sp\u00e9cifications techniques<\/strong><\/h2>\n<ul>\n<li><span class=\"fontstyle0\">Mitigeur en laiton chrom\u00e9 pour baignoire<br \/>\n<\/span><\/li>\n<li>Mono-levier<\/li>\n<li>Canon non pivotant<\/li>\n<li>Connexions standard G1\/2\u2033.<\/li>\n<li><span class=\"fontstyle0\">Design \u00e9l\u00e9gant et essentiel<\/span><\/li>\n<li>Le m\u00e9langeur est fourni dans un kit de montage<\/li>\n<li>Poids kg 1,6<\/li>\n<li>Code produit : 78CR208<\/li>\n<\/ul>\n<p>&nbsp;<\/p>","protected":false},"excerpt":{"rendered":"<p>Paini Nove mitigeur de lavabo mural 78CR208. Finitions dans d'autres couleurs \u00e9galement disponibles sur demande.<\/p>","protected":false},"featured_media":93024,"template":"","meta":[],"product_brand":[],"product_cat":[19],"product_tag":[1941,1943,334,900,1942,894,339,938,893,895,891,901],"class_list":{"0":"post-92890","1":"product","2":"type-product","3":"status-publish","4":"has-post-thumbnail","6":"product_cat-rubinetteria","7":"product_tag-78cr208","8":"product_tag-a-muro","9":"product_tag-arredo","10":"product_tag-bagno","11":"product_tag-cox","12":"product_tag-cromato","13":"product_tag-design","14":"product_tag-lavabo","15":"product_tag-miscelatore","16":"product_tag-ottone","17":"product_tag-paini","18":"product_tag-rubinetteria","19":"product_shipping_class-pe","21":"first","22":"instock","23":"sale","24":"taxable","25":"shipping-taxable","26":"purchasable","27":"product-type-simple"},"_links":{"self":[{"href":"https:\/\/www.elettrowebstore.com\/fr\/wp-json\/wp\/v2\/product\/92890","targetHints":{"allow":["GET"]}}],"collection":[{"href":"https:\/\/www.elettrowebstore.com\/fr\/wp-json\/wp\/v2\/product"}],"about":[{"href":"https:\/\/www.elettrowebstore.com\/fr\/wp-json\/wp\/v2\/types\/product"}],"wp:featuredmedia":[{"embeddable":true,"href":"https:\/\/www.elettrowebstore.com\/fr\/wp-json\/wp\/v2\/media\/93024"}],"wp:attachment":[{"href":"https:\/\/www.elettrowebstore.com\/fr\/wp-json\/wp\/v2\/media?parent=92890"}],"wp:term":[{"taxonomy":"product_brand","embeddable":true,"href":"https:\/\/www.elettrowebstore.com\/fr\/wp-json\/wp\/v2\/product_brand?post=92890"},{"taxonomy":"product_cat","embeddable":true,"href":"https:\/\/www.elettrowebstore.com\/fr\/wp-json\/wp\/v2\/product_cat?post=92890"},{"taxonomy":"product_tag","embeddable":true,"href":"https:\/\/www.elettrowebstore.com\/fr\/wp-json\/wp\/v2\/product_tag?post=92890"}],"curies":[{"name":"wp","href":"https:\/\/api.w.org\/{rel}","templated":true}]}}