{"id":7752,"date":"2019-11-06T15:52:38","date_gmt":"2019-11-06T14:52:38","guid":{"rendered":"https:\/\/www.elettrowebstore.com\/?post_type=product&#038;p=7752"},"modified":"2024-02-23T09:36:40","modified_gmt":"2024-02-23T08:36:40","slug":"qlima-stufa-a-pellet-tectro-tbh146-slim-4620-watt","status":"publish","type":"product","link":"https:\/\/www.elettrowebstore.com\/fr\/shop\/poele-a-pellets-qlima-tectro-tbh146-slim-4620-watt\/","title":{"rendered":"Qlima po\u00eale \u00e0 pellets Tectro TBH146 Slim 4620 Watt"},"content":{"rendered":"<h2><strong>Qlima po\u00eale \u00e0 pellets Tectro TBH146 Slim 4620 Watt 4.6 kW<br \/>\n<\/strong><\/h2>\n<p>Le po\u00eale \u00e0 granul\u00e9s Qlima Tectro TBH146 Slim 4620 Watt 4,6 kW est un po\u00eale \u00e0 granul\u00e9s de bois. <strong>syst\u00e8me innovant, efficace et rentable pour la construction d'un syst\u00e8me de chauffage<\/strong>. <span class=\"fontstyle0\">En effet, le po\u00eale \u00e0 pellets Tectro de Qlima est construit avec des mat\u00e9riaux de premi\u00e8re qualit\u00e9 et est dot\u00e9 de dispositifs sp\u00e9ciaux permettant \u00e0 la chaleur de se propager uniform\u00e9ment et plus longtemps, ce qui se traduit par un excellent rendement calorifique.<\/span><\/p>\n<p>Ce produit <strong>est fabriqu\u00e9 en Italie. Fabriqu\u00e9 en Italie 100%. Garantie de 24 mois.<br \/>\n<\/strong><\/p>\n<p><img loading=\"lazy\" decoding=\"async\" class=\"aligncenter size-full wp-image-7831\" src=\"https:\/\/www.elettrowebstore.com\/EWS_Store\/wp-content\/uploads\/2020\/04\/qlima-stufa-pellet-tectro-TBH146-Slim-4620-Watt-1.jpg\" alt=\"Qlima po\u00eale \u00e0 pellets Tectro TBH146 Slim 4620 Watt\" width=\"600\" height=\"800\" \/><\/p>\n<p>Le po\u00eale \u00e0 granul\u00e9s Tectro TBH146 est <strong>certifi\u00e9 A+ pour l'efficacit\u00e9 \u00e9nerg\u00e9tique<\/strong>!<\/p>\n<p>Ce po\u00eale \u00e0 granul\u00e9s se caract\u00e9rise par <strong>des valeurs particuli\u00e8rement efficaces<\/strong>. En fait, les rendements \u00e9nerg\u00e9tiques sont particuli\u00e8rement \u00e9lev\u00e9s. En outre, les \u00e9missions sont \u00e9galement r\u00e9duites. Le po\u00eale \u00e0 pellets Tectro TBH146 Slim r\u00e9pond ainsi aux exigences l\u00e9gales.<\/p>\n<p>Ce r\u00e9chaud est en version Slim. Cela signifie qu'il prend tr\u00e8s peu de place tout en ayant une grande capacit\u00e9 de chauffage. En effet, ses dimensions sont les suivantes :<\/p>\n<ul>\n<li>hauteur : 85 cm<\/li>\n<li>largeur : 43 cm<\/li>\n<li>profondeur : 26 cm<\/li>\n<\/ul>\n<p><img loading=\"lazy\" decoding=\"async\" class=\"aligncenter size-full wp-image-7830\" src=\"https:\/\/www.elettrowebstore.com\/EWS_Store\/wp-content\/uploads\/2020\/04\/qlima-stufa-pellet-tectro-TBH146-Slim-4620-Watt-3.jpg\" alt=\"Qlima po\u00eale \u00e0 pellets Tectro TBH146 Slim 4620 Watt\" width=\"600\" height=\"800\" \/><\/p>\n<p><img loading=\"lazy\" decoding=\"async\" class=\"aligncenter size-full wp-image-7786\" src=\"https:\/\/www.elettrowebstore.com\/EWS_Store\/wp-content\/uploads\/2020\/04\/Qlima-Stufa-A-Pellet-TECTRO-TBH-146-Slim-4620-Watt-05.jpg\" alt=\"Qlima TECTRO Po\u00eale \u00e0 granul\u00e9s TBH 146 Slim 4620 Watt\" width=\"771\" height=\"280\" srcset=\"https:\/\/www.elettrowebstore.com\/EWS_Store\/wp-content\/uploads\/Qlima-Stufa-A-Pellet-TECTRO-TBH-146-Slim-4620-Watt-05.jpg 771w, https:\/\/www.elettrowebstore.com\/EWS_Store\/wp-content\/uploads\/Qlima-Stufa-A-Pellet-TECTRO-TBH-146-Slim-4620-Watt-05-600x218.jpg 600w, https:\/\/www.elettrowebstore.com\/EWS_Store\/wp-content\/uploads\/Qlima-Stufa-A-Pellet-TECTRO-TBH-146-Slim-4620-Watt-05-768x279.jpg 768w\" sizes=\"auto, (max-width: 771px) 100vw, 771px\" \/><\/p>\n<p>&nbsp;<\/p>\n<p>&nbsp;<\/p>\n<h2><strong>Caract\u00e9ristiques du produit Qlima po\u00eale \u00e0 pellets Tectro TBH146 Slim 4620 Watt<br \/>\n<\/strong><\/h2>\n<ul>\n<li>Type de po\u00eale : po\u00eale \u00e0 granul\u00e9s<\/li>\n<li>Capacit\u00e9 min\/max : kW 2,4 - 4,6<\/li>\n<li>Consommation \u00e9lectrique : W 300 \/ 100<\/li>\n<li>Alimentation : V\/Hz 230\/~50<\/li>\n<li>Rendement thermique \u00e0 la capacit\u00e9 nominale\/r\u00e9duite : % 88,02 \/ 89,68<\/li>\n<li>Taux de monoxyde de carbone \u00e0 13% capacit\u00e9 nominale\/r\u00e9duite en oxyg\u00e8ne : % 0,016 \/ 0,022<\/li>\n<li>Teneur moyenne en poussi\u00e8res \u00e0 13% d'oxyg\u00e8ne : mg\/Nm\u00b3 24<\/li>\n<li>Pour les chambres jusqu'\u00e0 : m\u00b3 145 (uniquement \u00e0 titre indicatif)<\/li>\n<li>Diam\u00e8tre du tuyau d'\u00e9vacuation : mm 80<\/li>\n<li>Temp\u00e9rature des gaz de combustion : \u00b0C 157 - 104<\/li>\n<li>D\u00e9pression en chambre : Pa 11<\/li>\n<li>Le po\u00eale doit avoir sa propre chemin\u00e9e : Non<\/li>\n<li>Type de carburant : \u00d8 6 mm Din+\/\u00d6norm+\/EN+<\/li>\n<li>Longueur\/diam\u00e8tre nominal du combustible : mm 30 \/ 06<\/li>\n<li>Capacit\u00e9 de la tr\u00e9mie \u00e0 granul\u00e9s : kg 9<\/li>\n<li>Autonomie (min-max) : h 4,8 - 8,4<\/li>\n<li>Entr\u00e9e d'air primaire : Oui<\/li>\n<li>Ventilateur : Oui<\/li>\n<li>Filtre \u00e0 air : Non<\/li>\n<li>Poids net : 48 kg<\/li>\n<li>Po\u00eale marqu\u00e9 CE<\/li>\n<\/ul>\n<p><img loading=\"lazy\" decoding=\"async\" class=\"aligncenter size-full wp-image-7827\" src=\"https:\/\/www.elettrowebstore.com\/EWS_Store\/wp-content\/uploads\/2020\/04\/qlima-stufa-pellet-tectro-TBH146-Slim-4620-Watt-2.jpg\" alt=\"Qlima po\u00eale \u00e0 pellets Tectro TBH146 Slim 4620 Watt\" width=\"600\" height=\"800\" \/><\/p>\n<p>&nbsp;<\/p>\n<h2><strong>Des doutes sur l'assistance technique ? Qlima offre une assistance technique dans toute l'Italie !<\/strong><\/h2>\n<p>Si vous avez des doutes sur la mani\u00e8re d'utiliser les produits Qlima, vous pouvez visiter le site web d\u00e8s maintenant. <a href=\"https:\/\/www.qlima.it\" target=\"_blank\" rel=\"noopener noreferrer\"><strong>www.qlima.it<\/strong><\/a> pour toutes les informations techniques sur les produits. Le site contient de nombreuses informations sur l'utilisation et l'entretien des produits.<\/p>\n<p>Si vous avez besoin d'une assistance technique dans la r\u00e9gion la plus proche de chez vous, il vous suffit de contacter les num\u00e9ros suivants :<\/p>\n<ul>\n<li>Courriel : assistenza@pvg.eu<\/li>\n<li>Fax : 0571628504<\/li>\n<li>T\u00e9l\u00e9phone : 0571628500 (heures de bureau 9.00 - 13.00 \/ 14.00 - 18.00)<\/li>\n<\/ul>\n<p>Un personnel sp\u00e9cialis\u00e9 vous apportera toute l'aide n\u00e9cessaire pour r\u00e9soudre le probl\u00e8me que vous rencontrez avec le po\u00eale \u00e0 pellets Tectro TBH146 Slim !<\/p>\n<p><img loading=\"lazy\" decoding=\"async\" class=\"aligncenter size-full wp-image-7829\" src=\"https:\/\/www.elettrowebstore.com\/EWS_Store\/wp-content\/uploads\/2020\/04\/qlima-stufa-pellet-tectro-TBH146-Slim-4620-Watt-9.jpg\" alt=\"Qlima po\u00eale \u00e0 pellets Tectro TBH146 Slim 4620 Watt\" width=\"600\" height=\"800\" \/><\/p>\n<p>&nbsp;<\/p>\n<h2><strong>Quelles sont les caract\u00e9ristiques du po\u00eale \u00e0 pellets Qlima Tectro TBH146 Slim 4620 Watt ?<\/strong><\/h2>\n<p>Le<strong> po\u00eales \u00e0 granul\u00e9s<\/strong> s'est impos\u00e9e comme une solide <strong>alternative aux chaudi\u00e8res, po\u00eales et chemin\u00e9es \u00e0 bois au gaz naturel<\/strong> pour le chauffage domestique. Il existe plusieurs <strong>bonnes raisons de choisir les po\u00eales \u00e0 granul\u00e9s<\/strong>:<\/p>\n<ul>\n<li>ont une consommation inf\u00e9rieure \u00e0 celle des chaudi\u00e8res \u00e0 gaz naturel<\/li>\n<li>sont plus respectueux de l'environnement<\/li>\n<li>offrent une grande autonomie et une personnalisation de la consommation<\/li>\n<\/ul>\n<p>En revanche, malgr\u00e9 ces avantages, les po\u00eales \u00e0 granul\u00e9s n\u00e9cessitent un entretien p\u00e9riodique.<\/p>\n<p>Le po\u00eale \u00e0 pellets Qlima TECTRO TBH 146 Slim 4620 Watt a une fonction similaire \u00e0 celle des po\u00eales \u00e0 bois. <strong>Produit de l'air chaud en br\u00fblant des granul\u00e9s<\/strong>. Le po\u00eale est \u00e9quip\u00e9 d'un <strong>r\u00e9servoir<\/strong> dans lequel les granul\u00e9s \u00e0 consommer sont charg\u00e9s \u00e0 l'avance. Par l'interm\u00e9diaire d'un <strong>thermostat<\/strong>\u00a0l'heure d'allumage et l'heure d'extinction peuvent \u00eatre programm\u00e9es et la temp\u00e9rature peut \u00eatre r\u00e9gul\u00e9e. Il s'agit donc d'un syst\u00e8me de chauffage <strong>l'autonomie<\/strong>qui peut \u00eatre programm\u00e9e \u00e0 l'avance et qui chauffe progressivement la maison.<\/p>\n<p><img loading=\"lazy\" decoding=\"async\" class=\"aligncenter size-full wp-image-7828\" src=\"https:\/\/www.elettrowebstore.com\/EWS_Store\/wp-content\/uploads\/2020\/04\/qlima-stufa-pellet-tectro-TBH146-Slim-4620-Watt-5.jpg\" alt=\"Qlima po\u00eale \u00e0 pellets Tectro TBH146 Slim 4620 Watt\" width=\"600\" height=\"800\" \/><\/p>\n<p><img loading=\"lazy\" decoding=\"async\" class=\"aligncenter size-full wp-image-7833\" src=\"https:\/\/www.elettrowebstore.com\/EWS_Store\/wp-content\/uploads\/2020\/04\/qlima-stufa-pellet-tectro-TBH146-Slim-4620-Watt-6.jpg\" alt=\"Qlima po\u00eale \u00e0 pellets Tectro TBH146 Slim 4620 Watt\" width=\"600\" height=\"800\" \/><\/p>\n<p><img loading=\"lazy\" decoding=\"async\" class=\"aligncenter size-full wp-image-7832\" src=\"https:\/\/www.elettrowebstore.com\/EWS_Store\/wp-content\/uploads\/2020\/04\/qlima-stufa-pellet-tectro-TBH146-Slim-4620-Watt-7.jpg\" alt=\"Qlima po\u00eale \u00e0 pellets Tectro TBH146 Slim 4620 Watt\" width=\"600\" height=\"800\" \/><\/p>\n<p><img loading=\"lazy\" decoding=\"async\" class=\"aligncenter size-full wp-image-7826\" src=\"https:\/\/www.elettrowebstore.com\/EWS_Store\/wp-content\/uploads\/2020\/04\/qlima-stufa-pellet-tectro-TBH146-Slim-4620-Watt-8.jpg\" alt=\"Qlima po\u00eale \u00e0 pellets Tectro TBH146 Slim 4620 Watt\" width=\"600\" height=\"800\" \/><\/p>\n<h2><strong>Premi\u00e8re installation du po\u00eale \u00e0 granul\u00e9s<\/strong><\/h2>\n<p><span class=\"fontstyle0\">La <strong>premi\u00e8re mise en service<\/strong> du po\u00eale \u00e0 pellets Qlima TECTRO TBH 146 Slim 4620 Watt doit \u00eatre effectu\u00e9e par un professionnel. <strong>technicien agr\u00e9\u00e9<\/strong> pour effectuer cette t\u00e2che. Le po\u00eale doit \u00eatre r\u00e9gl\u00e9 lors de sa premi\u00e8re mise en service, afin d'obtenir la bonne proportion d'air par rapport au combustible dans chacun des cinq niveaux de combustion. La proportion correcte d\u00e9pend fortement de la chemin\u00e9e install\u00e9e et ne peut \u00eatre r\u00e9gl\u00e9e qu'apr\u00e8s l'installation du po\u00eale. Un rapport air\/combustible incorrect peut endommager gravement le po\u00eale et augmenter la consommation de combustible.<\/span><\/p>\n<p>Lors de l'installation du po\u00eale \u00e0 pellets Qlima TECTRO TBH 146 Slim 4620 Watt, le po\u00eale doit \u00eatre <strong>reli\u00e9e au syst\u00e8me \u00e9lectrique et \u00e0 une chemin\u00e9e<\/strong>qui assure l'\u00e9vacuation des fum\u00e9es produites par la combustion des granul\u00e9s. Le po\u00eale doit \u00e9galement \u00eatre raccord\u00e9 \u00e0 un <strong>l'admission d'air,<\/strong> qui sert \u00e0 \u00e9quilibrer sa consommation d'oxyg\u00e8ne.<\/p>\n<p><span class=\"fontstyle0\">Le po\u00eale est fabriqu\u00e9 en acier de haute qualit\u00e9 avec une couche protectrice. Au cours des premiers cycles d'allumage, la couche protectrice durcit et l'acier se tasse. Ce processus peut prendre un certain temps. Lors de la premi\u00e8re mise en service, il est normal qu'une odeur d\u00e9sagr\u00e9able se d\u00e9gage. Veillez \u00e0 a\u00e9rer longuement la pi\u00e8ce pendant cette p\u00e9riode.<\/span>.<\/p>\n<p>Pour plus d'informations techniques sur le produit, <a href=\"https:\/\/www.qlima.it\/product-media\/9987\/User%20Manual\/man_TBH146%20S-Line('18)%20V6.pdf?index=0\" target=\"_blank\" rel=\"noopener noreferrer\"><strong>t\u00e9l\u00e9charger le manuel officiel du fabricant \u00e0 partir de ce lien<\/strong><\/a>.<\/p>\n<p>&nbsp;<\/p>\n<p><strong>ATTENTION : LES PO\u00caLES SANS CHEMIN\u00c9E NE PEUVENT PAS \u00caTRE UTILIS\u00c9S DANS LES CHAMBRES \u00c0 COUCHER, LES SALLES DE BAINS, LES STUDIOS, LES SOUS-SOLS, LES CAMPING-CARS, LES CARAVANES ET LES PI\u00c8CES D'UN VOLUME INF\u00c9RIEUR \u00c0 15 M3. LES PO\u00caLES N\u00c9CESSITENT DES OUVERTURES PERMANENTES POUR LE RENOUVELLEMENT DE L'AIR.<br \/>\n<\/strong><\/p>\n<p>&nbsp;<\/p>\n<h2><strong>D\u00e9claration de conformit\u00e9 du produit<\/strong><\/h2>\n<p>Le po\u00eale \u00e0 pellets Qlima Tectro TBH146 est conforme \u00e0 toutes les r\u00e9glementations CE, gr\u00e2ce \u00e0 son marquage de conformit\u00e9, comme indiqu\u00e9 ci-dessous.<\/p>\n<p><img loading=\"lazy\" decoding=\"async\" class=\"aligncenter size-full wp-image-7834\" src=\"https:\/\/www.elettrowebstore.com\/EWS_Store\/wp-content\/uploads\/2020\/04\/qlima-stufa-pellet-tectro-TBH146-Slim-4620-Watt-4.jpg\" alt=\"Qlima po\u00eale \u00e0 pellets Tectro TBH146 Slim 4620 Watt\" width=\"600\" height=\"800\" \/><\/p>\n<p>&nbsp;<\/p>\n<h2><strong>\u00c0 propos de Qlima<\/strong><strong>?<\/strong><\/h2>\n<p><img loading=\"lazy\" decoding=\"async\" class=\"wp-image-7785 alignleft\" src=\"https:\/\/www.elettrowebstore.com\/EWS_Store\/wp-content\/uploads\/2020\/04\/Qlima-Stufa-A-Pellet-TECTRO-TBH-146-Slim-4620-Watt-04.jpg\" alt=\"Qlima TECTRO Po\u00eale \u00e0 granul\u00e9s TBH 146 Slim 4620 Watt\" width=\"162\" height=\"73\" srcset=\"https:\/\/www.elettrowebstore.com\/EWS_Store\/wp-content\/uploads\/Qlima-Stufa-A-Pellet-TECTRO-TBH-146-Slim-4620-Watt-04.jpg 811w, https:\/\/www.elettrowebstore.com\/EWS_Store\/wp-content\/uploads\/Qlima-Stufa-A-Pellet-TECTRO-TBH-146-Slim-4620-Watt-04-600x269.jpg 600w, https:\/\/www.elettrowebstore.com\/EWS_Store\/wp-content\/uploads\/Qlima-Stufa-A-Pellet-TECTRO-TBH-146-Slim-4620-Watt-04-768x345.jpg 768w\" sizes=\"auto, (max-width: 162px) 100vw, 162px\" \/><a href=\"https:\/\/www.qlima.it\/\"><strong>Qlima<\/strong><\/a> distribue depuis 30 ans dans toute l'Europe dans le secteur de la climatisation et du bien-\u00eatre. Depuis de nombreuses ann\u00e9es, Qlima est synonyme de service fiable et de produits fabriqu\u00e9s avec soin pour durer. Qlima propose une large gamme de produits pour la climatisation domestique : po\u00eales portables \u00e0 combustible liquide, combustibles, po\u00eales \u00e0 granul\u00e9s, climatiseurs, d\u00e9shumidificateurs, humidificateurs et produits de purification de l'air. Les produits Qlima contribuent \u00e0 cr\u00e9er un confort optimal dans chaque pi\u00e8ce : l'\u00e9quilibre parfait entre la temp\u00e9rature, l'humidit\u00e9 et la qualit\u00e9 de l'air.<\/p>\n<p>&nbsp;<\/p>\n<h2><strong>Garantie<\/strong><\/h2>\n<p>Le produit est couvert par <a href=\"https:\/\/www.elettrowebstore.com\/due-anni-di-garanzia-su-ogni-prodotto-acquistato\/\"><strong>garantie l\u00e9gale<\/strong><\/a>selon la page correspondante de notre site web, que nous vous invitons \u00e0 lire. Nous fournissons \u00e9galement des informations claires sur l'exercice du droit d'auteur. <a href=\"https:\/\/www.elettrowebstore.com\/diritto-di-recesso-restituzione-prodotti\/\"><strong>droit de r\u00e9tractation<\/strong><\/a>.<\/p>\n<p>Pour faciliter l'exercice de ce droit, le fabricant met \u00e0 disposition des centres d'assistance technique agr\u00e9\u00e9s dans tout le pays.<\/p>\n<p>De plus amples informations sur la l\u00e9gislation applicable sont disponibles sur le site web de l'Agence europ\u00e9enne des droits fondamentaux.<a href=\"http:\/\/www.agcm.it\/consumatore\/decalogo\/5102-garanzia-del-venditore-guida-per-il-consumatore.html\"><strong>Autorit\u00e9 de la concurrence et du march\u00e9<\/strong><\/a>.<\/p>\n<p>Afin d'am\u00e9liorer la qualit\u00e9 des produits, le fabricant se r\u00e9serve le droit de modifier les mat\u00e9riaux et les caract\u00e9ristiques techniques de l'article sans pr\u00e9avis.  En outre, les descriptions et les images donn\u00e9es ici sont donc indicatives et peuvent varier l\u00e9g\u00e8rement par rapport au produit final.<\/p>\n<p>&nbsp;<\/p>\n<h2><strong>D\u00e9lai de livraison<\/strong><\/h2>\n<p>Ce produit est toujours disponible pour une livraison imm\u00e9diate. En fait, il peut \u00eatre command\u00e9 imm\u00e9diatement et est exp\u00e9di\u00e9 par ElettroWebStore dans les 10 jours ouvrables \u00e0 compter de la date d'achat.<\/p>\n<p>En outre, tous les envois d'ElettroWebStore sont exempts de frais de transport !<\/p>\n<p><a href=\"https:\/\/www.elettrowebstore.com\/spedizioni-consegne-prodotti-italia-estero\/\"><img loading=\"lazy\" decoding=\"async\" class=\"aligncenter wp-image-5149 size-full\" src=\"https:\/\/www.elettrowebstore.com\/EWS_Store\/wp-content\/uploads\/2020\/04\/elettrowebstore-spedizione-con-corrieri-brt-sda-dhl_n75nxd.jpg\" alt=\"ElettroWebStore est livr\u00e9 par des transporteurs rapides BRT SDA DHL\" width=\"649\" height=\"175\" srcset=\"https:\/\/www.elettrowebstore.com\/EWS_Store\/wp-content\/uploads\/elettrowebstore-spedizione-con-corrieri-brt-sda-dhl_n75nxd.jpg 649w, https:\/\/www.elettrowebstore.com\/EWS_Store\/wp-content\/uploads\/elettrowebstore-spedizione-con-corrieri-brt-sda-dhl_n75nxd-600x162.jpg 600w\" sizes=\"auto, (max-width: 649px) 100vw, 649px\" \/><\/a><\/p>\n<p>&nbsp;<\/p>\n<h2><strong>Modes de paiement accept\u00e9s<\/strong><\/h2>\n<p><strong>Sur le site d'ElettroWebStore, vous pouvez payer avec toutes les m\u00e9thodes courantes<\/strong>\u00e0 la fois sp\u00e9cifiques \u00e0 Internet (telles que les cartes pr\u00e9pay\u00e9es) et traditionnelles (telles que les cartes de cr\u00e9dit classiques).<\/p>\n<p><a href=\"https:\/\/www.elettrowebstore.com\/pagamenti-sicuri-sul-sito-elettrowebstore\/\"><img loading=\"lazy\" decoding=\"async\" class=\"aligncenter size-full wp-image-5151\" src=\"https:\/\/www.elettrowebstore.com\/EWS_Store\/wp-content\/uploads\/2020\/04\/elettrowebstore-pagamenti_berj9q.jpg\" alt=\"Modes de paiement accept\u00e9s sur le site ElettroWebStore\" width=\"649\" height=\"226\" srcset=\"https:\/\/www.elettrowebstore.com\/EWS_Store\/wp-content\/uploads\/elettrowebstore-pagamenti_berj9q.jpg 649w, https:\/\/www.elettrowebstore.com\/EWS_Store\/wp-content\/uploads\/elettrowebstore-pagamenti_berj9q-600x209.jpg 600w\" sizes=\"auto, (max-width: 649px) 100vw, 649px\" \/><\/a><\/p>\n<p>&nbsp;<\/p>\n<p>Tous les paiements sont effectu\u00e9s par l'interm\u00e9diaire du <a href=\"https:\/\/www.paypal.com\/it\/webapps\/mpp\/paypal-safety-and-security\"><strong>Paypal<\/strong><\/a>. De plus, m\u00eame si vous n'avez pas Paypal, vous pouvez toujours payer sans vous inscrire et sans enregistrer vos donn\u00e9es d'identification. Il vous suffit d'entrer vos coordonn\u00e9es dans les pages Paypal.<\/p>\n<p>En aucun cas <a href=\"http:\/\/www.elettrowebstore.com\"><strong>ElettroWebStore<\/strong><\/a> g\u00e9rer les donn\u00e9es de votre carte de paiement ou en prendre connaissance. En effet, les <a href=\"http:\/\/www.elettrowebstore.com\"><strong>ElettroWebStore<\/strong><\/a> ne verra que si le paiement a \u00e9t\u00e9 effectu\u00e9 ou non !<\/p>\n<p>Notre site utilise les protocoles HTTPS, qui garantissent des normes de s\u00e9curit\u00e9 \u00e9lev\u00e9es pour les utilisateurs !<\/p>","protected":false},"excerpt":{"rendered":"<p>Le po\u00eale \u00e0 granul\u00e9s Qlima Tectro TBH146 Slim 4620 Watt 4,6 kW est un po\u00eale \u00e0 granul\u00e9s de bois. <strong>syst\u00e8me innovant, efficace et rentable pour la construction d'un syst\u00e8me de chauffage<\/strong>. <span class=\"fontstyle0\">En effet, le po\u00eale \u00e0 pellets Tectro de Qlima est construit avec des mat\u00e9riaux de premi\u00e8re qualit\u00e9 et dispose de dispositifs sp\u00e9ciaux qui permettent \u00e0 la chaleur de se propager uniform\u00e9ment et plus longtemps, ce qui se traduit par un excellent rendement calorifique<\/span>. Fabriqu\u00e9 en Italie ! <strong><span style=\"color: #ff0000\">Livraison gratuite !<\/span><\/strong><\/p>","protected":false},"featured_media":7831,"template":"","meta":[],"product_brand":[],"product_cat":[1073],"product_tag":[1111,701,1113,1114,1077,1075,1123,1129,1112],"class_list":{"0":"post-7752","1":"product","2":"type-product","3":"status-publish","4":"has-post-thumbnail","6":"product_cat-riscaldamento","7":"product_tag-4620-watt","8":"product_tag-made-in-italy","9":"product_tag-pellet","10":"product_tag-qlima","11":"product_tag-riscaldamento","12":"product_tag-stufa","13":"product_tag-tbh-146","14":"product_tag-tbh146","15":"product_tag-tectro","16":"product_shipping_class-pe10","18":"first","19":"outofstock","20":"sale","21":"taxable","22":"shipping-taxable","23":"purchasable","24":"product-type-simple"},"_links":{"self":[{"href":"https:\/\/www.elettrowebstore.com\/fr\/wp-json\/wp\/v2\/product\/7752","targetHints":{"allow":["GET"]}}],"collection":[{"href":"https:\/\/www.elettrowebstore.com\/fr\/wp-json\/wp\/v2\/product"}],"about":[{"href":"https:\/\/www.elettrowebstore.com\/fr\/wp-json\/wp\/v2\/types\/product"}],"wp:featuredmedia":[{"embeddable":true,"href":"https:\/\/www.elettrowebstore.com\/fr\/wp-json\/wp\/v2\/media\/7831"}],"wp:attachment":[{"href":"https:\/\/www.elettrowebstore.com\/fr\/wp-json\/wp\/v2\/media?parent=7752"}],"wp:term":[{"taxonomy":"product_brand","embeddable":true,"href":"https:\/\/www.elettrowebstore.com\/fr\/wp-json\/wp\/v2\/product_brand?post=7752"},{"taxonomy":"product_cat","embeddable":true,"href":"https:\/\/www.elettrowebstore.com\/fr\/wp-json\/wp\/v2\/product_cat?post=7752"},{"taxonomy":"product_tag","embeddable":true,"href":"https:\/\/www.elettrowebstore.com\/fr\/wp-json\/wp\/v2\/product_tag?post=7752"}],"curies":[{"name":"wp","href":"https:\/\/api.w.org\/{rel}","templated":true}]}}