{"id":7622,"date":"2019-10-03T06:51:02","date_gmt":"2019-10-03T04:51:02","guid":{"rendered":"https:\/\/www.elettrowebstore.com\/?post_type=product&#038;p=7622"},"modified":"2021-10-19T09:52:05","modified_gmt":"2021-10-19T07:52:05","slug":"sicar-stufa-infrarossi-gpl-euro90-grigia-4200-watt","status":"publish","type":"product","link":"https:\/\/www.elettrowebstore.com\/fr\/shop\/sicar-poele-lpg-infrarouge-euro90-gris-4200-watt\/","title":{"rendered":"Sicar chauffage infrarouge GPL EURO90 gris 4200 Watt - OFFRE DE DERNI\u00c8RE MINUTE"},"content":{"rendered":"<h2><strong>Sicar chauffage infrarouge GPL EURO90 gris 4200 Watt<\/strong><\/h2>\n<h2><strong><span style=\"color: #ed1c24;\">OFFRE ! DERNI\u00c8RE PI\u00c8CE DISPONIBLE !<\/span><br \/>\n<\/strong><\/h2>\n<p>Sicar po\u00eale GPL infrarouge EURO90 gris 4200 watts <strong>produit enti\u00e8rement en Italie<\/strong>. En effet, la production italienne garantit la qualit\u00e9 des mat\u00e9riaux utilis\u00e9s, d'excellentes performances thermiques et un contact s\u00fbr avec le gaz. Par cons\u00e9quent, dans l'ensemble, le produit Sicar est synonyme de la plus haute qualit\u00e9 100% made in Italy.<\/p>\n<p><span style=\"color: #ed1c24;\"><strong>ATTENTION : PO\u00caLE DESTIN\u00c9 EXCLUSIVEMENT AU MARCH\u00c9 ITALIEN ! IL N'EST DONC PAS POSSIBLE D'EXP\u00c9DIER LE PRODUIT \u00c0 L'\u00c9TRANGER !<\/strong><\/span><\/p>\n<p>&nbsp;<\/p>\n<p><img loading=\"lazy\" decoding=\"async\" class=\"size-large wp-image-7683 aligncenter\" src=\"https:\/\/res.cloudinary.com\/dl3yepmtd\/images\/w_600,h_800,c_scale\/v1610990651\/SICEURO90\/sicar-euro90-euro-90-grigia-stufa-catalitica-4200-watt-riscaldamento-ruote-portabombola-04\/sicar-euro90-euro-90-grigia-stufa-catalitica-4200-watt-riscaldamento-ruote-portabombola-04.jpg\" alt=\"Sicar chauffage infrarouge GPL EURO90 gris 4200 Watt\" width=\"600\" height=\"800\" \/><\/p>\n<p><img loading=\"lazy\" decoding=\"async\" class=\"aligncenter size-full wp-image-7623\" src=\"https:\/\/res.cloudinary.com\/dl3yepmtd\/images\/w_600,h_800,c_scale\/v1610969297\/sicar-euro90-euro-90-grigia-stufa-catalitica-4200-watt-riscaldamento-ruote-portabombola\/sicar-euro90-euro-90-grigia-stufa-catalitica-4200-watt-riscaldamento-ruote-portabombola.jpg\" alt=\"Sicar chauffage infrarouge LPG EURO90 gris 4200 W\" width=\"600\" height=\"800\" \/><\/p>\n<p>&nbsp;<\/p>\n<h2><strong>Caract\u00e9ristiques du produit<\/strong><\/h2>\n<ul>\n<li>Br\u00fbleur infrarouge 3 carreaux de c\u00e9ramique<\/li>\n<li>R\u00e9glage de la puissance sur 3 niveaux (tuile simple\/double tuile\/double tuile ensemble)<\/li>\n<li>Rev\u00eatement \u00e9poxy anti-rayures<\/li>\n<li>Couvercle r\u00e9sistant \u00e0 la chaleur et auto-extinguible (UL94HB)<\/li>\n<li>Allumage pi\u00e9zo-\u00e9lectrique<\/li>\n<li>15 kg compartiment \u00e0 bouteilles.<\/li>\n<li>Roulettes pivotantes<\/li>\n<li>Robinet \u00e0 soupape<\/li>\n<li>Gaz d'arr\u00eat \u00e0 double s\u00e9curit\u00e9 avec analyseur d'atmosph\u00e8re<\/li>\n<li>Kit de raccordement bouteille-po\u00eale inclus dans l'emballage (r\u00e9gulateur de pression, tuyau en caoutchouc de 0,50 m et 2 colliers de serrage)<\/li>\n<li>Couleurs disponibles mod\u00e8le Euro 90 : gris, bleu, vert, rouge, jaune, blanc<\/li>\n<li>Po\u00eale marqu\u00e9 CE<\/li>\n<li>Produit enti\u00e8rement en Italie<\/li>\n<\/ul>\n<p><img loading=\"lazy\" decoding=\"async\" class=\"aligncenter size-full wp-image-7624\" src=\"https:\/\/res.cloudinary.com\/dl3yepmtd\/images\/w_600,h_800,c_scale\/v1610990649\/sicar-euro90-euro-90-stufa-catalitica-4200-watt-riscaldamento-ruote-portabombola-certificazione\/sicar-euro90-euro-90-stufa-catalitica-4200-watt-riscaldamento-ruote-portabombola-certificazione.jpg\" alt=\"Sicar chauffage infrarouge LPG EURO90 gris 4200 W Certificat de conformit\u00e9\" width=\"600\" height=\"800\" \/><\/p>\n<h2><strong>Caract\u00e9ristiques techniques :<\/strong><\/h2>\n<ul>\n<li>Pression de travail : 28-30 mbar<\/li>\n<li>Consommation horaire : 305 grammes par heure<\/li>\n<li>Volume maximum chauffable : 110 m\u00e8tres cubes (soit l'\u00e9quivalent d'une pi\u00e8ce de 35 \u00e0 40 m\u00e8tres carr\u00e9s)<\/li>\n<li>Dimensions (profondeur x hauteur x largeur) : 405x445x770 mm<\/li>\n<li>Poids net : 12,5 kg<\/li>\n<li>Puissance calorifique : 4 200 watts<\/li>\n<\/ul>\n<p>&nbsp;<\/p>\n<h2><strong>Quelles sont les caract\u00e9ristiques du po\u00eale GPL infrarouge Sicar EURO90 gris 4200 Watt ?<\/strong><\/h2>\n<p>Le chauffage infrarouge Sicar LPG EURO90 gris 4200 Watt est un syst\u00e8me de chauffage <strong>produit enti\u00e8rement en Italie<\/strong> avec des mat\u00e9riaux et une fabrication italiens, par une entreprise italienne ! C'est tr\u00e8s important car cet article est en contact avec le gaz et est utilis\u00e9 pour le chauffage en hiver ! En effet <strong>il est imp\u00e9ratif que le contact avec le gaz soit sans danger<\/strong>qu'il n'y a pas de fuite dans l'environnement et que les mat\u00e9riaux utilis\u00e9s pour la fabrication du po\u00eale sont appropri\u00e9s.<strong><br \/>\n<\/strong><\/p>\n<p>La production italienne garantit que les<strong> les feuilles et les composants sont tous certifi\u00e9s pour une utilisation dans un syst\u00e8me de chauffage<\/strong> et sont de qualit\u00e9. En outre, cela garantit qu'ils sont<strong> pi\u00e8ces de rechange disponibles<\/strong> et les centres d'assistance technique du territoire en cas de probl\u00e8me. En outre, ce produit est <strong>plus robustes que les produits import\u00e9s<\/strong>. Cela garantit une plus grande durabilit\u00e9 et une am\u00e9lioration des performances et du confort au fil du temps.<\/p>\n<p>Le <strong>peinture<\/strong> sont r\u00e9alis\u00e9es dans le respect des r\u00e9glementations en vigueur. Gr\u00e2ce \u00e0 cette recherche de mat\u00e9riaux de qualit\u00e9, le produit ne d\u00e9gage pas d'odeurs d\u00e9sagr\u00e9ables dues aux r\u00e9actions chimiques entre la peinture et le gaz.<\/p>\n<p>Les <strong>double syst\u00e8me d'arr\u00eat de gaz<\/strong>Il est \u00e9galement con\u00e7u et fabriqu\u00e9 en Italie. Cela permet de contr\u00f4ler l'extinction des flammes et les fuites de dioxyde de carbone.<\/p>\n<p>Les <strong>groupe radieux<\/strong> de ce chauffage infrarouge se compose de plusieurs plaques en c\u00e9ramique, capables de d\u00e9livrer diff\u00e9rentes puissances de chaleur. L'\u00e9nergie infrarouge ne chauffe pas l'air mais seulement les surfaces, ce qui permet de r\u00e9duire la consommation.<\/p>\n<p>Le po\u00eale SICAR EURO 90 est <strong>Marquage CE<\/strong> et produit en Italie au si\u00e8ge de SICAR.<\/p>\n<p><img loading=\"lazy\" decoding=\"async\" class=\"size-large wp-image-7689 aligncenter\" src=\"https:\/\/res.cloudinary.com\/dl3yepmtd\/images\/w_800,h_539,c_scale\/v1610990654\/sicar-euro90-euro-90-grigia-stufa-catalitica-4200-watt-riscaldamento-ruote-portabombola-10\/sicar-euro90-euro-90-grigia-stufa-catalitica-4200-watt-riscaldamento-ruote-portabombola-10.jpg\" alt=\"Sicar chauffage infrarouge GPL EURO90 gris 4200 Watt\" width=\"800\" height=\"539\" srcset=\"https:\/\/www.elettrowebstore.com\/EWS_Store\/wp-content\/uploads\/sicar-euro90-euro-90-grigia-stufa-catalitica-4200-watt-riscaldamento-ruote-portabombola-10.jpg 800w, https:\/\/www.elettrowebstore.com\/EWS_Store\/wp-content\/uploads\/sicar-euro90-euro-90-grigia-stufa-catalitica-4200-watt-riscaldamento-ruote-portabombola-10-600x404.jpg 600w, https:\/\/www.elettrowebstore.com\/EWS_Store\/wp-content\/uploads\/sicar-euro90-euro-90-grigia-stufa-catalitica-4200-watt-riscaldamento-ruote-portabombola-10-768x517.jpg 768w\" sizes=\"auto, (max-width: 800px) 100vw, 800px\" \/><\/p>\n<h2><strong>Quelles sont les conditions d'installation d'un po\u00eale cylindrique ?<\/strong><\/h2>\n<p>Il convient d'\u00eatre extr\u00eamement prudent en cas d'installation de po\u00eales sans conduit de fum\u00e9e. En effet, le r\u00f4le de la chemin\u00e9e est de permettre l'\u00e9vacuation des gaz produits par le po\u00eale pendant son fonctionnement.<\/p>\n<p>La <strong>Le po\u00eale SICAR n'est pas \u00e9quip\u00e9 d'une chemin\u00e9e.<\/strong>. Il est donc n\u00e9cessaire que le lieu o\u00f9 il est install\u00e9 dispose d'ouvertures permanentes pour le renouvellement de l'air. Il n'est donc pas adapt\u00e9 pour servir de syst\u00e8me de chauffage principal du lieu o\u00f9 il est install\u00e9.<\/p>\n<p><strong>Il n'est pas recommand\u00e9 d'installer le po\u00eale dans des pi\u00e8ces telles que les chambres \u00e0 coucher, les salles de bains, les studios, les sous-sols, les camping-cars, les caravanes, etc.<\/strong>. En outre, il n'est pas recommand\u00e9 d'installer le po\u00eale \u00e0 r\u00e9servoir dans des pi\u00e8ces dont la surface est inf\u00e9rieure \u00e0 15 m\u00e8tres cubes.<\/p>\n<p>Enfin, n'oubliez pas que le <strong>Le GPL est un gaz plus lourd que l'air<\/strong>. Par cons\u00e9quent, dans les pi\u00e8ces ferm\u00e9es sans ventilation, elle a tendance \u00e0 stagner au fond et \u00e0 saturer l'air.<strong><br \/>\n<\/strong><\/p>\n<p>&nbsp;<\/p>\n<h2><strong>Que signifie le fait que le po\u00eale Sicar EURO 90 dispose d'une double protection contre les fuites de gaz ?<\/strong><\/h2>\n<p>Ce produit est \u00e9quip\u00e9 d'un double syst\u00e8me de contr\u00f4le des gaz afin de garantir la s\u00e9curit\u00e9 des utilisateurs. En particulier, le<strong>Le po\u00eale s'\u00e9teint automatiquement si une teneur en dioxyde de carbone de 1,5% ou plus est d\u00e9tect\u00e9e.<\/strong>. Le po\u00eale peut ainsi d\u00e9tecter des fum\u00e9es qui peuvent \u00eatre extr\u00eamement dangereuses pour la s\u00e9curit\u00e9 des utilisateurs.<\/p>\n<p>En outre, le produit interrompt automatiquement l'alimentation en gaz en cas d'arr\u00eat accidentel du po\u00eale. En effet, en cas d'arr\u00eat accidentel, dans un po\u00eale normal, l'alimentation en gaz se poursuivrait. Dans ce r\u00e9chaud Sicar, en revanche, le gaz continue d'\u00eatre fourni.<strong>l'alimentation en gaz est imm\u00e9diatement interrompue en cas d'arr\u00eat de l'installation<\/strong>.<\/p>\n<p>En effet, le po\u00eale Sicar est <strong>\u00e9quip\u00e9 d'un analyseur d'atmosph\u00e8re<\/strong> qui permet de contr\u00f4ler les param\u00e8tres susmentionn\u00e9s.<\/p>\n<p>&nbsp;<\/p>\n<h2><strong>Que signifie chauffage infrarouge ?<\/strong><\/h2>\n<p>La <strong>chauffage infrarouge<\/strong> est un produit qui utilise la technologie infrarouge pour chauffer la pi\u00e8ce dans laquelle il est install\u00e9. Cette technologie a la particularit\u00e9 d'\u00eatre plus efficace que les chauffages ordinaires et de ne pas d\u00e9placer l'air (et la poussi\u00e8re). En cons\u00e9quence <strong>le niveau de confort atteint avec ce type de po\u00eale est plus \u00e9lev\u00e9 qu'avec d'autres syst\u00e8mes de chauffage par rayonnement<\/strong>.<\/p>\n<p>Il a \u00e9t\u00e9 mesur\u00e9 que <strong>les chauffages infrarouges peuvent g\u00e9n\u00e9rer jusqu'\u00e0 96% de chaleur \u00e0 partir de l'\u00e9nergie absorb\u00e9e<\/strong>. Ils sont donc particuli\u00e8rement efficaces. En effet, un po\u00eale conventionnel a un rendement moyen de seulement 50%.<\/p>\n<p>En outre, le rayonnement infrarouge \u00e9mis par ce po\u00eale <strong>suivent le m\u00eame principe que celles \u00e9mises par le soleil<\/strong>. Ils chauffent donc en traversant l'air mais sans le d\u00e9placer. Les radiateurs, en revanche, g\u00e9n\u00e8rent des mouvements de convection de l'air qui, en se r\u00e9chauffant, monte et laisse descendre l'air plus frais de la pi\u00e8ce. En fait, ce type de po\u00eale g\u00e9n\u00e8re une <strong>une agr\u00e9able sensation de chaleur<\/strong> lorsqu'ils rencontrent le flux chauff\u00e9 par eux et <strong>ne pas ass\u00e9cher l'air et ne pas soulever de poussi\u00e8re<\/strong>.<\/p>\n<p>Cette m\u00eame technologie <strong>ne g\u00e9n\u00e8re pas de probl\u00e8mes de sant\u00e9<\/strong>. En fait, il est \u00e9galement utilis\u00e9 pour chauffer les saunas !<\/p>\n<p>Les po\u00eales \u00e0 infrarouge chauffent un peu comme le soleil, c'est-\u00e0-dire par rayonnement. Comme l'air n'est pas brass\u00e9 par des ventilateurs, ils consomment beaucoup moins d'\u00e9nergie que les po\u00eales conventionnels.<\/p>\n<p>&nbsp;<\/p>\n<h2><strong><img loading=\"lazy\" decoding=\"async\" class=\"size-full wp-image-7625 alignleft\" src=\"https:\/\/res.cloudinary.com\/dl3yepmtd\/images\/w_242,h_107,c_scale\/v1610987812\/SICEURO90\/Sicar-stufe-infrarossi-catalitiche-riscaldamento-logo\/Sicar-stufe-infrarossi-catalitiche-riscaldamento-logo.jpg\" alt=\"\" width=\"242\" height=\"107\" \/>Qui est Sicar ?<\/strong><\/h2>\n<p><strong><a href=\"http:\/\/www.sicarsrl.it\/\">S<\/a><\/strong><strong><a href=\"http:\/\/www.sicarsrl.it\/\">icar<\/a><\/strong> est une entreprise italienne 100%, fond\u00e9e en 1981. Tous les produits Sicar sont fabriqu\u00e9s en Italie, avec des composants italiens, dans l'usine de Guastalla, dans la province de Reggio Emilia. Dans cette usine, l'entreprise produit et propose une vaste gamme de po\u00eales catalytiques et infrarouges, cylindriques et muraux, ventil\u00e9s, \u00e9lectriques en st\u00e9atite ou en quartz, et de convecteurs. La marque Sicar s'est impos\u00e9e au fil du temps gr\u00e2ce \u00e0 la qualit\u00e9 de ses produits et \u00e0 un service de qualit\u00e9. <a href=\"http:\/\/www.sicarsrl.it\/assistenza.php\"><strong>service national d'assistance technique<\/strong><\/a>.<\/p>\n<p>&nbsp;<\/p>\n<h2><strong>Garantie<\/strong><\/h2>\n<p>Le produit est couvert par <a href=\"https:\/\/www.elettrowebstore.com\/due-anni-di-garanzia-su-ogni-prodotto-acquistato\/\"><strong>garantie l\u00e9gale<\/strong><\/a>selon la page correspondante de notre site web, que nous vous invitons \u00e0 lire. Nous fournissons \u00e9galement des informations claires sur l'exercice du droit d'auteur. <a href=\"https:\/\/www.elettrowebstore.com\/diritto-di-recesso-restituzione-prodotti\/\"><strong>droit de r\u00e9tractation<\/strong><\/a>.<\/p>\n<p>Pour faciliter l'exercice de ce droit, le fabricant met \u00e0 disposition des centres d'assistance technique agr\u00e9\u00e9s dans tout le pays.<\/p>\n<p>De plus amples informations sur la l\u00e9gislation applicable sont disponibles sur le site web de l'Agence europ\u00e9enne des droits fondamentaux.<a href=\"http:\/\/www.agcm.it\/consumatore\/decalogo\/5102-garanzia-del-venditore-guida-per-il-consumatore.html\"><strong>Autorit\u00e9 de la concurrence et du march\u00e9<\/strong><\/a>.<\/p>\n<p>Afin d'am\u00e9liorer la qualit\u00e9 des produits, le fabricant se r\u00e9serve le droit de modifier les mat\u00e9riaux et les caract\u00e9ristiques techniques de l'article sans pr\u00e9avis.  En outre, les descriptions et les images donn\u00e9es ici sont donc indicatives et peuvent varier l\u00e9g\u00e8rement par rapport au produit final.<\/p>\n<p>&nbsp;<\/p>\n<h2><strong>D\u00e9lai de livraison<\/strong><\/h2>\n<p>Ce produit est toujours disponible pour une livraison imm\u00e9diate. En fait, il peut \u00eatre command\u00e9 imm\u00e9diatement et est exp\u00e9di\u00e9 par ElettroWebStore dans les 2 jours ouvrables suivant la date d'achat.<\/p>\n<p>En outre, tous les envois d'ElettroWebStore sont exempts de frais de transport !<\/p>\n<p><a href=\"https:\/\/www.elettrowebstore.com\/spedizioni-consegne-prodotti-italia-estero\/\"><img loading=\"lazy\" decoding=\"async\" class=\"aligncenter wp-image-5149 size-full\" src=\"https:\/\/www.elettrowebstore.com\/EWS_Store\/wp-content\/uploads\/2020\/04\/elettrowebstore-spedizione-con-corrieri-brt-sda-dhl_n75nxd.jpg\" alt=\"ElettroWebStore est livr\u00e9 par des transporteurs rapides BRT SDA DHL\" width=\"649\" height=\"175\" srcset=\"https:\/\/www.elettrowebstore.com\/EWS_Store\/wp-content\/uploads\/elettrowebstore-spedizione-con-corrieri-brt-sda-dhl_n75nxd.jpg 649w, https:\/\/www.elettrowebstore.com\/EWS_Store\/wp-content\/uploads\/elettrowebstore-spedizione-con-corrieri-brt-sda-dhl_n75nxd-600x162.jpg 600w\" sizes=\"auto, (max-width: 649px) 100vw, 649px\" \/><\/a><\/p>\n<p>&nbsp;<\/p>\n<h2><strong>Modes de paiement accept\u00e9s<\/strong><\/h2>\n<p><strong>Sur le site d'ElettroWebStore, vous pouvez payer avec toutes les m\u00e9thodes courantes<\/strong>\u00e0 la fois sp\u00e9cifiques \u00e0 Internet (telles que les cartes pr\u00e9pay\u00e9es) et traditionnelles (telles que les cartes de cr\u00e9dit classiques).<\/p>\n<p><a href=\"https:\/\/www.elettrowebstore.com\/pagamenti-sicuri-sul-sito-elettrowebstore\/\"><img loading=\"lazy\" decoding=\"async\" class=\"aligncenter size-full wp-image-5151\" src=\"https:\/\/www.elettrowebstore.com\/EWS_Store\/wp-content\/uploads\/2020\/04\/elettrowebstore-pagamenti_berj9q.jpg\" alt=\"Modes de paiement accept\u00e9s sur le site ElettroWebStore\" width=\"649\" height=\"226\" srcset=\"https:\/\/www.elettrowebstore.com\/EWS_Store\/wp-content\/uploads\/elettrowebstore-pagamenti_berj9q.jpg 649w, https:\/\/www.elettrowebstore.com\/EWS_Store\/wp-content\/uploads\/elettrowebstore-pagamenti_berj9q-600x209.jpg 600w\" sizes=\"auto, (max-width: 649px) 100vw, 649px\" \/><\/a><\/p>\n<p>&nbsp;<\/p>\n<p>Tous les paiements sont effectu\u00e9s par l'interm\u00e9diaire du <a href=\"https:\/\/www.paypal.com\/it\/webapps\/mpp\/paypal-safety-and-security\"><strong>Paypal<\/strong><\/a>. De plus, m\u00eame si vous n'avez pas Paypal, vous pouvez toujours payer sans vous inscrire et sans enregistrer vos donn\u00e9es d'identification. Il vous suffit d'entrer vos coordonn\u00e9es dans les pages Paypal.<\/p>\n<p>En aucun cas <a href=\"http:\/\/www.elettrowebstore.com\"><strong>ElettroWebStore<\/strong><\/a> g\u00e9rer les donn\u00e9es de votre carte de paiement ou en prendre connaissance. En effet, les <a href=\"http:\/\/www.elettrowebstore.com\"><strong>ElettroWebStore<\/strong><\/a> ne verra que si le paiement a \u00e9t\u00e9 effectu\u00e9 ou non !<\/p>\n<p>Notre site utilise les protocoles HTTPS, qui garantissent des normes de s\u00e9curit\u00e9 \u00e9lev\u00e9es pour les utilisateurs !<\/p>","protected":false},"excerpt":{"rendered":"<p>Chauffage infrarouge Sicar GPL EURO 90 gris 4200 W. <strong><span style=\"color: #ff0000;\">Livraison gratuite !<\/span><\/strong><\/p>","protected":false},"featured_media":7623,"template":"","meta":[],"product_brand":[],"product_cat":[1073],"product_tag":[1083,1078,1082,1081,433,1085,1084,1077,1079,1075],"class_list":{"0":"post-7622","1":"product","2":"type-product","3":"status-publish","4":"has-post-thumbnail","6":"product_cat-riscaldamento","7":"product_tag-4200-watt","8":"product_tag-doppia-sicurezza","9":"product_tag-euro-90","10":"product_tag-euro90","11":"product_tag-gpl","12":"product_tag-porta-bombola","13":"product_tag-portabombola","14":"product_tag-riscaldamento","15":"product_tag-sicar","16":"product_tag-stufa","17":"product_shipping_class-pe","19":"first","20":"outofstock","21":"sale","22":"taxable","23":"shipping-taxable","24":"purchasable","25":"product-type-simple"},"_links":{"self":[{"href":"https:\/\/www.elettrowebstore.com\/fr\/wp-json\/wp\/v2\/product\/7622","targetHints":{"allow":["GET"]}}],"collection":[{"href":"https:\/\/www.elettrowebstore.com\/fr\/wp-json\/wp\/v2\/product"}],"about":[{"href":"https:\/\/www.elettrowebstore.com\/fr\/wp-json\/wp\/v2\/types\/product"}],"wp:featuredmedia":[{"embeddable":true,"href":"https:\/\/www.elettrowebstore.com\/fr\/wp-json\/wp\/v2\/media\/7623"}],"wp:attachment":[{"href":"https:\/\/www.elettrowebstore.com\/fr\/wp-json\/wp\/v2\/media?parent=7622"}],"wp:term":[{"taxonomy":"product_brand","embeddable":true,"href":"https:\/\/www.elettrowebstore.com\/fr\/wp-json\/wp\/v2\/product_brand?post=7622"},{"taxonomy":"product_cat","embeddable":true,"href":"https:\/\/www.elettrowebstore.com\/fr\/wp-json\/wp\/v2\/product_cat?post=7622"},{"taxonomy":"product_tag","embeddable":true,"href":"https:\/\/www.elettrowebstore.com\/fr\/wp-json\/wp\/v2\/product_tag?post=7622"}],"curies":[{"name":"wp","href":"https:\/\/api.w.org\/{rel}","templated":true}]}}