{"id":7616,"date":"2019-10-02T16:28:30","date_gmt":"2019-10-02T14:28:30","guid":{"rendered":"https:\/\/www.elettrowebstore.com\/?post_type=product&#038;p=7616"},"modified":"2021-02-01T10:18:14","modified_gmt":"2021-02-01T09:18:14","slug":"sicar-stufa-catalitica-gpl-euro80-grigia-2500-watt","status":"publish","type":"product","link":"https:\/\/www.elettrowebstore.com\/fr\/shop\/sicar-lpg-catalytic-stove-euro80-grey-2500-watts\/","title":{"rendered":"Sicar Catalyst Po\u00eale GPL EURO80 Gris 2500 Watt"},"content":{"rendered":"<h2><strong>Sicar Catalyst Po\u00eale GPL EURO80 Gris 2500 Watt<\/strong><\/h2>\n<p>Sicar Grey EURO80 LPG Catalytic Stove 2500 Watt est l'un des po\u00eales les plus performants au monde. <strong>les meilleurs produits actuellement disponibles sur le march\u00e9 dans le domaine des cuisini\u00e8res \u00e0 gaz et \u00e9lectriques<\/strong>. Ce po\u00eale est enti\u00e8rement fabriqu\u00e9 en Italie, avec des composants italiens, ce qui garantit un produit de la plus haute qualit\u00e9.<span class=\"fontstyle0\">. <\/span><\/p>\n<p>Le po\u00eale est \u00e9quip\u00e9 d'un compartiment \u00e0 bouteilles de 15 kg, de roues pivotantes et d'un robinet \u00e0 double s\u00e9curit\u00e9 \"gas stop\", dot\u00e9 d'un analyseur d'atmosph\u00e8re qui intervient en arr\u00eatant automatiquement le po\u00eale si le pourcentage de dioxyde de carbone d\u00e9tect\u00e9 atteint 1,5%, ou en coupant automatiquement l'alimentation en gaz en cas d'arr\u00eat accidentel.<\/p>\n<p>Le po\u00eale LPG Sicar Catalyst EURO80 gris 2500 Watt offre 3 positions de chauffe (min\/med\/max) et n'est disponible qu'en gris fonc\u00e9, avec une finition mate et une peinture \u00e9poxy r\u00e9sistante aux rayures.<\/p>\n<p><span style=\"color: #ed1c24;\"><strong>ATTENTION : PO\u00caLE DESTIN\u00c9 EXCLUSIVEMENT AU MARCH\u00c9 ITALIEN ! IL N'EST DONC PAS POSSIBLE D'EXP\u00c9DIER LE PRODUIT \u00c0 L'\u00c9TRANGER ! EXP\u00c9DITION EN 10\/15 JOURS OUVRABLES !<br \/>\n<\/strong><\/span><\/p>\n<p><img loading=\"lazy\" decoding=\"async\" class=\"size-large wp-image-7702 aligncenter\" src=\"https:\/\/res.cloudinary.com\/dl3yepmtd\/images\/w_600,h_652,c_scale\/v1610996480\/SICEURO80\/Sicar-Stufa-Catalitica-GPL-EURO80-2500-Watt-10\/Sicar-Stufa-Catalitica-GPL-EURO80-2500-Watt-10.jpg\" alt=\"Sicar Catalyst Po\u00eale GPL EURO80 Gris 2500 Watt\" width=\"600\" height=\"652\" \/><\/p>\n<p>&nbsp;<\/p>\n<p><img loading=\"lazy\" decoding=\"async\" class=\"size-full wp-image-7629 aligncenter\" src=\"https:\/\/res.cloudinary.com\/dl3yepmtd\/images\/w_600,h_800,c_scale\/v1610996480\/Sicar-Stufa-Catalitica-GPL-EURO80-2500-Watt-01\/Sicar-Stufa-Catalitica-GPL-EURO80-2500-Watt-01.jpg\" alt=\"Sicar LPG Catalytic Stove EURO80 2500 Watt\" width=\"600\" height=\"800\" \/><\/p>\n<p>&nbsp;<\/p>\n<h2><strong>Caract\u00e9ristiques du produit<\/strong><\/h2>\n<ul>\n<li><span class=\"fontstyle0\">Panneau catalytique<\/span><\/li>\n<li><span class=\"fontstyle0\">3 positions de chauffage (min\/med\/max)<\/span><\/li>\n<li><span class=\"fontstyle0\">Allumage pi\u00e9zo-\u00e9lectrique<\/span><\/li>\n<li>Type de carburant : GPL<\/li>\n<li>Puissance (W) : 2500<\/li>\n<li>Volume chauffable : 75 m3<\/li>\n<li>Pression de fonctionnement (mbar) : 28-30<\/li>\n<li>Consommation horaire (gr\/h) : 181<\/li>\n<li><span class=\"fontstyle0\">15 kg compartiment \u00e0 bouteilles.<\/span><\/li>\n<li><span class=\"fontstyle0\">Roulettes pivotantes<\/span><\/li>\n<li><span class=\"fontstyle0\">Robinet \u00e0 soupape<\/span><\/li>\n<li><span class=\"fontstyle0\">Gaz d'arr\u00eat \u00e0 double s\u00e9curit\u00e9 avec analyseur d'atmosph\u00e8re<\/span> (<span class=\"fontstyle0\">intervient en \u00e9teignant automatiquement le po\u00eale si le pourcentage de dioxyde de carbone atteint 1,5% ; interrompt automatiquement l'alimentation en gaz en cas d'arr\u00eat accidentel).<\/span><\/li>\n<li><span class=\"fontstyle0\">Kit de raccordement bouteille-po\u00eale inclus dans l'emballage (r\u00e9gulateur de pression, tuyau en caoutchouc de 0,50 m et 2 colliers de serrage)<\/span><\/li>\n<li><span class=\"fontstyle0\">Couleur : gris fonc\u00e9<\/span><\/li>\n<li>Rev\u00eatement \u00e9poxy anti-rayures<\/li>\n<li>Poids : 13 kg.<\/li>\n<li>Dimensions de l'article assembl\u00e9 : 405x410x770 mm.<\/li>\n<li>Po\u00eale marqu\u00e9 CE<\/li>\n<li>Produit enti\u00e8rement en Italie<\/li>\n<\/ul>\n<p>&nbsp;<\/p>\n<p><img loading=\"lazy\" decoding=\"async\" class=\"size-full wp-image-7630 aligncenter\" src=\"https:\/\/res.cloudinary.com\/dl3yepmtd\/images\/w_600,h_800,c_scale\/v1610996476\/Sicar-Stufa-Catalitica-GPL-EURO80-2500-Watt-02\/Sicar-Stufa-Catalitica-GPL-EURO80-2500-Watt-02.jpg\" alt=\"Sicar LPG Catalytic Stove EURO80 2500 Watt\" width=\"600\" height=\"800\" \/><\/p>\n<p><img loading=\"lazy\" decoding=\"async\" class=\"size-large wp-image-7697 aligncenter\" src=\"https:\/\/res.cloudinary.com\/dl3yepmtd\/images\/w_600,h_800,c_scale\/v1610969312\/Sicar-Stufa-Catalitica-GPL-EURO80-2500-Watt-04\/Sicar-Stufa-Catalitica-GPL-EURO80-2500-Watt-04.jpg\" alt=\"Sicar Catalyst Po\u00eale GPL EURO80 Gris 2500 Watt\" width=\"600\" height=\"800\" \/><\/p>\n<p><img loading=\"lazy\" decoding=\"async\" class=\"size-large wp-image-7703 aligncenter\" src=\"https:\/\/res.cloudinary.com\/dl3yepmtd\/images\/w_800,h_600,c_scale\/v1610996478\/SICEURO80\/Sicar-Stufa-Catalitica-GPL-EURO80-2500-Watt-11\/Sicar-Stufa-Catalitica-GPL-EURO80-2500-Watt-11.jpg\" alt=\"Sicar Catalyst Po\u00eale GPL EURO80 Gris 2500 Watt\" width=\"800\" height=\"600\" srcset=\"https:\/\/www.elettrowebstore.com\/EWS_Store\/wp-content\/uploads\/Sicar-Stufa-Catalitica-GPL-EURO80-2500-Watt-11.jpg 800w, https:\/\/www.elettrowebstore.com\/EWS_Store\/wp-content\/uploads\/Sicar-Stufa-Catalitica-GPL-EURO80-2500-Watt-11-600x450.jpg 600w, https:\/\/www.elettrowebstore.com\/EWS_Store\/wp-content\/uploads\/Sicar-Stufa-Catalitica-GPL-EURO80-2500-Watt-11-768x576.jpg 768w\" sizes=\"auto, (max-width: 800px) 100vw, 800px\" \/><\/p>\n<h2><strong>Quelles sont les caract\u00e9ristiques de la\u00a0<\/strong><strong>Sicar Catalyst Po\u00eale GPL EURO80 Gris 2500 Watt<\/strong><\/h2>\n<p>Le po\u00eale Sicar Catalyst GPL EURO80 gris 2500 Watt est \u00e9quip\u00e9 d'un panneau catalytique capable de fournir diff\u00e9rentes puissances de chaleur. Ce po\u00eale est enti\u00e8rement produit en Italie, avec des composants italiens, garantissant un produit de la plus haute qualit\u00e9.<span class=\"fontstyle0\">. En outre, il est certifi\u00e9 CE.<br \/>\n<\/span><\/p>\n<p>Le r\u00e9chaud est \u00e9quip\u00e9 d'un compartiment \u00e0 bouteilles de 15 kg, de roues pivotantes et d'un robinet avec double dispositif de s\u00e9curit\u00e9 \"gas stop\", dot\u00e9 d'un analyseur d'atmosph\u00e8re qui intervient en arr\u00eatant automatiquement le r\u00e9chaud si le pourcentage de dioxyde de carbone d\u00e9tect\u00e9 atteint 1,5%, ou en coupant automatiquement l'alimentation en gaz en cas d'arr\u00eat accidentel. Le po\u00eale est \u00e9galement \u00e9quip\u00e9 d'un kit pratique de raccordement bouteille-po\u00eale (<span class=\"fontstyle0\">r\u00e9gulateur de pression, tuyau en caoutchouc de 0,50 m et 2 colliers de serrage)<\/span>.<\/p>\n<p>Le po\u00eale LPG Sicar Catalyst EURO80 gris 2500 Watt offre 3 positions de chauffe (min\/med\/max) et n'est disponible qu'en gris fonc\u00e9, avec une finition mate et une peinture \u00e9poxy r\u00e9sistante aux rayures.<\/p>\n<p>&nbsp;<\/p>\n<p><strong>ATTENTION : LES PO\u00caLES SANS CHEMIN\u00c9E NE PEUVENT PAS \u00caTRE UTILIS\u00c9S DANS LES CHAMBRES \u00c0 COUCHER, LES SALLES DE BAINS, LES STUDIOS, LES SOUS-SOLS, LES CAMPING-CARS, LES CARAVANES ET LES PI\u00c8CES D'UN VOLUME INF\u00c9RIEUR \u00c0 15 M3. LES PO\u00caLES N\u00c9CESSITENT DES OUVERTURES PERMANENTES POUR LE RENOUVELLEMENT DE L'AIR. CE PRODUIT NE CONVIENT PAS POUR DES FONCTIONS DE CHAUFFAGE PRIMAIRE.<\/strong><\/p>\n<p>&nbsp;<\/p>\n<h2><img loading=\"lazy\" decoding=\"async\" class=\"size-full wp-image-7625 alignleft\" src=\"https:\/\/res.cloudinary.com\/dl3yepmtd\/images\/w_242,h_107,c_scale\/v1610987812\/SICEURO90\/Sicar-stufe-infrarossi-catalitiche-riscaldamento-logo\/Sicar-stufe-infrarossi-catalitiche-riscaldamento-logo.jpg\" alt=\"\" width=\"242\" height=\"107\" \/><\/h2>\n<h2><strong>Qui est Sic<\/strong><strong>ar ?<\/strong><\/h2>\n<p><strong><a href=\"http:\/\/www.sicarsrl.it\/\">S<\/a><\/strong><strong><a href=\"http:\/\/www.sicarsrl.it\/\">icar<\/a><\/strong> est une entreprise italienne 100%, fond\u00e9e en 1981. Tous les produits Sicar sont fabriqu\u00e9s en Italie, avec des composants italiens, dans l'usine de Guastalla, dans la province de Reggio Emilia. Dans cette usine, l'entreprise produit et propose une vaste gamme de po\u00eales catalytiques et infrarouges, cylindriques et muraux, ventil\u00e9s, \u00e9lectriques en st\u00e9atite ou en quartz, et de convecteurs. La marque Sicar s'est impos\u00e9e au fil du temps gr\u00e2ce \u00e0 la qualit\u00e9 de ses produits et \u00e0 un service de qualit\u00e9. <a href=\"http:\/\/www.sicarsrl.it\/assistenza.php\"><strong>service national d'assistance technique<\/strong><\/a>.<\/p>\n<p>&nbsp;<\/p>\n<p>&nbsp;<\/p>\n<h2><strong>Garantie<\/strong><\/h2>\n<p>Le produit est couvert par <a href=\"https:\/\/www.elettrowebstore.com\/due-anni-di-garanzia-su-ogni-prodotto-acquistato\/\"><strong>garantie l\u00e9gale<\/strong><\/a>selon la page correspondante de notre site web, que nous vous invitons \u00e0 lire. Nous fournissons \u00e9galement des informations claires sur l'exercice du droit d'auteur. <a href=\"https:\/\/www.elettrowebstore.com\/diritto-di-recesso-restituzione-prodotti\/\"><strong>droit de r\u00e9tractation<\/strong><\/a>.<\/p>\n<p>Pour faciliter l'exercice de ce droit, le fabricant met \u00e0 disposition des centres d'assistance technique agr\u00e9\u00e9s dans tout le pays.<\/p>\n<p>De plus amples informations sur la l\u00e9gislation applicable sont disponibles sur le site web de l'Agence europ\u00e9enne des droits fondamentaux.<a href=\"http:\/\/www.agcm.it\/consumatore\/decalogo\/5102-garanzia-del-venditore-guida-per-il-consumatore.html\"><strong>Autorit\u00e9 de la concurrence et du march\u00e9<\/strong><\/a>.<\/p>\n<p>Afin d'am\u00e9liorer la qualit\u00e9 des produits, le fabricant se r\u00e9serve le droit de modifier les mat\u00e9riaux et les caract\u00e9ristiques techniques de l'article sans pr\u00e9avis.  En outre, les descriptions et les images donn\u00e9es ici sont donc indicatives et peuvent varier l\u00e9g\u00e8rement par rapport au produit final.<\/p>\n<p>&nbsp;<\/p>\n<h2><strong>D\u00e9lai de livraison<\/strong><\/h2>\n<p>Ce produit est toujours disponible pour une livraison imm\u00e9diate. En fait, il peut \u00eatre command\u00e9 imm\u00e9diatement et est exp\u00e9di\u00e9 par ElettroWebStore dans un d\u00e9lai de 10 \u00e0 15 jours ouvrables \u00e0 compter de la date d'achat.<\/p>\n<p>En outre, tous les envois d'ElettroWebStore sont exempts de frais de transport !<\/p>\n<p><a href=\"https:\/\/www.elettrowebstore.com\/spedizioni-consegne-prodotti-italia-estero\/\"><img loading=\"lazy\" decoding=\"async\" class=\"aligncenter wp-image-5149 size-full\" src=\"https:\/\/www.elettrowebstore.com\/EWS_Store\/wp-content\/uploads\/2020\/04\/elettrowebstore-spedizione-con-corrieri-brt-sda-dhl_n75nxd.jpg\" alt=\"ElettroWebStore est livr\u00e9 par des transporteurs rapides BRT SDA DHL\" width=\"649\" height=\"175\" srcset=\"https:\/\/www.elettrowebstore.com\/EWS_Store\/wp-content\/uploads\/elettrowebstore-spedizione-con-corrieri-brt-sda-dhl_n75nxd.jpg 649w, https:\/\/www.elettrowebstore.com\/EWS_Store\/wp-content\/uploads\/elettrowebstore-spedizione-con-corrieri-brt-sda-dhl_n75nxd-600x162.jpg 600w\" sizes=\"auto, (max-width: 649px) 100vw, 649px\" \/><\/a><\/p>\n<p>&nbsp;<\/p>\n<h2><strong>Modes de paiement accept\u00e9s<\/strong><\/h2>\n<p><strong>Sur le site d'ElettroWebStore, vous pouvez payer avec toutes les m\u00e9thodes courantes<\/strong>\u00e0 la fois sp\u00e9cifiques \u00e0 Internet (telles que les cartes pr\u00e9pay\u00e9es) et traditionnelles (telles que les cartes de cr\u00e9dit classiques).<\/p>\n<p><a href=\"https:\/\/www.elettrowebstore.com\/pagamenti-sicuri-sul-sito-elettrowebstore\/\"><img loading=\"lazy\" decoding=\"async\" class=\"aligncenter size-full wp-image-5151\" src=\"https:\/\/www.elettrowebstore.com\/EWS_Store\/wp-content\/uploads\/2020\/04\/elettrowebstore-pagamenti_berj9q.jpg\" alt=\"Modes de paiement accept\u00e9s sur le site ElettroWebStore\" width=\"649\" height=\"226\" srcset=\"https:\/\/www.elettrowebstore.com\/EWS_Store\/wp-content\/uploads\/elettrowebstore-pagamenti_berj9q.jpg 649w, https:\/\/www.elettrowebstore.com\/EWS_Store\/wp-content\/uploads\/elettrowebstore-pagamenti_berj9q-600x209.jpg 600w\" sizes=\"auto, (max-width: 649px) 100vw, 649px\" \/><\/a><\/p>\n<p>&nbsp;<\/p>\n<p>Tous les paiements sont effectu\u00e9s par l'interm\u00e9diaire du <a href=\"https:\/\/www.paypal.com\/it\/webapps\/mpp\/paypal-safety-and-security\"><strong>Paypal<\/strong><\/a>. De plus, m\u00eame si vous n'avez pas Paypal, vous pouvez toujours payer sans vous inscrire et sans enregistrer vos donn\u00e9es d'identification. Il vous suffit d'entrer vos coordonn\u00e9es dans les pages Paypal.<\/p>\n<p>En aucun cas <a href=\"http:\/\/www.elettrowebstore.com\"><strong>ElettroWebStore<\/strong><\/a> g\u00e9rer les donn\u00e9es de votre carte de paiement ou en prendre connaissance. En effet, les <a href=\"http:\/\/www.elettrowebstore.com\"><strong>ElettroWebStore<\/strong><\/a> ne verra que si le paiement a \u00e9t\u00e9 effectu\u00e9 ou non !<\/p>\n<p>Notre site utilise les protocoles HTTPS, qui garantissent des normes de s\u00e9curit\u00e9 \u00e9lev\u00e9es pour les utilisateurs !<\/p>","protected":false},"excerpt":{"rendered":"<p>Sicar Catalyst LPG Stove EURO80 grey 2500 Watt est l'un des meilleurs produits sur le march\u00e9 actuel dans le secteur des po\u00eales \u00e0 gaz et \u00e9lectriques.\u00a0<strong><span style=\"color: #ff0000;\">Livraison gratuite en Italie !<\/span><\/strong><\/p>","protected":false},"featured_media":7697,"template":"","meta":[],"product_brand":[],"product_cat":[1073],"product_tag":[1087,1076,1078,1088,1086,433,1085,1084,1077,1079,1075],"class_list":{"0":"post-7616","1":"product","2":"type-product","3":"status-publish","4":"has-post-thumbnail","6":"product_cat-riscaldamento","7":"product_tag-2500-watt","8":"product_tag-catalitica","9":"product_tag-doppia-sicurezza","10":"product_tag-euro-80","11":"product_tag-euro80","12":"product_tag-gpl","13":"product_tag-porta-bombola","14":"product_tag-portabombola","15":"product_tag-riscaldamento","16":"product_tag-sicar","17":"product_tag-stufa","18":"product_shipping_class-pe10","20":"first","21":"outofstock","22":"sale","23":"taxable","24":"shipping-taxable","25":"purchasable","26":"product-type-simple"},"_links":{"self":[{"href":"https:\/\/www.elettrowebstore.com\/fr\/wp-json\/wp\/v2\/product\/7616","targetHints":{"allow":["GET"]}}],"collection":[{"href":"https:\/\/www.elettrowebstore.com\/fr\/wp-json\/wp\/v2\/product"}],"about":[{"href":"https:\/\/www.elettrowebstore.com\/fr\/wp-json\/wp\/v2\/types\/product"}],"wp:featuredmedia":[{"embeddable":true,"href":"https:\/\/www.elettrowebstore.com\/fr\/wp-json\/wp\/v2\/media\/7697"}],"wp:attachment":[{"href":"https:\/\/www.elettrowebstore.com\/fr\/wp-json\/wp\/v2\/media?parent=7616"}],"wp:term":[{"taxonomy":"product_brand","embeddable":true,"href":"https:\/\/www.elettrowebstore.com\/fr\/wp-json\/wp\/v2\/product_brand?post=7616"},{"taxonomy":"product_cat","embeddable":true,"href":"https:\/\/www.elettrowebstore.com\/fr\/wp-json\/wp\/v2\/product_cat?post=7616"},{"taxonomy":"product_tag","embeddable":true,"href":"https:\/\/www.elettrowebstore.com\/fr\/wp-json\/wp\/v2\/product_tag?post=7616"}],"curies":[{"name":"wp","href":"https:\/\/api.w.org\/{rel}","templated":true}]}}