{"id":7344,"date":"2019-08-16T05:41:47","date_gmt":"2019-08-16T03:41:47","guid":{"rendered":"https:\/\/www.elettrowebstore.com\/?post_type=product&#038;p=7344"},"modified":"2021-01-18T16:50:52","modified_gmt":"2021-01-18T15:50:52","slug":"samsung-xpress-m2875fd-stampante-fax-scanner-fotocopiatrice-multifunzione-laser-bianco-e-nero","status":"publish","type":"product","link":"https:\/\/www.elettrowebstore.com\/fr\/shop\/samsung-xpress-m2875fd-imprimante-fax-scanner-copieur-multifonction-laser-noir-et-blanc\/","title":{"rendered":"Samsung Xpress M2875FD imprimante fax scanner copieur multifonction laser noir et blanc utilis\u00e9"},"content":{"rendered":"<h2><strong>Samsung Xpress M2875FD imprimante fax scanner copieur multifonction laser noir et blanc utilis\u00e9<\/strong><\/h2>\n<p>Samsung Xpress M2875FD imprimante fax scanner multifonction laser noir et blanc en promotion sur cette page ! Il s'agit en fait d'un copieur multifonction, d'une imprimante, d'un scanner et d'un fax tr\u00e8s rarement utilis\u00e9 et presque neuf. Les compteurs indiquent moins de 10 000 impressions et moins de 1500 num\u00e9risations.<\/p>\n<p>Excellent fonctionnement. Excellent rendement. Extr\u00eamement \u00e9conomique \u00e0 l'utilisation, \u00e9galement compatible avec des toners compatibles \u00e0 bas prix.<\/p>\n<p>Remplac\u00e9 suite au passage \u00e0 Windows 10, qui n'interface pas le scanner. Sinon et avec d'autres syst\u00e8mes d'exploitation Windows, il fonctionne excellemment !<\/p>\n<p>Fourni avec un toner remanufactur\u00e9.<\/p>\n<p>Produit hors garantie. Utilis\u00e9 en excellent \u00e9tat.<\/p>\n<p><img loading=\"lazy\" decoding=\"async\" class=\"aligncenter size-full wp-image-7350\" src=\"https:\/\/www.elettrowebstore.com\/EWS_Store\/wp-content\/uploads\/2020\/04\/2.jpg\" alt=\"Samsung Xpress M2875FD imprimante fax scanner copieur multifonction laser noir et blanc utilis\u00e9\" width=\"1000\" height=\"1000\" \/><\/p>\n<p><img loading=\"lazy\" decoding=\"async\" class=\"aligncenter size-full wp-image-7351\" src=\"https:\/\/www.elettrowebstore.com\/EWS_Store\/wp-content\/uploads\/2020\/04\/7.jpg\" alt=\"Samsung Xpress M2875FD imprimante fax scanner copieur multifonction laser noir et blanc utilis\u00e9\" width=\"800\" height=\"800\" srcset=\"https:\/\/www.elettrowebstore.com\/EWS_Store\/wp-content\/uploads\/7.jpg 800w, https:\/\/www.elettrowebstore.com\/EWS_Store\/wp-content\/uploads\/7-200x200.jpg 200w, https:\/\/www.elettrowebstore.com\/EWS_Store\/wp-content\/uploads\/7-100x100.jpg 100w, https:\/\/www.elettrowebstore.com\/EWS_Store\/wp-content\/uploads\/7-600x600.jpg 600w, https:\/\/www.elettrowebstore.com\/EWS_Store\/wp-content\/uploads\/7-768x768.jpg 768w\" sizes=\"auto, (max-width: 800px) 100vw, 800px\" \/><\/p>\n<p>&nbsp;<\/p>\n<h2><strong>Sp\u00e9cifications techniques<\/strong><\/h2>\n<p><strong>TYPE<\/strong><\/p>\n<ul>\n<li>Fonction d'impression<\/li>\n<li>Fonction de copie<\/li>\n<li>Fonction fax<\/li>\n<li>Fonction de balayage<\/li>\n<\/ul>\n<p>&nbsp;<\/p>\n<p><strong>SYST\u00c8ME D'IMPRESSION<\/strong><\/p>\n<ul>\n<li>Type d'impression Laser<\/li>\n<li>Technique d'impression : \u00e9lectrophotographique<\/li>\n<\/ul>\n<p>&nbsp;<\/p>\n<p><strong>FORMATS PRIS EN CHARGE<\/strong><\/p>\n<ul>\n<li>Format maximum support\u00e9 A4<\/li>\n<\/ul>\n<p><strong>QUALIT\u00c9 D'IMPRESSION<\/strong><\/p>\n<ul>\n<li>Cycle d'utilisation mensuel 12 000 pages nr<\/li>\n<li>Vitesse d'impression normale en noir et blanc 28 ppm<\/li>\n<li>Vitesse d'impression maximale en noir et blanc 28 ppm<\/li>\n<li>Temps d'impression de la premi\u00e8re page 8,5 secondes<\/li>\n<\/ul>\n<p>&nbsp;<\/p>\n<p><strong>R\u00c9SOLUTION D'IMPRESSION<\/strong><\/p>\n<ul>\n<li>meilleure r\u00e9solution d'impression n\/b Horizontale 1 200 dpi<\/li>\n<li>Meilleure r\u00e9solution d'impression en noir et blanc Vertical 1 200 dpi<\/li>\n<\/ul>\n<p>&nbsp;<\/p>\n<p><strong>GESTION DES M\u00c9DIAS<\/strong><\/p>\n<ul>\n<li>Chargeur automatique de feuilles - ADF oui<\/li>\n<li>Chargeur automatique de feuilles recto-verso - ADFr : non (cela signifie que le chargeur sup\u00e9rieur appel\u00e9 ADF ne num\u00e9rise pas les pages recto-verso, mais uniquement les pages recto)<\/li>\n<li>Impression recto-verso \u00e0 partir de l'ordinateur oui<\/li>\n<li>Nombre de bacs \u00e0 papier standard 1 nr<\/li>\n<\/ul>\n<p>&nbsp;<\/p>\n<p><strong>COPIE<\/strong><\/p>\n<ul>\n<li>Taille maximale de la copie A4<\/li>\n<li>Vitesse de copie maximale N\/B 28 cpm<\/li>\n<li>R\u00e9solution de la copie horizontale N&amp;B 600 dpi<\/li>\n<li>R\u00e9solution de la copie n\/b Verticale 600 dpi<\/li>\n<li>Nombre maximum de copies 99<\/li>\n<li>Copie automatique recto-verso<\/li>\n<li>Temps de sortie de la premi\u00e8re copie en noir et blanc : 14 secondes.<\/li>\n<\/ul>\n<p>&nbsp;<\/p>\n<p><strong>FAX<\/strong><\/p>\n<ul>\n<li>Vitesse de transmission maximale 33,6 kbps<\/li>\n<li>R\u00e9solutions de fax n\/b horizontal 300 dpi<\/li>\n<li>R\u00e9solutions de fax n\/b vertical 300 dpi<\/li>\n<li>Envoi de fax par PC non<\/li>\n<li>Rappel automatique<\/li>\n<\/ul>\n<p>&nbsp;<\/p>\n<p><strong>SCANNAGE<\/strong><\/p>\n<ul>\n<li>\u00c9l\u00e9ment de balayage<\/li>\n<li>Capteur d'image \u00e0 contact<\/li>\n<li>Modes de num\u00e9risation<\/li>\n<li>Table fixe\/ADF<\/li>\n<li>Taille maximale de num\u00e9risation A4<\/li>\n<li>R\u00e9solution optique horizontale 1 200 dpi<\/li>\n<li>R\u00e9solution optique verticale 1 200 dpi<\/li>\n<li>R\u00e9solution horizontale interpol\u00e9e 4 800 dpi<\/li>\n<li>R\u00e9solution verticale interpol\u00e9e 4 800 dpi<\/li>\n<li>Vitesse de num\u00e9risation n\/b 17 ppm<\/li>\n<li>Scanner vers le courrier \u00e9lectronique oui<\/li>\n<li>Num\u00e9riser vers un PC oui<\/li>\n<li>Analyse du r\u00e9seau non<\/li>\n<li>Il n'y a pas d'interface native avec Windows 10. Fonctionne bien avec Windows 8.1<\/li>\n<\/ul>\n<p>&nbsp;<\/p>\n<p><strong>CONNECTIVIT\u00c9<\/strong><\/p>\n<ul>\n<li>R\u00e9seau sans fil non<\/li>\n<li>Carte r\u00e9seau Ethernet 10\/100\/1000 oui<\/li>\n<\/ul>\n<p>&nbsp;<\/p>\n<p><strong>LOGICIELS<\/strong><\/p>\n<ul>\n<li>Compatible avec Windows 8<\/li>\n<li>Compatible avec Mac<\/li>\n<li>Compatible avec Linux<\/li>\n<\/ul>\n<p>&nbsp;<\/p>","protected":false},"excerpt":{"rendered":"<p>Samsung Xpress M2875FD imprimante fax scanner copieur multifonction laser noir et blanc usag\u00e9. <strong><span style=\"color: #ff0000\">Livraison gratuite<\/span><\/strong><\/p>","protected":false},"featured_media":7350,"template":"","meta":[],"product_brand":[],"product_cat":[57],"product_tag":[52,54,1021,1024,55,1022,53,51,1023],"class_list":{"0":"post-7344","1":"product","2":"type-product","3":"status-publish","4":"has-post-thumbnail","6":"product_cat-elettronica","7":"product_tag-fax","8":"product_tag-fotocopiatrice","9":"product_tag-laser","10":"product_tag-m2875fd","11":"product_tag-multifunzione","12":"product_tag-samsung","13":"product_tag-scanner","14":"product_tag-stampante","15":"product_tag-xpress","16":"product_shipping_class-pe","18":"first","19":"outofstock","20":"taxable","21":"shipping-taxable","22":"purchasable","23":"product-type-simple"},"_links":{"self":[{"href":"https:\/\/www.elettrowebstore.com\/fr\/wp-json\/wp\/v2\/product\/7344","targetHints":{"allow":["GET"]}}],"collection":[{"href":"https:\/\/www.elettrowebstore.com\/fr\/wp-json\/wp\/v2\/product"}],"about":[{"href":"https:\/\/www.elettrowebstore.com\/fr\/wp-json\/wp\/v2\/types\/product"}],"wp:featuredmedia":[{"embeddable":true,"href":"https:\/\/www.elettrowebstore.com\/fr\/wp-json\/wp\/v2\/media\/7350"}],"wp:attachment":[{"href":"https:\/\/www.elettrowebstore.com\/fr\/wp-json\/wp\/v2\/media?parent=7344"}],"wp:term":[{"taxonomy":"product_brand","embeddable":true,"href":"https:\/\/www.elettrowebstore.com\/fr\/wp-json\/wp\/v2\/product_brand?post=7344"},{"taxonomy":"product_cat","embeddable":true,"href":"https:\/\/www.elettrowebstore.com\/fr\/wp-json\/wp\/v2\/product_cat?post=7344"},{"taxonomy":"product_tag","embeddable":true,"href":"https:\/\/www.elettrowebstore.com\/fr\/wp-json\/wp\/v2\/product_tag?post=7344"}],"curies":[{"name":"wp","href":"https:\/\/api.w.org\/{rel}","templated":true}]}}