{"id":706073,"date":"2024-03-12T12:53:26","date_gmt":"2024-03-12T11:53:26","guid":{"rendered":"https:\/\/www.elettrowebstore.com\/?post_type=product&#038;p=706073"},"modified":"2024-11-30T17:27:02","modified_gmt":"2024-11-30T16:27:02","slug":"paini-miscelatore-termostatico-incasso-universale-a-2-uscite-con-deviatore-rotativo-50cc691thwb","status":"publish","type":"product","link":"https:\/\/www.elettrowebstore.com\/fr\/shop\/paini-mitigeur-thermostatique-encastre-universel-a-2-sorties-avec-inverseur-rotatif-50cc691thwb\/","title":{"rendered":"Paini Mitigeur thermostatique encastr\u00e9 universel \u00e0 2 sorties avec inverseur rotatif 50CC691THWB"},"content":{"rendered":"<h2><strong>Paini Dax chrome \u00e9vier mitigeur douchette extractible 84CR572RS <\/strong><\/h2>\n<p><strong>Paini Dax chrome \u00e9vier mitigeur douchette extractible 84CR572RS<\/strong> se distingue par un design fonctionnel, caract\u00e9ris\u00e9 par de petits d\u00e9tails \u00e9l\u00e9gants tels que la b\u00e9quille particuli\u00e8rement ergonomique. La douchette \u00e0 jet unique est amovible.<\/p>\n<p>Le mitigeur est en laiton, avec une finition chrom\u00e9e et un levier unique. Les fixations et les tuyaux pour le raccordement \u00e0 l'eau sont inclus.<\/p>\n<p>&nbsp;<\/p>\n<h2><strong>Description Paini Dax chrome \u00e9vier mitigeur douchette extractible 84CR572RS<br \/>\n<\/strong><\/h2>\n<p>Le mitigeur d'\u00e9vier chrom\u00e9 avec douchette extractible 84CR572RS de Paini Dax est r\u00e9alis\u00e9 en laiton chrom\u00e9, avec un levier unique dot\u00e9 d'une poign\u00e9e particuli\u00e8rement ergonomique. La finition chrom\u00e9e du mitigeur est particuli\u00e8rement adapt\u00e9e pour donner de l'\u00e9clat \u00e0 votre cuisine et est durable.<\/p>\n<p>Ce mitigeur monotrou se caract\u00e9rise par sa douchette extractible \u00e0 jet unique tr\u00e8s pratique. Le bec, de forme carr\u00e9e et \u00e9lanc\u00e9e, est tr\u00e8s \u00e9l\u00e9gant.<\/p>\n<div class=\"pw-hidden-cp\">\n<div class=\"pw-hidden-cp\">\n<p>&nbsp;<\/p>\n<\/div>\n<\/div>\n<div class=\"pw-hidden-cp\">\n<h2><strong>Description de la ligne Paini Dax<\/strong><\/h2>\n<p>La ligne Dax de Paini se caract\u00e9rise par des formes particuli\u00e8rement modernes et un design sophistiqu\u00e9. Son design rappelle en effet les lignes carr\u00e9es qui conviennent \u00e0 une salle de bains moderne.<\/p>\n<p>En effet, cette gamme de produits est con\u00e7ue pour offrir des solutions particuli\u00e8rement attrayantes pour les salles de bains qui doivent \u00e9galement \u00eatre de belles pi\u00e8ces particuli\u00e8rement d\u00e9coratives de la maison.<\/p>\n<div class=\"pw-hidden-cp\">\n<p>La gamme comprend de nombreux mitigeurs de salle de bains pour lavabo, douche encastr\u00e9e et bidet, ainsi que pour les \u00e9viers de cuisine.<\/p>\n<\/div>\n<p>C'est \u00e9galement l'une des lignes disponibles en plusieurs finitions (sur demande par e-mail).<\/p>\n<\/div>\n<p>&nbsp;<\/p>\n<h2><strong>Sp\u00e9cifications techniques<\/strong><\/h2>\n<ul>\n<li><span class=\"fontstyle0\">M\u00e9langeur monotrou pour \u00e9vier de cuisine en laiton, finition chrom\u00e9e<br \/>\n<\/span><\/li>\n<li>Levier unique avec poign\u00e9e ergonomique<\/li>\n<li>Douchette extractible \u00e0 jet unique<span class=\"fontstyle0\"><br \/>\n<\/span><\/li>\n<li>Le m\u00e9langeur est fourni dans un kit de montage<\/li>\n<li>Pratique et fonctionnel<\/li>\n<li>Robuste et r\u00e9sistant<\/li>\n<li>Code 84CR572RS<\/li>\n<\/ul>\n<p>&nbsp;<\/p>\n<h2><strong>D\u00e9lai de livraison et disponibilit\u00e9 des produits<br \/>\n<\/strong><\/h2>\n<p>Ce produit n'est PAS imm\u00e9diatement disponible pour une livraison imm\u00e9diate. Le d\u00e9lai de livraison est actuellement de 20 jours ouvrables \u00e0 compter de la commande.<\/p>\n<p>Pour les produits de mobilier de salle de bain, leur disponibilit\u00e9 peut varier sans pr\u00e9avis, m\u00eame si le site web indique que les produits sont disponibles. C'est pourquoi, en cas d'urgence ou d'informations plus d\u00e9taill\u00e9es, nous vous invitons \u00e0 <a href=\"https:\/\/www.elettrowebstore.com\/contatta-lo-staff-di-elettrowebstore\/\"><strong>nous contacter par e-mail<\/strong><\/a> pour plus de pr\u00e9cisions.<\/p>","protected":false},"excerpt":{"rendered":"<p>Paini Dax m\u00e9langeur \u00e9vier chrome douchette extractible 84CR572RS \u00e9conomique et fonctionnel avec des lignes design. <span style=\"color: #ff0000;\"><strong>Frais de port inclus !<\/strong><\/span><\/p>","protected":false},"featured_media":185749,"template":"","meta":[],"product_brand":[],"product_cat":[19],"product_tag":[2581,334,894,416,339,2480,940,893,941,895,891,901,944],"class_list":{"0":"post-706073","1":"product","2":"type-product","3":"status-publish","4":"has-post-thumbnail","6":"product_cat-rubinetteria","7":"product_tag-84cr572rs","8":"product_tag-arredo","9":"product_tag-cromato","10":"product_tag-cucina","11":"product_tag-design","12":"product_tag-doccetta-estraibile","13":"product_tag-lavello","14":"product_tag-miscelatore","15":"product_tag-monoforo","16":"product_tag-ottone","17":"product_tag-paini","18":"product_tag-rubinetteria","19":"product_tag-rubinetto","20":"product_shipping_class-pe10","22":"first","23":"outofstock","24":"taxable","25":"shipping-taxable","26":"purchasable","27":"product-type-simple"},"_links":{"self":[{"href":"https:\/\/www.elettrowebstore.com\/fr\/wp-json\/wp\/v2\/product\/706073","targetHints":{"allow":["GET"]}}],"collection":[{"href":"https:\/\/www.elettrowebstore.com\/fr\/wp-json\/wp\/v2\/product"}],"about":[{"href":"https:\/\/www.elettrowebstore.com\/fr\/wp-json\/wp\/v2\/types\/product"}],"wp:featuredmedia":[{"embeddable":true,"href":"https:\/\/www.elettrowebstore.com\/fr\/wp-json\/wp\/v2\/media\/185749"}],"wp:attachment":[{"href":"https:\/\/www.elettrowebstore.com\/fr\/wp-json\/wp\/v2\/media?parent=706073"}],"wp:term":[{"taxonomy":"product_brand","embeddable":true,"href":"https:\/\/www.elettrowebstore.com\/fr\/wp-json\/wp\/v2\/product_brand?post=706073"},{"taxonomy":"product_cat","embeddable":true,"href":"https:\/\/www.elettrowebstore.com\/fr\/wp-json\/wp\/v2\/product_cat?post=706073"},{"taxonomy":"product_tag","embeddable":true,"href":"https:\/\/www.elettrowebstore.com\/fr\/wp-json\/wp\/v2\/product_tag?post=706073"}],"curies":[{"name":"wp","href":"https:\/\/api.w.org\/{rel}","templated":true}]}}