{"id":6935,"date":"2019-05-02T09:05:20","date_gmt":"2019-05-02T07:05:20","guid":{"rendered":"https:\/\/www.elettrowebstore.com\/?post_type=product&#038;p=6935"},"modified":"2022-04-12T17:04:53","modified_gmt":"2022-04-12T15:04:53","slug":"adattatore-multipresa-elettrica-da-italiana-a-estera","status":"publish","type":"product","link":"https:\/\/www.elettrowebstore.com\/fr\/shop\/adaptateur-multisocket-de-litalien-vers-letranger\/","title":{"rendered":"Adaptateur italien pour prise de courant \u00e9trang\u00e8re"},"content":{"rendered":"<h2><strong>Adaptateur italien pour prise de courant \u00e9trang\u00e8re<\/strong><\/h2>\n<p>Adaptateur italien pour prise de courant \u00e9trang\u00e8re pour :<\/p>\n<p>Royaume-Uni, Australie, UE, \u00c9tats-Unis, Chine, Japon et prise USB<\/p>\n<p><img loading=\"lazy\" decoding=\"async\" class=\"size-full wp-image-174857 aligncenter\" src=\"https:\/\/res.cloudinary.com\/dl3yepmtd\/images\/v1649775199\/ADATTATORE MULTIPRESA\/adattatore-multipresa-elettrica-da-italiana-a-estera\/adattatore-multipresa-elettrica-da-italiana-a-estera.jpg\" alt=\"Adaptateur italien pour prise de courant \u00e9trang\u00e8re\" width=\"600\" height=\"600\" srcset=\"https:\/\/www.elettrowebstore.com\/EWS_Store\/wp-content\/uploads\/adattatore-multipresa-elettrica-da-italiana-a-estera.jpg 600w, https:\/\/www.elettrowebstore.com\/EWS_Store\/wp-content\/uploads\/adattatore-multipresa-elettrica-da-italiana-a-estera-200x200.jpg 200w, https:\/\/www.elettrowebstore.com\/EWS_Store\/wp-content\/uploads\/adattatore-multipresa-elettrica-da-italiana-a-estera-100x100.jpg 100w\" sizes=\"auto, (max-width: 600px) 100vw, 600px\" \/><\/p>","protected":false},"excerpt":{"rendered":"<p>Adaptateur italien pour prise de courant \u00e9trang\u00e8re<\/p>","protected":false},"featured_media":174857,"template":"","meta":[],"product_brand":[],"product_cat":[58],"product_tag":[],"class_list":{"0":"post-6935","1":"product","2":"type-product","3":"status-publish","4":"has-post-thumbnail","6":"product_cat-cellulari","7":"product_shipping_class-pe","9":"first","10":"instock","11":"taxable","12":"shipping-taxable","13":"purchasable","14":"product-type-simple"},"_links":{"self":[{"href":"https:\/\/www.elettrowebstore.com\/fr\/wp-json\/wp\/v2\/product\/6935","targetHints":{"allow":["GET"]}}],"collection":[{"href":"https:\/\/www.elettrowebstore.com\/fr\/wp-json\/wp\/v2\/product"}],"about":[{"href":"https:\/\/www.elettrowebstore.com\/fr\/wp-json\/wp\/v2\/types\/product"}],"wp:featuredmedia":[{"embeddable":true,"href":"https:\/\/www.elettrowebstore.com\/fr\/wp-json\/wp\/v2\/media\/174857"}],"wp:attachment":[{"href":"https:\/\/www.elettrowebstore.com\/fr\/wp-json\/wp\/v2\/media?parent=6935"}],"wp:term":[{"taxonomy":"product_brand","embeddable":true,"href":"https:\/\/www.elettrowebstore.com\/fr\/wp-json\/wp\/v2\/product_brand?post=6935"},{"taxonomy":"product_cat","embeddable":true,"href":"https:\/\/www.elettrowebstore.com\/fr\/wp-json\/wp\/v2\/product_cat?post=6935"},{"taxonomy":"product_tag","embeddable":true,"href":"https:\/\/www.elettrowebstore.com\/fr\/wp-json\/wp\/v2\/product_tag?post=6935"}],"curies":[{"name":"wp","href":"https:\/\/api.w.org\/{rel}","templated":true}]}}