{"id":689,"date":"2018-04-01T18:02:39","date_gmt":"2018-04-01T16:02:39","guid":{"rendered":"https:\/\/www.elettrowebstore.com\/?post_type=product&#038;p=689"},"modified":"2026-02-14T19:12:48","modified_gmt":"2026-02-14T18:12:48","slug":"electric-imperia-ipasta-macchina-pasta-manuale-con-motore-4650","status":"publish","type":"product","link":"https:\/\/www.elettrowebstore.com\/fr\/shop\/machine-a-pates-manuelle-imperia-ipasta-electrique-avec-moteur-650\/","title":{"rendered":"Machine \u00e0 p\u00e2tes \u00e9lectrique manuelle Imperia iPasta avec moteur 4650"},"content":{"rendered":"<h2><strong>Machine \u00e0 p\u00e2tes \u00e9lectrique manuelle Imperia iPasta avec moteur 4650<\/strong><\/h2>\n<p>La machine \u00e0 p\u00e2tes \u00e9lectrique manuelle Imperia iPasta avec moteur 4650 est l'une des plus vendues. <strong>Paquets cadeaux Imperia<\/strong>. En effet, dans la bo\u00eete, vous trouverez le <strong>Machine \u00e0 p\u00e2tes Imperia iPasta<\/strong>les <strong>Coupe recto-verso 2\/4<\/strong> (tagliatelles 2 mm et fettuccine 6,5 mm) et les <strong>Pasta Facile moteur \u00e9lectrique<\/strong>. L'Imperia Electric 4650 vous permet de faire les meilleures p\u00e2tes maison sans effort gr\u00e2ce au moteur d\u00e9j\u00e0 inclus dans l'emballage.<\/p>\n<p>Cet appareil \u00e0 p\u00e2tes d'Imperia code 4650 <strong>est enti\u00e8rement fabriqu\u00e9 en Italie<\/strong>. Dans le coffret Imperia Electric 4650, vous trouverez la machine \u00e0 p\u00e2tes compl\u00e8te, compos\u00e9e de l'ensemble des \u00e9l\u00e9ments suivants <strong>tondeuse<\/strong> iPasta SP150 avec une feuille brute de 150 millim\u00e8tres. <strong>rigmarole<\/strong> Original Duplex 2\/4, pour couper les p\u00e2tes en nouilles de 2 mm de large et en fettuccine de 6,5 mm de large, le <strong>manivelle<\/strong>la pince pour fixer le compteur sur le plan de travail et la pince pour la fixation de l'appareil sur le plan de travail. <strong>cyclomoteur<\/strong> \u00e9quip\u00e9 d'un c\u00e2ble \u00e9lectrique, le <strong>support bleu<\/strong> pour raccorder le moteur \u00e0 la machine \u00e0 p\u00e2tes.<\/p>\n<p>Pour plus d'informations sur le <a href=\"https:\/\/www.elettrowebstore.com\/imperia-macchine-per-pasta\/\" target=\"_blank\" rel=\"noopener\"><strong>machines \u00e0 p\u00e2tes, visitez notre page d\u00e9di\u00e9e<\/strong><\/a>.<\/p>\n<p>&nbsp;<\/p>\n<h2><strong>Sp\u00e9cifications techniques\u00a0<\/strong><\/h2>\n<ul>\n<li>Cisaille avec r\u00e9glage jusqu'\u00e0 six \u00e9paisseurs<\/li>\n<li>Section pour la coupe des tagliatelles et des fettucines<\/li>\n<li>Cadre en acier chrom\u00e9<\/li>\n<li>Dimensions : L 160 x H 185 x P 205 mm<\/li>\n<li>Poids net : 3,45 kg<\/li>\n<li>Plage de r\u00e9glage du rouleau : 0,2 \u00e0 2,2 mm<\/li>\n<li>Largeur maximale de la feuille : 140 mm<\/li>\n<li>Qualit\u00e9 italienne \"made in Italy\".<\/li>\n<li>Coupes int\u00e9gr\u00e9es : Sfoglia 140 mm, Tagliatelle 2 mm, Fettuccine 6.5 mm<\/li>\n<li>Moteur Easy Dough 80 Watt 220V<\/li>\n<li>Emballage cadeau<\/li>\n<\/ul>\n<p>&nbsp;<\/p>\n<h2><strong>Description<\/strong><\/h2>\n<p>Machine \u00e0 p\u00e2tes \u00e9lectrique manuelle Imperia iPasta avec moteur 4650 est <strong>enti\u00e8rement fabriqu\u00e9 en Italie<\/strong> Fabriqu\u00e9 en acier chrom\u00e9 et avec un grand savoir-faire pour garantir sa robustesse et sa durabilit\u00e9.<\/p>\n<p>L'emballage contient la manivelle classique et le moteur. Le moteur \u00e0 monter sur le c\u00f4t\u00e9 de la machine \u00e0 p\u00e2tes Imperia iPasta s'appelle <strong><a href=\"https:\/\/www.elettrowebstore.com\/shop\/imperia-pasta-facile-motore-per-macchina-della-pasta\/\">P\u00e2tes faciles<\/a><\/strong>et peut \u00e9galement \u00eatre achet\u00e9 s\u00e9par\u00e9ment. Le moteur Pasta Facile est dot\u00e9 de deux boutons : l'un pour la vitesse normale et l'autre pour la vitesse sup\u00e9rieure. Vous pouvez ainsi r\u00e9gler la vitesse de la machine en fonction de la complexit\u00e9 du produit !<\/p>\n<p>Avec son <a href=\"https:\/\/www.elettrowebstore.com\/shop\/imperia-trafile-tagli-duplex-per-macchine-della-pasta\/\" target=\"_blank\" rel=\"noopener\"><strong>Coupeur recto-verso<\/strong><\/a> d\u00e9j\u00e0 inclus dans l'emballage, vous pouvez d\u00e9j\u00e0 produire la feuille de p\u00e2tes en six \u00e9paisseurs diff\u00e9rentes et deux types de p\u00e2tes : tagliatelles et fettuccine.<\/p>\n<p>La machine \u00e0 p\u00e2tes \u00e9lectrique manuelle Imperia iPasta avec moteur 4650 est l'outil id\u00e9al pour r\u00e9aliser de bonnes p\u00e2tes maison. En effet, cette machine \u00e0 p\u00e2tes Imperia \u00e9quip\u00e9e de l'accessoire moteur Pasta Facile permet de produire la feuille de p\u00e2tes et de la tirer \u00e0 travers le laminoir et les coupes pour tagliatelles et fettuccine. I <strong>sont d\u00e9j\u00e0 incluses, ainsi que les mesures pratiques de r\u00e9duction des \u00e9missions de gaz \u00e0 effet de serre.<\/strong>.<\/p>\n<p>Gr\u00e2ce \u00e0 la <a href=\"https:\/\/www.elettrowebstore.com\/shop\/staffa-blu-kit-guida-motore-pasta-facile-kpf-a15\/\" target=\"_blank\" rel=\"noopener\"><strong>support bleu fourni<\/strong><\/a> le moteur peut \u00eatre plac\u00e9 sur le c\u00f4t\u00e9 du laminoir, dans deux positions diff\u00e9rentes. La premi\u00e8re position permet d'ins\u00e9rer l'axe d'entra\u00eenement directement dans la fente o\u00f9 la manivelle s'ins\u00e8re \u00e0 l'int\u00e9rieur du p\u00e9trin. Dans cette position, vous utilisez les laminoirs iPasta pour fabriquer la feuille de p\u00e2te \u00e9lectriquement plut\u00f4t qu'\u00e0 la main avec la manivelle. La deuxi\u00e8me position consiste \u00e0 incliner davantage le moteur, en ins\u00e9rant la tige d'entra\u00eenement dans l'un des deux trous de la matrice. De cette mani\u00e8re, le coupe-p\u00e2te peut \u00eatre \u00e9lectrifi\u00e9 pour \u00e9tirer les p\u00e2tes en fettuccine ou en tagliatelle.<\/p>\n<p>Le paquet comprend donc d\u00e9j\u00e0 le <strong>iPasta - coupe-p\u00e2te manuel<\/strong>, le <a href=\"https:\/\/www.elettrowebstore.com\/shop\/imperia-trafile-tagli-duplex-per-macchine-della-pasta\/\"><strong>fili\u00e8re recto-verso<\/strong><\/a> pour faire des tagliatelles et des fettuccine, ainsi que la pince pour fixer la machine \u00e0 la table de travail, la manivelle et le moteur Pasta Facile.<\/p>\n<p>&nbsp;<\/p>\n<h2><strong>Accessoires pouvant \u00eatre achet\u00e9s s\u00e9par\u00e9ment<\/strong><\/h2>\n<p><span style=\"font-size: 14.4px;\">Electric Imperia code 650 est un coffret cadeau contenant les deux produits Imperia les plus vendus : la machine \u00e0 p\u00e2tes. <a href=\"https:\/\/www.elettrowebstore.com\/shop\/imperia-ipasta-macchina-sfogliatrice-per-pasta-manuale-acciaio\/\"><strong>Imperia iPasta code 100<\/strong><\/a> et le moteur \u00e9lectrique <a href=\"https:\/\/www.elettrowebstore.com\/shop\/imperia-pasta-facile-motore-per-macchina-della-pasta\/\"><strong>Imperia Pasta Facile code 600<\/strong><\/a>. Ces deux articles peuvent bien s\u00fbr \u00eatre achet\u00e9s s\u00e9par\u00e9ment.<\/span><\/p>\n<p><span style=\"font-size: 14.4px;\">Il s'ensuit que tous les accessoires applicables \u00e0 la machine traditionnelle peuvent \u00e9galement \u00eatre appliqu\u00e9s \u00e0 ce produit. <\/span><a style=\"font-size: 14.4px;\" href=\"https:\/\/www.elettrowebstore.com\/shop\/imperia-ipasta-macchina-sfogliatrice-per-pasta-manuale-acciaio\/\"><strong>Imperia iPasta<\/strong><\/a><span style=\"font-size: 14.4px;\"> o <\/span><a style=\"font-size: 14.4px;\" href=\"https:\/\/www.elettrowebstore.com\/shop\/imperia-titania-sfogliatrice-macchina-pasta-manuale-190\/\"><strong>Titania<\/strong><\/a><span style=\"font-size: 14.4px;\">\u00e0 l'aide de la manivelle pratique fournie.<\/span><\/p>\n<p>Les accessoires applicables Machine \u00e0 p\u00e2tes manuelle Imperia iPasta avec moteur 4650 sont les suivants :<\/p>\n<ul>\n<li><strong><a href=\"https:\/\/www.elettrowebstore.com\/shop\/imperia-trafile-tagli-simplex-per-macchina-della-pasta\/\">Simplex \u00e0 coupe unique<\/a><\/strong> de diff\u00e9rents types : spaghetti, capelli d'angelo mm.0,8, capelli d'angelo mm.1,5, tagliatelle mm.2, trenette mm.4, fettuccine mm.6,5, lasagnette mm.12, pappardelle mm.32, reginette lasagnette mm.12, reginette pappardelle mm.44<\/li>\n<li><a href=\"https:\/\/www.elettrowebstore.com\/shop\/imperia-trafile-tagli-duplex-per-macchine-della-pasta\/\"><strong>Dessin recto-verso avec doubles coupes<\/strong><\/a> diff\u00e9rents types : cheveux d'ange mm.1,5 et trenette mm.4, cheveux d'ange mm.1,5 et fettuccine mm.6,5, cheveux d'ange mm.1,5 et lasagnette mm.12, tagliatelle mm.2 et trenette mm.4, tagliatelle mm.2 et fettuccine mm.6,5, trenette mm.4 et lasagnette mm.12, trenette mm.4 et spaghetti diam. 2 mm, lasagnette mm.12 et spaghetti diam. 2 mm, reginette mm.12 et reginette mm.44<\/li>\n<li><strong><a href=\"https:\/\/www.elettrowebstore.com\/shop\/imperia-ravioli-maker-accessorio-riavioli-macchine-della-pasta\/\">Accessoire pour machine \u00e0 raviolis<\/a><\/strong>Voici deux options pour faire des raviolis de 3\u00d73 cm ou de 5\u00d75 cm<\/li>\n<li><strong><a href=\"https:\/\/www.elettrowebstore.com\/EWS_Store\/prodotto\/imperia-accessorio-millegnocchi-cavatelli-gnocchetti\/\">Gnocchi accessoires Millegnocchi<\/a><\/strong> de diff\u00e9rents types : cette option permet de r\u00e9aliser simultan\u00e9ment des cavatelli, des gnocchetti sardi et des rigatelli.<\/li>\n<\/ul>\n<p>Les coupes additionnelles pour les machines \u00e0 p\u00e2tes Imperia se d\u00e9clinent en deux cat\u00e9gories : Simplex et Duplex. Les coupes Simplex sont des coupes uniques, c'est-\u00e0-dire que l'accessoire est con\u00e7u pour r\u00e9aliser un seul type de coupe de p\u00e2tes (par exemple : uniquement des p\u00e2tes guitare). Les coupes Duplex, en revanche, sont con\u00e7ues pour contenir deux types de coupes.<\/p>","protected":false},"excerpt":{"rendered":"<p>Bo\u00eete cadeau contenant la machine \u00e0 p\u00e2tes traditionnelle Imperia qui fait office de laminoir \u00e0 p\u00e2tes. Avec fili\u00e8re Duplex 2\/4 pour nouilles de 2 mm et fettuccine de 6,5 mm. Manivelle et support bleu inclus. L'emballage contient \u00e9galement le moteur Pasta Facile de 65 watts pr\u00eat \u00e0 l'emploi. <a href=\"https:\/\/www.elettrowebstore.com\/shop\/estensione-di-garanzia-elettrodomestici-3-anni-fino-a-250-euro\/\"><strong>Extension de garantie disponible<\/strong><\/a>! <span style=\"color: #ff0000;\"><strong>Livraison gratuite en Italie.<\/strong><\/span><\/p>","protected":false},"featured_media":9807239,"template":"","meta":[],"product_brand":[],"product_cat":[107],"product_tag":[2878,109,110,31,23,21,68,103,33,191,20,30,32],"class_list":{"0":"post-689","1":"product","2":"type-product","3":"status-publish","4":"has-post-thumbnail","6":"product_cat-macchine-della-pasta","7":"product_tag-2878","8":"product_tag-electric","9":"product_tag-electric-imperia","10":"product_tag-fettuccine","11":"product_tag-imperia","12":"product_tag-ipasta","13":"product_tag-macchina","14":"product_tag-macchina-della-pasta","15":"product_tag-manuale","16":"product_tag-motorino","17":"product_tag-pasta","18":"product_tag-sfogliatrice","19":"product_tag-tagliatelle","20":"product_shipping_class-pe","22":"first","23":"instock","24":"sale","25":"featured","26":"taxable","27":"shipping-taxable","28":"purchasable","29":"product-type-simple"},"_links":{"self":[{"href":"https:\/\/www.elettrowebstore.com\/fr\/wp-json\/wp\/v2\/product\/689","targetHints":{"allow":["GET"]}}],"collection":[{"href":"https:\/\/www.elettrowebstore.com\/fr\/wp-json\/wp\/v2\/product"}],"about":[{"href":"https:\/\/www.elettrowebstore.com\/fr\/wp-json\/wp\/v2\/types\/product"}],"wp:featuredmedia":[{"embeddable":true,"href":"https:\/\/www.elettrowebstore.com\/fr\/wp-json\/wp\/v2\/media\/9807239"}],"wp:attachment":[{"href":"https:\/\/www.elettrowebstore.com\/fr\/wp-json\/wp\/v2\/media?parent=689"}],"wp:term":[{"taxonomy":"product_brand","embeddable":true,"href":"https:\/\/www.elettrowebstore.com\/fr\/wp-json\/wp\/v2\/product_brand?post=689"},{"taxonomy":"product_cat","embeddable":true,"href":"https:\/\/www.elettrowebstore.com\/fr\/wp-json\/wp\/v2\/product_cat?post=689"},{"taxonomy":"product_tag","embeddable":true,"href":"https:\/\/www.elettrowebstore.com\/fr\/wp-json\/wp\/v2\/product_tag?post=689"}],"curies":[{"name":"wp","href":"https:\/\/api.w.org\/{rel}","templated":true}]}}