{"id":670337,"date":"2023-10-29T08:46:24","date_gmt":"2023-10-29T07:46:24","guid":{"rendered":"https:\/\/www.elettrowebstore.com\/?post_type=product&#038;p=670337"},"modified":"2025-04-16T12:21:48","modified_gmt":"2025-04-16T10:21:48","slug":"reber-serie-tre-ingranaggi-nylon-e-fibra-carbonio-1020serpl","status":"publish","type":"product","link":"https:\/\/www.elettrowebstore.com\/fr\/shop\/reber-set-trois-vitesses-nylon-et-fibre-de-carbone-1020serpl\/","title":{"rendered":"Jeu de trois vitesses Reber en nylon et fibre de carbone 1020SERPL"},"content":{"rendered":"<h2><strong>Jeu de trois pignons Reber en nylon et fibre de carbone code 1020SERPL<\/strong><\/h2>\n<p>Le jeu de trois engrenages Reber en nylon et fibre de carbone 1020SERPL permet de remplacer les engrenages en aluminium, inclus dans les motor\u00e9ducteurs Reber de 500 et 600 watts, par des engrenages en nylon moins bruyants, renforc\u00e9s par de la fibre de carbone.<\/p>\n<p>Il s'agit d'un kit facile \u00e0 installer, \u00e0 acheter lorsque les anciens engrenages doivent \u00eatre remplac\u00e9s parce que le moteur perd de la vapeur ou est devenu trop bruyant. En effet, cela se produit lorsque les dents des engrenages se cassent, ce qui, en plus du bruit, entra\u00eene une perte de vitesse du moteur et de transmission de la puissance. <strong>Ce kit contient 3 engrenages : les engrenages moyen et grand sont en nylon et en fibre de carbone, tandis que le petit engrenage est en aluminium.<\/strong>.<\/p>\n<p><strong>ATTENTION ! Ce kit de 3 pignons est sp\u00e9cialement con\u00e7u pour les motor\u00e9ducteurs Reber n\u00b0 5 de 500 et 600 watts. Il n'est pas recommand\u00e9 pour les motor\u00e9ducteurs 1200 Watt et n'est pas compatible avec les motor\u00e9ducteurs No. 3 400\/450 Watt.<\/strong><\/p>\n<p>Une fois assembl\u00e9s, ces engrenages doivent \u00eatre bien huil\u00e9s pour \u00e9viter qu'ils ne s'ab\u00eement en rotation, pour r\u00e9duire le bruit et pour \u00e9viter qu'ils ne rouillent. Pour ce faire, vous pouvez acheter le<a href=\"https:\/\/www.elettrowebstore.com\/shop\/reber-flacone-olio-lubrificante-per-motori-long-life-1073a\/\"><strong>huile adapt\u00e9e disponible sur notre site<\/strong><\/a>.<\/p>\n<h2><\/h2>\n<h2><strong>Caract\u00e9ristiques techniques de la s\u00e9rie de trois pignons Reber en nylon et fibre de carbone 1020SERPL<br \/>\n<\/strong><\/h2>\n<p>Voici les principales caract\u00e9ristiques de la s\u00e9rie de trois pignons Reber en nylon et fibre de carbone 1020SERPL :<\/p>\n<ul>\n<li>Kit compos\u00e9 de 3 engrenages : moyen et grand <strong>en nylon et fibre de carbone<\/strong>le petit en <strong>aluminium<\/strong><\/li>\n<li>Compatible avec les motor\u00e9ducteurs REBER No. 5 500 et 600 Watt<\/li>\n<li>Dimensions de l'engrenage : grand cm. 10x10xh.6.5 ; moyen cm. 10x10xh.5.5 ; petit cm. 3.5\u00d73.5xh.1.7 ; diam\u00e8tre de la rondelle cm. 2.4<\/li>\n<li><strong>Il est recommand\u00e9 de ne pas l'appliquer aux moteurs de 1200 W.<\/strong>en raison de leur puissance \u00e9lev\u00e9e, ce qui pourrait entra\u00eener une usure plus rapide des engrenages. Pour ces derniers, il est plut\u00f4t recommand\u00e9 d'installer <a href=\"https:\/\/www.elettrowebstore.com\/shop\/reber-serie-tre-ingranaggi-acciaio-codice-1021ser\/\" target=\"_blank\" rel=\"noopener\"><strong>engrenages en acier code 1021SER<\/strong><\/a> lorsqu'il est soumis \u00e0 une contrainte particuli\u00e8re<\/li>\n<li>Codes moteurs compatibles : 9601N - MOTOR-REDUCER HP 0,40 ; 9602N - MOTOR-REDUCER HP 0,80 ; 9601NSP - MOTOR-REDUCER HP. 0,40 - 500 W SP AVEC CARNAGE INOX ; 9602NSP - MOTOR-REDUCER HP. 0,80 - 600 W SP AVEC CARNAGE INOX ;<\/li>\n<li>Ils sont \u00e9galement disponibles <a href=\"https:\/\/www.elettrowebstore.com\/shop\/reber-serie-3-ingranaggi-motori-grandi-in-alluminio-zama-1020ser\/\" target=\"_blank\" rel=\"noopener\"><strong>sur cette page engrenages en aluminium (zamak)<\/strong><\/a><\/li>\n<\/ul>\n<p>&nbsp;<\/p>\n<h2><strong>Informations sur le produit REBER<\/strong><\/h2>\n<p><a href=\"http:\/\/www.rebersrl.it\"><strong>REBER<\/strong> <\/a>est leader en Italie et \u00e0 l'\u00e9tranger dans la production et la distribution d'articles pour la maison et pour les professionnels. En effet, ses articles sont sp\u00e9cifiquement con\u00e7us pour avoir des produits tr\u00e8s fiables dans la maison ou l'atelier, con\u00e7us pour durer longtemps.<\/p>\n<p>En outre, tous les moteurs et accessoires sont toujours conformes \u00e0 toutes les r\u00e9glementations applicables, tant en ce qui concerne la technologie de fabrication que le contact des aliments avec les mat\u00e9riaux.<\/p>\n<p>En effet, tous les articles REBER sont accompagn\u00e9s d'une d\u00e9claration de conformit\u00e9. Ils garantissent donc toujours une satisfaction maximale \u00e0 tous les utilisateurs !<\/p>\n<p>&nbsp;<\/p>\n<h2><strong>Garantie<\/strong><\/h2>\n<p>Le produit est couvert par <a href=\"https:\/\/www.elettrowebstore.com\/due-anni-di-garanzia-su-ogni-prodotto-acquistato\/\"><strong>garantie l\u00e9gale<\/strong><\/a>selon la page correspondante de notre site web, que nous vous invitons \u00e0 lire. Nous fournissons \u00e9galement des informations claires sur l'exercice du droit d'auteur. <a href=\"https:\/\/www.elettrowebstore.com\/diritto-di-recesso-restituzione-prodotti\/\"><strong>droit de r\u00e9tractation<\/strong><\/a>.<\/p>\n<p>Pour faciliter l'exercice de ce droit, le fabricant met \u00e0 disposition des centres d'assistance technique agr\u00e9\u00e9s dans tout le pays.<\/p>\n<p>De plus amples informations sur la l\u00e9gislation applicable sont disponibles sur le site web de l'Agence europ\u00e9enne des droits fondamentaux.<a href=\"http:\/\/www.agcm.it\/consumatore\/decalogo\/5102-garanzia-del-venditore-guida-per-il-consumatore.html\"><strong>Autorit\u00e9 de la concurrence et du march\u00e9<\/strong><\/a>.<\/p>\n<p>Afin d'am\u00e9liorer la qualit\u00e9 des produits, le fabricant se r\u00e9serve le droit de modifier les mat\u00e9riaux et les caract\u00e9ristiques techniques de l'article sans pr\u00e9avis.  En outre, les descriptions et les images donn\u00e9es ici sont donc indicatives et peuvent varier l\u00e9g\u00e8rement par rapport au produit final.<\/p>\n<p>&nbsp;<\/p>\n<h2><strong>D\u00e9lai de livraison<\/strong><\/h2>\n<p>Ce produit est g\u00e9n\u00e9ralement disponible pour une livraison imm\u00e9diate. En fait, il peut \u00eatre command\u00e9 imm\u00e9diatement et est exp\u00e9di\u00e9 par ElettroWebStore dans les 2 jours ouvrables suivant la date d'achat.<\/p>\n<p>&nbsp;<\/p>\n<h2><strong>Modes de paiement accept\u00e9s<\/strong><\/h2>\n<p><strong>Sur le site d'ElettroWebStore, vous pouvez payer avec toutes les m\u00e9thodes courantes<\/strong>\u00e0 la fois sp\u00e9cifiques \u00e0 Internet (telles que les cartes pr\u00e9pay\u00e9es) et traditionnelles (telles que les cartes de cr\u00e9dit classiques).<\/p>\n<p>En aucun cas <a href=\"http:\/\/www.elettrowebstore.com\"><strong>ElettroWebStore<\/strong><\/a> g\u00e9rer les donn\u00e9es de votre carte de paiement ou en prendre connaissance. En effet, les <a href=\"http:\/\/www.elettrowebstore.com\"><strong>ElettroWebStore<\/strong><\/a> ne verra que si le paiement a \u00e9t\u00e9 effectu\u00e9 ou non !<\/p>\n<p>Notre site utilise les protocoles HTTPS, qui garantissent des normes de s\u00e9curit\u00e9 \u00e9lev\u00e9es pour les utilisateurs !<\/p>","protected":false},"excerpt":{"rendered":"<p>Reber s\u00e9rie trois engrenages en nylon et fibre de carbone 1020SERPL adapt\u00e9s au remplacement des engrenages d'origine en aluminium. Ils r\u00e9duisent le bruit<\/p>","protected":false},"featured_media":723358,"template":"","meta":[],"product_brand":[],"product_cat":[273,17],"product_tag":[2768,2769,460,461,462,1607,65,478],"class_list":{"0":"post-670337","1":"product","2":"type-product","3":"status-publish","4":"has-post-thumbnail","6":"product_cat-accessori-per-reber","7":"product_cat-casalinghi-cura-casa","8":"product_tag-1020serpl","9":"product_tag-fibra-di-carbonio","10":"product_tag-ingranaggio","11":"product_tag-kit-ingranaggi","12":"product_tag-motori-n-5","13":"product_tag-nylon","14":"product_tag-reber","15":"product_tag-ricambio","16":"product_shipping_class-pe","18":"first","19":"instock","20":"taxable","21":"shipping-taxable","22":"purchasable","23":"product-type-simple"},"_links":{"self":[{"href":"https:\/\/www.elettrowebstore.com\/fr\/wp-json\/wp\/v2\/product\/670337","targetHints":{"allow":["GET"]}}],"collection":[{"href":"https:\/\/www.elettrowebstore.com\/fr\/wp-json\/wp\/v2\/product"}],"about":[{"href":"https:\/\/www.elettrowebstore.com\/fr\/wp-json\/wp\/v2\/types\/product"}],"wp:featuredmedia":[{"embeddable":true,"href":"https:\/\/www.elettrowebstore.com\/fr\/wp-json\/wp\/v2\/media\/723358"}],"wp:attachment":[{"href":"https:\/\/www.elettrowebstore.com\/fr\/wp-json\/wp\/v2\/media?parent=670337"}],"wp:term":[{"taxonomy":"product_brand","embeddable":true,"href":"https:\/\/www.elettrowebstore.com\/fr\/wp-json\/wp\/v2\/product_brand?post=670337"},{"taxonomy":"product_cat","embeddable":true,"href":"https:\/\/www.elettrowebstore.com\/fr\/wp-json\/wp\/v2\/product_cat?post=670337"},{"taxonomy":"product_tag","embeddable":true,"href":"https:\/\/www.elettrowebstore.com\/fr\/wp-json\/wp\/v2\/product_tag?post=670337"}],"curies":[{"name":"wp","href":"https:\/\/api.w.org\/{rel}","templated":true}]}}