{"id":6684,"date":"2019-03-12T19:18:26","date_gmt":"2019-03-12T18:18:26","guid":{"rendered":"https:\/\/www.elettrowebstore.com\/?post_type=product&#038;p=6684"},"modified":"2026-01-02T11:48:48","modified_gmt":"2026-01-02T10:48:48","slug":"reber-manovella-insaccatrice-3-5-8-kg-6503ma","status":"publish","type":"product","link":"https:\/\/www.elettrowebstore.com\/fr\/shop\/reber-crank-filler-3-5-8-kg-6503ma\/","title":{"rendered":"Manivelle d'ensachage REBER 3-5-8 kg 6503MA"},"content":{"rendered":"<h2><strong>Manivelle d'ensachage REBER 3-5-8 kg 6503MA<\/strong><\/h2>\n<p>La manivelle d'ensacheuse REBER 3-5-8 kg 6503MA est une pi\u00e8ce d\u00e9tach\u00e9e d'origine Reber qui permet de remplacer la manivelle fournie avec les ensacheuses du fabricant.<\/p>\n<p><strong>Ce produit est applicable aux ensacheuses Reber de 3 kg, 5 kg et 8 kg, \u00e0 la fois <a href=\"https:\/\/www.elettrowebstore.com\/shop\/reber-insaccatrice-manuale-2-velocita-rossa\/\">avec cadre en acier peint en rouge<\/a> qui <a href=\"https:\/\/www.elettrowebstore.com\/shop\/reber-insaccatrice-manuale-2-velocita-inox\/\">avec cadre en acier inoxydable<\/a><\/strong>. <strong>Cette manivelle est \u00e9galement compatible avec le <a href=\"https:\/\/www.elettrowebstore.com\/shop\/reber-insaccatrici-verticali-professionali-inox\/\">machines d'ensachage vertical<\/a> e <a href=\"https:\/\/www.elettrowebstore.com\/shop\/reber-insaccatrice-professionale-manuale-inox\/\">professionnel<\/a>.<\/strong><\/p>\n<p>La manivelle est livr\u00e9e d\u00e9j\u00e0 assembl\u00e9e, pr\u00eate \u00e0 l'emploi.<\/p>\n<h2><strong>Caract\u00e9ristiques techniques et mesures<br \/>\n<\/strong><\/h2>\n<p>Voici les principales caract\u00e9ristiques du produit :<\/p>\n<ul>\n<li>en aluminium, avec poign\u00e9e plastifi\u00e9e<\/li>\n<li>pi\u00e8ce de rechange d'origine pour les ensacheuses Reber 3, 5 et 8 kg<\/li>\n<li>est livr\u00e9 tel qu'il appara\u00eet sur les photos<\/li>\n<li>poids kg 0,3<\/li>\n<li>longueur de la manivelle 19,5 cm<\/li>\n<li>longueur de la poign\u00e9e seulement 8,2 cm<\/li>\n<li>diam\u00e8tre du trou de connexion du cadre (externe) cm 1,5<\/li>\n<li>diam\u00e8tre du trou de connexion du cadre (interne) cm 1,1<\/li>\n<\/ul>\n<p>&nbsp;<\/p>\n<h2><strong>Description<br \/>\n<\/strong><\/h2>\n<p>La manivelle des remplisseuses Reber de 3,5 et 8 kg s'engage dans la goupille d'alimentation lente, qui est positionn\u00e9e lat\u00e9ralement par rapport au cadre en acier des remplisseuses. Une fois que le cylindre en acier inoxydable a \u00e9t\u00e9 rempli avec le hachis \u00e0 remplir, la manivelle sert \u00e0 remplir le boyau par l'interm\u00e9diaire d'un des tubes de remplissage fournis avec les machines.<\/p>\n<p>Il faut veiller \u00e0 ne pas forcer le mouvement afin d'\u00e9viter la rupture du bo\u00eetier, et proc\u00e9der lentement et r\u00e9guli\u00e8rement pour un remplissage uniforme.<\/p>\n<p>La manivelle est en aluminium, avec d'un c\u00f4t\u00e9 le trou de la goupille pour l'alimentation lente et de l'autre une poign\u00e9e grise plastifi\u00e9e.<\/p>\n<p>Sur <a href=\"https:\/\/www.rebersrl.it\/docs\/ISTRUZIONI%20INSACCATRICI%202022%20completa.pdf\"><strong>manuel d'utilisation et d'entretien de l'ensacheuse<\/strong><\/a> toutes les instructions d'utilisation des manivelles sont donn\u00e9es et vous pouvez voir la vue \u00e9clat\u00e9e des ensacheuses, avec toutes les pi\u00e8ces de rechange suppl\u00e9mentaires vendues par Elettrowebstore.<\/p>","protected":false},"excerpt":{"rendered":"<p>Manivelle d'ensachage REBER 3-5-8 kg 6503MA \u00e9galement compatible avec les mod\u00e8les en acier peint et en acier inoxydable, pour les ensacheuses professionnelles et verticales<\/p>","protected":false},"featured_media":5934221,"template":"","meta":[],"product_brand":[],"product_cat":[702],"product_tag":[833,748,832,478],"class_list":{"0":"post-6684","1":"product","2":"type-product","3":"status-publish","4":"has-post-thumbnail","6":"product_cat-ricambi-botta-greenwood-imperia-monferrina-paini-reber","7":"product_tag-6503ma","8":"product_tag-insaccatrice","9":"product_tag-manovella","10":"product_tag-ricambio","11":"product_shipping_class-pe-leggeri","13":"first","14":"instock","15":"taxable","16":"shipping-taxable","17":"purchasable","18":"product-type-simple"},"_links":{"self":[{"href":"https:\/\/www.elettrowebstore.com\/fr\/wp-json\/wp\/v2\/product\/6684","targetHints":{"allow":["GET"]}}],"collection":[{"href":"https:\/\/www.elettrowebstore.com\/fr\/wp-json\/wp\/v2\/product"}],"about":[{"href":"https:\/\/www.elettrowebstore.com\/fr\/wp-json\/wp\/v2\/types\/product"}],"wp:featuredmedia":[{"embeddable":true,"href":"https:\/\/www.elettrowebstore.com\/fr\/wp-json\/wp\/v2\/media\/5934221"}],"wp:attachment":[{"href":"https:\/\/www.elettrowebstore.com\/fr\/wp-json\/wp\/v2\/media?parent=6684"}],"wp:term":[{"taxonomy":"product_brand","embeddable":true,"href":"https:\/\/www.elettrowebstore.com\/fr\/wp-json\/wp\/v2\/product_brand?post=6684"},{"taxonomy":"product_cat","embeddable":true,"href":"https:\/\/www.elettrowebstore.com\/fr\/wp-json\/wp\/v2\/product_cat?post=6684"},{"taxonomy":"product_tag","embeddable":true,"href":"https:\/\/www.elettrowebstore.com\/fr\/wp-json\/wp\/v2\/product_tag?post=6684"}],"curies":[{"name":"wp","href":"https:\/\/api.w.org\/{rel}","templated":true}]}}