{"id":6604,"date":"2019-03-08T07:07:18","date_gmt":"2019-03-08T06:07:18","guid":{"rendered":"https:\/\/www.elettrowebstore.com\/?post_type=product&#038;p=6604"},"modified":"2021-01-18T12:45:14","modified_gmt":"2021-01-18T11:45:14","slug":"xtreme-stand-metallo-supporto-volante-pedaliera-90457","status":"publish","type":"product","link":"https:\/\/www.elettrowebstore.com\/fr\/shop\/xtreme-stand-metal-volant-pedal-stand-90457\/","title":{"rendered":"Support de p\u00e9dale en m\u00e9tal XTREME 90457"},"content":{"rendered":"<h2><strong>Support de p\u00e9dale en m\u00e9tal XTREME 90457<\/strong><\/h2>\n<p style=\"text-align: left\">Le support de volant en m\u00e9tal XTREME 90457 vous permet d'ancrer facilement votre volant et votre p\u00e9dalier. En effet, ce produit offre une base de support pratique et enti\u00e8rement r\u00e9glable pour le volant et le p\u00e9dalier. <strong>Le volant et les p\u00e9dales ne sont pas inclus !<\/strong> Cette annonce ne concerne que le support m\u00e9tallique pour les soutenir. Le volant et le p\u00e9dalier doivent \u00eatre achet\u00e9s s\u00e9par\u00e9ment.<\/p>\n<p><img loading=\"lazy\" decoding=\"async\" class=\"aligncenter wp-image-6610\" src=\"https:\/\/www.elettrowebstore.com\/EWS_Store\/wp-content\/uploads\/2020\/04\/xtreme-supporto-gaming-volante-pedaliera-jarama-_cockpit-foldable-90457-1.jpg\" alt=\"XTREME stand m\u00e9tal volant pedestal 90457 jeu cockpit pliable jarama\" width=\"640\" height=\"800\" srcset=\"https:\/\/www.elettrowebstore.com\/EWS_Store\/wp-content\/uploads\/xtreme-supporto-gaming-volante-pedaliera-jarama-_cockpit-foldable-90457-1.jpg 1024w, https:\/\/www.elettrowebstore.com\/EWS_Store\/wp-content\/uploads\/xtreme-supporto-gaming-volante-pedaliera-jarama-_cockpit-foldable-90457-1-600x750.jpg 600w, https:\/\/www.elettrowebstore.com\/EWS_Store\/wp-content\/uploads\/xtreme-supporto-gaming-volante-pedaliera-jarama-_cockpit-foldable-90457-1-768x960.jpg 768w\" sizes=\"auto, (max-width: 640px) 100vw, 640px\" \/><\/p>\n<p>Cet ensemble complet de volant et de p\u00e9dales est fabriqu\u00e9 par XTREME et porte le nom commercial de <strong>R\u00e9chaud \u00e0 jeux sur pied pliable Jarama<\/strong>.<\/p>\n<p>La force de ce produit r\u00e9side dans la possibilit\u00e9 de positionner avec pr\u00e9cision le volant et le p\u00e9dalier en fonction de la conformation physique et de la position de jeu de chacun.<\/p>\n<p>Combien de fois avez-vous eu du mal \u00e0 jouer avec le volant et les p\u00e9dales ? O\u00f9 dois-je les placer ? Comment les fixer ? Bougent-ils pendant le jeu ? La position est-elle inconfortable ? Est-ce que je risque d'endommager la surface d'appui ?<\/p>\n<p>Le stand pliable Jarama de Xtreme offre une solution \u00e0 toutes ces questions ! En fait, il offre une <strong>base solide et r\u00e9glable pour soutenir et orienter le volant et les p\u00e9dales<\/strong>.<\/p>\n<p><img loading=\"lazy\" decoding=\"async\" class=\"aligncenter wp-image-6612\" src=\"https:\/\/www.elettrowebstore.com\/EWS_Store\/wp-content\/uploads\/2020\/04\/xtreme-supporto-gaming-volante-pedaliera-jarama-_cockpit-foldable-90457-2.jpg\" alt=\"XTREME stand m\u00e9tal volant pedestal 90457 jeu cockpit pliable jarama\" width=\"800\" height=\"640\" srcset=\"https:\/\/www.elettrowebstore.com\/EWS_Store\/wp-content\/uploads\/xtreme-supporto-gaming-volante-pedaliera-jarama-_cockpit-foldable-90457-2.jpg 1280w, https:\/\/www.elettrowebstore.com\/EWS_Store\/wp-content\/uploads\/xtreme-supporto-gaming-volante-pedaliera-jarama-_cockpit-foldable-90457-2-600x480.jpg 600w, https:\/\/www.elettrowebstore.com\/EWS_Store\/wp-content\/uploads\/xtreme-supporto-gaming-volante-pedaliera-jarama-_cockpit-foldable-90457-2-768x614.jpg 768w\" sizes=\"auto, (max-width: 800px) 100vw, 800px\" \/><\/p>\n<p>En outre, le produit est <strong>facilement et compl\u00e8tement refermable<\/strong>comme le montrent les photos. Cela permet \u00e9galement de le ranger sous un lit une fois la session de jeu termin\u00e9e !<\/p>\n<p>&nbsp;<\/p>\n<h2><strong>Sp\u00e9cifications techniques<\/strong><\/h2>\n<ul>\n<li>en m\u00e9tal robuste et peint<\/li>\n<li>universel, utilisable avec pratiquement tous les principaux kits de volants et de p\u00e9dales sur le march\u00e9<\/li>\n<li>pliable et peu encombrant. Ferm\u00e9, il occupe moins de 15 centim\u00e8tres.<\/li>\n<li>l'excursion des bras et la bascule de la surface d'appui permettent de mieux positionner l'utilisateur par rapport au volant et aux p\u00e9dales<\/li>\n<li>r\u00e9alis\u00e9 en conformit\u00e9 avec la DIRECTIVE 2011\/65 sur les RdS<\/li>\n<li>non \u00e9quip\u00e9 de borniers<\/li>\n<li>le produit <strong>doit \u00eatre assembl\u00e9 conform\u00e9ment aux instructions<\/strong>. L'emballage contient le cadre m\u00e9tallique, le tapis antid\u00e9rapant et le manuel descriptif. En outre, il y a des descriptions des composants et des explications sur le montage.<img loading=\"lazy\" decoding=\"async\" class=\"aligncenter wp-image-6607\" src=\"https:\/\/www.elettrowebstore.com\/EWS_Store\/wp-content\/uploads\/2020\/04\/xtreme-supporto-gaming-volante-pedaliera-jarama-_cockpit-foldable-90457-3.jpg\" alt=\"XTREME stand m\u00e9tal volant pedestal 90457 jeu cockpit pliable jarama\" width=\"640\" height=\"800\" srcset=\"https:\/\/www.elettrowebstore.com\/EWS_Store\/wp-content\/uploads\/xtreme-supporto-gaming-volante-pedaliera-jarama-_cockpit-foldable-90457-3.jpg 1024w, https:\/\/www.elettrowebstore.com\/EWS_Store\/wp-content\/uploads\/xtreme-supporto-gaming-volante-pedaliera-jarama-_cockpit-foldable-90457-3-600x750.jpg 600w, https:\/\/www.elettrowebstore.com\/EWS_Store\/wp-content\/uploads\/xtreme-supporto-gaming-volante-pedaliera-jarama-_cockpit-foldable-90457-3-768x960.jpg 768w\" sizes=\"auto, (max-width: 640px) 100vw, 640px\" \/><\/li>\n<\/ul>\n<p><img loading=\"lazy\" decoding=\"async\" class=\"aligncenter wp-image-6609\" src=\"https:\/\/www.elettrowebstore.com\/EWS_Store\/wp-content\/uploads\/2020\/04\/xtreme-supporto-gaming-volante-pedaliera-jarama-_cockpit-foldable-90457-4.jpg\" alt=\"XTREME stand m\u00e9tal volant pedestal 90457 jeu cockpit pliable jarama\" width=\"800\" height=\"640\" srcset=\"https:\/\/www.elettrowebstore.com\/EWS_Store\/wp-content\/uploads\/xtreme-supporto-gaming-volante-pedaliera-jarama-_cockpit-foldable-90457-4.jpg 1280w, https:\/\/www.elettrowebstore.com\/EWS_Store\/wp-content\/uploads\/xtreme-supporto-gaming-volante-pedaliera-jarama-_cockpit-foldable-90457-4-600x480.jpg 600w, https:\/\/www.elettrowebstore.com\/EWS_Store\/wp-content\/uploads\/xtreme-supporto-gaming-volante-pedaliera-jarama-_cockpit-foldable-90457-4-768x614.jpg 768w\" sizes=\"auto, (max-width: 800px) 100vw, 800px\" \/><\/p>\n<h2><strong>Plus d'informations sur le support de p\u00e9dale m\u00e9tallique XTREME 90457<br \/>\n<\/strong><\/h2>\n<p>Pour mieux \u00e9valuer les caract\u00e9ristiques du support de p\u00e9dale m\u00e9tallique XTREME 90457, vous pouvez consulter et t\u00e9l\u00e9charger la fiche technique. <a href=\"http:\/\/www.playxtreme.it\/Infinity24\/dms\/ariete_web_site\/manuale%20d'uso\/Manuale%2090457.pdf\"><strong>manuel technique de l'utilisateur<\/strong><\/a>.<\/p>\n<p>Afin d'am\u00e9liorer la qualit\u00e9 des produits, le fabricant se r\u00e9serve le droit de modifier les mat\u00e9riaux et les sp\u00e9cifications pour des raisons techniques et\/ou de production sans pr\u00e9avis. Les descriptions et images donn\u00e9es ici sont donc indicatives et peuvent varier l\u00e9g\u00e8rement par rapport au produit final.<\/p>\n<p>&nbsp;<\/p>\n<h2><strong>Garantie<\/strong><\/h2>\n<p>XTREME metal pedal stand 90457 est un produit couvert par la garantie originale ITALIENNE du fabricant (valable pour au moins 24 mois, conform\u00e9ment au d\u00e9cret l\u00e9gislatif 24\/2002), s'il est achet\u00e9 par un consommateur.<\/p>\n<p>Pendant cette p\u00e9riode, en cas de d\u00e9faut imputable \u00e0 la garantie, le produit peut \u00eatre renvoy\u00e9 avec la preuve d'achat et le produit sera, \u00e0 la discr\u00e9tion du distributeur, r\u00e9par\u00e9 ou remplac\u00e9 sans frais suppl\u00e9mentaires.<\/p>\n<p>La garantie ne s'applique pas si le produit est endommag\u00e9 \u00e0 la suite d'une mauvaise utilisation, d'une n\u00e9gligence, d'un accident, d'une modification, d'une alt\u00e9ration ou pour toute autre raison non li\u00e9e \u00e0 des d\u00e9fauts des mat\u00e9riaux d'origine et\/ou de la construction d'origine.<\/p>\n<p>Ce produit est conforme aux directives 2014\/30 - 2011\/65, les d\u00e9clarations sont disponibles \u00e0 l'adresse suivante <a href=\"http:\/\/www.xtreme.it\"><strong>www.xtreme.it<\/strong><\/a><\/p>\n<p>&nbsp;<\/p>\n<h2><strong>Informations sur la marque XTREME<\/strong><\/h2>\n<p><span id=\"htvmp_labelText\" class=\"contentText\"><img loading=\"lazy\" decoding=\"async\" class=\"size-full wp-image-6603 alignleft\" src=\"https:\/\/www.elettrowebstore.com\/EWS_Store\/wp-content\/uploads\/2020\/04\/xtreme-logo.png\" alt=\"logo officiel xtreme\" width=\"200\" height=\"100\" \/>En 1995, la marque \"Xtreme\" est n\u00e9e, entrant sur le march\u00e9 des accessoires et dont l'excellent rapport qualit\u00e9\/prix reste dans la m\u00e9moire des consommateurs.<\/span><\/p>\n<p><span id=\"htvmp_labelText\" class=\"contentText\">Les ann\u00e9es passent et Xtreme est d\u00e9j\u00e0 pr\u00e9sent dans les rayons du commerce sp\u00e9cialis\u00e9 et de nombreuses grandes cha\u00eenes d'\u00e9lectronique. Depuis 2007, un important plan de licence est \u00e9galement en cours, impliquant le d\u00e9veloppement de produits et des op\u00e9rations de marketing, Xtreme jouant un r\u00f4le de premier plan aux c\u00f4t\u00e9s d'autres marques prestigieuses.<br \/>\n<\/span><\/p>\n<p><span id=\"htvmp_labelText\" class=\"contentText\">\u00c0 partir de 2012, de nouvelles lignes de produits ont \u00e9t\u00e9 introduites, s'\u00e9loignant de l'univers initial des jeux vid\u00e9o et des accessoires de jeux ; les premiers \u00e9couteurs, casques, banques d'alimentation sont arriv\u00e9s, et une attention particuli\u00e8re a commenc\u00e9 \u00e0 \u00eatre accord\u00e9e aux ph\u00e9nom\u00e8nes \u00e0 la mode tels que les drones<\/span>.<\/p>\n<p>&nbsp;<\/p>\n<h2><strong>D\u00e9lai de livraison<\/strong><\/h2>\n<p>Ce produit est disponible pour une livraison imm\u00e9diate dans un d\u00e9lai moyen de 2 jours ouvrables apr\u00e8s la commande.<\/p>\n<p><a href=\"https:\/\/www.elettrowebstore.com\/spedizioni-consegne-prodotti-italia-estero\/\"><img loading=\"lazy\" decoding=\"async\" class=\"aligncenter wp-image-5149 size-full\" src=\"https:\/\/www.elettrowebstore.com\/EWS_Store\/wp-content\/uploads\/2020\/04\/elettrowebstore-spedizione-con-corrieri-brt-sda-dhl_n75nxd.jpg\" alt=\"ElettroWebStore est livr\u00e9 par des transporteurs rapides BRT SDA DHL\" width=\"649\" height=\"175\" srcset=\"https:\/\/www.elettrowebstore.com\/EWS_Store\/wp-content\/uploads\/elettrowebstore-spedizione-con-corrieri-brt-sda-dhl_n75nxd.jpg 649w, https:\/\/www.elettrowebstore.com\/EWS_Store\/wp-content\/uploads\/elettrowebstore-spedizione-con-corrieri-brt-sda-dhl_n75nxd-600x162.jpg 600w\" sizes=\"auto, (max-width: 649px) 100vw, 649px\" \/><\/a><\/p>\n<p>&nbsp;<\/p>\n<h2><strong>\u00a0Modes de paiement accept\u00e9s<\/strong><\/h2>\n<p><strong>Sur le site d'ElettroWebStore, vous pouvez payer avec toutes les m\u00e9thodes courantes<\/strong>\u00e0 la fois sp\u00e9cifiques \u00e0 Internet (telles que les cartes pr\u00e9pay\u00e9es) et traditionnelles (telles que les cartes de cr\u00e9dit classiques).<\/p>\n<p><a href=\"https:\/\/www.elettrowebstore.com\/pagamenti-sicuri-sul-sito-elettrowebstore\/\"><img loading=\"lazy\" decoding=\"async\" class=\"aligncenter size-full wp-image-5151\" src=\"https:\/\/www.elettrowebstore.com\/EWS_Store\/wp-content\/uploads\/2020\/04\/elettrowebstore-pagamenti_berj9q.jpg\" alt=\"Modes de paiement accept\u00e9s sur le site ElettroWebStore\" width=\"649\" height=\"226\" srcset=\"https:\/\/www.elettrowebstore.com\/EWS_Store\/wp-content\/uploads\/elettrowebstore-pagamenti_berj9q.jpg 649w, https:\/\/www.elettrowebstore.com\/EWS_Store\/wp-content\/uploads\/elettrowebstore-pagamenti_berj9q-600x209.jpg 600w\" sizes=\"auto, (max-width: 649px) 100vw, 649px\" \/><\/a><\/p>\n<p>&nbsp;<\/p>\n<p>Tous les paiements sont effectu\u00e9s par l'interm\u00e9diaire du <a href=\"https:\/\/www.paypal.com\/it\/webapps\/mpp\/paypal-safety-and-security\"><strong>Paypal<\/strong><\/a>. De plus, m\u00eame si vous n'avez pas Paypal, vous pouvez toujours payer sans vous inscrire et sans enregistrer vos donn\u00e9es d'identification. Il vous suffit de saisir vos donn\u00e9es dans les pages Paypal.<\/p>\n<p>En aucun cas ElettroWebStore ne traitera les donn\u00e9es de votre carte de paiement ou n'en aura connaissance. En fait, ElettroWebStore verra seulement si le paiement a \u00e9t\u00e9 effectu\u00e9 ou non !<\/p>\n<p>Notre site utilise les protocoles HTTPS, qui garantissent des normes de s\u00e9curit\u00e9 \u00e9lev\u00e9es pour les utilisateurs !<\/p>","protected":false},"excerpt":{"rendered":"<p>XTREME metal steering wheel pedal stand 90457 est une base m\u00e9tallique ajustable et pliable pour fixer le volant et le p\u00e9dalier pour PC et PlayStation.<\/p>","protected":false},"featured_media":6610,"template":"","meta":[],"product_brand":[],"product_cat":[57,709],"product_tag":[800,803,795,804,802,805,799,426,763,714,801,728,761,421],"class_list":{"0":"post-6604","1":"product","2":"type-product","3":"status-publish","4":"has-post-thumbnail","6":"product_cat-elettronica","7":"product_cat-gaming","8":"product_tag-base","9":"product_tag-cockpit","10":"product_tag-compatibile","11":"product_tag-foldable","12":"product_tag-game","13":"product_tag-jarama","14":"product_tag-metallo","15":"product_tag-pc","16":"product_tag-pedaliera","17":"product_tag-ps4","18":"product_tag-standing","19":"product_tag-supporto","20":"product_tag-volante","21":"product_tag-xtreme","22":"product_shipping_class-pe","24":"first","25":"outofstock","26":"sale","27":"taxable","28":"shipping-taxable","29":"purchasable","30":"product-type-simple"},"_links":{"self":[{"href":"https:\/\/www.elettrowebstore.com\/fr\/wp-json\/wp\/v2\/product\/6604","targetHints":{"allow":["GET"]}}],"collection":[{"href":"https:\/\/www.elettrowebstore.com\/fr\/wp-json\/wp\/v2\/product"}],"about":[{"href":"https:\/\/www.elettrowebstore.com\/fr\/wp-json\/wp\/v2\/types\/product"}],"wp:featuredmedia":[{"embeddable":true,"href":"https:\/\/www.elettrowebstore.com\/fr\/wp-json\/wp\/v2\/media\/6610"}],"wp:attachment":[{"href":"https:\/\/www.elettrowebstore.com\/fr\/wp-json\/wp\/v2\/media?parent=6604"}],"wp:term":[{"taxonomy":"product_brand","embeddable":true,"href":"https:\/\/www.elettrowebstore.com\/fr\/wp-json\/wp\/v2\/product_brand?post=6604"},{"taxonomy":"product_cat","embeddable":true,"href":"https:\/\/www.elettrowebstore.com\/fr\/wp-json\/wp\/v2\/product_cat?post=6604"},{"taxonomy":"product_tag","embeddable":true,"href":"https:\/\/www.elettrowebstore.com\/fr\/wp-json\/wp\/v2\/product_tag?post=6604"}],"curies":[{"name":"wp","href":"https:\/\/api.w.org\/{rel}","templated":true}]}}