{"id":657603,"date":"2023-06-05T16:36:14","date_gmt":"2023-06-05T14:36:14","guid":{"rendered":"https:\/\/www.elettrowebstore.com\/?post_type=product&#038;p=657603"},"modified":"2026-04-02T17:57:18","modified_gmt":"2026-04-02T15:57:18","slug":"famag-impastatrice-professionale-a-spirale-testa-sollevabile-vasca-rimovibile","status":"publish","type":"product","link":"https:\/\/www.elettrowebstore.com\/fr\/shop\/petrin-a-spirale-professionnel-famag-tete-de-levage-cuve-amovible\/","title":{"rendered":"P\u00e9trin \u00e0 spirale professionnel Famag t\u00eate de levage cuve amovible"},"content":{"rendered":"<h2><strong>M\u00e9langeur professionnel Famag \u00e0 spirale avec t\u00eate de levage et bol amovible monophas\u00e9<\/strong><\/h2>\n<p>Le p\u00e9trin professionnel Famag \u00e0 spirale avec t\u00eate relevable et cuve amovible monophas\u00e9e est sp\u00e9cialement con\u00e7u pour ceux qui ont besoin de soulever la partie sup\u00e9rieure de l'appareil pour p\u00e9trir et retirer la cuve. C'est pourquoi il n'est fabriqu\u00e9 qu'avec les capacit\u00e9s les plus faibles et qu'il est destin\u00e9 \u00e0 un usage domestique. C'est pourquoi il est monophas\u00e9 et dot\u00e9 d'une prise schuko pour un usage domestique.<\/p>\n<p><span style=\"font-size: 14.4px;\">Les produits de la gamme Famag sont \u00e9galement disponibles :<\/span><\/p>\n<ol>\n<li><a href=\"https:\/\/www.elettrowebstore.com\/shop\/famag-impastatrice-professionale-a-spirale-per-pane-e-pizza\/\"><strong>t\u00eate fixe et r\u00e9servoir fixe monophas\u00e9s<\/strong><\/a><\/li>\n<li><a href=\"https:\/\/www.elettrowebstore.com\/shop\/famag-impastatrice-professionale-a-spirale-testa-fissa-trifase-15-20-30-40-50-kg\/\"><strong>t\u00eate fixe et r\u00e9servoir fixe triphas\u00e9s<\/strong><\/a><\/li>\n<\/ol>\n<p><strong>En outre, q<\/strong><strong>es articles sont enti\u00e8rement fabriqu\u00e9s en Italie. C'est une garantie de fiabilit\u00e9 et de qualit\u00e9 des mat\u00e9riaux et de la construction.<\/strong><\/p>\n<p>&nbsp;<\/p>\n<h2><strong>Description<\/strong><\/h2>\n<p>Le p\u00e9trin \u00e0 spirale Famag avec t\u00eate de levage et cuve amovible offre de nombreux avantages, tant en termes d'efficacit\u00e9 que de praticit\u00e9. En effet, il constitue un choix id\u00e9al pour les pizzerias, les boulangeries et les restaurants professionnels qui ont besoin d'une petite machine, ou pour un usage domestique.<\/p>\n<p>Cette conception c<strong>ombina polyvalence et facilit\u00e9 d'utilisation<\/strong>Il optimise le processus de travail de la p\u00e2te et simplifie les op\u00e9rations quotidiennes dans la cuisine.<\/p>\n<p>Les principaux avantages du m\u00e9langeur professionnel \u00e0 spirale Famag avec t\u00eate relevable et cuve amovible par rapport \u00e0 un mod\u00e8le \u00e0 t\u00eate et cuve fixes sont les suivants :<\/p>\n<ul>\n<li><strong>Facilit\u00e9 de nettoyage<\/strong>permet de retirer facilement le bol du mixeur pour un nettoyage rapide et complet. Cela r\u00e9duit le risque de contamination et garantit une hygi\u00e8ne optimale ;<\/li>\n<li><strong>Accessibilit\u00e9 accrue<\/strong>La t\u00eate relevable permet d'acc\u00e9der facilement \u00e0 l'int\u00e9rieur de la machine, sans avoir \u00e0 se fatiguer pour extraire la p\u00e2te. Lorsque la t\u00eate est relev\u00e9e, vous pouvez ajouter des ingr\u00e9dients, v\u00e9rifier la p\u00e2te ou la retirer du bol sans avoir \u00e0 manipuler la machine ;<\/li>\n<li><strong>D\u00e9chargement facile de la p\u00e2te<\/strong>Gr\u00e2ce \u00e0 la t\u00eate relevable et \u00e0 la cuve amovible, l'extraction de la p\u00e2te devient beaucoup plus facile. Plus besoin d'incliner la machine ou de faire des mouvements brusques : le bol se soul\u00e8ve et s'enl\u00e8ve facilement, ce qui permet de transf\u00e9rer la p\u00e2te sans effort ;<\/li>\n<li><strong>R\u00e9duire la fatigue de l'op\u00e9rateur<\/strong>La possibilit\u00e9 de soulever la t\u00eate et de retirer le r\u00e9servoir sans effort minimise la fatigue physique de l'op\u00e9rateur, ce qui rend le travail plus confortable et plus s\u00fbr, en particulier lors de longues p\u00e9riodes de travail. Les possibilit\u00e9s de r\u00e9glage de la machine rendent l'utilisation quotidienne plus ergonomique et moins stressante ;<\/li>\n<li><strong>Polyvalence<\/strong>La conception de la machine, avec sa t\u00eate relevable et sa cuve amovible, offre une plus grande polyvalence dans l'utilisation de la machine. La cuve peut \u00eatre facilement d\u00e9plac\u00e9e et rang\u00e9e, tandis que la machine peut \u00eatre utilis\u00e9e pour des p\u00e2tes plus d\u00e9licates ou plus lourdes, s'adaptant ainsi rapidement aux diff\u00e9rents besoins de production. En outre, la combinaison des fonctions optimise l'utilisation de l'espace dans la cuisine, am\u00e9liorant ainsi l'organisation ;<\/li>\n<li><strong>Facilit\u00e9 d'entretien<\/strong>Gr\u00e2ce \u00e0 la t\u00eate qui se soul\u00e8ve et \u00e0 la cuve qui se retire, l'entretien du p\u00e9trin est grandement simplifi\u00e9. La possibilit\u00e9 d'inspecter facilement les composants internes et d'\u00e9liminer les r\u00e9sidus de p\u00e2te r\u00e9duit le risque de dysfonctionnement et garantit un fonctionnement continu et sans probl\u00e8me ;<\/li>\n<li><strong>Conception compacte et efficace<\/strong>Malgr\u00e9 ses fonctionnalit\u00e9s avanc\u00e9es, le p\u00e9trin \u00e0 t\u00eate relevable et \u00e0 cuve amovible conserve un design compact pour optimiser l'espace de la cuisine. Il est donc id\u00e9al pour les environnements professionnels o\u00f9 l'espace est limit\u00e9, mais qui requi\u00e8rent des performances \u00e9lev\u00e9es.<\/li>\n<\/ul>","protected":false},"excerpt":{"rendered":"<p><span style=\"color: #ff0000;\"><span style=\"color: #282828;\">M\u00e9langeurs \u00e0 spirale professionnels <strong>t\u00eate relevable et r\u00e9servoir amovible<\/strong>. La t\u00eate de la machine se soul\u00e8ve et le bol de m\u00e9lange peut \u00eatre retir\u00e9 facilement. Des mod\u00e8les de 5, 6, 8 et 10 kg sont disponibles, y compris pour une hydratation \u00e9lev\u00e9e. <\/span><strong>Livraison gratuite en Italie (sauf dans les r\u00e9gions \u00e9loign\u00e9es)<\/strong><\/span><\/p>\n<p><a href=\"https:\/\/www.elettrowebstore.com\/shop\/estensione-di-garanzia-elettrodomestici-3-anni-fino-a-2000-euro\/\" target=\"_blank\" rel=\"noopener\"><span style=\"color: #0000ff;\"><strong>Achetez l'extension de garantie adapt\u00e9e \u00e0 votre mod\u00e8le !<\/strong><\/span><\/a><\/p>","protected":false},"featured_media":657638,"template":"","meta":[],"product_brand":[],"product_cat":[16,2713,753],"product_tag":[2575,364,201,2574,754,1389,68,1390,20,1391,99,2714,2715],"class_list":{"0":"post-657603","1":"product","2":"type-product","3":"status-publish","4":"has-post-thumbnail","6":"product_cat-attrezzature-professionali","7":"product_cat-impastatrici-a-spirale","8":"product_cat-impastatrici-elettriche-uso-domestico","9":"product_tag-230-v","10":"product_tag-acciaio-inox","11":"product_tag-elettrico","12":"product_tag-famag","13":"product_tag-impastatrice","14":"product_tag-impasto","15":"product_tag-macchina","16":"product_tag-pane","17":"product_tag-pasta","18":"product_tag-pizza","19":"product_tag-professionale","20":"product_tag-spirale","21":"product_tag-trasmissione-a-catena","22":"product_shipping_class-garden","24":"first","25":"instock","26":"sale","27":"taxable","28":"shipping-taxable","29":"purchasable","30":"product-type-variable","31":"has-default-attributes"},"_links":{"self":[{"href":"https:\/\/www.elettrowebstore.com\/fr\/wp-json\/wp\/v2\/product\/657603","targetHints":{"allow":["GET"]}}],"collection":[{"href":"https:\/\/www.elettrowebstore.com\/fr\/wp-json\/wp\/v2\/product"}],"about":[{"href":"https:\/\/www.elettrowebstore.com\/fr\/wp-json\/wp\/v2\/types\/product"}],"wp:featuredmedia":[{"embeddable":true,"href":"https:\/\/www.elettrowebstore.com\/fr\/wp-json\/wp\/v2\/media\/657638"}],"wp:attachment":[{"href":"https:\/\/www.elettrowebstore.com\/fr\/wp-json\/wp\/v2\/media?parent=657603"}],"wp:term":[{"taxonomy":"product_brand","embeddable":true,"href":"https:\/\/www.elettrowebstore.com\/fr\/wp-json\/wp\/v2\/product_brand?post=657603"},{"taxonomy":"product_cat","embeddable":true,"href":"https:\/\/www.elettrowebstore.com\/fr\/wp-json\/wp\/v2\/product_cat?post=657603"},{"taxonomy":"product_tag","embeddable":true,"href":"https:\/\/www.elettrowebstore.com\/fr\/wp-json\/wp\/v2\/product_tag?post=657603"}],"curies":[{"name":"wp","href":"https:\/\/api.w.org\/{rel}","templated":true}]}}