{"id":6555,"date":"2019-03-07T19:22:33","date_gmt":"2019-03-07T18:22:33","guid":{"rendered":"https:\/\/www.elettrowebstore.com\/?post_type=product&#038;p=6555"},"modified":"2021-01-18T13:14:13","modified_gmt":"2021-01-18T12:14:13","slug":"xtreme-volante-con-pedaliera-ufficiale-sony-ps4-wh4-3201v","status":"publish","type":"product","link":"https:\/\/www.elettrowebstore.com\/fr\/shop\/xtreme-steering-wheel-with-pedal-set-official-sony-ps4-wh4-3201v\/","title":{"rendered":"Volant XTREME avec p\u00e9dalier officiel Sony PS4 WH4-3201V"},"content":{"rendered":"<h2><strong>Volant XTREME avec p\u00e9dalier officiel Sony PS4 WH4-3201V<\/strong><\/h2>\n<p style=\"text-align: left\"><strong>Volant XTREME avec p\u00e9dalier officiel Sony PS4 WH4-3201V<\/strong>\u00a0est l'un des meilleurs volants gaming en vente sur le march\u00e9 italien en termes de rapport qualit\u00e9\/prix. Ce produit b\u00e9n\u00e9ficie de la licence officielle SONY et d'une compatibilit\u00e9 totale avec les plateformes PlayStation 4.<\/p>\n<p><img loading=\"lazy\" decoding=\"async\" class=\"aligncenter wp-image-6600\" src=\"https:\/\/www.elettrowebstore.com\/EWS_Store\/wp-content\/uploads\/2020\/04\/extreme-volante-pedaliera-ufficiale-sony-ps4-WH4-3201V-2.jpg\" alt=\"Volant XTREME avec p\u00e9dalier officiel Sony PS4 WH4-3201V\" width=\"640\" height=\"800\" srcset=\"https:\/\/www.elettrowebstore.com\/EWS_Store\/wp-content\/uploads\/extreme-volante-pedaliera-ufficiale-sony-ps4-WH4-3201V-2.jpg 1024w, https:\/\/www.elettrowebstore.com\/EWS_Store\/wp-content\/uploads\/extreme-volante-pedaliera-ufficiale-sony-ps4-WH4-3201V-2-600x750.jpg 600w, https:\/\/www.elettrowebstore.com\/EWS_Store\/wp-content\/uploads\/extreme-volante-pedaliera-ufficiale-sony-ps4-WH4-3201V-2-768x960.jpg 768w\" sizes=\"auto, (max-width: 640px) 100vw, 640px\" \/><\/p>\n<p>Cet ensemble complet de volant et de p\u00e9dales est fabriqu\u00e9 par XTREME et porte le nom commercial de <strong>Pace Wheel Ps4 4axis x F1<\/strong>.<\/p>\n<p>I <strong>moteurs int\u00e9gr\u00e9s<\/strong> transmettent les vibrations de la piste directement au volant. En fait, cela vous permet de ressentir toutes les sensations de ce qui se passe dans votre si\u00e8ge et dans votre environnement, si le jeu prend en charge les vibrations. De plus, les capteurs dont il est \u00e9quip\u00e9 sont magn\u00e9tiques et garantissent une tr\u00e8s grande sensibilit\u00e9. Enfin, le design ergonomique assure le confort et \u00e9vite la fatigue lors de longues sessions de jeu.<\/p>\n<p><img loading=\"lazy\" decoding=\"async\" class=\"aligncenter wp-image-6602\" src=\"https:\/\/www.elettrowebstore.com\/EWS_Store\/wp-content\/uploads\/2020\/04\/extreme-volante-pedaliera-ufficiale-sony-ps4-WH4-3201V-4.jpg\" alt=\"Volant XTREME avec p\u00e9dalier officiel Sony PS4 WH4-3201V\" width=\"800\" height=\"640\" srcset=\"https:\/\/www.elettrowebstore.com\/EWS_Store\/wp-content\/uploads\/extreme-volante-pedaliera-ufficiale-sony-ps4-WH4-3201V-4.jpg 1280w, https:\/\/www.elettrowebstore.com\/EWS_Store\/wp-content\/uploads\/extreme-volante-pedaliera-ufficiale-sony-ps4-WH4-3201V-4-600x480.jpg 600w, https:\/\/www.elettrowebstore.com\/EWS_Store\/wp-content\/uploads\/extreme-volante-pedaliera-ufficiale-sony-ps4-WH4-3201V-4-768x614.jpg 768w\" sizes=\"auto, (max-width: 800px) 100vw, 800px\" \/><\/p>\n<p><img loading=\"lazy\" decoding=\"async\" class=\"aligncenter wp-image-6599\" src=\"https:\/\/www.elettrowebstore.com\/EWS_Store\/wp-content\/uploads\/2020\/04\/extreme-volante-pedaliera-ufficiale-sony-ps4-WH4-3201V-5.jpg\" alt=\"Volant XTREME avec p\u00e9dalier officiel Sony PS4 WH4-3201V\" width=\"801\" height=\"408\" srcset=\"https:\/\/www.elettrowebstore.com\/EWS_Store\/wp-content\/uploads\/extreme-volante-pedaliera-ufficiale-sony-ps4-WH4-3201V-5.jpg 1280w, https:\/\/www.elettrowebstore.com\/EWS_Store\/wp-content\/uploads\/extreme-volante-pedaliera-ufficiale-sony-ps4-WH4-3201V-5-600x306.jpg 600w, https:\/\/www.elettrowebstore.com\/EWS_Store\/wp-content\/uploads\/extreme-volante-pedaliera-ufficiale-sony-ps4-WH4-3201V-5-768x391.jpg 768w\" sizes=\"auto, (max-width: 801px) 100vw, 801px\" \/><\/p>\n<p>Les fonctions de ce volant officiel Sony <strong>accro\u00eetre le r\u00e9alisme de l'exp\u00e9rience de jeu<\/strong>.<\/p>\n<p>Ce volant officiel de la PlayStation 4 de Sony est enti\u00e8rement r\u00e9glable vers l'avant et vers l'arri\u00e8re, ce qui permet de le monter sur des avions de diff\u00e9rentes tailles.<\/p>\n<p><img loading=\"lazy\" decoding=\"async\" class=\"aligncenter wp-image-6596\" src=\"https:\/\/www.elettrowebstore.com\/EWS_Store\/wp-content\/uploads\/2020\/04\/extreme-volante-pedaliera-ufficiale-sony-ps4-WH4-3201V-8.jpg\" alt=\"Volant XTREME avec p\u00e9dalier officiel Sony PS4 WH4-3201V\" width=\"800\" height=\"640\" srcset=\"https:\/\/www.elettrowebstore.com\/EWS_Store\/wp-content\/uploads\/extreme-volante-pedaliera-ufficiale-sony-ps4-WH4-3201V-8.jpg 1280w, https:\/\/www.elettrowebstore.com\/EWS_Store\/wp-content\/uploads\/extreme-volante-pedaliera-ufficiale-sony-ps4-WH4-3201V-8-600x480.jpg 600w, https:\/\/www.elettrowebstore.com\/EWS_Store\/wp-content\/uploads\/extreme-volante-pedaliera-ufficiale-sony-ps4-WH4-3201V-8-768x614.jpg 768w\" sizes=\"auto, (max-width: 800px) 100vw, 800px\" \/><\/p>\n<p>Le p\u00e9dalier de ce kit, sp\u00e9cialement con\u00e7u pour un support de jeu professionnel, est \u00e9galement r\u00e9glable. En effet, les deux p\u00e9dales, qui sont \u00e9quip\u00e9es d'un bloc sp\u00e9cial, peuvent \u00eatre d\u00e9plac\u00e9es vers la gauche et vers la droite. Cela permet d'orienter les p\u00e9dales de mani\u00e8re optimale en fonction de l'endroit o\u00f9 vous jouez.<\/p>\n<p><img loading=\"lazy\" decoding=\"async\" class=\"aligncenter wp-image-6599\" src=\"https:\/\/www.elettrowebstore.com\/EWS_Store\/wp-content\/uploads\/2020\/04\/extreme-volante-pedaliera-ufficiale-sony-ps4-WH4-3201V-5.jpg\" alt=\"Volant XTREME avec p\u00e9dalier officiel Sony PS4 WH4-3201V\" width=\"801\" height=\"408\" srcset=\"https:\/\/www.elettrowebstore.com\/EWS_Store\/wp-content\/uploads\/extreme-volante-pedaliera-ufficiale-sony-ps4-WH4-3201V-5.jpg 1280w, https:\/\/www.elettrowebstore.com\/EWS_Store\/wp-content\/uploads\/extreme-volante-pedaliera-ufficiale-sony-ps4-WH4-3201V-5-600x306.jpg 600w, https:\/\/www.elettrowebstore.com\/EWS_Store\/wp-content\/uploads\/extreme-volante-pedaliera-ufficiale-sony-ps4-WH4-3201V-5-768x391.jpg 768w\" sizes=\"auto, (max-width: 801px) 100vw, 801px\" \/><\/p>\n<p>&nbsp;<\/p>\n<h2><strong>Sp\u00e9cifications techniques<\/strong><\/h2>\n<ul>\n<li>effets de vibration pour une sensation de course r\u00e9aliste<\/li>\n<li>4 axes, 12 boutons<\/li>\n<li>volant avec une prise en main parfaite<\/li>\n<li>3 niveaux de sensibilit\u00e9 pour adapter le style de conduite<\/li>\n<li>Rotation de 270 degr\u00e9s<\/li>\n<li>inclinaison r\u00e9glable jusqu'\u00e0 90 degr\u00e9s<\/li>\n<li>fonction du pav\u00e9 directionnel de l'axe<\/li>\n<li>p\u00e9dales ergonomiques et p\u00e9dales pliantes<\/li>\n<li>volant d\u00e9tachable<\/li>\n<li>double option : mode gamepad et mode gamewheel<\/li>\n<li>Adh\u00e9sion parfaite \u00e0 la surface d'appui et ventouses assurant une excellente stabilit\u00e9<\/li>\n<li>complet avec pince de bureau<\/li>\n<li>3 niveaux de sensibilit\u00e9 permettant de s'adapter aux styles de conduite personnels<\/li>\n<li>produit complet avec volant et p\u00e9dalier<\/li>\n<li>compatible avec la Play Station 4 de Sony<\/li>\n<li>dimensions : 400x270x220 mm<\/li>\n<\/ul>\n<p>&nbsp;<\/p>\n<h2><strong>Plus d'informations sur le Volant XTREME avec le p\u00e9dalier officiel Sony PS4 WH4-3201V<br \/>\n<\/strong><\/h2>\n<p>Pour mieux \u00e9valuer les caract\u00e9ristiques de XTREME Steering Wheel with Pedals official Sony PS4 WH4-3201V vous pouvez consulter et t\u00e9l\u00e9charger la fiche technique. <a href=\"http:\/\/www.playxtreme.it\/Infinity24\/dms\/ariete_web_site\/manuale%20d'uso\/PACE%20MANUALE%20ITA-ING.pdf\"><strong>manuel technique de l'utilisateur<\/strong><\/a>.<\/p>\n<p>Afin d'am\u00e9liorer la qualit\u00e9 des produits, le fabricant se r\u00e9serve le droit de modifier les mat\u00e9riaux et les sp\u00e9cifications pour des raisons techniques et\/ou de production sans pr\u00e9avis. Les descriptions et images donn\u00e9es ici sont donc indicatives et peuvent varier l\u00e9g\u00e8rement par rapport au produit final.<\/p>\n<p>&nbsp;<\/p>\n<h2><strong>Garantie<\/strong><\/h2>\n<p><strong>XTREME HURRICANE volant avec p\u00e9dalier WH-3103V<\/strong> est un produit couvert par la garantie originale du fabricant en ITALIE (validit\u00e9 minimale de 24 mois, conform\u00e9ment au d\u00e9cret l\u00e9gislatif 24\/2002), s'il est achet\u00e9 par un consommateur.<\/p>\n<p>Pendant cette p\u00e9riode, en cas de d\u00e9faut imputable \u00e0 la garantie, le produit peut \u00eatre renvoy\u00e9 avec la preuve d'achat et le produit sera, \u00e0 la discr\u00e9tion du distributeur, r\u00e9par\u00e9 ou remplac\u00e9 sans frais suppl\u00e9mentaires.<\/p>\n<p>La garantie ne s'applique pas si le produit est endommag\u00e9 \u00e0 la suite d'une mauvaise utilisation, d'une n\u00e9gligence, d'un accident, d'une modification, d'une alt\u00e9ration ou pour toute autre raison non li\u00e9e \u00e0 des d\u00e9fauts des mat\u00e9riaux d'origine et\/ou de la construction d'origine.<\/p>\n<p>Ce produit est conforme aux directives 2014\/30 - 2011\/65, les d\u00e9clarations sont disponibles \u00e0 l'adresse suivante <a href=\"http:\/\/www.xtreme.it\"><strong>www.xtreme.it<\/strong><\/a><\/p>\n<p>&nbsp;<\/p>\n<h2><strong>Informations sur la marque XTREME<\/strong><\/h2>\n<p><span id=\"htvmp_labelText\" class=\"contentText\"><img loading=\"lazy\" decoding=\"async\" class=\"size-full wp-image-6603 alignleft\" src=\"https:\/\/www.elettrowebstore.com\/EWS_Store\/wp-content\/uploads\/2020\/04\/xtreme-logo.png\" alt=\"logo officiel xtreme\" width=\"200\" height=\"100\" \/>En 1995, la marque \"Xtreme\" est n\u00e9e, entrant sur le march\u00e9 des accessoires et dont l'excellent rapport qualit\u00e9\/prix reste dans la m\u00e9moire des consommateurs.<\/span><\/p>\n<p><span id=\"htvmp_labelText\" class=\"contentText\">Les ann\u00e9es passent et Xtreme est d\u00e9j\u00e0 pr\u00e9sent dans les rayons du commerce sp\u00e9cialis\u00e9 et de nombreuses grandes cha\u00eenes d'\u00e9lectronique. Depuis 2007, un important plan de licence est \u00e9galement en cours, impliquant le d\u00e9veloppement de produits et des op\u00e9rations de marketing, Xtreme jouant un r\u00f4le de premier plan aux c\u00f4t\u00e9s d'autres marques prestigieuses.<br \/>\n<\/span><\/p>\n<p><span id=\"htvmp_labelText\" class=\"contentText\">\u00c0 partir de 2012, de nouvelles lignes de produits ont \u00e9t\u00e9 introduites, s'\u00e9loignant de l'univers initial des jeux vid\u00e9o et des accessoires de jeux ; les premiers \u00e9couteurs, casques, banques d'alimentation sont arriv\u00e9s, et une attention particuli\u00e8re a commenc\u00e9 \u00e0 \u00eatre accord\u00e9e aux ph\u00e9nom\u00e8nes \u00e0 la mode tels que les drones<\/span>.<\/p>\n<p>&nbsp;<\/p>\n<h2><strong>D\u00e9lai de livraison<\/strong><\/h2>\n<p>Ce produit est disponible pour une livraison imm\u00e9diate dans un d\u00e9lai moyen de 2 jours ouvrables apr\u00e8s la commande.<\/p>\n<p><a href=\"https:\/\/www.elettrowebstore.com\/spedizioni-consegne-prodotti-italia-estero\/\"><img loading=\"lazy\" decoding=\"async\" class=\"aligncenter wp-image-5149 size-full\" src=\"https:\/\/www.elettrowebstore.com\/EWS_Store\/wp-content\/uploads\/2020\/04\/elettrowebstore-spedizione-con-corrieri-brt-sda-dhl_n75nxd.jpg\" alt=\"ElettroWebStore est livr\u00e9 par des transporteurs rapides BRT SDA DHL\" width=\"649\" height=\"175\" srcset=\"https:\/\/www.elettrowebstore.com\/EWS_Store\/wp-content\/uploads\/elettrowebstore-spedizione-con-corrieri-brt-sda-dhl_n75nxd.jpg 649w, https:\/\/www.elettrowebstore.com\/EWS_Store\/wp-content\/uploads\/elettrowebstore-spedizione-con-corrieri-brt-sda-dhl_n75nxd-600x162.jpg 600w\" sizes=\"auto, (max-width: 649px) 100vw, 649px\" \/><\/a><\/p>\n<p>&nbsp;<\/p>\n<h2><strong>\u00a0Modes de paiement accept\u00e9s<\/strong><\/h2>\n<p><strong>Sur le site d'ElettroWebStore, vous pouvez payer avec toutes les m\u00e9thodes courantes<\/strong>\u00e0 la fois sp\u00e9cifiques \u00e0 Internet (telles que les cartes pr\u00e9pay\u00e9es) et traditionnelles (telles que les cartes de cr\u00e9dit classiques).<\/p>\n<p><a href=\"https:\/\/www.elettrowebstore.com\/pagamenti-sicuri-sul-sito-elettrowebstore\/\"><img loading=\"lazy\" decoding=\"async\" class=\"aligncenter size-full wp-image-5151\" src=\"https:\/\/www.elettrowebstore.com\/EWS_Store\/wp-content\/uploads\/2020\/04\/elettrowebstore-pagamenti_berj9q.jpg\" alt=\"Modes de paiement accept\u00e9s sur le site ElettroWebStore\" width=\"649\" height=\"226\" srcset=\"https:\/\/www.elettrowebstore.com\/EWS_Store\/wp-content\/uploads\/elettrowebstore-pagamenti_berj9q.jpg 649w, https:\/\/www.elettrowebstore.com\/EWS_Store\/wp-content\/uploads\/elettrowebstore-pagamenti_berj9q-600x209.jpg 600w\" sizes=\"auto, (max-width: 649px) 100vw, 649px\" \/><\/a><\/p>\n<p>&nbsp;<\/p>\n<p>Tous les paiements sont effectu\u00e9s par l'interm\u00e9diaire du <a href=\"https:\/\/www.paypal.com\/it\/webapps\/mpp\/paypal-safety-and-security\"><strong>Paypal<\/strong><\/a>. De plus, m\u00eame si vous n'avez pas Paypal, vous pouvez toujours payer sans vous inscrire et sans enregistrer vos donn\u00e9es d'identification. Il vous suffit de saisir vos donn\u00e9es dans les pages Paypal.<\/p>\n<p>En aucun cas ElettroWebStore ne traitera les donn\u00e9es de votre carte de paiement ou n'en aura connaissance. En fait, ElettroWebStore verra seulement si le paiement a \u00e9t\u00e9 effectu\u00e9 ou non !<\/p>\n<p>Notre site utilise les protocoles HTTPS, qui garantissent des normes de s\u00e9curit\u00e9 \u00e9lev\u00e9es pour les utilisateurs !<\/p>","protected":false},"excerpt":{"rendered":"<p>XTREME Official Sony PS4 Steering Wheel with Pedals WH4-3201V est le produit certifi\u00e9 pour jouer aux meilleurs simulateurs de conduite sur la Play Station 4.<\/p>","protected":false},"featured_media":6598,"template":"","meta":[],"product_brand":[],"product_cat":[57,709],"product_tag":[795,797,763,714,766,796,761,421],"class_list":{"0":"post-6555","1":"product","2":"type-product","3":"status-publish","4":"has-post-thumbnail","6":"product_cat-elettronica","7":"product_cat-gaming","8":"product_tag-compatibile","9":"product_tag-force-feedback","10":"product_tag-pedaliera","11":"product_tag-ps4","12":"product_tag-sony","13":"product_tag-ufficiale","14":"product_tag-volante","15":"product_tag-xtreme","16":"product_shipping_class-pe","18":"first","19":"outofstock","20":"sale","21":"taxable","22":"shipping-taxable","23":"purchasable","24":"product-type-simple"},"_links":{"self":[{"href":"https:\/\/www.elettrowebstore.com\/fr\/wp-json\/wp\/v2\/product\/6555","targetHints":{"allow":["GET"]}}],"collection":[{"href":"https:\/\/www.elettrowebstore.com\/fr\/wp-json\/wp\/v2\/product"}],"about":[{"href":"https:\/\/www.elettrowebstore.com\/fr\/wp-json\/wp\/v2\/types\/product"}],"wp:featuredmedia":[{"embeddable":true,"href":"https:\/\/www.elettrowebstore.com\/fr\/wp-json\/wp\/v2\/media\/6598"}],"wp:attachment":[{"href":"https:\/\/www.elettrowebstore.com\/fr\/wp-json\/wp\/v2\/media?parent=6555"}],"wp:term":[{"taxonomy":"product_brand","embeddable":true,"href":"https:\/\/www.elettrowebstore.com\/fr\/wp-json\/wp\/v2\/product_brand?post=6555"},{"taxonomy":"product_cat","embeddable":true,"href":"https:\/\/www.elettrowebstore.com\/fr\/wp-json\/wp\/v2\/product_cat?post=6555"},{"taxonomy":"product_tag","embeddable":true,"href":"https:\/\/www.elettrowebstore.com\/fr\/wp-json\/wp\/v2\/product_tag?post=6555"}],"curies":[{"name":"wp","href":"https:\/\/api.w.org\/{rel}","templated":true}]}}