{"id":6085,"date":"2018-11-20T17:44:32","date_gmt":"2018-11-20T16:44:32","guid":{"rendered":"https:\/\/www.elettrowebstore.com\/?post_type=product&#038;p=6085"},"modified":"2022-11-04T17:07:52","modified_gmt":"2022-11-04T16:07:52","slug":"gaggia-viva-style-macchina-caffe-domestica-a-polvere-e-cialde-ri8433-11","status":"publish","type":"product","link":"https:\/\/www.elettrowebstore.com\/fr\/shop\/gaggia-viva-style-machine-a-cafe-domestique-avec-poudre-et-dosettes-ri8433-11\/","title":{"rendered":"GAGGIA Viva Style machine \u00e0 caf\u00e9 domestique avec poudre et dosettes RI8433-11"},"content":{"rendered":"<h2><strong>GAGGIA Viva Style machine \u00e0 caf\u00e9 domestique avec poudre et dosettes RI8433-11<\/strong><\/h2>\n<p><a href=\"https:\/\/www.elettrowebstore.com\/shop\/gaggia-viva-style-macchina-caffe-domestica-a-polvere-e-cialde-ri8433-11\/\"><strong>GAGGIA Viva Style machine \u00e0 caf\u00e9 domestique avec poudre et dosettes RI8433-11<\/strong><\/a>\u00a0est la machine \u00e0 caf\u00e9 GAGGIA, dont la structure est enti\u00e8rement en plastique ABS noir.<\/p>\n<p>On parle de machine \u00e0 caf\u00e9 manuelle car l'utilisateur doit ins\u00e9rer le caf\u00e9 en poudre ou la dosette en papier dans le porte-filtre. En effet, la machine \u00e0 caf\u00e9 GAGGIA Viva Style est compatible \u00e0 la fois avec le caf\u00e9 en poudre, c'est-\u00e0-dire le caf\u00e9 moulu, et les dosettes en papier. Elle ne peut pas \u00eatre utilis\u00e9e avec des capsules.<\/p>\n<p>Toutes les machines \u00e0 caf\u00e9 GAGGIA sont fabriqu\u00e9es en Italie, avec la plus grande attention aux d\u00e9tails et \u00e0 la qualit\u00e9 g\u00e9n\u00e9rale du produit. Achetez des produits italiens et non des produits import\u00e9s !<\/p>\n<p>La qualit\u00e9 des machines \u00e0 caf\u00e9 GAGGIA n'est pas seulement due \u00e0 l'importance du nom de la marque. Le fondateur est en effet l'inventeur des machines \u00e0 caf\u00e9 espresso telles que nous les connaissons aujourd'hui. Le caf\u00e9 produit par les machines \u00e0 caf\u00e9 GAGGIA est de la plus haute qualit\u00e9 et est digne d'un bar, m\u00eame pour les machines domestiques.<\/p>\n<p>\u00c0 ces caract\u00e9ristiques s'ajoutent toutefois la coh\u00e9rence et la robustesse des ch\u00e2ssis des machines \u00e0 caf\u00e9 ainsi que des composants internes utilis\u00e9s.<\/p>\n<p>Les machines \u00e0 caf\u00e9 GAGGIA sont d\u00e9sormais entretenues par les CAT de Philips. C'est la garantie d'une intervention rapide pour tous les besoins et toutes les urgences, parce qu'en Italie, \"le caf\u00e9 se d\u00e9guste tous les jours !<\/p>\n<p><img loading=\"lazy\" decoding=\"async\" class=\"aligncenter wp-image-6089\" src=\"https:\/\/www.elettrowebstore.com\/EWS_Store\/wp-content\/uploads\/2020\/04\/gaggia-viva-style-macchina-caffe-manuale-polvere-cialde-RI8433-11-1.jpg\" alt=\"\" width=\"800\" height=\"640\" srcset=\"https:\/\/www.elettrowebstore.com\/EWS_Store\/wp-content\/uploads\/gaggia-viva-style-macchina-caffe-manuale-polvere-cialde-RI8433-11-1.jpg 1280w, https:\/\/www.elettrowebstore.com\/EWS_Store\/wp-content\/uploads\/gaggia-viva-style-macchina-caffe-manuale-polvere-cialde-RI8433-11-1-600x480.jpg 600w, https:\/\/www.elettrowebstore.com\/EWS_Store\/wp-content\/uploads\/gaggia-viva-style-macchina-caffe-manuale-polvere-cialde-RI8433-11-1-768x614.jpg 768w\" sizes=\"auto, (max-width: 800px) 100vw, 800px\" \/><\/p>\n<p>&nbsp;<\/p>\n<h2><strong>Sp\u00e9cifications techniques<\/strong><\/h2>\n<p>Vous trouverez ci-dessous les principales caract\u00e9ristiques de la <strong><a href=\"https:\/\/www.elettrowebstore.com\/shop\/gaggia-viva-style-macchina-caffe-domestica-a-polvere-e-cialde-ri8433-11\/\">GAGGIA Viva Style machine \u00e0 caf\u00e9 domestique avec poudre et dosettes RI8433-11<\/a><\/strong><\/p>\n<ul>\n<li>Interface : bouton de commande<\/li>\n<li>Porte-filtre pressuris\u00e9 cr\u00e8me parfaite<\/li>\n<li>Distributeur d'eau chaude\/vapeur<\/li>\n<li>Marqueur classique en plastique noir<\/li>\n<li>Couleur de la carrosserie : noir<\/li>\n<li>Pr\u00e9parer un caf\u00e9 expresso<\/li>\n<li>Production de vapeur<\/li>\n<li>Production d'eau chaude<\/li>\n<li>Compatible avec le caf\u00e9 moulu et les dosettes<\/li>\n<li>Pression de la pompe : 15 bar<\/li>\n<li>Filtres fournis : 2 (1-2 CAPS, PRESSURIZED PODS 'perfect cream')<\/li>\n<li>Capacit\u00e9 du r\u00e9servoir d'eau : 1 litre<\/li>\n<li>Composants amovibles : R\u00c9SERVOIR D'EAU : par le haut, PLATEAU DE VIDANGE : \u00e0 l'avant, PANNEAU<\/li>\n<li>Distribution simultan\u00e9e de 2 tasses de caf\u00e9<\/li>\n<li>Cycle de d\u00e9tartrage MANUEL<\/li>\n<li>Dimensions du produit (L x H x P) : 20 x 29,7 x 26,5 cm<\/li>\n<li>Poids du produit : 3,8 kg<\/li>\n<li>Groupe et porte-filtre : aluminium et plastique<\/li>\n<li>Finition Pannarello : acier inoxydable<\/li>\n<li>Carrosserie : plastique noir<\/li>\n<li>Finition de la face avant : plastique ABS noir<\/li>\n<li>Finition du plateau d'\u00e9gouttage : ABS PLASTIQUE<\/li>\n<li>Alimentation : mise en veille automatique<\/li>\n<li>Chaudi\u00e8re : ACIER INOXYDABLE<\/li>\n<li>Alimentation : 230-240V 50HZ 1025W<\/li>\n<li>Accessoires inclus : distributeur de caf\u00e9 moulu, presse<\/li>\n<\/ul>\n<p><img loading=\"lazy\" decoding=\"async\" class=\"aligncenter wp-image-6090\" src=\"https:\/\/www.elettrowebstore.com\/EWS_Store\/wp-content\/uploads\/2020\/04\/gaggia-viva-style-macchina-caffe-manuale-polvere-cialde-RI8433-11-2.jpg\" alt=\"GAGGIA Viva Style machine \u00e0 caf\u00e9 domestique avec poudre et dosettes RI8433-11\" width=\"800\" height=\"425\" srcset=\"https:\/\/www.elettrowebstore.com\/EWS_Store\/wp-content\/uploads\/gaggia-viva-style-macchina-caffe-manuale-polvere-cialde-RI8433-11-2.jpg 1280w, https:\/\/www.elettrowebstore.com\/EWS_Store\/wp-content\/uploads\/gaggia-viva-style-macchina-caffe-manuale-polvere-cialde-RI8433-11-2-600x319.jpg 600w, https:\/\/www.elettrowebstore.com\/EWS_Store\/wp-content\/uploads\/gaggia-viva-style-macchina-caffe-manuale-polvere-cialde-RI8433-11-2-768x408.jpg 768w\" sizes=\"auto, (max-width: 800px) 100vw, 800px\" \/><\/p>\n<p>&nbsp;<\/p>\n<p>&nbsp;<\/p>\n<h2><strong>Description GAGGIA Viva Style machine \u00e0 caf\u00e9 domestique avec poudre et dosettes RI8433-11<br \/>\n<\/strong><\/h2>\n<p>Le corps en acier inoxydable du <a href=\"https:\/\/www.elettrowebstore.com\/shop\/gaggia-viva-style-macchina-caffe-domestica-a-polvere-e-cialde-ri8433-11\/\"><strong>GAGGIA Viva Style machine \u00e0 caf\u00e9 domestique avec poudre et dosettes RI8433-11<\/strong><\/a> conf\u00e8re \u00e0 cette machine \u00e0 caf\u00e9 un design ergonomique. Le corps de cette machine \u00e0 caf\u00e9 est enti\u00e8rement fabriqu\u00e9 en plastique ABS noir.<\/p>\n<p>Le porte-filtre pressuris\u00e9 \"Perfect Cream\" garantit une cr\u00e8me d\u00e9licieuse et homog\u00e8ne, que vous utilisiez du caf\u00e9 moulu ou des dosettes.<\/p>\n<p>L'utilisation de GAGGIA Viva Style est tr\u00e8s simple et intuitive. Il suffit de tourner le bouton central et GAGGIA Viva Style est imm\u00e9diatement pr\u00eate \u00e0 distribuer un expresso impeccable ou \u00e0 pr\u00e9parer une mousse de lait cr\u00e9meuse.<\/p>\n<p>Le pannarello classique est en plastique. Il permet la m\u00eame approche que le barista traditionnel : il d\u00e9livre de la vapeur pour \u00e9mulsionner le lait ou de l'eau chaude pour pr\u00e9parer le th\u00e9 et les infusions.<\/p>\n<p>La <strong><a href=\"https:\/\/www.elettrowebstore.com\/shop\/gaggia-viva-style-macchina-caffe-domestica-a-polvere-e-cialde-ri8433-11\/\">GAGGIA Viva Style machine \u00e0 caf\u00e9 domestique avec poudre et dosettes RI8433-11<\/a><\/strong> peut utiliser du caf\u00e9 moulu et des dosettes de caf\u00e9 et peut pr\u00e9parer 1 ou 2 tasses de caf\u00e9. Elle dispose d'un filtre pour 1 ou 2 caf\u00e9s et d'un filtre sp\u00e9cial suppl\u00e9mentaire pour les dosettes en papier \u00e0 usage unique.<\/p>\n<p>Cette machine \u00e0 caf\u00e9 est \u00e9quip\u00e9e d'une pompe de 15 bars qui pousse l'eau \u00e0 haute pression dans le caf\u00e9 moulu avec la bonne intensit\u00e9 pour obtenir une cr\u00e8me naturelle au go\u00fbt professionnel.<\/p>\n<p>&nbsp;<\/p>\n<p>&nbsp;<\/p>\n<h2><strong>Informations sur le produit GAGGIA<\/strong><\/h2>\n<p><img loading=\"lazy\" decoding=\"async\" class=\"size-full wp-image-5879 alignleft\" src=\"https:\/\/www.elettrowebstore.com\/EWS_Store\/wp-content\/uploads\/2020\/04\/GAGGIA-logo-macchine-caffe-espresso_587916a68.jpg\" alt=\"GAGGIA-logo-machines \u00e0 caf\u00e9-espresso\" width=\"150\" height=\"71\" \/><\/p>\n<p><a href=\"https:\/\/www.gaggia.it\"><strong>GAGGIA<\/strong><\/a> est l'un des principaux fabricants mondiaux de machines \u00e0 caf\u00e9. Les machines \u00e0 caf\u00e9 Gaggia sont n\u00e9es des recherches futuristes de M. Achille Gaggia, qui a fond\u00e9 l'entreprise sp\u00e9cialis\u00e9e dans la production de machines \u00e0 expresso dans les ann\u00e9es 1930.<\/p>\n<p>Depuis plus d'un demi-si\u00e8cle, GAGGIA produit des machines \u00e0 caf\u00e9 professionnelles et domestiques innovantes et \u00e0 la pointe de la technologie, en visant toujours la meilleure qualit\u00e9 d'espresso. Sa recherche s'est toujours concentr\u00e9e sur l'am\u00e9lioration de l'extraction du caf\u00e9 et l'obtention de la douce couche de \"cr\u00e8me naturelle\" sur le caf\u00e9, \u00e0 la recherche d'un go\u00fbt toujours meilleur.<\/p>\n<p>D\u00e8s lors, d'abord avec des machines \u00e0 caf\u00e9 pour les bars \u00e0 caf\u00e9, puis pour l'usage domestique, GAGGIA est devenu le leader du march\u00e9.<\/p>\n<p>En 1999, Gaggia fusionne avec Saeco et pr\u00e9sente sa gamme de machines \u00e0 espresso automatiques : il suffit d'appuyer sur un bouton pour que la machine moude le caf\u00e9, le presse et le distribue directement dans la tasse ! Dix ans plus tard, Gaggia est vendue \u00e0 PHILIPS ELECTRONICS et fait d\u00e9sormais partie de l'un des plus grands groupes industriels europ\u00e9ens dans le domaine de l'\u00e9lectrom\u00e9nager et de l'\u00e9lectronique, avec un r\u00e9seau extr\u00eamement \u00e9tendu de centres de service agr\u00e9\u00e9s.<\/p>\n<p>&nbsp;<\/p>\n<h2><strong>Garantie<\/strong><\/h2>\n<p>Le produit est couvert par <a href=\"https:\/\/www.elettrowebstore.com\/due-anni-di-garanzia-su-ogni-prodotto-acquistato\/\"><strong>garantie l\u00e9gale<\/strong><\/a>selon la page correspondante de notre site web, que nous vous invitons \u00e0 lire. Nous fournissons \u00e9galement des informations claires sur l'exercice du droit d'auteur. <a href=\"https:\/\/www.elettrowebstore.com\/diritto-di-recesso-restituzione-prodotti\/\"><strong>droit de r\u00e9tractation<\/strong><\/a>.<\/p>\n<p>Pour faciliter l'exercice de ce droit, le fabricant met \u00e0 disposition des centres d'assistance technique agr\u00e9\u00e9s dans tout le pays.<\/p>\n<p>De plus amples informations sur la l\u00e9gislation applicable sont disponibles sur le site web de l'Agence europ\u00e9enne des droits fondamentaux.<a href=\"http:\/\/www.agcm.it\/consumatore\/decalogo\/5102-garanzia-del-venditore-guida-per-il-consumatore.html\"><strong>Autorit\u00e9 de la concurrence et du march\u00e9<\/strong><\/a>.<\/p>\n<p>Afin d'am\u00e9liorer la qualit\u00e9 des produits, le fabricant se r\u00e9serve le droit de modifier les mat\u00e9riaux et les caract\u00e9ristiques techniques de l'article sans pr\u00e9avis.  En outre, les descriptions et les images donn\u00e9es ici sont donc indicatives et peuvent varier l\u00e9g\u00e8rement par rapport au produit final.<\/p>\n<p>Le service et la garantie des produits GAGGIA sont assur\u00e9s directement, dans toute l'Italie et l'Europe, par les centres de service Philips. Pour tout probl\u00e8me concernant ces machines, m\u00eame si elles viennent d'\u00eatre achet\u00e9es ou si elles ont plus de deux ans, tous les clients peuvent s'adresser aux CAT de Philips.<\/p>\n<p>&nbsp;<\/p>\n<h2><strong>D\u00e9lai de livraison<\/strong><\/h2>\n<p>Ce produit est disponible dans un d\u00e9lai moyen de 10 jours ouvrables.<\/p>\n<p>En outre, tous les envois d'ElettroWebStore en Italie sont exempts de frais de transport (\u00e0 l'exception des envois vers des zones particuli\u00e8rement difficiles d'acc\u00e8s) !<\/p>\n<p>Si vous achetez en dehors de l'Italie, le syst\u00e8me calcule des frais d'exp\u00e9dition forfaitaires. Si vous constatez que, par rapport au poids du produit choisi, les frais d'envoi vous semblent excessifs ou disproportionn\u00e9s, finalisez votre commande sans payer et <a href=\"https:\/\/www.elettrowebstore.com\/contatta-lo-staff-di-elettrowebstore\/\"><strong>nous contacter<\/strong><\/a>! Nous \u00e9valuerons et, si n\u00e9cessaire, ajusterons les frais d'exp\u00e9dition \u00e0 l'\u00e9tranger !<\/p>\n<p><a href=\"https:\/\/www.elettrowebstore.com\/spedizioni-consegne-prodotti-italia-estero\/\"><img loading=\"lazy\" decoding=\"async\" class=\"aligncenter wp-image-5149 size-full\" src=\"https:\/\/www.elettrowebstore.com\/EWS_Store\/wp-content\/uploads\/2020\/04\/elettrowebstore-spedizione-con-corrieri-brt-sda-dhl_n75nxd.jpg\" alt=\"ElettroWebStore est livr\u00e9 par des transporteurs rapides BRT SDA DHL\" width=\"649\" height=\"175\" srcset=\"https:\/\/www.elettrowebstore.com\/EWS_Store\/wp-content\/uploads\/elettrowebstore-spedizione-con-corrieri-brt-sda-dhl_n75nxd.jpg 649w, https:\/\/www.elettrowebstore.com\/EWS_Store\/wp-content\/uploads\/elettrowebstore-spedizione-con-corrieri-brt-sda-dhl_n75nxd-600x162.jpg 600w\" sizes=\"auto, (max-width: 649px) 100vw, 649px\" \/><\/a><\/p>\n<p>&nbsp;<\/p>\n<h2><strong>Modes de paiement accept\u00e9s<\/strong><\/h2>\n<p><strong>Sur le site d'ElettroWebStore, vous pouvez payer avec toutes les m\u00e9thodes courantes<\/strong>\u00e0 la fois sp\u00e9cifiques \u00e0 Internet (telles que les cartes pr\u00e9pay\u00e9es) et traditionnelles (telles que les cartes de cr\u00e9dit classiques).<\/p>\n<p><a href=\"https:\/\/www.elettrowebstore.com\/pagamenti-sicuri-sul-sito-elettrowebstore\/\"><img loading=\"lazy\" decoding=\"async\" class=\"aligncenter size-full wp-image-5151\" src=\"https:\/\/www.elettrowebstore.com\/EWS_Store\/wp-content\/uploads\/2020\/04\/elettrowebstore-pagamenti_berj9q.jpg\" alt=\"Modes de paiement accept\u00e9s sur le site ElettroWebStore\" width=\"649\" height=\"226\" srcset=\"https:\/\/www.elettrowebstore.com\/EWS_Store\/wp-content\/uploads\/elettrowebstore-pagamenti_berj9q.jpg 649w, https:\/\/www.elettrowebstore.com\/EWS_Store\/wp-content\/uploads\/elettrowebstore-pagamenti_berj9q-600x209.jpg 600w\" sizes=\"auto, (max-width: 649px) 100vw, 649px\" \/><\/a><\/p>\n<p>&nbsp;<\/p>\n<p>Tous les paiements sont effectu\u00e9s par l'interm\u00e9diaire de <a href=\"https:\/\/www.paypal.com\/it\/webapps\/mpp\/paypal-safety-and-security\"><strong>Paypal<\/strong><\/a>. De plus, m\u00eame si vous ne disposez pas de Paypal, vous pouvez payer sans vous inscrire et sans enregistrer vos donn\u00e9es d'identification. Il vous suffit de saisir vos donn\u00e9es dans les champs appropri\u00e9s. Le syst\u00e8me est crypt\u00e9 et prot\u00e9g\u00e9 et vos donn\u00e9es ne seront en aucun cas communiqu\u00e9es \u00e0 ElettroWebStore. En fait, ElettroWebStore peut seulement voir si votre paiement a \u00e9t\u00e9 effectu\u00e9 ou non et seulement les informations que vous d\u00e9cidez d'introduire !<\/p>\n<p>En aucun cas <a href=\"http:\/\/www.elettrowebstore.com\"><strong>ElettroWebStore<\/strong><\/a> g\u00e9rer les donn\u00e9es de votre carte de paiement ou en prendre connaissance. En effet, les <a href=\"http:\/\/www.elettrowebstore.com\"><strong>ElettroWebStore<\/strong><\/a> ne verra que si le paiement a \u00e9t\u00e9 effectu\u00e9 ou non !<\/p>\n<p>Notre site utilise les protocoles HTTPS, qui garantissent des normes de s\u00e9curit\u00e9 \u00e9lev\u00e9es pour les utilisateurs !<\/p>","protected":false},"excerpt":{"rendered":"<p><a href=\"https:\/\/www.elettrowebstore.com\/shop\/gaggia-prestige-macchina-caffe-domestica-a-polvere-e-cialde-ri8437-11\/\"><strong>GAGGIA Viva Prestige machine \u00e0 caf\u00e9 domestique avec poudre et dosettes RI8437-11<\/strong><\/a> est la machine \u00e0 caf\u00e9 GAGGIA avec une construction en acier inoxydable de haute qualit\u00e9.<\/p>","protected":false},"featured_media":6089,"template":"","meta":[],"product_brand":[],"product_cat":[17,644],"product_tag":[554,648,612,68,630,647,662,653,656,661],"class_list":{"0":"post-6085","1":"product","2":"type-product","3":"status-publish","4":"has-post-thumbnail","6":"product_cat-casalinghi-cura-casa","7":"product_cat-macchine-del-caffe-domestiche","8":"product_tag-caffe","9":"product_tag-cialde","10":"product_tag-gaggia","11":"product_tag-macchina","12":"product_tag-philips","13":"product_tag-polvere","14":"product_tag-ri8433-11","15":"product_tag-style","16":"product_tag-viva","17":"product_tag-viva-style","18":"product_shipping_class-pe10","20":"first","21":"outofstock","22":"sale","23":"taxable","24":"shipping-taxable","25":"purchasable","26":"product-type-simple"},"_links":{"self":[{"href":"https:\/\/www.elettrowebstore.com\/fr\/wp-json\/wp\/v2\/product\/6085","targetHints":{"allow":["GET"]}}],"collection":[{"href":"https:\/\/www.elettrowebstore.com\/fr\/wp-json\/wp\/v2\/product"}],"about":[{"href":"https:\/\/www.elettrowebstore.com\/fr\/wp-json\/wp\/v2\/types\/product"}],"wp:featuredmedia":[{"embeddable":true,"href":"https:\/\/www.elettrowebstore.com\/fr\/wp-json\/wp\/v2\/media\/6089"}],"wp:attachment":[{"href":"https:\/\/www.elettrowebstore.com\/fr\/wp-json\/wp\/v2\/media?parent=6085"}],"wp:term":[{"taxonomy":"product_brand","embeddable":true,"href":"https:\/\/www.elettrowebstore.com\/fr\/wp-json\/wp\/v2\/product_brand?post=6085"},{"taxonomy":"product_cat","embeddable":true,"href":"https:\/\/www.elettrowebstore.com\/fr\/wp-json\/wp\/v2\/product_cat?post=6085"},{"taxonomy":"product_tag","embeddable":true,"href":"https:\/\/www.elettrowebstore.com\/fr\/wp-json\/wp\/v2\/product_tag?post=6085"}],"curies":[{"name":"wp","href":"https:\/\/api.w.org\/{rel}","templated":true}]}}