{"id":6046,"date":"2018-11-19T17:57:22","date_gmt":"2018-11-19T16:57:22","guid":{"rendered":"https:\/\/www.elettrowebstore.com\/?post_type=product&#038;p=6046"},"modified":"2021-01-19T01:30:14","modified_gmt":"2021-01-19T00:30:14","slug":"gaggia-classic-macchina-caffe-domestica-a-polvere-e-cialde-ri9403-11","status":"publish","type":"product","link":"https:\/\/www.elettrowebstore.com\/fr\/shop\/gaggia-classic-machine-a-cafe-domestique-avec-poudre-et-dosettes-ri9403-11\/","title":{"rendered":"GAGGIA Classic machine \u00e0 caf\u00e9 domestique en poudre et \u00e0 dosettes RI9403\/11"},"content":{"rendered":"<h2><strong>GAGGIA Classic machine \u00e0 caf\u00e9 domestique en poudre et \u00e0 dosettes RI9403\/11<\/strong><\/h2>\n<p><a href=\"https:\/\/www.elettrowebstore.com\/shop\/gaggia-classic-macchina-caffe-domestica-a-polvere-e-cialde-ri9403-11\/\"><strong>GAGGIA Classic machine \u00e0 caf\u00e9 domestique en poudre et \u00e0 dosettes RI9403\/11<\/strong><\/a> est la machine \u00e0 caf\u00e9 traditionnelle GAGGIA historiquement la plus populaire et de la meilleure qualit\u00e9, id\u00e9ale pour un usage domestique.<\/p>\n<p>Cette machine \u00e0 caf\u00e9 manuelle allie le design classique des machines \u00e0 caf\u00e9 \u00e9lectriques GAGGIA \u00e0 l'attention port\u00e9e aux mat\u00e9riaux, gr\u00e2ce \u00e0 l'abondance d'acier inoxydable dans le bo\u00eetier et au porte-filtre con\u00e7u de mani\u00e8re professionnelle.<\/p>\n<p>Elle comprend le classique pannarello, qui permet d'\u00e9mulsionner le lait pour obtenir de la cr\u00e8me et de la cr\u00e8me \u00e0 cappuccino. L'interface de cette machine est le classique par excellence, analogique, avec des voyants et des boutons donnant un acc\u00e8s direct aux commandes \"comme autrefois\" !<\/p>\n<p>On parle de machine \u00e0 caf\u00e9 manuelle car l'utilisateur doit ins\u00e9rer le caf\u00e9 en poudre ou la dosette en papier dans le porte-filtre. En effet, la machine \u00e0 caf\u00e9 GAGGIA Classic est compatible avec le caf\u00e9 en poudre, c'est-\u00e0-dire le caf\u00e9 moulu, et les dosettes en papier. Elle ne peut pas \u00eatre utilis\u00e9e avec des capsules.<\/p>\n<p>Toutes les machines \u00e0 caf\u00e9 GAGGIA sont fabriqu\u00e9es en Italie, avec la plus grande attention aux d\u00e9tails et \u00e0 la qualit\u00e9 g\u00e9n\u00e9rale du produit. Achetez des produits italiens et non des produits import\u00e9s !<\/p>\n<p>La qualit\u00e9 des machines \u00e0 caf\u00e9 GAGGIA n'est pas seulement due \u00e0 l'importance du nom de la marque. Le fondateur est en effet l'inventeur des machines \u00e0 caf\u00e9 espresso telles que nous les connaissons aujourd'hui. Le caf\u00e9 produit par les machines \u00e0 caf\u00e9 GAGGIA est de la plus haute qualit\u00e9 et est digne d'un bar, m\u00eame pour les machines domestiques.<\/p>\n<p>\u00c0 ces caract\u00e9ristiques s'ajoutent toutefois la coh\u00e9rence et la robustesse des ch\u00e2ssis des machines \u00e0 caf\u00e9 ainsi que des composants internes utilis\u00e9s.<\/p>\n<p>Les machines \u00e0 caf\u00e9 GAGGIA sont d\u00e9sormais entretenues par les CAT de Philips. C'est la garantie d'une intervention rapide pour tous les besoins et toutes les urgences, parce qu'en Italie, \"le caf\u00e9 se d\u00e9guste tous les jours !<\/p>\n<p><img loading=\"lazy\" decoding=\"async\" class=\"aligncenter size-full wp-image-6054\" src=\"https:\/\/www.elettrowebstore.com\/EWS_Store\/wp-content\/uploads\/2020\/04\/gaggia-classic-macchina-caffe-manuale-polvere-cialde-RI9403-11-1.jpg\" alt=\"GAGGIA Classic machine \u00e0 caf\u00e9 domestique en poudre et \u00e0 dosettes RI9403\/11\" width=\"750\" height=\"600\" srcset=\"https:\/\/www.elettrowebstore.com\/EWS_Store\/wp-content\/uploads\/gaggia-classic-macchina-caffe-manuale-polvere-cialde-RI9403-11-1.jpg 750w, https:\/\/www.elettrowebstore.com\/EWS_Store\/wp-content\/uploads\/gaggia-classic-macchina-caffe-manuale-polvere-cialde-RI9403-11-1-600x480.jpg 600w\" sizes=\"auto, (max-width: 750px) 100vw, 750px\" \/><\/p>\n<p>&nbsp;<\/p>\n<h2><strong>Sp\u00e9cifications techniques<\/strong><\/h2>\n<p>Vous trouverez ci-dessous les principales caract\u00e9ristiques de la <strong><a href=\"https:\/\/www.elettrowebstore.com\/shop\/gaggia-classic-macchina-caffe-domestica-a-polvere-e-cialde-ri9403-11\/\">GAGGIA Classic machine \u00e0 caf\u00e9 domestique en poudre et \u00e0 dosettes RI9403\/11<\/a><\/strong><\/p>\n<ul>\n<li>Interface : ANALOGIQUE<\/li>\n<li>Porte-filtre professionnel en laiton chrom\u00e9<\/li>\n<li>Distributeur d'eau chaude\/vapeur<\/li>\n<li>MARQUEUR PLASTIQUE NOIR CLASSIQUE<\/li>\n<li>Porte-gobelets<\/li>\n<li>Couleurs de la carrosserie : ACIER INOXYDABLE<\/li>\n<li>Pr\u00e9parer un caf\u00e9 expresso<\/li>\n<li>Production de vapeur<\/li>\n<li>Production d'eau chaude<\/li>\n<li>Compatible avec le caf\u00e9 moulu et les dosettes<\/li>\n<li>Pression de la pompe : 15 bar<\/li>\n<li>Filtres fournis : 2 (1-2 CAPS, PRESSURIZED PODS 'perfect cream')<\/li>\n<li>Capacit\u00e9 du r\u00e9servoir d'eau : 2,1 l<\/li>\n<li>Composants amovibles : R\u00c9SERVOIR D'EAU : avant, PLATEAU DE VERSEMENT : avant, PANNEAU<\/li>\n<li>Distribution simultan\u00e9e de 2 tasses de caf\u00e9<\/li>\n<li>Cycle de d\u00e9tartrage MANUEL<\/li>\n<li>Dimensions du produit (L x H x P) : 23 x 38 x 24 cm<\/li>\n<li>Poids du produit : 6,3 kg<\/li>\n<li>Groupe et porte-filtre : LAITON CHROM\u00c9<\/li>\n<li>Pannarello Finition : PLASTIQUE NOIR<\/li>\n<li>Carrosserie : ACIER INOXYDABLE SATINLESS<\/li>\n<li>Finition de la face avant : ACIER INOXYDABLE SATINLESS<\/li>\n<li>Finition du bac de r\u00e9cup\u00e9ration : PLASTIQUE ET ACIER INOXYDABLE<\/li>\n<li>Alimentation : mise en veille automatique<\/li>\n<li>Chaudi\u00e8re : ACIER INOXYDABLE<\/li>\n<li>Alimentation : 230-240V 50Hz 1050W<\/li>\n<li>Accessoires inclus : distributeur de caf\u00e9 moulu, presse<\/li>\n<\/ul>\n<p><img loading=\"lazy\" decoding=\"async\" class=\"aligncenter size-full wp-image-6053\" src=\"https:\/\/www.elettrowebstore.com\/EWS_Store\/wp-content\/uploads\/2020\/04\/gaggia-classic-macchina-caffe-manuale-polvere-cialde-RI9403-11-3.jpg\" alt=\"GAGGIA Classic machine \u00e0 caf\u00e9 domestique en poudre et \u00e0 dosettes RI9403\/11\" width=\"750\" height=\"600\" srcset=\"https:\/\/www.elettrowebstore.com\/EWS_Store\/wp-content\/uploads\/gaggia-classic-macchina-caffe-manuale-polvere-cialde-RI9403-11-3.jpg 750w, https:\/\/www.elettrowebstore.com\/EWS_Store\/wp-content\/uploads\/gaggia-classic-macchina-caffe-manuale-polvere-cialde-RI9403-11-3-600x480.jpg 600w\" sizes=\"auto, (max-width: 750px) 100vw, 750px\" \/><\/p>\n<p>&nbsp;<\/p>\n<h2><strong>Description\u00a0<\/strong><strong>GAGGIA Classic machine \u00e0 caf\u00e9 domestique en poudre et \u00e0 dosettes RI9403\/11<\/strong><\/h2>\n<p>Les machines manuelles Gaggia sont le choix id\u00e9al pour ceux qui veulent le meilleur de la pr\u00e9paration traditionnelle du caf\u00e9 \u00e0 la maison.<\/p>\n<p>Il s'agit de machines domestiques dont les composants ont \u00e9t\u00e9 con\u00e7us par des professionnels et qui permettent de pr\u00e9parer un caf\u00e9 expresso avec une cr\u00e8me parfaite.<\/p>\n<p>Le pannarello professionnel permet \u00e9galement de pr\u00e9parer du lait chaud, des cappuccinos et des lattes.<\/p>\n<p>Avec la simple pratique d'une utilisation quotidienne, il est possible d'obtenir du caf\u00e9 \u00e0 la maison comme au bar, en appr\u00e9ciant les parfums des meilleurs m\u00e9langes en poudre disponibles sur le march\u00e9.<\/p>\n<p><img loading=\"lazy\" decoding=\"async\" class=\"aligncenter size-full wp-image-6049\" src=\"https:\/\/www.elettrowebstore.com\/EWS_Store\/wp-content\/uploads\/2020\/04\/gaggia-classic-macchina-caffe-manuale-polvere-cialde-RI9403-11-6.jpg\" alt=\"GAGGIA Classic machine \u00e0 caf\u00e9 domestique en poudre et \u00e0 dosettes RI9403\/11\" width=\"750\" height=\"600\" srcset=\"https:\/\/www.elettrowebstore.com\/EWS_Store\/wp-content\/uploads\/gaggia-classic-macchina-caffe-manuale-polvere-cialde-RI9403-11-6.jpg 750w, https:\/\/www.elettrowebstore.com\/EWS_Store\/wp-content\/uploads\/gaggia-classic-macchina-caffe-manuale-polvere-cialde-RI9403-11-6-600x480.jpg 600w\" sizes=\"auto, (max-width: 750px) 100vw, 750px\" \/><\/p>\n<p><img loading=\"lazy\" decoding=\"async\" class=\"aligncenter size-full wp-image-6048\" src=\"https:\/\/www.elettrowebstore.com\/EWS_Store\/wp-content\/uploads\/2020\/04\/gaggia-classic-macchina-caffe-manuale-polvere-cialde-RI9403-11-7.jpg\" alt=\"GAGGIA Classic machine \u00e0 caf\u00e9 domestique en poudre et \u00e0 dosettes RI9403\/11\" width=\"750\" height=\"600\" srcset=\"https:\/\/www.elettrowebstore.com\/EWS_Store\/wp-content\/uploads\/gaggia-classic-macchina-caffe-manuale-polvere-cialde-RI9403-11-7.jpg 750w, https:\/\/www.elettrowebstore.com\/EWS_Store\/wp-content\/uploads\/gaggia-classic-macchina-caffe-manuale-polvere-cialde-RI9403-11-7-600x480.jpg 600w\" sizes=\"auto, (max-width: 750px) 100vw, 750px\" \/><\/p>\n<p><img loading=\"lazy\" decoding=\"async\" class=\"aligncenter size-full wp-image-6051\" src=\"https:\/\/www.elettrowebstore.com\/EWS_Store\/wp-content\/uploads\/2020\/04\/gaggia-classic-macchina-caffe-manuale-polvere-cialde-RI9403-11-4.jpg\" alt=\"GAGGIA Classic machine \u00e0 caf\u00e9 domestique en poudre et \u00e0 dosettes RI9403\/11\" width=\"750\" height=\"600\" srcset=\"https:\/\/www.elettrowebstore.com\/EWS_Store\/wp-content\/uploads\/gaggia-classic-macchina-caffe-manuale-polvere-cialde-RI9403-11-4.jpg 750w, https:\/\/www.elettrowebstore.com\/EWS_Store\/wp-content\/uploads\/gaggia-classic-macchina-caffe-manuale-polvere-cialde-RI9403-11-4-600x480.jpg 600w\" sizes=\"auto, (max-width: 750px) 100vw, 750px\" \/><\/p>\n<p>&nbsp;<\/p>\n<h2><strong>Informations sur le produit GAGGIA<\/strong><\/h2>\n<p><img loading=\"lazy\" decoding=\"async\" class=\"size-full wp-image-5879 alignleft\" src=\"https:\/\/www.elettrowebstore.com\/EWS_Store\/wp-content\/uploads\/2020\/04\/GAGGIA-logo-macchine-caffe-espresso.jpg\" alt=\"GAGGIA-logo-machines \u00e0 caf\u00e9-espresso\" width=\"150\" height=\"71\" \/><\/p>\n<p><a href=\"https:\/\/www.gaggia.it\"><strong>GAGGIA<\/strong><\/a> est l'un des principaux fabricants mondiaux de machines \u00e0 caf\u00e9. Les machines \u00e0 caf\u00e9 Gaggia sont n\u00e9es des recherches futuristes de M. Achille Gaggia, qui a fond\u00e9 l'entreprise sp\u00e9cialis\u00e9e dans la production de machines \u00e0 expresso dans les ann\u00e9es 1930.<\/p>\n<p>Depuis plus d'un demi-si\u00e8cle, GAGGIA produit des machines \u00e0 caf\u00e9 professionnelles et domestiques innovantes et \u00e0 la pointe de la technologie, en visant toujours la meilleure qualit\u00e9 d'espresso. Sa recherche s'est toujours concentr\u00e9e sur l'am\u00e9lioration de l'extraction du caf\u00e9 et l'obtention de la douce couche de \"cr\u00e8me naturelle\" sur le caf\u00e9, \u00e0 la recherche d'un go\u00fbt toujours meilleur.<\/p>\n<p>D\u00e8s lors, d'abord avec des machines \u00e0 caf\u00e9 pour les bars \u00e0 caf\u00e9, puis pour l'usage domestique, GAGGIA est devenu le leader du march\u00e9.<\/p>\n<p>En 1999, Gaggia fusionne avec Saeco et pr\u00e9sente sa gamme de machines \u00e0 espresso automatiques : il suffit d'appuyer sur un bouton pour que la machine moude le caf\u00e9, le presse et le distribue directement dans la tasse ! Dix ans plus tard, Gaggia est vendue \u00e0 PHILIPS ELECTRONICS et fait d\u00e9sormais partie de l'un des plus grands groupes industriels europ\u00e9ens dans le domaine de l'\u00e9lectrom\u00e9nager et de l'\u00e9lectronique, avec un r\u00e9seau extr\u00eamement \u00e9tendu de centres de service agr\u00e9\u00e9s.<\/p>\n<h2><\/h2>\n<h2><strong>Garantie<\/strong><\/h2>\n<p>Le produit est couvert par <a href=\"https:\/\/www.elettrowebstore.com\/due-anni-di-garanzia-su-ogni-prodotto-acquistato\/\"><strong>garantie l\u00e9gale<\/strong><\/a>selon la page correspondante de notre site web, que nous vous invitons \u00e0 lire. Nous fournissons \u00e9galement des informations claires sur l'exercice du droit d'auteur. <a href=\"https:\/\/www.elettrowebstore.com\/diritto-di-recesso-restituzione-prodotti\/\"><strong>droit de r\u00e9tractation<\/strong><\/a>.<\/p>\n<p>Pour faciliter l'exercice de ce droit, le fabricant met \u00e0 disposition des centres d'assistance technique agr\u00e9\u00e9s dans tout le pays.<\/p>\n<p>De plus amples informations sur la l\u00e9gislation applicable sont disponibles sur le site web de l'Agence europ\u00e9enne des droits fondamentaux.<a href=\"http:\/\/www.agcm.it\/consumatore\/decalogo\/5102-garanzia-del-venditore-guida-per-il-consumatore.html\"><strong>Autorit\u00e9 de la concurrence et du march\u00e9<\/strong><\/a>.<\/p>\n<p>Afin d'am\u00e9liorer la qualit\u00e9 des produits, le fabricant se r\u00e9serve le droit de modifier les mat\u00e9riaux et les caract\u00e9ristiques techniques de l'article sans pr\u00e9avis.  En outre, les descriptions et les images donn\u00e9es ici sont donc indicatives et peuvent varier l\u00e9g\u00e8rement par rapport au produit final.<\/p>\n<p>Le service et la garantie des produits GAGGIA sont assur\u00e9s directement, dans toute l'Italie et l'Europe, par les centres de service Philips. Pour tout probl\u00e8me concernant ces machines, m\u00eame si elles viennent d'\u00eatre achet\u00e9es ou si elles ont plus de deux ans, tous les clients peuvent s'adresser aux CAT de Philips.<\/p>\n<p>&nbsp;<\/p>\n<h2><strong>D\u00e9lai de livraison<\/strong><\/h2>\n<p>Ce produit est disponible dans un d\u00e9lai moyen de 10 jours ouvrables.<\/p>\n<p>En outre, tous les envois d'ElettroWebStore en Italie sont exempts de frais de transport (\u00e0 l'exception des envois vers des zones particuli\u00e8rement difficiles d'acc\u00e8s) !<\/p>\n<p>Si vous achetez en dehors de l'Italie, le syst\u00e8me calcule des frais d'exp\u00e9dition forfaitaires. Si vous constatez que, par rapport au poids du produit choisi, les frais d'envoi vous semblent excessifs ou disproportionn\u00e9s, finalisez votre commande sans payer et <a href=\"https:\/\/www.elettrowebstore.com\/contatta-lo-staff-di-elettrowebstore\/\"><strong>nous contacter<\/strong><\/a>! Nous \u00e9valuerons et, si n\u00e9cessaire, ajusterons les frais d'exp\u00e9dition \u00e0 l'\u00e9tranger !<\/p>\n<p><a href=\"https:\/\/www.elettrowebstore.com\/spedizioni-consegne-prodotti-italia-estero\/\"><img loading=\"lazy\" decoding=\"async\" class=\"aligncenter wp-image-5149 size-full\" src=\"https:\/\/www.elettrowebstore.com\/EWS_Store\/wp-content\/uploads\/2020\/04\/elettrowebstore-spedizione-con-corrieri-brt-sda-dhl_n75nxd.jpg\" alt=\"ElettroWebStore est livr\u00e9 par des transporteurs rapides BRT SDA DHL\" width=\"649\" height=\"175\" srcset=\"https:\/\/www.elettrowebstore.com\/EWS_Store\/wp-content\/uploads\/elettrowebstore-spedizione-con-corrieri-brt-sda-dhl_n75nxd.jpg 649w, https:\/\/www.elettrowebstore.com\/EWS_Store\/wp-content\/uploads\/elettrowebstore-spedizione-con-corrieri-brt-sda-dhl_n75nxd-600x162.jpg 600w\" sizes=\"auto, (max-width: 649px) 100vw, 649px\" \/><\/a><\/p>\n<p>&nbsp;<\/p>\n<h2><strong>Modes de paiement accept\u00e9s<\/strong><\/h2>\n<p><strong>Sur le site d'ElettroWebStore, vous pouvez payer avec toutes les m\u00e9thodes courantes<\/strong>\u00e0 la fois sp\u00e9cifiques \u00e0 Internet (telles que les cartes pr\u00e9pay\u00e9es) et traditionnelles (telles que les cartes de cr\u00e9dit classiques).<\/p>\n<p><a href=\"https:\/\/www.elettrowebstore.com\/pagamenti-sicuri-sul-sito-elettrowebstore\/\"><img loading=\"lazy\" decoding=\"async\" class=\"aligncenter size-full wp-image-5151\" src=\"https:\/\/www.elettrowebstore.com\/EWS_Store\/wp-content\/uploads\/2020\/04\/elettrowebstore-pagamenti_berj9q.jpg\" alt=\"Modes de paiement accept\u00e9s sur le site ElettroWebStore\" width=\"649\" height=\"226\" srcset=\"https:\/\/www.elettrowebstore.com\/EWS_Store\/wp-content\/uploads\/elettrowebstore-pagamenti_berj9q.jpg 649w, https:\/\/www.elettrowebstore.com\/EWS_Store\/wp-content\/uploads\/elettrowebstore-pagamenti_berj9q-600x209.jpg 600w\" sizes=\"auto, (max-width: 649px) 100vw, 649px\" \/><\/a><\/p>\n<p>&nbsp;<\/p>\n<p>Tous les paiements sont effectu\u00e9s par l'interm\u00e9diaire de <a href=\"https:\/\/www.paypal.com\/it\/webapps\/mpp\/paypal-safety-and-security\"><strong>Paypal<\/strong><\/a>. De plus, m\u00eame si vous ne disposez pas de Paypal, vous pouvez payer sans vous inscrire et sans enregistrer vos donn\u00e9es d'identification. Il vous suffit de saisir vos donn\u00e9es dans les champs appropri\u00e9s. Le syst\u00e8me est crypt\u00e9 et prot\u00e9g\u00e9 et vos donn\u00e9es ne seront en aucun cas communiqu\u00e9es \u00e0 ElettroWebStore. En fait, ElettroWebStore peut seulement voir si votre paiement a \u00e9t\u00e9 effectu\u00e9 ou non et seulement les informations que vous d\u00e9cidez d'introduire !<\/p>\n<p>En aucun cas <a href=\"http:\/\/www.elettrowebstore.com\"><strong>ElettroWebStore<\/strong><\/a> g\u00e9rer les donn\u00e9es de votre carte de paiement ou en prendre connaissance. En effet, les <a href=\"http:\/\/www.elettrowebstore.com\"><strong>ElettroWebStore<\/strong><\/a> ne verra que si le paiement a \u00e9t\u00e9 effectu\u00e9 ou non !<\/p>\n<p>Notre site utilise les protocoles HTTPS, qui garantissent des normes de s\u00e9curit\u00e9 \u00e9lev\u00e9es pour les utilisateurs !<\/p>","protected":false},"excerpt":{"rendered":"<p><a href=\"https:\/\/www.elettrowebstore.com\/shop\/gaggia-classic-macchina-caffe-domestica-a-polvere-e-cialde-ri9403-11\/\"><strong>GAGGIA Classic machine \u00e0 caf\u00e9 domestique en poudre et \u00e0 dosettes RI9403\/11<\/strong><\/a> est la machine \u00e0 caf\u00e9 traditionnelle GAGGIA historiquement la plus populaire et de la meilleure qualit\u00e9, id\u00e9ale pour un usage domestique.<\/p>","protected":false},"featured_media":6054,"template":"","meta":[],"product_brand":[],"product_cat":[17,644],"product_tag":[554,648,645,612,68,630,647,646],"class_list":{"0":"post-6046","1":"product","2":"type-product","3":"status-publish","4":"has-post-thumbnail","6":"product_cat-casalinghi-cura-casa","7":"product_cat-macchine-del-caffe-domestiche","8":"product_tag-caffe","9":"product_tag-cialde","10":"product_tag-classic","11":"product_tag-gaggia","12":"product_tag-macchina","13":"product_tag-philips","14":"product_tag-polvere","15":"product_tag-ri9403-11","16":"product_shipping_class-pe10","18":"first","19":"outofstock","20":"sale","21":"taxable","22":"shipping-taxable","23":"purchasable","24":"product-type-simple"},"_links":{"self":[{"href":"https:\/\/www.elettrowebstore.com\/fr\/wp-json\/wp\/v2\/product\/6046","targetHints":{"allow":["GET"]}}],"collection":[{"href":"https:\/\/www.elettrowebstore.com\/fr\/wp-json\/wp\/v2\/product"}],"about":[{"href":"https:\/\/www.elettrowebstore.com\/fr\/wp-json\/wp\/v2\/types\/product"}],"wp:featuredmedia":[{"embeddable":true,"href":"https:\/\/www.elettrowebstore.com\/fr\/wp-json\/wp\/v2\/media\/6054"}],"wp:attachment":[{"href":"https:\/\/www.elettrowebstore.com\/fr\/wp-json\/wp\/v2\/media?parent=6046"}],"wp:term":[{"taxonomy":"product_brand","embeddable":true,"href":"https:\/\/www.elettrowebstore.com\/fr\/wp-json\/wp\/v2\/product_brand?post=6046"},{"taxonomy":"product_cat","embeddable":true,"href":"https:\/\/www.elettrowebstore.com\/fr\/wp-json\/wp\/v2\/product_cat?post=6046"},{"taxonomy":"product_tag","embeddable":true,"href":"https:\/\/www.elettrowebstore.com\/fr\/wp-json\/wp\/v2\/product_tag?post=6046"}],"curies":[{"name":"wp","href":"https:\/\/api.w.org\/{rel}","templated":true}]}}