{"id":6039,"date":"2018-11-19T17:35:32","date_gmt":"2018-11-19T16:35:32","guid":{"rendered":"https:\/\/www.elettrowebstore.com\/?post_type=product&#038;p=6039"},"modified":"2023-11-03T15:31:55","modified_gmt":"2023-11-03T14:31:55","slug":"gaggia-naviglio-deluxe-silver-macchina-caffe-automatica-hd8749-11","status":"publish","type":"product","link":"https:\/\/www.elettrowebstore.com\/fr\/shop\/gaggia-naviglio-deluxe-silver-machine-a-cafe-automatique-hd8749-11\/","title":{"rendered":"Gaggia Naviglio Deluxe Silver machine \u00e0 caf\u00e9 automatique HD8749\/11"},"content":{"rendered":"<h2><strong>Gaggia Naviglio Deluxe Silver machine \u00e0 caf\u00e9 automatique HD8749\/11<\/strong><\/h2>\n<p>La machine \u00e0 caf\u00e9 automatique Gaggia Naviglio Deluxe Silver HD8749\/11 est une machine \u00e0 caf\u00e9 de haute qualit\u00e9 fabriqu\u00e9e en Italie par GAGGIA.<\/p>\n<p><img loading=\"lazy\" decoding=\"async\" class=\"aligncenter size-full wp-image-651428\" src=\"https:\/\/www.elettrowebstore.com\/EWS_Store\/wp-content\/uploads\/gaggia-naviglio-deluxe-silver-macchina-caffe-automatica-professionale-HD8749-cop.jpg\" alt=\"gaggia-naviglio-deluxe-argent-caf\u00e9ine-automatique-professionnelle-HD8749\/11\" width=\"600\" height=\"600\" srcset=\"https:\/\/www.elettrowebstore.com\/EWS_Store\/wp-content\/uploads\/gaggia-naviglio-deluxe-silver-macchina-caffe-automatica-professionale-HD8749-cop.jpg 600w, https:\/\/www.elettrowebstore.com\/EWS_Store\/wp-content\/uploads\/gaggia-naviglio-deluxe-silver-macchina-caffe-automatica-professionale-HD8749-cop-200x200.jpg 200w, https:\/\/www.elettrowebstore.com\/EWS_Store\/wp-content\/uploads\/gaggia-naviglio-deluxe-silver-macchina-caffe-automatica-professionale-HD8749-cop-100x100.jpg 100w\" sizes=\"auto, (max-width: 600px) 100vw, 600px\" \/><\/p>\n<p>Son fonctionnement enti\u00e8rement automatique lui permet de s'adapter aussi bien \u00e0 un usage domestique que professionnel. Les principales fonctions de pr\u00e9paration du caf\u00e9 et d'autres boissons sont accessibles par simple pression d'un bouton. Elle est \u00e9quip\u00e9e d'un \u00e9cran pratique qui affiche les ic\u00f4nes des fonctions \u00e0 utiliser. La fa\u00e7ade de la machine est en plastique ABS gris argent\u00e9.<\/p>\n<p>La Gaggia Naviglio Black est la machine automatique la moins ch\u00e8re de la gamme. Elle vous permet d'obtenir un caf\u00e9 de grande qualit\u00e9 \u00e0 un prix d'achat tr\u00e8s comp\u00e9titif.<\/p>\n<p>La qualit\u00e9 des machines \u00e0 caf\u00e9 GAGGIA n'est pas seulement due \u00e0 l'importance du nom de la marque. Le fondateur est en effet l'inventeur des machines \u00e0 caf\u00e9 espresso telles que nous les connaissons aujourd'hui. Le caf\u00e9 produit par les machines \u00e0 caf\u00e9 GAGGIA est de la plus haute qualit\u00e9 et a l'aspect d'un bar.<\/p>\n<p>\u00c0 ces caract\u00e9ristiques s'ajoutent la coh\u00e9rence et la robustesse du ch\u00e2ssis de la machine \u00e0 caf\u00e9 ainsi que les composants internes utilis\u00e9s. En effet, par rapport \u00e0 la concurrence, le groupe de broyage du caf\u00e9 est nettement plus grand et plus robuste, et peut m\u00eame \u00eatre lav\u00e9 au lave-vaisselle.<\/p>\n<p>Les machines \u00e0 caf\u00e9 GAGGIA sont d\u00e9sormais entretenues par les CAT de Philips. C'est la garantie d'une intervention rapide pour tous les besoins et toutes les urgences, parce qu'en Italie, \"le caf\u00e9 se d\u00e9guste tous les jours !<\/p>\n<p>&nbsp;<\/p>\n<p>&nbsp;<\/p>\n<h2><strong>Sp\u00e9cifications techniques<\/strong><\/h2>\n<p>Vous trouverez ci-dessous les principales caract\u00e9ristiques de la <strong>GAGGIA Naviglio Deluxe Silver machine \u00e0 caf\u00e9 automatique HD8749-11<\/strong><\/p>\n<ul>\n<li>Interface : Boutons de commande + DEL<\/li>\n<li>Type d'interface graphique<\/li>\n<li>Affichage des boutons<\/li>\n<li>Vari\u00e9t\u00e9s de boissons : ESPRESSO, LONG ESPRESSO, HOT WATER, STEAM pour les boissons \u00e0 base de lait<\/li>\n<li>Gestion de la vapeur\/\u00e9mulsion de lait<\/li>\n<li>MARQUEUR PLASTIQUE NOIR CLASSIQUE<\/li>\n<li>Chaudi\u00e8re : acier inoxydable<\/li>\n<li>Broyeurs en c\u00e9ramique<\/li>\n<li>Optiaroma : 3 SELECTIONS<\/li>\n<li>Degr\u00e9 de broyage r\u00e9glable : 5 S\u00c9LECTIONS<\/li>\n<li>Distributeur de caf\u00e9 r\u00e9glable : 70 - 110 mm<\/li>\n<li>Porte-gobelets<\/li>\n<li>Composants amovibles : R\u00e9servoir d'eau, unit\u00e9 de distribution, plateau d'\u00e9gouttage, plateau inf\u00e9rieur<\/li>\n<li>Nombre de boissons : 4 (2 \u00e0 touche unique)<\/li>\n<li>Espresso : une seule touche<\/li>\n<li>Espresso lungo \/ caf\u00e9 long : une seule touche<\/li>\n<li>Eau chaude : une seule touche<\/li>\n<li>Vapeur : une seule touche<\/li>\n<li>Pression de la pompe : 15 bar<\/li>\n<li>Pr\u00e9-infusion<\/li>\n<li>DEGR\u00c9 DE BROYAGE R\u00c9GLABLE : 5 S\u00c9LECTIONS<\/li>\n<li>OPTIAROMA : 3 S\u00c9LECTIONS<\/li>\n<li>Quantit\u00e9 de caf\u00e9 r\u00e9glable<\/li>\n<li>Syst\u00e8me d'adaptation Gaggia<\/li>\n<li>Chaudi\u00e8re \u00e0 chauffage rapide<\/li>\n<li>Capacit\u00e9 : r\u00e9servoir d'eau : 1,5 l ; bac \u00e0 grains de caf\u00e9 : 300 g ; bac \u00e0 marc de caf\u00e9 : 10 tablettes<\/li>\n<li>COMPOSANTS D\u00c9MONTABLES : PANNEAU CLASSIQUE : panneau avant ; R\u00c9SERVOIR D'EAU : panneau avant ; CONTENEUR DE FOND : panneau avant ; PLATEAU \u00c0 FEUILLES : panneau avant ; PLATEAU DE D\u00c9CHARGE : panneau avant ; UNIT\u00c9 DE PERCAGE : panneau lat\u00e9ral<\/li>\n<li>Composants lavables au lave-vaisselle<\/li>\n<li>Distribution simultan\u00e9e de 2 tasses de caf\u00e9<\/li>\n<li>Compatibilit\u00e9 avec le filtre \u00e0 eau Intenza<\/li>\n<li>Fonction de rin\u00e7age automatique<\/li>\n<li>Cycle de d\u00e9tartrage MANUEL avec avertissement<\/li>\n<li>Dimensions du produit (L x H x P) : 25,6 x 34 x 44 cm<\/li>\n<li>Poids du produit : 9 kg<\/li>\n<li>Carrosserie : ABS noir<\/li>\n<li>Finition de la face avant : ABS noir<\/li>\n<li>Finition du plateau : ABS\/acier inoxydable<\/li>\n<li>CHAUDI\u00c8RE : acier inoxydable<\/li>\n<li>Alimentation : 230V 50Hz 1850W<\/li>\n<li>Consommation d'\u00e9nergie en mode veille : &lt; 1W<\/li>\n<li>Accessoires inclus : Lubrifiant, distributeur de caf\u00e9 moulu<\/li>\n<\/ul>\n<p>&nbsp;<\/p>\n<p>&nbsp;<\/p>\n<h2><strong>Description\u00a0<\/strong><strong>GAGGIA Naviglio Deluxe Silver machine \u00e0 caf\u00e9 automatique HD8749\/<\/strong><strong style=\"font-size: 23.04px;\">11<\/strong><\/h2>\n<p><strong>GAGGIA Naviglio Deluxe Silver machine \u00e0 caf\u00e9 automatique HD8749-11<\/strong> est enti\u00e8rement produite en Italie. C'est la garantie d'une qualit\u00e9 irr\u00e9prochable et d'une passion sans fin pour l'art de l'espresso, qui se transmet depuis des ann\u00e9es.<\/p>\n<p>La fa\u00e7ade est en plastique ABS noir. La couleur profonde et l'attention port\u00e9e aux d\u00e9tails la rendent particuli\u00e8rement adapt\u00e9e aux environnements modernes et particuli\u00e8rement robuste.<\/p>\n<p>De plus, gr\u00e2ce \u00e0 l'interface simple, vous pouvez facilement s\u00e9lectionner la quantit\u00e9 de grains de caf\u00e9 pour votre espresso. Les ic\u00f4nes sur l'\u00e9cran vous permettent de contr\u00f4ler \u00e0 tout moment le fonctionnement de la machine.<\/p>\n<p class=\"product-table__item-title mb-2 fs-xs-10 fs-lg-14\">Le Pannarello classique en acier inoxydable est l'outil id\u00e9al pour lib\u00e9rer le barista qui sommeille en vous. Il peut fournir de la vapeur pour une mousse de lait cr\u00e9meuse, ou de l'eau chaude si vous pr\u00e9f\u00e9rez le th\u00e9.<\/p>\n<p>Cette machine \u00e0 caf\u00e9 automatique est \u00e9quip\u00e9e de la fonction <strong>OPTIAROMA<\/strong>Cette fonction vous offre la possibilit\u00e9 unique de cr\u00e9er un espresso sur mesure. Vous pouvez choisir parmi plusieurs s\u00e9lections de quantit\u00e9 de caf\u00e9 moulu par tasse, personnalisant ainsi l'intensit\u00e9 de l'ar\u00f4me et du go\u00fbt de votre espresso.<\/p>\n<div class=\"fs-xs-10 fs-lg-14 drawer__text\">\n<div class=\"fs-xs-10 fs-lg-14 drawer__text\">\n<p>plus le <strong>meules en c\u00e9ramique 100% r\u00e9sistantes et r\u00e9glables<\/strong> extraient l'essence la plus pure des grains de caf\u00e9, les emp\u00eachant de surchauffer et de br\u00fbler. Ce mat\u00e9riau garantit des performances durables, le silence et le meilleur r\u00e9sultat dans la tasse. Choisissez parmi diff\u00e9rents degr\u00e9s de mouture pour personnaliser votre espresso, de la plus fine pour un go\u00fbt plus prononc\u00e9, \u00e0 la plus grossi\u00e8re pour un caf\u00e9 plus l\u00e9ger.<\/p>\n<\/div>\n<\/div>\n<p>&nbsp;<\/p>\n<h3><em><strong>Plus d'informations<\/strong><\/em><\/h3>\n<p>Entretien et nettoyage faciles gr\u00e2ce \u00e0 l'unit\u00e9 d'infusion enti\u00e8rement amovible, qui peut \u00eatre lav\u00e9e \u00e0 l'eau courante et remise en place en quelques secondes. Vous pouvez ainsi nettoyer la machine en profondeur et toujours obtenir le meilleur r\u00e9sultat dans votre tasse.<\/p>\n<p><strong>GAGGIA Naviglio Deluxe Silver machine \u00e0 caf\u00e9 automatique HD8749-11<\/strong>Il vous indique \u00e9galement quand il est temps de proc\u00e9der au d\u00e9tartrage.<\/p>\n<p>Par rapport \u00e0 la <a href=\"https:\/\/www.elettrowebstore.com\/shop\/gaggia-naviglio-black-macchina-caffe-automatica-nera-hd8749-01\/\"><strong>GAGGIA Naviglio Noir<\/strong><\/a> , le <strong>GAGGIA Naviglio Deluxe Silver machine \u00e0 caf\u00e9 automatique HD8749-11<\/strong> a un cadre en plastique ABS noir et la face avant est en plastique gris, comme le montrent les photos. Techniquement, cependant, les caract\u00e9ristiques sont les m\u00eames.<\/p>\n<p>&nbsp;<\/p>\n<h2><strong>\u00c0 propos des produits Gaggia<\/strong><\/h2>\n<p><a href=\"https:\/\/www.gaggia.it\"><strong>GAGGIA<\/strong><\/a> est l'un des principaux fabricants mondiaux de machines \u00e0 caf\u00e9. Les machines \u00e0 caf\u00e9 Gaggia sont n\u00e9es des recherches futuristes de M. Achille Gaggia, qui a fond\u00e9 l'entreprise sp\u00e9cialis\u00e9e dans la production de machines \u00e0 expresso dans les ann\u00e9es 1930.<\/p>\n<p>Depuis plus d'un demi-si\u00e8cle, GAGGIA produit des machines \u00e0 caf\u00e9 professionnelles et domestiques innovantes et \u00e0 la pointe de la technologie, en visant toujours la meilleure qualit\u00e9 d'espresso. Sa recherche s'est toujours concentr\u00e9e sur l'am\u00e9lioration de l'extraction du caf\u00e9 et l'obtention de la douce couche de \"cr\u00e8me naturelle\" sur le caf\u00e9, \u00e0 la recherche d'un go\u00fbt toujours meilleur.<\/p>\n<p>D\u00e8s lors, d'abord avec des machines \u00e0 caf\u00e9 pour les bars \u00e0 caf\u00e9, puis pour l'usage domestique, GAGGIA est devenu le leader du march\u00e9.<\/p>\n<p>En 1999, Gaggia fusionne avec Saeco et pr\u00e9sente sa gamme de machines \u00e0 espresso automatiques : il suffit d'appuyer sur un bouton pour que la machine moude le caf\u00e9, le presse et le distribue directement dans la tasse ! Dix ans plus tard, Gaggia est vendue \u00e0 PHILIPS ELECTRONICS et fait d\u00e9sormais partie de l'un des plus grands groupes industriels europ\u00e9ens dans le domaine de l'\u00e9lectrom\u00e9nager et de l'\u00e9lectronique, avec un r\u00e9seau extr\u00eamement \u00e9tendu de centres de service agr\u00e9\u00e9s.<\/p>\n<p>&nbsp;<\/p>\n<h2><strong>Garantie<\/strong><\/h2>\n<p>Le produit est couvert par <a href=\"https:\/\/www.elettrowebstore.com\/due-anni-di-garanzia-su-ogni-prodotto-acquistato\/\"><strong>garantie l\u00e9gale<\/strong><\/a>selon la page correspondante de notre site web, que nous vous invitons \u00e0 lire. Nous fournissons \u00e9galement des informations claires sur l'exercice du droit d'auteur. <a href=\"https:\/\/www.elettrowebstore.com\/diritto-di-recesso-restituzione-prodotti\/\"><strong>droit de r\u00e9tractation<\/strong><\/a>.<\/p>\n<p>Pour faciliter l'exercice de ce droit, le fabricant met \u00e0 disposition des centres d'assistance technique agr\u00e9\u00e9s dans tout le pays.<\/p>\n<p>De plus amples informations sur la l\u00e9gislation applicable sont disponibles sur le site web de l'Agence europ\u00e9enne des droits fondamentaux.<a href=\"http:\/\/www.agcm.it\/consumatore\/decalogo\/5102-garanzia-del-venditore-guida-per-il-consumatore.html\"><strong>Autorit\u00e9 de la concurrence et du march\u00e9<\/strong><\/a>.<\/p>\n<p>Afin d'am\u00e9liorer la qualit\u00e9 des produits, le fabricant se r\u00e9serve le droit de modifier les mat\u00e9riaux et les caract\u00e9ristiques techniques de l'article sans pr\u00e9avis.  En outre, les descriptions et les images donn\u00e9es ici sont donc indicatives et peuvent varier l\u00e9g\u00e8rement par rapport au produit final.<\/p>\n<p>Le service et la garantie des produits GAGGIA sont assur\u00e9s directement, dans toute l'Italie et l'Europe, par les centres de service Philips. Pour tout probl\u00e8me concernant ces machines, m\u00eame si elles viennent d'\u00eatre achet\u00e9es ou si elles ont plus de deux ans, tous les clients peuvent s'adresser aux CAT de Philips.<\/p>\n<p>&nbsp;<\/p>\n<h2><strong>D\u00e9lai de livraison<\/strong><\/h2>\n<p>Ce produit est toujours disponible pour une livraison imm\u00e9diate. En fait, il peut \u00eatre command\u00e9 imm\u00e9diatement et est exp\u00e9di\u00e9 par ElettroWebStore dans les 2 jours ouvrables suivant la date d'achat.<\/p>\n<p>En outre, tous les envois d'ElettroWebStore sont exempts de frais de transport !<\/p>\n<p>&nbsp;<\/p>\n<h2><strong>Modes de paiement accept\u00e9s<\/strong><\/h2>\n<p><strong>Sur le site d'ElettroWebStore, vous pouvez payer avec toutes les m\u00e9thodes courantes<\/strong>\u00e0 la fois sp\u00e9cifiques \u00e0 Internet (telles que les cartes pr\u00e9pay\u00e9es) et traditionnelles (telles que les cartes de cr\u00e9dit classiques).<\/p>\n<p>Pour conna\u00eetre tous les modes de paiement accept\u00e9s, veuillez consulter notre page sur <a href=\"https:\/\/www.elettrowebstore.com\/pagamenti-sicuri-sul-sito-elettrowebstore\/\" target=\"_blank\" rel=\"noopener\"><strong>les m\u00e9thodes de paiement sur le site ElettroWebStore<\/strong><\/a>. En aucun cas <strong>ElettroWebStore<\/strong> g\u00e9rer les donn\u00e9es de votre carte de paiement ou en prendre connaissance. En effet, les <strong>ElettroWebStore<\/strong> ne verra que si le paiement a \u00e9t\u00e9 effectu\u00e9 ou non !<\/p>\n<p>Notre site utilise les protocoles HTTPS, qui garantissent des normes de s\u00e9curit\u00e9 \u00e9lev\u00e9es pour les utilisateurs !<\/p>","protected":false},"excerpt":{"rendered":"<p>GAGGIA Naviglio Deluxe Silver machine \u00e0 caf\u00e9 automatique HD8749-11 fabriqu\u00e9e en Italie. <span style=\"color: #ff0000;\"><strong>Livraison incluse en Italie !<\/strong><\/span><\/p>\n<p><a href=\"https:\/\/www.elettrowebstore.com\/shop\/estensione-di-garanzia-elettrodomestici-3-anni-fino-a-500-euro\/\"><strong>Extension de garantie jusqu'\u00e0 5 ans disponible !<\/strong><\/a><\/p>","protected":false},"featured_media":651428,"template":"","meta":[],"product_brand":[],"product_cat":[16,611],"product_tag":[71,632,554,612,643,68,640,641,630,629],"class_list":{"0":"post-6039","1":"product","2":"type-product","3":"status-publish","4":"has-post-thumbnail","6":"product_cat-attrezzature-professionali","7":"product_cat-macchine-caffe","8":"product_tag-automatica","9":"product_tag-black","10":"product_tag-caffe","11":"product_tag-gaggia","12":"product_tag-hd8749-11","13":"product_tag-macchina","14":"product_tag-naviglio","15":"product_tag-nera","16":"product_tag-philips","17":"product_tag-saeco","18":"product_shipping_class-pe","20":"first","21":"outofstock","22":"sale","23":"featured","24":"taxable","25":"shipping-taxable","26":"purchasable","27":"product-type-simple"},"_links":{"self":[{"href":"https:\/\/www.elettrowebstore.com\/fr\/wp-json\/wp\/v2\/product\/6039","targetHints":{"allow":["GET"]}}],"collection":[{"href":"https:\/\/www.elettrowebstore.com\/fr\/wp-json\/wp\/v2\/product"}],"about":[{"href":"https:\/\/www.elettrowebstore.com\/fr\/wp-json\/wp\/v2\/types\/product"}],"wp:featuredmedia":[{"embeddable":true,"href":"https:\/\/www.elettrowebstore.com\/fr\/wp-json\/wp\/v2\/media\/651428"}],"wp:attachment":[{"href":"https:\/\/www.elettrowebstore.com\/fr\/wp-json\/wp\/v2\/media?parent=6039"}],"wp:term":[{"taxonomy":"product_brand","embeddable":true,"href":"https:\/\/www.elettrowebstore.com\/fr\/wp-json\/wp\/v2\/product_brand?post=6039"},{"taxonomy":"product_cat","embeddable":true,"href":"https:\/\/www.elettrowebstore.com\/fr\/wp-json\/wp\/v2\/product_cat?post=6039"},{"taxonomy":"product_tag","embeddable":true,"href":"https:\/\/www.elettrowebstore.com\/fr\/wp-json\/wp\/v2\/product_tag?post=6039"}],"curies":[{"name":"wp","href":"https:\/\/api.w.org\/{rel}","templated":true}]}}