{"id":5965,"date":"2018-11-12T17:54:56","date_gmt":"2018-11-12T16:54:56","guid":{"rendered":"https:\/\/www.elettrowebstore.com\/?post_type=product&#038;p=5965"},"modified":"2021-04-27T11:44:10","modified_gmt":"2021-04-27T09:44:10","slug":"reber-tritacarne-n-22-classico-elettrico-inox-professionale-1800-w-10025ni","status":"publish","type":"product","link":"https:\/\/www.elettrowebstore.com\/fr\/shop\/reber-meat-grinder-n-22-classic-electric-stainless-steel-professional-1800-w-10025ni\/","title":{"rendered":"Hachoir \u00e0 viande REBER n.22 classic \u00e9lectrique en acier inoxydable professionnel 1800 W 10025NI"},"content":{"rendered":"<h2><strong>Hachoir \u00e0 viande REBER n.22 classic \u00e9lectrique en acier inoxydable professionnel 1800 W 10025NI<\/strong><\/h2>\n<p>Le hachoir \u00e0 viande REBER No. 22 classic electric stainless steel professional 1800 W 10025NI vous permet de hacher de grandes quantit\u00e9s de viande en peu de temps et sans effort.<\/p>\n<p>&nbsp;<\/p>\n<p><img loading=\"lazy\" decoding=\"async\" class=\"wp-image-5966 aligncenter\" src=\"https:\/\/res.cloudinary.com\/dl3yepmtd\/images\/w_1024,h_696,c_scale\/v1610984464\/REB10025NI\/REB10025NI.jpg\" width=\"1024\" height=\"696\" \/><\/p>\n<p>&nbsp;<\/p>\n<h2><strong>Sp\u00e9cifications techniques<\/strong><\/h2>\n<ul>\n<li>Moteur \u00e9lectrique \u00e0 induction, service continu<\/li>\n<li><span class=\"fontstyle0\">R\u00e9ducteur de transmission mixte (engrenages h\u00e9lico\u00efdaux et axiaux) en m\u00e9tal \u00e0 bain d'huile<\/span><\/li>\n<li>L'huile utilis\u00e9e est du type \"Long Life\" et convient au contact accidentel avec les denr\u00e9es alimentaires.<\/li>\n<li>Car\u00e9nage du moteur en acier inoxydable<\/li>\n<li>Corps du broyeur, h\u00e9lice et bague en acier inoxydable<\/li>\n<li>Plaque en acier inoxydable<\/li>\n<li>Production horaire : 70\/160 kg<\/li>\n<li>Pilon en plastique adapt\u00e9 au contact alimentaire inclus<\/li>\n<li>Convient \u00e9galement \u00e0 l'ensachage avec les accessoires appropri\u00e9s (les entonnoirs d'ensachage de 15, 20 et 25 mm et le support de couronne peuvent \u00eatre achet\u00e9s s\u00e9par\u00e9ment).<\/li>\n<li>\n<div align=\"left\"><span class=\"fontstyle0\">Vitesse de sortie : 80 tr\/min<\/span><\/div>\n<\/li>\n<li><span class=\"fontstyle0\">Puissance effective : 1800 W<\/span><\/li>\n<li>\n<div align=\"left\"><span class=\"fontstyle0\">Interrupteur de s\u00e9curit\u00e9 professionnel<\/span> \u00e0 une vitesse (marche avant uniquement)<\/div>\n<\/li>\n<li>\n<div align=\"left\">Plaque avec trous de 8 mm de diam\u00e8tre et couteau en acier inoxydable fourni<\/div>\n<\/li>\n<li>Des plaques optionnelles avec diff\u00e9rents diam\u00e8tres de trous sont disponibles en acier tremp\u00e9 et en acier inoxydable.<\/li>\n<li>Autres accessoires applicables au motor\u00e9ducteur : presse-tomates, presse-p\u00e2tes, hachoir en fonte \u00e9tam\u00e9e accessoires No. 12\/22\/32<\/li>\n<li><span class=\"fontstyle0\">Empreinte avec le hachoir mont\u00e9 : cm. 60x26x39<\/span>(h)<\/li>\n<li><span class=\"fontstyle0\">Dimensions du motor\u00e9ducteur seul : 50x26x32(h) cm.<\/span><\/li>\n<li>Poids : environ 35 kg<\/li>\n<\/ul>\n<p>&nbsp;<\/p>\n<h2><strong>Description<\/strong><\/h2>\n<p>Le hachoir \u00e0 viande REBER No. 22 classic electric stainless steel professional 1800 W 10025NI vous permet de hacher de grandes quantit\u00e9s de viande en peu de temps et sans effort.<\/p>\n<p>Le syst\u00e8me professionnel int\u00e9gr\u00e9 de Reber permet \u00e9galement d'utiliser diff\u00e9rents accessoires sur la m\u00eame unit\u00e9 motrice. Les accessoires sont facilement install\u00e9s sans qu'il soit n\u00e9cessaire de d\u00e9monter l'accessoire ou le moteur. Compatibilit\u00e9 totale avec les autres accessoires de la gamme Reber.<\/p>\n<p>Tous les types d'accessoires applicables aux moteurs REBER <a href=\"https:\/\/www.elettrowebstore.com\/categoria-prodotto\/casalinghi\/accessori-per-reber\/\"><strong>sont disponibles dans le ElettroWebStore<\/strong><\/a>!<\/p>\n<p>&nbsp;<\/p>\n<h2><strong>Garantie<\/strong><\/h2>\n<p>Le produit est couvert par <a href=\"https:\/\/www.elettrowebstore.com\/due-anni-di-garanzia-su-ogni-prodotto-acquistato\/\"><strong>garantie l\u00e9gale<\/strong><\/a>selon la page correspondante de notre site web, que nous vous invitons \u00e0 lire. Nous fournissons \u00e9galement des informations claires sur l'exercice du droit d'auteur. <a href=\"https:\/\/www.elettrowebstore.com\/diritto-di-recesso-restituzione-prodotti\/\"><strong>droit de r\u00e9tractation<\/strong><\/a>.<\/p>\n<p>Pour faciliter l'exercice de ce droit, le fabricant met \u00e0 disposition des centres d'assistance technique agr\u00e9\u00e9s dans tout le pays.<\/p>\n<p>De plus amples informations sur la l\u00e9gislation applicable sont disponibles sur le site web de l'Agence europ\u00e9enne des droits fondamentaux.<a href=\"http:\/\/www.agcm.it\/consumatore\/decalogo\/5102-garanzia-del-venditore-guida-per-il-consumatore.html\"><strong>Autorit\u00e9 de la concurrence et du march\u00e9<\/strong><\/a>.<\/p>\n<p>Afin d'am\u00e9liorer la qualit\u00e9 des produits, le fabricant se r\u00e9serve le droit de modifier les mat\u00e9riaux et les caract\u00e9ristiques techniques de l'article sans pr\u00e9avis.  En outre, les descriptions et les images donn\u00e9es ici sont donc indicatives et peuvent varier l\u00e9g\u00e8rement par rapport au produit final.<\/p>\n<p>&nbsp;<\/p>\n<h2><strong>D\u00e9lai de livraison<\/strong><\/h2>\n<p>Ce produit est toujours disponible pour une livraison imm\u00e9diate. En fait, il peut \u00eatre command\u00e9 imm\u00e9diatement et est exp\u00e9di\u00e9 par ElettroWebStore dans les 20 jours ouvrables \u00e0 compter de la date d'achat.<\/p>\n<p>En outre, tous les envois d'ElettroWebStore en Italie sont exempts de frais de transport (\u00e0 l'exception des envois vers des zones particuli\u00e8rement difficiles d'acc\u00e8s) !<\/p>\n<p>Si vous achetez en dehors de l'Italie, le syst\u00e8me calcule des frais d'exp\u00e9dition forfaitaires. Si vous constatez que, par rapport au poids du produit choisi, les frais d'envoi vous semblent excessifs ou disproportionn\u00e9s, finalisez votre commande sans payer et <a href=\"https:\/\/www.elettrowebstore.com\/contatta-lo-staff-di-elettrowebstore\/\"><strong>nous contacter<\/strong><\/a>! Nous \u00e9valuerons et, si n\u00e9cessaire, ajusterons les frais d'exp\u00e9dition \u00e0 l'\u00e9tranger !<\/p>\n<p><a href=\"https:\/\/www.elettrowebstore.com\/spedizioni-consegne-prodotti-italia-estero\/\"><img loading=\"lazy\" decoding=\"async\" class=\"aligncenter wp-image-5149 size-full\" src=\"https:\/\/www.elettrowebstore.com\/EWS_Store\/wp-content\/uploads\/2020\/04\/elettrowebstore-spedizione-con-corrieri-brt-sda-dhl_n75nxd.jpg\" alt=\"ElettroWebStore est livr\u00e9 par des transporteurs rapides BRT SDA DHL\" width=\"649\" height=\"175\" srcset=\"https:\/\/www.elettrowebstore.com\/EWS_Store\/wp-content\/uploads\/elettrowebstore-spedizione-con-corrieri-brt-sda-dhl_n75nxd.jpg 649w, https:\/\/www.elettrowebstore.com\/EWS_Store\/wp-content\/uploads\/elettrowebstore-spedizione-con-corrieri-brt-sda-dhl_n75nxd-600x162.jpg 600w\" sizes=\"auto, (max-width: 649px) 100vw, 649px\" \/><\/a><\/p>\n<p>&nbsp;<\/p>\n<h2><strong>Modes de paiement accept\u00e9s<\/strong><\/h2>\n<p><strong>Sur le site d'ElettroWebStore, vous pouvez payer avec toutes les m\u00e9thodes courantes<\/strong>\u00e0 la fois sp\u00e9cifiques \u00e0 Internet (telles que les cartes pr\u00e9pay\u00e9es) et traditionnelles (telles que les cartes de cr\u00e9dit classiques).<\/p>\n<p><a href=\"https:\/\/www.elettrowebstore.com\/pagamenti-sicuri-sul-sito-elettrowebstore\/\"><img loading=\"lazy\" decoding=\"async\" class=\"aligncenter size-full wp-image-5151\" src=\"https:\/\/www.elettrowebstore.com\/EWS_Store\/wp-content\/uploads\/2020\/04\/elettrowebstore-pagamenti_berj9q.jpg\" alt=\"Modes de paiement accept\u00e9s sur le site ElettroWebStore\" width=\"649\" height=\"226\" srcset=\"https:\/\/www.elettrowebstore.com\/EWS_Store\/wp-content\/uploads\/elettrowebstore-pagamenti_berj9q.jpg 649w, https:\/\/www.elettrowebstore.com\/EWS_Store\/wp-content\/uploads\/elettrowebstore-pagamenti_berj9q-600x209.jpg 600w\" sizes=\"auto, (max-width: 649px) 100vw, 649px\" \/><\/a><\/p>\n<p>&nbsp;<\/p>\n<p>Tous les paiements sont effectu\u00e9s par l'interm\u00e9diaire de <a href=\"https:\/\/www.paypal.com\/it\/webapps\/mpp\/paypal-safety-and-security\"><strong>Paypal<\/strong><\/a>. De plus, m\u00eame si vous ne disposez pas de Paypal, vous pouvez payer sans vous inscrire et sans enregistrer vos donn\u00e9es d'identification. Il vous suffit de saisir vos donn\u00e9es dans les champs appropri\u00e9s. Le syst\u00e8me est crypt\u00e9 et prot\u00e9g\u00e9 et vos donn\u00e9es ne seront en aucun cas communiqu\u00e9es \u00e0 ElettroWebStore. En fait, ElettroWebStore peut seulement voir si votre paiement a \u00e9t\u00e9 effectu\u00e9 ou non et seulement les informations que vous d\u00e9cidez d'introduire !<\/p>\n<p>En aucun cas <a href=\"http:\/\/www.elettrowebstore.com\"><strong>ElettroWebStore<\/strong><\/a> g\u00e9rer les donn\u00e9es de votre carte de paiement ou en prendre connaissance. En effet, les <a href=\"http:\/\/www.elettrowebstore.com\"><strong>ElettroWebStore<\/strong><\/a> ne verra que si le paiement a \u00e9t\u00e9 effectu\u00e9 ou non !<\/p>\n<p>Notre site utilise les protocoles HTTPS, qui garantissent des normes de s\u00e9curit\u00e9 \u00e9lev\u00e9es pour les utilisateurs !<\/p>\n<p>&nbsp;<\/p>\n<h2><strong>Informations sur le produit REBER<\/strong><\/h2>\n<p><a href=\"http:\/\/www.rebersrl.it\"><strong>REBER<\/strong> <\/a>est leader en Italie et \u00e0 l'\u00e9tranger dans la production et la distribution d'articles pour la maison et pour les professionnels. En effet, ses articles sont sp\u00e9cifiquement con\u00e7us pour avoir des produits tr\u00e8s fiables dans la maison ou l'atelier, con\u00e7us pour durer longtemps.<\/p>\n<p>En outre, tous les moteurs et accessoires sont toujours conformes \u00e0 toutes les r\u00e9glementations applicables, tant en ce qui concerne la technologie de fabrication que le contact des aliments avec les mat\u00e9riaux.<\/p>\n<p>En effet, tous les articles REBER sont accompagn\u00e9s d'une d\u00e9claration de conformit\u00e9. Ils garantissent donc toujours une satisfaction maximale \u00e0 tous les utilisateurs !<\/p>","protected":false},"excerpt":{"rendered":"<h2>Le hachoir \u00e0 viande REBER No. 22 classic electric stainless steel professional 1800 W 10025NI vous permet de hacher de grandes quantit\u00e9s de viande en peu de temps et sans effort.<\/h2>","protected":false},"featured_media":6131,"template":"","meta":[],"product_brand":[],"product_cat":[17,626],"product_tag":[628,351,201,619,358,99,65,373,350],"class_list":{"0":"post-5965","1":"product","2":"type-product","3":"status-publish","4":"has-post-thumbnail","6":"product_cat-casalinghi-cura-casa","7":"product_cat-tritacarne-elettrici-professionali","8":"product_tag-10025ni","9":"product_tag-carne","10":"product_tag-elettrico","11":"product_tag-elettrodomestico","12":"product_tag-macinato","13":"product_tag-professionale","14":"product_tag-reber","15":"product_tag-trita","16":"product_tag-tritacarne","17":"product_shipping_class-pe10","19":"first","20":"outofstock","21":"sale","22":"taxable","23":"shipping-taxable","24":"purchasable","25":"product-type-simple"},"_links":{"self":[{"href":"https:\/\/www.elettrowebstore.com\/fr\/wp-json\/wp\/v2\/product\/5965","targetHints":{"allow":["GET"]}}],"collection":[{"href":"https:\/\/www.elettrowebstore.com\/fr\/wp-json\/wp\/v2\/product"}],"about":[{"href":"https:\/\/www.elettrowebstore.com\/fr\/wp-json\/wp\/v2\/types\/product"}],"wp:featuredmedia":[{"embeddable":true,"href":"https:\/\/www.elettrowebstore.com\/fr\/wp-json\/wp\/v2\/media\/6131"}],"wp:attachment":[{"href":"https:\/\/www.elettrowebstore.com\/fr\/wp-json\/wp\/v2\/media?parent=5965"}],"wp:term":[{"taxonomy":"product_brand","embeddable":true,"href":"https:\/\/www.elettrowebstore.com\/fr\/wp-json\/wp\/v2\/product_brand?post=5965"},{"taxonomy":"product_cat","embeddable":true,"href":"https:\/\/www.elettrowebstore.com\/fr\/wp-json\/wp\/v2\/product_cat?post=5965"},{"taxonomy":"product_tag","embeddable":true,"href":"https:\/\/www.elettrowebstore.com\/fr\/wp-json\/wp\/v2\/product_tag?post=5965"}],"curies":[{"name":"wp","href":"https:\/\/api.w.org\/{rel}","templated":true}]}}