{"id":5839,"date":"2018-08-30T16:08:47","date_gmt":"2018-08-30T14:08:47","guid":{"rendered":"https:\/\/www.elettrowebstore.com\/?post_type=product&#038;p=5839"},"modified":"2021-01-18T15:18:42","modified_gmt":"2021-01-18T14:18:42","slug":"cardreader-hub-usb-2-0-interno-pc-pannello-frontale-egr30796","status":"publish","type":"product","link":"https:\/\/www.elettrowebstore.com\/fr\/shop\/cardreader-hub-usb-2-0-internal-pc-front-panel-egr30796\/","title":{"rendered":"Cardreader Hub USB 2.0 interne PC face avant EGR30796"},"content":{"rendered":"<h2><strong>Cardreader Hub USB 2.0 interne PC face avant EGR30796<\/strong><\/h2>\n<p><a href=\"https:\/\/www.elettrowebstore.com\/shop\/cardreader-hub-usb-2-0-interno-pc-pannello-frontale-egr30796\/\"><strong>Cardreader Hub interne USB 2.0<\/strong><\/a> PC front panel EGR30796 est le lecteur de cartes universel qui se connecte \u00e0 la carte m\u00e8re avec un c\u00e2ble USB et peut lire toutes les principales cartes du march\u00e9.<\/p>\n<h2><img loading=\"lazy\" decoding=\"async\" class=\"aligncenter size-full wp-image-5841\" src=\"https:\/\/www.elettrowebstore.com\/EWS_Store\/wp-content\/uploads\/2020\/04\/Cardreader-Hub-_USB-2-interno-PC-pannello-frontale-EGR30796-1.jpg\" alt=\"Cardreader Hub USB 2.0 interne PC face avant EGR30796\" width=\"1024\" height=\"255\" srcset=\"https:\/\/www.elettrowebstore.com\/EWS_Store\/wp-content\/uploads\/Cardreader-Hub-_USB-2-interno-PC-pannello-frontale-EGR30796-1.jpg 1024w, https:\/\/www.elettrowebstore.com\/EWS_Store\/wp-content\/uploads\/Cardreader-Hub-_USB-2-interno-PC-pannello-frontale-EGR30796-1-600x149.jpg 600w, https:\/\/www.elettrowebstore.com\/EWS_Store\/wp-content\/uploads\/Cardreader-Hub-_USB-2-interno-PC-pannello-frontale-EGR30796-1-768x191.jpg 768w\" sizes=\"auto, (max-width: 1024px) 100vw, 1024px\" \/><\/h2>\n<p><img loading=\"lazy\" decoding=\"async\" class=\"aligncenter size-full wp-image-5842\" src=\"https:\/\/www.elettrowebstore.com\/EWS_Store\/wp-content\/uploads\/2020\/04\/Cardreader-Hub-_USB-2-interno-PC-pannello-frontale-EGR30796-2.jpg\" alt=\"Cardreader Hub USB 2.0 interne PC face avant EGR30796\" width=\"587\" height=\"1024\" \/><\/p>\n<p><img loading=\"lazy\" decoding=\"async\" class=\"aligncenter size-full wp-image-5843\" src=\"https:\/\/www.elettrowebstore.com\/EWS_Store\/wp-content\/uploads\/2020\/04\/Cardreader-Hub-_USB-2-interno-PC-pannello-frontale-EGR30796-3.jpg\" alt=\"Cardreader Hub USB 2.0 interne PC face avant EGR30796\" width=\"494\" height=\"1024\" \/><\/p>\n<p><img loading=\"lazy\" decoding=\"async\" class=\"aligncenter size-full wp-image-5844\" src=\"https:\/\/www.elettrowebstore.com\/EWS_Store\/wp-content\/uploads\/2020\/04\/Cardreader-Hub-_USB-2-interno-PC-pannello-frontale-EGR30796-4.jpg\" alt=\"Cardreader Hub USB 2.0 interne PC face avant EGR30796\" width=\"668\" height=\"642\" srcset=\"https:\/\/www.elettrowebstore.com\/EWS_Store\/wp-content\/uploads\/Cardreader-Hub-_USB-2-interno-PC-pannello-frontale-EGR30796-4.jpg 668w, https:\/\/www.elettrowebstore.com\/EWS_Store\/wp-content\/uploads\/Cardreader-Hub-_USB-2-interno-PC-pannello-frontale-EGR30796-4-600x577.jpg 600w\" sizes=\"auto, (max-width: 668px) 100vw, 668px\" \/><\/p>\n<p>&nbsp;<\/p>\n<h2><strong>Sp\u00e9cifications techniques<\/strong><\/h2>\n<p><a href=\"https:\/\/www.elettrowebstore.com\/shop\/cardreader-hub-usb-2-0-interno-pc-pannello-frontale-egr30796\/\"><strong>Cardreader Hub interne USB 2.0<\/strong><\/a> La face avant du PC EGR30796 pr\u00e9sente les principales caract\u00e9ristiques techniques suivantes :<\/p>\n<ul>\n<li>Poids : 0,1340 kg<\/li>\n<li>USB USB 2.0<\/li>\n<li>Lecteur de m\u00e9moire interne 6-en-1 USB 2.0<\/li>\n<li>lecteur de cartes USB \u00e0 monter dans l'emplacement 3,5\u2033 du PC, c'est-\u00e0-dire que le seul lecteur normalement compatible est le lecteur de disquettes (sinon un adaptateur est n\u00e9cessaire, non inclus dans cette offre)<\/li>\n<li>L'USB 2.0 \u00e0 grande vitesse prend en charge jusqu'\u00e0 480 Mbps<\/li>\n<li>Prend en charge les cartes SD, SDHC, SDXC, MMC, MicroSD, SDHC, SDXC, T-Flash, XD, MS, CF, MicroDrive, M2<\/li>\n<li>Connecteur USB A femelle sur le panneau avant<\/li>\n<li>Prise USB \u00e0 10 broches (interne) pour la connexion \u00e0 la carte m\u00e8re (il ne s'agit pas d'un c\u00e2ble USB, mais d'un connecteur \u00e0 installer directement sur les broches de la carte m\u00e8re. Utilisez le manuel de votre carte m\u00e8re pour localiser les bons connecteurs, ils sont faciles \u00e0 trouver et sont normalement situ\u00e9s en bas de la carte, pr\u00e8s des connecteurs de d\u00e9marrage du PC).<\/li>\n<li>Alimentation par USB, c\u00e2ble d'environ 35 cm inclus<\/li>\n<li>Syst\u00e8mes d'exploitation : Win 2000 \/ XP \/ Vista \/ 7\/8 et Mac OS<\/li>\n<li>Mat\u00e9riau : plastique. Couleur : noir.<\/li>\n<li>compatible avec les cartes : SD, MMC, MS, M2, XD, TF, CF.<\/li>\n<li>Dimensions compactes : largeur 10,1 cm, hauteur 2,5 cm ; profondeur 9,4 cm<\/li>\n<\/ul>\n<p>&nbsp;<\/p>\n<h2><strong>Description Cardreader Hub USB 2.0 interne PC face avant EGR30796<br \/>\n<\/strong><\/h2>\n<p><a href=\"https:\/\/www.elettrowebstore.com\/shop\/cardreader-hub-usb-2-0-interno-pc-pannello-frontale-egr30796\/\"><strong>Cardreader Hub interne USB 2.0<\/strong><\/a> La face avant du PC EGR30796 est un lecteur de cartes de diff\u00e9rents types, comme indiqu\u00e9 dans la description. Il est install\u00e9 dans tous les PC, g\u00e9n\u00e9ralement \u00e0 la place de l'emplacement du lecteur de disquettes ou dans un emplacement diff\u00e9rent, tel que 5,25\u2033, mais \u00e0 l'aide d'un adaptateur non inclus dans l'offre.<\/p>\n<p>L'emballage contient d\u00e9j\u00e0 4 vis pour l'installation. Il n'y a pas besoin d'autres c\u00e2bles que celui fourni, qui doit \u00eatre connect\u00e9 sur la carte m\u00e8re aux PIN USB m\u00e2les. Ces derniers peuvent \u00eatre facilement trouv\u00e9s en consultant les manuels de votre carte m\u00e8re. Si vous ne voulez pas ouvrir votre PC pour voir les donn\u00e9es de votre carte m\u00e8re, t\u00e9l\u00e9chargez un programme tel que <a href=\"https:\/\/www.ccleaner.com\/speccy\/builds\"><strong>Speccy<\/strong><\/a>.<\/p>\n<p>Il lit de nombreux types de cartes et ajoute un port USB 2.0 \u00e0 votre ordinateur.<\/p>\n<p>&nbsp;<\/p>\n<h2><strong>Garantie<\/strong><\/h2>\n<p>Le produit est couvert par <a href=\"https:\/\/www.elettrowebstore.com\/due-anni-di-garanzia-su-ogni-prodotto-acquistato\/\"><strong>garantie l\u00e9gale<\/strong><\/a>selon la page correspondante de notre site web, que nous vous invitons \u00e0 lire. Nous fournissons \u00e9galement des informations claires sur l'exercice du droit d'auteur. <a href=\"https:\/\/www.elettrowebstore.com\/diritto-di-recesso-restituzione-prodotti\/\"><strong>droit de r\u00e9tractation<\/strong><\/a>.<\/p>\n<p>Pour faciliter l'exercice de ce droit, le fabricant met \u00e0 disposition des centres d'assistance technique agr\u00e9\u00e9s dans tout le pays.<\/p>\n<p>De plus amples informations sur la l\u00e9gislation applicable sont disponibles sur le site web de l'Agence europ\u00e9enne des droits fondamentaux.<a href=\"http:\/\/www.agcm.it\/consumatore\/decalogo\/5102-garanzia-del-venditore-guida-per-il-consumatore.html\"><strong>Autorit\u00e9 de la concurrence et du march\u00e9<\/strong><\/a>.<\/p>\n<p>Afin d'am\u00e9liorer la qualit\u00e9 des produits, le fabricant se r\u00e9serve le droit de modifier les mat\u00e9riaux et les caract\u00e9ristiques techniques de l'article sans pr\u00e9avis.  En outre, les descriptions et les images donn\u00e9es ici sont donc indicatives et peuvent varier l\u00e9g\u00e8rement par rapport au produit final.<\/p>\n<p>&nbsp;<\/p>\n<h2><strong>D\u00e9lai de livraison<\/strong><\/h2>\n<p>Ce produit est toujours disponible pour une livraison imm\u00e9diate. En fait, il peut \u00eatre command\u00e9 imm\u00e9diatement et est exp\u00e9di\u00e9 par ElettroWebStore dans les 2 jours ouvrables suivant la date d'achat.<\/p>\n<p>En outre, tous les envois d'ElettroWebStore sont exempts de frais de transport !<\/p>\n<p><a href=\"https:\/\/www.elettrowebstore.com\/spedizioni-consegne-prodotti-italia-estero\/\"><img loading=\"lazy\" decoding=\"async\" class=\"aligncenter wp-image-5149 size-full\" src=\"https:\/\/www.elettrowebstore.com\/EWS_Store\/wp-content\/uploads\/2020\/04\/elettrowebstore-spedizione-con-corrieri-brt-sda-dhl_n75nxd.jpg\" alt=\"ElettroWebStore est livr\u00e9 par des transporteurs rapides BRT SDA DHL\" width=\"649\" height=\"175\" srcset=\"https:\/\/www.elettrowebstore.com\/EWS_Store\/wp-content\/uploads\/elettrowebstore-spedizione-con-corrieri-brt-sda-dhl_n75nxd.jpg 649w, https:\/\/www.elettrowebstore.com\/EWS_Store\/wp-content\/uploads\/elettrowebstore-spedizione-con-corrieri-brt-sda-dhl_n75nxd-600x162.jpg 600w\" sizes=\"auto, (max-width: 649px) 100vw, 649px\" \/><\/a><\/p>\n<p>&nbsp;<\/p>\n<h2><strong>Modes de paiement accept\u00e9s<\/strong><\/h2>\n<p><strong>Sur le site d'ElettroWebStore, vous pouvez payer avec toutes les m\u00e9thodes courantes<\/strong>\u00e0 la fois sp\u00e9cifiques \u00e0 Internet (telles que les cartes pr\u00e9pay\u00e9es) et traditionnelles (telles que les cartes de cr\u00e9dit classiques).<\/p>\n<p><a href=\"https:\/\/www.elettrowebstore.com\/pagamenti-sicuri-sul-sito-elettrowebstore\/\"><img loading=\"lazy\" decoding=\"async\" class=\"aligncenter size-full wp-image-5151\" src=\"https:\/\/www.elettrowebstore.com\/EWS_Store\/wp-content\/uploads\/2020\/04\/elettrowebstore-pagamenti_berj9q.jpg\" alt=\"Modes de paiement accept\u00e9s sur le site ElettroWebStore\" width=\"649\" height=\"226\" srcset=\"https:\/\/www.elettrowebstore.com\/EWS_Store\/wp-content\/uploads\/elettrowebstore-pagamenti_berj9q.jpg 649w, https:\/\/www.elettrowebstore.com\/EWS_Store\/wp-content\/uploads\/elettrowebstore-pagamenti_berj9q-600x209.jpg 600w\" sizes=\"auto, (max-width: 649px) 100vw, 649px\" \/><\/a><\/p>\n<p>&nbsp;<\/p>\n<p>Tous les paiements sont effectu\u00e9s par l'interm\u00e9diaire du <a href=\"https:\/\/www.paypal.com\/it\/webapps\/mpp\/paypal-safety-and-security\"><strong>Paypal<\/strong><\/a>. De plus, m\u00eame si vous n'avez pas Paypal, vous pouvez toujours payer sans vous inscrire et sans enregistrer vos donn\u00e9es d'identification. Il vous suffit d'entrer vos coordonn\u00e9es dans les pages Paypal.<\/p>\n<p>En aucun cas <a href=\"http:\/\/www.elettrowebstore.com\"><strong>ElettroWebStore<\/strong><\/a> g\u00e9rer les donn\u00e9es de votre carte de paiement ou en prendre connaissance. En effet, les <a href=\"http:\/\/www.elettrowebstore.com\"><strong>ElettroWebStore<\/strong><\/a> ne verra que si le paiement a \u00e9t\u00e9 effectu\u00e9 ou non !<\/p>\n<p>Notre site utilise les protocoles HTTPS, qui garantissent des normes de s\u00e9curit\u00e9 \u00e9lev\u00e9es pour les utilisateurs !<\/p>","protected":false},"excerpt":{"rendered":"<p>Cardreader Hub USB 2.0 interne PC face avant EGR30796<\/p>","protected":false},"featured_media":5841,"template":"","meta":[],"product_brand":[],"product_cat":[57],"product_tag":[595,600,596,598,599,426,597],"class_list":{"0":"post-5839","1":"product","2":"type-product","3":"status-publish","4":"has-post-thumbnail","6":"product_cat-elettronica","7":"product_tag-cardreader","8":"product_tag-egr30796","9":"product_tag-hub","10":"product_tag-interno","11":"product_tag-pannello-frontale","12":"product_tag-pc","13":"product_tag-usb-2-0","14":"product_shipping_class-pe","16":"first","17":"instock","18":"sale","19":"taxable","20":"shipping-taxable","21":"purchasable","22":"product-type-simple"},"_links":{"self":[{"href":"https:\/\/www.elettrowebstore.com\/fr\/wp-json\/wp\/v2\/product\/5839","targetHints":{"allow":["GET"]}}],"collection":[{"href":"https:\/\/www.elettrowebstore.com\/fr\/wp-json\/wp\/v2\/product"}],"about":[{"href":"https:\/\/www.elettrowebstore.com\/fr\/wp-json\/wp\/v2\/types\/product"}],"wp:featuredmedia":[{"embeddable":true,"href":"https:\/\/www.elettrowebstore.com\/fr\/wp-json\/wp\/v2\/media\/5841"}],"wp:attachment":[{"href":"https:\/\/www.elettrowebstore.com\/fr\/wp-json\/wp\/v2\/media?parent=5839"}],"wp:term":[{"taxonomy":"product_brand","embeddable":true,"href":"https:\/\/www.elettrowebstore.com\/fr\/wp-json\/wp\/v2\/product_brand?post=5839"},{"taxonomy":"product_cat","embeddable":true,"href":"https:\/\/www.elettrowebstore.com\/fr\/wp-json\/wp\/v2\/product_cat?post=5839"},{"taxonomy":"product_tag","embeddable":true,"href":"https:\/\/www.elettrowebstore.com\/fr\/wp-json\/wp\/v2\/product_tag?post=5839"}],"curies":[{"name":"wp","href":"https:\/\/api.w.org\/{rel}","templated":true}]}}