{"id":5751,"date":"2018-08-27T09:29:32","date_gmt":"2018-08-27T07:29:32","guid":{"rendered":"https:\/\/www.elettrowebstore.com\/?post_type=product&#038;p=5751"},"modified":"2021-10-29T17:22:12","modified_gmt":"2021-10-29T15:22:12","slug":"coffee-clean-detergente-anticalcare-professionale-macchine-caffe-750-ml","status":"publish","type":"product","link":"https:\/\/www.elettrowebstore.com\/fr\/shop\/coffee-clean-professional-limescale-cleaner-for-coffee-machines-750-ml\/","title":{"rendered":"COFFEE CLEAN nettoyant professionnel antitartre pour machines \u00e0 caf\u00e9 750 ml"},"content":{"rendered":"<h2><strong>COFFEE CLEAN nettoyant professionnel antitartre pour machines \u00e0 caf\u00e9 750 ml<br \/>\n<\/strong><\/h2>\n<p><strong>COFFEE CLEAN nettoyant professionnel antitartre pour machines \u00e0 caf\u00e9 750 ml <\/strong> <span class=\"fontstyle2\">est un d\u00e9tergent d\u00e9tartrant sp\u00e9cialement con\u00e7u pour nettoyer les bras des machines \u00e0 caf\u00e9, les douches m\u00e9talliques et les \u00e9quipements internes. Il agit instantan\u00e9ment en \u00e9liminant tous les d\u00e9p\u00f4ts de poudre de caf\u00e9, les r\u00e9sidus de carbone et le calcaire.<\/span><\/p>\n<p><img loading=\"lazy\" decoding=\"async\" class=\"aligncenter wp-image-5754\" src=\"https:\/\/www.elettrowebstore.com\/EWS_Store\/wp-content\/uploads\/2020\/04\/coffee-clean-pulitore-disincrostante-detergente-macchine-caffe-1.jpg\" alt=\"COFFEE CLEAN nettoyant professionnel anti-calcaire pour machines \u00e0 caf\u00e9 1 litre\" width=\"466\" height=\"800\" \/><\/p>\n<p><img loading=\"lazy\" decoding=\"async\" class=\"aligncenter wp-image-5753\" src=\"https:\/\/www.elettrowebstore.com\/EWS_Store\/wp-content\/uploads\/2020\/04\/coffee-clean-pulitore-disincrostante-detergente-macchine-caffe-2.jpg\" alt=\"COFFEE CLEAN nettoyant professionnel anti-calcaire pour machines \u00e0 caf\u00e9 1 litre\" width=\"777\" height=\"800\" srcset=\"https:\/\/www.elettrowebstore.com\/EWS_Store\/wp-content\/uploads\/coffee-clean-pulitore-disincrostante-detergente-macchine-caffe-2.jpg 995w, https:\/\/www.elettrowebstore.com\/EWS_Store\/wp-content\/uploads\/coffee-clean-pulitore-disincrostante-detergente-macchine-caffe-2-600x617.jpg 600w, https:\/\/www.elettrowebstore.com\/EWS_Store\/wp-content\/uploads\/coffee-clean-pulitore-disincrostante-detergente-macchine-caffe-2-768x790.jpg 768w\" sizes=\"auto, (max-width: 777px) 100vw, 777px\" \/><\/p>\n<p>&nbsp;<\/p>\n<p>&nbsp;<\/p>\n<h2><strong>Sp\u00e9cifications techniques<\/strong><\/h2>\n<p>COFFEE CLEAN nettoyant professionnel anticalcaire pour machines \u00e0 caf\u00e9 750 ml pr\u00e9sente les principales caract\u00e9ristiques techniques suivantes :<\/p>\n<ul>\n<li>applicable \u00e0 toutes les machines \u00e0 caf\u00e9<\/li>\n<li>d\u00e9tartre et nettoie la machine \u00e0 caf\u00e9 et les bras du calcaire<\/li>\n<li>adapt\u00e9 \u00e0 un usage professionnel<\/li>\n<li>Bouteille de 750 ml<\/li>\n<li>utiliser une partie pour 20 d'eau. Le produit \u00e9tant concentr\u00e9, pour \u00e9viter un rin\u00e7age prolong\u00e9, il convient d'utiliser une petite quantit\u00e9 pour chaque r\u00e9servoir rempli d'eau.<\/li>\n<li>garantit un nettoyage de la machine \u00e0 caf\u00e9 avec d'excellents r\u00e9sultats<\/li>\n<li>apr\u00e8s utilisation et rin\u00e7age complet, faire 2 ou 3 caf\u00e9s d'essai avant de recommencer \u00e0 utiliser la machine<\/li>\n<\/ul>\n<p>&nbsp;<\/p>\n<h2><strong>Description COFFEE CLEAN nettoyant professionnel anti-calcaire pour machines \u00e0 caf\u00e9 750 ml<br \/>\n<\/strong><\/h2>\n<p>COFFEE CLEAN est un d\u00e9tergent d\u00e9tartrant sp\u00e9cialement con\u00e7u pour nettoyer les bras des machines \u00e0 caf\u00e9, les douches m\u00e9talliques et les \u00e9quipements internes. Il agit instantan\u00e9ment pour \u00e9liminer tous les d\u00e9p\u00f4ts de poudre de caf\u00e9, les r\u00e9sidus de carbone et le calcaire. Il est conforme aux normes d'hygi\u00e8ne et de sant\u00e9 en vigueur (syst\u00e8me d'autocontr\u00f4le H.A.C.C.P.).<\/p>\n<p>Le produit est absolument s\u00fbr car il ne laisse aucun r\u00e9sidu apr\u00e8s le rin\u00e7age. En effet, COFFEE CLEAN anti-scale professional coffee machine cleaner 750 ml est utilis\u00e9 pour le nettoyage des machines \u00e0 caf\u00e9 \u00e0 usage professionnel.<\/p>\n<p>Tous les types de produits <strong>NOSTER CHEMICAL <\/strong><strong>sont disponibles dans le ElettroWebStore<\/strong>!<\/p>\n<p>&nbsp;<\/p>\n<h2><strong>Mode d'emploi<\/strong><\/h2>\n<p>Bras. Retirer le filtre du bras et verser le produit pur directement dans le bras incrust\u00e9. Laisser agir en secouant lentement dans le sens des aiguilles d'une montre. Le produit dissout imm\u00e9diatement l'incrustation.  Rincer autant que n\u00e9cessaire \u00e0 l'eau courante.<\/p>\n<p>Int\u00e9rieur de la machine. Placer le filtre borgne dans le bras de la machine \u00e0 caf\u00e9, verser 2 cuill\u00e8res \u00e0 caf\u00e9 de COFFEE CLEAN, faire fonctionner la machine pendant 15 secondes et r\u00e9p\u00e9ter l'op\u00e9ration 4 \u00e0 5 fois. Retirer le bras et faire couler beaucoup d'eau.<\/p>\n<p>&nbsp;<\/p>\n<h2><strong>Pr\u00e9cautions d'emploi<\/strong><\/h2>\n<p>La fiche de donn\u00e9es de s\u00e9curit\u00e9 peut \u00eatre demand\u00e9e \u00e0 l'A.F.I. GROUP srls. Cette documentation est \u00e9tablie conform\u00e9ment aux r\u00e9glementations de la Communaut\u00e9 europ\u00e9enne.<\/p>\n<p>Veuillez lire attentivement les instructions et les avertissements. Les informations contenues dans cette fiche sont fournies au mieux de nos connaissances techniques et scientifiques actuelles ; elles ont un caract\u00e8re informatif et ne constituent pas une garantie. Aucune responsabilit\u00e9 n'est imputable au GROUPE A.F.I. srls en ce qui concerne les r\u00e9sultats obtenus et\/ou les dommages caus\u00e9s aux biens ou aux personnes par l'utilisation du produit, \u00e9tant donn\u00e9 que les m\u00e9thodes d'application \u00e9chappent \u00e0 son contr\u00f4le et\/ou \u00e0 sa v\u00e9rification. Il est donc conseill\u00e9 de v\u00e9rifier l'ad\u00e9quation de chaque produit au cas concret.<\/p>\n<p>Fermer les r\u00e9cipients apr\u00e8s utilisation.<\/p>\n<p>Conserver dans un endroit frais et sec, \u00e0 l'abri des sources de chaleur et de la lumi\u00e8re directe.<\/p>\n<p><strong>La responsabilit\u00e9 de l'utilisation incombe uniquement et exclusivement \u00e0 l'utilisateur final.<\/strong>qui est le seul \u00e0 conna\u00eetre la port\u00e9e exacte du produit. LIRE ATTENTIVEMENT LES AVERTISSEMENTS FIGURANT SUR L'\u00c9TIQUETTE DU PRODUIT.<\/p>\n<p>&nbsp;<\/p>\n<h2><strong>\u00c0 propos des produits NOSTER CHEMICAL<br \/>\n<\/strong><\/h2>\n<p>NOSTER CHEMICAL est une entreprise jeune et dynamique qui op\u00e8re dans le secteur des produits de nettoyage et des d\u00e9tergents, des produits chimiques automobiles et industriels. Elle est n\u00e9e de l'exp\u00e9rience de 20 ans de ses associ\u00e9s et du partenariat avec une multinationale allemande qui fabrique des mati\u00e8res premi\u00e8res.<\/p>\n<p>Les produits propos\u00e9s sont des solutions technologiques avanc\u00e9es de la plus haute qualit\u00e9, certifi\u00e9es selon des normes officielles et rigoureuses. En outre, ils sont bas\u00e9s sur la technologie Nanotech, avec la capacit\u00e9 extraordinaire de p\u00e9n\u00e9trer profond\u00e9ment dans les surfaces trait\u00e9es de mani\u00e8re absolument capillaire. La gamme de produits est biod\u00e9gradable au-del\u00e0 de 90%.<\/p>\n<p>&nbsp;<\/p>\n<h2><strong>Garantie<\/strong><\/h2>\n<p>Le produit est couvert par <a href=\"https:\/\/www.elettrowebstore.com\/due-anni-di-garanzia-su-ogni-prodotto-acquistato\/\"><strong>garantie l\u00e9gale<\/strong><\/a>selon la page correspondante de notre site web, que nous vous invitons \u00e0 lire. Nous fournissons \u00e9galement des informations claires sur l'exercice du droit d'auteur. <a href=\"https:\/\/www.elettrowebstore.com\/diritto-di-recesso-restituzione-prodotti\/\"><strong>droit de r\u00e9tractation<\/strong><\/a>.<\/p>\n<p>Pour faciliter l'exercice de ce droit, le fabricant met \u00e0 disposition des centres d'assistance technique agr\u00e9\u00e9s dans tout le pays.<\/p>\n<p>De plus amples informations sur la l\u00e9gislation applicable sont disponibles sur le site web de l'Agence europ\u00e9enne des droits fondamentaux.<a href=\"http:\/\/www.agcm.it\/consumatore\/decalogo\/5102-garanzia-del-venditore-guida-per-il-consumatore.html\"><strong>Autorit\u00e9 de la concurrence et du march\u00e9<\/strong><\/a>.<\/p>\n<p>Afin d'am\u00e9liorer la qualit\u00e9 des produits, le fabricant se r\u00e9serve le droit de modifier les mat\u00e9riaux et les caract\u00e9ristiques techniques de l'article sans pr\u00e9avis.  En outre, les descriptions et les images donn\u00e9es ici sont donc indicatives et peuvent varier l\u00e9g\u00e8rement par rapport au produit final.<\/p>\n<p>&nbsp;<\/p>\n<h2><strong>D\u00e9lai de livraison<\/strong><\/h2>\n<p>Ce produit est toujours disponible pour une livraison imm\u00e9diate. En fait, il peut \u00eatre command\u00e9 imm\u00e9diatement et est exp\u00e9di\u00e9 par ElettroWebStore dans les 2 jours ouvrables suivant la date d'achat.<\/p>\n<p>En outre, tous les envois d'ElettroWebStore sont exempts de frais de transport !<\/p>\n<p><a href=\"https:\/\/www.elettrowebstore.com\/spedizioni-consegne-prodotti-italia-estero\/\"><img loading=\"lazy\" decoding=\"async\" class=\"aligncenter wp-image-5149 size-full\" src=\"https:\/\/www.elettrowebstore.com\/EWS_Store\/wp-content\/uploads\/2020\/04\/elettrowebstore-spedizione-con-corrieri-brt-sda-dhl_n75nxd.jpg\" alt=\"ElettroWebStore est livr\u00e9 par des transporteurs rapides BRT SDA DHL\" width=\"649\" height=\"175\" srcset=\"https:\/\/www.elettrowebstore.com\/EWS_Store\/wp-content\/uploads\/elettrowebstore-spedizione-con-corrieri-brt-sda-dhl_n75nxd.jpg 649w, https:\/\/www.elettrowebstore.com\/EWS_Store\/wp-content\/uploads\/elettrowebstore-spedizione-con-corrieri-brt-sda-dhl_n75nxd-600x162.jpg 600w\" sizes=\"auto, (max-width: 649px) 100vw, 649px\" \/><\/a><\/p>\n<p>&nbsp;<\/p>\n<h2><strong>Modes de paiement accept\u00e9s<\/strong><\/h2>\n<p><strong>Sur le site d'ElettroWebStore, vous pouvez payer avec toutes les m\u00e9thodes courantes<\/strong>\u00e0 la fois sp\u00e9cifiques \u00e0 Internet (telles que les cartes pr\u00e9pay\u00e9es) et traditionnelles (telles que les cartes de cr\u00e9dit classiques).<\/p>\n<p><a href=\"https:\/\/www.elettrowebstore.com\/pagamenti-sicuri-sul-sito-elettrowebstore\/\"><img loading=\"lazy\" decoding=\"async\" class=\"aligncenter size-full wp-image-5151\" src=\"https:\/\/www.elettrowebstore.com\/EWS_Store\/wp-content\/uploads\/2020\/04\/elettrowebstore-pagamenti_berj9q.jpg\" alt=\"Modes de paiement accept\u00e9s sur le site ElettroWebStore\" width=\"649\" height=\"226\" srcset=\"https:\/\/www.elettrowebstore.com\/EWS_Store\/wp-content\/uploads\/elettrowebstore-pagamenti_berj9q.jpg 649w, https:\/\/www.elettrowebstore.com\/EWS_Store\/wp-content\/uploads\/elettrowebstore-pagamenti_berj9q-600x209.jpg 600w\" sizes=\"auto, (max-width: 649px) 100vw, 649px\" \/><\/a><\/p>\n<p>&nbsp;<\/p>\n<p>Tous les paiements sont effectu\u00e9s par l'interm\u00e9diaire du <a href=\"https:\/\/www.paypal.com\/it\/webapps\/mpp\/paypal-safety-and-security\"><strong>Paypal<\/strong><\/a>. De plus, m\u00eame si vous n'avez pas Paypal, vous pouvez toujours payer sans vous inscrire et sans enregistrer vos donn\u00e9es d'identification. Il vous suffit d'entrer vos coordonn\u00e9es dans les pages Paypal.<\/p>\n<p>En aucun cas <a href=\"http:\/\/www.elettrowebstore.com\"><strong>ElettroWebStore<\/strong><\/a> g\u00e9rer les donn\u00e9es de votre carte de paiement ou en prendre connaissance. En effet, les <a href=\"http:\/\/www.elettrowebstore.com\"><strong>ElettroWebStore<\/strong><\/a> ne verra que si le paiement a \u00e9t\u00e9 effectu\u00e9 ou non !<\/p>\n<p>Notre site utilise les protocoles HTTPS, qui garantissent des normes de s\u00e9curit\u00e9 \u00e9lev\u00e9es pour les utilisateurs !<\/p>","protected":false},"excerpt":{"rendered":"<p>COFFEE CLEAN nettoyant professionnel antitartre pour machines \u00e0 caf\u00e9 750 ml<\/p>","protected":false},"featured_media":5754,"template":"","meta":[],"product_brand":[],"product_cat":[538],"product_tag":[708,551,554,550,553,552,539,99],"class_list":{"0":"post-5751","1":"product","2":"type-product","3":"status-publish","4":"has-post-thumbnail","6":"product_cat-pulizia-e-cura-della-casa","7":"product_tag-750-ml","8":"product_tag-anticalcare","9":"product_tag-caffe","10":"product_tag-detergente","11":"product_tag-disincrostante","12":"product_tag-macchine-del-caffe","13":"product_tag-noster-chemical","14":"product_tag-professionale","15":"product_shipping_class-pe","17":"first","18":"outofstock","19":"sale","20":"taxable","21":"shipping-taxable","22":"purchasable","23":"product-type-simple"},"_links":{"self":[{"href":"https:\/\/www.elettrowebstore.com\/fr\/wp-json\/wp\/v2\/product\/5751","targetHints":{"allow":["GET"]}}],"collection":[{"href":"https:\/\/www.elettrowebstore.com\/fr\/wp-json\/wp\/v2\/product"}],"about":[{"href":"https:\/\/www.elettrowebstore.com\/fr\/wp-json\/wp\/v2\/types\/product"}],"wp:featuredmedia":[{"embeddable":true,"href":"https:\/\/www.elettrowebstore.com\/fr\/wp-json\/wp\/v2\/media\/5754"}],"wp:attachment":[{"href":"https:\/\/www.elettrowebstore.com\/fr\/wp-json\/wp\/v2\/media?parent=5751"}],"wp:term":[{"taxonomy":"product_brand","embeddable":true,"href":"https:\/\/www.elettrowebstore.com\/fr\/wp-json\/wp\/v2\/product_brand?post=5751"},{"taxonomy":"product_cat","embeddable":true,"href":"https:\/\/www.elettrowebstore.com\/fr\/wp-json\/wp\/v2\/product_cat?post=5751"},{"taxonomy":"product_tag","embeddable":true,"href":"https:\/\/www.elettrowebstore.com\/fr\/wp-json\/wp\/v2\/product_tag?post=5751"}],"curies":[{"name":"wp","href":"https:\/\/api.w.org\/{rel}","templated":true}]}}