{"id":5186,"date":"2018-05-09T09:57:36","date_gmt":"2018-05-09T07:57:36","guid":{"rendered":"https:\/\/www.elettrowebstore.com\/?post_type=product&#038;p=5186"},"modified":"2021-01-18T12:56:09","modified_gmt":"2021-01-18T11:56:09","slug":"custom-powerbank-batteria-esterna-portatile-capacita-4000-mah-pb40","status":"publish","type":"product","link":"https:\/\/www.elettrowebstore.com\/fr\/shop\/custom-powerbank-batterie-externe-portable-capacite-4000-mah-pb40\/","title":{"rendered":"CUSTOM Powerbank batterie externe portable capacit\u00e9 4000 mAh PB40"},"content":{"rendered":"<h1>CUSTOM Powerbank batterie externe portable capacit\u00e9 4000 mAh PB40<\/h1>\n<h2>CUSTOM Powerbank batterie externe portable d'une capacit\u00e9 de 4000 mAh PB40 en 5 couleurs tendance. Mince, \"cool\" et adapt\u00e9e \u00e0 toutes les circonstances. Couleurs disponibles : sarcelle, rose, jaune, noir et blanc.<\/h2>\n<p>CUSTOM Powerbank batterie externe portable capacit\u00e9 4000 mAh PB40 est une Powerbank puissante en 5 couleurs \u00e0 la mode. Fine, \"cool\" et adapt\u00e9e \u00e0 toutes les circonstances. Couleurs disponibles : sarcelle, rose, jaune, noir et blanc.<\/p>\n<p>&nbsp;<\/p>\n<h2><strong>Sp\u00e9cifications de la banque d'\u00e9nergie portable PB40 d'une capacit\u00e9 de 4000 mAh<br \/>\n<\/strong><\/h2>\n<ul>\n<li>Batterie : 4000 mAh<\/li>\n<li><span class=\"a-list-item\">Indicateur LED de charge r\u00e9siduelle<\/span><\/li>\n<li><span class=\"a-list-item\">Torche<\/span><\/li>\n<li>Sortie USB : 5V - 1,5A<\/li>\n<li>Entr\u00e9e Micro USB : 5V - 1,5A<\/li>\n<li>Entr\u00e9e USB : 5V, 1A<\/li>\n<li>Dimensions : 90x90x14 mm<\/li>\n<li><span class=\"a-list-item\">Couleurs disponibles : sarcelle, rose, jaune, noir, blanc<br \/>\n<\/span><\/li>\n<\/ul>\n<p>&nbsp;<\/p>\n<h2><strong>Description<\/strong><\/h2>\n<p>PB40 est une puissante banque d'\u00e9nergie disponible en 5 couleurs \u00e0 la mode. Fine, \"cool\" et adapt\u00e9e \u00e0 toutes les circonstances. Couleurs disponibles : sarcelle, rose, jaune, noir et blanc.<\/p>\n<p>&nbsp;<\/p>\n<h2><strong>D\u00e9lai de livraison<\/strong><\/h2>\n<p>Ce produit est toujours disponible pour une livraison imm\u00e9diate. En fait, il peut \u00eatre command\u00e9 imm\u00e9diatement et est exp\u00e9di\u00e9 par ElettroWebStore dans les 2 jours ouvrables suivant la date d'achat.<\/p>\n<p>En outre, tous les envois d'ElettroWebStore sont exempts de frais de transport !<\/p>\n<p><a href=\"https:\/\/www.elettrowebstore.com\/spedizioni-consegne-prodotti-italia-estero\/\"><img loading=\"lazy\" decoding=\"async\" class=\"aligncenter wp-image-5149 size-full\" src=\"https:\/\/www.elettrowebstore.com\/EWS_Store\/wp-content\/uploads\/2020\/04\/elettrowebstore-spedizione-con-corrieri-brt-sda-dhl_n75nxd.jpg\" alt=\"ElettroWebStore est livr\u00e9 par des transporteurs rapides BRT SDA DHL\" width=\"649\" height=\"175\" srcset=\"https:\/\/www.elettrowebstore.com\/EWS_Store\/wp-content\/uploads\/elettrowebstore-spedizione-con-corrieri-brt-sda-dhl_n75nxd.jpg 649w, https:\/\/www.elettrowebstore.com\/EWS_Store\/wp-content\/uploads\/elettrowebstore-spedizione-con-corrieri-brt-sda-dhl_n75nxd-600x162.jpg 600w\" sizes=\"auto, (max-width: 649px) 100vw, 649px\" \/><\/a><\/p>\n<p>&nbsp;<\/p>\n<h2><strong>Modes de paiement accept\u00e9s<\/strong><\/h2>\n<p><strong>Sur le site d'ElettroWebStore, vous pouvez payer avec toutes les m\u00e9thodes courantes<\/strong>\u00e0 la fois sp\u00e9cifiques \u00e0 Internet (telles que les cartes pr\u00e9pay\u00e9es) et traditionnelles (telles que les cartes de cr\u00e9dit classiques).<\/p>\n<p><a href=\"https:\/\/www.elettrowebstore.com\/pagamenti-sicuri-sul-sito-elettrowebstore\/\"><img loading=\"lazy\" decoding=\"async\" class=\"aligncenter size-full wp-image-5151\" src=\"https:\/\/www.elettrowebstore.com\/EWS_Store\/wp-content\/uploads\/2020\/04\/elettrowebstore-pagamenti_berj9q.jpg\" alt=\"Modes de paiement accept\u00e9s sur le site ElettroWebStore\" width=\"649\" height=\"226\" srcset=\"https:\/\/www.elettrowebstore.com\/EWS_Store\/wp-content\/uploads\/elettrowebstore-pagamenti_berj9q.jpg 649w, https:\/\/www.elettrowebstore.com\/EWS_Store\/wp-content\/uploads\/elettrowebstore-pagamenti_berj9q-600x209.jpg 600w\" sizes=\"auto, (max-width: 649px) 100vw, 649px\" \/><\/a><\/p>\n<p>&nbsp;<\/p>\n<p>Tous les paiements sont effectu\u00e9s par l'interm\u00e9diaire du <a href=\"https:\/\/www.paypal.com\/it\/webapps\/mpp\/paypal-safety-and-security\"><strong>Paypal<\/strong><\/a>. De plus, m\u00eame si vous n'avez pas Paypal, vous pouvez toujours payer sans vous inscrire et sans enregistrer vos donn\u00e9es d'identification. Il vous suffit d'entrer vos coordonn\u00e9es dans les pages Paypal.<\/p>\n<p>En aucun cas ElettroWebStore ne traitera les donn\u00e9es de votre carte de paiement ou n'en aura connaissance. En fait, ElettroWebStore verra seulement si le paiement a \u00e9t\u00e9 effectu\u00e9 ou non !<\/p>\n<p>Notre site utilise les protocoles HTTPS, qui garantissent des normes de s\u00e9curit\u00e9 \u00e9lev\u00e9es pour les utilisateurs !<\/p>\n<p>&nbsp;<\/p>\n<h2><strong>Garantie<\/strong><\/h2>\n<p>ElettroWebStore et Custom garantissent le produit pendant 24 mois apr\u00e8s l'achat pour l'utilisateur priv\u00e9 et 12 mois pour l'utilisateur professionnel.<\/p>\n<p>Vous pouvez acheter les produits Custom en toute s\u00e9curit\u00e9. En effet, en cas de probl\u00e8me, vous pouvez compter sur le r\u00e9seau des centres d'assistance technique agr\u00e9\u00e9s, s'il en existe dans votre r\u00e9gion, ou directement sur Custom ou ElettroWebStore.<\/p>\n<p>Custom distribue des produits de qualit\u00e9 \u00e0 des prix abordables ! Achetez en toute confiance, ElettroWebStore vous aide en cas de besoin, m\u00eame apr\u00e8s la vente !<\/p>\n<p>PB40 est un produit couvert par la garantie originale ITALIENNE du fabricant (valable pour au moins 24 mois, conform\u00e9ment au d\u00e9cret l\u00e9gislatif 24\/2002). Les conditions exactes de la garantie sont illustr\u00e9es dans le document joint \u00e0 l'emballage.<\/p>\n<p>&nbsp;<\/p>\n<h2><strong>Plus d'informations<\/strong><\/h2>\n<p>Afin d'am\u00e9liorer la qualit\u00e9 des produits, le fabricant se r\u00e9serve le droit de modifier les mat\u00e9riaux et les sp\u00e9cifications pour des raisons techniques et\/ou de production sans pr\u00e9avis. Les descriptions et images donn\u00e9es ici sont donc indicatives et peuvent varier l\u00e9g\u00e8rement par rapport au produit final.<\/p>\n<p>&nbsp;<\/p>\n<h2><strong>La marque personnalis\u00e9e<\/strong><\/h2>\n<p><a href=\"http:\/\/www.customlife.com\/\"><strong>Sur mesure<\/strong><\/a> S.p.A. est aujourd'hui une r\u00e9f\u00e9rence en mati\u00e8re de conception et de mise en \u0153uvre de solutions m\u00e9catroniques d'impression et de num\u00e9risation. Elle offre en effet une large gamme de produits pour l'automatisation des services publics.<\/p>\n<p>L'entreprise est divis\u00e9e en six unit\u00e9s commerciales op\u00e9rant sur des march\u00e9s verticaux pour une diversification strat\u00e9gique des activit\u00e9s. En outre, ces derni\u00e8res ann\u00e9es, Custom a introduit une gamme de produits \u00e9lectroniques et de t\u00e9l\u00e9phonie mobile avec un excellent rapport qualit\u00e9\/prix et un r\u00e9seau de service \u00e9tendu dans toute l'Italie.<\/p>\n<p>Bien qu'il s'agisse d'une nouvelle entreprise dans le domaine de la t\u00e9l\u00e9phonie et des accessoires, elle se pr\u00e9sente comme un partenaire s\u00e9rieux et fiable. Cela est d\u00fb \u00e0 sa grande exp\u00e9rience et \u00e0 son professionnalisme, ainsi qu'aux \"larges \u00e9paules\" d'un leader dans les secteurs o\u00f9 elle op\u00e8re.<\/p>","protected":false},"excerpt":{"rendered":"<p>PB40 est une puissante banque d'\u00e9nergie disponible en 5 couleurs \u00e0 la mode. Fine, \"cool\" et adapt\u00e9e \u00e0 toutes les circonstances. Couleurs disponibles : sarcelle, rose, jaune, noir et blanc.<\/p>","protected":false},"featured_media":0,"template":"","meta":[],"product_brand":[],"product_cat":[57],"product_tag":[296,214,307,262,303,305],"class_list":{"0":"post-5186","1":"product","2":"type-product","3":"status-publish","5":"product_cat-elettronica","6":"product_tag-batteria","7":"product_tag-custom","8":"product_tag-pb40","9":"product_tag-portatile","10":"product_tag-powerbank","11":"product_tag-ricarica","12":"product_shipping_class-pe","14":"first","15":"outofstock","16":"taxable","17":"shipping-taxable","18":"product-type-variable"},"_links":{"self":[{"href":"https:\/\/www.elettrowebstore.com\/fr\/wp-json\/wp\/v2\/product\/5186","targetHints":{"allow":["GET"]}}],"collection":[{"href":"https:\/\/www.elettrowebstore.com\/fr\/wp-json\/wp\/v2\/product"}],"about":[{"href":"https:\/\/www.elettrowebstore.com\/fr\/wp-json\/wp\/v2\/types\/product"}],"wp:attachment":[{"href":"https:\/\/www.elettrowebstore.com\/fr\/wp-json\/wp\/v2\/media?parent=5186"}],"wp:term":[{"taxonomy":"product_brand","embeddable":true,"href":"https:\/\/www.elettrowebstore.com\/fr\/wp-json\/wp\/v2\/product_brand?post=5186"},{"taxonomy":"product_cat","embeddable":true,"href":"https:\/\/www.elettrowebstore.com\/fr\/wp-json\/wp\/v2\/product_cat?post=5186"},{"taxonomy":"product_tag","embeddable":true,"href":"https:\/\/www.elettrowebstore.com\/fr\/wp-json\/wp\/v2\/product_tag?post=5186"}],"curies":[{"name":"wp","href":"https:\/\/api.w.org\/{rel}","templated":true}]}}