{"id":37,"date":"2017-11-05T08:18:39","date_gmt":"2017-11-05T07:18:39","guid":{"rendered":"https:\/\/www.elettrowebstore.com\/EWS_Store\/?post_type=product&#038;p=37"},"modified":"2025-01-31T20:17:49","modified_gmt":"2025-01-31T19:17:49","slug":"imperia-ipasta-vecchio-modello-codice-100","status":"publish","type":"product","link":"https:\/\/www.elettrowebstore.com\/fr\/shop\/imperia-ipasta-ancien-modele-code-100\/","title":{"rendered":"Imperia iPasta ancien mod\u00e8le code 100"},"content":{"rendered":"<h2><strong>Imperia iPasta ancien mod\u00e8le code 100<\/strong><\/h2>\n<p>Imperia iPasta ancien mod\u00e8le code 100 n'est plus en production.<\/p>\n<p>Pour acheter la nouvelle machine \u00e0 p\u00e2tes Imperia iPasta, <a href=\"https:\/\/www.elettrowebstore.com\/shop\/imperia-ipasta-macchina-sfogliatrice-pasta-manuale\/\"><strong>rechercher le code 3100 ou visiter la page appropri\u00e9e<\/strong><\/a>.<\/p>\n<p>Si vous souhaitez acheter la cisaille Imperia seule, sans la d\u00e9coupeuse incorpor\u00e9e dans la bo\u00eete, recherchez <a href=\"https:\/\/www.elettrowebstore.com\/shop\/imperia-sfogliatrice-solo-sfoglia-manuale-162\/\"><strong>Coupeuse rotative Imperia code 4162<\/strong><\/a>.<\/p>\n<p>Pour la machine \u00e0 p\u00e2tes bon march\u00e9 <a href=\"https:\/\/www.elettrowebstore.com\/shop\/imperia-titania-sfogliatrice-macchina-pasta-manuale-190\/\"><strong>Titania, le code est le 190<\/strong><\/a>.<\/p>\n<p>Pour une description d\u00e9taill\u00e9e de <a href=\"https:\/\/www.elettrowebstore.com\/imperia-macchine-per-pasta\/\"><strong>tous les produits de la marque Imperia, veuillez visiter la page d\u00e9di\u00e9e<\/strong><\/a>.<\/p>","protected":false},"excerpt":{"rendered":"<p>Machine \u00e0 p\u00e2tes traditionnelle Imperia, enti\u00e8rement en acier chrom\u00e9 apte au contact alimentaire<\/p>","protected":false},"featured_media":172000,"template":"","meta":[],"product_brand":[],"product_cat":[17,107],"product_tag":[31,411,23,21,68,103,33,20,30,410,409,32],"class_list":{"0":"post-37","1":"product","2":"type-product","3":"status-publish","4":"has-post-thumbnail","6":"product_cat-casalinghi-cura-casa","7":"product_cat-macchine-della-pasta","8":"product_tag-fettuccine","9":"product_tag-free-shipping","10":"product_tag-imperia","11":"product_tag-ipasta","12":"product_tag-macchina","13":"product_tag-macchina-della-pasta","14":"product_tag-manuale","15":"product_tag-pasta","16":"product_tag-sfogliatrice","17":"product_tag-spedizione-gratis","18":"product_tag-spedizione-gratuita","19":"product_tag-tagliatelle","20":"product_shipping_class-pe","22":"first","23":"outofstock","24":"featured","25":"taxable","26":"shipping-taxable","27":"purchasable","28":"product-type-simple"},"_links":{"self":[{"href":"https:\/\/www.elettrowebstore.com\/fr\/wp-json\/wp\/v2\/product\/37","targetHints":{"allow":["GET"]}}],"collection":[{"href":"https:\/\/www.elettrowebstore.com\/fr\/wp-json\/wp\/v2\/product"}],"about":[{"href":"https:\/\/www.elettrowebstore.com\/fr\/wp-json\/wp\/v2\/types\/product"}],"wp:featuredmedia":[{"embeddable":true,"href":"https:\/\/www.elettrowebstore.com\/fr\/wp-json\/wp\/v2\/media\/172000"}],"wp:attachment":[{"href":"https:\/\/www.elettrowebstore.com\/fr\/wp-json\/wp\/v2\/media?parent=37"}],"wp:term":[{"taxonomy":"product_brand","embeddable":true,"href":"https:\/\/www.elettrowebstore.com\/fr\/wp-json\/wp\/v2\/product_brand?post=37"},{"taxonomy":"product_cat","embeddable":true,"href":"https:\/\/www.elettrowebstore.com\/fr\/wp-json\/wp\/v2\/product_cat?post=37"},{"taxonomy":"product_tag","embeddable":true,"href":"https:\/\/www.elettrowebstore.com\/fr\/wp-json\/wp\/v2\/product_tag?post=37"}],"curies":[{"name":"wp","href":"https:\/\/api.w.org\/{rel}","templated":true}]}}