{"id":341547,"date":"2022-08-30T11:58:55","date_gmt":"2022-08-30T09:58:55","guid":{"rendered":"https:\/\/www.elettrowebstore.com\/?post_type=product&#038;p=341547"},"modified":"2025-01-16T19:44:58","modified_gmt":"2025-01-16T18:44:58","slug":"estensione-di-garanzia-elettrodomestici-3-anni-fino-a-250-euro","status":"publish","type":"product","link":"https:\/\/www.elettrowebstore.com\/fr\/shop\/extension-de-la-garantie-de-lappareil-3-ans-jusqua-250-euros\/","title":{"rendered":"Extension de la garantie de l'appareil de 3 ans jusqu'\u00e0 250 euros"},"content":{"rendered":"<h2><strong>Extension de la garantie de l'appareil de 3 ans jusqu'\u00e0 250 euros<\/strong><\/h2>\n<p>Extension de la garantie de l'appareil de 3 ans jusqu'\u00e0 250 euros<\/p>\n<p>Service pour une p\u00e9riode suppl\u00e9mentaire de 36 mois apr\u00e8s la fin de la garantie l\u00e9gale.<\/p>\n<p>Uniquement disponible en m\u00eame temps que l'achat d'un nouveau produit sur le site ElettroWebStore et uniquement pour les produits d'une valeur unitaire inf\u00e9rieure ou \u00e9gale \u00e0 250 euros.<\/p>\n<p>Pour plus d'informations sur la garantie, <a href=\"https:\/\/www.elettrowebstore.com\/estensioni-di-garanzia-sui-prodotti-elettrici\/\" target=\"_blank\" rel=\"noopener\"><strong>visitez la page d\u00e9di\u00e9e avec toutes les explications<\/strong><\/a><\/p>\n<p>&nbsp;<\/p>\n<p>&nbsp;<\/p>","protected":false},"excerpt":{"rendered":"<p>Extension de garantie 3 ans jusqu'\u00e0 250 euros avec un service d'assistance pendant 36 mois suppl\u00e9mentaires \u00e0 partir de la fin de la p\u00e9riode de garantie l\u00e9gale. Le service ne peut \u00eatre achet\u00e9 qu'en m\u00eame temps que l'achat d'un produit sur le site ElettroWebStore et uniquement pour les produits d'une valeur unitaire inf\u00e9rieure ou \u00e9gale \u00e0 250 euros.<\/p>","protected":false},"featured_media":343774,"template":"","meta":[],"product_brand":[],"product_cat":[2629],"product_tag":[2634,2630,2631,2633,2636,2635,2632],"class_list":{"0":"post-341547","1":"product","2":"type-product","3":"status-publish","4":"has-post-thumbnail","6":"product_cat-estensioni-di-garanzia","7":"product_tag-250-euro-massimale","8":"product_tag-estensione","9":"product_tag-garanzia","10":"product_tag-garanzia3","11":"product_tag-polizza","12":"product_tag-prosecuzione","13":"product_tag-servizio-tecnico","14":"product_shipping_class-pe","16":"first","17":"instock","18":"taxable","19":"shipping-taxable","20":"purchasable","21":"product-type-simple"},"_links":{"self":[{"href":"https:\/\/www.elettrowebstore.com\/fr\/wp-json\/wp\/v2\/product\/341547","targetHints":{"allow":["GET"]}}],"collection":[{"href":"https:\/\/www.elettrowebstore.com\/fr\/wp-json\/wp\/v2\/product"}],"about":[{"href":"https:\/\/www.elettrowebstore.com\/fr\/wp-json\/wp\/v2\/types\/product"}],"wp:featuredmedia":[{"embeddable":true,"href":"https:\/\/www.elettrowebstore.com\/fr\/wp-json\/wp\/v2\/media\/343774"}],"wp:attachment":[{"href":"https:\/\/www.elettrowebstore.com\/fr\/wp-json\/wp\/v2\/media?parent=341547"}],"wp:term":[{"taxonomy":"product_brand","embeddable":true,"href":"https:\/\/www.elettrowebstore.com\/fr\/wp-json\/wp\/v2\/product_brand?post=341547"},{"taxonomy":"product_cat","embeddable":true,"href":"https:\/\/www.elettrowebstore.com\/fr\/wp-json\/wp\/v2\/product_cat?post=341547"},{"taxonomy":"product_tag","embeddable":true,"href":"https:\/\/www.elettrowebstore.com\/fr\/wp-json\/wp\/v2\/product_tag?post=341547"}],"curies":[{"name":"wp","href":"https:\/\/api.w.org\/{rel}","templated":true}]}}