{"id":27526,"date":"2020-10-08T17:43:23","date_gmt":"2020-10-08T15:43:23","guid":{"rendered":"https:\/\/www.elettrowebstore.com\/?post_type=product&#038;p=27526"},"modified":"2024-01-17T13:11:40","modified_gmt":"2024-01-17T12:11:40","slug":"botta-cuoca-automatica-motore-elettrico-24-watt-con-accessori","status":"publish","type":"product","link":"https:\/\/www.elettrowebstore.com\/fr\/shop\/cuisiniere-automatique-a-moteur-electrique-de-24-watts-avec-accessoires\/","title":{"rendered":"Botta Automatic Cooker 24 Watt Electric Motor with Accessories"},"content":{"rendered":"<h2><strong>Botta Automatic Cooker 24 Watt Electric Motor with Accessories<br \/>\n<\/strong><\/h2>\n<p><strong>Botta Automatic Cooker 24 Watt Electric Motor with Accessories<\/strong> est la pi\u00e8ce de rechange \u00e0 acheter si le moteur de votre chaudron ne fonctionne plus ou est endommag\u00e9. Il s'agit d'un moteur am\u00e9lior\u00e9, qui peut \u00e9galement remplacer les moteurs moins puissants qui \u00e9quipent certains mod\u00e8les de chaudrons. Ce qui vous sera envoy\u00e9 comprend ce qui est visible sur les photos suivantes, c'est-\u00e0-dire le bo\u00eetier compos\u00e9 de l'ensemble des \u00e9l\u00e9ments suivants <strong>composants en plastique rouge et noir, le cadre galvanis\u00e9 supportant le chaudron et la spatule<\/strong>.<\/p>\n<p>Avant d'effectuer l'achat <a href=\"https:\/\/www.elettrowebstore.com\/contatta-lo-staff-di-elettrowebstore\/\"><strong>nous contacter<\/strong><\/a> pour savoir quel moteur convient \u00e0 votre chaudron. Les moteurs de remplacement ne sont pas universels ; ils varient en taille et en puissance en fonction du chaudron que vous poss\u00e9dez.<\/p>\n<p>Ce moteur, en particulier, est celui qui \u00e9quipe de s\u00e9rie les v\u00e9hicules suivants <a href=\"https:\/\/www.elettrowebstore.com\/shop\/botta-cuoca-automatica-paiolo-rame-30-cm-6-litri-24-watt\/\"><strong>Botta Automatic Cooker pot en cuivre 30 cm 6 litres 24 watts<\/strong><\/a>. Le moteur est \u00e9galement adapt\u00e9 \u00e0 l'am\u00e9lioration de celui mont\u00e9 sur le v\u00e9hicule. <a href=\"https:\/\/www.elettrowebstore.com\/shop\/botta-cuoca-automatica-paiolo-rame-30-cm-6-litri-5-watt\/\"><strong>Botta Automatic Cooker pot en cuivre 30 cm 6 litres 5 watts<\/strong><\/a><\/p>\n<p>&nbsp;<\/p>\n<p><img loading=\"lazy\" decoding=\"async\" class=\"size-full wp-image-27430 aligncenter\" src=\"https:\/\/www.elettrowebstore.com\/EWS_Store\/wp-content\/uploads\/2020\/10\/botta-cuoca-automatica-scatola-di-ricambio-motore-elettrico-1.jpg\" alt=\"Bo\u00eete de remplacement du moteur \u00e9lectrique Botta Cuoca Automatica\" width=\"1280\" height=\"1024\" srcset=\"https:\/\/www.elettrowebstore.com\/EWS_Store\/wp-content\/uploads\/botta-cuoca-automatica-scatola-di-ricambio-motore-elettrico-1.jpg 1280w, https:\/\/www.elettrowebstore.com\/EWS_Store\/wp-content\/uploads\/botta-cuoca-automatica-scatola-di-ricambio-motore-elettrico-1-600x480.jpg 600w, https:\/\/www.elettrowebstore.com\/EWS_Store\/wp-content\/uploads\/botta-cuoca-automatica-scatola-di-ricambio-motore-elettrico-1-768x614.jpg 768w\" sizes=\"auto, (max-width: 1280px) 100vw, 1280px\" \/><\/p>\n<p>&nbsp;<\/p>\n<p><img decoding=\"async\" class=\"aligncenter\" src=\"https:\/\/www.elettrowebstore.com\/EWS_Store\/wp-content\/uploads\/2020\/04\/botta-cuoca-automatica-paiolo-polentina-mescolatore-elettrico-30cm-6lt-24w-4-800x640.jpg\" alt=\"https:\/\/www.elettrowebstore.com\/EWS_Store\/wp-content\/uploads\/2020\/04\/botta-cuoca-automatica-paiolo-polentina-mescolatore-elettrico-30cm-6lt-24w-4-800x640.jpg\" \/><\/p>\n<p>&nbsp;<\/p>\n<p><img decoding=\"async\" class=\"aligncenter\" src=\"https:\/\/www.elettrowebstore.com\/EWS_Store\/wp-content\/uploads\/2020\/04\/botta-cuoca-automatica-paiolo-polentina-mescolatore-elettrico-30cm-6lt-24w-6-800x640.jpg\" alt=\"https:\/\/www.elettrowebstore.com\/EWS_Store\/wp-content\/uploads\/2020\/04\/botta-cuoca-automatica-paiolo-polentina-mescolatore-elettrico-30cm-6lt-24w-6-800x640.jpg\" \/><\/p>\n<p>&nbsp;<\/p>\n<p>&nbsp;<\/p>\n<h2><strong>Botta Cuoca Automatica pots en cuivre : principales caract\u00e9ristiques du produit<br \/>\n<\/strong><\/h2>\n<p>Cuoca Automatica est le nom donn\u00e9 aux pots en cuivre de haute qualit\u00e9 fabriqu\u00e9s en Italie par Botta. Ces produits ne sont rien d'autre que des agitateurs \u00e9lectriques ins\u00e9r\u00e9s dans des pots en cuivre, \u00e9galement appel\u00e9s \"Polentine\". Ces articles sont fabriqu\u00e9s \u00e0 100% en Italie.<\/p>\n<p>Les m\u00e9langeurs Botta utilisent du cuivre de qualit\u00e9 sup\u00e9rieure pour garantir un niveau \u00e9lev\u00e9 de conformit\u00e9 avec le contact alimentaire. Des moteurs domestiques d'au moins 5 watts sont utilis\u00e9s pour l'agitation, ainsi que des moteurs plus puissants dans les casseroles communautaires (jusqu'\u00e0 30 watts). Tous les moteurs utilis\u00e9s sont conformes \u00e0 la r\u00e9glementation en vigueur.<\/p>\n<p>Les chaudrons en cuivre de la ligne Cuoca Automatica by Botta garantissent d'excellentes performances pour la cuisson sur le feu. Ils sont tous fabriqu\u00e9s selon un processus qui allie l'automatisation industrielle et l'artisanat.<\/p>\n<p>En <strong>utilisation normale<\/strong> Dans le cas de la Cuoca Automatica de Botta, il est recommand\u00e9 de positionner le c\u00e2ble \u00e9lectrique du moteur vers le haut, afin d'\u00e9viter tout contact du c\u00e2ble avec la flamme.<\/p>\n<p>Il convient \u00e9galement de <strong>faire tr\u00e8s attention \u00e0 l'utilisation \u00e9lectrique de l'appareil<\/strong>. Avant de nettoyer l'appareil, il convient de d\u00e9brancher la fiche de la prise de courant. Evitez tout contact avec l'eau des pi\u00e8ces \u00e9lectriques qui composent le moteur de cette polenta.<\/p>\n<p>Au moment de l'achat, le chaudron en cuivre pur Botta Cuoca Automatica peut pr\u00e9senter des taches de diff\u00e9rentes couleurs et tailles. Celles-ci sont dues au processus normal d'oxydation du m\u00e9tal et donnent au produit sa consistance et sa couleur naturelles. Ce ph\u00e9nom\u00e8ne est tout \u00e0 fait normal et confirme la qualit\u00e9 de la mati\u00e8re premi\u00e8re utilis\u00e9e. Elles ne constituent en aucun cas un d\u00e9faut du produit.<\/p>\n<p>Avant utilisation, le pot Botta Cuoca Automatica doit \u00eatre soigneusement rinc\u00e9. Une solution m\u00e9lang\u00e9e d'eau et de vinaigre peut \u00eatre utilis\u00e9e pour le nettoyage et l'entretien normal.<\/p>\n<p><img loading=\"lazy\" decoding=\"async\" class=\"aligncenter wp-image-6104\" src=\"https:\/\/www.elettrowebstore.com\/EWS_Store\/wp-content\/uploads\/2020\/04\/botta-cuoca-automatica-paiolo-polentina-mescolatore-elettrico-3.jpg\" alt=\"Botta Automatic Cooker Polenta Pot Electric Mixer\" width=\"800\" height=\"231\" srcset=\"https:\/\/www.elettrowebstore.com\/EWS_Store\/wp-content\/uploads\/botta-cuoca-automatica-paiolo-polentina-mescolatore-elettrico-3.jpg 1280w, https:\/\/www.elettrowebstore.com\/EWS_Store\/wp-content\/uploads\/botta-cuoca-automatica-paiolo-polentina-mescolatore-elettrico-3-600x173.jpg 600w, https:\/\/www.elettrowebstore.com\/EWS_Store\/wp-content\/uploads\/botta-cuoca-automatica-paiolo-polentina-mescolatore-elettrico-3-768x221.jpg 768w\" sizes=\"auto, (max-width: 800px) 100vw, 800px\" \/><\/p>\n<p>&nbsp;<\/p>\n<p>&nbsp;<\/p>\n<h2><strong>Garantie<\/strong><\/h2>\n<p>Le produit est couvert par <a href=\"https:\/\/www.elettrowebstore.com\/due-anni-di-garanzia-su-ogni-prodotto-acquistato\/\"><strong>garantie l\u00e9gale<\/strong><\/a>selon la page correspondante de notre site web, que nous vous invitons \u00e0 lire. Nous fournissons \u00e9galement des informations claires sur l'exercice du droit d'auteur. <a href=\"https:\/\/www.elettrowebstore.com\/diritto-di-recesso-restituzione-prodotti\/\"><strong>droit de r\u00e9tractation<\/strong><\/a>.<\/p>\n<p>Les moteurs \u00e9lectriques sont garantis deux ans, comme tous les appareils achet\u00e9s par les consommateurs.<\/p>\n<p>De plus amples informations sur la l\u00e9gislation applicable sont disponibles sur le site web de l'Agence europ\u00e9enne des droits fondamentaux.<a href=\"http:\/\/www.agcm.it\/consumatore\/decalogo\/5102-garanzia-del-venditore-guida-per-il-consumatore.html\"><strong>Autorit\u00e9 de la concurrence et du march\u00e9<\/strong><\/a>.<\/p>\n<p>Afin d'am\u00e9liorer la qualit\u00e9 des produits, le fabricant se r\u00e9serve le droit de modifier les mat\u00e9riaux et les caract\u00e9ristiques techniques de l'article sans pr\u00e9avis.  En outre, les descriptions et les images donn\u00e9es ici sont donc indicatives et peuvent varier l\u00e9g\u00e8rement par rapport au produit final.<\/p>\n<p>&nbsp;<\/p>\n<p>&nbsp;<\/p>\n<h2><strong>D\u00e9lai de livraison Botta Automatic Cooker moteur \u00e9lectrique 24 Watt avec accessoires<\/strong><\/h2>\n<p>Ce produit est disponible en moyenne dans les 5 jours ouvrables.<\/p>\n<p>Si vous achetez en dehors de l'Italie, le syst\u00e8me calcule des frais d'exp\u00e9dition forfaitaires. Si vous constatez que, par rapport au poids du produit choisi, les frais d'envoi vous semblent excessifs ou disproportionn\u00e9s, finalisez votre commande sans payer et <a href=\"https:\/\/www.elettrowebstore.com\/contatta-lo-staff-di-elettrowebstore\/\"><strong>nous contacter<\/strong><\/a>! Nous \u00e9valuerons et, si n\u00e9cessaire, ajusterons les frais d'exp\u00e9dition \u00e0 l'\u00e9tranger !<\/p>\n<p><a href=\"https:\/\/www.elettrowebstore.com\/spedizioni-consegne-prodotti-italia-estero\/\"><img loading=\"lazy\" decoding=\"async\" class=\"aligncenter wp-image-5149 size-full\" src=\"https:\/\/www.elettrowebstore.com\/EWS_Store\/wp-content\/uploads\/2020\/04\/elettrowebstore-spedizione-con-corrieri-brt-sda-dhl_n75nxd.jpg\" alt=\"ElettroWebStore est livr\u00e9 par des transporteurs rapides BRT SDA DHL\" width=\"649\" height=\"175\" srcset=\"https:\/\/www.elettrowebstore.com\/EWS_Store\/wp-content\/uploads\/elettrowebstore-spedizione-con-corrieri-brt-sda-dhl_n75nxd.jpg 649w, https:\/\/www.elettrowebstore.com\/EWS_Store\/wp-content\/uploads\/elettrowebstore-spedizione-con-corrieri-brt-sda-dhl_n75nxd-600x162.jpg 600w\" sizes=\"auto, (max-width: 649px) 100vw, 649px\" \/><\/a><\/p>\n<p>&nbsp;<\/p>\n<h2><strong>Modes de paiement accept\u00e9s<\/strong><\/h2>\n<p><strong>Sur le site d'ElettroWebStore, vous pouvez payer avec toutes les m\u00e9thodes courantes<\/strong>\u00e0 la fois sp\u00e9cifiques \u00e0 Internet (telles que les cartes pr\u00e9pay\u00e9es) et traditionnelles (telles que les cartes de cr\u00e9dit classiques).<\/p>\n<p><a href=\"https:\/\/www.elettrowebstore.com\/pagamenti-sicuri-sul-sito-elettrowebstore\/\"><img loading=\"lazy\" decoding=\"async\" class=\"aligncenter size-full wp-image-5151\" src=\"https:\/\/www.elettrowebstore.com\/EWS_Store\/wp-content\/uploads\/2020\/04\/elettrowebstore-pagamenti_berj9q.jpg\" alt=\"Modes de paiement accept\u00e9s sur le site ElettroWebStore\" width=\"649\" height=\"226\" srcset=\"https:\/\/www.elettrowebstore.com\/EWS_Store\/wp-content\/uploads\/elettrowebstore-pagamenti_berj9q.jpg 649w, https:\/\/www.elettrowebstore.com\/EWS_Store\/wp-content\/uploads\/elettrowebstore-pagamenti_berj9q-600x209.jpg 600w\" sizes=\"auto, (max-width: 649px) 100vw, 649px\" \/><\/a><\/p>\n<p>&nbsp;<\/p>\n<p>Tous les paiements sont effectu\u00e9s par l'interm\u00e9diaire de <a href=\"https:\/\/www.paypal.com\/it\/webapps\/mpp\/paypal-safety-and-security\"><strong>Paypal<\/strong><\/a>. De plus, m\u00eame si vous ne disposez pas de Paypal, vous pouvez payer sans vous inscrire et sans enregistrer vos donn\u00e9es d'identification. Il vous suffit de saisir vos donn\u00e9es dans les champs appropri\u00e9s. Le syst\u00e8me est crypt\u00e9 et prot\u00e9g\u00e9 et vos donn\u00e9es ne seront en aucun cas communiqu\u00e9es \u00e0 ElettroWebStore. En fait, ElettroWebStore peut seulement voir si votre paiement a \u00e9t\u00e9 effectu\u00e9 ou non et seulement les informations que vous d\u00e9cidez d'introduire !<\/p>\n<p>En aucun cas <a href=\"http:\/\/www.elettrowebstore.com\"><strong>ElettroWebStore<\/strong><\/a> g\u00e9rer les donn\u00e9es de votre carte de paiement ou en prendre connaissance. En effet, les <a href=\"http:\/\/www.elettrowebstore.com\"><strong>ElettroWebStore<\/strong><\/a> ne verra que si le paiement a \u00e9t\u00e9 effectu\u00e9 ou non !<\/p>\n<p>Notre site utilise les protocoles HTTPS, qui garantissent des normes de s\u00e9curit\u00e9 \u00e9lev\u00e9es pour les utilisateurs !<\/p>","protected":false},"excerpt":{"rendered":"<p>Botta Cuoca Automatica 24 Watt electric motor with accessories est un remplacement pour chaudron incluant le cadre galvanis\u00e9 et la spatule. <span style=\"color: #ed1c24\"><strong>Livraison gratuite en Italie \u00e0 partir de 29,90 \u20ac !<\/strong><\/span><\/p>","protected":false},"featured_media":27430,"template":"","meta":[],"product_brand":[],"product_cat":[17,671],"product_tag":[685,71,672,673,677,190,674,676,478,1717,1719,1718],"class_list":{"0":"post-27526","1":"product","2":"type-product","3":"status-publish","4":"has-post-thumbnail","6":"product_cat-casalinghi-cura-casa","7":"product_cat-paioli-in-rame-con-motore","8":"product_tag-24-watt","9":"product_tag-automatica","10":"product_tag-botta","11":"product_tag-cuoca","12":"product_tag-mescolatore","13":"product_tag-motore","14":"product_tag-paiolo","15":"product_tag-polentina","16":"product_tag-ricambio","17":"product_tag-scatola","18":"product_tag-spatola","19":"product_tag-telaio-zincato","20":"product_shipping_class-pe10","22":"first","23":"outofstock","24":"taxable","25":"shipping-taxable","26":"purchasable","27":"product-type-simple"},"_links":{"self":[{"href":"https:\/\/www.elettrowebstore.com\/fr\/wp-json\/wp\/v2\/product\/27526","targetHints":{"allow":["GET"]}}],"collection":[{"href":"https:\/\/www.elettrowebstore.com\/fr\/wp-json\/wp\/v2\/product"}],"about":[{"href":"https:\/\/www.elettrowebstore.com\/fr\/wp-json\/wp\/v2\/types\/product"}],"wp:featuredmedia":[{"embeddable":true,"href":"https:\/\/www.elettrowebstore.com\/fr\/wp-json\/wp\/v2\/media\/27430"}],"wp:attachment":[{"href":"https:\/\/www.elettrowebstore.com\/fr\/wp-json\/wp\/v2\/media?parent=27526"}],"wp:term":[{"taxonomy":"product_brand","embeddable":true,"href":"https:\/\/www.elettrowebstore.com\/fr\/wp-json\/wp\/v2\/product_brand?post=27526"},{"taxonomy":"product_cat","embeddable":true,"href":"https:\/\/www.elettrowebstore.com\/fr\/wp-json\/wp\/v2\/product_cat?post=27526"},{"taxonomy":"product_tag","embeddable":true,"href":"https:\/\/www.elettrowebstore.com\/fr\/wp-json\/wp\/v2\/product_tag?post=27526"}],"curies":[{"name":"wp","href":"https:\/\/api.w.org\/{rel}","templated":true}]}}