{"id":26081,"date":"2020-09-15T10:52:01","date_gmt":"2020-09-15T08:52:01","guid":{"rendered":"https:\/\/www.elettrowebstore.com\/?post_type=product&#038;p=26081"},"modified":"2024-07-20T19:58:15","modified_gmt":"2024-07-20T17:58:15","slug":"artus-t25-tritacarne-elettrico-550-watt","status":"publish","type":"product","link":"https:\/\/www.elettrowebstore.com\/fr\/shop\/hache-viande-electrique-artus-t25-550-watts-2\/","title":{"rendered":"Hachoir \u00e9lectrique Artus T25 550 watts"},"content":{"rendered":"<h2><strong>Artus T25 Hachoir \u00e0 viande \u00e9lectrique 550 Watt<\/strong><\/h2>\n<p>Le hachoir \u00e0 viande \u00e9lectrique Artus T25 550 Watt est un produit \u00e9conomique dont le moteur et le corps sont import\u00e9s. Il s'agit d'un produit de bonne qualit\u00e9, avec des accessoires en aluminium, con\u00e7u pour un usage occasionnel. En effet, la machine doit \u00eatre repos\u00e9e apr\u00e8s un maximum de 15 minutes d'utilisation continue. L'article est facile \u00e0 utiliser et vous permet de hacher facilement la viande, pour obtenir le hachis souhait\u00e9 \u00e0 partir des trois tailles diff\u00e9rentes possibles.<\/p>\n<p><img loading=\"lazy\" decoding=\"async\" class=\"aligncenter size-full wp-image-731036\" src=\"https:\/\/www.elettrowebstore.com\/EWS_Store\/wp-content\/uploads\/artus-t25-tritacarne-elettrico-550W-corpo-alluminio-marcia-avanti-indietro-550Watt-0.webp\" alt=\"artus-t25-meule-\u00e9lectrique-550W-corps-aluminium-avant-arri\u00e8re-550Watt\" width=\"600\" height=\"600\" srcset=\"https:\/\/www.elettrowebstore.com\/EWS_Store\/wp-content\/uploads\/artus-t25-tritacarne-elettrico-550W-corpo-alluminio-marcia-avanti-indietro-550Watt-0.webp 600w, https:\/\/www.elettrowebstore.com\/EWS_Store\/wp-content\/uploads\/artus-t25-tritacarne-elettrico-550W-corpo-alluminio-marcia-avanti-indietro-550Watt-0-200x200.webp 200w, https:\/\/www.elettrowebstore.com\/EWS_Store\/wp-content\/uploads\/artus-t25-tritacarne-elettrico-550W-corpo-alluminio-marcia-avanti-indietro-550Watt-0-100x100.webp 100w\" sizes=\"auto, (max-width: 600px) 100vw, 600px\" \/><\/p>\n<h2><strong>Caract\u00e9ristiques techniques du hachoir \u00e0 viande \u00e9lectrique Artus T25 550 W<\/strong><\/h2>\n<ul>\n<li><span class=\"fontstyle0\">Corps, virole, h\u00e9lice et plaque sup\u00e9rieure en aluminium<\/span>conforme au contact alimentaire<\/li>\n<li>Plat avec col de s\u00e9curit\u00e9 pour \u00e9viter les blessures aux mains<\/li>\n<li>Pilon en mati\u00e8re plastique apte au contact alimentaire<\/li>\n<li>Moteur \u00e9lectrique de 550 watts<\/li>\n<li>Puissance de d\u00e9marrage maximale (look power) 1400 watts<\/li>\n<li>Interrupteur ON\/OFF avec inversion. L'inversion de l'interrupteur entra\u00eene le d\u00e9verrouillage de l'appareil, ce qui peut en fait le bloquer en pr\u00e9sence de r\u00e9sidus de peau et d'os<\/li>\n<li><span class=\"fontstyle0\">Fourni avec 3 plaques \u00e0 trous petits\/moyens\/larges (diam\u00e8tre 3\/5\/7 mm) et 1 couteau en acier.<\/span><\/li>\n<li>Montage\/d\u00e9montage facile<\/li>\n<li>Lavable au lave-vaisselle<\/li>\n<li>Moteur compatible avec l'accessoire de presse-agrumes ARTUS OS et l'accessoire de r\u00e2pe\/\u00e9minceur de l\u00e9gumes ARTUS OV, achet\u00e9s s\u00e9par\u00e9ment.<\/li>\n<li>Poids de l'emballage de vente : 3,69 kg<\/li>\n<li>Dimensions de l'emballage de vente en cm : 42\u00d722,5\u00d719,5 (h)<\/li>\n<li>Pas d'entonnoir pour l'ensachage<\/li>\n<li>Ne convient pas pour un fonctionnement continu ; limit\u00e9 \u00e0 un usage domestique<\/li>\n<li>Article certifi\u00e9 pour l'usage alimentaire et enti\u00e8rement conforme aux r\u00e9glementations italiennes et europ\u00e9ennes sur les appareils m\u00e9nagers<\/li>\n<\/ul>\n<p>&nbsp;<\/p>\n<h2><strong>Description<\/strong><\/h2>\n<p>Le hachoir \u00e0 viande \u00e9lectrique Artus T25 550 Watt est un hachoir \u00e0 viande<strong> de bonne qualit\u00e9 et de bonne puissance, recommand\u00e9 pour un usage domestique<\/strong>.<\/p>\n<p>La machine permet de produire le hachis d\u00e9sir\u00e9 \u00e0 l'aide des 3 plaques \u00e0 trous. <span class=\"fontstyle0\">petit\/moyen\/large<\/span> <span class=\"fontstyle0\">(diam\u00e8tre 3\/5\/7 mm.)<\/span> et le couteau en acier, fourni.<\/p>\n<p>Le hachoir \u00e0 viande \u00e9lectrique Artus T25 550 Watt est facilement d\u00e9montable pour un nettoyage ais\u00e9 de tous ses composants.<\/p>\n<p>Les accessoires ARTUS OS (presse-tomate) et ARTUS OV (r\u00e2pe\/\u00e9minceur de l\u00e9gumes) peuvent \u00eatre achet\u00e9s s\u00e9par\u00e9ment, <a href=\"https:\/\/www.elettrowebstore.com\/categoria-prodotto\/casalinghi\/accessori-per-reber\/\"><strong>sont disponibles dans le ElettroWebStore<\/strong><\/a>!<\/p>\n<p>&nbsp;<\/p>\n<h2><strong>Pourquoi acheter le hachoir \u00e0 viande Artus T25 ?<\/strong><\/h2>\n<p>Le hachoir \u00e0 viande Artus T25 est un produit m\u00e9nager polyvalent et \u00e9conomique. En effet, il peut facilement et \u00e0 peu de frais remplacer le hachoir \u00e0 viande manuel classique. Gr\u00e2ce \u00e0 l'utilisation de l'\u00e9lectricit\u00e9, le moteur de ce hachoir \u00e0 viande peut fonctionner pendant 15 minutes sans interruption avant de devoir s'arr\u00eater pour refroidir. Veuillez lire attentivement les instructions figurant dans l'emballage.<\/p>\n<p>Les plaques en acier (non inoxydable) fournies permettent de dessiner la viande dans les principaux formats utiles.<\/p>\n<p>Nous recommandons de laver les plaques et le couteau \u00e0 l'eau chaude sans solvants et de bien les s\u00e9cher avec un chiffon sec. Ensuite, pour \u00e9viter la rouille, nous recommandons d'huiler les pi\u00e8ces avec de l'huile de qualit\u00e9 alimentaire.<\/p>\n<p>Avec ce simple entretien, votre Artus T25 sera un outil utile dans la cuisine \u00e0 un faible co\u00fbt.<\/p>\n<p>De plus, il est modulaire. En effet, le m\u00eame moteur peut \u00e9galement \u00eatre utilis\u00e9 avec le<strong>Accessoire pour presse-tomates Artus<\/strong> et avec le<strong>en option, le coupe-l\u00e9gumes Artus<\/strong> et avec le<strong>Extracteur de jus accessoire Artus<\/strong>i. Tous ces accessoires sont achet\u00e9s s\u00e9par\u00e9ment.<\/p>\n<p>&nbsp;<\/p>\n<h2><strong>Informations sur le produit ARTUS<\/strong><\/h2>\n<p><strong>ARTUS<\/strong> est une marque de REBER S.r.l. <a href=\"http:\/\/www.rebersrl.it\"><strong>REBER\u00a0<\/strong><\/a>est leader en Italie et \u00e0 l'\u00e9tranger dans la production et la distribution d'articles pour la maison et pour les professionnels. En effet, ses articles sont sp\u00e9cifiquement con\u00e7us pour avoir des produits tr\u00e8s fiables dans la maison ou l'atelier, con\u00e7us pour durer longtemps.<\/p>\n<p>En outre, tous les moteurs et accessoires sont toujours conformes \u00e0 toutes les r\u00e9glementations applicables, tant en ce qui concerne la technologie de fabrication que le contact des aliments avec les mat\u00e9riaux.<\/p>\n<p>En effet, tous les articles REBER sont accompagn\u00e9s d'une d\u00e9claration de conformit\u00e9. Ils garantissent donc toujours une satisfaction maximale \u00e0 tous les utilisateurs !<\/p>\n<p>&nbsp;<\/p>\n<h2><strong>Garantie<\/strong><\/h2>\n<p>Le produit est couvert par <a href=\"https:\/\/www.elettrowebstore.com\/due-anni-di-garanzia-su-ogni-prodotto-acquistato\/\"><strong>garantie l\u00e9gale<\/strong><\/a>selon la page correspondante de notre site web, que nous vous invitons \u00e0 lire. Nous fournissons \u00e9galement des informations claires sur l'exercice du droit d'auteur. <a href=\"https:\/\/www.elettrowebstore.com\/diritto-di-recesso-restituzione-prodotti\/\"><strong>droit de r\u00e9tractation<\/strong><\/a>.<\/p>\n<p>Pour faciliter l'exercice de ce droit, le fabricant met \u00e0 disposition des centres d'assistance technique agr\u00e9\u00e9s dans tout le pays.<\/p>\n<p>De plus amples informations sur la l\u00e9gislation applicable sont disponibles sur le site web de l'Agence europ\u00e9enne des droits fondamentaux.<a href=\"http:\/\/www.agcm.it\/consumatore\/decalogo\/5102-garanzia-del-venditore-guida-per-il-consumatore.html\"><strong>Autorit\u00e9 de la concurrence et du march\u00e9<\/strong><\/a>.<\/p>\n<p>Afin d'am\u00e9liorer la qualit\u00e9 des produits, le fabricant se r\u00e9serve le droit de modifier les mat\u00e9riaux et les caract\u00e9ristiques techniques de l'article sans pr\u00e9avis.  En outre, les descriptions et les images donn\u00e9es ici sont donc indicatives et peuvent varier l\u00e9g\u00e8rement par rapport au produit final.<\/p>\n<p>&nbsp;<\/p>\n<h2><strong>D\u00e9lai de livraison<\/strong><\/h2>\n<p>Ce produit est toujours disponible pour une livraison imm\u00e9diate. En fait, il peut \u00eatre command\u00e9 imm\u00e9diatement et est exp\u00e9di\u00e9 par ElettroWebStore dans les 2 jours ouvrables suivant la date d'achat.<\/p>\n<p>En outre, tous les envois d'ElettroWebStore sont exempts de frais de transport !<\/p>\n<p>&nbsp;<\/p>\n<h2><strong>Modes de paiement accept\u00e9s<\/strong><\/h2>\n<p><strong>Sur le site d'ElettroWebStore, vous pouvez payer avec toutes les m\u00e9thodes courantes<\/strong>\u00e0 la fois sp\u00e9cifiques \u00e0 Internet (telles que les cartes pr\u00e9pay\u00e9es) et traditionnelles (telles que les cartes de cr\u00e9dit classiques).<\/p>\n<p>Tous les paiements sont effectu\u00e9s par l'interm\u00e9diaire du <a href=\"https:\/\/www.paypal.com\/it\/webapps\/mpp\/paypal-safety-and-security\"><strong>Paypal<\/strong><\/a>. De plus, m\u00eame si vous n'avez pas Paypal, vous pouvez toujours payer sans vous inscrire et sans enregistrer vos donn\u00e9es d'identification. Il vous suffit d'entrer vos coordonn\u00e9es dans les pages Paypal.<\/p>\n<p>En aucun cas <a href=\"http:\/\/www.elettrowebstore.com\"><strong>ElettroWebStore<\/strong><\/a> g\u00e9rer les donn\u00e9es de votre carte de paiement ou en prendre connaissance. En effet, les <a href=\"http:\/\/www.elettrowebstore.com\"><strong>ElettroWebStore<\/strong><\/a> ne verra que si le paiement a \u00e9t\u00e9 effectu\u00e9 ou non !<\/p>\n<p>Notre site utilise les protocoles HTTPS, qui garantissent des normes de s\u00e9curit\u00e9 \u00e9lev\u00e9es pour les utilisateurs !<\/p>","protected":false},"excerpt":{"rendered":"<p>Hachoir \u00e9lectrique Artus T25 550 Watt avec corps en aluminium, adapt\u00e9 \u00e0 un usage domestique. Utilisation continue maximale : 15 minutes. <span style=\"color: #ed1c24;\"><strong>Livraison gratuite en Italie \u00e0 partir de 100 euros !<\/strong><\/span><\/p>\n<p>&nbsp;<\/p>","protected":false},"featured_media":731036,"template":"","meta":[],"product_brand":[],"product_cat":[17,618],"product_tag":[1700,1702,66,201,411,358,65,409,1701,350],"class_list":{"0":"post-26081","1":"product","2":"type-product","3":"status-publish","4":"has-post-thumbnail","6":"product_cat-casalinghi-cura-casa","7":"product_cat-tritacarne-elettrici","8":"product_tag-550-watt","9":"product_tag-accessori-in-alluminio","10":"product_tag-artus","11":"product_tag-elettrico","12":"product_tag-free-shipping","13":"product_tag-macinato","14":"product_tag-reber","15":"product_tag-spedizione-gratuita","16":"product_tag-t25","17":"product_tag-tritacarne","18":"product_shipping_class-pe","20":"first","21":"instock","22":"sale","23":"taxable","24":"shipping-taxable","25":"purchasable","26":"product-type-simple"},"_links":{"self":[{"href":"https:\/\/www.elettrowebstore.com\/fr\/wp-json\/wp\/v2\/product\/26081","targetHints":{"allow":["GET"]}}],"collection":[{"href":"https:\/\/www.elettrowebstore.com\/fr\/wp-json\/wp\/v2\/product"}],"about":[{"href":"https:\/\/www.elettrowebstore.com\/fr\/wp-json\/wp\/v2\/types\/product"}],"wp:featuredmedia":[{"embeddable":true,"href":"https:\/\/www.elettrowebstore.com\/fr\/wp-json\/wp\/v2\/media\/731036"}],"wp:attachment":[{"href":"https:\/\/www.elettrowebstore.com\/fr\/wp-json\/wp\/v2\/media?parent=26081"}],"wp:term":[{"taxonomy":"product_brand","embeddable":true,"href":"https:\/\/www.elettrowebstore.com\/fr\/wp-json\/wp\/v2\/product_brand?post=26081"},{"taxonomy":"product_cat","embeddable":true,"href":"https:\/\/www.elettrowebstore.com\/fr\/wp-json\/wp\/v2\/product_cat?post=26081"},{"taxonomy":"product_tag","embeddable":true,"href":"https:\/\/www.elettrowebstore.com\/fr\/wp-json\/wp\/v2\/product_tag?post=26081"}],"curies":[{"name":"wp","href":"https:\/\/api.w.org\/{rel}","templated":true}]}}