{"id":192380,"date":"2022-07-18T12:40:55","date_gmt":"2022-07-18T10:40:55","guid":{"rendered":"https:\/\/www.elettrowebstore.com\/?post_type=product&#038;p=192380"},"modified":"2025-10-03T19:08:22","modified_gmt":"2025-10-03T17:08:22","slug":"monferrina-dolly-macchina-pasta-sfogliatrice-da-banco-professionale","status":"publish","type":"product","link":"https:\/\/www.elettrowebstore.com\/fr\/shop\/machine-a-pates-de-comptoir-professionnelle-monferrina-dolly\/","title":{"rendered":"Machine \u00e0 p\u00e2tes professionnelle de comptoir Monferrina Dolly"},"content":{"rendered":"<h2><strong>Machine \u00e0 p\u00e2tes professionnelle de comptoir Monferrina Dolly<\/strong><\/h2>\n<p><a href=\"https:\/\/www.la-monferrina.com\/prodotti\/scheda.php?prodotto=47#stop\" target=\"_blank\" rel=\"noopener\"><strong>Machine \u00e0 p\u00e2tes professionnelle de comptoir Monferrina Dolly 750 watts<\/strong><\/a> pour la production de p\u00e2tes dans les petits ateliers et les restaurants.<\/p>\n<p><a href=\"https:\/\/www.elettrowebstore.com\/monferrina-macchine-per-pasta-professionali-ristorante-e-laboratorio\/\" target=\"_blank\" rel=\"noopener\"><strong>Visitez notre page sur les produits Monferrina<\/strong><\/a> pour conna\u00eetre tous les d\u00e9tails de la marque, de la gamme et de la qualit\u00e9 des machines \u00e0 p\u00e2tes Monferrina.<\/p>\n<p>En effet, cette machine \u00e0 p\u00e2tes poss\u00e8de toutes les caract\u00e9ristiques avanc\u00e9es pour une bonne productivit\u00e9 en usage professionnel. Moteur puissant, structures en acier inoxydable et en aluminium anodis\u00e9, protection de l'utilisateur, dimensions compactes, nettoyage facile, certification pour un usage professionnel.<\/p>\n<p>Les <a href=\"https:\/\/www.elettrowebstore.com\/shop\/monferrina-dolly-accessorio-coltello-rotativo-elettrico\/\" target=\"_blank\" rel=\"noopener\"><strong>couteau rotatif \u00e9lectrique pour Monferrina Dolly<\/strong><\/a> est achet\u00e9 s\u00e9par\u00e9ment en tant qu'accessoire.<\/p>\n<p>&nbsp;<\/p>\n<h2><strong>Sp\u00e9cifications techniques<\/strong><\/h2>\n<ul>\n<li>Poids : 27 Kg<\/li>\n<li>Dimensions (HxBxC) : 290x550x300 mm<\/li>\n<li>Puissance du moteur \u00e9lectrique : 750 Watt<\/li>\n<li>Capacit\u00e9 de la cuve de p\u00e9trissage : 2,5 kg<\/li>\n<li>Production de p\u00e2tes \u00e9tir\u00e9es : 6 Kg\/h<\/li>\n<li>Ne peut pas monter d'autres accessoires de la gamme Monferrina<\/li>\n<li>Les <a href=\"https:\/\/www.elettrowebstore.com\/shop\/monferrina-dolly-accessorio-coltello-rotativo-elettrico\/\"><strong>couteau rotatif \u00e9lectrique<\/strong><\/a> est achet\u00e9 s\u00e9par\u00e9ment en tant qu'accessoire<\/li>\n<li>Le <strong><a href=\"https:\/\/www.elettrowebstore.com\/shop\/monferrina-trafile-in-bronzo-standard-dolly-e-gruppo-pressa-nina-pnuova-cilindri\/\" target=\"_blank\" rel=\"noopener\">matrices en bronze pour la fabrication de p\u00e2tes longues et courtes<\/a><\/strong>, le <strong><a href=\"https:\/\/www.elettrowebstore.com\/shop\/monferrina-trafile-in-ptfe-dolly-e-gruppo-pressa-nina-pnuova-cilindri\/\" target=\"_blank\" rel=\"noopener\">Matrices \u00e0 p\u00e2tes en PTFE<\/a><\/strong>La feuille de p\u00e2te et les matrices pour stylos avec le kit de d\u00e9coupe en biais sont achet\u00e9es s\u00e9par\u00e9ment en tant qu'accessoires.<\/li>\n<li>Le couteau rotatif \u00e9lectrique est achet\u00e9 en tant qu'accessoire.<\/li>\n<li>Le prix propos\u00e9 ne comprend pas les matrices, qui peuvent \u00eatre achet\u00e9es s\u00e9par\u00e9ment.<\/li>\n<li>Disponible <a href=\"https:\/\/www.elettrowebstore.com\/shop\/estensione-di-garanzia-elettrodomestici-3-anni-fino-a-5000-euro\/\" target=\"_blank\" rel=\"noopener\"><strong>extension de la garantie<\/strong><\/a>.<\/li>\n<li>Exp\u00e9dition vers l'Italie incluse<\/li>\n<\/ul>\n<p>&nbsp;<\/p>\n<h2><strong>Description<\/strong><\/h2>\n<p>La Monferrina Dolly est une machine de comptoir peu encombrante qui permet de fabriquer des p\u00e2tes en feuilles et des p\u00e2tes dessin\u00e9es dans de nombreux formats diff\u00e9rents.<\/p>\n<p>La machine \u00e0 p\u00e2tes extrud\u00e9es Dolly p\u00e9trit tout type de farine et produit des p\u00e2tes longues et courtes en changeant simplement la fili\u00e8re. La machine peut \u00e9galement \u00eatre fournie (sur demande) avec un couteau rotatif pour les p\u00e2tes courtes.<\/p>\n<p>Le couteau rotatif est un couteau motoris\u00e9 \u00e0 vitesse variable. Il permet de couper les p\u00e2tes plus ou moins longues. Il est \u00e9videmment utile pour faire des p\u00e2tes qui doivent \u00eatre courtes (les p\u00e2tes longues sont g\u00e9n\u00e9ralement coup\u00e9es \u00e0 la main).<\/p>\n<p>Le laminoir \u00e0 p\u00e2te Monferrina Dolly est dot\u00e9 d'une structure ext\u00e9rieure en aluminium anodis\u00e9 et de pi\u00e8ces en acier inoxydable en contact avec la p\u00e2te. Il est \u00e9galement \u00e9quip\u00e9 d'un bouton de s\u00e9curit\u00e9 et d'un voyant d'alimentation.<\/p>\n<p>La machine est conforme aux r\u00e9glementations en vigueur en mati\u00e8re de pr\u00e9vention des accidents et est con\u00e7ue pour un usage professionnel.<\/p>\n<p>&nbsp;<\/p>\n<h2><strong>Vous souhaitez b\u00e9n\u00e9ficier d'une r\u00e9duction ?<\/strong><\/h2>\n<p><a href=\"https:\/\/www.elettrowebstore.com\/contatta-lo-staff-di-elettrowebstore\/\"><strong>Contactez-nous par e-mail<\/strong><\/a> et indiquez la destination du produit et saisissez toutes vos donn\u00e9es fiscales, en choisissant le paiement par virement bancaire. Nous pourrons alors vous envoyer une offre personnalis\u00e9e !<\/p>\n<p>&nbsp;<\/p>\n<h2><strong>Les accessoires ne sont pas inclus dans le chariot Monferrina et peuvent \u00eatre achet\u00e9s s\u00e9par\u00e9ment.<\/strong><\/h2>\n<p>Pour la machine \u00e0 p\u00e2tes Dolly, certains accessoires peuvent \u00eatre achet\u00e9s s\u00e9par\u00e9ment :<\/p>\n<ul>\n<li><a href=\"https:\/\/www.elettrowebstore.com\/shop\/monferrina-trafile-in-bronzo-speciali-dolly-e-gruppo-pressa-nina-pnuova-cilindri\/\" target=\"_blank\" rel=\"noopener\"><strong>matrices sp\u00e9ciales bronz\u00e9es<\/strong><\/a>. Les fili\u00e8res en bronze permettent d'obtenir une p\u00e2te plus rugueuse et plus consistante. Les fili\u00e8res sp\u00e9ciales sont plus longues \u00e0 livrer et ne peuvent pas \u00eatre achet\u00e9es en m\u00eame temps que la machine lors du premier achat.<\/li>\n<li><a href=\"https:\/\/www.elettrowebstore.com\/shop\/monferrina-trafile-in-ptfe-dolly-e-gruppo-pressa-nina-pnuova-cilindri\/\" target=\"_blank\" rel=\"noopener\"><strong>matrices sp\u00e9ciales en PTFE<\/strong><\/a>. Il s'agit de fili\u00e8res en r\u00e9sine sp\u00e9cialement con\u00e7ues pour l'extrusion et le contact alimentaire. Elles produisent une p\u00e2te plus brillante et plus transparente que les fili\u00e8res en bronze.<\/li>\n<li><a href=\"https:\/\/www.elettrowebstore.com\/shop\/monferrina-dolly-accessorio-coltello-rotativo-elettrico\/\" target=\"_blank\" rel=\"noopener\"><strong>couteau rotatif \u00e9lectrique<\/strong><\/a> sp\u00e9cifiquement pour Dolly. Il s'agit d'un couteau muni d'un moteur qui est reli\u00e9 \u00e0 la prise de force de la machine par un c\u00e2ble. Il est \u00e9quip\u00e9 d'un variateur de vitesse permettant de r\u00e9aliser des p\u00e2tes courtes de diff\u00e9rentes longueurs<\/li>\n<li>Matrices pour p\u00e2te feuillet\u00e9e bronz\u00e9e. Si vous souhaitez r\u00e9aliser la p\u00e2te feuillet\u00e9e avec la machine \u00e0 p\u00e2tes Dolly, vous pouvez acheter les fili\u00e8res sp\u00e9cifiques qui permettent d'obtenir les p\u00e2tes feuillet\u00e9es de 100 mm et 170 mm.<\/li>\n<li>Emporte-pi\u00e8ce pour penne avec coupe oblique. Il s'agit d'un emporte-pi\u00e8ce sp\u00e9cial pour la fabrication de p\u00e2tes de la forme classique de la penne. La coupe oblique aux extr\u00e9mit\u00e9s est r\u00e9alis\u00e9e \u00e0 l'aide d'un emporte-pi\u00e8ce sp\u00e9cial \u00e0 acheter s\u00e9par\u00e9ment.<\/li>\n<\/ul>\n<h2><strong>D\u00e9lai de livraison<\/strong><\/h2>\n<p>Ce produit n'est pas disponible pour une livraison imm\u00e9diate. Les d\u00e9lais de livraison peuvent varier jusqu'\u00e0 plus de 30 jours ouvrables. Si vous \u00eates int\u00e9ress\u00e9, veuillez nous contacter pour d\u00e9finir les conditions et le d\u00e9lai de livraison \u00e0 l'avance.<\/p>\n<p>En outre, tous les envois d'ElettroWebStore sont exempts de frais de transport !<\/p>\n<p>&nbsp;<\/p>\n<h2><strong>Notes sur l'achat et la restitution<\/strong><\/h2>\n<p>Ce produit est repr\u00e9sent\u00e9 dans le catalogue tel qu'il appara\u00eet sur les photos. N\u00e9anmoins, cet article est assembl\u00e9 manuellement pour chaque pi\u00e8ce individuelle. La repr\u00e9sentation dans le catalogue est donc purement indicative et le fabricant (et par cons\u00e9quent ElettroWebStore) se r\u00e9serve le droit d'apporter des modifications sans pr\u00e9avis, m\u00eame si elles ne sont pas document\u00e9es sur le site web.<\/p>\n<p>\u00c9tant donn\u00e9 qu'il s'agit d'un produit sp\u00e9cifique, professionnel, con\u00e7u \u00e0 cet effet et destin\u00e9 \u00e0 un usage alimentaire, il ne peut \u00eatre revendu s'il a \u00e9t\u00e9 utilis\u00e9 ne serait-ce qu'une seule fois, sauf en tant que produit d'occasion, <strong>il ne peut \u00eatre rendu, \u00e0 titre exceptionnel et selon les r\u00e8gles du Code de la consommation<\/strong>.<\/p>\n<p style=\"text-align: left;\">En effectuant un achat \u00e0 partir de cette annonce, le client accepte ces r\u00e8gles, ainsi que <a href=\"https:\/\/www.elettrowebstore.com\/condizioni-generali-vendita-online-elettrowebstore\/\" target=\"_blank\" rel=\"noopener\"><strong>sp\u00e9cifi\u00e9e dans notre section sur la garantie et les marchandises retourn\u00e9es<\/strong><\/a>au point 4, lettre b.<\/p>","protected":false},"excerpt":{"rendered":"<p>La machine \u00e0 p\u00e2tes Monferrina Dolly est id\u00e9ale pour les restaurants et les ateliers professionnels. D'une capacit\u00e9 allant jusqu'\u00e0 4 kg par cycle, elle permet de p\u00e9trir et d'extruder des p\u00e2tes fra\u00eeches de haute qualit\u00e9, de mani\u00e8re continue et rapide. Facile \u00e0 utiliser et robuste, elle est parfaite pour la fabrication de diff\u00e9rents types de p\u00e2tes, longues ou courtes. Il garantit une polyvalence et des performances \u00e9lev\u00e9es pour r\u00e9pondre aux besoins des professionnels. P\u00e9trit et \u00e9tire automatiquement. Les matrices en bronze et le couteau rotatif \u00e9lectrique s'ach\u00e8tent s\u00e9par\u00e9ment. Livraison gratuite en Italie.<\/p>","protected":false},"featured_media":192396,"template":"","meta":[],"product_brand":[],"product_cat":[16,108],"product_tag":[2881,2883,815,754,68,745,20,99,30,2882],"class_list":{"0":"post-192380","1":"product","2":"type-product","3":"status-publish","4":"has-post-thumbnail","6":"product_cat-attrezzature-professionali","7":"product_cat-macchine-per-pasta-professionali","8":"product_tag-capacita-4-kg","9":"product_tag-coltello-rotativo","10":"product_tag-estrusore","11":"product_tag-impastatrice","12":"product_tag-macchina","13":"product_tag-monferrina","14":"product_tag-pasta","15":"product_tag-professionale","16":"product_tag-sfogliatrice","17":"product_tag-trafile-in-bronzo","18":"product_shipping_class-pe10","20":"first","21":"instock","22":"featured","23":"taxable","24":"shipping-taxable","25":"purchasable","26":"product-type-simple"},"_links":{"self":[{"href":"https:\/\/www.elettrowebstore.com\/fr\/wp-json\/wp\/v2\/product\/192380","targetHints":{"allow":["GET"]}}],"collection":[{"href":"https:\/\/www.elettrowebstore.com\/fr\/wp-json\/wp\/v2\/product"}],"about":[{"href":"https:\/\/www.elettrowebstore.com\/fr\/wp-json\/wp\/v2\/types\/product"}],"wp:featuredmedia":[{"embeddable":true,"href":"https:\/\/www.elettrowebstore.com\/fr\/wp-json\/wp\/v2\/media\/192396"}],"wp:attachment":[{"href":"https:\/\/www.elettrowebstore.com\/fr\/wp-json\/wp\/v2\/media?parent=192380"}],"wp:term":[{"taxonomy":"product_brand","embeddable":true,"href":"https:\/\/www.elettrowebstore.com\/fr\/wp-json\/wp\/v2\/product_brand?post=192380"},{"taxonomy":"product_cat","embeddable":true,"href":"https:\/\/www.elettrowebstore.com\/fr\/wp-json\/wp\/v2\/product_cat?post=192380"},{"taxonomy":"product_tag","embeddable":true,"href":"https:\/\/www.elettrowebstore.com\/fr\/wp-json\/wp\/v2\/product_tag?post=192380"}],"curies":[{"name":"wp","href":"https:\/\/api.w.org\/{rel}","templated":true}]}}