{"id":185966,"date":"2022-05-31T10:46:23","date_gmt":"2022-05-31T08:46:23","guid":{"rendered":"https:\/\/www.elettrowebstore.com\/?post_type=product&#038;p=185966"},"modified":"2025-11-18T09:00:51","modified_gmt":"2025-11-18T08:00:51","slug":"paini-kitchen-design-miscelatore-monocomando-lavello-di-design-64ct557pzb","status":"publish","type":"product","link":"https:\/\/www.elettrowebstore.com\/fr\/shop\/paini-kitchen-design-mitigeur-devier-64ct557pzb\/","title":{"rendered":"Paini Kitchen Design Mitigeur d'\u00e9vier 64CT557PZB"},"content":{"rendered":"<h2><strong>Paini Kitchen Design Mitigeur d'\u00e9vier 64CT557PZB <\/strong><\/h2>\n<p>Le mitigeur d'\u00e9vier monocommande 64CT557PZB de Paini Kitchen Design se distingue par son design vintage. Son esth\u00e9tique particuli\u00e8re convient aux cuisines d'avant-garde.<\/p>\n<p>Le mitigeur est en laiton, avec une finition chrom\u00e9e. Il est dot\u00e9 d'un bec noir mat qui conf\u00e8re au produit un aspect raffin\u00e9, et d'une poign\u00e9e de commande \u00e9galement noire et inclinable \u00e0 90 degr\u00e9s.<\/p>\n<p>La photo ci-dessous repr\u00e9sente fid\u00e8lement le kit complet qui est exp\u00e9di\u00e9 au domicile du client.<\/p>\n<p>&nbsp;<\/p>\n<p><img loading=\"lazy\" decoding=\"async\" class=\"size-full wp-image-185985 aligncenter\" src=\"https:\/\/res.cloudinary.com\/dl3yepmtd\/images\/v1653988535\/PAI64CT557PZB\/Paini-Kitchen-Design-miscelatore-monocomando-lavello-di-design-64CT557PZB-1\/Paini-Kitchen-Design-miscelatore-monocomando-lavello-di-design-64CT557PZB-1.jpg\" alt=\"Paini Kitchen Design Mitigeur d&#039;\u00e9vier 64CT557PZB\" width=\"600\" height=\"600\" srcset=\"https:\/\/www.elettrowebstore.com\/EWS_Store\/wp-content\/uploads\/Paini-Kitchen-Design-miscelatore-monocomando-lavello-di-design-64CT557PZB-1.jpg 600w, https:\/\/www.elettrowebstore.com\/EWS_Store\/wp-content\/uploads\/Paini-Kitchen-Design-miscelatore-monocomando-lavello-di-design-64CT557PZB-1-200x200.jpg 200w, https:\/\/www.elettrowebstore.com\/EWS_Store\/wp-content\/uploads\/Paini-Kitchen-Design-miscelatore-monocomando-lavello-di-design-64CT557PZB-1-100x100.jpg 100w\" sizes=\"auto, (max-width: 600px) 100vw, 600px\" \/><\/p>\n<p>&nbsp;<\/p>\n<h2><strong>Description Paini Kitchen Design Mitigeur d'\u00e9vier 64CT557PZB<br \/>\n<\/strong><\/h2>\n<p><strong>Paini Kitchen Design Mitigeur d'\u00e9vier 64CT557PZB<\/strong> est en laiton chrom\u00e9, avec un levier unique dot\u00e9 d'un bec et d'une poign\u00e9e de man\u0153uvre en noir mat.<\/p>\n<p>La finition chrom\u00e9e du mitigeur est con\u00e7ue pour r\u00e9sister \u00e0 l'\u00e9preuve du temps et est particuli\u00e8rement adapt\u00e9e pour donner de l'\u00e9clat \u00e0 votre salle de bains. Gr\u00e2ce \u00e0 l'a\u00e9rateur, le mitigeur permet de r\u00e9guler le jet d'eau, \u00e9vitant ainsi les gaspillages.<\/p>\n<div class=\"pw-hidden-cp\">\n<p>Le m\u00e9langeur appartient \u00e0 la s\u00e9rie Kitchen du fabricant Paini, une ligne qui se caract\u00e9rise par un style raffin\u00e9 et des d\u00e9tails \u00e9l\u00e9gants.<\/p>\n<p>&nbsp;<\/p>\n<\/div>\n<h2><strong>Sp\u00e9cifications techniques<\/strong><\/h2>\n<ul>\n<li><span class=\"fontstyle0\">Mitigeur en laiton avec finition chrome et noir mat<br \/>\n<\/span><\/li>\n<li>Bec noir mat<\/li>\n<li>Poign\u00e9e de commande noir mat<\/li>\n<li>Connexions standard 3\/8\u2033.<\/li>\n<li><span class=\"fontstyle0\">Design \u00e9l\u00e9gant<br \/>\n<\/span><\/li>\n<li>Le m\u00e9langeur est fourni dans un kit de montage<\/li>\n<li>Code produit : 64CT557PZB<\/li>\n<\/ul>\n<p>&nbsp;<\/p>\n<h2><strong>Finition<br \/>\n<\/strong><\/h2>\n<p>Par finition, nous entendons la couleur ext\u00e9rieure qui peut \u00eatre r\u00e9alis\u00e9e pendant la production.<\/p>\n<p>La <strong>la finition standard est le chrome<\/strong>qui est commun \u00e0 toutes les lignes de production fabriqu\u00e9es par Paini. Il est obtenu par une technique galvanique. Le produit est immerg\u00e9 dans un \"bain galvanique\" de chrome \u00e0 haute temp\u00e9rature. Le chromage adh\u00e8re au mat\u00e9riau de base du produit et lui conf\u00e8re brillance et durabilit\u00e9, en le prot\u00e9geant de l'agression des acides et de l'oxydation.<\/p>\n<p>&nbsp;<\/p>\n<h2><strong>Types de m\u00e9langeurs sur le march\u00e9<\/strong><\/h2>\n<p>Les m\u00e9langeurs d'eau \u00e0 usage domestique, \u00e9galement appel\u00e9s robinets dans le jargon courant, ont pour fonction de fournir de l'eau chaude et de l'eau froide, voire de la m\u00e9langer. Ils peuvent \u00eatre de cinq types diff\u00e9rents :<\/p>\n<ul>\n<li><strong>traditionnelle<\/strong>. L'alimentation en eau est assur\u00e9e par deux boutons ind\u00e9pendants<\/li>\n<li><strong>avec vanne de m\u00e9lange<\/strong>. La quantit\u00e9 d'eau d\u00e9livr\u00e9e et la temp\u00e9rature sont r\u00e9gl\u00e9es par une seule commande. C'est pourquoi on les appelle aussi mono-levier, typiquement \u00e0 levier.<\/li>\n<li><strong>thermostats<\/strong>. Il s'agit de robinets \u00e9quip\u00e9s d'un dispositif sp\u00e9cial qui permet de fixer le niveau de temp\u00e9rature tant que l'eau est ouverte.<\/li>\n<li><strong>automatique<\/strong>. Il s'agit des mitigeurs \u00e9quip\u00e9s d'une cellule photo\u00e9lectrique qui ne distribuent de l'eau que lorsqu'ils \"voient\" un mouvement \u00e0 proximit\u00e9 du robinet. Ils sont typiques des centres commerciaux et des zones de service.<\/li>\n<li><strong>Hydroprogressifs<\/strong>. Ils se caract\u00e9risent par une commande unique qui permet de passer d'une petite quantit\u00e9 d'eau froide \u00e0 une quantit\u00e9 accrue d'eau chaude en tournant le levier de commande.<\/li>\n<\/ul>\n<p>&nbsp;<\/p>\n<h2><strong>Qu'y a-t-il \u00e0 l'int\u00e9rieur d'un m\u00e9langeur ? Qu'est-ce que la cartouche de robinet ?<br \/>\n<\/strong><\/h2>\n<p>Ext\u00e9rieurement, le m\u00e9langeur se pr\u00e9sente sous la forme d'un corps en acier ou en un autre mat\u00e9riau, g\u00e9n\u00e9ralement surmont\u00e9 d'un levier. En fait, il s'agit du cas classique des m\u00e9langeurs \u00e0 levier unique. Le \"secret\" de ce type de m\u00e9langeur r\u00e9side toutefois dans l'\u00e9l\u00e9ment qui se trouve \u00e0 l'int\u00e9rieur, appel\u00e9 cartouche.<\/p>\n<p>En effet, la cartouche est le dispositif en plastique qui permet le m\u00e9lange. En effet, \u00e0 la base du robinet se trouvent les tuyaux d'eau chaude et d'eau froide, qui poussent l'eau dans la cartouche. Celle-ci est \u00e9quip\u00e9e d'une s\u00e9rie de disques en c\u00e9ramique qui permettent de m\u00e9langer l'eau. \u00c0 l'extr\u00e9mit\u00e9 se trouve une seule sortie d'eau et normalement une goupille qui s'engage \u00e0 l'int\u00e9rieur du levier de commande.<\/p>\n<p>&nbsp;<\/p>\n<h2><strong>Entretien recommand\u00e9 du m\u00e9langeur<\/strong><\/h2>\n<p>Comme beaucoup le savent, l'eau \u00e0 usage domestique peut contenir une certaine quantit\u00e9 de sels min\u00e9raux et de m\u00e9taux, dont certains sont naturels et d'autres proviennent des canalisations d'eau. Ces derniers peuvent naturellement se d\u00e9poser \u00e0 l'int\u00e9rieur des syst\u00e8mes de m\u00e9lange d'eau, qui se trouvent bien s\u00fbr \u00e0 la fin du circuit d'alimentation.<\/p>\n<p>C'est pourquoi, apr\u00e8s des travaux de r\u00e9novation et dans tous les cas avant la pose de nouveaux robinets, il est conseill\u00e9 de nettoyer le syst\u00e8me afin d'\u00e9liminer les r\u00e9sidus accumul\u00e9s au fil du temps. En effet, les grains de sable ou de pierre qui se d\u00e9posent dans les disques de la cartouche du mitigeur risquent de l'ab\u00eemer et de ne pas permettre une alimentation optimale en eau.<\/p>\n<p>Une autre astuce pour un approvisionnement constant en eau consiste \u00e0 surveiller l'\u00e9tat d'utilisation et la consommation du brise-jet du m\u00e9langeur, \u00e9galement appel\u00e9 a\u00e9rateur ou brise-eau. C'est dans cette partie que s'accumulent de nombreux r\u00e9sidus. Le nettoyer ou le remplacer permet d'avoir un jet pr\u00e9cis et confortable.<\/p>\n<p>&nbsp;<\/p>\n<h2><strong>Astuce pour r\u00e9gler l'eau chaude \u00e0 la temp\u00e9rature saisonni\u00e8re id\u00e9ale et \u00e9conomiser du gaz<\/strong><\/h2>\n<p>Souvent, le mitigeur d'eau chaude est orient\u00e9 \u00e0 la moiti\u00e9 de la temp\u00e9rature maximale possible, afin de ne pas \u00e9bouillanter. Il s'agit certainement d'un comportement pratique, qui est notamment possible rapidement gr\u00e2ce aux mitigeurs monocommande. Malgr\u00e9 cela, ce n'est pas le choix le plus efficace.<\/p>\n<p>En effet, l'arriv\u00e9e d'eau chaude de la chaudi\u00e8re, avec une ouverture aux trois quarts, comme dans l'exemple ci-dessus, implique un m\u00e9lange d'eau chaude et d'eau froide. Cela signifie que la chaudi\u00e8re a chauff\u00e9 l'eau chaude \u00e0 une temp\u00e9rature plus \u00e9lev\u00e9e que celle souhait\u00e9e.<\/p>\n<p>Bien que de nombreuses chaudi\u00e8res aient la possibilit\u00e9 de moduler la temp\u00e9rature de l'eau souhait\u00e9e, ce n'est souvent pas la plus efficace. En effet, la modulation signifie que la temp\u00e9rature \u00e0 laquelle la chaudi\u00e8re fournit de l'eau est limit\u00e9e par rapport au potentiel maximal possible, afin de consommer moins de gaz. N\u00e9anmoins, la modulation se fait sur la base de la temp\u00e9rature r\u00e9gl\u00e9e sur la chaudi\u00e8re elle-m\u00eame.<\/p>\n<p>Pour rendre cette op\u00e9ration aussi efficace que possible, nous vous proposons une petite astuce. \u00c0 chaque saison de l'ann\u00e9e, \u00e9valuez la temp\u00e9rature maximale que vous souhaitez pour l'eau domestique en dirigeant l'eau chaude du m\u00e9langeur vers l'ouverture maximale. Si l'eau devient bouillante, vous pouvez r\u00e9duire la temp\u00e9rature. C'est le secret ! R\u00e9glez l'eau chaude de la chaudi\u00e8re \u00e0 la temp\u00e9rature maximale souhait\u00e9e et ouvrez toujours le mitigeur au maximum lorsque vous d\u00e9sirez ce niveau de temp\u00e9rature. De cette fa\u00e7on, le chauffe-eau fonctionnera \u00e0 la temp\u00e9rature souhait\u00e9e et vous n'aurez pas \u00e0 m\u00e9langer l'eau avec de l'eau froide ! En fait, en hiver, il se peut que vous souhaitiez de l'eau plus chaude et, en \u00e9t\u00e9, de l'eau moins chaude... <strong>Il est donc absurde de demander toujours la m\u00eame temp\u00e9rature \u00e0 la chaudi\u00e8re et de \"gaspiller\" la chaleur produite !<\/strong><\/p>\n<p>&nbsp;<\/p>\n<h2><strong>Informations sur les produits PAINI<br \/>\n<\/strong><\/h2>\n<p><a href=\"http:\/\/www.paini.it\/ITALIANO\/collezioni.html\"><strong><img loading=\"lazy\" decoding=\"async\" class=\"size-full wp-image-41343 alignleft\" src=\"https:\/\/www.elettrowebstore.com\/EWS_Store\/wp-content\/uploads\/.\/paini-logo.jpg\" alt=\"logo des robinets paini\" width=\"160\" height=\"38\" \/>PAINI Robinets <\/strong><\/a> est devenue, en plus de 50 ans d'activit\u00e9, l'une des entreprises leaders dans le secteur de la robinetterie de salle de bains. L'entreprise, fond\u00e9e en 1954, est en mesure d'offrir une vaste gamme de robinets et de raccords : monocommande, raccords de salle de bains et de chantier, pour la cuisine, la salle de bains et la douche. La production annuelle actuelle est d'environ 4 millions de pi\u00e8ces. Le cycle de production implique l'utilisation exclusive de mati\u00e8res premi\u00e8res de qualit\u00e9 sup\u00e9rieure qui r\u00e9pondent aux exigences rigoureuses de l'industrie de la robinetterie. <strong> Normes UNI-ECE<\/strong>.<\/p>\n<p>La production est enti\u00e8rement r\u00e9alis\u00e9e en interne et en cycle complet, avec une utilisation intensive des technologies modernes, tandis que des contr\u00f4les de qualit\u00e9 sont effectu\u00e9s \u00e0 tous les stades de la production et de la transformation. L'usine de<br \/>\nLe chromage de l'entreprise est l'un des plus importants au monde dans le secteur de la robinetterie. Paini garantit \u00e9galement l'\u00e9paisseur de chrome requise par les r\u00e9glementations internationales. La peinture est r\u00e9alis\u00e9e en interne, \u00e0 l'aide de proc\u00e9d\u00e9s de rev\u00eatement liquide et de poudre \u00e9poxy.<\/p>\n<p>Les produits de l'entreprise sont conformes aux normes internationales de nombreux organismes de normalisation et elle est l'une des rares entreprises italiennes du secteur \u00e0 avoir obtenu la marque \"d\" pour ses produits.<strong>Homologation IAPMO <\/strong>valable pour les \u00c9tats-Unis.<\/p>\n<p>&nbsp;<\/p>\n<h2><strong>Garantie<\/strong><\/h2>\n<p>Les <strong>Paini Kitchen Design Mitigeur d'\u00e9vier 64CT557PZB<\/strong> est couvert par <a href=\"https:\/\/www.elettrowebstore.com\/due-anni-di-garanzia-su-ogni-prodotto-acquistato\/\"><strong>garantie l\u00e9gale<\/strong><\/a>selon la page correspondante de notre site web, que nous vous invitons \u00e0 lire. Nous fournissons \u00e9galement des informations claires sur l'exercice du droit d'auteur. <a href=\"https:\/\/www.elettrowebstore.com\/diritto-di-recesso-restituzione-prodotti\/\"><strong>droit de r\u00e9tractation<\/strong><\/a>.<\/p>\n<p>Il n'existe pas de centres d'assistance technique agr\u00e9\u00e9s (CAT) sur le territoire national pour les produits de salle de bains. L'installation des produits et des pi\u00e8ces de rechange rel\u00e8ve de la seule responsabilit\u00e9 de l'acheteur.<\/p>\n<p>Par cons\u00e9quent, avant d'acheter, nous conseillons vivement \u00e0 tous les clients d'\u00e9valuer soigneusement leurs besoins et les qualit\u00e9s du produit.<\/p>\n<p>De plus amples informations sur la l\u00e9gislation applicable sont disponibles sur le site web de l'Agence europ\u00e9enne des droits fondamentaux.<a href=\"http:\/\/www.agcm.it\/consumatore\/decalogo\/5102-garanzia-del-venditore-guida-per-il-consumatore.html\"><strong>Autorit\u00e9 de la concurrence et du march\u00e9<\/strong><\/a>.<\/p>\n<p>Afin d'am\u00e9liorer la qualit\u00e9 des produits, le fabricant se r\u00e9serve le droit de modifier les mat\u00e9riaux et les caract\u00e9ristiques techniques de l'article sans pr\u00e9avis.  En outre, les descriptions et les images donn\u00e9es ici sont donc indicatives et peuvent varier l\u00e9g\u00e8rement par rapport au produit final.<\/p>\n<p>&nbsp;<\/p>\n<h2><strong>D\u00e9lai de livraison et disponibilit\u00e9 des produits<br \/>\n<\/strong><\/h2>\n<p>Pour les produits de mobilier de salle de bain, leur disponibilit\u00e9 peut varier sans pr\u00e9avis, m\u00eame si le site web indique que les produits sont disponibles. C'est pourquoi, en cas d'urgence ou d'informations plus d\u00e9taill\u00e9es, nous vous invitons \u00e0 <a href=\"https:\/\/www.elettrowebstore.com\/contatta-lo-staff-di-elettrowebstore\/\"><strong>nous contacter par e-mail<\/strong><\/a> pour plus de pr\u00e9cisions.<\/p>\n<p>Ce produit n'est pas imm\u00e9diatement disponible et est produit sp\u00e9cifiquement pour r\u00e9pondre \u00e0 cette commande. Il est donc exp\u00e9di\u00e9 en moyenne par ElettroWebStore dans un d\u00e9lai de 20 jours ouvrables \u00e0 compter de la date d'achat et de paiement.<\/p>\n<p><img loading=\"lazy\" decoding=\"async\" class=\"aligncenter size-full wp-image-41372\" src=\"https:\/\/www.elettrowebstore.com\/EWS_Store\/wp-content\/uploads\/.\/elettrowebstore-spedizione-con-corrieri-brt-sda-dhl-nexive-ld.jpg\" alt=\"Voici les transporteurs avec lesquels ElettroWebStore.com exp\u00e9die ses produits\" width=\"800\" height=\"189\" srcset=\"https:\/\/www.elettrowebstore.com\/EWS_Store\/wp-content\/uploads\/elettrowebstore-spedizione-con-corrieri-brt-sda-dhl-nexive-ld.jpg 800w, https:\/\/www.elettrowebstore.com\/EWS_Store\/wp-content\/uploads\/elettrowebstore-spedizione-con-corrieri-brt-sda-dhl-nexive-ld-600x142.jpg 600w, https:\/\/www.elettrowebstore.com\/EWS_Store\/wp-content\/uploads\/elettrowebstore-spedizione-con-corrieri-brt-sda-dhl-nexive-ld-768x181.jpg 768w\" sizes=\"auto, (max-width: 800px) 100vw, 800px\" \/><\/p>\n<p>&nbsp;<\/p>\n<p>&nbsp;<\/p>\n<h2><strong>Modes de paiement accept\u00e9s<\/strong><\/h2>\n<p><strong>Sur le site d'ElettroWebStore, vous pouvez payer avec toutes les m\u00e9thodes courantes<\/strong>\u00e0 la fois sp\u00e9cifiques \u00e0 Internet (telles que les cartes pr\u00e9pay\u00e9es) et traditionnelles (telles que les cartes de cr\u00e9dit classiques).<\/p>\n<p><img loading=\"lazy\" decoding=\"async\" class=\"aligncenter size-full wp-image-41371\" src=\"https:\/\/www.elettrowebstore.com\/EWS_Store\/wp-content\/uploads\/.\/elettrowebstore-pagamenti-accettati-ld.jpg\" alt=\"Voici les m\u00e9thodes de paiement accept\u00e9es par ElettroWebStore.com\" width=\"800\" height=\"199\" srcset=\"https:\/\/www.elettrowebstore.com\/EWS_Store\/wp-content\/uploads\/elettrowebstore-pagamenti-accettati-ld.jpg 800w, https:\/\/www.elettrowebstore.com\/EWS_Store\/wp-content\/uploads\/elettrowebstore-pagamenti-accettati-ld-600x149.jpg 600w, https:\/\/www.elettrowebstore.com\/EWS_Store\/wp-content\/uploads\/elettrowebstore-pagamenti-accettati-ld-768x191.jpg 768w\" sizes=\"auto, (max-width: 800px) 100vw, 800px\" \/><\/p>\n<p>&nbsp;<\/p>\n<p>Tous les paiements sont effectu\u00e9s par l'interm\u00e9diaire du <a href=\"https:\/\/www.paypal.com\/it\/webapps\/mpp\/paypal-safety-and-security\"><strong>Paypal<\/strong><\/a>. De plus, m\u00eame si vous n'avez pas Paypal, vous pouvez toujours payer sans vous inscrire et sans enregistrer vos donn\u00e9es d'identification. Il vous suffit d'entrer vos coordonn\u00e9es dans les pages Paypal.<\/p>\n<p>En aucun cas <a href=\"http:\/\/www.elettrowebstore.com\"><strong>ElettroWebStore<\/strong><\/a> g\u00e9rer les donn\u00e9es de votre carte de paiement ou en prendre connaissance. En effet, les <a href=\"http:\/\/www.elettrowebstore.com\"><strong>ElettroWebStore<\/strong><\/a> ne verra que si le paiement a \u00e9t\u00e9 effectu\u00e9 ou non !<\/p>\n<p>Notre site utilise les protocoles HTTPS, qui garantissent des normes de s\u00e9curit\u00e9 \u00e9lev\u00e9es pour les utilisateurs !<\/p>","protected":false},"excerpt":{"rendered":"<p>Paini Kitchen Design mitigeur d'\u00e9vier 64CT557PZB en laiton chrom\u00e9 pr\u00eat \u00e0 l'emploi. <span style=\"color: #ed1c24;\"><strong>Livraison gratuite en Italie !<\/strong><\/span><\/p>","protected":false},"featured_media":185985,"template":"","meta":[],"product_brand":[],"product_cat":[19],"product_tag":[2586,334,1981,894,339,940,893,1983,895,891,901],"class_list":{"0":"post-185966","1":"product","2":"type-product","3":"status-publish","4":"has-post-thumbnail","6":"product_cat-rubinetteria","7":"product_tag-64ct557pzb","8":"product_tag-arredo","9":"product_tag-bocca","10":"product_tag-cromato","11":"product_tag-design","12":"product_tag-lavello","13":"product_tag-miscelatore","14":"product_tag-orientabile","15":"product_tag-ottone","16":"product_tag-paini","17":"product_tag-rubinetteria","18":"product_shipping_class-rubinetti","20":"first","21":"instock","22":"taxable","23":"shipping-taxable","24":"purchasable","25":"product-type-simple"},"_links":{"self":[{"href":"https:\/\/www.elettrowebstore.com\/fr\/wp-json\/wp\/v2\/product\/185966","targetHints":{"allow":["GET"]}}],"collection":[{"href":"https:\/\/www.elettrowebstore.com\/fr\/wp-json\/wp\/v2\/product"}],"about":[{"href":"https:\/\/www.elettrowebstore.com\/fr\/wp-json\/wp\/v2\/types\/product"}],"wp:featuredmedia":[{"embeddable":true,"href":"https:\/\/www.elettrowebstore.com\/fr\/wp-json\/wp\/v2\/media\/185985"}],"wp:attachment":[{"href":"https:\/\/www.elettrowebstore.com\/fr\/wp-json\/wp\/v2\/media?parent=185966"}],"wp:term":[{"taxonomy":"product_brand","embeddable":true,"href":"https:\/\/www.elettrowebstore.com\/fr\/wp-json\/wp\/v2\/product_brand?post=185966"},{"taxonomy":"product_cat","embeddable":true,"href":"https:\/\/www.elettrowebstore.com\/fr\/wp-json\/wp\/v2\/product_cat?post=185966"},{"taxonomy":"product_tag","embeddable":true,"href":"https:\/\/www.elettrowebstore.com\/fr\/wp-json\/wp\/v2\/product_tag?post=185966"}],"curies":[{"name":"wp","href":"https:\/\/api.w.org\/{rel}","templated":true}]}}