{"id":184122,"date":"2022-05-24T10:12:34","date_gmt":"2022-05-24T08:12:34","guid":{"rendered":"https:\/\/www.elettrowebstore.com\/?post_type=product&#038;p=184122"},"modified":"2022-05-30T09:58:29","modified_gmt":"2022-05-30T07:58:29","slug":"ciotola-estia-vulcania-terracotta-23-cm-t1ct0","status":"publish","type":"product","link":"https:\/\/www.elettrowebstore.com\/fr\/shop\/estia-vulcania-bol-en-terre-cuite-23-cm-t1ct0\/","title":{"rendered":"Estia Bol en fa\u00efence Vulcania 23 cm T1CT0"},"content":{"rendered":"<h2><strong>Estia Bol en fa\u00efence Vulcania 23 cm T1CT0 <\/strong><\/h2>\n<p><strong>Estia Bol en fa\u00efence Vulcania 23 cm T1CT0<\/strong> est disponible en cinq couleurs (blanc, ivoire, terre, cendre, gris). Cet article fait partie de la ligne Estia, qui comprend le plateau, le bol \u00d8 27 cm et le bol \u00d8 23 cm.<\/p>\n<p>Il s'agit d'un<strong> produit artisanal<\/strong> Fabriqu\u00e9 par des ma\u00eetres artisans sp\u00e9cialis\u00e9s dans le travail de l'argile et de la terre cuite. Il est fabriqu\u00e9 en terre cuite \u00e9maill\u00e9e adapt\u00e9e \u00e0 un usage alimentaire, avec des mat\u00e9riaux non toxiques, sans plomb ni cadmium.<\/p>\n<p>Produit <strong>Fabriqu\u00e9 en Italie<\/strong>avec des mat\u00e9riaux de qualit\u00e9.<\/p>\n<p>&nbsp;<\/p>\n<p><img loading=\"lazy\" decoding=\"async\" class=\"size-full wp-image-184161 aligncenter\" src=\"https:\/\/res.cloudinary.com\/dl3yepmtd\/images\/w_600,h_600,c_fill\/v1653381126\/VULT1CT0\/Ciotola-estia-Vulcania-terracotta-cm-23-T1CT0-1\/Ciotola-estia-Vulcania-terracotta-cm-23-T1CT0-1.jpg?_i=AA\" alt=\"Estia Bol en fa\u00efence Vulcania 23 cm T1CT0\" width=\"600\" height=\"600\" srcset=\"https:\/\/www.elettrowebstore.com\/EWS_Store\/wp-content\/uploads\/Ciotola-estia-Vulcania-terracotta-cm-23-T1CT0-1.jpg 600w, https:\/\/www.elettrowebstore.com\/EWS_Store\/wp-content\/uploads\/Ciotola-estia-Vulcania-terracotta-cm-23-T1CT0-1-200x200.jpg 200w, https:\/\/www.elettrowebstore.com\/EWS_Store\/wp-content\/uploads\/Ciotola-estia-Vulcania-terracotta-cm-23-T1CT0-1-100x100.jpg 100w\" sizes=\"auto, (max-width: 600px) 100vw, 600px\" \/><\/p>\n<p>&nbsp;<\/p>\n<h2><strong>Combien de types de bols puis-je acheter dans le cadre de cette publicit\u00e9 ?<br \/>\n<\/strong><\/h2>\n<p>Dans cette publicit\u00e9, nous pr\u00e9sentons 5 couleurs diff\u00e9rentes de bol Vulcania.<\/p>\n<p>Les mod\u00e8les s\u00e9lectionnables sont les suivants :<\/p>\n<ul>\n<li>Blanc<\/li>\n<li>Ivoire<\/li>\n<li>Couleur terre<\/li>\n<li>Couleur cendr\u00e9e<\/li>\n<li>Couleur gris<\/li>\n<\/ul>\n<p>Dimensions \u00d8 23 cm h 5.5<\/p>\n<h2><strong>Description Estia Vulcania Bol en terre cuite 23 cm T1CT0<br \/>\n<\/strong><\/h2>\n<p>Le produit est <strong>enti\u00e8rement \u00e9maill\u00e9<\/strong>tant \u00e0 l'int\u00e9rieur qu'\u00e0 l'ext\u00e9rieur. Cela emp\u00eache les huiles et les graisses d'\u00eatre absorb\u00e9es par la terre cuite. L'objet se conserve ainsi plus longtemps. La surface est extr\u00eamement lisse, gr\u00e2ce \u00e0 un processus d'\u00e9maillage r\u00e9alis\u00e9 pendant la cuisson, car le produit n'est pas verni comme ceux propos\u00e9s par la concurrence.<\/p>\n<p>Le traitement de haute qualit\u00e9 permet d'obtenir une surface sans asp\u00e9rit\u00e9 et extr\u00eamement d\u00e9licate au toucher. La cuisson constante \u00e0 haute temp\u00e9rature, combin\u00e9e \u00e0 une argile de qualit\u00e9 sup\u00e9rieure, garantit une plus longue dur\u00e9e de vie de la terre cuite et pr\u00e9vient les cassures et les chocs thermiques.<\/p>\n<p>Enfin, <strong>peuvent \u00eatre lav\u00e9s plus facilement, m\u00eame au lave-vaisselle<\/strong>.<\/p>\n<p>&nbsp;<\/p>\n<h2><strong>Sp\u00e9cifications techniques<\/strong><\/h2>\n<ul>\n<li>Diff\u00e9rentes couleurs<\/li>\n<li>Terre cuite \u00e9maill\u00e9e<\/li>\n<li>Sans plomb ni cadmium<\/li>\n<li>Adapt\u00e9 \u00e0 l'usage alimentaire<\/li>\n<li>Lavable au lave-vaisselle<\/li>\n<\/ul>\n<p>&nbsp;<\/p>\n<h2><strong>Pr\u00e9cautions d'emploi<\/strong><\/h2>\n<p>Les pots de cuisine et de table en terre cuite sont connus pour \u00eatre le meilleur moyen de cuisson pour la cuisine m\u00e9diterran\u00e9enne. La cuisson \u00e0 basse temp\u00e9rature exalte les saveurs et permet de pr\u00e9server de nombreuses vitamines et min\u00e9raux. La terre cuite est le mat\u00e9riau le plus naturel que l'on puisse utiliser dans la cuisine.<\/p>\n<p><strong>Tous les produits sont fabriqu\u00e9s conform\u00e9ment \u00e0 la r\u00e9glementation HACCP.<\/strong>.<\/p>\n<p>Lors de la premi\u00e8re utilisation seulement, pour \u00e9viter que la fa\u00efence n'absorbe les odeurs et l'humidit\u00e9 des aliments, il est conseill\u00e9 de la faire tremper toute une nuit pour l'utiliser le lendemain, en frottant une gousse d'ail sur le fond pour r\u00e9duire la porosit\u00e9 de l'objet.<\/p>\n<p>Ces objets en terre cuite peuvent \u00eatre utilis\u00e9s au micro-ondes, au four, sur la plaque de cuisson, sur la flamme et peuvent \u00eatre lav\u00e9s au lave-vaisselle.<\/p>\n<p>&nbsp;<\/p>\n<h2><strong>Utilisation des produits Vulcania<\/strong><\/h2>\n<p>Les produits Vulcania peuvent \u00eatre utilis\u00e9s de nombreuses mani\u00e8res pratiques et, surtout, comme des ustensiles de cuisine domestiques normaux. En fait, ils peuvent :<\/p>\n<ul>\n<li>lav\u00e9s au lave-vaisselle<\/li>\n<li>utilis\u00e9s dans les fours<\/li>\n<li>utilis\u00e9 dans le four \u00e0 micro-ondes<\/li>\n<li>plac\u00e9s sur des r\u00e9chauds \u00e0 flamme ou \u00e0 plaque chauffante<\/li>\n<\/ul>\n<p>&nbsp;<\/p>\n<h2><strong>Contact avec les aliments<\/strong><\/h2>\n<p>Tous les mat\u00e9riaux produits sont conformes aux lois internationales : R\u00e8glement CE n\u00b0 1935\/2004\/CE, R\u00e8glement CE n\u00b0 1895\/2005\/CE, R\u00e8glement CE n\u00b0 2023\/2006\/CE et amendements et compl\u00e9ments ult\u00e9rieurs et aux lois nationales suivantes : D\u00e9cret minist\u00e9riel 21\/03\/1973, D\u00e9cret pr\u00e9sidentiel n\u00b0 777\/82 et amendements et compl\u00e9ments ult\u00e9rieurs, D\u00e9cret l\u00e9gislatif n\u00b0 29 du 10 f\u00e9vrier 2017, c'est-\u00e0-dire le \"R\u00e8glement des sanctions pour infraction aux dispositions des R\u00e8glements (CE) n\u00b0 1935\/2004, n\u00b0 1985\/2005, n\u00b0 2023\/2006, n\u00b0 2023\/2006, n\u00b0 2023\/2006, n\u00b0 2023\/2006\". D\u00e9cret l\u00e9gislatif n\u00b0 29 du 10 f\u00e9vrier 2017, c'est-\u00e0-dire le \"R\u00e8glement sur les sanctions en cas d'infraction aux dispositions des r\u00e8glements (CE) n\u00b0 1935\/2004, n\u00b0 1985\/2005, n\u00b0 2023\/2006, n\u00b0 282\/2008, n\u00b0 450\/2009 et n\u00b0 10\/2011 concernant les mat\u00e9riaux et objets destin\u00e9s \u00e0 entrer en contact avec des denr\u00e9es alimentaires et des objets alimentaires\". En outre, les mat\u00e9riaux ne contiennent aucune substance restreinte par la l\u00e9gislation susmentionn\u00e9e et respectent les limites de migration globales. Les fournitures sont donc aptes \u00e0 entrer en contact avec les denr\u00e9es alimentaires.<\/p>\n<h2><img loading=\"lazy\" decoding=\"async\" class=\"wp-image-184955 alignright\" src=\"https:\/\/res.cloudinary.com\/dl3yepmtd\/images\/v1653660119\/VULCANIA MARCHI\/HaccpLogo\/HaccpLogo.jpg\" alt=\"HaccpLogo\" width=\"183\" height=\"184\" srcset=\"https:\/\/www.elettrowebstore.com\/EWS_Store\/wp-content\/uploads\/HaccpLogo.jpg 300w, https:\/\/www.elettrowebstore.com\/EWS_Store\/wp-content\/uploads\/HaccpLogo-200x200.jpg 200w, https:\/\/www.elettrowebstore.com\/EWS_Store\/wp-content\/uploads\/HaccpLogo-100x100.jpg 100w\" sizes=\"auto, (max-width: 183px) 100vw, 183px\" \/><\/h2>\n<h2><\/h2>\n<h2><strong>Manger en toute s\u00e9curit\u00e9<\/strong><\/h2>\n<p>Les conteneurs alimentaires doivent garantir la s\u00e9curit\u00e9, la tranquillit\u00e9 d'esprit et des performances ad\u00e9quates, tant pour les particuliers que pour les professionnels de la restauration. Entre autres, le respect des normes est une exigence tant au niveau national qu'international.<\/p>\n<p>Vulcania, dans le plus grand respect de ses clients, adopte des mesures de pr\u00e9vention des risques en mati\u00e8re de s\u00e9curit\u00e9 alimentaire : gr\u00e2ce \u00e0 la certification HACCP, elle d\u00e9montre qu'elle respecte les lois sur l'hygi\u00e8ne alimentaire. Avec l'aide de professionnels accr\u00e9dit\u00e9s du secteur, le r\u00e9sultat est un produit 100% made in Italy au go\u00fbt typiquement artisanal, qui respecte en m\u00eame temps toutes les r\u00e9glementations en mati\u00e8re de contact alimentaire. Tous les produits vulcania sont marqu\u00e9s du symbole \"pour contact alimentaire\".<\/p>\n<p><img loading=\"lazy\" decoding=\"async\" class=\"size-full wp-image-184953 aligncenter\" src=\"https:\/\/res.cloudinary.com\/dl3yepmtd\/images\/v1653659763\/VULCANIA MARCHI\/Vulcania-marchi\/Vulcania-marchi.jpg\" alt=\"Marques de Vulcania\" width=\"800\" height=\"350\" srcset=\"https:\/\/www.elettrowebstore.com\/EWS_Store\/wp-content\/uploads\/Vulcania-marchi.jpg 800w, https:\/\/www.elettrowebstore.com\/EWS_Store\/wp-content\/uploads\/Vulcania-marchi-600x263.jpg 600w, https:\/\/www.elettrowebstore.com\/EWS_Store\/wp-content\/uploads\/Vulcania-marchi-768x336.jpg 768w\" sizes=\"auto, (max-width: 800px) 100vw, 800px\" \/><\/p>\n<h2><strong>Informations sur les produits Vulcania<\/strong><\/h2>\n<p><strong> <img loading=\"lazy\" decoding=\"async\" class=\"size-full wp-image-184957 alignright\" src=\"https:\/\/res.cloudinary.com\/dl3yepmtd\/images\/v1653660447\/VULCANIA MARCHI\/logo_vulcania\/logo_vulcania.jpg\" alt=\"Logo Vulcania\" width=\"300\" height=\"190\" \/><br \/>\n<\/strong><\/p>\n<p>L'entreprise <a href=\"http:\/\/www.vulcaniaceramiche.com\/\"><strong>VULCANIA<\/strong><\/a> a \u00e9t\u00e9 fond\u00e9e en 1911 par quatre fr\u00e8res dans la province de Sienne. Gr\u00e2ce \u00e0 leur volont\u00e9 d'investir et \u00e0 leur esprit d'entreprise, ils ont r\u00e9ussi au fil des ans \u00e0 faire de cette marque la plus prestigieuse sur la sc\u00e8ne italienne des ustensiles de cuisine en terre cuite.<\/p>\n<p>L'excellence des produits Vulcania est connue et appr\u00e9ci\u00e9e dans le monde de la cuisine naturelle et du bien-\u00eatre depuis plus de 100 ans.<\/p>\n<p>Par rapport \u00e0 tous les produits concurrents, Vulcania n'utilise que des mati\u00e8res premi\u00e8res de la meilleure qualit\u00e9, en particulier l'argile et les \u00e9maux. Cela permet de garantir que tous les produits ont les m\u00eames propri\u00e9t\u00e9s, m\u00eame s'ils sont achet\u00e9s \u00e0 des ann\u00e9es d'intervalle !<\/p>\n<p>La terre cuite Vulcania offre d'excellentes propri\u00e9t\u00e9s de cuisson pour savourer les vraies saveurs des aliments.<\/p>\n<p>L'objectif de l'entreprise est de consolider sa position de leader en termes de qualit\u00e9. Les mati\u00e8res premi\u00e8res, provenant de Toscane, et les processus de production compl\u00e9t\u00e9s par de nouveaux \u00e9quipements plus modernes et plus efficaces garantissent des normes \u00e9lev\u00e9es. L'\u00e9volution naturelle de l'entreprise tient compte des nouvelles exigences du march\u00e9. Cela a conduit \u00e0 des collaborations avec des chefs et des architectes d'une grande cr\u00e9ativit\u00e9 et d'un grand g\u00e9nie, toujours dans le respect de la mission s\u00e9culaire : <strong>L'excellence depuis 1911.<\/strong><\/p>\n<h2><strong>Garantie<\/strong><\/h2>\n<p>Le produit est couvert par <a href=\"https:\/\/www.elettrowebstore.com\/due-anni-di-garanzia-su-ogni-prodotto-acquistato\/\"><strong>garantie l\u00e9gale<\/strong><\/a>selon la page correspondante de notre site web, que nous vous invitons \u00e0 lire. Nous fournissons \u00e9galement des informations claires sur l'exercice du droit d'auteur. <a href=\"https:\/\/www.elettrowebstore.com\/diritto-di-recesso-restituzione-prodotti\/\"><strong>droit de r\u00e9tractation<\/strong><\/a>.<\/p>\n<p>De plus amples informations sur la l\u00e9gislation applicable sont disponibles sur le site web de l'Agence europ\u00e9enne des droits fondamentaux.<a href=\"http:\/\/www.agcm.it\/consumatore\/decalogo\/5102-garanzia-del-venditore-guida-per-il-consumatore.html\"><strong>Autorit\u00e9 de la concurrence et du march\u00e9<\/strong><\/a>.<\/p>\n<p>Afin d'am\u00e9liorer la qualit\u00e9 des produits, le fabricant se r\u00e9serve le droit de modifier les mat\u00e9riaux et les caract\u00e9ristiques techniques de l'article sans pr\u00e9avis.  En outre, les descriptions et les images donn\u00e9es ici sont donc indicatives et peuvent varier l\u00e9g\u00e8rement par rapport au produit final.<\/p>\n<p>Ce produit ne peut \u00eatre retourn\u00e9 apr\u00e8s la premi\u00e8re utilisation, car il est destin\u00e9 \u00e0 entrer en contact avec des denr\u00e9es alimentaires. En outre, il doit \u00eatre enti\u00e8rement consid\u00e9r\u00e9 comme du mat\u00e9riel consommable.<\/p>\n<p>&nbsp;<\/p>\n<h2><strong>D\u00e9lai de livraison<\/strong><\/h2>\n<p>Ce produit est normalement disponible pour une livraison imm\u00e9diate. En effet, il peut \u00eatre command\u00e9 imm\u00e9diatement et est exp\u00e9di\u00e9 par ElettroWebStore dans les 10 jours ouvrables \u00e0 compter de la date d'achat. En cas de rupture de stock, certaines versions peuvent \u00eatre exp\u00e9di\u00e9es avec un d\u00e9lai plus long.<\/p>\n<p>En outre, tous les envois d'ElettroWebStore sont exempts de frais de transport !<\/p>\n<p>&nbsp;<\/p>\n<h2><strong>Modes de paiement accept\u00e9s<\/strong><\/h2>\n<p><strong>Sur le site d'ElettroWebStore, vous pouvez payer avec toutes les m\u00e9thodes courantes<\/strong>\u00e0 la fois sp\u00e9cifiques \u00e0 Internet (telles que les cartes pr\u00e9pay\u00e9es) et traditionnelles (telles que les cartes de cr\u00e9dit classiques).<\/p>\n<p>Tous les paiements sont effectu\u00e9s par l'interm\u00e9diaire du <a href=\"https:\/\/www.paypal.com\/it\/webapps\/mpp\/paypal-safety-and-security\"><strong>Paypal<\/strong><\/a>. De plus, m\u00eame si vous n'avez pas Paypal, vous pouvez toujours payer sans vous inscrire et sans enregistrer vos donn\u00e9es d'identification. Il vous suffit d'entrer vos coordonn\u00e9es dans les pages Paypal.<\/p>\n<p>En aucun cas <a href=\"http:\/\/www.elettrowebstore.com\"><strong>ElettroWebStore<\/strong><\/a> g\u00e9rer les donn\u00e9es de votre carte de paiement ou en prendre connaissance. En effet, les <a href=\"http:\/\/www.elettrowebstore.com\"><strong>ElettroWebStore<\/strong><\/a> ne verra que si le paiement a \u00e9t\u00e9 effectu\u00e9 ou non !<\/p>\n<p>Notre site utilise les protocoles HTTPS, qui garantissent des normes de s\u00e9curit\u00e9 \u00e9lev\u00e9es pour les utilisateurs !<\/p>","protected":false},"excerpt":{"rendered":"<p><strong>Estia Bol en fa\u00efence Vulcania 23 cm T1CT0<\/strong> . Disponible en diff\u00e9rentes couleurs et tailles. <span style=\"color: #ff0000;\"><strong>Livraison gratuite \u00e0 partir de 29,90 euros !<\/strong><\/span><\/p>","protected":false},"featured_media":184161,"template":"","meta":[],"product_brand":[],"product_cat":[1026,17],"product_tag":[2564,1032,2563,1031,1027],"class_list":{"0":"post-184122","1":"product","2":"type-product","3":"status-publish","4":"has-post-thumbnail","6":"product_cat-articoli-in-terracotta-da-cottura-e-da-portata","7":"product_cat-casalinghi-cura-casa","8":"product_tag-ciotola","9":"product_tag-smaltato","10":"product_tag-t1ct0","11":"product_tag-terracotta","12":"product_tag-vulcania","13":"product_shipping_class-pe10","15":"first","16":"instock","17":"taxable","18":"shipping-taxable","19":"purchasable","20":"product-type-variable"},"yoast_head":"<!-- This site is optimized with the Yoast SEO plugin v27.4 - https:\/\/yoast.com\/product\/yoast-seo-wordpress\/ -->\n<title>Ciotola Estia Vulcania terracotta 23 cm T1CT0<\/title>\n<meta name=\"description\" content=\"Ciotola Estia Vulcania terracotta 23 cm T1CT0, disponibile in diversi colori, senza piombo n\u00e8 cadmio, made in italy\" \/>\n<meta name=\"robots\" content=\"index, follow, max-snippet:-1, max-image-preview:large, max-video-preview:-1\" \/>\n<link rel=\"canonical\" href=\"https:\/\/www.elettrowebstore.com\/fr\/shop\/estia-vulcania-bol-en-terre-cuite-23-cm-t1ct0\/\" \/>\n<meta property=\"og:locale\" content=\"fr_FR\" \/>\n<meta property=\"og:type\" content=\"article\" \/>\n<meta property=\"og:title\" content=\"Ciotola Estia Vulcania terracotta 23 cm T1CT0\" \/>\n<meta property=\"og:description\" content=\"Ciotola Estia Vulcania terracotta 23 cm T1CT0, disponibile in diversi colori, senza piombo n\u00e8 cadmio, made in italy\" \/>\n<meta property=\"og:url\" content=\"https:\/\/www.elettrowebstore.com\/fr\/shop\/estia-vulcania-bol-en-terre-cuite-23-cm-t1ct0\/\" \/>\n<meta property=\"og:site_name\" content=\"ElettroWebStore\" \/>\n<meta property=\"article:modified_time\" content=\"2022-05-30T07:58:29+00:00\" \/>\n<meta property=\"og:image\" content=\"https:\/\/res.cloudinary.com\/dl3yepmtd\/images\/v1653381126\/VULT1CT0\/Ciotola-estia-Vulcania-terracotta-cm-23-T1CT0-1\/Ciotola-estia-Vulcania-terracotta-cm-23-T1CT0-1.jpg\" \/>\n\t<meta property=\"og:image:width\" content=\"600\" \/>\n\t<meta property=\"og:image:height\" content=\"600\" \/>\n\t<meta property=\"og:image:type\" content=\"image\/jpeg\" \/>\n<meta name=\"twitter:card\" content=\"summary_large_image\" \/>\n<meta name=\"twitter:label1\" content=\"Dur\u00e9e de lecture estim\u00e9e\" \/>\n\t<meta name=\"twitter:data1\" content=\"5 minutes\" \/>\n<script type=\"application\/ld+json\" class=\"yoast-schema-graph\">{\"@context\":\"https:\\\/\\\/schema.org\",\"@graph\":[{\"@type\":\"WebPage\",\"@id\":\"https:\\\/\\\/www.elettrowebstore.com\\\/shop\\\/ciotola-estia-vulcania-terracotta-23-cm-t1ct0\\\/\",\"url\":\"https:\\\/\\\/www.elettrowebstore.com\\\/shop\\\/ciotola-estia-vulcania-terracotta-23-cm-t1ct0\\\/\",\"name\":\"Ciotola Estia Vulcania terracotta 23 cm T1CT0\",\"isPartOf\":{\"@id\":\"https:\\\/\\\/www.elettrowebstore.com\\\/#website\"},\"primaryImageOfPage\":{\"@id\":\"https:\\\/\\\/www.elettrowebstore.com\\\/shop\\\/ciotola-estia-vulcania-terracotta-23-cm-t1ct0\\\/#primaryimage\"},\"image\":{\"@id\":\"https:\\\/\\\/www.elettrowebstore.com\\\/shop\\\/ciotola-estia-vulcania-terracotta-23-cm-t1ct0\\\/#primaryimage\"},\"thumbnailUrl\":\"https:\\\/\\\/www.elettrowebstore.com\\\/EWS_Store\\\/wp-content\\\/uploads\\\/Ciotola-estia-Vulcania-terracotta-cm-23-T1CT0-1.jpg\",\"datePublished\":\"2022-05-24T08:12:34+00:00\",\"dateModified\":\"2022-05-30T07:58:29+00:00\",\"description\":\"Ciotola Estia Vulcania terracotta 23 cm T1CT0, disponibile in diversi colori, senza piombo n\u00e8 cadmio, made in italy\",\"breadcrumb\":{\"@id\":\"https:\\\/\\\/www.elettrowebstore.com\\\/shop\\\/ciotola-estia-vulcania-terracotta-23-cm-t1ct0\\\/#breadcrumb\"},\"inLanguage\":\"fr-FR\",\"potentialAction\":[{\"@type\":\"ReadAction\",\"target\":[\"https:\\\/\\\/www.elettrowebstore.com\\\/shop\\\/ciotola-estia-vulcania-terracotta-23-cm-t1ct0\\\/\"]}]},{\"@type\":\"ImageObject\",\"inLanguage\":\"fr-FR\",\"@id\":\"https:\\\/\\\/www.elettrowebstore.com\\\/shop\\\/ciotola-estia-vulcania-terracotta-23-cm-t1ct0\\\/#primaryimage\",\"url\":\"https:\\\/\\\/www.elettrowebstore.com\\\/EWS_Store\\\/wp-content\\\/uploads\\\/Ciotola-estia-Vulcania-terracotta-cm-23-T1CT0-1.jpg\",\"contentUrl\":\"https:\\\/\\\/www.elettrowebstore.com\\\/EWS_Store\\\/wp-content\\\/uploads\\\/Ciotola-estia-Vulcania-terracotta-cm-23-T1CT0-1.jpg\",\"width\":600,\"height\":600,\"caption\":\"Ciotola Estia Vulcania terracotta 23 cm T1CT0\"},{\"@type\":\"BreadcrumbList\",\"@id\":\"https:\\\/\\\/www.elettrowebstore.com\\\/shop\\\/ciotola-estia-vulcania-terracotta-23-cm-t1ct0\\\/#breadcrumb\",\"itemListElement\":[{\"@type\":\"ListItem\",\"position\":1,\"name\":\"Home\",\"item\":\"https:\\\/\\\/www.elettrowebstore.com\\\/\"},{\"@type\":\"ListItem\",\"position\":2,\"name\":\"Shop\",\"item\":\"https:\\\/\\\/www.elettrowebstore.com\\\/shop\\\/\"},{\"@type\":\"ListItem\",\"position\":3,\"name\":\"Casalinghi e cura della casa\",\"item\":\"https:\\\/\\\/www.elettrowebstore.com\\\/categoria-prodotto\\\/casalinghi-cura-casa\\\/\"},{\"@type\":\"ListItem\",\"position\":4,\"name\":\"Articoli in terracotta da cottura e da portata\",\"item\":\"https:\\\/\\\/www.elettrowebstore.com\\\/categoria-prodotto\\\/casalinghi-cura-casa\\\/articoli-in-terracotta-da-cottura-e-da-portata\\\/\"},{\"@type\":\"ListItem\",\"position\":5,\"name\":\"Ciotola Estia Vulcania terracotta 23 cm T1CT0\"}]},{\"@type\":\"WebSite\",\"@id\":\"https:\\\/\\\/www.elettrowebstore.com\\\/#website\",\"url\":\"https:\\\/\\\/www.elettrowebstore.com\\\/\",\"name\":\"ElettroWebStore\",\"description\":\"Casalinghi buste sottovuoto ferramenta articoli giardino elettrodomestici\",\"publisher\":{\"@id\":\"https:\\\/\\\/www.elettrowebstore.com\\\/#organization\"},\"potentialAction\":[{\"@type\":\"SearchAction\",\"target\":{\"@type\":\"EntryPoint\",\"urlTemplate\":\"https:\\\/\\\/www.elettrowebstore.com\\\/?s={search_term_string}\"},\"query-input\":{\"@type\":\"PropertyValueSpecification\",\"valueRequired\":true,\"valueName\":\"search_term_string\"}}],\"inLanguage\":\"fr-FR\"},{\"@type\":\"Organization\",\"@id\":\"https:\\\/\\\/www.elettrowebstore.com\\\/#organization\",\"name\":\"ElettroWebStore - ELCA S.r.l.\",\"url\":\"https:\\\/\\\/www.elettrowebstore.com\\\/\",\"logo\":{\"@type\":\"ImageObject\",\"inLanguage\":\"fr-FR\",\"@id\":\"https:\\\/\\\/www.elettrowebstore.com\\\/#\\\/schema\\\/logo\\\/image\\\/\",\"url\":\"\",\"contentUrl\":\"\",\"caption\":\"ElettroWebStore - ELCA S.r.l.\"},\"image\":{\"@id\":\"https:\\\/\\\/www.elettrowebstore.com\\\/#\\\/schema\\\/logo\\\/image\\\/\"}}]}<\/script>\n<!-- \/ Yoast SEO plugin. -->","yoast_head_json":{"title":"Estia Bol en fa\u00efence Vulcania 23 cm T1CT0","description":"Estia Bol en fa\u00efence Vulcania 23 cm T1CT0, disponible en diff\u00e9rentes couleurs, sans plomb ni cadmium, fabriqu\u00e9 en Italie","robots":{"index":"index","follow":"follow","max-snippet":"max-snippet:-1","max-image-preview":"max-image-preview:large","max-video-preview":"max-video-preview:-1"},"canonical":"https:\/\/www.elettrowebstore.com\/fr\/shop\/estia-vulcania-bol-en-terre-cuite-23-cm-t1ct0\/","og_locale":"fr_FR","og_type":"article","og_title":"Ciotola Estia Vulcania terracotta 23 cm T1CT0","og_description":"Ciotola Estia Vulcania terracotta 23 cm T1CT0, disponibile in diversi colori, senza piombo n\u00e8 cadmio, made in italy","og_url":"https:\/\/www.elettrowebstore.com\/fr\/shop\/estia-vulcania-bol-en-terre-cuite-23-cm-t1ct0\/","og_site_name":"ElettroWebStore","article_modified_time":"2022-05-30T07:58:29+00:00","og_image":[{"width":600,"height":600,"url":"https:\/\/res.cloudinary.com\/dl3yepmtd\/images\/v1653381126\/VULT1CT0\/Ciotola-estia-Vulcania-terracotta-cm-23-T1CT0-1\/Ciotola-estia-Vulcania-terracotta-cm-23-T1CT0-1.jpg","type":"image\/jpeg"}],"twitter_card":"summary_large_image","twitter_misc":{"Dur\u00e9e de lecture estim\u00e9e":"5 minutes"},"schema":{"@context":"https:\/\/schema.org","@graph":[{"@type":"WebPage","@id":"https:\/\/www.elettrowebstore.com\/shop\/ciotola-estia-vulcania-terracotta-23-cm-t1ct0\/","url":"https:\/\/www.elettrowebstore.com\/shop\/ciotola-estia-vulcania-terracotta-23-cm-t1ct0\/","name":"Estia Bol en fa\u00efence Vulcania 23 cm T1CT0","isPartOf":{"@id":"https:\/\/www.elettrowebstore.com\/#website"},"primaryImageOfPage":{"@id":"https:\/\/www.elettrowebstore.com\/shop\/ciotola-estia-vulcania-terracotta-23-cm-t1ct0\/#primaryimage"},"image":{"@id":"https:\/\/www.elettrowebstore.com\/shop\/ciotola-estia-vulcania-terracotta-23-cm-t1ct0\/#primaryimage"},"thumbnailUrl":"https:\/\/www.elettrowebstore.com\/EWS_Store\/wp-content\/uploads\/Ciotola-estia-Vulcania-terracotta-cm-23-T1CT0-1.jpg","datePublished":"2022-05-24T08:12:34+00:00","dateModified":"2022-05-30T07:58:29+00:00","description":"Estia Bol en fa\u00efence Vulcania 23 cm T1CT0, disponible en diff\u00e9rentes couleurs, sans plomb ni cadmium, fabriqu\u00e9 en Italie","breadcrumb":{"@id":"https:\/\/www.elettrowebstore.com\/shop\/ciotola-estia-vulcania-terracotta-23-cm-t1ct0\/#breadcrumb"},"inLanguage":"fr-FR","potentialAction":[{"@type":"ReadAction","target":["https:\/\/www.elettrowebstore.com\/shop\/ciotola-estia-vulcania-terracotta-23-cm-t1ct0\/"]}]},{"@type":"ImageObject","inLanguage":"fr-FR","@id":"https:\/\/www.elettrowebstore.com\/shop\/ciotola-estia-vulcania-terracotta-23-cm-t1ct0\/#primaryimage","url":"https:\/\/www.elettrowebstore.com\/EWS_Store\/wp-content\/uploads\/Ciotola-estia-Vulcania-terracotta-cm-23-T1CT0-1.jpg","contentUrl":"https:\/\/www.elettrowebstore.com\/EWS_Store\/wp-content\/uploads\/Ciotola-estia-Vulcania-terracotta-cm-23-T1CT0-1.jpg","width":600,"height":600,"caption":"Ciotola Estia Vulcania terracotta 23 cm T1CT0"},{"@type":"BreadcrumbList","@id":"https:\/\/www.elettrowebstore.com\/shop\/ciotola-estia-vulcania-terracotta-23-cm-t1ct0\/#breadcrumb","itemListElement":[{"@type":"ListItem","position":1,"name":"Home","item":"https:\/\/www.elettrowebstore.com\/"},{"@type":"ListItem","position":2,"name":"Shop","item":"https:\/\/www.elettrowebstore.com\/shop\/"},{"@type":"ListItem","position":3,"name":"Casalinghi e cura della casa","item":"https:\/\/www.elettrowebstore.com\/categoria-prodotto\/casalinghi-cura-casa\/"},{"@type":"ListItem","position":4,"name":"Articoli in terracotta da cottura e da portata","item":"https:\/\/www.elettrowebstore.com\/categoria-prodotto\/casalinghi-cura-casa\/articoli-in-terracotta-da-cottura-e-da-portata\/"},{"@type":"ListItem","position":5,"name":"Ciotola Estia Vulcania terracotta 23 cm T1CT0"}]},{"@type":"WebSite","@id":"https:\/\/www.elettrowebstore.com\/#website","url":"https:\/\/www.elettrowebstore.com\/","name":"ElettroWebStore","description":"Articles m\u00e9nagers sacs \u00e0 vide mat\u00e9riel articles de jardin appareils m\u00e9nagers","publisher":{"@id":"https:\/\/www.elettrowebstore.com\/#organization"},"potentialAction":[{"@type":"SearchAction","target":{"@type":"EntryPoint","urlTemplate":"https:\/\/www.elettrowebstore.com\/?s={search_term_string}"},"query-input":{"@type":"PropertyValueSpecification","valueRequired":true,"valueName":"search_term_string"}}],"inLanguage":"fr-FR"},{"@type":"Organization","@id":"https:\/\/www.elettrowebstore.com\/#organization","name":"ElettroWebStore - ELCA S.r.l.","url":"https:\/\/www.elettrowebstore.com\/","logo":{"@type":"ImageObject","inLanguage":"fr-FR","@id":"https:\/\/www.elettrowebstore.com\/#\/schema\/logo\/image\/","url":"","contentUrl":"","caption":"ElettroWebStore - ELCA S.r.l."},"image":{"@id":"https:\/\/www.elettrowebstore.com\/#\/schema\/logo\/image\/"}}]}},"_links":{"self":[{"href":"https:\/\/www.elettrowebstore.com\/fr\/wp-json\/wp\/v2\/product\/184122","targetHints":{"allow":["GET"]}}],"collection":[{"href":"https:\/\/www.elettrowebstore.com\/fr\/wp-json\/wp\/v2\/product"}],"about":[{"href":"https:\/\/www.elettrowebstore.com\/fr\/wp-json\/wp\/v2\/types\/product"}],"wp:featuredmedia":[{"embeddable":true,"href":"https:\/\/www.elettrowebstore.com\/fr\/wp-json\/wp\/v2\/media\/184161"}],"wp:attachment":[{"href":"https:\/\/www.elettrowebstore.com\/fr\/wp-json\/wp\/v2\/media?parent=184122"}],"wp:term":[{"taxonomy":"product_brand","embeddable":true,"href":"https:\/\/www.elettrowebstore.com\/fr\/wp-json\/wp\/v2\/product_brand?post=184122"},{"taxonomy":"product_cat","embeddable":true,"href":"https:\/\/www.elettrowebstore.com\/fr\/wp-json\/wp\/v2\/product_cat?post=184122"},{"taxonomy":"product_tag","embeddable":true,"href":"https:\/\/www.elettrowebstore.com\/fr\/wp-json\/wp\/v2\/product_tag?post=184122"}],"curies":[{"name":"wp","href":"https:\/\/api.w.org\/{rel}","templated":true}]}}