{"id":182609,"date":"2022-05-16T16:11:09","date_gmt":"2022-05-16T14:11:09","guid":{"rendered":"https:\/\/www.elettrowebstore.com\/?post_type=product&#038;p=182609"},"modified":"2022-05-20T15:04:14","modified_gmt":"2022-05-20T13:04:14","slug":"kit-imbuto-inox-spremipomodoro-spremy-ksp5-a21","status":"publish","type":"product","link":"https:\/\/www.elettrowebstore.com\/fr\/shop\/ensemble-dentonnoirs-en-acier-inoxydable-spremy-ksp5-a21\/","title":{"rendered":"Kit entonnoir en acier inoxydable avec presse-tomate Spremy KSP5-A21"},"content":{"rendered":"<h2><strong>Kit entonnoir en acier inoxydable avec presse-tomate Spremy KSP5-A21 <\/strong><\/h2>\n<p>Le kit d'entonnoir en acier inoxydable avec pilon Spremy KSP5-A21 est l'outil id\u00e9al pour la pr\u00e9paration des repas. <strong>remplacement <\/strong>compatible avec le presse-tomate Imperia 230V Spremy mod.850.<\/p>\n<p>Veuillez noter que le mod\u00e8le mentionn\u00e9 ci-dessus n'est plus en production.<\/p>\n<p>Il s'agit d'une pi\u00e8ce d\u00e9tach\u00e9e class\u00e9e comme <strong>consommables<\/strong>. Il est donc normal qu'elle s'use. C'est pourquoi la garantie de cette pi\u00e8ce d\u00e9tach\u00e9e est \u00e9galement limit\u00e9e dans le temps au moment de la r\u00e9ception.<\/p>\n<p>Les pi\u00e8ces d\u00e9tach\u00e9es sont normalement toujours disponibles. N\u00e9anmoins, il est toujours pr\u00e9f\u00e9rable de v\u00e9rifier leur disponibilit\u00e9, car certaines peuvent \u00eatre plus difficiles \u00e0 trouver.<b><\/b><\/p>\n<p>Le kit d'entonnoir et de pilon en acier inoxydable Spremy KSP5-A21 comprend exactement ce qui est illustr\u00e9 dans la photo suivante :<\/p>\n<p>&nbsp;<\/p>\n<p><img loading=\"lazy\" decoding=\"async\" class=\"size-full wp-image-182622 aligncenter\" src=\"https:\/\/res.cloudinary.com\/dl3yepmtd\/images\/w_600,h_600,c_fill\/v1652711049\/IMPKSP5-A21\/IMPERIA-kit-imbuto-INOX-spremipomodoro-spremy-KSP5-A21-1\/IMPERIA-kit-imbuto-INOX-spremipomodoro-spremy-KSP5-A21-1.jpg?_i=AA\" alt=\"Kit d&#039;entonnoir en acier inoxydable Spremy KSP5-A21\" width=\"600\" height=\"600\" srcset=\"https:\/\/www.elettrowebstore.com\/EWS_Store\/wp-content\/uploads\/IMPERIA-kit-imbuto-INOX-spremipomodoro-spremy-KSP5-A21-1.jpg 600w, https:\/\/www.elettrowebstore.com\/EWS_Store\/wp-content\/uploads\/IMPERIA-kit-imbuto-INOX-spremipomodoro-spremy-KSP5-A21-1-200x200.jpg 200w, https:\/\/www.elettrowebstore.com\/EWS_Store\/wp-content\/uploads\/IMPERIA-kit-imbuto-INOX-spremipomodoro-spremy-KSP5-A21-1-100x100.jpg 100w\" sizes=\"auto, (max-width: 600px) 100vw, 600px\" \/><\/p>\n<p>&nbsp;<\/p>\n<h2><strong>Sp\u00e9cifications techniques Kit d'entonnoir en acier inoxydable Spremy KSP5-A21<br \/>\n<\/strong><\/h2>\n<p>&nbsp;<\/p>\n<ul>\n<li>Entonnoir en acier inoxydable<\/li>\n<li>pilon<\/li>\n<li>emballage anonyme<\/li>\n<li>applicable au presse-tomate Imperia 230V Spremy mod.850 (n'est plus en production)<\/li>\n<li>Num\u00e9ro de pi\u00e8ce d\u00e9tach\u00e9e KSP5-A21<\/li>\n<\/ul>\n<p>&nbsp;<\/p>\n<h2><strong>La marque Imperia<\/strong><\/h2>\n<p><a href=\"http:\/\/www.imperia.com\" target=\"_blank\" rel=\"noopener noreferrer\"><img loading=\"lazy\" decoding=\"async\" class=\"alignleft wp-image-687\" src=\"https:\/\/www.elettrowebstore.com\/EWS_Store\/wp-content\/uploads\/2020\/04\/imperia-logo_c4iggk_687c588e.jpg\" alt=\"Logo IMPERIA\" width=\"248\" height=\"59\" \/><\/a>Imperia a \u00e9t\u00e9 officiellement fond\u00e9e le 3 f\u00e9vrier 1932 \u00e0 la suite de l'\u00e9volution d'un petit atelier. Elle a imm\u00e9diatement commenc\u00e9 \u00e0 distribuer des machines \u00e0 p\u00e2tes dans le monde entier.<\/p>\n<p>Le principal march\u00e9 cible devient les \u00c9tats-Unis d'Am\u00e9rique et ses nombreux \u00e9migrants italiens. Ces derniers, en effet, gr\u00e2ce \u00e0 l'utilisation de machines \u00e0 p\u00e2tes, \u00e9tablissent une sorte de lien \u00e9motionnel avec les saveurs de leur lointaine patrie.<\/p>\n<p>Aujourd'hui, les produits Imperia sont pr\u00e9sents dans plus de 70 pays \u00e0 travers le monde.<\/p>\n<p>En outre, la production a lieu enti\u00e8rement en Italie et chaque produit est un artefact cent pour cent italien. En effet, chaque pi\u00e8ce est r\u00e9alis\u00e9e avec de la main-d'\u0153uvre et des mati\u00e8res premi\u00e8res nationales. Imperia est un v\u00e9ritable Made in Italy.<\/p>\n<p>&nbsp;<\/p>\n<h2><strong>Garantie<\/strong><\/h2>\n<p>Cet article est une pi\u00e8ce d\u00e9tach\u00e9e qui peut \u00eatre d\u00e9finie comme du mat\u00e9riel consommable. Il n'est donc pas couvert par une garantie conventionnelle ou de consommation. Il s'agit en effet d'un produit d'usure.<\/p>\n<p>&nbsp;<\/p>\n<h2><strong>D\u00e9lai de livraison<\/strong><\/h2>\n<p>Ce produit est toujours disponible pour une livraison imm\u00e9diate. En fait, il peut \u00eatre command\u00e9 imm\u00e9diatement et est exp\u00e9di\u00e9 par ElettroWebStore dans les 2 jours ouvrables suivant la date d'achat.<\/p>\n<p>En outre, tous les envois d'ElettroWebStore sont exempts de frais de transport !<\/p>\n<p><img loading=\"lazy\" decoding=\"async\" class=\"size-full wp-image-41372 aligncenter\" src=\"https:\/\/www.elettrowebstore.com\/EWS_Store\/wp-content\/uploads\/.\/elettrowebstore-spedizione-con-corrieri-brt-sda-dhl-nexive-ld.jpg\" alt=\"Voici les transporteurs avec lesquels ElettroWebStore.com exp\u00e9die ses produits\" width=\"800\" height=\"189\" srcset=\"https:\/\/www.elettrowebstore.com\/EWS_Store\/wp-content\/uploads\/elettrowebstore-spedizione-con-corrieri-brt-sda-dhl-nexive-ld.jpg 800w, https:\/\/www.elettrowebstore.com\/EWS_Store\/wp-content\/uploads\/elettrowebstore-spedizione-con-corrieri-brt-sda-dhl-nexive-ld-600x142.jpg 600w, https:\/\/www.elettrowebstore.com\/EWS_Store\/wp-content\/uploads\/elettrowebstore-spedizione-con-corrieri-brt-sda-dhl-nexive-ld-768x181.jpg 768w\" sizes=\"auto, (max-width: 800px) 100vw, 800px\" \/><\/p>\n<p>&nbsp;<\/p>\n<h2><strong>Modes de paiement accept\u00e9s<\/strong><\/h2>\n<p><strong>Sur le site d'ElettroWebStore, vous pouvez payer avec toutes les m\u00e9thodes courantes<\/strong>\u00e0 la fois sp\u00e9cifiques \u00e0 Internet (telles que les cartes pr\u00e9pay\u00e9es) et traditionnelles (telles que les cartes de cr\u00e9dit classiques).<\/p>\n<p><img loading=\"lazy\" decoding=\"async\" class=\"size-full wp-image-41371 aligncenter\" src=\"https:\/\/www.elettrowebstore.com\/EWS_Store\/wp-content\/uploads\/.\/elettrowebstore-pagamenti-accettati-ld.jpg\" alt=\"Voici les m\u00e9thodes de paiement accept\u00e9es par ElettroWebStore.com\" width=\"800\" height=\"199\" srcset=\"https:\/\/www.elettrowebstore.com\/EWS_Store\/wp-content\/uploads\/elettrowebstore-pagamenti-accettati-ld.jpg 800w, https:\/\/www.elettrowebstore.com\/EWS_Store\/wp-content\/uploads\/elettrowebstore-pagamenti-accettati-ld-600x149.jpg 600w, https:\/\/www.elettrowebstore.com\/EWS_Store\/wp-content\/uploads\/elettrowebstore-pagamenti-accettati-ld-768x191.jpg 768w\" sizes=\"auto, (max-width: 800px) 100vw, 800px\" \/><\/p>\n<p>&nbsp;<\/p>\n<p>Tous les paiements sont effectu\u00e9s par l'interm\u00e9diaire du <a href=\"https:\/\/www.paypal.com\/it\/webapps\/mpp\/paypal-safety-and-security\"><strong>Paypal<\/strong><\/a>. De plus, m\u00eame si vous n'avez pas Paypal, vous pouvez toujours payer sans vous inscrire et sans enregistrer vos donn\u00e9es d'identification. Il vous suffit d'entrer vos coordonn\u00e9es dans les pages Paypal.<\/p>\n<p>En aucun cas <a href=\"http:\/\/www.elettrowebstore.com\"><strong>ElettroWebStore<\/strong><\/a> g\u00e9rer les donn\u00e9es de votre carte de paiement ou en prendre connaissance. En effet, les <a href=\"http:\/\/www.elettrowebstore.com\"><strong>ElettroWebStore<\/strong><\/a> ne verra que si le paiement a \u00e9t\u00e9 effectu\u00e9 ou non !<\/p>\n<p>Notre site utilise les protocoles HTTPS, qui garantissent des normes de s\u00e9curit\u00e9 \u00e9lev\u00e9es pour les utilisateurs !<\/p>","protected":false},"excerpt":{"rendered":"<p>Les <strong>Le kit d'entonnoir en acier inoxydable Spremy KSP5-A21 est <\/strong>la pi\u00e8ce d\u00e9tach\u00e9e compatible avec le presse-tomate Imperia Spremy.<span style=\"color: #ed1c24;\"><strong>Livraison gratuite !<\/strong><\/span><\/p>","protected":false},"featured_media":182622,"template":"","meta":[],"product_brand":[],"product_cat":[17,702],"product_tag":[473,23,974,2546,478,199,2239],"class_list":{"0":"post-182609","1":"product","2":"type-product","3":"status-publish","4":"has-post-thumbnail","6":"product_cat-casalinghi-cura-casa","7":"product_cat-ricambi-botta-greenwood-imperia-monferrina-paini-reber","8":"product_tag-imbuto","9":"product_tag-imperia","10":"product_tag-kit","11":"product_tag-ksp5-a21","12":"product_tag-ricambio","13":"product_tag-spremipomodoro","14":"product_tag-spremy","15":"product_shipping_class-pe","17":"first","18":"instock","19":"taxable","20":"shipping-taxable","21":"purchasable","22":"product-type-simple"},"yoast_head":"<!-- This site is optimized with the Yoast SEO plugin v27.4 - https:\/\/yoast.com\/product\/yoast-seo-wordpress\/ -->\n<title>Kit imbuto INOX con pestello spremipomodoro Spremy KSP5-A21 - ElettroWebStore<\/title>\n<meta name=\"description\" content=\"Il Kit imbuto INOX spremipomodoro Spremy KSP5-A21\u00e8 il ricambio compatibile con Spremipomodoro Spremy Imperia .\" \/>\n<meta name=\"robots\" content=\"index, follow, max-snippet:-1, max-image-preview:large, max-video-preview:-1\" \/>\n<link rel=\"canonical\" href=\"https:\/\/www.elettrowebstore.com\/fr\/shop\/ensemble-dentonnoirs-en-acier-inoxydable-spremy-ksp5-a21\/\" \/>\n<meta property=\"og:locale\" content=\"fr_FR\" \/>\n<meta property=\"og:type\" content=\"article\" \/>\n<meta property=\"og:title\" content=\"Kit imbuto INOX con pestello spremipomodoro Spremy KSP5-A21 - ElettroWebStore\" \/>\n<meta property=\"og:description\" content=\"Il Kit imbuto INOX spremipomodoro Spremy KSP5-A21\u00e8 il ricambio compatibile con Spremipomodoro Spremy Imperia .\" \/>\n<meta property=\"og:url\" content=\"https:\/\/www.elettrowebstore.com\/fr\/shop\/ensemble-dentonnoirs-en-acier-inoxydable-spremy-ksp5-a21\/\" \/>\n<meta property=\"og:site_name\" content=\"ElettroWebStore\" \/>\n<meta property=\"article:modified_time\" content=\"2022-05-20T13:04:14+00:00\" \/>\n<meta property=\"og:image\" content=\"https:\/\/res.cloudinary.com\/dl3yepmtd\/images\/v1652711049\/IMPKSP5-A21\/IMPERIA-kit-imbuto-INOX-spremipomodoro-spremy-KSP5-A21-1\/IMPERIA-kit-imbuto-INOX-spremipomodoro-spremy-KSP5-A21-1.jpg\" \/>\n\t<meta property=\"og:image:width\" content=\"600\" \/>\n\t<meta property=\"og:image:height\" content=\"600\" \/>\n\t<meta property=\"og:image:type\" content=\"image\/jpeg\" \/>\n<meta name=\"twitter:card\" content=\"summary_large_image\" \/>\n<meta name=\"twitter:label1\" content=\"Dur\u00e9e de lecture estim\u00e9e\" \/>\n\t<meta name=\"twitter:data1\" content=\"3 minutes\" \/>\n<script type=\"application\/ld+json\" class=\"yoast-schema-graph\">{\"@context\":\"https:\\\/\\\/schema.org\",\"@graph\":[{\"@type\":\"WebPage\",\"@id\":\"https:\\\/\\\/www.elettrowebstore.com\\\/shop\\\/kit-imbuto-inox-spremipomodoro-spremy-ksp5-a21\\\/\",\"url\":\"https:\\\/\\\/www.elettrowebstore.com\\\/shop\\\/kit-imbuto-inox-spremipomodoro-spremy-ksp5-a21\\\/\",\"name\":\"Kit imbuto INOX con pestello spremipomodoro Spremy KSP5-A21 - ElettroWebStore\",\"isPartOf\":{\"@id\":\"https:\\\/\\\/www.elettrowebstore.com\\\/#website\"},\"primaryImageOfPage\":{\"@id\":\"https:\\\/\\\/www.elettrowebstore.com\\\/shop\\\/kit-imbuto-inox-spremipomodoro-spremy-ksp5-a21\\\/#primaryimage\"},\"image\":{\"@id\":\"https:\\\/\\\/www.elettrowebstore.com\\\/shop\\\/kit-imbuto-inox-spremipomodoro-spremy-ksp5-a21\\\/#primaryimage\"},\"thumbnailUrl\":\"https:\\\/\\\/www.elettrowebstore.com\\\/EWS_Store\\\/wp-content\\\/uploads\\\/IMPERIA-kit-imbuto-INOX-spremipomodoro-spremy-KSP5-A21-1.jpg\",\"datePublished\":\"2022-05-16T14:11:09+00:00\",\"dateModified\":\"2022-05-20T13:04:14+00:00\",\"description\":\"Il Kit imbuto INOX spremipomodoro Spremy KSP5-A21\u00e8 il ricambio compatibile con Spremipomodoro Spremy Imperia .\",\"breadcrumb\":{\"@id\":\"https:\\\/\\\/www.elettrowebstore.com\\\/shop\\\/kit-imbuto-inox-spremipomodoro-spremy-ksp5-a21\\\/#breadcrumb\"},\"inLanguage\":\"fr-FR\",\"potentialAction\":[{\"@type\":\"ReadAction\",\"target\":[\"https:\\\/\\\/www.elettrowebstore.com\\\/shop\\\/kit-imbuto-inox-spremipomodoro-spremy-ksp5-a21\\\/\"]}]},{\"@type\":\"ImageObject\",\"inLanguage\":\"fr-FR\",\"@id\":\"https:\\\/\\\/www.elettrowebstore.com\\\/shop\\\/kit-imbuto-inox-spremipomodoro-spremy-ksp5-a21\\\/#primaryimage\",\"url\":\"https:\\\/\\\/www.elettrowebstore.com\\\/EWS_Store\\\/wp-content\\\/uploads\\\/IMPERIA-kit-imbuto-INOX-spremipomodoro-spremy-KSP5-A21-1.jpg\",\"contentUrl\":\"https:\\\/\\\/www.elettrowebstore.com\\\/EWS_Store\\\/wp-content\\\/uploads\\\/IMPERIA-kit-imbuto-INOX-spremipomodoro-spremy-KSP5-A21-1.jpg\",\"width\":600,\"height\":600,\"caption\":\"Kit imbuto INOX spremipomodoro Spremy KSP5-A21\"},{\"@type\":\"BreadcrumbList\",\"@id\":\"https:\\\/\\\/www.elettrowebstore.com\\\/shop\\\/kit-imbuto-inox-spremipomodoro-spremy-ksp5-a21\\\/#breadcrumb\",\"itemListElement\":[{\"@type\":\"ListItem\",\"position\":1,\"name\":\"Home\",\"item\":\"https:\\\/\\\/www.elettrowebstore.com\\\/\"},{\"@type\":\"ListItem\",\"position\":2,\"name\":\"Shop\",\"item\":\"https:\\\/\\\/www.elettrowebstore.com\\\/shop\\\/\"},{\"@type\":\"ListItem\",\"position\":3,\"name\":\"Casalinghi e cura della casa\",\"item\":\"https:\\\/\\\/www.elettrowebstore.com\\\/categoria-prodotto\\\/casalinghi-cura-casa\\\/\"},{\"@type\":\"ListItem\",\"position\":4,\"name\":\"Kit imbuto INOX con pestello spremipomodoro Spremy KSP5-A21\"}]},{\"@type\":\"WebSite\",\"@id\":\"https:\\\/\\\/www.elettrowebstore.com\\\/#website\",\"url\":\"https:\\\/\\\/www.elettrowebstore.com\\\/\",\"name\":\"ElettroWebStore\",\"description\":\"Casalinghi buste sottovuoto ferramenta articoli giardino elettrodomestici\",\"publisher\":{\"@id\":\"https:\\\/\\\/www.elettrowebstore.com\\\/#organization\"},\"potentialAction\":[{\"@type\":\"SearchAction\",\"target\":{\"@type\":\"EntryPoint\",\"urlTemplate\":\"https:\\\/\\\/www.elettrowebstore.com\\\/?s={search_term_string}\"},\"query-input\":{\"@type\":\"PropertyValueSpecification\",\"valueRequired\":true,\"valueName\":\"search_term_string\"}}],\"inLanguage\":\"fr-FR\"},{\"@type\":\"Organization\",\"@id\":\"https:\\\/\\\/www.elettrowebstore.com\\\/#organization\",\"name\":\"ElettroWebStore - ELCA S.r.l.\",\"url\":\"https:\\\/\\\/www.elettrowebstore.com\\\/\",\"logo\":{\"@type\":\"ImageObject\",\"inLanguage\":\"fr-FR\",\"@id\":\"https:\\\/\\\/www.elettrowebstore.com\\\/#\\\/schema\\\/logo\\\/image\\\/\",\"url\":\"\",\"contentUrl\":\"\",\"caption\":\"ElettroWebStore - ELCA S.r.l.\"},\"image\":{\"@id\":\"https:\\\/\\\/www.elettrowebstore.com\\\/#\\\/schema\\\/logo\\\/image\\\/\"}}]}<\/script>\n<!-- \/ Yoast SEO plugin. -->","yoast_head_json":{"title":"Kit entonnoir en acier inoxydable avec presse-tomate Spremy KSP5-A21 - ElettroWebStore","description":"Le kit d'entonnoir en acier inoxydable Spremy KSP5-A21 est la pi\u00e8ce de rechange compatible avec le presse-tomates Imperia Spremy.","robots":{"index":"index","follow":"follow","max-snippet":"max-snippet:-1","max-image-preview":"max-image-preview:large","max-video-preview":"max-video-preview:-1"},"canonical":"https:\/\/www.elettrowebstore.com\/fr\/shop\/ensemble-dentonnoirs-en-acier-inoxydable-spremy-ksp5-a21\/","og_locale":"fr_FR","og_type":"article","og_title":"Kit imbuto INOX con pestello spremipomodoro Spremy KSP5-A21 - ElettroWebStore","og_description":"Il Kit imbuto INOX spremipomodoro Spremy KSP5-A21\u00e8 il ricambio compatibile con Spremipomodoro Spremy Imperia .","og_url":"https:\/\/www.elettrowebstore.com\/fr\/shop\/ensemble-dentonnoirs-en-acier-inoxydable-spremy-ksp5-a21\/","og_site_name":"ElettroWebStore","article_modified_time":"2022-05-20T13:04:14+00:00","og_image":[{"width":600,"height":600,"url":"https:\/\/res.cloudinary.com\/dl3yepmtd\/images\/v1652711049\/IMPKSP5-A21\/IMPERIA-kit-imbuto-INOX-spremipomodoro-spremy-KSP5-A21-1\/IMPERIA-kit-imbuto-INOX-spremipomodoro-spremy-KSP5-A21-1.jpg","type":"image\/jpeg"}],"twitter_card":"summary_large_image","twitter_misc":{"Dur\u00e9e de lecture estim\u00e9e":"3 minutes"},"schema":{"@context":"https:\/\/schema.org","@graph":[{"@type":"WebPage","@id":"https:\/\/www.elettrowebstore.com\/shop\/kit-imbuto-inox-spremipomodoro-spremy-ksp5-a21\/","url":"https:\/\/www.elettrowebstore.com\/shop\/kit-imbuto-inox-spremipomodoro-spremy-ksp5-a21\/","name":"Kit entonnoir en acier inoxydable avec presse-tomate Spremy KSP5-A21 - ElettroWebStore","isPartOf":{"@id":"https:\/\/www.elettrowebstore.com\/#website"},"primaryImageOfPage":{"@id":"https:\/\/www.elettrowebstore.com\/shop\/kit-imbuto-inox-spremipomodoro-spremy-ksp5-a21\/#primaryimage"},"image":{"@id":"https:\/\/www.elettrowebstore.com\/shop\/kit-imbuto-inox-spremipomodoro-spremy-ksp5-a21\/#primaryimage"},"thumbnailUrl":"https:\/\/www.elettrowebstore.com\/EWS_Store\/wp-content\/uploads\/IMPERIA-kit-imbuto-INOX-spremipomodoro-spremy-KSP5-A21-1.jpg","datePublished":"2022-05-16T14:11:09+00:00","dateModified":"2022-05-20T13:04:14+00:00","description":"Le kit d'entonnoir en acier inoxydable Spremy KSP5-A21 est la pi\u00e8ce de rechange compatible avec le presse-tomates Imperia Spremy.","breadcrumb":{"@id":"https:\/\/www.elettrowebstore.com\/shop\/kit-imbuto-inox-spremipomodoro-spremy-ksp5-a21\/#breadcrumb"},"inLanguage":"fr-FR","potentialAction":[{"@type":"ReadAction","target":["https:\/\/www.elettrowebstore.com\/shop\/kit-imbuto-inox-spremipomodoro-spremy-ksp5-a21\/"]}]},{"@type":"ImageObject","inLanguage":"fr-FR","@id":"https:\/\/www.elettrowebstore.com\/shop\/kit-imbuto-inox-spremipomodoro-spremy-ksp5-a21\/#primaryimage","url":"https:\/\/www.elettrowebstore.com\/EWS_Store\/wp-content\/uploads\/IMPERIA-kit-imbuto-INOX-spremipomodoro-spremy-KSP5-A21-1.jpg","contentUrl":"https:\/\/www.elettrowebstore.com\/EWS_Store\/wp-content\/uploads\/IMPERIA-kit-imbuto-INOX-spremipomodoro-spremy-KSP5-A21-1.jpg","width":600,"height":600,"caption":"Kit imbuto INOX spremipomodoro Spremy KSP5-A21"},{"@type":"BreadcrumbList","@id":"https:\/\/www.elettrowebstore.com\/shop\/kit-imbuto-inox-spremipomodoro-spremy-ksp5-a21\/#breadcrumb","itemListElement":[{"@type":"ListItem","position":1,"name":"Home","item":"https:\/\/www.elettrowebstore.com\/"},{"@type":"ListItem","position":2,"name":"Shop","item":"https:\/\/www.elettrowebstore.com\/shop\/"},{"@type":"ListItem","position":3,"name":"Casalinghi e cura della casa","item":"https:\/\/www.elettrowebstore.com\/categoria-prodotto\/casalinghi-cura-casa\/"},{"@type":"ListItem","position":4,"name":"Kit imbuto INOX con pestello spremipomodoro Spremy KSP5-A21"}]},{"@type":"WebSite","@id":"https:\/\/www.elettrowebstore.com\/#website","url":"https:\/\/www.elettrowebstore.com\/","name":"ElettroWebStore","description":"Articles m\u00e9nagers sacs \u00e0 vide mat\u00e9riel articles de jardin appareils m\u00e9nagers","publisher":{"@id":"https:\/\/www.elettrowebstore.com\/#organization"},"potentialAction":[{"@type":"SearchAction","target":{"@type":"EntryPoint","urlTemplate":"https:\/\/www.elettrowebstore.com\/?s={search_term_string}"},"query-input":{"@type":"PropertyValueSpecification","valueRequired":true,"valueName":"search_term_string"}}],"inLanguage":"fr-FR"},{"@type":"Organization","@id":"https:\/\/www.elettrowebstore.com\/#organization","name":"ElettroWebStore - ELCA S.r.l.","url":"https:\/\/www.elettrowebstore.com\/","logo":{"@type":"ImageObject","inLanguage":"fr-FR","@id":"https:\/\/www.elettrowebstore.com\/#\/schema\/logo\/image\/","url":"","contentUrl":"","caption":"ElettroWebStore - ELCA S.r.l."},"image":{"@id":"https:\/\/www.elettrowebstore.com\/#\/schema\/logo\/image\/"}}]}},"_links":{"self":[{"href":"https:\/\/www.elettrowebstore.com\/fr\/wp-json\/wp\/v2\/product\/182609","targetHints":{"allow":["GET"]}}],"collection":[{"href":"https:\/\/www.elettrowebstore.com\/fr\/wp-json\/wp\/v2\/product"}],"about":[{"href":"https:\/\/www.elettrowebstore.com\/fr\/wp-json\/wp\/v2\/types\/product"}],"wp:featuredmedia":[{"embeddable":true,"href":"https:\/\/www.elettrowebstore.com\/fr\/wp-json\/wp\/v2\/media\/182622"}],"wp:attachment":[{"href":"https:\/\/www.elettrowebstore.com\/fr\/wp-json\/wp\/v2\/media?parent=182609"}],"wp:term":[{"taxonomy":"product_brand","embeddable":true,"href":"https:\/\/www.elettrowebstore.com\/fr\/wp-json\/wp\/v2\/product_brand?post=182609"},{"taxonomy":"product_cat","embeddable":true,"href":"https:\/\/www.elettrowebstore.com\/fr\/wp-json\/wp\/v2\/product_cat?post=182609"},{"taxonomy":"product_tag","embeddable":true,"href":"https:\/\/www.elettrowebstore.com\/fr\/wp-json\/wp\/v2\/product_tag?post=182609"}],"curies":[{"name":"wp","href":"https:\/\/api.w.org\/{rel}","templated":true}]}}