{"id":182285,"date":"2022-05-16T10:15:46","date_gmt":"2022-05-16T08:15:46","guid":{"rendered":"https:\/\/www.elettrowebstore.com\/?post_type=product&#038;p=182285"},"modified":"2026-02-27T12:30:25","modified_gmt":"2026-02-27T11:30:25","slug":"kit-ingranaggi-plastica-restaurant-elettrica-imperia-krmn-a13","status":"publish","type":"product","link":"https:\/\/www.elettrowebstore.com\/fr\/shop\/kit-dengrenages-en-plastique-restaurant-electrique-imperia-krmn-a13\/","title":{"rendered":"Kit d'engrenages en plastique Imperia Restaurant Electric KRMN-A13"},"content":{"rendered":"<h2><strong>Kit d'engrenages en plastique Imperia Restaurant Electric KRMN-A13<\/strong><\/h2>\n<p>Le kit d'engrenages en plastique pour restaurants \u00e9lectriques Imperia KRMN-A13 est la solution id\u00e9ale pour les restaurants \u00e9lectriques. <strong>remplacement <\/strong>pignons en plastique compatibles avec le mod\u00e8le 022 de l'Imperia Electronic Restaurant 230V et pour la m\u00eame machine 120V code 024.<\/p>\n<p>Les codes 022 et 024 d'Imperia Restaurant Elettriche sont des machines \u00e0 couper les p\u00e2tes qui ne sont plus produites.<\/p>\n<p>Il s'agit d'une pi\u00e8ce d\u00e9tach\u00e9e class\u00e9e comme <strong>consommables<\/strong>. Il est donc normal qu'elle s'use. C'est pourquoi la garantie de cette pi\u00e8ce d\u00e9tach\u00e9e est \u00e9galement limit\u00e9e dans le temps au moment de la r\u00e9ception.<\/p>\n<p>Les pi\u00e8ces d\u00e9tach\u00e9es sont normalement toujours disponibles. N\u00e9anmoins, il est toujours pr\u00e9f\u00e9rable de v\u00e9rifier leur disponibilit\u00e9, car certaines peuvent \u00eatre plus difficiles \u00e0 trouver.<\/p>\n<p>Le colis qui sera exp\u00e9di\u00e9 se compose exactement de ce qui est indiqu\u00e9 sur l'image suivante :<\/p>\n<p>&nbsp;<\/p>\n<p><img loading=\"lazy\" decoding=\"async\" class=\"size-full wp-image-182310 aligncenter\" src=\"https:\/\/www.elettrowebstore.com\/EWS_Store\/wp-content\/uploads\/IMPERIA-kit-ingranaggi-plastica-restaurant-elettrica-KRMN-A13-1.jpg\" alt=\"Kit d&#039;engrenages en plastique Restaurant \u00e9lectrique Imperia KRMN-A13\" width=\"600\" height=\"600\" srcset=\"https:\/\/www.elettrowebstore.com\/EWS_Store\/wp-content\/uploads\/IMPERIA-kit-ingranaggi-plastica-restaurant-elettrica-KRMN-A13-1.jpg 600w, https:\/\/www.elettrowebstore.com\/EWS_Store\/wp-content\/uploads\/IMPERIA-kit-ingranaggi-plastica-restaurant-elettrica-KRMN-A13-1-200x200.jpg 200w, https:\/\/www.elettrowebstore.com\/EWS_Store\/wp-content\/uploads\/IMPERIA-kit-ingranaggi-plastica-restaurant-elettrica-KRMN-A13-1-100x100.jpg 100w\" sizes=\"auto, (max-width: 600px) 100vw, 600px\" \/><\/p>\n<p>&nbsp;<\/p>\n<h2><strong>Sp\u00e9cifications techniques<\/strong><\/h2>\n<ul>\n<li>Engrenage de rotation du pignon 1<\/li>\n<li>r\u00e9ducteur moteur 1<\/li>\n<li>unit\u00e9 d'engrenage de d\u00e9viation 1<\/li>\n<li>emballage anonyme<\/li>\n<li>applicable \u00e0 la machine \u00e0 p\u00e2tes \u00e9lectrique Imperia Restaurant 230V code 022 et \u00e0 la machine \u00e0 p\u00e2tes \u00e9lectrique Imperia Restaurant 120V mod\u00e8le 024<\/li>\n<li>Code de la pi\u00e8ce d\u00e9tach\u00e9e KRMN-A13<\/li>\n<\/ul>\n<p>&nbsp;<\/p>\n<p>Visitez notre <strong><a href=\"https:\/\/www.elettrowebstore.com\/imperia-macchine-per-pasta\/\" target=\"_blank\" rel=\"noopener\">page d\u00e9di\u00e9e pour plus de d\u00e9tails sur les produits Imperia<\/a><\/strong>.<\/p>","protected":false},"excerpt":{"rendered":"<p>Kit d'engrenages en plastique code KRMN-A13 sp\u00e9cifique pour les engrenages \u00e9lectriques Imperia Restaurant code 022 et 024.<\/p>","protected":false},"featured_media":182310,"template":"","meta":[],"product_brand":[],"product_cat":[702],"product_tag":[23,457,2537,974,2536,265,478,406,30],"class_list":{"0":"post-182285","1":"product","2":"type-product","3":"status-publish","4":"has-post-thumbnail","6":"product_cat-ricambi-botta-greenwood-imperia-monferrina-paini-reber","7":"product_tag-imperia","8":"product_tag-ingranaggi","9":"product_tag-ingranaggi-plastica","10":"product_tag-kit","11":"product_tag-krmn-a13","12":"product_tag-restaurant","13":"product_tag-ricambio","14":"product_tag-sfoglia","15":"product_tag-sfogliatrice","16":"product_shipping_class-pe","18":"first","19":"instock","20":"taxable","21":"shipping-taxable","22":"purchasable","23":"product-type-simple"},"_links":{"self":[{"href":"https:\/\/www.elettrowebstore.com\/fr\/wp-json\/wp\/v2\/product\/182285","targetHints":{"allow":["GET"]}}],"collection":[{"href":"https:\/\/www.elettrowebstore.com\/fr\/wp-json\/wp\/v2\/product"}],"about":[{"href":"https:\/\/www.elettrowebstore.com\/fr\/wp-json\/wp\/v2\/types\/product"}],"wp:featuredmedia":[{"embeddable":true,"href":"https:\/\/www.elettrowebstore.com\/fr\/wp-json\/wp\/v2\/media\/182310"}],"wp:attachment":[{"href":"https:\/\/www.elettrowebstore.com\/fr\/wp-json\/wp\/v2\/media?parent=182285"}],"wp:term":[{"taxonomy":"product_brand","embeddable":true,"href":"https:\/\/www.elettrowebstore.com\/fr\/wp-json\/wp\/v2\/product_brand?post=182285"},{"taxonomy":"product_cat","embeddable":true,"href":"https:\/\/www.elettrowebstore.com\/fr\/wp-json\/wp\/v2\/product_cat?post=182285"},{"taxonomy":"product_tag","embeddable":true,"href":"https:\/\/www.elettrowebstore.com\/fr\/wp-json\/wp\/v2\/product_tag?post=182285"}],"curies":[{"name":"wp","href":"https:\/\/api.w.org\/{rel}","templated":true}]}}