{"id":180300,"date":"2022-05-10T15:36:41","date_gmt":"2022-05-10T13:36:41","guid":{"rendered":"https:\/\/www.elettrowebstore.com\/?post_type=product&#038;p=180300"},"modified":"2022-05-10T17:44:47","modified_gmt":"2022-05-10T15:44:47","slug":"kit-raschiatori-sfogliatrice-pasta-presto-imperia-tg-4-kdsp-a08","status":"publish","type":"product","link":"https:\/\/www.elettrowebstore.com\/fr\/shop\/imperia-presto-pasta-sheeter-kit-tg-4-kdsp-a08\/","title":{"rendered":"Imperia Presto Pasta Sheeter Scraper Kit TG. 4 KDSP-A08"},"content":{"rendered":"<h2><strong>Imperia Presto Pasta Sheeter Scraper Kit TG. 4 KDSP-A08 <\/strong><\/h2>\n<p>Les <strong>Imperia Presto Pasta Sheeter Scraper Kit TG. 4 KDSP-A08<\/strong> est le <strong>remplacement<\/strong> n\u00e9cessaires pour remplacer les <strong>grattoirs<\/strong> de votre coupe-p\u00e2tes Imperia Presto.<\/p>\n<p>La pi\u00e8ce de rechange est compatible avec le mod\u00e8le Imperia Sfogliatrice Pasta Presto 700. Veuillez noter que le kit de raclage est normalement inclus dans l'emballage des mod\u00e8les mentionn\u00e9s ci-dessus.<\/p>\n<p>Il s'agit d'une pi\u00e8ce d\u00e9tach\u00e9e class\u00e9e comme <strong>consommables<\/strong>. Il est donc normal qu'elle s'use. C'est pourquoi la garantie de cette pi\u00e8ce d\u00e9tach\u00e9e est \u00e9galement limit\u00e9e dans le temps au moment de la r\u00e9ception.<\/p>\n<p>Les <strong>Imperia Presto Pasta Sheeter Scraper Kit TG. 4 KDSP-A08<\/strong> se compose de 2 grattoirs en r\u00e9sine coup\u00e9s en quatre et de 2 ressorts de maintien.<\/p>\n<p>&nbsp;<\/p>\n<p><img loading=\"lazy\" decoding=\"async\" class=\"size-full wp-image-180313 aligncenter\" src=\"https:\/\/res.cloudinary.com\/dl3yepmtd\/images\/w_600,h_600,c_fill\/v1652190662\/IMPKDSP-A08\/IMPERIA-kit-raschiatori-taglia-4-KDSP-A08-1\/IMPERIA-kit-raschiatori-taglia-4-KDSP-A08-1.jpg?_i=AA\" alt=\"Imperia Presto Pasta Sheeter Scraper Kit TG. 4 KDSP-A08\" width=\"600\" height=\"600\" srcset=\"https:\/\/www.elettrowebstore.com\/EWS_Store\/wp-content\/uploads\/IMPERIA-kit-raschiatori-taglia-4-KDSP-A08-1.jpg 600w, https:\/\/www.elettrowebstore.com\/EWS_Store\/wp-content\/uploads\/IMPERIA-kit-raschiatori-taglia-4-KDSP-A08-1-200x200.jpg 200w, https:\/\/www.elettrowebstore.com\/EWS_Store\/wp-content\/uploads\/IMPERIA-kit-raschiatori-taglia-4-KDSP-A08-1-100x100.jpg 100w\" sizes=\"auto, (max-width: 600px) 100vw, 600px\" \/><\/p>\n<h2><strong>Sp\u00e9cifications techniques\u00a0<\/strong><strong>Imperia Presto Pasta Sheeter Scraper Kit TG. 4 KDSP-A08<\/strong><\/h2>\n<ul>\n<li>2 grattoirs en r\u00e9sine \u00e0 quatre coupes<\/li>\n<li>2 ressorts de maintien<\/li>\n<li>Emballage anonyme<\/li>\n<li>applicable aux p\u00e9trins Imperia PastaPresto<\/li>\n<li>Code de la pi\u00e8ce d\u00e9tach\u00e9e KDSP-A08<\/li>\n<\/ul>\n<p>&nbsp;<\/p>\n<h2><strong>La marque Imperia<\/strong><\/h2>\n<p><a href=\"http:\/\/www.imperia.com\" target=\"_blank\" rel=\"noopener noreferrer\"><img loading=\"lazy\" decoding=\"async\" class=\"alignleft wp-image-687\" src=\"https:\/\/www.elettrowebstore.com\/EWS_Store\/wp-content\/uploads\/2020\/04\/imperia-logo_c4iggk_687c588e.jpg\" alt=\"Logo IMPERIA\" width=\"248\" height=\"59\" \/><\/a>Imperia a \u00e9t\u00e9 officiellement fond\u00e9e le 3 f\u00e9vrier 1932 \u00e0 la suite de l'\u00e9volution d'un petit atelier. Elle a imm\u00e9diatement commenc\u00e9 \u00e0 distribuer des machines \u00e0 p\u00e2tes dans le monde entier.<\/p>\n<p>Le principal march\u00e9 cible devient les \u00c9tats-Unis d'Am\u00e9rique et ses nombreux \u00e9migrants italiens. Ces derniers, en effet, gr\u00e2ce \u00e0 l'utilisation de machines \u00e0 p\u00e2tes, \u00e9tablissent une sorte de lien \u00e9motionnel avec les saveurs de leur lointaine patrie.<\/p>\n<p>Aujourd'hui, les produits Imperia sont pr\u00e9sents dans plus de 70 pays \u00e0 travers le monde.<\/p>\n<p>En outre, la production a lieu enti\u00e8rement en Italie et chaque produit est un artefact cent pour cent italien. En effet, chaque pi\u00e8ce est r\u00e9alis\u00e9e avec de la main-d'\u0153uvre et des mati\u00e8res premi\u00e8res nationales. Imperia est un v\u00e9ritable Made in Italy.<\/p>\n<p>&nbsp;<\/p>\n<h2><strong>Garantie<\/strong><\/h2>\n<p>Cet article est une pi\u00e8ce d\u00e9tach\u00e9e qui peut \u00eatre d\u00e9finie comme du mat\u00e9riel consommable. Il n'est donc pas couvert par une garantie conventionnelle ou de consommation. Il s'agit en effet d'un produit d'usure.<\/p>\n<p>&nbsp;<\/p>\n<h2><strong>D\u00e9lai de livraison<\/strong><\/h2>\n<p>Ce produit est toujours disponible pour une livraison imm\u00e9diate. En fait, il peut \u00eatre command\u00e9 imm\u00e9diatement et est exp\u00e9di\u00e9 par ElettroWebStore dans les 2 jours ouvrables suivant la date d'achat.<\/p>\n<p>En outre, tous les envois d'ElettroWebStore sont exempts de frais de transport !<\/p>\n<p><img loading=\"lazy\" decoding=\"async\" class=\"size-full wp-image-41372 aligncenter\" src=\"https:\/\/www.elettrowebstore.com\/EWS_Store\/wp-content\/uploads\/.\/elettrowebstore-spedizione-con-corrieri-brt-sda-dhl-nexive-ld.jpg\" alt=\"Voici les transporteurs avec lesquels ElettroWebStore.com exp\u00e9die ses produits\" width=\"800\" height=\"189\" srcset=\"https:\/\/www.elettrowebstore.com\/EWS_Store\/wp-content\/uploads\/elettrowebstore-spedizione-con-corrieri-brt-sda-dhl-nexive-ld.jpg 800w, https:\/\/www.elettrowebstore.com\/EWS_Store\/wp-content\/uploads\/elettrowebstore-spedizione-con-corrieri-brt-sda-dhl-nexive-ld-600x142.jpg 600w, https:\/\/www.elettrowebstore.com\/EWS_Store\/wp-content\/uploads\/elettrowebstore-spedizione-con-corrieri-brt-sda-dhl-nexive-ld-768x181.jpg 768w\" sizes=\"auto, (max-width: 800px) 100vw, 800px\" \/><\/p>\n<p>&nbsp;<\/p>\n<h2><strong>Modes de paiement accept\u00e9s<\/strong><\/h2>\n<p><strong>Sur le site d'ElettroWebStore, vous pouvez payer avec toutes les m\u00e9thodes courantes<\/strong>\u00e0 la fois sp\u00e9cifiques \u00e0 Internet (telles que les cartes pr\u00e9pay\u00e9es) et traditionnelles (telles que les cartes de cr\u00e9dit classiques).<\/p>\n<p><img loading=\"lazy\" decoding=\"async\" class=\"size-full wp-image-41371 aligncenter\" src=\"https:\/\/www.elettrowebstore.com\/EWS_Store\/wp-content\/uploads\/.\/elettrowebstore-pagamenti-accettati-ld.jpg\" alt=\"Voici les m\u00e9thodes de paiement accept\u00e9es par ElettroWebStore.com\" width=\"800\" height=\"199\" srcset=\"https:\/\/www.elettrowebstore.com\/EWS_Store\/wp-content\/uploads\/elettrowebstore-pagamenti-accettati-ld.jpg 800w, https:\/\/www.elettrowebstore.com\/EWS_Store\/wp-content\/uploads\/elettrowebstore-pagamenti-accettati-ld-600x149.jpg 600w, https:\/\/www.elettrowebstore.com\/EWS_Store\/wp-content\/uploads\/elettrowebstore-pagamenti-accettati-ld-768x191.jpg 768w\" sizes=\"auto, (max-width: 800px) 100vw, 800px\" \/><\/p>\n<p>&nbsp;<\/p>\n<p>Tous les paiements sont effectu\u00e9s par l'interm\u00e9diaire du <a href=\"https:\/\/www.paypal.com\/it\/webapps\/mpp\/paypal-safety-and-security\"><strong>Paypal<\/strong><\/a>. De plus, m\u00eame si vous n'avez pas Paypal, vous pouvez toujours payer sans vous inscrire et sans enregistrer vos donn\u00e9es d'identification. Il vous suffit d'entrer vos coordonn\u00e9es dans les pages Paypal.<\/p>\n<p>En aucun cas <a href=\"http:\/\/www.elettrowebstore.com\"><strong>ElettroWebStore<\/strong><\/a> g\u00e9rer les donn\u00e9es de votre carte de paiement ou en prendre connaissance. En effet, les <a href=\"http:\/\/www.elettrowebstore.com\"><strong>ElettroWebStore<\/strong><\/a> ne verra que si le paiement a \u00e9t\u00e9 effectu\u00e9 ou non !<\/p>\n<p>Notre site utilise les protocoles HTTPS, qui garantissent des normes de s\u00e9curit\u00e9 \u00e9lev\u00e9es pour les utilisateurs !<\/p>","protected":false},"excerpt":{"rendered":"<p>Les <strong>Imperia Presto Pasta Sheeter Scraper Kit TG. 4 KDSP-A08 <\/strong>est la pi\u00e8ce de rechange n\u00e9cessaire pour remplacer les raclettes de la machine \u00e0 p\u00e2te feuillet\u00e9e Imperia PastaPresto. <span style=\"color: #ed1c24;\"><strong>Livraison gratuite !<\/strong><\/span><\/p>","protected":false},"featured_media":180313,"template":"","meta":[],"product_brand":[],"product_cat":[17,702],"product_tag":[23,2489,974,105,1431,478,406,30,2488],"class_list":{"0":"post-180300","1":"product","2":"type-product","3":"status-publish","4":"has-post-thumbnail","6":"product_cat-casalinghi-cura-casa","7":"product_cat-ricambi-botta-greenwood-imperia-monferrina-paini-reber","8":"product_tag-imperia","9":"product_tag-kdsp-a08","10":"product_tag-kit","11":"product_tag-pastapresto","12":"product_tag-raschiatori","13":"product_tag-ricambio","14":"product_tag-sfoglia","15":"product_tag-sfogliatrice","16":"product_tag-taglia-4","17":"product_shipping_class-pe","19":"first","20":"instock","21":"taxable","22":"shipping-taxable","23":"purchasable","24":"product-type-simple"},"yoast_head":"<!-- This site is optimized with the Yoast SEO plugin v27.4 - https:\/\/yoast.com\/product\/yoast-seo-wordpress\/ -->\n<title>Kit raschiatori Sfogliatrice Pasta Presto Imperia TG. 4 KDSP-A08 - ElettroWebStore<\/title>\n<meta name=\"description\" content=\"Il Kit raschiatori Sfogliatrice Pasta Presto Imperia TG. 4 KDSP-A08 \u00e8 il ricambio che occorre per sostituire i raschiatori della Sfogliatrice PastaPresto Imperia.\" \/>\n<meta name=\"robots\" content=\"index, follow, max-snippet:-1, max-image-preview:large, max-video-preview:-1\" \/>\n<link rel=\"canonical\" href=\"https:\/\/www.elettrowebstore.com\/fr\/shop\/imperia-presto-pasta-sheeter-kit-tg-4-kdsp-a08\/\" \/>\n<meta property=\"og:locale\" content=\"fr_FR\" \/>\n<meta property=\"og:type\" content=\"article\" \/>\n<meta property=\"og:title\" content=\"Kit raschiatori Sfogliatrice Pasta Presto Imperia TG. 4 KDSP-A08 - ElettroWebStore\" \/>\n<meta property=\"og:description\" content=\"Il Kit raschiatori Sfogliatrice Pasta Presto Imperia TG. 4 KDSP-A08 \u00e8 il ricambio che occorre per sostituire i raschiatori della Sfogliatrice PastaPresto Imperia.\" \/>\n<meta property=\"og:url\" content=\"https:\/\/www.elettrowebstore.com\/fr\/shop\/imperia-presto-pasta-sheeter-kit-tg-4-kdsp-a08\/\" \/>\n<meta property=\"og:site_name\" content=\"ElettroWebStore\" \/>\n<meta property=\"article:modified_time\" content=\"2022-05-10T15:44:47+00:00\" \/>\n<meta property=\"og:image\" content=\"https:\/\/res.cloudinary.com\/dl3yepmtd\/images\/v1652190662\/IMPKDSP-A08\/IMPERIA-kit-raschiatori-taglia-4-KDSP-A08-1\/IMPERIA-kit-raschiatori-taglia-4-KDSP-A08-1.jpg\" \/>\n\t<meta property=\"og:image:width\" content=\"600\" \/>\n\t<meta property=\"og:image:height\" content=\"600\" \/>\n\t<meta property=\"og:image:type\" content=\"image\/jpeg\" \/>\n<meta name=\"twitter:card\" content=\"summary_large_image\" \/>\n<meta name=\"twitter:label1\" content=\"Dur\u00e9e de lecture estim\u00e9e\" \/>\n\t<meta name=\"twitter:data1\" content=\"4 minutes\" \/>\n<script type=\"application\/ld+json\" class=\"yoast-schema-graph\">{\"@context\":\"https:\\\/\\\/schema.org\",\"@graph\":[{\"@type\":\"WebPage\",\"@id\":\"https:\\\/\\\/www.elettrowebstore.com\\\/shop\\\/kit-raschiatori-sfogliatrice-pasta-presto-imperia-tg-4-kdsp-a08\\\/\",\"url\":\"https:\\\/\\\/www.elettrowebstore.com\\\/shop\\\/kit-raschiatori-sfogliatrice-pasta-presto-imperia-tg-4-kdsp-a08\\\/\",\"name\":\"Kit raschiatori Sfogliatrice Pasta Presto Imperia TG. 4 KDSP-A08 - ElettroWebStore\",\"isPartOf\":{\"@id\":\"https:\\\/\\\/www.elettrowebstore.com\\\/#website\"},\"primaryImageOfPage\":{\"@id\":\"https:\\\/\\\/www.elettrowebstore.com\\\/shop\\\/kit-raschiatori-sfogliatrice-pasta-presto-imperia-tg-4-kdsp-a08\\\/#primaryimage\"},\"image\":{\"@id\":\"https:\\\/\\\/www.elettrowebstore.com\\\/shop\\\/kit-raschiatori-sfogliatrice-pasta-presto-imperia-tg-4-kdsp-a08\\\/#primaryimage\"},\"thumbnailUrl\":\"https:\\\/\\\/www.elettrowebstore.com\\\/EWS_Store\\\/wp-content\\\/uploads\\\/IMPERIA-kit-raschiatori-taglia-4-KDSP-A08-1.jpg\",\"datePublished\":\"2022-05-10T13:36:41+00:00\",\"dateModified\":\"2022-05-10T15:44:47+00:00\",\"description\":\"Il Kit raschiatori Sfogliatrice Pasta Presto Imperia TG. 4 KDSP-A08 \u00e8 il ricambio che occorre per sostituire i raschiatori della Sfogliatrice PastaPresto Imperia.\",\"breadcrumb\":{\"@id\":\"https:\\\/\\\/www.elettrowebstore.com\\\/shop\\\/kit-raschiatori-sfogliatrice-pasta-presto-imperia-tg-4-kdsp-a08\\\/#breadcrumb\"},\"inLanguage\":\"fr-FR\",\"potentialAction\":[{\"@type\":\"ReadAction\",\"target\":[\"https:\\\/\\\/www.elettrowebstore.com\\\/shop\\\/kit-raschiatori-sfogliatrice-pasta-presto-imperia-tg-4-kdsp-a08\\\/\"]}]},{\"@type\":\"ImageObject\",\"inLanguage\":\"fr-FR\",\"@id\":\"https:\\\/\\\/www.elettrowebstore.com\\\/shop\\\/kit-raschiatori-sfogliatrice-pasta-presto-imperia-tg-4-kdsp-a08\\\/#primaryimage\",\"url\":\"https:\\\/\\\/www.elettrowebstore.com\\\/EWS_Store\\\/wp-content\\\/uploads\\\/IMPERIA-kit-raschiatori-taglia-4-KDSP-A08-1.jpg\",\"contentUrl\":\"https:\\\/\\\/www.elettrowebstore.com\\\/EWS_Store\\\/wp-content\\\/uploads\\\/IMPERIA-kit-raschiatori-taglia-4-KDSP-A08-1.jpg\",\"width\":600,\"height\":600,\"caption\":\"Kit raschiatori Sfogliatrice Pasta Presto Imperia TG. 4 KDSP-A08\"},{\"@type\":\"BreadcrumbList\",\"@id\":\"https:\\\/\\\/www.elettrowebstore.com\\\/shop\\\/kit-raschiatori-sfogliatrice-pasta-presto-imperia-tg-4-kdsp-a08\\\/#breadcrumb\",\"itemListElement\":[{\"@type\":\"ListItem\",\"position\":1,\"name\":\"Home\",\"item\":\"https:\\\/\\\/www.elettrowebstore.com\\\/\"},{\"@type\":\"ListItem\",\"position\":2,\"name\":\"Shop\",\"item\":\"https:\\\/\\\/www.elettrowebstore.com\\\/shop\\\/\"},{\"@type\":\"ListItem\",\"position\":3,\"name\":\"Casalinghi e cura della casa\",\"item\":\"https:\\\/\\\/www.elettrowebstore.com\\\/categoria-prodotto\\\/casalinghi-cura-casa\\\/\"},{\"@type\":\"ListItem\",\"position\":4,\"name\":\"Kit raschiatori Sfogliatrice Pasta Presto Imperia TG. 4 KDSP-A08\"}]},{\"@type\":\"WebSite\",\"@id\":\"https:\\\/\\\/www.elettrowebstore.com\\\/#website\",\"url\":\"https:\\\/\\\/www.elettrowebstore.com\\\/\",\"name\":\"ElettroWebStore\",\"description\":\"Casalinghi buste sottovuoto ferramenta articoli giardino elettrodomestici\",\"publisher\":{\"@id\":\"https:\\\/\\\/www.elettrowebstore.com\\\/#organization\"},\"potentialAction\":[{\"@type\":\"SearchAction\",\"target\":{\"@type\":\"EntryPoint\",\"urlTemplate\":\"https:\\\/\\\/www.elettrowebstore.com\\\/?s={search_term_string}\"},\"query-input\":{\"@type\":\"PropertyValueSpecification\",\"valueRequired\":true,\"valueName\":\"search_term_string\"}}],\"inLanguage\":\"fr-FR\"},{\"@type\":\"Organization\",\"@id\":\"https:\\\/\\\/www.elettrowebstore.com\\\/#organization\",\"name\":\"ElettroWebStore - ELCA S.r.l.\",\"url\":\"https:\\\/\\\/www.elettrowebstore.com\\\/\",\"logo\":{\"@type\":\"ImageObject\",\"inLanguage\":\"fr-FR\",\"@id\":\"https:\\\/\\\/www.elettrowebstore.com\\\/#\\\/schema\\\/logo\\\/image\\\/\",\"url\":\"\",\"contentUrl\":\"\",\"caption\":\"ElettroWebStore - ELCA S.r.l.\"},\"image\":{\"@id\":\"https:\\\/\\\/www.elettrowebstore.com\\\/#\\\/schema\\\/logo\\\/image\\\/\"}}]}<\/script>\n<!-- \/ Yoast SEO plugin. -->","yoast_head_json":{"title":"Imperia Presto Pasta Sheeter Scraper Kit TG. 4 KDSP-A08 - ElettroWebStore","description":"Le kit de grattoirs pour le laminoir \u00e0 p\u00e2te Imperia Presto TG. 4 KDSP-A08 est la pi\u00e8ce de rechange n\u00e9cessaire pour remplacer les grattoirs des laminoirs \u00e0 p\u00e2te PastaPresto Imperia.","robots":{"index":"index","follow":"follow","max-snippet":"max-snippet:-1","max-image-preview":"max-image-preview:large","max-video-preview":"max-video-preview:-1"},"canonical":"https:\/\/www.elettrowebstore.com\/fr\/shop\/imperia-presto-pasta-sheeter-kit-tg-4-kdsp-a08\/","og_locale":"fr_FR","og_type":"article","og_title":"Kit raschiatori Sfogliatrice Pasta Presto Imperia TG. 4 KDSP-A08 - ElettroWebStore","og_description":"Il Kit raschiatori Sfogliatrice Pasta Presto Imperia TG. 4 KDSP-A08 \u00e8 il ricambio che occorre per sostituire i raschiatori della Sfogliatrice PastaPresto Imperia.","og_url":"https:\/\/www.elettrowebstore.com\/fr\/shop\/imperia-presto-pasta-sheeter-kit-tg-4-kdsp-a08\/","og_site_name":"ElettroWebStore","article_modified_time":"2022-05-10T15:44:47+00:00","og_image":[{"width":600,"height":600,"url":"https:\/\/res.cloudinary.com\/dl3yepmtd\/images\/v1652190662\/IMPKDSP-A08\/IMPERIA-kit-raschiatori-taglia-4-KDSP-A08-1\/IMPERIA-kit-raschiatori-taglia-4-KDSP-A08-1.jpg","type":"image\/jpeg"}],"twitter_card":"summary_large_image","twitter_misc":{"Dur\u00e9e de lecture estim\u00e9e":"4 minutes"},"schema":{"@context":"https:\/\/schema.org","@graph":[{"@type":"WebPage","@id":"https:\/\/www.elettrowebstore.com\/shop\/kit-raschiatori-sfogliatrice-pasta-presto-imperia-tg-4-kdsp-a08\/","url":"https:\/\/www.elettrowebstore.com\/shop\/kit-raschiatori-sfogliatrice-pasta-presto-imperia-tg-4-kdsp-a08\/","name":"Imperia Presto Pasta Sheeter Scraper Kit TG. 4 KDSP-A08 - ElettroWebStore","isPartOf":{"@id":"https:\/\/www.elettrowebstore.com\/#website"},"primaryImageOfPage":{"@id":"https:\/\/www.elettrowebstore.com\/shop\/kit-raschiatori-sfogliatrice-pasta-presto-imperia-tg-4-kdsp-a08\/#primaryimage"},"image":{"@id":"https:\/\/www.elettrowebstore.com\/shop\/kit-raschiatori-sfogliatrice-pasta-presto-imperia-tg-4-kdsp-a08\/#primaryimage"},"thumbnailUrl":"https:\/\/www.elettrowebstore.com\/EWS_Store\/wp-content\/uploads\/IMPERIA-kit-raschiatori-taglia-4-KDSP-A08-1.jpg","datePublished":"2022-05-10T13:36:41+00:00","dateModified":"2022-05-10T15:44:47+00:00","description":"Le kit de grattoirs pour le laminoir \u00e0 p\u00e2te Imperia Presto TG. 4 KDSP-A08 est la pi\u00e8ce de rechange n\u00e9cessaire pour remplacer les grattoirs des laminoirs \u00e0 p\u00e2te PastaPresto Imperia.","breadcrumb":{"@id":"https:\/\/www.elettrowebstore.com\/shop\/kit-raschiatori-sfogliatrice-pasta-presto-imperia-tg-4-kdsp-a08\/#breadcrumb"},"inLanguage":"fr-FR","potentialAction":[{"@type":"ReadAction","target":["https:\/\/www.elettrowebstore.com\/shop\/kit-raschiatori-sfogliatrice-pasta-presto-imperia-tg-4-kdsp-a08\/"]}]},{"@type":"ImageObject","inLanguage":"fr-FR","@id":"https:\/\/www.elettrowebstore.com\/shop\/kit-raschiatori-sfogliatrice-pasta-presto-imperia-tg-4-kdsp-a08\/#primaryimage","url":"https:\/\/www.elettrowebstore.com\/EWS_Store\/wp-content\/uploads\/IMPERIA-kit-raschiatori-taglia-4-KDSP-A08-1.jpg","contentUrl":"https:\/\/www.elettrowebstore.com\/EWS_Store\/wp-content\/uploads\/IMPERIA-kit-raschiatori-taglia-4-KDSP-A08-1.jpg","width":600,"height":600,"caption":"Kit raschiatori Sfogliatrice Pasta Presto Imperia TG. 4 KDSP-A08"},{"@type":"BreadcrumbList","@id":"https:\/\/www.elettrowebstore.com\/shop\/kit-raschiatori-sfogliatrice-pasta-presto-imperia-tg-4-kdsp-a08\/#breadcrumb","itemListElement":[{"@type":"ListItem","position":1,"name":"Home","item":"https:\/\/www.elettrowebstore.com\/"},{"@type":"ListItem","position":2,"name":"Shop","item":"https:\/\/www.elettrowebstore.com\/shop\/"},{"@type":"ListItem","position":3,"name":"Casalinghi e cura della casa","item":"https:\/\/www.elettrowebstore.com\/categoria-prodotto\/casalinghi-cura-casa\/"},{"@type":"ListItem","position":4,"name":"Kit raschiatori Sfogliatrice Pasta Presto Imperia TG. 4 KDSP-A08"}]},{"@type":"WebSite","@id":"https:\/\/www.elettrowebstore.com\/#website","url":"https:\/\/www.elettrowebstore.com\/","name":"ElettroWebStore","description":"Articles m\u00e9nagers sacs \u00e0 vide mat\u00e9riel articles de jardin appareils m\u00e9nagers","publisher":{"@id":"https:\/\/www.elettrowebstore.com\/#organization"},"potentialAction":[{"@type":"SearchAction","target":{"@type":"EntryPoint","urlTemplate":"https:\/\/www.elettrowebstore.com\/?s={search_term_string}"},"query-input":{"@type":"PropertyValueSpecification","valueRequired":true,"valueName":"search_term_string"}}],"inLanguage":"fr-FR"},{"@type":"Organization","@id":"https:\/\/www.elettrowebstore.com\/#organization","name":"ElettroWebStore - ELCA S.r.l.","url":"https:\/\/www.elettrowebstore.com\/","logo":{"@type":"ImageObject","inLanguage":"fr-FR","@id":"https:\/\/www.elettrowebstore.com\/#\/schema\/logo\/image\/","url":"","contentUrl":"","caption":"ElettroWebStore - ELCA S.r.l."},"image":{"@id":"https:\/\/www.elettrowebstore.com\/#\/schema\/logo\/image\/"}}]}},"_links":{"self":[{"href":"https:\/\/www.elettrowebstore.com\/fr\/wp-json\/wp\/v2\/product\/180300","targetHints":{"allow":["GET"]}}],"collection":[{"href":"https:\/\/www.elettrowebstore.com\/fr\/wp-json\/wp\/v2\/product"}],"about":[{"href":"https:\/\/www.elettrowebstore.com\/fr\/wp-json\/wp\/v2\/types\/product"}],"wp:featuredmedia":[{"embeddable":true,"href":"https:\/\/www.elettrowebstore.com\/fr\/wp-json\/wp\/v2\/media\/180313"}],"wp:attachment":[{"href":"https:\/\/www.elettrowebstore.com\/fr\/wp-json\/wp\/v2\/media?parent=180300"}],"wp:term":[{"taxonomy":"product_brand","embeddable":true,"href":"https:\/\/www.elettrowebstore.com\/fr\/wp-json\/wp\/v2\/product_brand?post=180300"},{"taxonomy":"product_cat","embeddable":true,"href":"https:\/\/www.elettrowebstore.com\/fr\/wp-json\/wp\/v2\/product_cat?post=180300"},{"taxonomy":"product_tag","embeddable":true,"href":"https:\/\/www.elettrowebstore.com\/fr\/wp-json\/wp\/v2\/product_tag?post=180300"}],"curies":[{"name":"wp","href":"https:\/\/api.w.org\/{rel}","templated":true}]}}