{"id":179450,"date":"2022-05-05T09:55:08","date_gmt":"2022-05-05T07:55:08","guid":{"rendered":"https:\/\/www.elettrowebstore.com\/?post_type=product&#038;p=179450"},"modified":"2025-04-16T15:17:09","modified_gmt":"2025-04-16T13:17:09","slug":"paini-dax-miscelatore-esterno-con-doccetta-per-vasca-da-bagno-84cr105r","status":"publish","type":"product","link":"https:\/\/www.elettrowebstore.com\/fr\/shop\/paini-dax-mitigeur-bain-apparent-avec-douchette-84cr105r\/","title":{"rendered":"Paini Dax mitigeur bain apparent avec douchette 84CR105R"},"content":{"rendered":"<div id=\"ds_div\">\n<h2><strong>Paini Dax mitigeur bain apparent avec douchette 84CR105R<\/strong><\/h2>\n<p>Paini Dax 84CR105R mitigeur de baignoire avec douchette en laiton, avec finition chrom\u00e9e et monolevier. Une douchette \u00e0 jet unique, un flexible de 150 cm, des excentriques et des rosaces pour le montage mural sont inclus.<\/p>\n<p>Ce mitigeur est \u00e9galement appel\u00e9 duplex, car il peut fonctionner soit avec de l'eau sortant du mitigeur, soit avec de l'eau dirig\u00e9e vers la douchette \u00e0 main, qui est incluse dans le prix. Gr\u00e2ce \u00e0 l'a\u00e9rateur, le mitigeur permet de r\u00e9guler le jet d'eau, \u00e9vitant ainsi le gaspillage d'eau.<\/p>\n<p>Son design est caract\u00e9ris\u00e9 par les lignes carr\u00e9es qui distinguent la gamme de m\u00e9langeurs Dax.<\/p>\n<p>La gamme comprend de nombreux mitigeurs de salle de bains pour lavabo, douche encastr\u00e9e et bidet, ainsi que pour les \u00e9viers de cuisine.<\/p>\n<p>La ligne Paini Dax peut \u00eatre command\u00e9e avec de nombreuses finitions sur demande. Par finition, nous entendons la couleur ext\u00e9rieure qui peut \u00eatre r\u00e9alis\u00e9e pendant la production.<\/p>\n<p><a href=\"https:\/\/www.elettrowebstore.com\/paini-rubinetteria\/\" target=\"_blank\" rel=\"noopener\"><strong>Visitez notre page produit Paini<\/strong><\/a> pour visualiser l'ensemble de la gamme.<\/p>\n<p>&nbsp;<\/p>\n<h2><strong>Sp\u00e9cifications techniques<\/strong><\/h2>\n<ul>\n<li><span class=\"fontstyle0\">Mitigeur de baignoire en laiton avec finition chrom\u00e9e<br \/>\n<\/span><\/li>\n<li><span class=\"fontstyle0\">Douchette \u00e0 main \u00e0 jet unique, support et flexible de 150 cm inclus<br \/>\n<\/span><\/li>\n<li>Levier unique avec poign\u00e9e ergonomique<\/li>\n<li>Barillet pivotant<\/li>\n<li>A\u00e9rateur, excentriques et rosettes pour montage mural inclus<\/li>\n<li>Connexions standard G1\/2\u2033.<\/li>\n<li><span class=\"fontstyle0\">Design \u00e9l\u00e9gant et essentiel<\/span><\/li>\n<li>Le m\u00e9langeur est fourni dans un kit de montage<\/li>\n<li>Pratique et fonctionnel<\/li>\n<li>Robuste et r\u00e9sistant<\/li>\n<li>Code produit : 84CR105R<\/li>\n<\/ul>\n<\/div>","protected":false},"excerpt":{"rendered":"<p><strong>Paini Dax mitigeur bain apparent avec douchette 84CR105R <\/strong>en laiton chrom\u00e9, compl\u00e8te et pr\u00eate \u00e0 l'emploi <span style=\"color: #ed1c24;\"><strong>Livraison gratuite incluse !<\/strong><\/span><\/p>","protected":false},"featured_media":179861,"template":"","meta":[],"product_brand":[],"product_cat":[19],"product_tag":[2474,334,900,894,1992,339,947,898,949,893,895,891,901,948],"class_list":{"0":"post-179450","1":"product","2":"type-product","3":"status-publish","4":"has-post-thumbnail","6":"product_cat-rubinetteria","7":"product_tag-84cr105r","8":"product_tag-arredo","9":"product_tag-bagno","10":"product_tag-cromato","11":"product_tag-dax","12":"product_tag-design","13":"product_tag-doccetta","14":"product_tag-doccia","15":"product_tag-flessibile","16":"product_tag-miscelatore","17":"product_tag-ottone","18":"product_tag-paini","19":"product_tag-rubinetteria","20":"product_tag-vasca","21":"product_shipping_class-pe10","23":"first","24":"instock","25":"taxable","26":"shipping-taxable","27":"purchasable","28":"product-type-simple"},"_links":{"self":[{"href":"https:\/\/www.elettrowebstore.com\/fr\/wp-json\/wp\/v2\/product\/179450","targetHints":{"allow":["GET"]}}],"collection":[{"href":"https:\/\/www.elettrowebstore.com\/fr\/wp-json\/wp\/v2\/product"}],"about":[{"href":"https:\/\/www.elettrowebstore.com\/fr\/wp-json\/wp\/v2\/types\/product"}],"wp:featuredmedia":[{"embeddable":true,"href":"https:\/\/www.elettrowebstore.com\/fr\/wp-json\/wp\/v2\/media\/179861"}],"wp:attachment":[{"href":"https:\/\/www.elettrowebstore.com\/fr\/wp-json\/wp\/v2\/media?parent=179450"}],"wp:term":[{"taxonomy":"product_brand","embeddable":true,"href":"https:\/\/www.elettrowebstore.com\/fr\/wp-json\/wp\/v2\/product_brand?post=179450"},{"taxonomy":"product_cat","embeddable":true,"href":"https:\/\/www.elettrowebstore.com\/fr\/wp-json\/wp\/v2\/product_cat?post=179450"},{"taxonomy":"product_tag","embeddable":true,"href":"https:\/\/www.elettrowebstore.com\/fr\/wp-json\/wp\/v2\/product_tag?post=179450"}],"curies":[{"name":"wp","href":"https:\/\/api.w.org\/{rel}","templated":true}]}}