{"id":179433,"date":"2022-05-05T09:45:40","date_gmt":"2022-05-05T07:45:40","guid":{"rendered":"https:\/\/www.elettrowebstore.com\/?post_type=product&#038;p=179433"},"modified":"2025-06-19T15:52:49","modified_gmt":"2025-06-19T13:52:49","slug":"paini-cox-miscelatore-incasso-doccia-nero-opaco-78yo691tc1","status":"publish","type":"product","link":"https:\/\/www.elettrowebstore.com\/fr\/shop\/paini-cox-mitigeur-de-douche-encastre-noir-mat-78yo691tc1\/","title":{"rendered":"Paini Cox mitigeur de douche encastr\u00e9 noir mat 78YO691TC1"},"content":{"rendered":"<h2><strong>Paini Cox mitigeur de douche encastr\u00e9 noir mat 78YO691TC1<\/strong><\/h2>\n<p>Paini Cox m\u00e9langeur encastr\u00e9 noir mat 78YO691TC1 est un m\u00e9langeur encastr\u00e9 \u00e0 deux sorties avec inverseur et bouton. Il est facile \u00e0 installer car tout ce dont vous avez besoin est contenu dans la bo\u00eete.<\/p>\n<p>Le mitigeur de douche encastr\u00e9 Paini Cox noir mat 78YO691TC1 est un mod\u00e8le de bonne qualit\u00e9, \u00e9l\u00e9gant et \u00e0 prix comp\u00e9titif, r\u00e9alis\u00e9 en laiton avec une finition noir mat.<\/p>\n<p>&nbsp;<\/p>\n<h2><strong>Description <\/strong><strong>Paini Cox mitigeur de douche encastr\u00e9 noir mat 78YO691TC1<\/strong><\/h2>\n<div class=\"pw-hidden-cp\">\n<p>Le mitigeur appartient \u00e0 la s\u00e9rie Cox du fabricant Paini, une ligne qui se caract\u00e9rise par un design classique et traditionnel. Cette ligne est choisie par ceux qui souhaitent un produit adapt\u00e9 \u00e0 chaque type de salle de bains, avec un design soign\u00e9 et standard.<\/p>\n<p>La gamme comprend de nombreux mitigeurs de salle de bains pour lavabo, douche encastr\u00e9e et bidet, ainsi que pour les \u00e9viers de cuisine.<\/p>\n<\/div>\n<p>&nbsp;<\/p>\n<h2><strong>Sp\u00e9cifications techniques<\/strong><\/h2>\n<ul>\n<li><span class=\"fontstyle0\">Mitigeur de douche encastr\u00e9 \u00e0 deux sorties<\/span><\/li>\n<li>Finition noire mate<\/li>\n<li><span class=\"fontstyle0\">Design \u00e9l\u00e9gant et essentiel<\/span><span class=\"fontstyle0\"><br \/>\n<\/span><\/li>\n<li>Connexions standard G1\/2\u2033.<\/li>\n<li>Le m\u00e9langeur est fourni dans un kit de montage<\/li>\n<li>Code 78YO691TC1<\/li>\n<\/ul>\n<p>&nbsp;<\/p>\n<p>&nbsp;<\/p>","protected":false},"excerpt":{"rendered":"<p>Paini Cox mitigeur douche encastr\u00e9 noir mat 78YO691TC1 laiton, 1\u20331\/4 vidange automatique, avec inverseur<\/p>\n<p><strong>Frais de port inclus !<\/strong><\/p>","protected":false},"featured_media":179976,"template":"","meta":[],"product_brand":[],"product_cat":[19],"product_tag":[2477,334,900,1942,339,898,899,893,2357,2029,895,891,901],"class_list":{"0":"post-179433","1":"product","2":"type-product","3":"status-publish","4":"has-post-thumbnail","6":"product_cat-rubinetteria","7":"product_tag-78yo691tc1","8":"product_tag-arredo","9":"product_tag-bagno","10":"product_tag-cox","11":"product_tag-design","12":"product_tag-doccia","13":"product_tag-leva","14":"product_tag-miscelatore","15":"product_tag-nero","16":"product_tag-nero-opaco","17":"product_tag-ottone","18":"product_tag-paini","19":"product_tag-rubinetteria","20":"product_shipping_class-pe","22":"first","23":"instock","24":"taxable","25":"shipping-taxable","26":"purchasable","27":"product-type-simple"},"_links":{"self":[{"href":"https:\/\/www.elettrowebstore.com\/fr\/wp-json\/wp\/v2\/product\/179433","targetHints":{"allow":["GET"]}}],"collection":[{"href":"https:\/\/www.elettrowebstore.com\/fr\/wp-json\/wp\/v2\/product"}],"about":[{"href":"https:\/\/www.elettrowebstore.com\/fr\/wp-json\/wp\/v2\/types\/product"}],"wp:featuredmedia":[{"embeddable":true,"href":"https:\/\/www.elettrowebstore.com\/fr\/wp-json\/wp\/v2\/media\/179976"}],"wp:attachment":[{"href":"https:\/\/www.elettrowebstore.com\/fr\/wp-json\/wp\/v2\/media?parent=179433"}],"wp:term":[{"taxonomy":"product_brand","embeddable":true,"href":"https:\/\/www.elettrowebstore.com\/fr\/wp-json\/wp\/v2\/product_brand?post=179433"},{"taxonomy":"product_cat","embeddable":true,"href":"https:\/\/www.elettrowebstore.com\/fr\/wp-json\/wp\/v2\/product_cat?post=179433"},{"taxonomy":"product_tag","embeddable":true,"href":"https:\/\/www.elettrowebstore.com\/fr\/wp-json\/wp\/v2\/product_tag?post=179433"}],"curies":[{"name":"wp","href":"https:\/\/api.w.org\/{rel}","templated":true}]}}