{"id":179262,"date":"2022-05-04T16:35:03","date_gmt":"2022-05-04T14:35:03","guid":{"rendered":"https:\/\/www.elettrowebstore.com\/?post_type=product&#038;p=179262"},"modified":"2025-06-19T16:05:21","modified_gmt":"2025-06-19T14:05:21","slug":"paini-cox-miscelatore-tipo-alto-per-lavabo-cromato-78cr211ollsr","status":"publish","type":"product","link":"https:\/\/www.elettrowebstore.com\/fr\/shop\/paini-cox-high-basin-mixer-chrome-type-78cr211ollsr\/","title":{"rendered":"Paini Cox mitigeur lavabo haut type chrome 78CR211OLLSR"},"content":{"rendered":"<h2><strong>Paini Cox mitigeur lavabo haut type chrome 78CR211OLLSR <\/strong><\/h2>\n<p>Paini Cox mitigeur haut pour lavabo chrome 78CR211OLLSR se distingue par son design traditionnel et classique. La ligne Cox est l'une des productions historiques de Paini, avec un design \u00e0 la fois d\u00e9taill\u00e9 et tr\u00e8s classique. C'est \u00e9galement l'une des lignes disponibles en plusieurs finitions (sur demande).<\/p>\n<p>Le m\u00e9langeur est en laiton, avec <strong>finition chrom\u00e9e <\/strong>et un levier unique. Une sortie click-clac de 1 \u00bc pouce est incluse.<\/p>\n<p>&nbsp;<\/p>\n<p>&nbsp;<\/p>\n<h2><strong>Description Paini Cox mitigeur lavabo haut chrom\u00e9 type 78CR211OLLSR<br \/>\n<\/strong><\/h2>\n<p><strong>Paini Cox mitigeur lavabo haut type chrome 78CR211OLLSR<\/strong> est en laiton, avec <strong>finition chrom\u00e9e <\/strong>et un levier unique avec une poign\u00e9e design.<\/p>\n<div class=\"pw-hidden-cp\">\n<p>Le mitigeur appartient \u00e0 la s\u00e9rie Cox du fabricant Paini, une ligne qui se caract\u00e9rise par un design classique et traditionnel. Cette ligne est choisie par ceux qui souhaitent un produit adapt\u00e9 \u00e0 chaque type de salle de bains, avec un design soign\u00e9 et standard.<\/p>\n<p>La gamme comprend de nombreux mitigeurs de salle de bains pour lavabo, douche encastr\u00e9e et bidet, ainsi que pour les \u00e9viers de cuisine.<\/p>\n<\/div>\n<p>&nbsp;<\/p>\n<p>&nbsp;<\/p>\n<p>&nbsp;<\/p>\n<h2><strong>Sp\u00e9cifications techniques<\/strong><\/h2>\n<ul>\n<li><span class=\"fontstyle0\">Mitigeur de salle de bains pour lavabo en laiton, avec finition chrom\u00e9e<br \/>\n<\/span><\/li>\n<li>Levier unique avec poign\u00e9e ergonomique<\/li>\n<li>A\u00e9rateur avec joint<\/li>\n<li>1 \u00bc pouce sortie click-clac<\/li>\n<li><span class=\"fontstyle0\">Design \u00e9l\u00e9gant et essentiel<\/span><\/li>\n<li>Le m\u00e9langeur est fourni dans un kit de montage<\/li>\n<li>Dimensions : selon la fiche technique<\/li>\n<li>Pratique et fonctionnel<\/li>\n<li>Robuste et r\u00e9sistant<\/li>\n<li>Code 78CR211OLLSR<\/li>\n<\/ul>\n<p>&nbsp;<\/p>\n<p>&nbsp;<\/p>","protected":false},"excerpt":{"rendered":"<p><span style=\"color: #ff0000;\"><span style=\"color: #000000;\">Paini Cox mitigeur lavabo haut chrom\u00e9 type 78CR211OLLSR. Des finitions dans d'autres couleurs sont \u00e9galement disponibles sur demande. <\/span><strong>Livraison gratuite en Italie !<\/strong><\/span><\/p>","protected":false},"featured_media":179822,"template":"","meta":[],"product_brand":[],"product_cat":[19],"product_tag":[2471,334,900,2098,1942,894,339,938,899,893,896,895,891,931,901,2096],"class_list":{"0":"post-179262","1":"product","2":"type-product","3":"status-publish","4":"has-post-thumbnail","6":"product_cat-rubinetteria","7":"product_tag-78cr211ollsr","8":"product_tag-arredo","9":"product_tag-bagno","10":"product_tag-clic-clac","11":"product_tag-cox","12":"product_tag-cromato","13":"product_tag-design","14":"product_tag-lavabo","15":"product_tag-leva","16":"product_tag-miscelatore","17":"product_tag-monocomando","18":"product_tag-ottone","19":"product_tag-paini","20":"product_tag-piletta","21":"product_tag-rubinetteria","22":"product_tag-tipo-alto","23":"product_shipping_class-pe","25":"first","26":"instock","27":"taxable","28":"shipping-taxable","29":"purchasable","30":"product-type-simple"},"_links":{"self":[{"href":"https:\/\/www.elettrowebstore.com\/fr\/wp-json\/wp\/v2\/product\/179262","targetHints":{"allow":["GET"]}}],"collection":[{"href":"https:\/\/www.elettrowebstore.com\/fr\/wp-json\/wp\/v2\/product"}],"about":[{"href":"https:\/\/www.elettrowebstore.com\/fr\/wp-json\/wp\/v2\/types\/product"}],"wp:featuredmedia":[{"embeddable":true,"href":"https:\/\/www.elettrowebstore.com\/fr\/wp-json\/wp\/v2\/media\/179822"}],"wp:attachment":[{"href":"https:\/\/www.elettrowebstore.com\/fr\/wp-json\/wp\/v2\/media?parent=179262"}],"wp:term":[{"taxonomy":"product_brand","embeddable":true,"href":"https:\/\/www.elettrowebstore.com\/fr\/wp-json\/wp\/v2\/product_brand?post=179262"},{"taxonomy":"product_cat","embeddable":true,"href":"https:\/\/www.elettrowebstore.com\/fr\/wp-json\/wp\/v2\/product_cat?post=179262"},{"taxonomy":"product_tag","embeddable":true,"href":"https:\/\/www.elettrowebstore.com\/fr\/wp-json\/wp\/v2\/product_tag?post=179262"}],"curies":[{"name":"wp","href":"https:\/\/api.w.org\/{rel}","templated":true}]}}