{"id":177246,"date":"2022-04-22T11:26:46","date_gmt":"2022-04-22T09:26:46","guid":{"rendered":"https:\/\/www.elettrowebstore.com\/?post_type=product&#038;p=177246"},"modified":"2023-02-10T17:54:22","modified_gmt":"2023-02-10T16:54:22","slug":"ombrellone-florida-3-x-3-mt-con-palo-laterale-bianco-e5011b","status":"publish","type":"product","link":"https:\/\/www.elettrowebstore.com\/fr\/shop\/parasol-florida-3-x-3-m-avec-poteau-lateral-blanc-e5011b\/","title":{"rendered":"Pare-soleil Florida 3 x 3 m avec m\u00e2t lat\u00e9ral blanc E5011B"},"content":{"rendered":"<h2><strong>Pare-soleil Florida 3 x 3 m avec m\u00e2t lat\u00e9ral blanc E5011B<\/strong><\/h2>\n<p>Le nouveau Parapluie Florida 3 x 3 m avec m\u00e2t lat\u00e9ral blanc E5011B est une solution id\u00e9ale pour le mobilier d'ext\u00e9rieur ; il peut \u00eatre plac\u00e9 dans le jardin ou au bord de la piscine, par exemple. Sa structure en aluminium solide est compos\u00e9e d'un <strong>poste secondaire<\/strong> avec base en croix et 8 tiges. Le m\u00e9canisme d'ouverture est orientable. La housse du parasol est fabriqu\u00e9e en polyester blanc de 180 g.<\/p>\n<p>Ce parasol rendra votre espace ext\u00e9rieur unique, avec go\u00fbt et sophistication !<\/p>\n<p><strong>ATTENTION : LES CARREAUX DE BASE VISIBLES SUR LA PHOTO NE SONT PAS INCLUS DANS LE PAQUET DE VENTE. ELLES DOIVENT \u00caTRE ACHET\u00c9ES S\u00c9PAR\u00c9MENT !<\/strong><\/p>\n<p><img loading=\"lazy\" decoding=\"async\" class=\"size-full wp-image-177253 aligncenter\" src=\"https:\/\/res.cloudinary.com\/dl3yepmtd\/images\/v1650621733\/MOIE5011B\/ombrellone-florida-3x3-con-palo-laterale-bianco-E5011B-1\/ombrellone-florida-3x3-con-palo-laterale-bianco-E5011B-1.jpg\" alt=\"Pare-soleil Florida 3 x 3 m avec m\u00e2t lat\u00e9ral blanc E5011B\" width=\"600\" height=\"600\" srcset=\"https:\/\/www.elettrowebstore.com\/EWS_Store\/wp-content\/uploads\/ombrellone-florida-3x3-con-palo-laterale-bianco-E5011B-1.jpg 600w, https:\/\/www.elettrowebstore.com\/EWS_Store\/wp-content\/uploads\/ombrellone-florida-3x3-con-palo-laterale-bianco-E5011B-1-200x200.jpg 200w, https:\/\/www.elettrowebstore.com\/EWS_Store\/wp-content\/uploads\/ombrellone-florida-3x3-con-palo-laterale-bianco-E5011B-1-100x100.jpg 100w\" sizes=\"auto, (max-width: 600px) 100vw, 600px\" \/><\/p>\n<p>&nbsp;<\/p>\n<h2><strong>Description Pare-soleil Florida 3 x 3 m avec m\u00e2t lat\u00e9ral blanc E5011B<\/strong><\/h2>\n<p>L' <strong>Pare-soleil Florida 3 x 3 m avec m\u00e2t lat\u00e9ral blanc E5011B<\/strong> a une structure solide compos\u00e9e d'un <strong>montant lat\u00e9ral en aluminium <\/strong>blanc 45\u00d765 mm avec 8 b\u00e2tonnets.<\/p>\n<p>La structure en aluminium pr\u00e9sente plusieurs avantages : elle est plus l\u00e9g\u00e8re, mais elle r\u00e9siste aux intemp\u00e9ries et ne n\u00e9cessite pas beaucoup d'entretien.<\/p>\n<p>Le parasol E5011B est \u00e9quip\u00e9 d'un volant et d'un pare-vent.<\/p>\n<p>La <strong>couverture <\/strong>de 180 gr<strong>.<\/strong> offre une excellente protection contre les rayons du soleil et est de couleur blanche.<\/p>\n<p>Un parasol avec un m\u00e2t lat\u00e9ral convient aux jardins plus spacieux que les parasols avec un m\u00e2t central. Ces derniers conviennent aux espaces plus restreints, comme une terrasse. En outre, le m\u00e2t d\u00e9centr\u00e9 est recommand\u00e9 pour les zones plus venteuses, car le support maintient la structure de l'ext\u00e9rieur.<\/p>\n<p>&nbsp;<\/p>\n<h2><strong>Sp\u00e9cifications techniques<\/strong><\/h2>\n<ul>\n<li><span class=\"fontstyle0\">Parasol m. 3\u00d73<br \/>\n<\/span><\/li>\n<li>Perche lat\u00e9rale 45\u00d765 mm en aluminium blanc avec manivelle<\/li>\n<li>Couverture en polyester blanc de 180 g<\/li>\n<li>8 b\u00e2tonnets 12\u00d722 mm<\/li>\n<li>Avec volant et pare-brise<\/li>\n<li>Hauteur maximale avec la base 2,63 m\u00e8tres<\/li>\n<li>Socle transversal <strong>les tuiles ne sont pas incluses<\/strong><\/li>\n<li>Emballage : 1 paquet<\/li>\n<li>Robuste et r\u00e9sistant<\/li>\n<li>Fabriqu\u00e9 en Chine<\/li>\n<\/ul>\n<h2><\/h2>\n<h2><strong>Garantie<\/strong><\/h2>\n<p>Le parasol Florida 3 x 3 m avec m\u00e2t lat\u00e9ral blanc E5011B est couvert par <a href=\"https:\/\/www.elettrowebstore.com\/due-anni-di-garanzia-su-ogni-prodotto-acquistato\/\"><strong>garantie l\u00e9gale<\/strong><\/a>selon la page correspondante de notre site web, que nous vous invitons \u00e0 lire. Nous fournissons \u00e9galement des informations claires sur l'exercice du droit d'auteur. <a href=\"https:\/\/www.elettrowebstore.com\/diritto-di-recesso-restituzione-prodotti\/\"><strong>droit de r\u00e9tractation<\/strong><\/a>.<\/p>\n<p>Il n'existe pas de Centres d'Assistance Technique Agr\u00e9\u00e9s (CAT) sur le territoire national pour les produits de mobilier de jardin. L'installation des produits et des pi\u00e8ces d\u00e9tach\u00e9es rel\u00e8ve de la seule responsabilit\u00e9 de l'acheteur.<\/p>\n<p><strong>Les produits d'ameublement d'ext\u00e9rieur, bien que con\u00e7us pour \u00eatre utilis\u00e9s \u00e0 l'ext\u00e9rieur, n\u00e9cessitent \u00e9galement des soins et de l'attention.<\/strong>surtout lorsqu'il s'agit d'articles fabriqu\u00e9s dans des mat\u00e9riaux d\u00e9licats. Par cons\u00e9quent, l'achat d'un produit de jardin ne signifie pas l'achat d'un article indestructible ou sans entretien. Au contraire, certains mat\u00e9riaux tels que le bois, les r\u00e9sines, l'acier non galvanis\u00e9 n\u00e9cessitent un entretien, un nettoyage, une attention particuli\u00e8re. Les articles tels que les parasols et les gloriettes n\u00e9cessitent d'\u00e9viter l'effet de voile par mauvais temps (les parasols doivent \u00eatre ferm\u00e9s). En cas de fortes pluies ou de neige, les structures peuvent ne pas \u00eatre assez solides pour y r\u00e9sister.<\/p>\n<p>Par cons\u00e9quent, avant d'acheter, nous conseillons vivement \u00e0 tous les clients d'\u00e9valuer soigneusement leurs besoins et les qualit\u00e9s du produit.<\/p>\n<p>En effet, ni les fabricants ni ElettroWebStore ne peuvent remplacer sous garantie ou service des articles qui, bien qu'achet\u00e9s r\u00e9cemment, sont us\u00e9s ou se sont d\u00e9t\u00e9rior\u00e9s par rapport \u00e0 leur \u00e9tat d'origine.<\/p>\n<p>De plus amples informations sur la l\u00e9gislation applicable sont disponibles sur le site web de l'Agence europ\u00e9enne des droits fondamentaux.<a href=\"http:\/\/www.agcm.it\/consumatore\/decalogo\/5102-garanzia-del-venditore-guida-per-il-consumatore.html\"><strong>Autorit\u00e9 de la concurrence et du march\u00e9<\/strong><\/a>.<\/p>\n<p>Afin d'am\u00e9liorer la qualit\u00e9 des produits, le fabricant se r\u00e9serve le droit de modifier les mat\u00e9riaux et les caract\u00e9ristiques techniques de l'article sans pr\u00e9avis.  En outre, les descriptions et les images donn\u00e9es ici sont donc indicatives et peuvent varier l\u00e9g\u00e8rement par rapport au produit final.<\/p>\n<p>&nbsp;<\/p>\n<h2><strong>D\u00e9lai de livraison et disponibilit\u00e9 des produits<br \/>\n<\/strong><\/h2>\n<p>Les produits de mobilier d'ext\u00e9rieur sont import\u00e9s. Leur disponibilit\u00e9 peut varier sans pr\u00e9avis, m\u00eame si le site Internet indique que les produits sont disponibles. C'est pourquoi, en cas d'urgence ou d'informations plus d\u00e9taill\u00e9es, nous vous invitons \u00e0 <a href=\"https:\/\/www.elettrowebstore.com\/contatta-lo-staff-di-elettrowebstore\/\"><strong>nous contacter par e-mail<\/strong><\/a> pour plus de pr\u00e9cisions.<\/p>\n<p>Si le produit est disponible pour une livraison imm\u00e9diate dans l'un de nos entrep\u00f4ts, il peut \u00eatre command\u00e9 imm\u00e9diatement. Il est alors exp\u00e9di\u00e9 depuis ElettroWebStore.<strong> dans les 10 jours ouvrables suivant la date d'achat<\/strong>.<\/p>\n<p>En outre, tous les envois d'ElettroWebStore sont exempts de frais de transport !<\/p>\n<p>Outre les transporteurs mentionn\u00e9s ci-dessous, ElettroWebStore fait \u00e9galement appel \u00e0 d'autres transitaires nationaux disposant de correspondants locaux pour l'exp\u00e9dition d'articles volumineux. Ces derniers sont g\u00e9n\u00e9ralement sp\u00e9cialis\u00e9s dans l'exp\u00e9dition et la livraison d'articles volumineux car ils disposent de correspondants locaux sp\u00e9cifiques sur le territoire national.<\/p>\n<p>Nous vous rappelons que :<\/p>\n<ol>\n<li>les marchandises sont livr\u00e9es au rez-de-chauss\u00e9e, face \u00e0 la rue. Il n'y a pas de livraison \u00e0 l'\u00e9tage sauf accord sp\u00e9cifique avec ElettroWebStore ;<\/li>\n<li>Compte tenu du volume de nombreux articles de mobilier d'ext\u00e9rieur, il est toujours bon d'\u00e9valuer soigneusement les colis avant de les d\u00e9charger, en notant sur le document de transport ou sur le terminal du transporteur les \u00e9ventuels d\u00e9fauts ext\u00e9rieurs du produit.<\/li>\n<\/ol>\n<p><img loading=\"lazy\" decoding=\"async\" class=\"aligncenter size-full wp-image-41372\" src=\"https:\/\/www.elettrowebstore.com\/EWS_Store\/wp-content\/uploads\/.\/elettrowebstore-spedizione-con-corrieri-brt-sda-dhl-nexive-ld.jpg\" alt=\"Voici les transporteurs avec lesquels ElettroWebStore.com exp\u00e9die ses produits\" width=\"800\" height=\"189\" srcset=\"https:\/\/www.elettrowebstore.com\/EWS_Store\/wp-content\/uploads\/elettrowebstore-spedizione-con-corrieri-brt-sda-dhl-nexive-ld.jpg 800w, https:\/\/www.elettrowebstore.com\/EWS_Store\/wp-content\/uploads\/elettrowebstore-spedizione-con-corrieri-brt-sda-dhl-nexive-ld-600x142.jpg 600w, https:\/\/www.elettrowebstore.com\/EWS_Store\/wp-content\/uploads\/elettrowebstore-spedizione-con-corrieri-brt-sda-dhl-nexive-ld-768x181.jpg 768w\" sizes=\"auto, (max-width: 800px) 100vw, 800px\" \/><\/p>\n<p>&nbsp;<\/p>\n<h2><strong>Modes de paiement accept\u00e9s<\/strong><\/h2>\n<p><strong>Sur le site d'ElettroWebStore, vous pouvez payer avec toutes les m\u00e9thodes courantes<\/strong>\u00e0 la fois sp\u00e9cifiques \u00e0 Internet (telles que les cartes pr\u00e9pay\u00e9es) et traditionnelles (telles que les cartes de cr\u00e9dit classiques).<\/p>\n<p><img loading=\"lazy\" decoding=\"async\" class=\"aligncenter size-full wp-image-41371\" src=\"https:\/\/www.elettrowebstore.com\/EWS_Store\/wp-content\/uploads\/.\/elettrowebstore-pagamenti-accettati-ld.jpg\" alt=\"Voici les m\u00e9thodes de paiement accept\u00e9es par ElettroWebStore.com\" width=\"800\" height=\"199\" srcset=\"https:\/\/www.elettrowebstore.com\/EWS_Store\/wp-content\/uploads\/elettrowebstore-pagamenti-accettati-ld.jpg 800w, https:\/\/www.elettrowebstore.com\/EWS_Store\/wp-content\/uploads\/elettrowebstore-pagamenti-accettati-ld-600x149.jpg 600w, https:\/\/www.elettrowebstore.com\/EWS_Store\/wp-content\/uploads\/elettrowebstore-pagamenti-accettati-ld-768x191.jpg 768w\" sizes=\"auto, (max-width: 800px) 100vw, 800px\" \/><\/p>\n<p>Tous les paiements sont effectu\u00e9s par l'interm\u00e9diaire du <a href=\"https:\/\/www.paypal.com\/it\/webapps\/mpp\/paypal-safety-and-security\"><strong>Paypal<\/strong><\/a>. De plus, m\u00eame si vous n'avez pas Paypal, vous pouvez toujours payer sans vous inscrire et sans enregistrer vos donn\u00e9es d'identification. Il vous suffit d'entrer vos coordonn\u00e9es dans les pages Paypal.<\/p>\n<p>En aucun cas <a href=\"http:\/\/www.elettrowebstore.com\"><strong>ElettroWebStore<\/strong><\/a> g\u00e9rer les donn\u00e9es de votre carte de paiement ou en prendre connaissance. En effet, les <a href=\"http:\/\/www.elettrowebstore.com\"><strong>ElettroWebStore<\/strong><\/a> ne verra que si le paiement a \u00e9t\u00e9 effectu\u00e9 ou non !<\/p>\n<p>Notre site utilise les protocoles HTTPS, qui garantissent des normes de s\u00e9curit\u00e9 \u00e9lev\u00e9es pour les utilisateurs !<\/p>","protected":false},"excerpt":{"rendered":"<p>Parasol Florida 3 x 3 m avec m\u00e2t lat\u00e9ral blanc E5011B, m\u00e2t en aluminium blanc, avec manivelle, housse en polyester 180 g.<\/p>","protected":false},"featured_media":177253,"template":"","meta":[],"product_brand":[],"product_cat":[18],"product_tag":[177,882,334,666,788,2443,335,338,832,1637,818,2309],"class_list":{"0":"post-177246","1":"product","2":"type-product","3":"status-publish","4":"has-post-thumbnail","6":"product_cat-arredo_giardino_esterno_outdoor","7":"product_tag-3x3","8":"product_tag-arredamento","9":"product_tag-arredo","10":"product_tag-bianco","11":"product_tag-copertura","12":"product_tag-e5011b","13":"product_tag-esterno","14":"product_tag-giardino","15":"product_tag-manovella","16":"product_tag-ombrellone","17":"product_tag-outdoor","18":"product_tag-palo-laterale","19":"product_shipping_class-garden","21":"first","22":"instock","23":"taxable","24":"shipping-taxable","25":"purchasable","26":"product-type-simple"},"yoast_head":"<!-- This site is optimized with the Yoast SEO plugin v27.4 - https:\/\/yoast.com\/product\/yoast-seo-wordpress\/ -->\n<title>Ombrellone Florida 3 x 3 mt. con palo laterale bianco E5011B - ElettroWebStore<\/title>\n<meta name=\"description\" content=\"Ombrellone Florida 3 x 3 mt. con palo laterale bianco E5011B,fusto in alluminio bianco, con manovella, copertura poliestere 180 gr.\" \/>\n<meta name=\"robots\" content=\"index, follow, max-snippet:-1, max-image-preview:large, max-video-preview:-1\" \/>\n<link rel=\"canonical\" href=\"https:\/\/www.elettrowebstore.com\/fr\/shop\/parasol-florida-3-x-3-m-avec-poteau-lateral-blanc-e5011b\/\" \/>\n<meta property=\"og:locale\" content=\"fr_FR\" \/>\n<meta property=\"og:type\" content=\"article\" \/>\n<meta property=\"og:title\" content=\"Ombrellone Florida 3 x 3 mt. con palo laterale bianco E5011B - ElettroWebStore\" \/>\n<meta property=\"og:description\" content=\"Ombrellone Florida 3 x 3 mt. con palo laterale bianco E5011B,fusto in alluminio bianco, con manovella, copertura poliestere 180 gr.\" \/>\n<meta property=\"og:url\" content=\"https:\/\/www.elettrowebstore.com\/fr\/shop\/parasol-florida-3-x-3-m-avec-poteau-lateral-blanc-e5011b\/\" \/>\n<meta property=\"og:site_name\" content=\"ElettroWebStore\" \/>\n<meta property=\"article:modified_time\" content=\"2023-02-10T16:54:22+00:00\" \/>\n<meta property=\"og:image\" content=\"https:\/\/res.cloudinary.com\/dl3yepmtd\/images\/v1650621733\/MOIE5011B\/ombrellone-florida-3x3-con-palo-laterale-bianco-E5011B-1\/ombrellone-florida-3x3-con-palo-laterale-bianco-E5011B-1.jpg\" \/>\n\t<meta property=\"og:image:width\" content=\"600\" \/>\n\t<meta property=\"og:image:height\" content=\"600\" \/>\n\t<meta property=\"og:image:type\" content=\"image\/jpeg\" \/>\n<meta name=\"twitter:card\" content=\"summary_large_image\" \/>\n<meta name=\"twitter:label1\" content=\"Dur\u00e9e de lecture estim\u00e9e\" \/>\n\t<meta name=\"twitter:data1\" content=\"4 minutes\" \/>\n<script type=\"application\/ld+json\" class=\"yoast-schema-graph\">{\"@context\":\"https:\\\/\\\/schema.org\",\"@graph\":[{\"@type\":\"WebPage\",\"@id\":\"https:\\\/\\\/www.elettrowebstore.com\\\/shop\\\/ombrellone-florida-3-x-3-mt-con-palo-laterale-bianco-e5011b\\\/\",\"url\":\"https:\\\/\\\/www.elettrowebstore.com\\\/shop\\\/ombrellone-florida-3-x-3-mt-con-palo-laterale-bianco-e5011b\\\/\",\"name\":\"Ombrellone Florida 3 x 3 mt. con palo laterale bianco E5011B - ElettroWebStore\",\"isPartOf\":{\"@id\":\"https:\\\/\\\/www.elettrowebstore.com\\\/#website\"},\"primaryImageOfPage\":{\"@id\":\"https:\\\/\\\/www.elettrowebstore.com\\\/shop\\\/ombrellone-florida-3-x-3-mt-con-palo-laterale-bianco-e5011b\\\/#primaryimage\"},\"image\":{\"@id\":\"https:\\\/\\\/www.elettrowebstore.com\\\/shop\\\/ombrellone-florida-3-x-3-mt-con-palo-laterale-bianco-e5011b\\\/#primaryimage\"},\"thumbnailUrl\":\"https:\\\/\\\/www.elettrowebstore.com\\\/EWS_Store\\\/wp-content\\\/uploads\\\/ombrellone-florida-3x3-con-palo-laterale-bianco-E5011B-1.jpg\",\"datePublished\":\"2022-04-22T09:26:46+00:00\",\"dateModified\":\"2023-02-10T16:54:22+00:00\",\"description\":\"Ombrellone Florida 3 x 3 mt. con palo laterale bianco E5011B,fusto in alluminio bianco, con manovella, copertura poliestere 180 gr.\",\"breadcrumb\":{\"@id\":\"https:\\\/\\\/www.elettrowebstore.com\\\/shop\\\/ombrellone-florida-3-x-3-mt-con-palo-laterale-bianco-e5011b\\\/#breadcrumb\"},\"inLanguage\":\"fr-FR\",\"potentialAction\":[{\"@type\":\"ReadAction\",\"target\":[\"https:\\\/\\\/www.elettrowebstore.com\\\/shop\\\/ombrellone-florida-3-x-3-mt-con-palo-laterale-bianco-e5011b\\\/\"]}]},{\"@type\":\"ImageObject\",\"inLanguage\":\"fr-FR\",\"@id\":\"https:\\\/\\\/www.elettrowebstore.com\\\/shop\\\/ombrellone-florida-3-x-3-mt-con-palo-laterale-bianco-e5011b\\\/#primaryimage\",\"url\":\"https:\\\/\\\/www.elettrowebstore.com\\\/EWS_Store\\\/wp-content\\\/uploads\\\/ombrellone-florida-3x3-con-palo-laterale-bianco-E5011B-1.jpg\",\"contentUrl\":\"https:\\\/\\\/www.elettrowebstore.com\\\/EWS_Store\\\/wp-content\\\/uploads\\\/ombrellone-florida-3x3-con-palo-laterale-bianco-E5011B-1.jpg\",\"width\":600,\"height\":600,\"caption\":\"Ombrellone Florida 3 x 3 mt. con palo laterale bianco E5011B\"},{\"@type\":\"BreadcrumbList\",\"@id\":\"https:\\\/\\\/www.elettrowebstore.com\\\/shop\\\/ombrellone-florida-3-x-3-mt-con-palo-laterale-bianco-e5011b\\\/#breadcrumb\",\"itemListElement\":[{\"@type\":\"ListItem\",\"position\":1,\"name\":\"Home\",\"item\":\"https:\\\/\\\/www.elettrowebstore.com\\\/\"},{\"@type\":\"ListItem\",\"position\":2,\"name\":\"Shop\",\"item\":\"https:\\\/\\\/www.elettrowebstore.com\\\/shop\\\/\"},{\"@type\":\"ListItem\",\"position\":3,\"name\":\"Arredo giardino, esterno e outdoor\",\"item\":\"https:\\\/\\\/www.elettrowebstore.com\\\/categoria-prodotto\\\/arredo_giardino_esterno_outdoor\\\/\"},{\"@type\":\"ListItem\",\"position\":4,\"name\":\"Ombrellone Florida 3 x 3 mt. con palo laterale bianco E5011B\"}]},{\"@type\":\"WebSite\",\"@id\":\"https:\\\/\\\/www.elettrowebstore.com\\\/#website\",\"url\":\"https:\\\/\\\/www.elettrowebstore.com\\\/\",\"name\":\"ElettroWebStore\",\"description\":\"Casalinghi buste sottovuoto ferramenta articoli giardino elettrodomestici\",\"publisher\":{\"@id\":\"https:\\\/\\\/www.elettrowebstore.com\\\/#organization\"},\"potentialAction\":[{\"@type\":\"SearchAction\",\"target\":{\"@type\":\"EntryPoint\",\"urlTemplate\":\"https:\\\/\\\/www.elettrowebstore.com\\\/?s={search_term_string}\"},\"query-input\":{\"@type\":\"PropertyValueSpecification\",\"valueRequired\":true,\"valueName\":\"search_term_string\"}}],\"inLanguage\":\"fr-FR\"},{\"@type\":\"Organization\",\"@id\":\"https:\\\/\\\/www.elettrowebstore.com\\\/#organization\",\"name\":\"ElettroWebStore - ELCA S.r.l.\",\"url\":\"https:\\\/\\\/www.elettrowebstore.com\\\/\",\"logo\":{\"@type\":\"ImageObject\",\"inLanguage\":\"fr-FR\",\"@id\":\"https:\\\/\\\/www.elettrowebstore.com\\\/#\\\/schema\\\/logo\\\/image\\\/\",\"url\":\"\",\"contentUrl\":\"\",\"caption\":\"ElettroWebStore - ELCA S.r.l.\"},\"image\":{\"@id\":\"https:\\\/\\\/www.elettrowebstore.com\\\/#\\\/schema\\\/logo\\\/image\\\/\"}}]}<\/script>\n<!-- \/ Yoast SEO plugin. -->","yoast_head_json":{"title":"Pare-soleil Florida 3 x 3 m avec poteau lat\u00e9ral blanc E5011B - ElettroWebStore","description":"Parasol Florida 3 x 3 m avec m\u00e2t lat\u00e9ral blanc E5011B, m\u00e2t en aluminium blanc, avec manivelle, housse en polyester 180 g.","robots":{"index":"index","follow":"follow","max-snippet":"max-snippet:-1","max-image-preview":"max-image-preview:large","max-video-preview":"max-video-preview:-1"},"canonical":"https:\/\/www.elettrowebstore.com\/fr\/shop\/parasol-florida-3-x-3-m-avec-poteau-lateral-blanc-e5011b\/","og_locale":"fr_FR","og_type":"article","og_title":"Ombrellone Florida 3 x 3 mt. con palo laterale bianco E5011B - ElettroWebStore","og_description":"Ombrellone Florida 3 x 3 mt. con palo laterale bianco E5011B,fusto in alluminio bianco, con manovella, copertura poliestere 180 gr.","og_url":"https:\/\/www.elettrowebstore.com\/fr\/shop\/parasol-florida-3-x-3-m-avec-poteau-lateral-blanc-e5011b\/","og_site_name":"ElettroWebStore","article_modified_time":"2023-02-10T16:54:22+00:00","og_image":[{"width":600,"height":600,"url":"https:\/\/res.cloudinary.com\/dl3yepmtd\/images\/v1650621733\/MOIE5011B\/ombrellone-florida-3x3-con-palo-laterale-bianco-E5011B-1\/ombrellone-florida-3x3-con-palo-laterale-bianco-E5011B-1.jpg","type":"image\/jpeg"}],"twitter_card":"summary_large_image","twitter_misc":{"Dur\u00e9e de lecture estim\u00e9e":"4 minutes"},"schema":{"@context":"https:\/\/schema.org","@graph":[{"@type":"WebPage","@id":"https:\/\/www.elettrowebstore.com\/shop\/ombrellone-florida-3-x-3-mt-con-palo-laterale-bianco-e5011b\/","url":"https:\/\/www.elettrowebstore.com\/shop\/ombrellone-florida-3-x-3-mt-con-palo-laterale-bianco-e5011b\/","name":"Pare-soleil Florida 3 x 3 m avec poteau lat\u00e9ral blanc E5011B - ElettroWebStore","isPartOf":{"@id":"https:\/\/www.elettrowebstore.com\/#website"},"primaryImageOfPage":{"@id":"https:\/\/www.elettrowebstore.com\/shop\/ombrellone-florida-3-x-3-mt-con-palo-laterale-bianco-e5011b\/#primaryimage"},"image":{"@id":"https:\/\/www.elettrowebstore.com\/shop\/ombrellone-florida-3-x-3-mt-con-palo-laterale-bianco-e5011b\/#primaryimage"},"thumbnailUrl":"https:\/\/www.elettrowebstore.com\/EWS_Store\/wp-content\/uploads\/ombrellone-florida-3x3-con-palo-laterale-bianco-E5011B-1.jpg","datePublished":"2022-04-22T09:26:46+00:00","dateModified":"2023-02-10T16:54:22+00:00","description":"Parasol Florida 3 x 3 m avec m\u00e2t lat\u00e9ral blanc E5011B, m\u00e2t en aluminium blanc, avec manivelle, housse en polyester 180 g.","breadcrumb":{"@id":"https:\/\/www.elettrowebstore.com\/shop\/ombrellone-florida-3-x-3-mt-con-palo-laterale-bianco-e5011b\/#breadcrumb"},"inLanguage":"fr-FR","potentialAction":[{"@type":"ReadAction","target":["https:\/\/www.elettrowebstore.com\/shop\/ombrellone-florida-3-x-3-mt-con-palo-laterale-bianco-e5011b\/"]}]},{"@type":"ImageObject","inLanguage":"fr-FR","@id":"https:\/\/www.elettrowebstore.com\/shop\/ombrellone-florida-3-x-3-mt-con-palo-laterale-bianco-e5011b\/#primaryimage","url":"https:\/\/www.elettrowebstore.com\/EWS_Store\/wp-content\/uploads\/ombrellone-florida-3x3-con-palo-laterale-bianco-E5011B-1.jpg","contentUrl":"https:\/\/www.elettrowebstore.com\/EWS_Store\/wp-content\/uploads\/ombrellone-florida-3x3-con-palo-laterale-bianco-E5011B-1.jpg","width":600,"height":600,"caption":"Ombrellone Florida 3 x 3 mt. con palo laterale bianco E5011B"},{"@type":"BreadcrumbList","@id":"https:\/\/www.elettrowebstore.com\/shop\/ombrellone-florida-3-x-3-mt-con-palo-laterale-bianco-e5011b\/#breadcrumb","itemListElement":[{"@type":"ListItem","position":1,"name":"Home","item":"https:\/\/www.elettrowebstore.com\/"},{"@type":"ListItem","position":2,"name":"Shop","item":"https:\/\/www.elettrowebstore.com\/shop\/"},{"@type":"ListItem","position":3,"name":"Arredo giardino, esterno e outdoor","item":"https:\/\/www.elettrowebstore.com\/categoria-prodotto\/arredo_giardino_esterno_outdoor\/"},{"@type":"ListItem","position":4,"name":"Ombrellone Florida 3 x 3 mt. con palo laterale bianco E5011B"}]},{"@type":"WebSite","@id":"https:\/\/www.elettrowebstore.com\/#website","url":"https:\/\/www.elettrowebstore.com\/","name":"ElettroWebStore","description":"Articles m\u00e9nagers sacs \u00e0 vide mat\u00e9riel articles de jardin appareils m\u00e9nagers","publisher":{"@id":"https:\/\/www.elettrowebstore.com\/#organization"},"potentialAction":[{"@type":"SearchAction","target":{"@type":"EntryPoint","urlTemplate":"https:\/\/www.elettrowebstore.com\/?s={search_term_string}"},"query-input":{"@type":"PropertyValueSpecification","valueRequired":true,"valueName":"search_term_string"}}],"inLanguage":"fr-FR"},{"@type":"Organization","@id":"https:\/\/www.elettrowebstore.com\/#organization","name":"ElettroWebStore - ELCA S.r.l.","url":"https:\/\/www.elettrowebstore.com\/","logo":{"@type":"ImageObject","inLanguage":"fr-FR","@id":"https:\/\/www.elettrowebstore.com\/#\/schema\/logo\/image\/","url":"","contentUrl":"","caption":"ElettroWebStore - ELCA S.r.l."},"image":{"@id":"https:\/\/www.elettrowebstore.com\/#\/schema\/logo\/image\/"}}]}},"_links":{"self":[{"href":"https:\/\/www.elettrowebstore.com\/fr\/wp-json\/wp\/v2\/product\/177246","targetHints":{"allow":["GET"]}}],"collection":[{"href":"https:\/\/www.elettrowebstore.com\/fr\/wp-json\/wp\/v2\/product"}],"about":[{"href":"https:\/\/www.elettrowebstore.com\/fr\/wp-json\/wp\/v2\/types\/product"}],"wp:featuredmedia":[{"embeddable":true,"href":"https:\/\/www.elettrowebstore.com\/fr\/wp-json\/wp\/v2\/media\/177253"}],"wp:attachment":[{"href":"https:\/\/www.elettrowebstore.com\/fr\/wp-json\/wp\/v2\/media?parent=177246"}],"wp:term":[{"taxonomy":"product_brand","embeddable":true,"href":"https:\/\/www.elettrowebstore.com\/fr\/wp-json\/wp\/v2\/product_brand?post=177246"},{"taxonomy":"product_cat","embeddable":true,"href":"https:\/\/www.elettrowebstore.com\/fr\/wp-json\/wp\/v2\/product_cat?post=177246"},{"taxonomy":"product_tag","embeddable":true,"href":"https:\/\/www.elettrowebstore.com\/fr\/wp-json\/wp\/v2\/product_tag?post=177246"}],"curies":[{"name":"wp","href":"https:\/\/api.w.org\/{rel}","templated":true}]}}