{"id":175586,"date":"2022-04-14T10:07:03","date_gmt":"2022-04-14T08:07:03","guid":{"rendered":"https:\/\/www.elettrowebstore.com\/?post_type=product&#038;p=175586"},"modified":"2025-09-04T10:41:20","modified_gmt":"2025-09-04T08:41:20","slug":"paini-cox-miscelatore-lavello-doccia-estraibile-cromato-78cr568","status":"publish","type":"product","link":"https:\/\/www.elettrowebstore.com\/fr\/shop\/paini-cox-pull-out-chrome-shower-sink-mixer-78cr568\/","title":{"rendered":"Paini Cox mitigeur chrom\u00e9 extractible pour douche et lavabo 78CR568"},"content":{"rendered":"<h2><strong>Paini Cox mitigeur chrom\u00e9 extractible pour douche et lavabo 78CR568<\/strong><\/h2>\n<p>Paini Cox douche extractible chrome mitigeur de lavabo 78CR568 est un robinet fabriqu\u00e9 en Italie par Paini Rubinetterie. Il se distingue par son design traditionnel et classique. La ligne Cox est l'une des productions historiques de Paini, avec un design \u00e0 la fois d\u00e9taill\u00e9 et tr\u00e8s classique.<\/p>\n<p>Ce produit se distingue par son design traditionnel, mais aussi l\u00e9g\u00e8rement carr\u00e9.<\/p>\n<p>Le mitigeur est en laiton, avec une finition chrom\u00e9e et un levier unique.<\/p>\n<p>La photo ci-dessous repr\u00e9sente fid\u00e8lement le kit complet qui est exp\u00e9di\u00e9 au domicile du client.<\/p>\n<p>&nbsp;<\/p>\n<p>&nbsp;<\/p>\n<p>&nbsp;<\/p>\n<h2><strong>Description <\/strong><strong>Paini Cox mitigeur chrom\u00e9 extractible pour douche et lavabo 78CR568<\/strong><\/h2>\n<p>Paini Cox chrom\u00e9 mitigeur douche extractible pour lavabo 78CR568 est r\u00e9alis\u00e9 en laiton chrom\u00e9, avec un levier unique dot\u00e9 d'une poign\u00e9e design.<\/p>\n<div class=\"pw-hidden-cp\">\n<p><strong>La douche extractible dispose de 2 jets<\/strong>.<\/p>\n<p>La finition chrom\u00e9e du mitigeur est con\u00e7ue pour r\u00e9sister \u00e0 l'\u00e9preuve du temps et est particuli\u00e8rement adapt\u00e9e pour donner de l'\u00e9clat \u00e0 votre salle de bains. Gr\u00e2ce \u00e0 l'a\u00e9rateur, le mitigeur permet de r\u00e9guler le jet d'eau, \u00e9vitant ainsi les gaspillages.<\/p>\n<div class=\"pw-hidden-cp\">\n<p>Le mitigeur appartient \u00e0 la s\u00e9rie Cox du fabricant Paini, une ligne qui se caract\u00e9rise par un design classique et traditionnel. Cette ligne est choisie par ceux qui souhaitent un produit adapt\u00e9 \u00e0 chaque type de salle de bains, avec un design soign\u00e9 et standard.<\/p>\n<p>La gamme comprend de nombreux mitigeurs de salle de bains pour lavabo, douche encastr\u00e9e et bidet, ainsi que pour les \u00e9viers de cuisine.<\/p>\n<\/div>\n<\/div>\n<p>&nbsp;<\/p>\n<h2><strong>Sp\u00e9cifications techniques<\/strong><\/h2>\n<ul>\n<li><span class=\"fontstyle0\">Mitigeur de douche en laiton avec finition chrom\u00e9e<br \/>\n<\/span><\/li>\n<li>Douche extractible avec 2 jets<\/li>\n<li>Levier unique avec poign\u00e9e ergonomique<\/li>\n<li><span class=\"fontstyle0\">Design \u00e9l\u00e9gant et essentiel<\/span><span class=\"fontstyle0\"><br \/>\n<\/span><\/li>\n<li>Connexions standard G3\/8\u2033.<\/li>\n<li>Le m\u00e9langeur est fourni dans un kit de montage<\/li>\n<li>Poids kg 2<\/li>\n<li>Pratique et fonctionnel<\/li>\n<li>Robuste et r\u00e9sistant<\/li>\n<li>Code 78CR568<\/li>\n<\/ul>\n<p>&nbsp;<\/p>\n<h2><strong>Finition<br \/>\n<\/strong><\/h2>\n<p>Par finition, nous entendons la couleur ext\u00e9rieure qui peut \u00eatre r\u00e9alis\u00e9e pendant la production.<\/p>\n<p>&nbsp;<\/p>\n<p>La <strong>la finition standard est le chrome<\/strong>qui est commun \u00e0 toutes les lignes de production fabriqu\u00e9es par Paini. Il est obtenu par une technique galvanique. Le produit est immerg\u00e9 dans un \"bain galvanique\" de chrome \u00e0 haute temp\u00e9rature. Le chromage adh\u00e8re au mat\u00e9riau de base du produit et lui conf\u00e8re brillance et durabilit\u00e9, en le prot\u00e9geant de l'agression des acides et de l'oxydation.<\/p>\n<p>&nbsp;<\/p>\n<p>&nbsp;<\/p>\n<p>&nbsp;<\/p>","protected":false},"excerpt":{"rendered":"<p>Paini Cox \u00e9vier mitigeur douche extractible chrom\u00e9 78CR568 robinet de salle de bain, fabriqu\u00e9 en Italie, haute qualit\u00e9, finition chrom\u00e9e. <span style=\"color: #ff0000;\"><strong>Livraison gratuite en Italie !<\/strong><\/span><\/p>","protected":false},"featured_media":185841,"template":"","meta":[],"product_brand":[],"product_cat":[19],"product_tag":[2408,2406,334,900,1942,894,339,898,2407,940,899,893,896,895,891,901],"class_list":{"0":"post-175586","1":"product","2":"type-product","3":"status-publish","4":"has-post-thumbnail","6":"product_cat-rubinetteria","7":"product_tag-2-getti","8":"product_tag-78cr568","9":"product_tag-arredo","10":"product_tag-bagno","11":"product_tag-cox","12":"product_tag-cromato","13":"product_tag-design","14":"product_tag-doccia","15":"product_tag-estraibile","16":"product_tag-lavello","17":"product_tag-leva","18":"product_tag-miscelatore","19":"product_tag-monocomando","20":"product_tag-ottone","21":"product_tag-paini","22":"product_tag-rubinetteria","23":"product_shipping_class-pe","25":"first","26":"instock","27":"sale","28":"taxable","29":"shipping-taxable","30":"purchasable","31":"product-type-simple"},"_links":{"self":[{"href":"https:\/\/www.elettrowebstore.com\/fr\/wp-json\/wp\/v2\/product\/175586","targetHints":{"allow":["GET"]}}],"collection":[{"href":"https:\/\/www.elettrowebstore.com\/fr\/wp-json\/wp\/v2\/product"}],"about":[{"href":"https:\/\/www.elettrowebstore.com\/fr\/wp-json\/wp\/v2\/types\/product"}],"wp:featuredmedia":[{"embeddable":true,"href":"https:\/\/www.elettrowebstore.com\/fr\/wp-json\/wp\/v2\/media\/185841"}],"wp:attachment":[{"href":"https:\/\/www.elettrowebstore.com\/fr\/wp-json\/wp\/v2\/media?parent=175586"}],"wp:term":[{"taxonomy":"product_brand","embeddable":true,"href":"https:\/\/www.elettrowebstore.com\/fr\/wp-json\/wp\/v2\/product_brand?post=175586"},{"taxonomy":"product_cat","embeddable":true,"href":"https:\/\/www.elettrowebstore.com\/fr\/wp-json\/wp\/v2\/product_cat?post=175586"},{"taxonomy":"product_tag","embeddable":true,"href":"https:\/\/www.elettrowebstore.com\/fr\/wp-json\/wp\/v2\/product_tag?post=175586"}],"curies":[{"name":"wp","href":"https:\/\/api.w.org\/{rel}","templated":true}]}}