{"id":172400,"date":"2022-04-06T09:10:55","date_gmt":"2022-04-06T07:10:55","guid":{"rendered":"https:\/\/www.elettrowebstore.com\/?post_type=product&#038;p=172400"},"modified":"2022-04-06T09:32:27","modified_gmt":"2022-04-06T07:32:27","slug":"voliera-rettangolare-cm-74x54x-h155-mod-l34","status":"publish","type":"product","link":"https:\/\/www.elettrowebstore.com\/fr\/shop\/voliere-rectangulaire-74x54x-h155-cm-mod-l34\/","title":{"rendered":"Voli\u00e8re rectangulaire cm 74X54X H155 - MOD.L34"},"content":{"rendered":"<h2><strong>Voli\u00e8re rectangulaire cm 74X54X H155 - MOD.L34 <\/strong><\/h2>\n<p>La <strong>Voli\u00e8re rectangulaire cm 74X54X H155 - MOD.L34<\/strong> est une voli\u00e8re robuste pour des oiseaux de diff\u00e9rentes esp\u00e8ces. Elle convient aux personnes qui ont un jardin et qui aiment les oiseaux.<\/p>\n<p>Les dimensions de cette voli\u00e8re sont de 74\u00d754 par 155 cm de hauteur. Le toit en t\u00f4le est plat et les roues permettent de la d\u00e9placer facilement.<\/p>\n<p>Il est \u00e9quip\u00e9 de perchoirs et d'abreuvoirs et d'un tiroir coulissant pour faciliter le nettoyage.<\/p>\n<p>En outre, cette voli\u00e8re est enti\u00e8rement constitu\u00e9e de t\u00f4le et de grillage galvanis\u00e9s et \u00e9maill\u00e9s au four, et est livr\u00e9e en bo\u00eetes dans un kit de montage pratique. Elle est livr\u00e9e dans des bo\u00eetes avec un kit de montage pratique. \u00c0 l'int\u00e9rieur des bo\u00eetes, vous trouverez la feuille d'instructions pour un montage correct.<\/p>\n<p>&nbsp;<\/p>\n<p><img loading=\"lazy\" decoding=\"async\" class=\"size-full wp-image-172460 aligncenter\" src=\"https:\/\/res.cloudinary.com\/dl3yepmtd\/images\/v1649230068\/L34\/voliera-rettangolare-L34\/voliera-rettangolare-L34.jpg\" alt=\"Voli\u00e8re rectangulaire cm 74X54X H155 - MOD.L34\" width=\"600\" height=\"600\" srcset=\"https:\/\/www.elettrowebstore.com\/EWS_Store\/wp-content\/uploads\/voliera-rettangolare-L34.jpg 600w, https:\/\/www.elettrowebstore.com\/EWS_Store\/wp-content\/uploads\/voliera-rettangolare-L34-200x200.jpg 200w, https:\/\/www.elettrowebstore.com\/EWS_Store\/wp-content\/uploads\/voliera-rettangolare-L34-100x100.jpg 100w\" sizes=\"auto, (max-width: 600px) 100vw, 600px\" \/><\/p>\n<p>&nbsp;<\/p>\n<p>&nbsp;<\/p>\n<h2><strong>Caract\u00e9ristiques techniques <\/strong><strong>Voli\u00e8re rectangulaire cm 74X54X H155 - MOD.L34<\/strong><\/h2>\n<ul>\n<li>Voli\u00e8re \u00e0 base rectangulaire<\/li>\n<li>Dimensions 74 x 54 cm<\/li>\n<li>Hauteur 155 cm<\/li>\n<li>Toit plat<\/li>\n<li>Maille mm 12 x 100<\/li>\n<li>Avec 2 portes en filet cm. 20\u00d720 sur le devant et avec 1 porte en filet cm. 10\u00d710 sur un c\u00f4t\u00e9<\/li>\n<li>Avec mangeoire, perchoirs et abreuvoir<\/li>\n<li>Avec roues<\/li>\n<\/ul>\n<p>&nbsp;<\/p>\n<h2><strong>Garantie<\/strong><\/h2>\n<p>Le produit est couvert par <a href=\"https:\/\/www.elettrowebstore.com\/due-anni-di-garanzia-su-ogni-prodotto-acquistato\/\"><strong>garantie l\u00e9gale<\/strong><\/a>selon la page correspondante de notre site web, que nous vous invitons \u00e0 lire. Nous fournissons \u00e9galement des informations claires sur l'exercice du droit d'auteur. <a href=\"https:\/\/www.elettrowebstore.com\/diritto-di-recesso-restituzione-prodotti\/\"><strong>droit de r\u00e9tractation<\/strong><\/a>.<\/p>\n<p>&nbsp;<\/p>\n<h2><strong>D\u00e9lai de livraison<\/strong><\/h2>\n<p>Ce produit est disponible et le d\u00e9lai de livraison est d'environ 30 jours ouvrables \u00e0 partir du moment du paiement.<\/p>\n<p>En outre, tous les envois d'ElettroWebStore en Italie sont exempts de frais de transport (\u00e0 l'exception des envois vers des zones particuli\u00e8rement difficiles d'acc\u00e8s) !<\/p>\n<p>Si vous achetez en dehors de l'Italie, le syst\u00e8me calcule des frais d'exp\u00e9dition forfaitaires. Si vous constatez que, par rapport au poids du produit choisi, les frais d'envoi vous semblent excessifs ou disproportionn\u00e9s, finalisez votre commande sans payer et <a href=\"https:\/\/www.elettrowebstore.com\/contatta-lo-staff-di-elettrowebstore\/\"><strong>nous contacter<\/strong><\/a>! Nous \u00e9valuerons et, si n\u00e9cessaire, ajusterons les frais d'exp\u00e9dition \u00e0 l'\u00e9tranger !<\/p>\n<p><img loading=\"lazy\" decoding=\"async\" class=\"aligncenter size-full wp-image-41372\" src=\"https:\/\/www.elettrowebstore.com\/EWS_Store\/wp-content\/uploads\/.\/elettrowebstore-spedizione-con-corrieri-brt-sda-dhl-nexive-ld.jpg\" alt=\"Voici les transporteurs avec lesquels ElettroWebStore.com exp\u00e9die ses produits\" width=\"800\" height=\"189\" srcset=\"https:\/\/www.elettrowebstore.com\/EWS_Store\/wp-content\/uploads\/elettrowebstore-spedizione-con-corrieri-brt-sda-dhl-nexive-ld.jpg 800w, https:\/\/www.elettrowebstore.com\/EWS_Store\/wp-content\/uploads\/elettrowebstore-spedizione-con-corrieri-brt-sda-dhl-nexive-ld-600x142.jpg 600w, https:\/\/www.elettrowebstore.com\/EWS_Store\/wp-content\/uploads\/elettrowebstore-spedizione-con-corrieri-brt-sda-dhl-nexive-ld-768x181.jpg 768w\" sizes=\"auto, (max-width: 800px) 100vw, 800px\" \/><\/p>\n<p>&nbsp;<\/p>\n<h2><strong>Modes de paiement accept\u00e9s<\/strong><\/h2>\n<p><strong>Sur le site d'ElettroWebStore, vous pouvez payer avec toutes les m\u00e9thodes courantes<\/strong>\u00e0 la fois sp\u00e9cifiques \u00e0 Internet (telles que les cartes pr\u00e9pay\u00e9es) et traditionnelles (telles que les cartes de cr\u00e9dit classiques).<\/p>\n<p><img loading=\"lazy\" decoding=\"async\" class=\"aligncenter size-full wp-image-41371\" src=\"https:\/\/www.elettrowebstore.com\/EWS_Store\/wp-content\/uploads\/.\/elettrowebstore-pagamenti-accettati-ld.jpg\" alt=\"Voici les m\u00e9thodes de paiement accept\u00e9es par ElettroWebStore.com\" width=\"800\" height=\"199\" srcset=\"https:\/\/www.elettrowebstore.com\/EWS_Store\/wp-content\/uploads\/elettrowebstore-pagamenti-accettati-ld.jpg 800w, https:\/\/www.elettrowebstore.com\/EWS_Store\/wp-content\/uploads\/elettrowebstore-pagamenti-accettati-ld-600x149.jpg 600w, https:\/\/www.elettrowebstore.com\/EWS_Store\/wp-content\/uploads\/elettrowebstore-pagamenti-accettati-ld-768x191.jpg 768w\" sizes=\"auto, (max-width: 800px) 100vw, 800px\" \/><\/p>\n<p>&nbsp;<\/p>\n<p>Tous les paiements sont effectu\u00e9s par l'interm\u00e9diaire de <a href=\"https:\/\/www.paypal.com\/it\/webapps\/mpp\/paypal-safety-and-security\"><strong>Paypal<\/strong><\/a>. De plus, m\u00eame si vous ne disposez pas de Paypal, vous pouvez payer sans vous inscrire et sans enregistrer vos donn\u00e9es d'identification. Il vous suffit de saisir vos donn\u00e9es dans les champs appropri\u00e9s. Le syst\u00e8me est crypt\u00e9 et prot\u00e9g\u00e9 et vos donn\u00e9es ne seront en aucun cas communiqu\u00e9es \u00e0 ElettroWebStore. En fait, ElettroWebStore peut seulement voir si votre paiement a \u00e9t\u00e9 effectu\u00e9 ou non et seulement les informations que vous d\u00e9cidez d'introduire !<\/p>\n<p>En aucun cas <a href=\"http:\/\/www.elettrowebstore.com\"><strong>ElettroWebStore<\/strong><\/a> g\u00e9rer les donn\u00e9es de votre carte de paiement ou en prendre connaissance. En effet, les <a href=\"http:\/\/www.elettrowebstore.com\"><strong>ElettroWebStore<\/strong><\/a> ne verra que si le paiement a \u00e9t\u00e9 effectu\u00e9 ou non !<\/p>\n<p>Notre site utilise les protocoles HTTPS, qui garantissent des normes de s\u00e9curit\u00e9 \u00e9lev\u00e9es pour les utilisateurs !<\/p>","protected":false},"excerpt":{"rendered":"<p><strong>Voli\u00e8re rectangulaire cm 74X54X H155 - MOD.L34 <\/strong><\/p>","protected":false},"featured_media":172460,"template":"","meta":[],"product_brand":[],"product_cat":[975],"product_tag":[667,42,2372,979,1360,432,977],"class_list":{"0":"post-172400","1":"product","2":"type-product","3":"status-publish","4":"has-post-thumbnail","6":"product_cat-articoli-per-animali","7":"product_tag-animali","8":"product_tag-gabbia","9":"product_tag-l34","10":"product_tag-lamiera","11":"product_tag-rettangolare","12":"product_tag-ruote","13":"product_tag-voliera","14":"product_shipping_class-garden","16":"first","17":"instock","18":"taxable","19":"shipping-taxable","20":"purchasable","21":"product-type-simple"},"yoast_head":"<!-- This site is optimized with the Yoast SEO plugin v27.5 - https:\/\/yoast.com\/product\/yoast-seo-wordpress\/ -->\n<title>Voliera rettangolare cm 74X54X H155 - MOD.L34 - ElettroWebStore<\/title>\n<meta name=\"description\" content=\"Voliera rettangolare cm 74X54X H155 - MOD.L34 con ruote. Montaggio molto semplice attraverso le pratiche istruzioni.\" \/>\n<meta name=\"robots\" content=\"index, follow, max-snippet:-1, max-image-preview:large, max-video-preview:-1\" \/>\n<link rel=\"canonical\" href=\"https:\/\/www.elettrowebstore.com\/fr\/shop\/voliere-rectangulaire-74x54x-h155-cm-mod-l34\/\" \/>\n<meta property=\"og:locale\" content=\"fr_FR\" \/>\n<meta property=\"og:type\" content=\"article\" \/>\n<meta property=\"og:title\" content=\"Voliera rettangolare cm 74X54X H155 - MOD.L34 - ElettroWebStore\" \/>\n<meta property=\"og:description\" content=\"Voliera rettangolare cm 74X54X H155 - MOD.L34 con ruote. Montaggio molto semplice attraverso le pratiche istruzioni.\" \/>\n<meta property=\"og:url\" content=\"https:\/\/www.elettrowebstore.com\/fr\/shop\/voliere-rectangulaire-74x54x-h155-cm-mod-l34\/\" \/>\n<meta property=\"og:site_name\" content=\"ElettroWebStore\" \/>\n<meta property=\"article:modified_time\" content=\"2022-04-06T07:32:27+00:00\" \/>\n<meta property=\"og:image\" content=\"https:\/\/res.cloudinary.com\/dl3yepmtd\/images\/v1649230068\/L34\/voliera-rettangolare-L34\/voliera-rettangolare-L34.jpg\" \/>\n\t<meta property=\"og:image:width\" content=\"600\" \/>\n\t<meta property=\"og:image:height\" content=\"600\" \/>\n\t<meta property=\"og:image:type\" content=\"image\/jpeg\" \/>\n<meta name=\"twitter:card\" content=\"summary_large_image\" \/>\n<meta name=\"twitter:label1\" content=\"Dur\u00e9e de lecture estim\u00e9e\" \/>\n\t<meta name=\"twitter:data1\" content=\"4 minutes\" \/>\n<script type=\"application\/ld+json\" class=\"yoast-schema-graph\">{\"@context\":\"https:\\\/\\\/schema.org\",\"@graph\":[{\"@type\":\"WebPage\",\"@id\":\"https:\\\/\\\/www.elettrowebstore.com\\\/shop\\\/voliera-rettangolare-cm-74x54x-h155-mod-l34\\\/\",\"url\":\"https:\\\/\\\/www.elettrowebstore.com\\\/shop\\\/voliera-rettangolare-cm-74x54x-h155-mod-l34\\\/\",\"name\":\"Voliera rettangolare cm 74X54X H155 - MOD.L34 - ElettroWebStore\",\"isPartOf\":{\"@id\":\"https:\\\/\\\/www.elettrowebstore.com\\\/#website\"},\"primaryImageOfPage\":{\"@id\":\"https:\\\/\\\/www.elettrowebstore.com\\\/shop\\\/voliera-rettangolare-cm-74x54x-h155-mod-l34\\\/#primaryimage\"},\"image\":{\"@id\":\"https:\\\/\\\/www.elettrowebstore.com\\\/shop\\\/voliera-rettangolare-cm-74x54x-h155-mod-l34\\\/#primaryimage\"},\"thumbnailUrl\":\"https:\\\/\\\/www.elettrowebstore.com\\\/EWS_Store\\\/wp-content\\\/uploads\\\/voliera-rettangolare-L34.jpg\",\"datePublished\":\"2022-04-06T07:10:55+00:00\",\"dateModified\":\"2022-04-06T07:32:27+00:00\",\"description\":\"Voliera rettangolare cm 74X54X H155 - MOD.L34 con ruote. Montaggio molto semplice attraverso le pratiche istruzioni.\",\"breadcrumb\":{\"@id\":\"https:\\\/\\\/www.elettrowebstore.com\\\/shop\\\/voliera-rettangolare-cm-74x54x-h155-mod-l34\\\/#breadcrumb\"},\"inLanguage\":\"fr-FR\",\"potentialAction\":[{\"@type\":\"ReadAction\",\"target\":[\"https:\\\/\\\/www.elettrowebstore.com\\\/shop\\\/voliera-rettangolare-cm-74x54x-h155-mod-l34\\\/\"]}]},{\"@type\":\"ImageObject\",\"inLanguage\":\"fr-FR\",\"@id\":\"https:\\\/\\\/www.elettrowebstore.com\\\/shop\\\/voliera-rettangolare-cm-74x54x-h155-mod-l34\\\/#primaryimage\",\"url\":\"https:\\\/\\\/www.elettrowebstore.com\\\/EWS_Store\\\/wp-content\\\/uploads\\\/voliera-rettangolare-L34.jpg\",\"contentUrl\":\"https:\\\/\\\/www.elettrowebstore.com\\\/EWS_Store\\\/wp-content\\\/uploads\\\/voliera-rettangolare-L34.jpg\",\"width\":600,\"height\":600,\"caption\":\"Voliera rettangolare cm 74X54X H155 - MOD.L34\"},{\"@type\":\"BreadcrumbList\",\"@id\":\"https:\\\/\\\/www.elettrowebstore.com\\\/shop\\\/voliera-rettangolare-cm-74x54x-h155-mod-l34\\\/#breadcrumb\",\"itemListElement\":[{\"@type\":\"ListItem\",\"position\":1,\"name\":\"Home\",\"item\":\"https:\\\/\\\/www.elettrowebstore.com\\\/\"},{\"@type\":\"ListItem\",\"position\":2,\"name\":\"Shop\",\"item\":\"https:\\\/\\\/www.elettrowebstore.com\\\/shop\\\/\"},{\"@type\":\"ListItem\",\"position\":3,\"name\":\"Prodotti per l'agricoltura e per gli animali\",\"item\":\"https:\\\/\\\/www.elettrowebstore.com\\\/categoria-prodotto\\\/agricoltura-animaleria\\\/\"},{\"@type\":\"ListItem\",\"position\":4,\"name\":\"Articoli per animali\",\"item\":\"https:\\\/\\\/www.elettrowebstore.com\\\/categoria-prodotto\\\/agricoltura-animaleria\\\/articoli-per-animali\\\/\"},{\"@type\":\"ListItem\",\"position\":5,\"name\":\"Voliera rettangolare cm 74X54X H155 &#8211; MOD.L34\"}]},{\"@type\":\"WebSite\",\"@id\":\"https:\\\/\\\/www.elettrowebstore.com\\\/#website\",\"url\":\"https:\\\/\\\/www.elettrowebstore.com\\\/\",\"name\":\"ElettroWebStore\",\"description\":\"Casalinghi buste sottovuoto ferramenta articoli giardino elettrodomestici\",\"publisher\":{\"@id\":\"https:\\\/\\\/www.elettrowebstore.com\\\/#organization\"},\"potentialAction\":[{\"@type\":\"SearchAction\",\"target\":{\"@type\":\"EntryPoint\",\"urlTemplate\":\"https:\\\/\\\/www.elettrowebstore.com\\\/?s={search_term_string}\"},\"query-input\":{\"@type\":\"PropertyValueSpecification\",\"valueRequired\":true,\"valueName\":\"search_term_string\"}}],\"inLanguage\":\"fr-FR\"},{\"@type\":\"Organization\",\"@id\":\"https:\\\/\\\/www.elettrowebstore.com\\\/#organization\",\"name\":\"ElettroWebStore - ELCA S.r.l.\",\"url\":\"https:\\\/\\\/www.elettrowebstore.com\\\/\",\"logo\":{\"@type\":\"ImageObject\",\"inLanguage\":\"fr-FR\",\"@id\":\"https:\\\/\\\/www.elettrowebstore.com\\\/#\\\/schema\\\/logo\\\/image\\\/\",\"url\":\"\",\"contentUrl\":\"\",\"caption\":\"ElettroWebStore - ELCA S.r.l.\"},\"image\":{\"@id\":\"https:\\\/\\\/www.elettrowebstore.com\\\/#\\\/schema\\\/logo\\\/image\\\/\"}}]}<\/script>\n<!-- \/ Yoast SEO plugin. -->","yoast_head_json":{"title":"Voli\u00e8re rectangulaire cm 74X54X H155 - MOD.L34 - ElettroWebStore","description":"Voli\u00e8re rectangulaire cm 74X54X H155 - MOD.L34 avec roues. Montage tr\u00e8s simple gr\u00e2ce \u00e0 des instructions pratiques.","robots":{"index":"index","follow":"follow","max-snippet":"max-snippet:-1","max-image-preview":"max-image-preview:large","max-video-preview":"max-video-preview:-1"},"canonical":"https:\/\/www.elettrowebstore.com\/fr\/shop\/voliere-rectangulaire-74x54x-h155-cm-mod-l34\/","og_locale":"fr_FR","og_type":"article","og_title":"Voliera rettangolare cm 74X54X H155 - MOD.L34 - ElettroWebStore","og_description":"Voliera rettangolare cm 74X54X H155 - MOD.L34 con ruote. Montaggio molto semplice attraverso le pratiche istruzioni.","og_url":"https:\/\/www.elettrowebstore.com\/fr\/shop\/voliere-rectangulaire-74x54x-h155-cm-mod-l34\/","og_site_name":"ElettroWebStore","article_modified_time":"2022-04-06T07:32:27+00:00","og_image":[{"width":600,"height":600,"url":"https:\/\/res.cloudinary.com\/dl3yepmtd\/images\/v1649230068\/L34\/voliera-rettangolare-L34\/voliera-rettangolare-L34.jpg","type":"image\/jpeg"}],"twitter_card":"summary_large_image","twitter_misc":{"Dur\u00e9e de lecture estim\u00e9e":"4 minutes"},"schema":{"@context":"https:\/\/schema.org","@graph":[{"@type":"WebPage","@id":"https:\/\/www.elettrowebstore.com\/shop\/voliera-rettangolare-cm-74x54x-h155-mod-l34\/","url":"https:\/\/www.elettrowebstore.com\/shop\/voliera-rettangolare-cm-74x54x-h155-mod-l34\/","name":"Voli\u00e8re rectangulaire cm 74X54X H155 - MOD.L34 - ElettroWebStore","isPartOf":{"@id":"https:\/\/www.elettrowebstore.com\/#website"},"primaryImageOfPage":{"@id":"https:\/\/www.elettrowebstore.com\/shop\/voliera-rettangolare-cm-74x54x-h155-mod-l34\/#primaryimage"},"image":{"@id":"https:\/\/www.elettrowebstore.com\/shop\/voliera-rettangolare-cm-74x54x-h155-mod-l34\/#primaryimage"},"thumbnailUrl":"https:\/\/www.elettrowebstore.com\/EWS_Store\/wp-content\/uploads\/voliera-rettangolare-L34.jpg","datePublished":"2022-04-06T07:10:55+00:00","dateModified":"2022-04-06T07:32:27+00:00","description":"Voli\u00e8re rectangulaire cm 74X54X H155 - MOD.L34 avec roues. Montage tr\u00e8s simple gr\u00e2ce \u00e0 des instructions pratiques.","breadcrumb":{"@id":"https:\/\/www.elettrowebstore.com\/shop\/voliera-rettangolare-cm-74x54x-h155-mod-l34\/#breadcrumb"},"inLanguage":"fr-FR","potentialAction":[{"@type":"ReadAction","target":["https:\/\/www.elettrowebstore.com\/shop\/voliera-rettangolare-cm-74x54x-h155-mod-l34\/"]}]},{"@type":"ImageObject","inLanguage":"fr-FR","@id":"https:\/\/www.elettrowebstore.com\/shop\/voliera-rettangolare-cm-74x54x-h155-mod-l34\/#primaryimage","url":"https:\/\/www.elettrowebstore.com\/EWS_Store\/wp-content\/uploads\/voliera-rettangolare-L34.jpg","contentUrl":"https:\/\/www.elettrowebstore.com\/EWS_Store\/wp-content\/uploads\/voliera-rettangolare-L34.jpg","width":600,"height":600,"caption":"Voliera rettangolare cm 74X54X H155 - MOD.L34"},{"@type":"BreadcrumbList","@id":"https:\/\/www.elettrowebstore.com\/shop\/voliera-rettangolare-cm-74x54x-h155-mod-l34\/#breadcrumb","itemListElement":[{"@type":"ListItem","position":1,"name":"Home","item":"https:\/\/www.elettrowebstore.com\/"},{"@type":"ListItem","position":2,"name":"Shop","item":"https:\/\/www.elettrowebstore.com\/shop\/"},{"@type":"ListItem","position":3,"name":"Prodotti per l'agricoltura e per gli animali","item":"https:\/\/www.elettrowebstore.com\/categoria-prodotto\/agricoltura-animaleria\/"},{"@type":"ListItem","position":4,"name":"Articoli per animali","item":"https:\/\/www.elettrowebstore.com\/categoria-prodotto\/agricoltura-animaleria\/articoli-per-animali\/"},{"@type":"ListItem","position":5,"name":"Voliera rettangolare cm 74X54X H155 &#8211; MOD.L34"}]},{"@type":"WebSite","@id":"https:\/\/www.elettrowebstore.com\/#website","url":"https:\/\/www.elettrowebstore.com\/","name":"ElettroWebStore","description":"Articles m\u00e9nagers sacs \u00e0 vide mat\u00e9riel articles de jardin appareils m\u00e9nagers","publisher":{"@id":"https:\/\/www.elettrowebstore.com\/#organization"},"potentialAction":[{"@type":"SearchAction","target":{"@type":"EntryPoint","urlTemplate":"https:\/\/www.elettrowebstore.com\/?s={search_term_string}"},"query-input":{"@type":"PropertyValueSpecification","valueRequired":true,"valueName":"search_term_string"}}],"inLanguage":"fr-FR"},{"@type":"Organization","@id":"https:\/\/www.elettrowebstore.com\/#organization","name":"ElettroWebStore - ELCA S.r.l.","url":"https:\/\/www.elettrowebstore.com\/","logo":{"@type":"ImageObject","inLanguage":"fr-FR","@id":"https:\/\/www.elettrowebstore.com\/#\/schema\/logo\/image\/","url":"","contentUrl":"","caption":"ElettroWebStore - ELCA S.r.l."},"image":{"@id":"https:\/\/www.elettrowebstore.com\/#\/schema\/logo\/image\/"}}]}},"_links":{"self":[{"href":"https:\/\/www.elettrowebstore.com\/fr\/wp-json\/wp\/v2\/product\/172400","targetHints":{"allow":["GET"]}}],"collection":[{"href":"https:\/\/www.elettrowebstore.com\/fr\/wp-json\/wp\/v2\/product"}],"about":[{"href":"https:\/\/www.elettrowebstore.com\/fr\/wp-json\/wp\/v2\/types\/product"}],"wp:featuredmedia":[{"embeddable":true,"href":"https:\/\/www.elettrowebstore.com\/fr\/wp-json\/wp\/v2\/media\/172460"}],"wp:attachment":[{"href":"https:\/\/www.elettrowebstore.com\/fr\/wp-json\/wp\/v2\/media?parent=172400"}],"wp:term":[{"taxonomy":"product_brand","embeddable":true,"href":"https:\/\/www.elettrowebstore.com\/fr\/wp-json\/wp\/v2\/product_brand?post=172400"},{"taxonomy":"product_cat","embeddable":true,"href":"https:\/\/www.elettrowebstore.com\/fr\/wp-json\/wp\/v2\/product_cat?post=172400"},{"taxonomy":"product_tag","embeddable":true,"href":"https:\/\/www.elettrowebstore.com\/fr\/wp-json\/wp\/v2\/product_tag?post=172400"}],"curies":[{"name":"wp","href":"https:\/\/api.w.org\/{rel}","templated":true}]}}