{"id":170094,"date":"2022-03-31T10:40:48","date_gmt":"2022-03-31T08:40:48","guid":{"rendered":"https:\/\/www.elettrowebstore.com\/?post_type=product&#038;p=170094"},"modified":"2025-06-11T11:41:35","modified_gmt":"2025-06-11T09:41:35","slug":"gazebo-in-ferro-esagonale-%e2%88%85-4-m-copertura-in-poliestere-sabbia-gaz370","status":"publish","type":"product","link":"https:\/\/www.elettrowebstore.com\/fr\/shop\/gazebo-hexagonal-en-fer-\u2205-4-m-couverture-polyester-sable-gaz370\/","title":{"rendered":"Gloriette hexagonale en fer \u2205 4 m couverture polyester sable GAZ370"},"content":{"rendered":"<h2><strong>Gloriette hexagonale en fer \u2205 4 m couverture polyester sable GAZ370<\/strong><\/h2>\n<p>Gloriette hexagonale en fer \u2205 4 m sable couverture polyester GAZ370. Belle gloriette avec la particularit\u00e9 d'avoir une forme hexagonale.<\/p>\n<p>Ce produit est dot\u00e9 d'un cadre en fer \u00e9poxy de couleur anthracite.I <strong>Poteaux de 60 mm de diam\u00e8tre<\/strong>garantissent une bonne prise en main. En effet, le produit est robuste et stable. La structure en fer et la peinture \u00e9poxy de couleur anthracite garantissent une bonne prise en main.<span class=\"ILfuVd\"><span class=\"hgKElc\">haute r\u00e9sistance \u00e0 la corrosion<\/span><\/span>.<\/p>\n<p>Le toit de ce gazebo est fait de <strong>polyester enduit de r\u00e9sine <\/strong>Le poids de 210 g de couleur sable avec coupe-vent offre une excellente couverture tout en filtrant les rayons du soleil. Le polyester r\u00e9sin\u00e9 est un mat\u00e9riau qui pr\u00e9sente une bonne r\u00e9sistance \u00e0 la perm\u00e9abilit\u00e9 \u00e0 l'eau. Il ne s'agit pas d'un produit d\u00e9perlant, mais l'enduction de r\u00e9sine donne de la solidit\u00e9 aux mailles du tissu polyester. Cela permet de limiter la p\u00e9n\u00e9tration de l'eau de pluie. Le gazebo est livr\u00e9 avec des rideaux lat\u00e9raux de couleur \u00e9crue.<\/p>\n<p>&nbsp;<\/p>\n<h2><\/h2>\n<h2><img loading=\"lazy\" decoding=\"async\" class=\"size-full wp-image-170102 aligncenter\" src=\"https:\/\/res.cloudinary.com\/dl3yepmtd\/images\/w_800,h_600\/v1648717017\/MOIGAZ370\/gazebo-in_ferro-esagonale-diametro_4_metri-GAZ_370\/gazebo-in_ferro-esagonale-diametro_4_metri-GAZ_370.jpg?_i=AA\" alt=\"Gloriette hexagonale en fer \u2205 4 m couverture polyester sable GAZ370\" width=\"800\" height=\"600\" srcset=\"https:\/\/www.elettrowebstore.com\/EWS_Store\/wp-content\/uploads\/gazebo-in_ferro-esagonale-diametro_4_metri-GAZ_370.jpg 800w, https:\/\/www.elettrowebstore.com\/EWS_Store\/wp-content\/uploads\/gazebo-in_ferro-esagonale-diametro_4_metri-GAZ_370-600x450.jpg 600w, https:\/\/www.elettrowebstore.com\/EWS_Store\/wp-content\/uploads\/gazebo-in_ferro-esagonale-diametro_4_metri-GAZ_370-768x576.jpg 768w\" sizes=\"auto, (max-width: 800px) 100vw, 800px\" \/><\/h2>\n<h2><\/h2>\n<h2><strong>D\u00e9tails de la gloriette hexagonale en fer \u2205 4 m sable couverture polyester GAZ370<br \/>\n<\/strong><\/h2>\n<p>Le produit est fourni <strong>en kit<\/strong>. Le gazebo GAZ370 est assembl\u00e9 par le client. Toute la quincaillerie n\u00e9cessaire est incluse dans le paquet. S'il manque des petites pi\u00e8ces (ce qui arrive rarement), elles peuvent \u00eatre facilement trouv\u00e9es dans les quincailleries.<\/p>\n<p>Le <strong>des rideaux lat\u00e9raux sont pr\u00e9vus<\/strong>. En fait, ils sont livr\u00e9s directement dans le paquet.<\/p>\n<p>&nbsp;<\/p>\n<h2><strong>Sp\u00e9cifications techniques<\/strong><\/h2>\n<ul>\n<li>Chapiteau hexagonal de 4 m\u00e8tres de diam\u00e8tre<\/li>\n<li>Hauteur totale au point le plus haut : 274 centim\u00e8tres<\/li>\n<li>\u00d8 60 mm structure du poteau.<\/li>\n<li>Cadre en fer avec peinture \u00e9poxy anthracite<\/li>\n<li>Polyester 210 g enduit de r\u00e9sine couleur sable<\/li>\n<li>Avec coupe-vent<\/li>\n<li>Complet avec rideaux lat\u00e9raux de couleur \u00e9cru<\/li>\n<li>Poids total : 44,7 kg<\/li>\n<li>Emballage : 1 paquet<\/li>\n<li>Fabriqu\u00e9 en Chine<\/li>\n<\/ul>\n<p>&nbsp;<\/p>\n<h2><strong>Garantie<\/strong><\/h2>\n<p>Le produit est couvert par <a href=\"https:\/\/www.elettrowebstore.com\/due-anni-di-garanzia-su-ogni-prodotto-acquistato\/\"><strong>garantie l\u00e9gale<\/strong><\/a>selon la page correspondante de notre site web, que nous vous invitons \u00e0 lire. Nous fournissons \u00e9galement des informations claires sur l'exercice du droit d'auteur. <a href=\"https:\/\/www.elettrowebstore.com\/diritto-di-recesso-restituzione-prodotti\/\"><strong>droit de r\u00e9tractation<\/strong><\/a>.<\/p>\n<p>Il n'existe pas de Centres d'Assistance Technique Agr\u00e9\u00e9s (CAT) sur le territoire national pour les produits de mobilier de jardin. L'installation des produits et des pi\u00e8ces d\u00e9tach\u00e9es rel\u00e8ve de la seule responsabilit\u00e9 de l'acheteur.<\/p>\n<p><strong>Les produits d'ameublement d'ext\u00e9rieur, bien que con\u00e7us pour \u00eatre utilis\u00e9s \u00e0 l'ext\u00e9rieur, n\u00e9cessitent \u00e9galement des soins et de l'attention.<\/strong>surtout lorsqu'il s'agit d'articles fabriqu\u00e9s dans des mat\u00e9riaux d\u00e9licats. Par cons\u00e9quent, l'achat d'un produit de jardin ne signifie pas l'achat d'un article indestructible ou sans entretien. Au contraire, certains mat\u00e9riaux tels que le bois, les r\u00e9sines, l'acier non galvanis\u00e9 n\u00e9cessitent un entretien, un nettoyage, une attention particuli\u00e8re. Les articles tels que les parasols et les gloriettes n\u00e9cessitent d'\u00e9viter l'effet de voile par mauvais temps (les parasols doivent \u00eatre ferm\u00e9s). En cas de fortes pluies ou de neige, les structures peuvent ne pas \u00eatre assez solides pour y r\u00e9sister.<\/p>\n<p>Par cons\u00e9quent, avant d'acheter, nous conseillons vivement \u00e0 tous les clients d'\u00e9valuer soigneusement leurs besoins et les qualit\u00e9s du produit.<\/p>\n<p>En effet, ni les fabricants ni ElettroWebStore ne peuvent remplacer sous garantie ou service des articles qui, bien qu'achet\u00e9s r\u00e9cemment, sont us\u00e9s ou se sont d\u00e9t\u00e9rior\u00e9s par rapport \u00e0 leur \u00e9tat d'origine.<\/p>\n<p>De plus amples informations sur la l\u00e9gislation applicable sont disponibles sur le site web de l'Agence europ\u00e9enne des droits fondamentaux.<a href=\"http:\/\/www.agcm.it\/consumatore\/decalogo\/5102-garanzia-del-venditore-guida-per-il-consumatore.html\"><strong>Autorit\u00e9 de la concurrence et du march\u00e9<\/strong><\/a>.<\/p>\n<p>Afin d'am\u00e9liorer la qualit\u00e9 des produits, le fabricant se r\u00e9serve le droit de modifier les mat\u00e9riaux et les caract\u00e9ristiques techniques de l'article sans pr\u00e9avis.  En outre, les descriptions et les images donn\u00e9es ici sont donc indicatives et peuvent varier l\u00e9g\u00e8rement par rapport au produit final.<\/p>\n<p>&nbsp;<\/p>\n<h2><strong>D\u00e9lai de livraison et disponibilit\u00e9 des produits<br \/>\n<\/strong><\/h2>\n<p>Les produits de mobilier d'ext\u00e9rieur sont import\u00e9s. Leur disponibilit\u00e9 peut varier sans pr\u00e9avis, m\u00eame si le site Internet indique que les produits sont disponibles. C'est pourquoi, en cas d'urgence ou d'informations plus d\u00e9taill\u00e9es, nous vous invitons \u00e0 <a href=\"https:\/\/www.elettrowebstore.com\/contatta-lo-staff-di-elettrowebstore\/\"><strong>nous contacter par e-mail<\/strong><\/a> pour plus de pr\u00e9cisions.<\/p>\n<p>Si le produit est disponible pour une livraison imm\u00e9diate dans l'un de nos entrep\u00f4ts, il peut \u00eatre command\u00e9 imm\u00e9diatement. Il est alors exp\u00e9di\u00e9 depuis ElettroWebStore.<strong> dans les 10 jours ouvrables suivant la date d'achat<\/strong>.<\/p>\n<p>En outre, tous les envois d'ElettroWebStore sont exempts de frais de transport !<\/p>\n<p>Outre les transporteurs mentionn\u00e9s ci-dessous, ElettroWebStore fait \u00e9galement appel \u00e0 d'autres transitaires nationaux disposant de correspondants locaux pour l'exp\u00e9dition d'articles volumineux. Ces derniers sont g\u00e9n\u00e9ralement sp\u00e9cialis\u00e9s dans l'exp\u00e9dition et la livraison d'articles volumineux car ils disposent de correspondants locaux sp\u00e9cifiques sur le territoire national.<\/p>\n<p>Nous vous rappelons que :<\/p>\n<ol>\n<li>les marchandises sont livr\u00e9es au rez-de-chauss\u00e9e, face \u00e0 la rue. Il n'y a pas de livraison \u00e0 l'\u00e9tage sauf accord sp\u00e9cifique avec ElettroWebStore ;<\/li>\n<li>Compte tenu du volume de nombreux articles de mobilier d'ext\u00e9rieur, il est toujours bon d'\u00e9valuer soigneusement les colis avant de les d\u00e9charger, en notant sur le document de transport ou sur le terminal du transporteur les \u00e9ventuels d\u00e9fauts ext\u00e9rieurs du produit.<\/li>\n<\/ol>\n<p><img loading=\"lazy\" decoding=\"async\" class=\"aligncenter size-full wp-image-41372\" src=\"https:\/\/www.elettrowebstore.com\/EWS_Store\/wp-content\/uploads\/.\/elettrowebstore-spedizione-con-corrieri-brt-sda-dhl-nexive-ld.jpg\" alt=\"Voici les transporteurs avec lesquels ElettroWebStore.com exp\u00e9die ses produits\" width=\"800\" height=\"189\" srcset=\"https:\/\/www.elettrowebstore.com\/EWS_Store\/wp-content\/uploads\/elettrowebstore-spedizione-con-corrieri-brt-sda-dhl-nexive-ld.jpg 800w, https:\/\/www.elettrowebstore.com\/EWS_Store\/wp-content\/uploads\/elettrowebstore-spedizione-con-corrieri-brt-sda-dhl-nexive-ld-600x142.jpg 600w, https:\/\/www.elettrowebstore.com\/EWS_Store\/wp-content\/uploads\/elettrowebstore-spedizione-con-corrieri-brt-sda-dhl-nexive-ld-768x181.jpg 768w\" sizes=\"auto, (max-width: 800px) 100vw, 800px\" \/><\/p>\n<p>&nbsp;<\/p>\n<h2><strong>Modes de paiement accept\u00e9s<\/strong><\/h2>\n<p><strong>Sur le site d'ElettroWebStore, vous pouvez payer avec toutes les m\u00e9thodes courantes<\/strong>\u00e0 la fois sp\u00e9cifiques \u00e0 Internet (telles que les cartes pr\u00e9pay\u00e9es) et traditionnelles (telles que les cartes de cr\u00e9dit classiques).<\/p>\n<p><img loading=\"lazy\" decoding=\"async\" class=\"aligncenter size-full wp-image-41371\" src=\"https:\/\/www.elettrowebstore.com\/EWS_Store\/wp-content\/uploads\/.\/elettrowebstore-pagamenti-accettati-ld.jpg\" alt=\"Voici les m\u00e9thodes de paiement accept\u00e9es par ElettroWebStore.com\" width=\"800\" height=\"199\" srcset=\"https:\/\/www.elettrowebstore.com\/EWS_Store\/wp-content\/uploads\/elettrowebstore-pagamenti-accettati-ld.jpg 800w, https:\/\/www.elettrowebstore.com\/EWS_Store\/wp-content\/uploads\/elettrowebstore-pagamenti-accettati-ld-600x149.jpg 600w, https:\/\/www.elettrowebstore.com\/EWS_Store\/wp-content\/uploads\/elettrowebstore-pagamenti-accettati-ld-768x191.jpg 768w\" sizes=\"auto, (max-width: 800px) 100vw, 800px\" \/><\/p>\n<p>&nbsp;<\/p>\n<p>Tous les paiements sont effectu\u00e9s par l'interm\u00e9diaire du <a href=\"https:\/\/www.paypal.com\/it\/webapps\/mpp\/paypal-safety-and-security\"><strong>Paypal<\/strong><\/a>. De plus, m\u00eame si vous n'avez pas Paypal, vous pouvez toujours payer sans vous inscrire et sans enregistrer vos donn\u00e9es d'identification. Il vous suffit d'entrer vos coordonn\u00e9es dans les pages Paypal.<\/p>\n<p>En aucun cas <a href=\"http:\/\/www.elettrowebstore.com\"><strong>ElettroWebStore<\/strong><\/a> g\u00e9rer les donn\u00e9es de votre carte de paiement ou en prendre connaissance. En effet, les <a href=\"http:\/\/www.elettrowebstore.com\"><strong>ElettroWebStore<\/strong><\/a> ne verra que si le paiement a \u00e9t\u00e9 effectu\u00e9 ou non !<\/p>\n<p>Notre site utilise les protocoles HTTPS, qui garantissent des normes de s\u00e9curit\u00e9 \u00e9lev\u00e9es pour les utilisateurs !<\/p>","protected":false},"excerpt":{"rendered":"<p>Gazebo hexagonal en fer \u2205 4 m sable GAZ370 couverture polyester, rideaux lat\u00e9raux \u00e9crus inclus.<\/p>","protected":false},"featured_media":170102,"template":"","meta":[],"product_brand":[],"product_cat":[18],"product_tag":[2331,980,1178,2333,781,792,779,794],"class_list":{"0":"post-170094","1":"product","2":"type-product","3":"status-publish","4":"has-post-thumbnail","6":"product_cat-arredo_giardino_esterno_outdoor","7":"product_tag-210gr","8":"product_tag-esagonale","9":"product_tag-ferro","10":"product_tag-gaz370","11":"product_tag-gazebo","12":"product_tag-metri","13":"product_tag-poliestere","14":"product_tag-tende-laterali","15":"product_shipping_class-garden","17":"first","18":"outofstock","19":"taxable","20":"shipping-taxable","21":"purchasable","22":"product-type-simple"},"_links":{"self":[{"href":"https:\/\/www.elettrowebstore.com\/fr\/wp-json\/wp\/v2\/product\/170094","targetHints":{"allow":["GET"]}}],"collection":[{"href":"https:\/\/www.elettrowebstore.com\/fr\/wp-json\/wp\/v2\/product"}],"about":[{"href":"https:\/\/www.elettrowebstore.com\/fr\/wp-json\/wp\/v2\/types\/product"}],"wp:featuredmedia":[{"embeddable":true,"href":"https:\/\/www.elettrowebstore.com\/fr\/wp-json\/wp\/v2\/media\/170102"}],"wp:attachment":[{"href":"https:\/\/www.elettrowebstore.com\/fr\/wp-json\/wp\/v2\/media?parent=170094"}],"wp:term":[{"taxonomy":"product_brand","embeddable":true,"href":"https:\/\/www.elettrowebstore.com\/fr\/wp-json\/wp\/v2\/product_brand?post=170094"},{"taxonomy":"product_cat","embeddable":true,"href":"https:\/\/www.elettrowebstore.com\/fr\/wp-json\/wp\/v2\/product_cat?post=170094"},{"taxonomy":"product_tag","embeddable":true,"href":"https:\/\/www.elettrowebstore.com\/fr\/wp-json\/wp\/v2\/product_tag?post=170094"}],"curies":[{"name":"wp","href":"https:\/\/api.w.org\/{rel}","templated":true}]}}