{"id":166933,"date":"2022-03-16T16:09:33","date_gmt":"2022-03-16T15:09:33","guid":{"rendered":"https:\/\/www.elettrowebstore.com\/?post_type=product&#038;p=166933"},"modified":"2025-09-18T17:16:58","modified_gmt":"2025-09-18T15:16:58","slug":"voliera-ottagonale-cm-240-diametro-h-270-mod-l22b","status":"publish","type":"product","link":"https:\/\/www.elettrowebstore.com\/fr\/shop\/voliere-octogonale-cm-240-diametre-h-270-mod-l22b\/","title":{"rendered":"FLYER octogonal cm 240 diam\u00e8tre H 250 - MOD. L22B"},"content":{"rendered":"<h2><strong>FLYER octogonal cm 240 diam\u00e8tre H 250 - MOD. L22B<\/strong><\/h2>\n<p>La cage\u00a0<strong>FLYER octogonal cm 240 diam\u00e8tre H 240 - MOD. L22B <\/strong>est une voli\u00e8re robuste pour des oiseaux de diff\u00e9rentes esp\u00e8ces. Elle convient \u00e0 ceux qui ont un jardin et qui aiment les oiseaux. Les dimensions de cette voli\u00e8re sont de 85 cm de c\u00f4t\u00e9 et de 250 cm de haut au point le plus large. La base au point le plus large est de 203 cm. La largeur totale, y compris l'avanc\u00e9e du toit, est de 240 cm.<\/p>\n<p>La <strong>FLYER octogonal cm 240 diam\u00e8tre H 250 - MOD. L22B. <\/strong>Il n'a pas de fond ni de pieds, mais repose directement sur le sol et se termine par un toit pyramidal qui atteint une hauteur maximale de 250 cm.<\/p>\n<p>En outre, la voli\u00e8re est \u00e9quip\u00e9e d'une porte \u00e0 charni\u00e8res de 54 x 130h cm. Cette voli\u00e8re est enti\u00e8rement constitu\u00e9e de t\u00f4le et de grillage galvanis\u00e9s peints au four et est livr\u00e9e dans des bo\u00eetes avec un kit de montage pratique. Enfin, \u00e0 l'int\u00e9rieur des bo\u00eetes, vous trouverez la feuille d'instructions pour un montage correct.<\/p>\n<p>&nbsp;<\/p>\n<p><img loading=\"lazy\" decoding=\"async\" class=\"size-full wp-image-166939 aligncenter\" src=\"https:\/\/www.elettrowebstore.com\/EWS_Store\/wp-content\/uploads\/.\/voliera-ottagonale-L22B.jpg\" alt=\"FLYER octogonal cm 240 diam\u00e8tre, H 270 - MOD. L22B\" width=\"800\" height=\"600\" srcset=\"https:\/\/www.elettrowebstore.com\/EWS_Store\/wp-content\/uploads\/voliera-ottagonale-L22B.jpg 800w, https:\/\/www.elettrowebstore.com\/EWS_Store\/wp-content\/uploads\/voliera-ottagonale-L22B-600x450.jpg 600w, https:\/\/www.elettrowebstore.com\/EWS_Store\/wp-content\/uploads\/voliera-ottagonale-L22B-768x576.jpg 768w\" sizes=\"auto, (max-width: 800px) 100vw, 800px\" \/><\/p>\n<h2><strong>Caract\u00e9ristiques techniques du FLYER octogonal cm 240 diam\u00e8tre H 250 - MOD. L22B<br \/>\n<\/strong><\/h2>\n<ul>\n<li>Dimensions : cm 85 x c\u00f4t\u00e9 - h.cm 250<\/li>\n<li>Sans jambes ni fond<\/li>\n<li>Avec une porte \u00e0 charni\u00e8res de 54 x 130 h cm, avec une porte grillag\u00e9e de 20 x 20 cm ins\u00e9r\u00e9e dans un panneau.<\/li>\n<li>Empreinte au sol, toit compris, cm 240<\/li>\n<li>Maille mm 12 x 25<\/li>\n<\/ul>\n<p>&nbsp;<\/p>\n<h2><strong>Garantie<\/strong><\/h2>\n<p>Le produit est couvert par <a href=\"https:\/\/www.elettrowebstore.com\/due-anni-di-garanzia-su-ogni-prodotto-acquistato\/\" target=\"_blank\" rel=\"noopener\"><strong>garantie l\u00e9gale<\/strong><\/a>selon la page correspondante de notre site web, que nous vous invitons \u00e0 lire.<\/p>\n<p>&nbsp;<\/p>\n<h2><strong>Exclusion du droit de r\u00e9tractation<\/strong><\/h2>\n<p>Toutes les cages pr\u00e9sent\u00e9es sur notre site sont fabriqu\u00e9es \u00e0 la main. Elles sont donc assembl\u00e9es et exp\u00e9di\u00e9es sp\u00e9cifiquement pour le client qui les ach\u00e8te. Pour cette raison, il n'est pas possible de faire usage du droit de r\u00e9tractation lors de l'achat de ce type d'article.<\/p>\n<p>Pour plus d'informations, veuillez consulter notre page sur la <a href=\"https:\/\/www.elettrowebstore.com\/diritto-di-recesso-restituzione-prodotti\/\" target=\"_blank\" rel=\"noopener\"><strong>droit de r\u00e9tractation<\/strong><\/a>.<\/p>\n<p>&nbsp;<\/p>\n<h2><strong>D\u00e9lai de livraison<\/strong><\/h2>\n<p>Ce produit est disponible et le d\u00e9lai de livraison est d'au moins 10 jours ouvrables \u00e0 partir du moment du paiement et n'est pas contraignant, car les articles sont souvent en r\u00e9approvisionnement. Nous utilisons le transporteur BRT pour l'exp\u00e9dition. Les services tels que la livraison \u00e0 l'\u00e9tage, sur rendez-vous, le portage, sont tous suppl\u00e9mentaires et payants. Si vous avez besoin d'un service particulier, veuillez nous contacter avant d'acheter afin que nous puissions vous aider \u00e0 choisir le service qui vous convient le mieux !<\/p>\n<p>En outre, tous les envois d'ElettroWebStore en Italie sont exempts de frais de transport (\u00e0 l'exception des envois vers des zones particuli\u00e8rement difficiles d'acc\u00e8s) !<\/p>\n<p>Si vous achetez en dehors de l'Italie, le syst\u00e8me calcule des frais d'exp\u00e9dition forfaitaires. Si vous constatez que, par rapport au poids du produit choisi, les frais d'envoi vous semblent excessifs ou disproportionn\u00e9s, finalisez votre commande sans payer et <a href=\"https:\/\/www.elettrowebstore.com\/contatta-lo-staff-di-elettrowebstore\/\"><strong>nous contacter<\/strong><\/a>! Nous \u00e9valuerons et, si n\u00e9cessaire, ajusterons les frais d'exp\u00e9dition \u00e0 l'\u00e9tranger !<\/p>\n<p><img loading=\"lazy\" decoding=\"async\" class=\"aligncenter size-full wp-image-41372\" src=\"https:\/\/www.elettrowebstore.com\/EWS_Store\/wp-content\/uploads\/.\/elettrowebstore-spedizione-con-corrieri-brt-sda-dhl-nexive-ld.jpg\" alt=\"Voici les transporteurs avec lesquels ElettroWebStore.com exp\u00e9die ses produits\" width=\"800\" height=\"189\" srcset=\"https:\/\/www.elettrowebstore.com\/EWS_Store\/wp-content\/uploads\/elettrowebstore-spedizione-con-corrieri-brt-sda-dhl-nexive-ld.jpg 800w, https:\/\/www.elettrowebstore.com\/EWS_Store\/wp-content\/uploads\/elettrowebstore-spedizione-con-corrieri-brt-sda-dhl-nexive-ld-600x142.jpg 600w, https:\/\/www.elettrowebstore.com\/EWS_Store\/wp-content\/uploads\/elettrowebstore-spedizione-con-corrieri-brt-sda-dhl-nexive-ld-768x181.jpg 768w\" sizes=\"auto, (max-width: 800px) 100vw, 800px\" \/><\/p>\n<p>&nbsp;<\/p>\n<h2><strong>Modes de paiement accept\u00e9s<\/strong><\/h2>\n<p><strong>Sur le site d'ElettroWebStore, vous pouvez payer avec toutes les m\u00e9thodes courantes<\/strong>\u00e0 la fois sp\u00e9cifiques \u00e0 Internet (telles que les cartes pr\u00e9pay\u00e9es) et traditionnelles (telles que les cartes de cr\u00e9dit classiques).<\/p>\n<p><img loading=\"lazy\" decoding=\"async\" class=\"aligncenter size-full wp-image-41371\" src=\"https:\/\/www.elettrowebstore.com\/EWS_Store\/wp-content\/uploads\/.\/elettrowebstore-pagamenti-accettati-ld.jpg\" alt=\"Voici les m\u00e9thodes de paiement accept\u00e9es par ElettroWebStore.com\" width=\"800\" height=\"199\" srcset=\"https:\/\/www.elettrowebstore.com\/EWS_Store\/wp-content\/uploads\/elettrowebstore-pagamenti-accettati-ld.jpg 800w, https:\/\/www.elettrowebstore.com\/EWS_Store\/wp-content\/uploads\/elettrowebstore-pagamenti-accettati-ld-600x149.jpg 600w, https:\/\/www.elettrowebstore.com\/EWS_Store\/wp-content\/uploads\/elettrowebstore-pagamenti-accettati-ld-768x191.jpg 768w\" sizes=\"auto, (max-width: 800px) 100vw, 800px\" \/><\/p>\n<p>&nbsp;<\/p>\n<p>Tous les paiements sont effectu\u00e9s par l'interm\u00e9diaire de <a href=\"https:\/\/www.paypal.com\/it\/webapps\/mpp\/paypal-safety-and-security\"><strong>Paypal<\/strong><\/a>. De plus, m\u00eame si vous ne disposez pas de Paypal, vous pouvez payer sans vous inscrire et sans enregistrer vos donn\u00e9es d'identification. Il vous suffit de saisir vos donn\u00e9es dans les champs appropri\u00e9s. Le syst\u00e8me est crypt\u00e9 et prot\u00e9g\u00e9 et vos donn\u00e9es ne seront en aucun cas communiqu\u00e9es \u00e0 ElettroWebStore. En fait, ElettroWebStore peut seulement voir si votre paiement a \u00e9t\u00e9 effectu\u00e9 ou non et seulement les informations que vous d\u00e9cidez d'introduire !<\/p>\n<p>En aucun cas <a href=\"http:\/\/www.elettrowebstore.com\"><strong>ElettroWebStore<\/strong><\/a> g\u00e9rer les donn\u00e9es de votre carte de paiement ou en prendre connaissance. En effet, les <a href=\"http:\/\/www.elettrowebstore.com\"><strong>ElettroWebStore<\/strong><\/a> ne verra que si le paiement a \u00e9t\u00e9 effectu\u00e9 ou non !<\/p>\n<p>Notre site utilise les protocoles HTTPS, qui garantissent des normes de s\u00e9curit\u00e9 \u00e9lev\u00e9es pour les utilisateurs !<\/p>","protected":false},"excerpt":{"rendered":"<p><strong>FLYER octogonal cm 240 diam\u00e8tre, H 270 - MOD. L22B<\/strong><\/p>","protected":false},"featured_media":166939,"template":"","meta":[],"product_brand":[],"product_cat":[975],"product_tag":[667,42,2254,979,2255,977],"class_list":{"0":"post-166933","1":"product","2":"type-product","3":"status-publish","4":"has-post-thumbnail","6":"product_cat-articoli-per-animali","7":"product_tag-animali","8":"product_tag-gabbia","9":"product_tag-l22b","10":"product_tag-lamiera","11":"product_tag-ottagonale","12":"product_tag-voliera","13":"product_shipping_class-garden","15":"first","16":"instock","17":"taxable","18":"shipping-taxable","19":"purchasable","20":"product-type-simple"},"_links":{"self":[{"href":"https:\/\/www.elettrowebstore.com\/fr\/wp-json\/wp\/v2\/product\/166933","targetHints":{"allow":["GET"]}}],"collection":[{"href":"https:\/\/www.elettrowebstore.com\/fr\/wp-json\/wp\/v2\/product"}],"about":[{"href":"https:\/\/www.elettrowebstore.com\/fr\/wp-json\/wp\/v2\/types\/product"}],"wp:featuredmedia":[{"embeddable":true,"href":"https:\/\/www.elettrowebstore.com\/fr\/wp-json\/wp\/v2\/media\/166939"}],"wp:attachment":[{"href":"https:\/\/www.elettrowebstore.com\/fr\/wp-json\/wp\/v2\/media?parent=166933"}],"wp:term":[{"taxonomy":"product_brand","embeddable":true,"href":"https:\/\/www.elettrowebstore.com\/fr\/wp-json\/wp\/v2\/product_brand?post=166933"},{"taxonomy":"product_cat","embeddable":true,"href":"https:\/\/www.elettrowebstore.com\/fr\/wp-json\/wp\/v2\/product_cat?post=166933"},{"taxonomy":"product_tag","embeddable":true,"href":"https:\/\/www.elettrowebstore.com\/fr\/wp-json\/wp\/v2\/product_tag?post=166933"}],"curies":[{"name":"wp","href":"https:\/\/api.w.org\/{rel}","templated":true}]}}