{"id":163895,"date":"2022-02-21T12:05:18","date_gmt":"2022-02-21T11:05:18","guid":{"rendered":"https:\/\/www.elettrowebstore.com\/?post_type=product&#038;p=163895"},"modified":"2026-01-01T06:21:20","modified_gmt":"2026-01-01T05:21:20","slug":"gel-igienizzante-lavamani-alcolico-covid19","status":"publish","type":"product","link":"https:\/\/www.elettrowebstore.com\/fr\/shop\/gel-desinfectant-alcoolique-pour-le-lavage-des-mains-covid19\/","title":{"rendered":"Gel alcoolis\u00e9 pour le lavage des mains covid19"},"content":{"rendered":"<h2><strong>Gel alcoolis\u00e9 pour le lavage des mains covid19<\/strong><\/h2>\n<p>Gel d\u00e9sinfectant \u00e0 base d'alcool pour le lavage des mains Covid19 65%-75%. Fabriqu\u00e9 par <strong><a href=\"https:\/\/arcochimica.it\/chi-siamo\/\" target=\"_blank\" rel=\"noopener\">Arco S.r.l.<\/a><\/strong>, ligne de <strong><a href=\"https:\/\/arcochimica.it\/prodotti\/arco\/igienizzanti-mani\/hygi-gel\/\" target=\"_blank\" rel=\"noopener\">Hygi Gel sanitisers<\/a><\/strong>. Il est propos\u00e9 dans diff\u00e9rents formats. Ce type de gel est antibact\u00e9rien, assainissant, contre les germes et les bact\u00e9ries, d\u00e9sinfectant (mais pas \"d\u00e9sinfectant\" au sens m\u00e9dical), bact\u00e9ricide, viruricide, professionnel, anti-Covid-19.<\/p>\n<p>Ce gel d\u00e9sinfectant pour les mains est disponible dans diff\u00e9rents emballages :<\/p>\n<ul>\n<li>flacon avec bouchon de 100 ml<\/li>\n<li>distributeur avec pompe de 500 ml<\/li>\n<li>Bidon de 5 000 ml avec bouchon \u00e0 vis<\/li>\n<\/ul>\n<p><img loading=\"lazy\" decoding=\"async\" class=\"aligncenter size-full wp-image-642130\" src=\"https:\/\/res.cloudinary.com\/dl3yepmtd\/images\/w_600,h_600,c_fill\/v1673544418\/GEL\/gel-igienizzante-lavamani-alcolico-covid19-hygi-arco-antibatterico-sanificante-1\/gel-igienizzante-lavamani-alcolico-covid19-hygi-arco-antibatterico-sanificante-1.jpg?_i=AA\" alt=\"gel-hygi-eau-de-lavage-bio-covid19-hygi-arco-antibact\u00e9rien-assainissement\" width=\"600\" height=\"600\" srcset=\"https:\/\/www.elettrowebstore.com\/EWS_Store\/wp-content\/uploads\/gel-igienizzante-lavamani-alcolico-covid19-hygi-arco-antibatterico-sanificante-1.jpg 600w, https:\/\/www.elettrowebstore.com\/EWS_Store\/wp-content\/uploads\/gel-igienizzante-lavamani-alcolico-covid19-hygi-arco-antibatterico-sanificante-1-200x200.jpg 200w, https:\/\/www.elettrowebstore.com\/EWS_Store\/wp-content\/uploads\/gel-igienizzante-lavamani-alcolico-covid19-hygi-arco-antibatterico-sanificante-1-100x100.jpg 100w\" sizes=\"auto, (max-width: 600px) 100vw, 600px\" \/><\/p>\n<h2><strong>Sp\u00e9cifications techniques<\/strong><\/h2>\n<p>Voici les principales caract\u00e9ristiques techniques du Gel d\u00e9sinfectant pour le lavage des mains Higy \u00e0 base d'alcool, flacon de 1 100 ml :<strong><br \/>\n<\/strong><\/p>\n<ul>\n<li>\u00c9tat physique : gel<\/li>\n<li>Couleur : incolore<\/li>\n<li>Odeur : alcool<\/li>\n<li>PH : 7<\/li>\n<li>A base d'alcool 65-75%<strong><br \/>\n<\/strong><\/li>\n<\/ul>\n<p>&nbsp;<\/p>\n<h2><strong>Description<\/strong><\/h2>\n<p>Hygi est un gel de lavage des mains \u00e0 base d'alcool sp\u00e9cialement con\u00e7u pour lutter contre le covid19. <strong>Permet d'assainir les mains par frottement<\/strong> entre elles. En fait, les mains sont d\u00e9sinfect\u00e9es sans qu'il soit n\u00e9cessaire de les rincer.<\/p>\n<p><strong>Il suffit d'une petite quantit\u00e9 de produit pour qu'il agisse en quelques secondes.<\/strong>. Il s'agit d'un produit professionnel, tr\u00e8s pratique et commode que vous pouvez toujours emporter avec vous et utiliser lorsque vous n'avez pas d'eau et de savon. C'est la solution id\u00e9ale pour ceux qui veulent avoir sur eux un produit pour se d\u00e9sinfecter les mains.<\/p>\n<p>\u00c0 partir de cette publicit\u00e9, le produit peut \u00eatre achet\u00e9 en <strong>trois paquets diff\u00e9rents<\/strong>. En effet, vous pouvez choisir entre le flacon de 100 ml, tr\u00e8s pratique \u00e0 transporter dans votre sac ou votre veste, ou m\u00eame dans la voiture ; le distributeur avec pompe doseuse, sp\u00e9cifique pour le comptoir et pouvant \u00eatre plac\u00e9 sur toute surface plane (bureau, armoire, sol, etc.) ; le bidon de 5 litres avec bouchon \u00e0 vis, pour pouvoir recharger vos propres flacons ou les distributeurs d\u00e9j\u00e0 achet\u00e9s.<\/p>\n<p><strong>Arco Hygi Gel est un gel d\u00e9sinfectant pour les mains compos\u00e9 d'alcool entre 65% et 75%.<\/strong>. Ce gel d\u00e9sinfectant pour le lavage des mains est un produit professionnel, con\u00e7u pour \u00eatre utilis\u00e9 dans les situations les plus dangereuses, telles que les h\u00f4pitaux, les maisons de retraite, etc. Il peut donc \u00eatre achet\u00e9 pour un usage personnel ou professionnel, m\u00eame dans le cadre d'activit\u00e9s ouvertes au public telles que les bars, les restaurants, les \u00e9coles, les bureaux, les magasins, etc.<\/p>\n<p>Avertissement : Gel hygi\u00e9nique <strong>n'est pas un d\u00e9sinfectant<\/strong> parce que l'\u00e9limination des bact\u00e9ries se fait m\u00e9caniquement, par frottement des mains.<\/p>\n<p>&nbsp;<\/p>\n<h2><strong>D\u00e9sinfection des mains<\/strong><\/h2>\n<p>L'utilisation de ce gel d\u00e9sinfectant \u00e0 forte teneur en alcool permet d'obtenir un effet antibact\u00e9rien puissant. En fait, le gel \u00e0 base d'alcool a un effet bact\u00e9ricide contre les germes et les bact\u00e9ries. En fait, bien qu'il ne soit pas techniquement classable comme d\u00e9sinfectant, le produit a un effet viruricide important pour r\u00e9duire le risque d'infection par le covid-19 ou d'autres coronavirus.<\/p>\n<p>L'effet d\u00e9sinfectant est obtenu en utilisant une petite quantit\u00e9 de gel, \u00e9quivalente \u00e0 environ 3-4 grains de riz, et en frottant fortement la paume et le dos, en suivant les instructions de l'OMS.<a href=\"https:\/\/www.salute.gov.it\/portale\/nuovocoronavirus\/dettaglioNotizieNuovoCoronavirus.jsp?lingua=italiano&amp;menu=notizie&amp;p=dalministero&amp;id=4287\" target=\"_blank\" rel=\"noopener\"><strong>Organisation mondiale de la sant\u00e9<\/strong><\/a>.<\/p>\n<p>En effet, ce sont les mains qui constituent le principal vecteur d'infection par le nouveau coronavirus Sars-cov2 ou covid19. Par cons\u00e9quent, une d\u00e9sinfection efficace des mains avec un produit comme Hygi gel, \u00e0 forte teneur en alcool, peut r\u00e9duire rapidement et efficacement le risque d'infection.<\/p>\n<p>Nous vous recommandons d'accorder une attention particuli\u00e8re \u00e0 l'assainissement de vos mains afin d'obtenir l'effet antivirus d\u00e9sir\u00e9.<\/p>\n<p>&nbsp;<\/p>\n<h2><strong>Informations techniques gel alcoolique pour le lavage des mains covid19<\/strong><\/h2>\n<ul>\n<li>Utilisations identifi\u00e9es pertinentes de la substance ou du m\u00e9lange et utilisations d\u00e9conseill\u00e9es : gel assainissant pour le lavage des mains<\/li>\n<li>N'utiliser que pour l'usage pr\u00e9vu par le fabricant<\/li>\n<li>Ingr\u00e9dients : ALCOOL DENAT (65-75%), AQUA, HYDROXYETHYLCELLULOSE, GLYCERIN, PEG-PPG 20\/6, PEG 75 LANOLIN, PARFUM, CITRIC ACID COSMETIC PRODUCT<\/li>\n<\/ul>\n<p>&nbsp;<\/p>\n<h2><b>Pourquoi<\/b><strong>\u00a0utiliser un gel d\u00e9sinfectant ?<\/strong><\/h2>\n<p>Le gel d\u00e9sinfectant pour les mains poss\u00e8de les caract\u00e9ristiques suivantes <strong>fonction permettant de se nettoyer les mains sans utiliser d'eau et sans devoir les rincer et les s\u00e9cher<\/strong>. Le nettoyage se fait en frottant la solution g\u00e9lifi\u00e9e sur la surface des mains. Le s\u00e9chage se fait \u00e0 l'air libre.<\/p>\n<p>Depuis l'entr\u00e9e en vigueur de la <strong>est g\u00e9n\u00e9ralement de l'alcool \u00e9thylique d\u00e9natur\u00e9<\/strong>Il agit rapidement sur les mains et s'\u00e9vapore. En m\u00eame temps, l'action m\u00e9canique de frottement permet d'\u00e9liminer les bact\u00e9ries et les virus.<\/p>\n<p>La fonction principale de ces produits est de <strong>assurer une bonne hygi\u00e8ne des mains dans toutes les situations o\u00f9 il n'est pas possible de se laver les mains<\/strong>. L'utilisation de ces produits est donc id\u00e9ale non seulement contre l'\u00e9pid\u00e9mie de corona-virus, mais aussi dans toutes les situations de la vie r\u00e9elle o\u00f9 l'on entre en contact avec des \u00e9quipements et des \u00e9l\u00e9ments susceptibles d'\u00eatre touch\u00e9s par de nombreuses personnes. Par exemple, les poign\u00e9es des chariots de supermarch\u00e9 ou les mains courantes des tramways ou des autobus, etc.<\/p>\n<p>&nbsp;<\/p>\n<h2><strong>Comment les gels d\u00e9sinfectants pour les mains sont-ils utilis\u00e9s ?<\/strong><\/h2>\n<p>Le gel d\u00e9sinfectant pour le lavage des mains propos\u00e9 dans cette publicit\u00e9, ainsi que dans toutes les publicit\u00e9s concurrentes, <strong>ne doivent \u00eatre utilis\u00e9s que sur les mains et non sur d'autres parties du corps<\/strong>. Il ne doit pas non plus \u00eatre utilis\u00e9 pour nettoyer des objets ou des surfaces. Il existe des produits sp\u00e9cifiquement con\u00e7us pour ce type d'activit\u00e9.<\/p>\n<p>Tout ce qu'il faut pour effectuer son action, c'est un<strong> petite quantit\u00e9 de gel appliqu\u00e9e dans la paume d'une main<\/strong>. Il suffit ensuite de frotter le gel lave-mains dans la paume de l'autre main et de continuer \u00e0 frotter jusqu'\u00e0 ce que le produit soit sec. Normalement, lorsqu'il est utilis\u00e9 en quantit\u00e9s normales, <strong>la proc\u00e9dure ne dure pas plus de 30 secondes ou une minute au maximum<\/strong>.<\/p>\n<p>Il est important de se rappeler qu'il est toujours bon de se laver les mains avec de l'eau et du savon lorsque c'est possible. C'est d'autant plus important lorsqu'elles sont tr\u00e8s sales.<\/p>\n<p>En outre, le <strong>le gel pour le lavage des mains ne doit pas \u00eatre utilis\u00e9 de mani\u00e8re excessive<\/strong>en particulier ceux \u00e0 base d'alcool. L'alcool contenu dans le gel lave-mains peut sensibiliser la peau et rougir l'\u00e9piderme. Si vous pensez devoir utiliser fr\u00e9quemment un gel lave-mains, il est conseill\u00e9 d'acheter une des solutions \u00e0 base de peroxyde d'hydrog\u00e8ne, c'est-\u00e0-dire d'eau oxyg\u00e9n\u00e9e.<\/p>\n<p>&nbsp;<\/p>\n<h2><strong>Quand faut-il utiliser le gel d\u00e9sinfectant pour les mains ?<\/strong><\/h2>\n<p>Les gels d\u00e9sinfectants pour les mains, qui ne n\u00e9cessitent pas de rin\u00e7age, peuvent \u00eatre utiles dans diverses situations :<\/p>\n<ul>\n<li>\u00e0 l'ext\u00e9rieur de la maison, lors d'excursions, en mangeant quelque chose dans la rue, apr\u00e8s avoir manipul\u00e9 des objets dans un magasin ;<\/li>\n<li>lors de d\u00e9placements, au contact de points soumis au passage du public, tels que ceux des avions, des trains, des m\u00e9tros ou des bus ;<\/li>\n<li>apr\u00e8s avoir utilis\u00e9 les toilettes, chang\u00e9 une couche, jet\u00e9 des d\u00e9tritus ou touch\u00e9 des chaussures ;<\/li>\n<li>chaque fois que vous vous mouchez, que vous toussez ou que vous \u00e9ternuez ;<\/li>\n<li>avant de soigner une plaie, de prendre un m\u00e9dicament et apr\u00e8s avoir touch\u00e9 une personne malade ou bless\u00e9e ;<\/li>\n<li>apr\u00e8s un contact avec un animal, son jouet ou sa laisse.<\/li>\n<\/ul>\n<p>&nbsp;<\/p>\n<h2><strong>Comment se d\u00e9sinfecter les mains avec un gel de lavage des mains<\/strong><\/h2>\n<p>La proc\u00e9dure \u00e0 suivre, comme indiqu\u00e9 ci-dessus, est similaire \u00e0 celle du lavage des mains au savon. On applique un <strong>une petite quantit\u00e9 de gel dans la paume de la main, en principe pas plus qu'une noix, mais encore moins<\/strong>. Une main est mass\u00e9e sur l'autre afin de r\u00e9partir le produit, en le faisant passer du bout des doigts au poignet, entre les doigts et sous les ongles (o\u00f9 se nichent la plupart des bact\u00e9ries).<\/p>\n<p>Il se poursuit avec le <strong>frotter, m\u00eame vigoureusement, pendant au moins trente secondes<\/strong>. Les bagues et les bracelets doivent \u00eatre retir\u00e9s \u00e0 ce stade, si possible, afin de faciliter la meilleure d\u00e9sinfection possible.<\/p>\n<p>Vous devez terminer l'activit\u00e9 lorsque vous sentez que le produit a s\u00e9ch\u00e9 sur vos mains.<\/p>\n<p>Apr\u00e8s la conclusion de la proc\u00e9dure, <strong>pas besoin de se rincer les mains<\/strong>. Il n'est pas appropri\u00e9 d'appliquer des cr\u00e8mes ou des pommades sur les mains apr\u00e8s la fin de l'activit\u00e9 de d\u00e9sinfection au gel.<\/p>\n<p>&nbsp;<\/p>\n<h2><strong>Qui fabrique ce produit ?<\/strong><\/h2>\n<p>Le produit chimique propos\u00e9 dans cette annonce est fabriqu\u00e9 par ARCO S.r.l.<\/p>\n<p>ARCO est une entreprise chimique certifi\u00e9e UNI EN ISO 9001 : 2000 et ISO 14001 qui formule et fabrique des produits destin\u00e9s au march\u00e9 du nettoyage et de l'assainissement industriels, \u00e0 l'industrie alimentaire, \u00e0 la restauration, etc.<\/p>\n<p>La production est r\u00e9alis\u00e9e dans l'usine de Medolla (MO) en Italie gr\u00e2ce \u00e0 une s\u00e9rie de lignes de production de haute technologie. Celles-ci permettent en effet de produire une moyenne quotidienne de 26 000 kg de produits d\u00e9tergents.<\/p>\n<p>De plus amples informations sur cette soci\u00e9t\u00e9 sont disponibles \u00e0 l'adresse suivante <a href=\"http:\/\/arcochimica.it\/chi-siamo\/\"><strong>site web de l'entreprise<\/strong><\/a>.<\/p>","protected":false},"excerpt":{"rendered":"<p>Gel d\u00e9sinfectant \u00e0 base d'alcool pour le lavage des mains Arco Hygi 65%-75%. Antibact\u00e9rien, d\u00e9sinfectant, contre les germes et les bact\u00e9ries, bact\u00e9ricide, viruricide, professionnel, anti Covid-19. Disponible dans diff\u00e9rents types de conditionnement : flacon de 100 millilitres avec bouchon, <span style=\"color: #333333;\">distributeur avec pompe de 500 millilitres, <\/span><span style=\"color: #333333;\">Bidon de 5 000 millilitres avec bouchon \u00e0 vis. Produits en stock. Livraison en Italie incluse pour les commandes sup\u00e9rieures \u00e0 100 euros.<\/span><\/p>","protected":false},"featured_media":642130,"template":"","meta":[],"product_brand":[],"product_cat":[1584],"product_tag":[2200,1594,1593,1592,1562,2673,1599,2677,2675,2681,2679,2676,2201,1628,1590,1629,1589,1597,1591,1596,1627,2674,1630,2680,1595,2678],"class_list":{"0":"post-163895","1":"product","2":"type-product","3":"status-publish","4":"has-post-thumbnail","6":"product_cat-dispositivi-anti-covid-19","7":"product_tag-100-ml","8":"product_tag-65-75","9":"product_tag-alcol","10":"product_tag-alcolico","11":"product_tag-anti-covid19","12":"product_tag-antibatterico","13":"product_tag-arco","14":"product_tag-battericida","15":"product_tag-contro-germi-e-batteri","16":"product_tag-coronavirus","17":"product_tag-covid19","18":"product_tag-disinfettante","19":"product_tag-dosatore","20":"product_tag-free","21":"product_tag-gel","22":"product_tag-gel-hand","23":"product_tag-hygi","24":"product_tag-igienizzante","25":"product_tag-lavamani","26":"product_tag-per-mani","27":"product_tag-rinse","28":"product_tag-sanificante","29":"product_tag-sanitizer","30":"product_tag-sarscov2","31":"product_tag-senza-risciacquo","32":"product_tag-viruricida","33":"product_shipping_class-pe","35":"first","36":"instock","37":"featured","38":"taxable","39":"shipping-taxable","40":"purchasable","41":"product-type-variable","42":"has-default-attributes"},"_links":{"self":[{"href":"https:\/\/www.elettrowebstore.com\/fr\/wp-json\/wp\/v2\/product\/163895","targetHints":{"allow":["GET"]}}],"collection":[{"href":"https:\/\/www.elettrowebstore.com\/fr\/wp-json\/wp\/v2\/product"}],"about":[{"href":"https:\/\/www.elettrowebstore.com\/fr\/wp-json\/wp\/v2\/types\/product"}],"wp:featuredmedia":[{"embeddable":true,"href":"https:\/\/www.elettrowebstore.com\/fr\/wp-json\/wp\/v2\/media\/642130"}],"wp:attachment":[{"href":"https:\/\/www.elettrowebstore.com\/fr\/wp-json\/wp\/v2\/media?parent=163895"}],"wp:term":[{"taxonomy":"product_brand","embeddable":true,"href":"https:\/\/www.elettrowebstore.com\/fr\/wp-json\/wp\/v2\/product_brand?post=163895"},{"taxonomy":"product_cat","embeddable":true,"href":"https:\/\/www.elettrowebstore.com\/fr\/wp-json\/wp\/v2\/product_cat?post=163895"},{"taxonomy":"product_tag","embeddable":true,"href":"https:\/\/www.elettrowebstore.com\/fr\/wp-json\/wp\/v2\/product_tag?post=163895"}],"curies":[{"name":"wp","href":"https:\/\/api.w.org\/{rel}","templated":true}]}}