{"id":160580,"date":"2022-01-14T16:16:57","date_gmt":"2022-01-14T15:16:57","guid":{"rendered":"https:\/\/www.elettrowebstore.com\/?post_type=product&#038;p=160580"},"modified":"2025-02-21T14:34:56","modified_gmt":"2025-02-21T13:34:56","slug":"reber-professional-40-macchina-sottovuoto-professionale-9714nel","status":"publish","type":"product","link":"https:\/\/www.elettrowebstore.com\/fr\/shop\/reber-professional-40-machine-a-aspirer-professionnelle-9714nel\/","title":{"rendered":"Reber Professional 40 aspirateur professionnel 9714NEL"},"content":{"rendered":"<h2><strong>Reber Professional 40 aspirateur professionnel 9714NEL<\/strong><\/h2>\n<p>Reber Professional 40 machine professionnelle \u00e0 emballer sous vide 9714NEL barre de soudure 43 cm. Le mod\u00e8le 9714NEL est un appareil professionnel pour la mise sous vide des denr\u00e9es alimentaires,<strong> caract\u00e9ris\u00e9 par un syst\u00e8me d'admission d'air liquide \u00e0 s\u00e9paration interne<\/strong>. Cette machine \u00e0 vide \u00e0 aspiration externe est con\u00e7ue pour une utilisation intensive et continue. La structure est enti\u00e8rement en acier inoxydable, afin de garantir les plus hauts niveaux de propret\u00e9 et d'hygi\u00e8ne. La barre de soudure de 43 cm permet d'utiliser la machine avec des sacs sous vide de taille moyenne \u00e0 grande. Le niveau de vide atteint -900 millibars et la capacit\u00e9 d'aspirer jusqu'\u00e0 40 litres par minute.<\/p>\n<p><img loading=\"lazy\" decoding=\"async\" class=\"aligncenter size-full wp-image-631328\" src=\"https:\/\/res.cloudinary.com\/dl3yepmtd\/images\/w_600,h_600,c_fill\/v1671190254\/REB9714NEL\/new\/reber-professional-40-macchina-sottovuoto-professionale-elettronica-inox-40-litri-930-millibar-9714NEL-1\/reber-professional-40-macchina-sottovuoto-professionale-elettronica-inox-40-litri-930-millibar-9714NEL-1.jpg?_i=AA\" alt=\"reber-professional-40-machine-\u00e0-vide-professionnelle-\u00e9lectronique-inox-40-litres-930-millibars-9714NEL\" width=\"600\" height=\"600\" srcset=\"https:\/\/www.elettrowebstore.com\/EWS_Store\/wp-content\/uploads\/reber-professional-40-macchina-sottovuoto-professionale-elettronica-inox-40-litri-930-millibar-9714NEL-1.jpg 600w, https:\/\/www.elettrowebstore.com\/EWS_Store\/wp-content\/uploads\/reber-professional-40-macchina-sottovuoto-professionale-elettronica-inox-40-litri-930-millibar-9714NEL-1-200x200.jpg 200w, https:\/\/www.elettrowebstore.com\/EWS_Store\/wp-content\/uploads\/reber-professional-40-macchina-sottovuoto-professionale-elettronica-inox-40-litri-930-millibar-9714NEL-1-100x100.jpg 100w\" sizes=\"auto, (max-width: 600px) 100vw, 600px\" \/><\/p>\n<p>&nbsp;<\/p>\n<h2><strong>Caract\u00e9ristiques techniques de la machine \u00e0 emballer sous vide Reber Professional 40 9714NEL<\/strong><\/h2>\n<p>Voici les principales caract\u00e9ristiques techniques de l'aspirateur professionnel Reber Professional 40 9714NEL<\/p>\n<ul>\n<li>Bo\u00eetier en acier inoxydable<\/li>\n<li>Vacuom\u00e8tre professionnel<\/li>\n<li>Pompe \u00e0 piston double corps autolubrifiante et sans entretien<\/li>\n<li>Niveau de vide : -900 mbar<\/li>\n<li>Capacit\u00e9 d'aspiration : 40 l\/min.<\/li>\n<li>Consommation \u00e9lectrique maximale : 345 W<\/li>\n<li>Barre de soudure de 43 cm. Largeur de 3 mm.<\/li>\n<li>Syst\u00e8me d'\u00e9conomie d'\u00e9nergie avec contr\u00f4le \u00e9lectronique de la puissance de sortie pendant le soudage<\/li>\n<li>Puissance de soudage r\u00e9glable \u00e9lectroniquement<\/li>\n<li>Fonction de super vide r\u00e9glable \u00e9lectroniquement<\/li>\n<li>Fonctionnement en cycle continu<\/li>\n<li>Fonctionnement enti\u00e8rement automatique ou mode manuel au choix de l'op\u00e9rateur<\/li>\n<li>Prise d'air pour l'utilisation du conteneur fourni et de la fixation du couvercle<\/li>\n<li>Vitesse maximale et facilit\u00e9 d'utilisation<\/li>\n<li>Peut \u00e9galement \u00eatre utilis\u00e9 avec <a href=\"https:\/\/www.elettrowebstore.com\/shop\/royal-pack-buste-sottovuoto-goffrate-universali-per-alimenti\/\"><span style=\"text-decoration: underline;\"><strong>sacs lisses avec soufflets ou canal central<\/strong><\/span><\/a><\/li>\n<\/ul>\n<p>&nbsp;<\/p>\n<h2><strong>Description<\/strong><\/h2>\n<p>L'aspirateur professionnel Reber Professional 40 9714NEL est un aspirateur professionnel con\u00e7u pour \u00eatre utilis\u00e9 en toute s\u00e9curit\u00e9. <strong>facile \u00e0 utiliser et \u00e0 entretenir<\/strong>.<\/p>\n<p>Il diff\u00e8re de <a href=\"https:\/\/www.elettrowebstore.com\/shop\/reber-ecopro40-macchina-sottovuoto-professionale-elettronica-9716nel\/\"><strong>Ecopro 40 Code \u00e9lectronique 9716NEL<\/strong><\/a> car il est plus puissant. En outre, la disposition interne du circuit d'aspiration rend plus s\u00fbre l'aspiration \u00e9ventuelle de liquides. Cette machine ne peut pas aspirer de liquides. Cependant, la pompe d'aspiration de la soudeuse sous vide 9714NEL peut mieux intercepter les liquides pr\u00e9sents dans le syst\u00e8me. En fait, seules les versions professionnelles peuvent \u00eatre command\u00e9es avec l'ajout d'un filtre d'aspiration externe.<\/p>\n<p>Comme pour le 9716NEL, \u00e9galement le 9714NEL <strong>n'est pas \u00e9quip\u00e9 d'un potentiom\u00e8tre<\/strong>. Le potentiom\u00e8tre est ce bouton rotatif qui permet de r\u00e9gler la puissance de soudage pour chaque cycle de vide. Il est pr\u00e9sent dans le <a href=\"https:\/\/www.elettrowebstore.com\/shop\/reber-professional-40-macchina-sottovuoto-professionale-9714n\/\"><strong>9714N<\/strong><\/a> mais n'existe pas sur le 9714NEL. Il peut s'av\u00e9rer utile pour aspirer avec des sacs plus \u00e9pais ou pour r\u00e9gler manuellement le niveau de puissance. Mais s'il n'est pas utilis\u00e9 correctement, il peut entra\u00eener des dysfonctionnements de l'aspirateur. C'est pourquoi la version 9714NEL a \u00e9t\u00e9 simplifi\u00e9e en \u00e9liminant ce composant et en faisant en sorte que la puissance de soudure requise soit g\u00e9r\u00e9e directement par la carte \u00e9lectronique interne de la machine sous vide.<\/p>\n<p>L'appareil est pr\u00e9par\u00e9 pour le<strong>ex\u00e9cution automatique du cycle vide\/soudure<\/strong>mais il est possible de passer en mode manuel gr\u00e2ce \u00e0 une programmation \u00e9lectronique. En effet, la machine \u00e0 emballer sous vide professionnelle Ecopro40 de Reber est \u00e9quip\u00e9e de <strong>double cl\u00e9 \u00e9lectrom\u00e9canique<\/strong>. Le bouton avec le profil vert d\u00e9marre le cycle automatique de mise sous vide et de scellage. Gr\u00e2ce \u00e0 l'\u00e9lectrovanne, \u00e0 la fin de l'op\u00e9ration, le couvercle de la scelleuse sous vide Professional 40 est automatiquement lib\u00e9r\u00e9 et le sac sous vide ferm\u00e9 et sans air peut \u00eatre retir\u00e9.<\/p>\n<p>Vous pouvez \u00e9galement r\u00e9gler la machine pour qu'elle fonctionne manuellement et non pas automatiquement. Les <strong>principal avantage de l'op\u00e9ration manuelle<\/strong> de la machine \u00e0 emballer sous vide est de pouvoir interrompre l'aspiration lorsque l'on estime qu'il est pr\u00e9f\u00e9rable de limiter l'\u00e9crasement du contenu en le scellant imm\u00e9diatement. Pour r\u00e9gler le fonctionnement manuel ou r\u00e9initialiser le fonctionnement automatique, il faut appuyer sur une combinaison sp\u00e9cifique des deux boutons, comme indiqu\u00e9 dans le manuel d'instructions.<\/p>\n<p>Le Reber Professional 40 9714NEL est r\u00e9gl\u00e9 pour un temps d'attente de 10 secondes entre l'atteinte du niveau de vide r\u00e9gl\u00e9 et le d\u00e9but du processus de soudage, mais vous pouvez le r\u00e9duire ou l'augmenter (<strong>Fonction de supervacuum<\/strong>) ce temps d'attente, toujours par le biais d'une programmation \u00e9lectronique.<\/p>\n<p>La machine est \u00e9galement programm\u00e9e pour un temps d'attente de 10 secondes \u00e0 la fin de l'op\u00e9ration de soudage afin d'obtenir une soudure de meilleure qualit\u00e9. Les instructions pour modifier la puissance de soudage sont donn\u00e9es dans le manuel d'utilisation de la machine. <strong><a href=\"http:\/\/www.rebersrl.it\/docs\/prof.30%20-%2040%20-%2055%20e%20NF%20NEL%20IT%20GB%20FR%202019.pdf\">manuel d'utilisation et d'entretien<\/a><\/strong>.<\/p>\n<p>La machine est livr\u00e9e avec <strong> l'accessoire pour aspirer les r\u00e9cipients<\/strong> et un paquet de 20 sacs Reber 20\u00d730 cm. Avec cette machine, il est \u00e9galement possible d'utiliser des sacs <a href=\"http:\/\/www.royalpack.it\"><span style=\"text-decoration: underline;\"><strong>PACK ROYAL<\/strong><\/span><\/a>.<\/p>\n<p>De plus, cette machine \u00e0 vide professionnelle est \u00e9quip\u00e9e d'un syst\u00e8me de contr\u00f4le contre la surchauffe. En effet, la carte \u00e9lectronique du <strong>Reber Professional 40<\/strong>En cas de surchauffe, la machine s'arr\u00eate pour \u00e9viter les temp\u00e9ratures excessives. Cela peut se produire en \u00e9t\u00e9, lorsque la temp\u00e9rature ambiante est \u00e9lev\u00e9e et, en m\u00eame temps, lorsque la machine est utilis\u00e9e pour des cycles d'aspiration-soudage tr\u00e8s rapproch\u00e9s dans le temps et r\u00e9p\u00e9t\u00e9s.<\/p>\n<p>La r\u00e9duction de la puissance de soudage acc\u00e9l\u00e8re le cycle de vide et d'aspiration. Cela vous permet de travailler plus longtemps.<\/p>\n<p>&nbsp;<\/p>\n<h2><strong>Mode d'emploi de la machine sous vide Reber Professional Electronic 40 en acier inoxydable 9714NEL<br \/>\n<\/strong><\/h2>\n<p>La\u00a0<strong>REBER Professional Electronic 40 machine \u00e0 vide en acier inoxydable 9714NEL<\/strong> est extr\u00eamement puissant. Pour l'utiliser, suivez ces instructions simples :<\/p>\n<ul>\n<li>placer l'aliment dans le sac en laissant un espace vide d'au moins 7 \u00e0 10 centim\u00e8tres entre l'ouverture et l'aliment<\/li>\n<li>placer la partie ouverte du sac dans la chambre \u00e0 vide, marqu\u00e9e par les sceaux noirs<\/li>\n<li>fermer la chambre \u00e0 vide en d\u00e9posant le couvercle de la machine sur le sac<\/li>\n<li>Actionnez la machine \u00e0 l'aide du bouton vert (en cas d'utilisation manuelle, appuyez sur le bouton et maintenez-le enfonc\u00e9).<\/li>\n<li>exercer une l\u00e9g\u00e8re pression, surtout \u00e0 un stade pr\u00e9coce, sur le couvercle de la machine<\/li>\n<li>attendre que la machine ait termin\u00e9 le processus d'aspiration et de soudage<\/li>\n<li>ne pas forcer la r\u00e9ouverture du couvercle. La machine<\/li>\n<li><strong>REBER Professional Electronic 40 machine \u00e0 vide en acier inoxydable 9714NEL <\/strong>est \u00e9quip\u00e9 d'une \u00e9lectrovanne pour l'ouverture automatique du couvercle \u00e0 la fin du cycle d'aspiration et de soudage<\/li>\n<li>Dans le cas de l'utilisation d'un sac tr\u00e8s grand et tr\u00e8s long et, plus g\u00e9n\u00e9ralement, pour faciliter la mise sous vide de la machine, il peut \u00eatre utile, d\u00e8s que la proc\u00e9dure de mise sous vide a commenc\u00e9, de soulever le fond du sac de quelques centim\u00e8tres. De cette fa\u00e7on, en l'alignant sur le niveau de la machine, le processus de mise sous vide sera plus fluide.<\/li>\n<\/ul>\n<p>&nbsp;<\/p>\n<h2><strong>Notes sur l'utilisation<\/strong><\/h2>\n<p>Cette machine, ainsi que tous les dispositifs d'aspiration externe, <strong>NE convient PAS \u00e0 la mise sous vide \u00e0 l'aide de sacs lisses<\/strong>.<\/p>\n<p>En outre, il n'est pas possible de faire le vide avec des aliments farineux ou \u00e0 forte teneur en eau, car la farine et l'eau ont tendance \u00e0 \u00eatre aspir\u00e9es par la pompe \u00e0 vide.<\/p>\n<p>Il ne s'agit pas d'un d\u00e9faut de la machine, mais de probl\u00e8mes physiques li\u00e9s au fonctionnement de cette cat\u00e9gorie d'articles.<\/p>\n<p>Si vous savez que vous devez mettre sous vide des aliments tels que ceux d\u00e9crits, vous ne devriez pas acheter ces produits car <strong>la garantie ne couvre pas les dommages r\u00e9sultant de l'aspiration de poussi\u00e8res et de liquides<\/strong>.<\/p>\n<p>&nbsp;<\/p>\n<h2><strong>D\u00e9lai de livraison<\/strong><\/h2>\n<p>Le produit en question est normalement livr\u00e9 dans un d\u00e9lai de 15 jours ouvrables \u00e0 compter de la date de la commande. En cas d'urgence, <strong><a href=\"https:\/\/www.elettrowebstore.com\/contatta-lo-staff-di-elettrowebstore\/\">vous pouvez nous contacter<\/a><\/strong> et nous nous efforcerons d'exp\u00e9dier la machine \u00e0 emballer sous vide Reber 9712NELF le plus rapidement possible.<\/p>\n<p>&nbsp;<\/p>\n<h2><strong>La marque Reber<\/strong><\/h2>\n<p><b><a href=\"http:\/\/www.rebersrl.it\">Reber S.r.l.<\/a>\u00a0 <\/b>est leader en Italie et \u00e0 l'\u00e9tranger dans la production et la distribution d'articles pour la maison et pour les professionnels. En effet, ses articles sont sp\u00e9cifiquement con\u00e7us pour avoir des produits tr\u00e8s fiables \u00e0 la maison ou dans son propre petit atelier, con\u00e7us pour durer longtemps.<\/p>\n<p>En outre, tous les moteurs et accessoires sont toujours conformes \u00e0 toutes les r\u00e9glementations applicables, tant en ce qui concerne la technologie de fabrication que le contact des aliments avec les mat\u00e9riaux.<\/p>\n<p>En effet, tous les articles Reber sont accompagn\u00e9s d'une d\u00e9claration de conformit\u00e9. C'est pourquoi ils garantissent toujours une satisfaction maximale \u00e0 tous les utilisateurs !<\/p>\n<p>&nbsp;<\/p>\n<h2><strong>Garantie<\/strong><\/h2>\n<p>Le produit est couvert par <a href=\"https:\/\/www.elettrowebstore.com\/due-anni-di-garanzia-su-ogni-prodotto-acquistato\/\"><strong>garantie l\u00e9gale<\/strong><\/a>selon la page correspondante de notre site web, que nous vous invitons \u00e0 lire. Nous fournissons \u00e9galement des informations claires sur l'exercice du droit d'auteur. <a href=\"https:\/\/www.elettrowebstore.com\/diritto-di-recesso-restituzione-prodotti\/\"><strong>droit de r\u00e9tractation<\/strong><\/a>.<\/p>\n<p>Vous pouvez prolonger la p\u00e9riode de garantie l\u00e9gale du produit en achetant l'un des produits suivants <a href=\"https:\/\/www.elettrowebstore.com\/shop\/estensione-di-garanzia-elettrodomestici-3-anni-fino-a-1000-euro\/\"><strong>les formules d'extension de garantie<\/strong>!<\/a><\/p>\n<p>Pour faciliter l'exercice de ce droit, le producteur met \u00e0 la disposition de l'utilisateur <a href=\"http:\/\/www.rebersrl.it\/it\/Site\/assistenza\"><strong>Centres de service agr\u00e9\u00e9s dans tout le pays<\/strong><\/a>.<\/p>\n<p>De plus amples informations sur la l\u00e9gislation applicable sont disponibles sur le site web de l'Agence europ\u00e9enne des droits fondamentaux.<a href=\"http:\/\/www.agcm.it\/consumatore\/decalogo\/5102-garanzia-del-venditore-guida-per-il-consumatore.html\"><strong>Autorit\u00e9 de la concurrence et du march\u00e9<\/strong><\/a>.<\/p>\n<p>Afin d'am\u00e9liorer la qualit\u00e9 des produits, le fabricant se r\u00e9serve le droit de modifier les mat\u00e9riaux et les caract\u00e9ristiques techniques de l'article sans pr\u00e9avis.  En outre, les descriptions et les images donn\u00e9es ici sont donc indicatives et peuvent varier l\u00e9g\u00e8rement par rapport au produit final.<\/p>\n<p>&nbsp;<\/p>\n<h2><strong>Modes de paiement accept\u00e9s<\/strong><\/h2>\n<p><strong>Sur le site d'ElettroWebStore, vous pouvez payer avec toutes les m\u00e9thodes courantes<\/strong>\u00e0 la fois sp\u00e9cifiques \u00e0 Internet (telles que les cartes pr\u00e9pay\u00e9es) et traditionnelles (telles que les cartes de cr\u00e9dit classiques).<\/p>\n<p>Pour conna\u00eetre tous les modes de paiement accept\u00e9s, veuillez consulter notre page sur <a href=\"https:\/\/www.elettrowebstore.com\/pagamenti-sicuri-sul-sito-elettrowebstore\/\" target=\"_blank\" rel=\"noopener\"><strong>les m\u00e9thodes de paiement sur le site ElettroWebStore<\/strong><\/a>. En aucun cas <strong>ElettroWebStore<\/strong> g\u00e9rer les donn\u00e9es de votre carte de paiement ou en prendre connaissance. En effet, les <strong>ElettroWebStore<\/strong> ne verra que si le paiement a \u00e9t\u00e9 effectu\u00e9 ou non !<\/p>\n<p>Notre site utilise les protocoles HTTPS, qui garantissent des normes de s\u00e9curit\u00e9 \u00e9lev\u00e9es pour les utilisateurs !<\/p>","protected":false},"excerpt":{"rendered":"<p><span style=\"color: #ed1c24;\"><span style=\"color: #282828;\">Reber Professional 40 machine \u00e0 emballer sous vide professionnelle 9714NEL, \u00e9lectronique, barre de soudure de 43 cm, acier inoxydable, 40 litres par minute, -900 millibars.<\/span> <strong><a href=\"https:\/\/www.elettrowebstore.com\/shop\/estensione-di-garanzia-elettrodomestici-3-anni-fino-a-500-euro\/\">Extension de garantie disponible.<\/a> Livraison gratuite en Italie !<\/strong><\/span><\/p>","protected":false},"featured_media":631328,"template":"","meta":[],"product_brand":[],"product_cat":[61],"product_tag":[2159,2158,407,96,1153,1185,94,68,92,99,65,70],"class_list":{"0":"post-160580","1":"product","2":"type-product","3":"status-publish","4":"has-post-thumbnail","6":"product_cat-macchine-sottovuoto-domestiche","7":"product_tag-2159","8":"product_tag-9714nel","9":"product_tag-acciaio","10":"product_tag-barra-43-cm","11":"product_tag-electronic","12":"product_tag-inossidabile-acciaio","13":"product_tag-inox","14":"product_tag-macchina","15":"product_tag-professional","16":"product_tag-professionale","17":"product_tag-reber","18":"product_tag-sottovuoto","19":"product_shipping_class-pe10","21":"first","22":"instock","23":"sale","24":"featured","25":"taxable","26":"shipping-taxable","27":"purchasable","28":"product-type-simple"},"_links":{"self":[{"href":"https:\/\/www.elettrowebstore.com\/fr\/wp-json\/wp\/v2\/product\/160580","targetHints":{"allow":["GET"]}}],"collection":[{"href":"https:\/\/www.elettrowebstore.com\/fr\/wp-json\/wp\/v2\/product"}],"about":[{"href":"https:\/\/www.elettrowebstore.com\/fr\/wp-json\/wp\/v2\/types\/product"}],"wp:featuredmedia":[{"embeddable":true,"href":"https:\/\/www.elettrowebstore.com\/fr\/wp-json\/wp\/v2\/media\/631328"}],"wp:attachment":[{"href":"https:\/\/www.elettrowebstore.com\/fr\/wp-json\/wp\/v2\/media?parent=160580"}],"wp:term":[{"taxonomy":"product_brand","embeddable":true,"href":"https:\/\/www.elettrowebstore.com\/fr\/wp-json\/wp\/v2\/product_brand?post=160580"},{"taxonomy":"product_cat","embeddable":true,"href":"https:\/\/www.elettrowebstore.com\/fr\/wp-json\/wp\/v2\/product_cat?post=160580"},{"taxonomy":"product_tag","embeddable":true,"href":"https:\/\/www.elettrowebstore.com\/fr\/wp-json\/wp\/v2\/product_tag?post=160580"}],"curies":[{"name":"wp","href":"https:\/\/api.w.org\/{rel}","templated":true}]}}