{"id":159316,"date":"2022-01-10T15:20:40","date_gmt":"2022-01-10T14:20:40","guid":{"rendered":"https:\/\/www.elettrowebstore.com\/?post_type=product&#038;p=159316"},"modified":"2024-11-14T17:44:01","modified_gmt":"2024-11-14T16:44:01","slug":"imperia-raviolamp-tris-stampi-raviolatori-per-ravioli","status":"publish","type":"product","link":"https:\/\/www.elettrowebstore.com\/fr\/shop\/imperia-raviolamp-trio-moules-a-ravioli\/","title":{"rendered":"Moules \u00e0 ravioli Imperia Raviolamp Tris"},"content":{"rendered":"<h2><strong>Moules \u00e0 ravioli Imperia Raviolamp Tris <\/strong><\/h2>\n<p>Les moules \u00e0 ravioli Imperia Raviolamp Tris sont offerts en paquet cadeau avec un rouleau \u00e0 p\u00e2tisserie inclus. Vous pouvez choisir entre deux paquets diff\u00e9rents de Raviolamp Tris : Classic et Special.<\/p>\n<p>La ligne Raviolamp d'Imperia est enti\u00e8rement r\u00e9alis\u00e9e en aluminium \u00e0 usage alimentaire, sur une base en plastique lest\u00e9e pour garantir la stabilit\u00e9. Avec cette ligne de produits pour la r\u00e9alisation de raviolis maison, vous pouvez obtenir : raviolis, tortelli, tortellini pour bouillon, g\u00e2teaux fourr\u00e9s.<\/p>\n<p>Dans le paquet de <strong>Imperia Raviolamp Tris Classics<\/strong> il y a des moules \u00e0 faire :<\/p>\n<ul>\n<li>12 raviolis ronds (chef)<\/li>\n<li>18 raviolis triangulaires<\/li>\n<li>24 raviolis carr\u00e9s<\/li>\n<\/ul>\n<p>Dans le paquet de <strong>Imperia Raviolamp Tris The Specials <\/strong>il y a des moules \u00e0 faire :<\/p>\n<ul>\n<li>12 c\u0153urs<\/li>\n<li>14 petits poissons<\/li>\n<li>10 \u00e9toiles<\/li>\n<\/ul>\n<p><img loading=\"lazy\" decoding=\"async\" class=\"size-full wp-image-159577 aligncenter\" src=\"https:\/\/res.cloudinary.com\/dl3yepmtd\/images\/v1641831966\/IMPERIA RAVIOLAMP TRIS\/imperia-raviolamp-tris-stampi-2\/imperia-raviolamp-tris-stampi-2.jpg?_i=AA\" alt=\"IMPERIA Raviolamp Moules \u00e0 raviolis Tris\" width=\"800\" height=\"600\" srcset=\"https:\/\/www.elettrowebstore.com\/EWS_Store\/wp-content\/uploads\/imperia-raviolamp-tris-stampi-2.jpg 800w, https:\/\/www.elettrowebstore.com\/EWS_Store\/wp-content\/uploads\/imperia-raviolamp-tris-stampi-2-600x450.jpg 600w, https:\/\/www.elettrowebstore.com\/EWS_Store\/wp-content\/uploads\/imperia-raviolamp-tris-stampi-2-768x576.jpg 768w\" sizes=\"auto, (max-width: 800px) 100vw, 800px\" \/><\/p>\n<h2><img loading=\"lazy\" decoding=\"async\" class=\"size-full wp-image-159717 aligncenter\" src=\"https:\/\/res.cloudinary.com\/dl3yepmtd\/images\/v1641889474\/IMPERIA GLI SPECIALI\/imperia-raviolamp-speciali-stampi-1\/imperia-raviolamp-speciali-stampi-1.jpg?_i=AA\" alt=\"IMPERIA Raviolamp Les moules \u00e0 raviolis sp\u00e9ciaux\" width=\"800\" height=\"600\" srcset=\"https:\/\/www.elettrowebstore.com\/EWS_Store\/wp-content\/uploads\/imperia-raviolamp-speciali-stampi-1.jpg 800w, https:\/\/www.elettrowebstore.com\/EWS_Store\/wp-content\/uploads\/imperia-raviolamp-speciali-stampi-1-600x450.jpg 600w, https:\/\/www.elettrowebstore.com\/EWS_Store\/wp-content\/uploads\/imperia-raviolamp-speciali-stampi-1-768x576.jpg 768w\" sizes=\"auto, (max-width: 800px) 100vw, 800px\" \/><\/h2>\n<h2><strong>Sp\u00e9cifications techniques<\/strong><\/h2>\n<ul>\n<li>Toutes les lampes Raviol sont fabriqu\u00e9es en aluminium press\u00e9 et mont\u00e9es sur une base en acier \u00e9maill\u00e9, avec des pieds en caoutchouc pour une adh\u00e9rence parfaite sur toute surface.<\/li>\n<li>Contient un rouleau \u00e0 p\u00e2tisserie pratique en bois naturel<\/li>\n<li>Bo\u00eete lithographi\u00e9e convenant aux cadeaux<\/li>\n<\/ul>\n<p>&nbsp;<\/p>\n<h2><strong>Description<\/strong><\/h2>\n<div>\n<p>Imperia Raviolamp Tris moules pour raviolis est un trio de moules pour r\u00e9aliser rapidement : raviolis, tortelli, tortellini pour bouillon, g\u00e2teaux fourr\u00e9s ; en utilisant simplement la feuille de p\u00e2te pr\u00e9par\u00e9e avec les machines \u00e0 p\u00e2tes Imperia et les farces dict\u00e9es par votre imagination.<\/p>\n<p>Toutes les lampes Raviol sont fabriqu\u00e9es en aluminium press\u00e9 et mont\u00e9es sur une base en acier \u00e9maill\u00e9, avec des pieds en caoutchouc pour une parfaite adh\u00e9rence sur n'importe quelle surface.<\/p>\n<p>L'emballage contient trois moules (Raviolamp 24 raviolis classiques, Raviolamp 12 raviolis de chef et Raviolamp 18 tortelli classiques) et est accompagn\u00e9 d'un rouleau \u00e0 p\u00e2tisserie pratique en bois naturel.<\/p>\n<p>Le Raviolamp est tr\u00e8s facile \u00e0 utiliser. En effet, il suffit d'utiliser la feuille pr\u00e9par\u00e9e avec les machines \u00e0 p\u00e2tes Imperia et les farces dict\u00e9es par votre imagination. Vous d\u00e9posez une couche de p\u00e2te sur la structure en aluminium du produit ravioli. Ensuite, vous placez la farce, en veillant \u00e0 la faire entrer exactement dans les espaces pr\u00e9vus, sans d\u00e9passer. Une autre couche de p\u00e2te est ensuite plac\u00e9e sur le dessus et le rouleau \u00e0 p\u00e2tisserie fourni est d\u00e9licatement pass\u00e9 dessus. La partie segment\u00e9e qui d\u00e9limite un ravioli de l'autre permettra, gr\u00e2ce \u00e0 la pression, de marquer la p\u00e2te pour pouvoir ensuite d\u00e9tacher les raviolis un par un \u00e0 la main.<\/p>\n<\/div>\n<h2><\/h2>\n<h2><strong>Les moules peuvent \u00eatre achet\u00e9s s\u00e9par\u00e9ment<\/strong><\/h2>\n<p>Vous pouvez \u00e9galement acheter les moules Raviolamp Tris s\u00e9par\u00e9ment dans notre boutique. Il vous suffit de cliquer sur le lien suivant, qui vous m\u00e8nera \u00e0 la page d'accueil de la boutique.<a href=\"https:\/\/www.elettrowebstore.com\/shop\/imperia-raviolamp-stampi-raviolatori-per-ravioli\/\"><strong> Moules Imperia Raviolamp<\/strong><\/a><\/p>\n<p>&nbsp;<\/p>\n<h2><strong>La marque Imperia<\/strong><\/h2>\n<p>Imperia a \u00e9t\u00e9 officiellement fond\u00e9e le 3 f\u00e9vrier 1932 \u00e0 la suite de l'\u00e9volution d'un petit atelier. Elle a imm\u00e9diatement commenc\u00e9 \u00e0 distribuer des machines \u00e0 p\u00e2tes dans le monde entier.<\/p>\n<p>Le principal march\u00e9 cible devient les \u00c9tats-Unis d'Am\u00e9rique et ses nombreux \u00e9migrants italiens. Ces derniers, en effet, gr\u00e2ce \u00e0 l'utilisation de machines \u00e0 p\u00e2tes, \u00e9tablissent une sorte de lien \u00e9motionnel avec les saveurs de leur lointaine patrie.<\/p>\n<p>Aujourd'hui, les produits Imperia sont pr\u00e9sents dans plus de 70 pays \u00e0 travers le monde.<\/p>\n<p>En outre, la production a lieu enti\u00e8rement en Italie et chaque produit est un artefact cent pour cent italien. En effet, chaque pi\u00e8ce est r\u00e9alis\u00e9e avec de la main-d'\u0153uvre et des mati\u00e8res premi\u00e8res nationales. Imperia est un v\u00e9ritable Made in Italy.<\/p>\n<p>&nbsp;<\/p>\n<h2><strong>Garantie<\/strong><\/h2>\n<p>Le produit est couvert par <a href=\"https:\/\/www.elettrowebstore.com\/due-anni-di-garanzia-su-ogni-prodotto-acquistato\/\"><strong>garantie l\u00e9gale<\/strong><\/a>selon la page correspondante de notre site web, que nous vous invitons \u00e0 lire. Nous fournissons \u00e9galement des informations claires sur l'exercice du droit d'auteur. <a href=\"https:\/\/www.elettrowebstore.com\/diritto-di-recesso-restituzione-prodotti\/\"><strong>droit de r\u00e9tractation<\/strong><\/a>.<\/p>\n<p>Pour faciliter l'exercice de ce droit, le fabricant met \u00e0 disposition des centres d'assistance technique agr\u00e9\u00e9s dans tout le pays.<\/p>\n<p>De plus amples informations sur la l\u00e9gislation applicable sont disponibles sur le site web de l'Agence europ\u00e9enne des droits fondamentaux.<a href=\"http:\/\/www.agcm.it\/consumatore\/decalogo\/5102-garanzia-del-venditore-guida-per-il-consumatore.html\"><strong>Autorit\u00e9 de la concurrence et du march\u00e9<\/strong><\/a>.<\/p>\n<p>Afin d'am\u00e9liorer la qualit\u00e9 des produits, le fabricant se r\u00e9serve le droit de modifier les mat\u00e9riaux et les caract\u00e9ristiques techniques de l'article sans pr\u00e9avis.  En outre, les descriptions et les images donn\u00e9es ici sont donc indicatives et peuvent varier l\u00e9g\u00e8rement par rapport au produit final.<\/p>\n<p>&nbsp;<\/p>\n<h2><strong>D\u00e9lai de livraison<\/strong><\/h2>\n<p>Ce produit est toujours disponible pour une livraison imm\u00e9diate. En fait, il peut \u00eatre command\u00e9 imm\u00e9diatement et est exp\u00e9di\u00e9 par ElettroWebStore dans les 2 jours ouvrables suivant la date d'achat.<\/p>\n<p>En outre, tous les envois d'ElettroWebStore sont exempts de frais de transport !<\/p>\n<p>&nbsp;<\/p>\n<h2><strong>Modes de paiement accept\u00e9s<\/strong><\/h2>\n<p><strong>Sur le site d'ElettroWebStore, vous pouvez payer avec toutes les m\u00e9thodes courantes<\/strong>\u00e0 la fois sp\u00e9cifiques \u00e0 Internet (telles que les cartes pr\u00e9pay\u00e9es) et traditionnelles (telles que les cartes de cr\u00e9dit classiques).<\/p>\n<p>Pour conna\u00eetre tous les modes de paiement accept\u00e9s, veuillez consulter notre page sur <a href=\"https:\/\/www.elettrowebstore.com\/pagamenti-sicuri-sul-sito-elettrowebstore\/\" target=\"_blank\" rel=\"noopener\"><strong>les m\u00e9thodes de paiement sur le site ElettroWebStore<\/strong><\/a>. En aucun cas <strong>ElettroWebStore<\/strong> g\u00e9rer les donn\u00e9es de votre carte de paiement ou en prendre connaissance. En effet, les <strong>ElettroWebStore<\/strong> ne verra que si le paiement a \u00e9t\u00e9 effectu\u00e9 ou non !<\/p>\n<p>Notre site utilise les protocoles HTTPS, qui garantissent des normes de s\u00e9curit\u00e9 \u00e9lev\u00e9es pour les utilisateurs !<\/p>","protected":false},"excerpt":{"rendered":"<ul>\n<li>Imperia Raviolamp Tris : 3 moules \u00e0 raviolis pour diff\u00e9rents types de raviolis et p\u00e2tes farcies<\/li>\n<li>Enti\u00e8rement en aluminium \u00e0 usage alimentaire, 100% made in Italy<\/li>\n<li>Raviolamp Tris Classico contient des moules avec les formes suivantes : 12 ronds, 18 triangulaires, 24 carr\u00e9s.<\/li>\n<li>Raviolamp Tris Speciali contient des moules avec les formes suivantes : 12 c\u0153urs, 14 poissons, 10 \u00e9toiles.<\/li>\n<li><strong>Livraison gratuite en Italie !<\/strong><\/li>\n<\/ul>","protected":false},"featured_media":159577,"template":"","meta":[],"product_brand":[],"product_cat":[384,17],"product_tag":[387,23,394,174,395,402,403,396,401],"class_list":{"0":"post-159316","1":"product","2":"type-product","3":"status-publish","4":"has-post-thumbnail","6":"product_cat-accessori-per-macchine-pasta-imperia","7":"product_cat-casalinghi-cura-casa","8":"product_tag-alluminio","9":"product_tag-imperia","10":"product_tag-raviolamp","11":"product_tag-ravioli","12":"product_tag-raviolini","13":"product_tag-stampi","14":"product_tag-stampo","15":"product_tag-tortelli","16":"product_tag-tris","17":"product_shipping_class-pe","19":"first","20":"instock","21":"sale","22":"taxable","23":"shipping-taxable","24":"purchasable","25":"product-type-variable","26":"has-default-attributes"},"yoast_head":"<!-- This site is optimized with the Yoast SEO plugin v27.4 - https:\/\/yoast.com\/product\/yoast-seo-wordpress\/ -->\n<title>Imperia Raviolamp Tris stampi raviolatori per ravioli<\/title>\n<meta name=\"description\" content=\"Imperia Raviolamp Tris stampi ravioli. Tris classico: 12 rotondi, 18 triangolari, 24 quadrati. Tris gli speciali: 12 cuoricini, 14 pesciolini, 10 stelline\" \/>\n<meta name=\"robots\" content=\"index, follow, max-snippet:-1, max-image-preview:large, max-video-preview:-1\" \/>\n<link rel=\"canonical\" href=\"https:\/\/www.elettrowebstore.com\/fr\/shop\/imperia-raviolamp-trio-moules-a-ravioli\/\" \/>\n<meta property=\"og:locale\" content=\"fr_FR\" \/>\n<meta property=\"og:type\" content=\"article\" \/>\n<meta property=\"og:title\" content=\"Imperia Raviolamp Tris stampi raviolatori per ravioli\" \/>\n<meta property=\"og:description\" content=\"Imperia Raviolamp Tris stampi ravioli. Tris classico: 12 rotondi, 18 triangolari, 24 quadrati. Tris gli speciali: 12 cuoricini, 14 pesciolini, 10 stelline\" \/>\n<meta property=\"og:url\" content=\"https:\/\/www.elettrowebstore.com\/fr\/shop\/imperia-raviolamp-trio-moules-a-ravioli\/\" \/>\n<meta property=\"og:site_name\" content=\"ElettroWebStore\" \/>\n<meta property=\"article:modified_time\" content=\"2024-11-14T16:44:01+00:00\" \/>\n<meta property=\"og:image\" content=\"https:\/\/www.elettrowebstore.com\/EWS_Store\/wp-content\/uploads\/imperia-raviolamp-tris-stampi-2.jpg\" \/>\n\t<meta property=\"og:image:width\" content=\"800\" \/>\n\t<meta property=\"og:image:height\" content=\"600\" \/>\n\t<meta property=\"og:image:type\" content=\"image\/jpeg\" \/>\n<meta name=\"twitter:card\" content=\"summary_large_image\" \/>\n<meta name=\"twitter:label1\" content=\"Dur\u00e9e de lecture estim\u00e9e\" \/>\n\t<meta name=\"twitter:data1\" content=\"5 minutes\" \/>\n<script type=\"application\/ld+json\" class=\"yoast-schema-graph\">{\"@context\":\"https:\\\/\\\/schema.org\",\"@graph\":[{\"@type\":\"WebPage\",\"@id\":\"https:\\\/\\\/www.elettrowebstore.com\\\/shop\\\/imperia-raviolamp-tris-stampi-raviolatori-per-ravioli\\\/\",\"url\":\"https:\\\/\\\/www.elettrowebstore.com\\\/shop\\\/imperia-raviolamp-tris-stampi-raviolatori-per-ravioli\\\/\",\"name\":\"Imperia Raviolamp Tris stampi raviolatori per ravioli\",\"isPartOf\":{\"@id\":\"https:\\\/\\\/www.elettrowebstore.com\\\/#website\"},\"primaryImageOfPage\":{\"@id\":\"https:\\\/\\\/www.elettrowebstore.com\\\/shop\\\/imperia-raviolamp-tris-stampi-raviolatori-per-ravioli\\\/#primaryimage\"},\"image\":{\"@id\":\"https:\\\/\\\/www.elettrowebstore.com\\\/shop\\\/imperia-raviolamp-tris-stampi-raviolatori-per-ravioli\\\/#primaryimage\"},\"thumbnailUrl\":\"https:\\\/\\\/www.elettrowebstore.com\\\/EWS_Store\\\/wp-content\\\/uploads\\\/imperia-raviolamp-tris-stampi-2.jpg\",\"datePublished\":\"2022-01-10T14:20:40+00:00\",\"dateModified\":\"2024-11-14T16:44:01+00:00\",\"description\":\"Imperia Raviolamp Tris stampi ravioli. Tris classico: 12 rotondi, 18 triangolari, 24 quadrati. Tris gli speciali: 12 cuoricini, 14 pesciolini, 10 stelline\",\"breadcrumb\":{\"@id\":\"https:\\\/\\\/www.elettrowebstore.com\\\/shop\\\/imperia-raviolamp-tris-stampi-raviolatori-per-ravioli\\\/#breadcrumb\"},\"inLanguage\":\"fr-FR\",\"potentialAction\":[{\"@type\":\"ReadAction\",\"target\":[\"https:\\\/\\\/www.elettrowebstore.com\\\/shop\\\/imperia-raviolamp-tris-stampi-raviolatori-per-ravioli\\\/\"]}]},{\"@type\":\"ImageObject\",\"inLanguage\":\"fr-FR\",\"@id\":\"https:\\\/\\\/www.elettrowebstore.com\\\/shop\\\/imperia-raviolamp-tris-stampi-raviolatori-per-ravioli\\\/#primaryimage\",\"url\":\"https:\\\/\\\/www.elettrowebstore.com\\\/EWS_Store\\\/wp-content\\\/uploads\\\/imperia-raviolamp-tris-stampi-2.jpg\",\"contentUrl\":\"https:\\\/\\\/www.elettrowebstore.com\\\/EWS_Store\\\/wp-content\\\/uploads\\\/imperia-raviolamp-tris-stampi-2.jpg\",\"width\":800,\"height\":600,\"caption\":\"imperia-raviolamp-tris-stampi-2\"},{\"@type\":\"BreadcrumbList\",\"@id\":\"https:\\\/\\\/www.elettrowebstore.com\\\/shop\\\/imperia-raviolamp-tris-stampi-raviolatori-per-ravioli\\\/#breadcrumb\",\"itemListElement\":[{\"@type\":\"ListItem\",\"position\":1,\"name\":\"Home\",\"item\":\"https:\\\/\\\/www.elettrowebstore.com\\\/\"},{\"@type\":\"ListItem\",\"position\":2,\"name\":\"Shop\",\"item\":\"https:\\\/\\\/www.elettrowebstore.com\\\/shop\\\/\"},{\"@type\":\"ListItem\",\"position\":3,\"name\":\"Casalinghi e cura della casa\",\"item\":\"https:\\\/\\\/www.elettrowebstore.com\\\/categoria-prodotto\\\/casalinghi-cura-casa\\\/\"},{\"@type\":\"ListItem\",\"position\":4,\"name\":\"Imperia Raviolamp Tris stampi raviolatori per ravioli\"}]},{\"@type\":\"WebSite\",\"@id\":\"https:\\\/\\\/www.elettrowebstore.com\\\/#website\",\"url\":\"https:\\\/\\\/www.elettrowebstore.com\\\/\",\"name\":\"ElettroWebStore\",\"description\":\"Casalinghi buste sottovuoto ferramenta articoli giardino elettrodomestici\",\"publisher\":{\"@id\":\"https:\\\/\\\/www.elettrowebstore.com\\\/#organization\"},\"potentialAction\":[{\"@type\":\"SearchAction\",\"target\":{\"@type\":\"EntryPoint\",\"urlTemplate\":\"https:\\\/\\\/www.elettrowebstore.com\\\/?s={search_term_string}\"},\"query-input\":{\"@type\":\"PropertyValueSpecification\",\"valueRequired\":true,\"valueName\":\"search_term_string\"}}],\"inLanguage\":\"fr-FR\"},{\"@type\":\"Organization\",\"@id\":\"https:\\\/\\\/www.elettrowebstore.com\\\/#organization\",\"name\":\"ElettroWebStore - ELCA S.r.l.\",\"url\":\"https:\\\/\\\/www.elettrowebstore.com\\\/\",\"logo\":{\"@type\":\"ImageObject\",\"inLanguage\":\"fr-FR\",\"@id\":\"https:\\\/\\\/www.elettrowebstore.com\\\/#\\\/schema\\\/logo\\\/image\\\/\",\"url\":\"\",\"contentUrl\":\"\",\"caption\":\"ElettroWebStore - ELCA S.r.l.\"},\"image\":{\"@id\":\"https:\\\/\\\/www.elettrowebstore.com\\\/#\\\/schema\\\/logo\\\/image\\\/\"}}]}<\/script>\n<!-- \/ Yoast SEO plugin. -->","yoast_head_json":{"title":"Moules \u00e0 ravioli Imperia Raviolamp Tris","description":"Moules \u00e0 ravioli Imperia Raviolamp Tris. Trio classique : 12 ronds, 18 triangulaires, 24 carr\u00e9s. Trio sp\u00e9cial : 12 c\u0153urs, 14 poissons, 10 \u00e9toiles.","robots":{"index":"index","follow":"follow","max-snippet":"max-snippet:-1","max-image-preview":"max-image-preview:large","max-video-preview":"max-video-preview:-1"},"canonical":"https:\/\/www.elettrowebstore.com\/fr\/shop\/imperia-raviolamp-trio-moules-a-ravioli\/","og_locale":"fr_FR","og_type":"article","og_title":"Imperia Raviolamp Tris stampi raviolatori per ravioli","og_description":"Imperia Raviolamp Tris stampi ravioli. Tris classico: 12 rotondi, 18 triangolari, 24 quadrati. Tris gli speciali: 12 cuoricini, 14 pesciolini, 10 stelline","og_url":"https:\/\/www.elettrowebstore.com\/fr\/shop\/imperia-raviolamp-trio-moules-a-ravioli\/","og_site_name":"ElettroWebStore","article_modified_time":"2024-11-14T16:44:01+00:00","og_image":[{"width":800,"height":600,"url":"https:\/\/www.elettrowebstore.com\/EWS_Store\/wp-content\/uploads\/imperia-raviolamp-tris-stampi-2.jpg","type":"image\/jpeg"}],"twitter_card":"summary_large_image","twitter_misc":{"Dur\u00e9e de lecture estim\u00e9e":"5 minutes"},"schema":{"@context":"https:\/\/schema.org","@graph":[{"@type":"WebPage","@id":"https:\/\/www.elettrowebstore.com\/shop\/imperia-raviolamp-tris-stampi-raviolatori-per-ravioli\/","url":"https:\/\/www.elettrowebstore.com\/shop\/imperia-raviolamp-tris-stampi-raviolatori-per-ravioli\/","name":"Moules \u00e0 ravioli Imperia Raviolamp Tris","isPartOf":{"@id":"https:\/\/www.elettrowebstore.com\/#website"},"primaryImageOfPage":{"@id":"https:\/\/www.elettrowebstore.com\/shop\/imperia-raviolamp-tris-stampi-raviolatori-per-ravioli\/#primaryimage"},"image":{"@id":"https:\/\/www.elettrowebstore.com\/shop\/imperia-raviolamp-tris-stampi-raviolatori-per-ravioli\/#primaryimage"},"thumbnailUrl":"https:\/\/www.elettrowebstore.com\/EWS_Store\/wp-content\/uploads\/imperia-raviolamp-tris-stampi-2.jpg","datePublished":"2022-01-10T14:20:40+00:00","dateModified":"2024-11-14T16:44:01+00:00","description":"Moules \u00e0 ravioli Imperia Raviolamp Tris. Trio classique : 12 ronds, 18 triangulaires, 24 carr\u00e9s. Trio sp\u00e9cial : 12 c\u0153urs, 14 poissons, 10 \u00e9toiles.","breadcrumb":{"@id":"https:\/\/www.elettrowebstore.com\/shop\/imperia-raviolamp-tris-stampi-raviolatori-per-ravioli\/#breadcrumb"},"inLanguage":"fr-FR","potentialAction":[{"@type":"ReadAction","target":["https:\/\/www.elettrowebstore.com\/shop\/imperia-raviolamp-tris-stampi-raviolatori-per-ravioli\/"]}]},{"@type":"ImageObject","inLanguage":"fr-FR","@id":"https:\/\/www.elettrowebstore.com\/shop\/imperia-raviolamp-tris-stampi-raviolatori-per-ravioli\/#primaryimage","url":"https:\/\/www.elettrowebstore.com\/EWS_Store\/wp-content\/uploads\/imperia-raviolamp-tris-stampi-2.jpg","contentUrl":"https:\/\/www.elettrowebstore.com\/EWS_Store\/wp-content\/uploads\/imperia-raviolamp-tris-stampi-2.jpg","width":800,"height":600,"caption":"imperia-raviolamp-tris-stampi-2"},{"@type":"BreadcrumbList","@id":"https:\/\/www.elettrowebstore.com\/shop\/imperia-raviolamp-tris-stampi-raviolatori-per-ravioli\/#breadcrumb","itemListElement":[{"@type":"ListItem","position":1,"name":"Home","item":"https:\/\/www.elettrowebstore.com\/"},{"@type":"ListItem","position":2,"name":"Shop","item":"https:\/\/www.elettrowebstore.com\/shop\/"},{"@type":"ListItem","position":3,"name":"Casalinghi e cura della casa","item":"https:\/\/www.elettrowebstore.com\/categoria-prodotto\/casalinghi-cura-casa\/"},{"@type":"ListItem","position":4,"name":"Imperia Raviolamp Tris stampi raviolatori per ravioli"}]},{"@type":"WebSite","@id":"https:\/\/www.elettrowebstore.com\/#website","url":"https:\/\/www.elettrowebstore.com\/","name":"ElettroWebStore","description":"Articles m\u00e9nagers sacs \u00e0 vide mat\u00e9riel articles de jardin appareils m\u00e9nagers","publisher":{"@id":"https:\/\/www.elettrowebstore.com\/#organization"},"potentialAction":[{"@type":"SearchAction","target":{"@type":"EntryPoint","urlTemplate":"https:\/\/www.elettrowebstore.com\/?s={search_term_string}"},"query-input":{"@type":"PropertyValueSpecification","valueRequired":true,"valueName":"search_term_string"}}],"inLanguage":"fr-FR"},{"@type":"Organization","@id":"https:\/\/www.elettrowebstore.com\/#organization","name":"ElettroWebStore - ELCA S.r.l.","url":"https:\/\/www.elettrowebstore.com\/","logo":{"@type":"ImageObject","inLanguage":"fr-FR","@id":"https:\/\/www.elettrowebstore.com\/#\/schema\/logo\/image\/","url":"","contentUrl":"","caption":"ElettroWebStore - ELCA S.r.l."},"image":{"@id":"https:\/\/www.elettrowebstore.com\/#\/schema\/logo\/image\/"}}]}},"_links":{"self":[{"href":"https:\/\/www.elettrowebstore.com\/fr\/wp-json\/wp\/v2\/product\/159316","targetHints":{"allow":["GET"]}}],"collection":[{"href":"https:\/\/www.elettrowebstore.com\/fr\/wp-json\/wp\/v2\/product"}],"about":[{"href":"https:\/\/www.elettrowebstore.com\/fr\/wp-json\/wp\/v2\/types\/product"}],"wp:featuredmedia":[{"embeddable":true,"href":"https:\/\/www.elettrowebstore.com\/fr\/wp-json\/wp\/v2\/media\/159577"}],"wp:attachment":[{"href":"https:\/\/www.elettrowebstore.com\/fr\/wp-json\/wp\/v2\/media?parent=159316"}],"wp:term":[{"taxonomy":"product_brand","embeddable":true,"href":"https:\/\/www.elettrowebstore.com\/fr\/wp-json\/wp\/v2\/product_brand?post=159316"},{"taxonomy":"product_cat","embeddable":true,"href":"https:\/\/www.elettrowebstore.com\/fr\/wp-json\/wp\/v2\/product_cat?post=159316"},{"taxonomy":"product_tag","embeddable":true,"href":"https:\/\/www.elettrowebstore.com\/fr\/wp-json\/wp\/v2\/product_tag?post=159316"}],"curies":[{"name":"wp","href":"https:\/\/api.w.org\/{rel}","templated":true}]}}