{"id":154312,"date":"2021-11-16T18:02:58","date_gmt":"2021-11-16T17:02:58","guid":{"rendered":"https:\/\/www.elettrowebstore.com\/?post_type=product&#038;p=154312"},"modified":"2025-02-27T15:06:11","modified_gmt":"2025-02-27T14:06:11","slug":"serie-imbuti-insaccatori-per-tritacarne-reber","status":"publish","type":"product","link":"https:\/\/www.elettrowebstore.com\/fr\/shop\/jeu-de-trois-entonnoirs-pour-lensachage-avec-le-hachoir-a-viande-reber-n-32-4732s\/","title":{"rendered":"S\u00e9rie d'entonnoirs d'ensachage de hachoirs Reber"},"content":{"rendered":"<h2><strong>S\u00e9rie d'entonnoirs d'ensachage de hachoirs Reber<\/strong><\/h2>\n<p>Une s\u00e9rie d'entonnoirs de hachoir \u00e0 viande Reber de diam\u00e8tre variable, qui permettent la fabrication de saucisses avec les hachoirs \u00e0 viande \u00e9lectriques et manuels Reber. Les entonnoirs sont fabriqu\u00e9s en mati\u00e8re plastique adapt\u00e9e au contact avec les denr\u00e9es alimentaires. Utilisez le menu d\u00e9roulant pour s\u00e9lectionner la s\u00e9rie d'entonnoirs compatible avec le hachoir \u00e0 viande Reber en votre possession.<\/p>\n<p>&nbsp;<\/p>\n<h2><strong>Utilisation de la <\/strong><strong>S\u00e9rie d'entonnoirs d'ensachage de hachoirs Reber<\/strong><\/h2>\n<p>Les entonnoirs \u00e0 saucisses pour hachoirs Reber sont utilis\u00e9s pour la fabrication de saucisses et d'autres produits de charcuterie. Ils sont fix\u00e9s au corps des hachoirs Reber en retirant le couteau et l'\u00e9crou \u00e0 anneau. Au lieu de la plaque, il est conseill\u00e9 d'utiliser un <strong>couronne de soutien<\/strong> en plastique, non inclus dans les entonnoirs et \u00e0 acheter s\u00e9par\u00e9ment. Une plaque peut \u00e9galement \u00eatre utilis\u00e9e \u00e0 la place de la couronne, \u00e0 condition qu'elle comporte des trous d'un diam\u00e8tre compris entre 16 et 20 mm. Une fois les entonnoirs et la couronne, ou la plaque, en place, il faut les bloquer avec la bague de broyage, en la revissant.<\/p>\n<p>D'autres indications et recommandations d'utilisation peuvent \u00eatre trouv\u00e9es sur le site Internet de la Commission europ\u00e9enne. <a href=\"https:\/\/www.rebersrl.it\/docs\/Manuale%20d'uso%20imbuti%20insaccatori.pdf\"><strong>manuel de l'utilisateur<\/strong><\/a> du fabricant.<\/p>\n<p>Les entonnoirs ont des diam\u00e8tres de sortie diff\u00e9rents pour permettre la fabrication de diff\u00e9rents types de saucisses. Selon le mod\u00e8le de hachoir dont vous disposez, le diam\u00e8tre de la base de l'entonnoir change \u00e9galement. Veuillez v\u00e9rifier les mesures et la compatibilit\u00e9 dans la section suivante.<\/p>\n<p>&nbsp;<\/p>\n<h2><strong>Caract\u00e9ristiques techniques, mesures et compatibilit\u00e9<\/strong><\/h2>\n<p>Tous les entonnoirs sont fabriqu\u00e9s en mati\u00e8re plastique adapt\u00e9e au contact alimentaire. Compatibilit\u00e9 garantie exclusivement avec les hachoirs \u00e0 viande \u00e9lectriques et manuels Reber. Ci-dessous les mesures et la compatibilit\u00e9 :<\/p>\n<ul>\n<li>code 4017S Jeu de 3 entonnoirs \u00e0 hachoir n\u00b0 5 : longueur cm 14 ; diam\u00e8tre de la base cm 5,8 ; diam\u00e8tre de la sortie cm 1,5\/2\/2,5<\/li>\n<li>code 4014S Jeu de 3 entonnoirs \u00e0 hachoir n\u00b0 8 : longueur cm 14 ; diam\u00e8tre de la base cm 7 ; diam\u00e8tre de la sortie cm 1,5\/2\/2,5<\/li>\n<li>code 4306S Jeu de 2 entonnoirs de hachage no. 10\/12 : longueur cm 12,7 ; diam\u00e8tre de la base cm 7,6 ; diam\u00e8tre de la sortie cm 1,5\/2,5<\/li>\n<li>code 4726S Jeu de 3 entonnoirs de hachage no. 22 : longueur cm 14,5 ; diam\u00e8tre de la base cm 8,8 ; diam\u00e8tre de la sortie cm 1,5\/2\/2,5<\/li>\n<li>code 4732S Jeu de 3 entonnoirs de hachage no. 32 : longueur cm 14,5 ; diam\u00e8tre de la base cm 10,2 ; diam\u00e8tre de la sortie cm 1,5\/2\/2,5<\/li>\n<\/ul>\n<p>Pour toute information compl\u00e9mentaire, n'h\u00e9sitez pas \u00e0 contacter <a href=\"https:\/\/www.elettrowebstore.com\/contatta-lo-staff-di-elettrowebstore\/\"><strong>nous contacter<\/strong><\/a>.<\/p>","protected":false},"excerpt":{"rendered":"<p>S\u00e9rie d'entonnoirs de remplissage de saucisses Reber pour application aux hachoirs \u00e0 viande \u00e9lectriques et manuels<\/p>","protected":false},"featured_media":9654452,"template":"","meta":[],"product_brand":[],"product_cat":[273,17,618,370],"product_tag":[1610,2848,2403,2847,1695,2114,836,750,751,2849,65,2850,1608],"class_list":{"0":"post-154312","1":"product","2":"type-product","3":"status-publish","4":"has-post-thumbnail","6":"product_cat-accessori-per-reber","7":"product_cat-casalinghi-cura-casa","8":"product_cat-tritacarne-elettrici","9":"product_cat-tritacarne-manuali","10":"product_tag-15-20-25-mm","11":"product_tag-4014s","12":"product_tag-4017s","13":"product_tag-4306s","14":"product_tag-4726s","15":"product_tag-4732s","16":"product_tag-imbuti","17":"product_tag-insaccare","18":"product_tag-insaccati","19":"product_tag-insaccatori","20":"product_tag-reber","21":"product_tag-salsicce","22":"product_tag-serie","23":"product_shipping_class-pe","25":"first","26":"instock","27":"taxable","28":"shipping-taxable","29":"purchasable","30":"product-type-variable"},"_links":{"self":[{"href":"https:\/\/www.elettrowebstore.com\/fr\/wp-json\/wp\/v2\/product\/154312","targetHints":{"allow":["GET"]}}],"collection":[{"href":"https:\/\/www.elettrowebstore.com\/fr\/wp-json\/wp\/v2\/product"}],"about":[{"href":"https:\/\/www.elettrowebstore.com\/fr\/wp-json\/wp\/v2\/types\/product"}],"wp:featuredmedia":[{"embeddable":true,"href":"https:\/\/www.elettrowebstore.com\/fr\/wp-json\/wp\/v2\/media\/9654452"}],"wp:attachment":[{"href":"https:\/\/www.elettrowebstore.com\/fr\/wp-json\/wp\/v2\/media?parent=154312"}],"wp:term":[{"taxonomy":"product_brand","embeddable":true,"href":"https:\/\/www.elettrowebstore.com\/fr\/wp-json\/wp\/v2\/product_brand?post=154312"},{"taxonomy":"product_cat","embeddable":true,"href":"https:\/\/www.elettrowebstore.com\/fr\/wp-json\/wp\/v2\/product_cat?post=154312"},{"taxonomy":"product_tag","embeddable":true,"href":"https:\/\/www.elettrowebstore.com\/fr\/wp-json\/wp\/v2\/product_tag?post=154312"}],"curies":[{"name":"wp","href":"https:\/\/api.w.org\/{rel}","templated":true}]}}