{"id":14026,"date":"2020-05-01T10:59:16","date_gmt":"2020-05-01T08:59:16","guid":{"rendered":"https:\/\/www.elettrowebstore.com\/?post_type=product&#038;p=14026"},"modified":"2021-01-21T03:35:33","modified_gmt":"2021-01-21T02:35:33","slug":"paratia-con-supporto-barriera-protezione-anticontagio-plexiglass","status":"publish","type":"product","link":"https:\/\/www.elettrowebstore.com\/fr\/shop\/cloison-avec-support-de-protection-en-plexiglas\/","title":{"rendered":"Cloison avec support de barri\u00e8re en plexiglas"},"content":{"rendered":"<h2 style=\"text-align: left\"><strong>Cloison avec support de barri\u00e8re en plexiglas<\/strong><\/h2>\n<p><span class=\"fontstyle0\"><a href=\"https:\/\/www.elettrowebstore.com\/shop\/paratia-con-supporto-barriera-protezione-anticontagio-plexiglass\/\"><strong>Cloison avec support de barri\u00e8re en plexiglas<\/strong><\/a> est un <strong>panneau de s\u00e9paration en acrylique<\/strong>Il peut \u00eatre positionn\u00e9 sur des surfaces planes. En effet, le produit est dot\u00e9 d'un magnifique cadre en aluminium peint en blanc. Cela lui conf\u00e8re une grande stabilit\u00e9 et la possibilit\u00e9 d'\u00eatre d\u00e9plac\u00e9 facilement.<br \/>\n<\/span><\/p>\n<p><img loading=\"lazy\" decoding=\"async\" class=\"aligncenter size-full wp-image-14034\" src=\"https:\/\/www.elettrowebstore.com\/EWS_Store\/wp-content\/uploads\/2020\/05\/paratia-con-supporto-protezione-anticontagio-covid19-uffici-plexiglass-pannello-trasparente-3.jpg\" alt=\"Cloison avec support de barri\u00e8re en plexiglas\" width=\"800\" height=\"600\" srcset=\"https:\/\/www.elettrowebstore.com\/EWS_Store\/wp-content\/uploads\/paratia-con-supporto-protezione-anticontagio-covid19-uffici-plexiglass-pannello-trasparente-3.jpg 800w, https:\/\/www.elettrowebstore.com\/EWS_Store\/wp-content\/uploads\/paratia-con-supporto-protezione-anticontagio-covid19-uffici-plexiglass-pannello-trasparente-3-600x450.jpg 600w, https:\/\/www.elettrowebstore.com\/EWS_Store\/wp-content\/uploads\/paratia-con-supporto-protezione-anticontagio-covid19-uffici-plexiglass-pannello-trasparente-3-768x576.jpg 768w\" sizes=\"auto, (max-width: 800px) 100vw, 800px\" \/><\/p>\n<p><img loading=\"lazy\" decoding=\"async\" class=\"aligncenter size-full wp-image-14031\" src=\"https:\/\/www.elettrowebstore.com\/EWS_Store\/wp-content\/uploads\/2020\/05\/paratia-con-supporto-protezione-anticontagio-covid19-uffici-plexiglass-pannello-trasparente-1.jpg\" alt=\"Cloison avec support de barri\u00e8re en plexiglas\" width=\"800\" height=\"600\" \/><\/p>\n<p><span class=\"fontstyle0\">C'est un outil id\u00e9al pour les bureaux, les \u00e9tablis, les comptoirs de service \u00e0 la client\u00e8le ou les bureaux d'accueil. En fait, cette barri\u00e8re transparente peut \u00eatre utilis\u00e9e dans tous les endroits o\u00f9 les gens s'approchent. Aujourd'hui, une distance de s\u00e9curit\u00e9 doit \u00eatre maintenue contre les gouttelettes. <\/span><\/p>\n<p><span class=\"fontstyle0\">En fait, les gouttelettes sont ces \"gouttelettes\" de salive plus ou moins minuscules qui peuvent se d\u00e9placer dans l'air lorsque l'on parle, que l'on tousse ou que l'on \u00e9ternue. Ces types de barri\u00e8res prot\u00e8gent et permettent de voir \u00e0 travers. Elles sont \u00e9galement faciles \u00e0 nettoyer avec toutes sortes de d\u00e9tergents.<br \/>\n<\/span><\/p>\n<p><strong>\u00a0<\/strong><\/p>\n<h2><strong>Sp\u00e9cifications techniques<\/strong><\/h2>\n<p>Voici les principales caract\u00e9ristiques techniques du<strong> <span class=\"fontstyle0\"><a href=\"https:\/\/www.elettrowebstore.com\/shop\/paratia-con-supporto-barriera-protezione-anticontagio-plexiglass\/\">cloison avec support de protection en plexiglas<\/a><\/span>:<br \/>\n<\/strong><\/p>\n<ul>\n<li>\u00e9paisseur de la feuille 3 mm<\/li>\n<li>enti\u00e8rement en plexiglas, avec cadre en aluminium peint<\/li>\n<li><span class=\"fontstyle0\">disponible en diff\u00e9rentes tailles (largeur x hauteur) : 85\u00d770 ; <\/span><span class=\"fontstyle0\">120\u00d770 ; <\/span><span class=\"fontstyle0\">85\u00d7100 ; 120\u00d7100<br \/>\n<\/span><\/li>\n<li><span class=\"fontstyle0\">ouverture des documents - marchandises<br \/>\n<\/span><\/li>\n<li><span class=\"fontstyle0\">l\u00e9ger, transparent, incassable, peut \u00eatre d\u00e9sinfect\u00e9 avec n'importe quel produit chimique<\/span><\/li>\n<li><span class=\"fontstyle0\">sans vis, adh\u00e9sifs ou autres syst\u00e8mes de fixation<\/span><\/li>\n<li>100% fabriqu\u00e9 en Italie<\/li>\n<\/ul>\n<h2><strong><img loading=\"lazy\" decoding=\"async\" class=\"aligncenter size-full wp-image-14033\" src=\"https:\/\/www.elettrowebstore.com\/EWS_Store\/wp-content\/uploads\/2020\/05\/paratia-con-supporto-protezione-anticontagio-covid19-uffici-plexiglass-pannello-trasparente-4.jpg\" alt=\"Cloison avec support de barri\u00e8re en plexiglas\" width=\"800\" height=\"600\" \/><\/strong><\/h2>\n<h2><strong><img loading=\"lazy\" decoding=\"async\" class=\"aligncenter size-full wp-image-14030\" src=\"https:\/\/www.elettrowebstore.com\/EWS_Store\/wp-content\/uploads\/2020\/05\/paratia-con-supporto-protezione-anticontagio-covid19-uffici-plexiglass-pannello-trasparente-5.jpg\" alt=\"Cloison avec support de barri\u00e8re en plexiglas\" width=\"800\" height=\"600\" \/><\/strong><\/h2>\n<p>&nbsp;<\/p>\n<h2><strong><img loading=\"lazy\" decoding=\"async\" class=\"aligncenter size-full wp-image-14032\" src=\"https:\/\/www.elettrowebstore.com\/EWS_Store\/wp-content\/uploads\/2020\/05\/paratia-con-supporto-protezione-anticontagio-covid19-uffici-plexiglass-pannello-trasparente-2.jpg\" alt=\"Cloison avec support de barri\u00e8re en plexiglas\" width=\"600\" height=\"800\" \/><\/strong><\/h2>\n<p>&nbsp;<\/p>\n<h2><strong>Autres options disponibles sur demande<\/strong><\/h2>\n<p>En plus de ce qui est pr\u00e9sent\u00e9 dans cette annonce, vous pouvez \u00e9galement demander des variantes comme indiqu\u00e9 ci-dessous :<\/p>\n<ul>\n<li>Epaisseur du plexiglas \u00e0 5 millim\u00e8tres<\/li>\n<li>application du verre au lieu du plexiglas<\/li>\n<\/ul>\n<p>Contactez-nous pour plus d'informations <a href=\"https:\/\/www.elettrowebstore.com\/contatta-lo-staff-di-elettrowebstore\/\"><strong>en cliquant ici<\/strong><\/a>.<\/p>\n<p>&nbsp;<\/p>\n<h2><strong>Description<\/strong><\/h2>\n<p>Cette barri\u00e8re de protection assure rapidement et facilement une protection compl\u00e8te contre les risques d'infection. Elle est dot\u00e9e d'un cadre en aluminium peint en blanc.<\/p>\n<p>L'\u00e9paisseur du plexiglas est de 3 millim\u00e8tres et il est pratiquement invisible. La partie inf\u00e9rieure fait office d'ouverture et permet le passage de documents et de petits paquets.<\/p>\n<p>Il s'agit d'un excellent outil, peu co\u00fbteux et facile \u00e0 utiliser, pour assurer votre s\u00e9curit\u00e9 et celle de vos interlocuteurs. Il est \u00e9galement disponible en <strong>diff\u00e9rentes dimensions<\/strong>i, il est donc possible de trouver la solution optimale en fonction de l'endroit o\u00f9 il doit \u00eatre plac\u00e9.<\/p>\n<p>&nbsp;<\/p>\n<h2><strong>Cr\u00e9dit d'imp\u00f4t pour l'assainissement des lieux de travail<\/strong><\/h2>\n<p>Ce produit rel\u00e8ve de l'article 30 du d\u00e9cret-loi n\u00b0 23 du 8 avril 2020 et de l'article 64 du d\u00e9cret-loi n\u00b0 18 du 17 mars 2020, qui r\u00e9glementent le cr\u00e9dit d'imp\u00f4t pour l'achat d'\u00e9quipements de protection individuelle sur le lieu de travail.<\/p>\n<p>Par cons\u00e9quent, en demandant la facture, il est \u00e9galement possible de faire d\u00e9duire l'avantage 50% de vos imp\u00f4ts en tant que cr\u00e9dit d'imp\u00f4t !<\/p>\n<p>Pour plus d'informations, veuillez consulter le site <a href=\"https:\/\/www.ilsole24ore.com\/art\/cresce-l-obbligo-mascherine-ecco-sgravi-dispositivi-protezione-individuale-ADPoliI?refresh_ce=1\"><strong>Il Sole 24 Ore<\/strong><\/a> ou des sites sp\u00e9cialis\u00e9s.<\/p>\n<p>&nbsp;<\/p>\n<h2><strong>D\u00e9lai de livraison <\/strong><strong>cloison avec support de protection en plexiglas<br \/>\n<\/strong><\/h2>\n<p>Ce produit est disponible \u00e0 la commande. En effet, il est sur le point d'\u00eatre livr\u00e9 dans nos locaux. Vous pouvez donc d'ores et d\u00e9j\u00e0 le commander afin d'acqu\u00e9rir une priorit\u00e9 de commande. Comme il s'agit d'un produit tr\u00e8s populaire, nous traiterons les commandes en fonction de la date et de l'heure de r\u00e9ception du paiement. La livraison est pr\u00e9vue pour le 10 mai 2020.<\/p>\n<p>En outre, tous les envois d'ElettroWebStore sont exempts de frais de transport !<\/p>\n<p><a href=\"https:\/\/www.elettrowebstore.com\/spedizioni-consegne-prodotti-italia-estero\/\"><img loading=\"lazy\" decoding=\"async\" class=\"aligncenter wp-image-5149 size-full\" src=\"https:\/\/www.elettrowebstore.com\/EWS_Store\/wp-content\/uploads\/2020\/04\/elettrowebstore-spedizione-con-corrieri-brt-sda-dhl_n75nxd.jpg\" alt=\"ElettroWebStore est livr\u00e9 par des transporteurs rapides BRT SDA DHL\" width=\"649\" height=\"175\" srcset=\"https:\/\/www.elettrowebstore.com\/EWS_Store\/wp-content\/uploads\/elettrowebstore-spedizione-con-corrieri-brt-sda-dhl_n75nxd.jpg 649w, https:\/\/www.elettrowebstore.com\/EWS_Store\/wp-content\/uploads\/elettrowebstore-spedizione-con-corrieri-brt-sda-dhl_n75nxd-600x162.jpg 600w\" sizes=\"auto, (max-width: 649px) 100vw, 649px\" \/><\/a><\/p>\n<p>&nbsp;<\/p>\n<h2><strong>Modes de paiement accept\u00e9s<\/strong><\/h2>\n<p><strong>Sur le site d'ElettroWebStore, vous pouvez payer avec toutes les m\u00e9thodes courantes<\/strong>\u00e0 la fois sp\u00e9cifiques \u00e0 Internet (telles que les cartes pr\u00e9pay\u00e9es) et traditionnelles (telles que les cartes de cr\u00e9dit classiques).<\/p>\n<p><a href=\"https:\/\/www.elettrowebstore.com\/pagamenti-sicuri-sul-sito-elettrowebstore\/\"><img loading=\"lazy\" decoding=\"async\" class=\"aligncenter size-full wp-image-5151\" src=\"https:\/\/www.elettrowebstore.com\/EWS_Store\/wp-content\/uploads\/2020\/04\/elettrowebstore-pagamenti_berj9q.jpg\" alt=\"Modes de paiement accept\u00e9s sur le site ElettroWebStore\" width=\"649\" height=\"226\" srcset=\"https:\/\/www.elettrowebstore.com\/EWS_Store\/wp-content\/uploads\/elettrowebstore-pagamenti_berj9q.jpg 649w, https:\/\/www.elettrowebstore.com\/EWS_Store\/wp-content\/uploads\/elettrowebstore-pagamenti_berj9q-600x209.jpg 600w\" sizes=\"auto, (max-width: 649px) 100vw, 649px\" \/><\/a><\/p>\n<p>&nbsp;<\/p>\n<p>Tous les paiements sont effectu\u00e9s par l'interm\u00e9diaire du <a href=\"https:\/\/www.paypal.com\/it\/webapps\/mpp\/paypal-safety-and-security\"><strong>Paypal<\/strong><\/a>. De plus, m\u00eame si vous n'avez pas Paypal, vous pouvez toujours payer sans vous inscrire et sans enregistrer vos donn\u00e9es d'identification. Il vous suffit d'entrer vos coordonn\u00e9es dans les pages Paypal.<\/p>\n<p>En aucun cas <a href=\"http:\/\/www.elettrowebstore.com\"><strong>ElettroWebStore<\/strong><\/a> g\u00e9rer les donn\u00e9es de votre carte de paiement ou en prendre connaissance. En effet, les <a href=\"http:\/\/www.elettrowebstore.com\"><strong>ElettroWebStore<\/strong><\/a> ne verra que si le paiement a \u00e9t\u00e9 effectu\u00e9 ou non !<\/p>\n<p>Notre site utilise les protocoles HTTPS, qui garantissent des normes de s\u00e9curit\u00e9 \u00e9lev\u00e9es pour les utilisateurs !<\/p>","protected":false},"excerpt":{"rendered":"<p>Cloison anti-\u00e9claboussures en plexiglas avec support. <span style=\"color: #ff0000\"><strong>Livraison gratuite en Italie<\/strong><\/span><\/p>","protected":false},"featured_media":14034,"template":"","meta":[],"product_brand":[],"product_cat":[1584],"product_tag":[1562,1576,1180,1586,1577,1585,1578,1579,846,1565,1580],"class_list":{"0":"post-14026","1":"product","2":"type-product","3":"status-publish","4":"has-post-thumbnail","6":"product_cat-dispositivi-anti-covid-19","7":"product_tag-anti-covid19","8":"product_tag-anticontagio","9":"product_tag-barriera","10":"product_tag-con-supporto","11":"product_tag-contagio","12":"product_tag-parasputi","13":"product_tag-paratia","14":"product_tag-plexiglass","15":"product_tag-protezione","16":"product_tag-protezione-individuale","17":"product_tag-sanificazione","18":"product_shipping_class-pe10","20":"first","21":"outofstock","22":"featured","23":"taxable","24":"shipping-taxable","25":"product-type-variable"},"_links":{"self":[{"href":"https:\/\/www.elettrowebstore.com\/fr\/wp-json\/wp\/v2\/product\/14026","targetHints":{"allow":["GET"]}}],"collection":[{"href":"https:\/\/www.elettrowebstore.com\/fr\/wp-json\/wp\/v2\/product"}],"about":[{"href":"https:\/\/www.elettrowebstore.com\/fr\/wp-json\/wp\/v2\/types\/product"}],"wp:featuredmedia":[{"embeddable":true,"href":"https:\/\/www.elettrowebstore.com\/fr\/wp-json\/wp\/v2\/media\/14034"}],"wp:attachment":[{"href":"https:\/\/www.elettrowebstore.com\/fr\/wp-json\/wp\/v2\/media?parent=14026"}],"wp:term":[{"taxonomy":"product_brand","embeddable":true,"href":"https:\/\/www.elettrowebstore.com\/fr\/wp-json\/wp\/v2\/product_brand?post=14026"},{"taxonomy":"product_cat","embeddable":true,"href":"https:\/\/www.elettrowebstore.com\/fr\/wp-json\/wp\/v2\/product_cat?post=14026"},{"taxonomy":"product_tag","embeddable":true,"href":"https:\/\/www.elettrowebstore.com\/fr\/wp-json\/wp\/v2\/product_tag?post=14026"}],"curies":[{"name":"wp","href":"https:\/\/api.w.org\/{rel}","templated":true}]}}