{"id":13988,"date":"2020-04-23T06:02:55","date_gmt":"2020-04-23T04:02:55","guid":{"rendered":"https:\/\/www.elettrowebstore.com\/?post_type=product&#038;p=13988"},"modified":"2021-01-18T12:44:42","modified_gmt":"2021-01-18T11:44:42","slug":"mascherine-ffp2-marchio-ce-dispositivi-di-protezione-personale-200-pezzi","status":"publish","type":"product","link":"https:\/\/www.elettrowebstore.com\/fr\/shop\/ffp2-masques-marquage-ce-equipement-de-protection-individuelle-200-pieces\/","title":{"rendered":"Masques FFP2 \u00c9quipements de protection individuelle marqu\u00e9s CE 200 pi\u00e8ces"},"content":{"rendered":"<h2><strong>Masques FFP2 \u00c9quipements de protection individuelle marqu\u00e9s CE 200 pi\u00e8ces<br \/>\n<\/strong><\/h2>\n<p>Les masques FFP2 sont des \u00e9quipements de protection individuelle marqu\u00e9s CE de 200 pi\u00e8ces, con\u00e7us pour un usage professionnel dans les environnements de travail. En effet, ce type de produit est marqu\u00e9 CE et est con\u00e7u pour \u00eatre un EPI, c'est-\u00e0-dire un \u00e9quipement de protection individuelle. <strong>Cette publicit\u00e9 concerne l'achat d'un carton entier de 200 masques.<\/strong><\/p>\n<p><img loading=\"lazy\" decoding=\"async\" class=\"aligncenter size-full wp-image-14016\" src=\"https:\/\/www.elettrowebstore.com\/EWS_Store\/wp-content\/uploads\/2020\/04\/mascherine-ffp2-ce-professionali-certificate-kn95-dispositivo-protezione-individuale-individual-protection-masks-ce-marked.jpg\" alt=\"Masques de protection individuelle FFP2 certifi\u00e9s par la CE pour les professionnels\" width=\"800\" height=\"340\" srcset=\"https:\/\/www.elettrowebstore.com\/EWS_Store\/wp-content\/uploads\/mascherine-ffp2-ce-professionali-certificate-kn95-dispositivo-protezione-individuale-individual-protection-masks-ce-marked.jpg 800w, https:\/\/www.elettrowebstore.com\/EWS_Store\/wp-content\/uploads\/mascherine-ffp2-ce-professionali-certificate-kn95-dispositivo-protezione-individuale-individual-protection-masks-ce-marked-600x255.jpg 600w, https:\/\/www.elettrowebstore.com\/EWS_Store\/wp-content\/uploads\/mascherine-ffp2-ce-professionali-certificate-kn95-dispositivo-protezione-individuale-individual-protection-masks-ce-marked-768x326.jpg 768w\" sizes=\"auto, (max-width: 800px) 100vw, 800px\" \/><\/p>\n<p><strong>L'image ci-dessus n'est qu'indicative<\/strong>.<\/p>\n<p><span style=\"color: #ff0000\"><strong>Le produit est livr\u00e9 dans un d\u00e9lai d'environ 10 jours ouvrables. En cas de probl\u00e8me, vous en serez inform\u00e9 \u00e0 temps<\/strong><\/span>.<\/p>\n<p>Cette annonce concerne l'achat d'un carton entier de masques, soit 200 pi\u00e8ces.<\/p>\n<p>&nbsp;<\/p>\n<h2><strong>Sp\u00e9cifications techniques<\/strong><\/h2>\n<ul>\n<li>Pays d'origine : Pays non membres de l'UE.<\/li>\n<li>Marquage CE : Conform\u00e9ment au d\u00e9cret l\u00e9gislatif 37\/2010 mettant en \u0153uvre la directive 2007\/47\/CE, en tant que dispositif non invasif \u00e0 usage temporaire.<\/li>\n<li>Classe de protection : FFP2, c'est-\u00e0-dire protection contre la poussi\u00e8re, la fum\u00e9e et les a\u00e9rosols solides et liquides.<\/li>\n<li>Taux de filtration : minimum 94%, c'est-\u00e0-dire taille des particules jusqu'\u00e0 0,6 micron m\u00e8tre<\/li>\n<li>Taux de fuite vers l'ext\u00e9rieur : maximum 8%<\/li>\n<li>Taille : Unique<\/li>\n<li>Mati\u00e8re premi\u00e8re : tissu polypropyl\u00e8ne non tiss\u00e9<\/li>\n<li>Conserver \u00e0 une temp\u00e9rature comprise entre -5\u00b0 et 40\u00b0C, dans un environnement sec, ne pas exposer \u00e0 la lumi\u00e8re directe du soleil.<\/li>\n<\/ul>\n<p>&nbsp;<\/p>\n<h2><strong>Masque de protection individuelle. Qu'est-ce que cela signifie ?<\/strong><\/h2>\n<p>Un \u00e9quipement de protection individuelle, abr\u00e9g\u00e9 EPI, est un outil destin\u00e9 \u00e0 \u00eatre port\u00e9 par les travailleurs. Il a pour but de prot\u00e9ger le travailleur contre les risques pr\u00e9sents dans l'activit\u00e9 professionnelle qu'il exerce.<\/p>\n<p>Par cons\u00e9quent, ce dispositif est obligatoire parce qu'il est requis par la loi, sur la base de dispositions sp\u00e9cifiques.<\/p>\n<p>Le masque FFP2 est g\u00e9n\u00e9ralement utilis\u00e9 dans des environnements o\u00f9 des fum\u00e9es ou des poussi\u00e8res fines sont pr\u00e9sentes.<\/p>\n<p><strong>Avec la crise du virus COVID-19, cet \u00e9quipement de protection individuelle est le seul mod\u00e8le certifi\u00e9 pour un usage professionnel.<\/strong>.<\/p>\n<p>En fait, il est tr\u00e8s important de souligner que <strong>seuls et exclusivement des EPI certifi\u00e9s CE peuvent \u00eatre utilis\u00e9s sur le lieu de travail<\/strong>. Aucun masque chirurgical ou produit similaire ne peut \u00eatre utilis\u00e9, pour \u00eatre en conformit\u00e9.<\/p>\n<p>Le masque FFP2 offre \u00e9galement un excellent compromis entre la facilit\u00e9 de respiration laiss\u00e9e au travailleur et le filtrage. En effet, la certification garantit qu'il peut \u00e9galement retenir le virus, si le travailleur entre en contact avec lui ou en est porteur, sans affecter la possibilit\u00e9 de travailler en toute s\u00e9curit\u00e9, dans le calme et le confort.<\/p>\n<p>Il doit \u00eatre remplac\u00e9 apr\u00e8s une journ\u00e9e d'utilisation et n'est pas lavable. Il est donc conseill\u00e9, au d\u00e9but de chaque poste de travail, de fournir au travailleur le masque appropri\u00e9 avant d'entrer sur le lieu de travail.<\/p>\n<p>D'autre part,<strong> le port d'un masque par le travailleur n'est pas une option, mais une obligation<\/strong>. Ceci est valable \u00e0 la fois pour la protection de sa s\u00e9curit\u00e9 mais aussi, \u00e0 l'occasion du corona virus, pour garantir la sant\u00e9 de ses coll\u00e8gues de travail et les int\u00e9r\u00eats de l'entreprise.<\/p>\n<p>Il est donc important de choisir des produits certifi\u00e9s, m\u00eame s'ils co\u00fbtent normalement plus cher que des produits non certifi\u00e9s ou des produits qui ne sont pas des \u00e9quipements de protection individuelle.<\/p>\n<p>&nbsp;<\/p>\n<h2><strong>Cr\u00e9dit d'imp\u00f4t pour l'assainissement des lieux de travail<\/strong><\/h2>\n<p>Ce produit rel\u00e8ve de l'article 30 du d\u00e9cret-loi n\u00b0 23 du 8 avril 2020 et de l'article 64 du d\u00e9cret-loi n\u00b0 18 du 17 mars 2020, qui r\u00e9glementent le cr\u00e9dit d'imp\u00f4t pour l'achat d'\u00e9quipements de protection individuelle sur le lieu de travail.<\/p>\n<p>Par cons\u00e9quent, en demandant la facture, il est \u00e9galement possible de faire d\u00e9duire l'avantage 50% de vos imp\u00f4ts en tant que cr\u00e9dit d'imp\u00f4t !<\/p>\n<p>Pour plus d'informations, veuillez consulter le site <a href=\"https:\/\/www.ilsole24ore.com\/art\/cresce-l-obbligo-mascherine-ecco-sgravi-dispositivi-protezione-individuale-ADPoliI?refresh_ce=1\"><strong>Il Sole 24 Ore<\/strong><\/a> ou des sites sp\u00e9cialis\u00e9s.<\/p>\n<p>&nbsp;<\/p>\n<h2><strong>D\u00e9lai de livraison<\/strong><\/h2>\n<p>Produit actuellement disponible. Ils sont normalement livr\u00e9s dans un d\u00e9lai d'environ 10 jours ouvrables.<\/p>\n<p>En outre, tous les envois d'ElettroWebStore sont exempts de frais de transport !<\/p>\n<p><a href=\"https:\/\/www.elettrowebstore.com\/spedizioni-consegne-prodotti-italia-estero\/\"><img loading=\"lazy\" decoding=\"async\" class=\"aligncenter wp-image-5149 size-full\" src=\"https:\/\/www.elettrowebstore.com\/EWS_Store\/wp-content\/uploads\/2020\/04\/elettrowebstore-spedizione-con-corrieri-brt-sda-dhl_n75nxd.jpg\" alt=\"ElettroWebStore est livr\u00e9 par des transporteurs rapides BRT SDA DHL\" width=\"649\" height=\"175\" srcset=\"https:\/\/www.elettrowebstore.com\/EWS_Store\/wp-content\/uploads\/elettrowebstore-spedizione-con-corrieri-brt-sda-dhl_n75nxd.jpg 649w, https:\/\/www.elettrowebstore.com\/EWS_Store\/wp-content\/uploads\/elettrowebstore-spedizione-con-corrieri-brt-sda-dhl_n75nxd-600x162.jpg 600w\" sizes=\"auto, (max-width: 649px) 100vw, 649px\" \/><\/a><\/p>\n<p>&nbsp;<\/p>\n<h2><strong>Modes de paiement accept\u00e9s<\/strong><\/h2>\n<p><strong>Sur le site d'ElettroWebStore, vous pouvez payer avec toutes les m\u00e9thodes courantes<\/strong>\u00e0 la fois sp\u00e9cifiques \u00e0 Internet (telles que les cartes pr\u00e9pay\u00e9es) et traditionnelles (telles que les cartes de cr\u00e9dit classiques).<\/p>\n<p><a href=\"https:\/\/www.elettrowebstore.com\/pagamenti-sicuri-sul-sito-elettrowebstore\/\"><img loading=\"lazy\" decoding=\"async\" class=\"aligncenter size-full wp-image-5151\" src=\"https:\/\/www.elettrowebstore.com\/EWS_Store\/wp-content\/uploads\/2020\/04\/elettrowebstore-pagamenti_berj9q.jpg\" alt=\"Modes de paiement accept\u00e9s sur le site ElettroWebStore\" width=\"649\" height=\"226\" srcset=\"https:\/\/www.elettrowebstore.com\/EWS_Store\/wp-content\/uploads\/elettrowebstore-pagamenti_berj9q.jpg 649w, https:\/\/www.elettrowebstore.com\/EWS_Store\/wp-content\/uploads\/elettrowebstore-pagamenti_berj9q-600x209.jpg 600w\" sizes=\"auto, (max-width: 649px) 100vw, 649px\" \/><\/a><\/p>\n<p>&nbsp;<\/p>\n<p>Tous les paiements sont effectu\u00e9s par l'interm\u00e9diaire du <a href=\"https:\/\/www.paypal.com\/it\/webapps\/mpp\/paypal-safety-and-security\"><strong>Paypal<\/strong><\/a>. De plus, m\u00eame si vous n'avez pas Paypal, vous pouvez toujours payer sans vous inscrire et sans enregistrer vos donn\u00e9es d'identification. Il vous suffit d'entrer vos coordonn\u00e9es dans les pages Paypal.<\/p>\n<p>En aucun cas <a href=\"http:\/\/www.elettrowebstore.com\"><strong>ElettroWebStore<\/strong><\/a> g\u00e9rer les donn\u00e9es de votre carte de paiement ou en prendre connaissance. En effet, les <a href=\"http:\/\/www.elettrowebstore.com\"><strong>ElettroWebStore<\/strong><\/a> ne verra que si le paiement a \u00e9t\u00e9 effectu\u00e9 ou non !<\/p>\n<p>Notre site utilise les protocoles HTTPS, qui garantissent des normes de s\u00e9curit\u00e9 \u00e9lev\u00e9es pour les utilisateurs !<\/p>","protected":false},"excerpt":{"rendered":"<p>Masques FFP2 \u00c9quipements de protection individuelle marqu\u00e9s CE 200 pcs. Livraison dans les 10 jours ouvrables. <span style=\"color: #ff0000\"><strong>Livraison gratuite en Italie !<\/strong><\/span><\/p>","protected":false},"featured_media":14016,"template":"","meta":[],"product_brand":[],"product_cat":[1584,1558],"product_tag":[1564,1562,1563,1566,1561,1581,1559,1560,1583,1582,1565],"class_list":{"0":"post-13988","1":"product","2":"type-product","3":"status-publish","4":"has-post-thumbnail","6":"product_cat-dispositivi-anti-covid-19","7":"product_cat-mascherine","8":"product_tag-a-marchio-ce","9":"product_tag-anti-covid19","10":"product_tag-corona-virus","11":"product_tag-dpi","12":"product_tag-ffp2","13":"product_tag-invidual","14":"product_tag-mascherina","15":"product_tag-mascherine","16":"product_tag-mask","17":"product_tag-protection","18":"product_tag-protezione-individuale","19":"product_shipping_class-pe10","21":"first","22":"instock","23":"sale","24":"taxable","25":"shipping-taxable","26":"purchasable","27":"product-type-simple"},"_links":{"self":[{"href":"https:\/\/www.elettrowebstore.com\/fr\/wp-json\/wp\/v2\/product\/13988","targetHints":{"allow":["GET"]}}],"collection":[{"href":"https:\/\/www.elettrowebstore.com\/fr\/wp-json\/wp\/v2\/product"}],"about":[{"href":"https:\/\/www.elettrowebstore.com\/fr\/wp-json\/wp\/v2\/types\/product"}],"wp:featuredmedia":[{"embeddable":true,"href":"https:\/\/www.elettrowebstore.com\/fr\/wp-json\/wp\/v2\/media\/14016"}],"wp:attachment":[{"href":"https:\/\/www.elettrowebstore.com\/fr\/wp-json\/wp\/v2\/media?parent=13988"}],"wp:term":[{"taxonomy":"product_brand","embeddable":true,"href":"https:\/\/www.elettrowebstore.com\/fr\/wp-json\/wp\/v2\/product_brand?post=13988"},{"taxonomy":"product_cat","embeddable":true,"href":"https:\/\/www.elettrowebstore.com\/fr\/wp-json\/wp\/v2\/product_cat?post=13988"},{"taxonomy":"product_tag","embeddable":true,"href":"https:\/\/www.elettrowebstore.com\/fr\/wp-json\/wp\/v2\/product_tag?post=13988"}],"curies":[{"name":"wp","href":"https:\/\/api.w.org\/{rel}","templated":true}]}}