{"id":13735,"date":"2020-03-10T19:57:48","date_gmt":"2020-03-10T18:57:48","guid":{"rendered":"https:\/\/www.elettrowebstore.com\/?post_type=product&#038;p=13735"},"modified":"2021-01-18T13:08:54","modified_gmt":"2021-01-18T12:08:54","slug":"marchioro-mangiatoia-rifugio-uccelli-in-liberta-jok-1-24x26x23","status":"publish","type":"product","link":"https:\/\/www.elettrowebstore.com\/fr\/shop\/marchioro-mangeoire-pour-oiseaux-dans-la-nature-jok-1-24x26x23\/","title":{"rendered":"Marchioro mangeoire pour oiseaux en libert\u00e9 JOK 1 24x26x23"},"content":{"rendered":"<h2><strong>Marchioro mangeoire pour oiseaux en libert\u00e9 JOK 1 24x26x23<\/strong><\/h2>\n<p><a href=\"https:\/\/www.elettrowebstore.com\/shop\/marchioro-mangiatoia-rifugio-uccelli-in-liberta-jok-1-24x26x23\/\"><strong>Marchioro mangeoire pour oiseaux en libert\u00e9 JOK 1 24x26x23<\/strong><\/a> est un produit de qualit\u00e9, de couleur marron, con\u00e7u pour les oiseaux. Ce produit se pr\u00e9sente comme une mangeoire modulaire, dot\u00e9e de trois compartiments et d'une fermeture en plastique transparent.<\/p>\n<p><img loading=\"lazy\" decoding=\"async\" class=\"aligncenter size-full wp-image-13737\" src=\"https:\/\/www.elettrowebstore.com\/EWS_Store\/wp-content\/uploads\/2020\/04\/mangiatoia-rifugio-per-uccelli-in-liberta-marchioro-jok1-1.jpg\" alt=\"Marchioro mangeoire pour oiseaux en libert\u00e9 JOK 1 24x26x23\" width=\"800\" height=\"600\" srcset=\"https:\/\/www.elettrowebstore.com\/EWS_Store\/wp-content\/uploads\/mangiatoia-rifugio-per-uccelli-in-liberta-marchioro-jok1-1.jpg 800w, https:\/\/www.elettrowebstore.com\/EWS_Store\/wp-content\/uploads\/mangiatoia-rifugio-per-uccelli-in-liberta-marchioro-jok1-1-600x450.jpg 600w, https:\/\/www.elettrowebstore.com\/EWS_Store\/wp-content\/uploads\/mangiatoia-rifugio-per-uccelli-in-liberta-marchioro-jok1-1-768x576.jpg 768w\" sizes=\"auto, (max-width: 800px) 100vw, 800px\" \/><\/p>\n<p>Si n\u00e9cessaire, g\u00e9n\u00e9ralement en \u00e9t\u00e9, cette mangeoire peut \u00eatre transform\u00e9e en abri pour les oiseaux en vol libre en retirant la structure en plastique transparent.<\/p>\n<p>La pr\u00e9sence de trois compartiments permet de s\u00e9parer correctement les diff\u00e9rents types de fruits \u00e0 coque et de graines. <a href=\"https:\/\/www.elettrowebstore.com\/shop\/marchioro-mangiatoia-rifugio-uccelli-in-liberta-jok-1-24x26x23\/\"><strong>Marchioro mangeoire pour oiseaux en libert\u00e9 JOK 1 24x26x23<\/strong><\/a>.<\/p>\n<p>Les produits MARCHIORO sont enti\u00e8rement con\u00e7us et fabriqu\u00e9s en Italie.<\/p>\n<p>&nbsp;<\/p>\n<h2><strong>Caract\u00e9ristiques techniques de la mangeoire Marchioro pour oiseaux en libert\u00e9 JOK 1 24x26x23<br \/>\n<\/strong><\/h2>\n<ul>\n<li>Dimensions : 36x26x23 h cm<\/li>\n<li>tr\u00e8s robuste, l\u00e9ger et maniable<\/li>\n<li>caract\u00e9ris\u00e9es par une QUALIT\u00c9 SUP\u00c9RIEURE de la conception et des mat\u00e9riaux utilis\u00e9s<\/li>\n<li>tr\u00e8s facile \u00e0 assembler<\/li>\n<li>unique, divis\u00e9 en 3 compartiments, peut \u00eatre rempli avec 1, 2 ou 3 types de graines ou de noix<\/li>\n<li>est un produit pour les quatre saisons : en \u00e9t\u00e9, en retirant les parties transparentes, il devient un abri confortable.<\/li>\n<li>disponible en brun<\/li>\n<li>CET ARTICLE EST CON\u00c7U ET FABRIQU\u00c9 ENTI\u00c8REMENT EN ITALIE<strong><br \/>\n<\/strong><\/li>\n<\/ul>\n<p>&nbsp;<\/p>\n<h2><strong>Informations sur le produit Marchioro<br \/>\n<\/strong><\/h2>\n<p>Marchioro produit des articles pour les animaux domestiques et le jardinage, en utilisant des mat\u00e9riaux de qualit\u00e9 et les technologies les plus modernes de moulage par injection et par rotation, de traitement du fil et de peinture. Des produits qui, gr\u00e2ce \u00e0 leur qualit\u00e9, ont \u00e9t\u00e9 maintes fois r\u00e9compens\u00e9s dans le monde entier.<\/p>\n<p>&nbsp;<\/p>\n<h2><strong>Garantie<\/strong><\/h2>\n<p>Le produit est couvert par <a href=\"https:\/\/www.elettrowebstore.com\/due-anni-di-garanzia-su-ogni-prodotto-acquistato\/\"><strong>garantie l\u00e9gale<\/strong><\/a>selon la page correspondante de notre site web, que nous vous invitons \u00e0 lire. Nous fournissons \u00e9galement des informations claires sur l'exercice du droit d'auteur. <a href=\"https:\/\/www.elettrowebstore.com\/diritto-di-recesso-restituzione-prodotti\/\"><strong>droit de r\u00e9tractation<\/strong><\/a>.<\/p>\n<p>&nbsp;<\/p>\n<h2><strong>D\u00e9lai de livraison<\/strong><\/h2>\n<p>Ce produit est disponible imm\u00e9diatement.<\/p>\n<p>En outre, tous les envois d'ElettroWebStore en Italie sont exempts de frais de transport (\u00e0 l'exception des envois vers des zones particuli\u00e8rement difficiles d'acc\u00e8s) !<\/p>\n<p>Si vous achetez en dehors de l'Italie, le syst\u00e8me calcule des frais d'exp\u00e9dition forfaitaires. Si vous constatez que, par rapport au poids du produit choisi, les frais d'envoi vous semblent excessifs ou disproportionn\u00e9s, finalisez votre commande sans payer et <a href=\"https:\/\/www.elettrowebstore.com\/contatta-lo-staff-di-elettrowebstore\/\"><strong>nous contacter<\/strong><\/a>! Nous \u00e9valuerons et, si n\u00e9cessaire, ajusterons les frais d'exp\u00e9dition \u00e0 l'\u00e9tranger !<\/p>\n<p><a href=\"https:\/\/www.elettrowebstore.com\/spedizioni-consegne-prodotti-italia-estero\/\"><img loading=\"lazy\" decoding=\"async\" class=\"aligncenter wp-image-5149 size-full\" src=\"https:\/\/www.elettrowebstore.com\/EWS_Store\/wp-content\/uploads\/2020\/04\/elettrowebstore-spedizione-con-corrieri-brt-sda-dhl_n75nxd.jpg\" alt=\"ElettroWebStore est livr\u00e9 par des transporteurs rapides BRT SDA DHL\" width=\"649\" height=\"175\" srcset=\"https:\/\/www.elettrowebstore.com\/EWS_Store\/wp-content\/uploads\/elettrowebstore-spedizione-con-corrieri-brt-sda-dhl_n75nxd.jpg 649w, https:\/\/www.elettrowebstore.com\/EWS_Store\/wp-content\/uploads\/elettrowebstore-spedizione-con-corrieri-brt-sda-dhl_n75nxd-600x162.jpg 600w\" sizes=\"auto, (max-width: 649px) 100vw, 649px\" \/><\/a><\/p>\n<p>&nbsp;<\/p>\n<h2><strong>Modes de paiement accept\u00e9s<\/strong><\/h2>\n<p><strong>Sur le site d'ElettroWebStore, vous pouvez payer avec toutes les m\u00e9thodes courantes<\/strong>\u00e0 la fois sp\u00e9cifiques \u00e0 Internet (telles que les cartes pr\u00e9pay\u00e9es) et traditionnelles (telles que les cartes de cr\u00e9dit classiques).<\/p>\n<p><a href=\"https:\/\/www.elettrowebstore.com\/pagamenti-sicuri-sul-sito-elettrowebstore\/\"><img loading=\"lazy\" decoding=\"async\" class=\"aligncenter size-full wp-image-5151\" src=\"https:\/\/www.elettrowebstore.com\/EWS_Store\/wp-content\/uploads\/2020\/04\/elettrowebstore-pagamenti_berj9q.jpg\" alt=\"Modes de paiement accept\u00e9s sur le site ElettroWebStore\" width=\"649\" height=\"226\" srcset=\"https:\/\/www.elettrowebstore.com\/EWS_Store\/wp-content\/uploads\/elettrowebstore-pagamenti_berj9q.jpg 649w, https:\/\/www.elettrowebstore.com\/EWS_Store\/wp-content\/uploads\/elettrowebstore-pagamenti_berj9q-600x209.jpg 600w\" sizes=\"auto, (max-width: 649px) 100vw, 649px\" \/><\/a><\/p>\n<p>&nbsp;<\/p>\n<p>Tous les paiements sont effectu\u00e9s par l'interm\u00e9diaire de <a href=\"https:\/\/www.paypal.com\/it\/webapps\/mpp\/paypal-safety-and-security\"><strong>Paypal<\/strong><\/a>. De plus, m\u00eame si vous ne disposez pas de Paypal, vous pouvez payer sans vous inscrire et sans enregistrer vos donn\u00e9es d'identification. Il vous suffit de saisir vos donn\u00e9es dans les champs appropri\u00e9s. Le syst\u00e8me est crypt\u00e9 et prot\u00e9g\u00e9 et vos donn\u00e9es ne seront en aucun cas communiqu\u00e9es \u00e0 ElettroWebStore. En fait, ElettroWebStore peut seulement voir si votre paiement a \u00e9t\u00e9 effectu\u00e9 ou non et seulement les informations que vous d\u00e9cidez d'introduire !<\/p>\n<p>En aucun cas <a href=\"http:\/\/www.elettrowebstore.com\"><strong>ElettroWebStore<\/strong><\/a> g\u00e9rer les donn\u00e9es de votre carte de paiement ou en prendre connaissance. En effet, les <a href=\"http:\/\/www.elettrowebstore.com\"><strong>ElettroWebStore<\/strong><\/a> ne verra que si le paiement a \u00e9t\u00e9 effectu\u00e9 ou non !<\/p>\n<p>Notre site utilise les protocoles HTTPS, qui garantissent des normes de s\u00e9curit\u00e9 \u00e9lev\u00e9es pour les utilisateurs !<\/p>","protected":false},"excerpt":{"rendered":"<p>Mangeoire Marchioro pour oiseaux en libert\u00e9 JOK 1 24x26x23. <span style=\"color: #ff0000\"><strong>Livraison gratuite en Italie !<\/strong><\/span><\/p>","protected":false},"featured_media":13737,"template":"","meta":[],"product_brand":[],"product_cat":[26],"product_tag":[667,1449,1445,41,1446],"class_list":{"0":"post-13735","1":"product","2":"type-product","3":"status-publish","4":"has-post-thumbnail","6":"product_cat-agricoltura-animaleria","7":"product_tag-animali","8":"product_tag-jok-1","9":"product_tag-mangiatoia","10":"product_tag-marchioro","11":"product_tag-rifugio","12":"product_shipping_class-pe","14":"first","15":"instock","16":"sale","17":"taxable","18":"shipping-taxable","19":"purchasable","20":"product-type-simple"},"yoast_head":"<!-- This site is optimized with the Yoast SEO plugin v27.4 - https:\/\/yoast.com\/product\/yoast-seo-wordpress\/ -->\n<title>Marchioro mangiatoia rifugio uccelli in libert\u00e0 JOK 1 24x26x23<\/title>\n<meta name=\"description\" content=\"Marchioro mangiatoia rifugio uccelli in libert\u00e0 JOK 1 24x26x23 \u00e8 completamente in plastica, per 4 stagioni, 3 scomparti, smontabile e adattabile\" \/>\n<meta name=\"robots\" content=\"index, follow, max-snippet:-1, max-image-preview:large, max-video-preview:-1\" \/>\n<link rel=\"canonical\" href=\"https:\/\/www.elettrowebstore.com\/fr\/shop\/marchioro-mangeoire-pour-oiseaux-dans-la-nature-jok-1-24x26x23\/\" \/>\n<meta property=\"og:locale\" content=\"fr_FR\" \/>\n<meta property=\"og:type\" content=\"article\" \/>\n<meta property=\"og:title\" content=\"Marchioro mangiatoia rifugio uccelli in libert\u00e0 JOK 1 24x26x23\" \/>\n<meta property=\"og:description\" content=\"Marchioro mangiatoia rifugio uccelli in libert\u00e0 JOK 1 24x26x23 \u00e8 completamente in plastica, per 4 stagioni, 3 scomparti, smontabile e adattabile\" \/>\n<meta property=\"og:url\" content=\"https:\/\/www.elettrowebstore.com\/fr\/shop\/marchioro-mangeoire-pour-oiseaux-dans-la-nature-jok-1-24x26x23\/\" \/>\n<meta property=\"og:site_name\" content=\"ElettroWebStore\" \/>\n<meta property=\"article:modified_time\" content=\"2021-01-18T12:08:54+00:00\" \/>\n<meta property=\"og:image\" content=\"https:\/\/res.cloudinary.com\/dl3yepmtd\/images\/v1610971734\/mangiatoia-rifugio-per-uccelli-in-liberta-marchioro-jok1-1\/mangiatoia-rifugio-per-uccelli-in-liberta-marchioro-jok1-1.jpg\" \/>\n\t<meta property=\"og:image:width\" content=\"800\" \/>\n\t<meta property=\"og:image:height\" content=\"600\" \/>\n\t<meta property=\"og:image:type\" content=\"image\/jpeg\" \/>\n<meta name=\"twitter:card\" content=\"summary_large_image\" \/>\n<meta name=\"twitter:label1\" content=\"Dur\u00e9e de lecture estim\u00e9e\" \/>\n\t<meta name=\"twitter:data1\" content=\"3 minutes\" \/>\n<script type=\"application\/ld+json\" class=\"yoast-schema-graph\">{\"@context\":\"https:\\\/\\\/schema.org\",\"@graph\":[{\"@type\":\"WebPage\",\"@id\":\"https:\\\/\\\/www.elettrowebstore.com\\\/shop\\\/marchioro-mangiatoia-rifugio-uccelli-in-liberta-jok-1-24x26x23\\\/\",\"url\":\"https:\\\/\\\/www.elettrowebstore.com\\\/shop\\\/marchioro-mangiatoia-rifugio-uccelli-in-liberta-jok-1-24x26x23\\\/\",\"name\":\"Marchioro mangiatoia rifugio uccelli in libert\u00e0 JOK 1 24x26x23\",\"isPartOf\":{\"@id\":\"https:\\\/\\\/www.elettrowebstore.com\\\/#website\"},\"primaryImageOfPage\":{\"@id\":\"https:\\\/\\\/www.elettrowebstore.com\\\/shop\\\/marchioro-mangiatoia-rifugio-uccelli-in-liberta-jok-1-24x26x23\\\/#primaryimage\"},\"image\":{\"@id\":\"https:\\\/\\\/www.elettrowebstore.com\\\/shop\\\/marchioro-mangiatoia-rifugio-uccelli-in-liberta-jok-1-24x26x23\\\/#primaryimage\"},\"thumbnailUrl\":\"https:\\\/\\\/www.elettrowebstore.com\\\/EWS_Store\\\/wp-content\\\/uploads\\\/mangiatoia-rifugio-per-uccelli-in-liberta-marchioro-jok1-1.jpg\",\"datePublished\":\"2020-03-10T18:57:48+00:00\",\"dateModified\":\"2021-01-18T12:08:54+00:00\",\"description\":\"Marchioro mangiatoia rifugio uccelli in libert\u00e0 JOK 1 24x26x23 \u00e8 completamente in plastica, per 4 stagioni, 3 scomparti, smontabile e adattabile\",\"breadcrumb\":{\"@id\":\"https:\\\/\\\/www.elettrowebstore.com\\\/shop\\\/marchioro-mangiatoia-rifugio-uccelli-in-liberta-jok-1-24x26x23\\\/#breadcrumb\"},\"inLanguage\":\"fr-FR\",\"potentialAction\":[{\"@type\":\"ReadAction\",\"target\":[\"https:\\\/\\\/www.elettrowebstore.com\\\/shop\\\/marchioro-mangiatoia-rifugio-uccelli-in-liberta-jok-1-24x26x23\\\/\"]}]},{\"@type\":\"ImageObject\",\"inLanguage\":\"fr-FR\",\"@id\":\"https:\\\/\\\/www.elettrowebstore.com\\\/shop\\\/marchioro-mangiatoia-rifugio-uccelli-in-liberta-jok-1-24x26x23\\\/#primaryimage\",\"url\":\"https:\\\/\\\/www.elettrowebstore.com\\\/EWS_Store\\\/wp-content\\\/uploads\\\/mangiatoia-rifugio-per-uccelli-in-liberta-marchioro-jok1-1.jpg\",\"contentUrl\":\"https:\\\/\\\/www.elettrowebstore.com\\\/EWS_Store\\\/wp-content\\\/uploads\\\/mangiatoia-rifugio-per-uccelli-in-liberta-marchioro-jok1-1.jpg\",\"width\":800,\"height\":600,\"caption\":\"Marchioro mangiatoia rifugio uccelli in libert\u00e0 JOK 1 24x26x23\"},{\"@type\":\"BreadcrumbList\",\"@id\":\"https:\\\/\\\/www.elettrowebstore.com\\\/shop\\\/marchioro-mangiatoia-rifugio-uccelli-in-liberta-jok-1-24x26x23\\\/#breadcrumb\",\"itemListElement\":[{\"@type\":\"ListItem\",\"position\":1,\"name\":\"Home\",\"item\":\"https:\\\/\\\/www.elettrowebstore.com\\\/\"},{\"@type\":\"ListItem\",\"position\":2,\"name\":\"Shop\",\"item\":\"https:\\\/\\\/www.elettrowebstore.com\\\/shop\\\/\"},{\"@type\":\"ListItem\",\"position\":3,\"name\":\"Prodotti per l'agricoltura e per gli animali\",\"item\":\"https:\\\/\\\/www.elettrowebstore.com\\\/categoria-prodotto\\\/agricoltura-animaleria\\\/\"},{\"@type\":\"ListItem\",\"position\":4,\"name\":\"Marchioro mangiatoia rifugio uccelli in libert\u00e0 JOK 1 24x26x23\"}]},{\"@type\":\"WebSite\",\"@id\":\"https:\\\/\\\/www.elettrowebstore.com\\\/#website\",\"url\":\"https:\\\/\\\/www.elettrowebstore.com\\\/\",\"name\":\"ElettroWebStore\",\"description\":\"Casalinghi buste sottovuoto ferramenta articoli giardino elettrodomestici\",\"publisher\":{\"@id\":\"https:\\\/\\\/www.elettrowebstore.com\\\/#organization\"},\"potentialAction\":[{\"@type\":\"SearchAction\",\"target\":{\"@type\":\"EntryPoint\",\"urlTemplate\":\"https:\\\/\\\/www.elettrowebstore.com\\\/?s={search_term_string}\"},\"query-input\":{\"@type\":\"PropertyValueSpecification\",\"valueRequired\":true,\"valueName\":\"search_term_string\"}}],\"inLanguage\":\"fr-FR\"},{\"@type\":\"Organization\",\"@id\":\"https:\\\/\\\/www.elettrowebstore.com\\\/#organization\",\"name\":\"ElettroWebStore - ELCA S.r.l.\",\"url\":\"https:\\\/\\\/www.elettrowebstore.com\\\/\",\"logo\":{\"@type\":\"ImageObject\",\"inLanguage\":\"fr-FR\",\"@id\":\"https:\\\/\\\/www.elettrowebstore.com\\\/#\\\/schema\\\/logo\\\/image\\\/\",\"url\":\"\",\"contentUrl\":\"\",\"caption\":\"ElettroWebStore - ELCA S.r.l.\"},\"image\":{\"@id\":\"https:\\\/\\\/www.elettrowebstore.com\\\/#\\\/schema\\\/logo\\\/image\\\/\"}}]}<\/script>\n<!-- \/ Yoast SEO plugin. -->","yoast_head_json":{"title":"Marchioro mangeoire pour oiseaux en libert\u00e9 JOK 1 24x26x23","description":"La mangeoire Marchioro JOK 1 24x26x23 est enti\u00e8rement en plastique, pour 4 saisons, 3 compartiments, amovibles et adaptables.","robots":{"index":"index","follow":"follow","max-snippet":"max-snippet:-1","max-image-preview":"max-image-preview:large","max-video-preview":"max-video-preview:-1"},"canonical":"https:\/\/www.elettrowebstore.com\/fr\/shop\/marchioro-mangeoire-pour-oiseaux-dans-la-nature-jok-1-24x26x23\/","og_locale":"fr_FR","og_type":"article","og_title":"Marchioro mangiatoia rifugio uccelli in libert\u00e0 JOK 1 24x26x23","og_description":"Marchioro mangiatoia rifugio uccelli in libert\u00e0 JOK 1 24x26x23 \u00e8 completamente in plastica, per 4 stagioni, 3 scomparti, smontabile e adattabile","og_url":"https:\/\/www.elettrowebstore.com\/fr\/shop\/marchioro-mangeoire-pour-oiseaux-dans-la-nature-jok-1-24x26x23\/","og_site_name":"ElettroWebStore","article_modified_time":"2021-01-18T12:08:54+00:00","og_image":[{"width":800,"height":600,"url":"https:\/\/res.cloudinary.com\/dl3yepmtd\/images\/v1610971734\/mangiatoia-rifugio-per-uccelli-in-liberta-marchioro-jok1-1\/mangiatoia-rifugio-per-uccelli-in-liberta-marchioro-jok1-1.jpg","type":"image\/jpeg"}],"twitter_card":"summary_large_image","twitter_misc":{"Dur\u00e9e de lecture estim\u00e9e":"3 minutes"},"schema":{"@context":"https:\/\/schema.org","@graph":[{"@type":"WebPage","@id":"https:\/\/www.elettrowebstore.com\/shop\/marchioro-mangiatoia-rifugio-uccelli-in-liberta-jok-1-24x26x23\/","url":"https:\/\/www.elettrowebstore.com\/shop\/marchioro-mangiatoia-rifugio-uccelli-in-liberta-jok-1-24x26x23\/","name":"Marchioro mangeoire pour oiseaux en libert\u00e9 JOK 1 24x26x23","isPartOf":{"@id":"https:\/\/www.elettrowebstore.com\/#website"},"primaryImageOfPage":{"@id":"https:\/\/www.elettrowebstore.com\/shop\/marchioro-mangiatoia-rifugio-uccelli-in-liberta-jok-1-24x26x23\/#primaryimage"},"image":{"@id":"https:\/\/www.elettrowebstore.com\/shop\/marchioro-mangiatoia-rifugio-uccelli-in-liberta-jok-1-24x26x23\/#primaryimage"},"thumbnailUrl":"https:\/\/www.elettrowebstore.com\/EWS_Store\/wp-content\/uploads\/mangiatoia-rifugio-per-uccelli-in-liberta-marchioro-jok1-1.jpg","datePublished":"2020-03-10T18:57:48+00:00","dateModified":"2021-01-18T12:08:54+00:00","description":"La mangeoire Marchioro JOK 1 24x26x23 est enti\u00e8rement en plastique, pour 4 saisons, 3 compartiments, amovibles et adaptables.","breadcrumb":{"@id":"https:\/\/www.elettrowebstore.com\/shop\/marchioro-mangiatoia-rifugio-uccelli-in-liberta-jok-1-24x26x23\/#breadcrumb"},"inLanguage":"fr-FR","potentialAction":[{"@type":"ReadAction","target":["https:\/\/www.elettrowebstore.com\/shop\/marchioro-mangiatoia-rifugio-uccelli-in-liberta-jok-1-24x26x23\/"]}]},{"@type":"ImageObject","inLanguage":"fr-FR","@id":"https:\/\/www.elettrowebstore.com\/shop\/marchioro-mangiatoia-rifugio-uccelli-in-liberta-jok-1-24x26x23\/#primaryimage","url":"https:\/\/www.elettrowebstore.com\/EWS_Store\/wp-content\/uploads\/mangiatoia-rifugio-per-uccelli-in-liberta-marchioro-jok1-1.jpg","contentUrl":"https:\/\/www.elettrowebstore.com\/EWS_Store\/wp-content\/uploads\/mangiatoia-rifugio-per-uccelli-in-liberta-marchioro-jok1-1.jpg","width":800,"height":600,"caption":"Marchioro mangiatoia rifugio uccelli in libert\u00e0 JOK 1 24x26x23"},{"@type":"BreadcrumbList","@id":"https:\/\/www.elettrowebstore.com\/shop\/marchioro-mangiatoia-rifugio-uccelli-in-liberta-jok-1-24x26x23\/#breadcrumb","itemListElement":[{"@type":"ListItem","position":1,"name":"Home","item":"https:\/\/www.elettrowebstore.com\/"},{"@type":"ListItem","position":2,"name":"Shop","item":"https:\/\/www.elettrowebstore.com\/shop\/"},{"@type":"ListItem","position":3,"name":"Prodotti per l'agricoltura e per gli animali","item":"https:\/\/www.elettrowebstore.com\/categoria-prodotto\/agricoltura-animaleria\/"},{"@type":"ListItem","position":4,"name":"Marchioro mangiatoia rifugio uccelli in libert\u00e0 JOK 1 24x26x23"}]},{"@type":"WebSite","@id":"https:\/\/www.elettrowebstore.com\/#website","url":"https:\/\/www.elettrowebstore.com\/","name":"ElettroWebStore","description":"Articles m\u00e9nagers sacs \u00e0 vide mat\u00e9riel articles de jardin appareils m\u00e9nagers","publisher":{"@id":"https:\/\/www.elettrowebstore.com\/#organization"},"potentialAction":[{"@type":"SearchAction","target":{"@type":"EntryPoint","urlTemplate":"https:\/\/www.elettrowebstore.com\/?s={search_term_string}"},"query-input":{"@type":"PropertyValueSpecification","valueRequired":true,"valueName":"search_term_string"}}],"inLanguage":"fr-FR"},{"@type":"Organization","@id":"https:\/\/www.elettrowebstore.com\/#organization","name":"ElettroWebStore - ELCA S.r.l.","url":"https:\/\/www.elettrowebstore.com\/","logo":{"@type":"ImageObject","inLanguage":"fr-FR","@id":"https:\/\/www.elettrowebstore.com\/#\/schema\/logo\/image\/","url":"","contentUrl":"","caption":"ElettroWebStore - ELCA S.r.l."},"image":{"@id":"https:\/\/www.elettrowebstore.com\/#\/schema\/logo\/image\/"}}]}},"_links":{"self":[{"href":"https:\/\/www.elettrowebstore.com\/fr\/wp-json\/wp\/v2\/product\/13735","targetHints":{"allow":["GET"]}}],"collection":[{"href":"https:\/\/www.elettrowebstore.com\/fr\/wp-json\/wp\/v2\/product"}],"about":[{"href":"https:\/\/www.elettrowebstore.com\/fr\/wp-json\/wp\/v2\/types\/product"}],"wp:featuredmedia":[{"embeddable":true,"href":"https:\/\/www.elettrowebstore.com\/fr\/wp-json\/wp\/v2\/media\/13737"}],"wp:attachment":[{"href":"https:\/\/www.elettrowebstore.com\/fr\/wp-json\/wp\/v2\/media?parent=13735"}],"wp:term":[{"taxonomy":"product_brand","embeddable":true,"href":"https:\/\/www.elettrowebstore.com\/fr\/wp-json\/wp\/v2\/product_brand?post=13735"},{"taxonomy":"product_cat","embeddable":true,"href":"https:\/\/www.elettrowebstore.com\/fr\/wp-json\/wp\/v2\/product_cat?post=13735"},{"taxonomy":"product_tag","embeddable":true,"href":"https:\/\/www.elettrowebstore.com\/fr\/wp-json\/wp\/v2\/product_tag?post=13735"}],"curies":[{"name":"wp","href":"https:\/\/api.w.org\/{rel}","templated":true}]}}