{"id":13516,"date":"2020-02-21T16:31:20","date_gmt":"2020-02-21T15:31:20","guid":{"rendered":"https:\/\/www.elettrowebstore.com\/?post_type=product&#038;p=13516"},"modified":"2025-09-18T17:18:08","modified_gmt":"2025-09-18T15:18:08","slug":"batteria-di-gabbie-cm-100x50-h-180-a-6-posti-mod-l51","status":"publish","type":"product","link":"https:\/\/www.elettrowebstore.com\/fr\/shop\/batterie-de-cages-a-6-places-100x50-h-180-cm-mod-l51\/","title":{"rendered":"Jeu de cages \u00e0 6 places CM 100X50 H 180 - MOD. L51"},"content":{"rendered":"<h2><strong>Jeu de cages \u00e0 6 places CM 100X50 H 180 - MOD. L51<\/strong><\/h2>\n<p>La <strong>batterie de cages cm 100\u00d750 h 180 avec 6 places mod. L51<\/strong> est con\u00e7u pour les v\u00e9t\u00e9rinaires et les associations qui ont besoin d'accueillir plusieurs animaux en m\u00eame temps et en toute s\u00e9curit\u00e9. Il se compose de trois modules, chacun avec deux cages : le premier a des pieds et des roues et les deux autres sont empilables. Si n\u00e9cessaire, les modules peuvent \u00eatre utilis\u00e9s s\u00e9par\u00e9ment.<\/p>\n<p>Le premier module, dot\u00e9 de roues, permet un d\u00e9placement ais\u00e9. Les deux autres modules empilables peuvent \u00eatre mont\u00e9s l'un sur l'autre ou utilis\u00e9s s\u00e9par\u00e9ment sur le sol.<\/p>\n<p>Cette cage est enti\u00e8rement construite en<strong> grillage et t\u00f4le galvanis\u00e9e<\/strong>Il est recouvert d'une couche de poudre et durci au four \u00e0 180 degr\u00e9s. Il s'agit d'un <strong>produit enti\u00e8rement italien<\/strong>.<\/p>\n<p>Chaque module comporte deux cages, chacune avec sa propre porte, pour une ouverture ind\u00e9pendante. Les s\u00e9parations entre les deux cages du module individuel peuvent \u00eatre tir\u00e9es pour cr\u00e9er une seule pi\u00e8ce de 100 cm de large.<\/p>\n<p><img loading=\"lazy\" decoding=\"async\" class=\"wp-image-13517 aligncenter\" src=\"https:\/\/www.elettrowebstore.com\/EWS_Store\/wp-content\/uploads\/2020\/04\/batteria-gabbie-cani-gatti-lamiera-6_posti-zincata-rete-L51-3.jpg\" alt=\"BATTERIE DE CAGES \u00c0 6 PLACES 100X50 H 180 CM - MOD. L51\" width=\"647\" height=\"485\" srcset=\"https:\/\/www.elettrowebstore.com\/EWS_Store\/wp-content\/uploads\/batteria-gabbie-cani-gatti-lamiera-6_posti-zincata-rete-L51-3.jpg 800w, https:\/\/www.elettrowebstore.com\/EWS_Store\/wp-content\/uploads\/batteria-gabbie-cani-gatti-lamiera-6_posti-zincata-rete-L51-3-600x450.jpg 600w, https:\/\/www.elettrowebstore.com\/EWS_Store\/wp-content\/uploads\/batteria-gabbie-cani-gatti-lamiera-6_posti-zincata-rete-L51-3-768x576.jpg 768w\" sizes=\"auto, (max-width: 647px) 100vw, 647px\" \/><\/p>\n<p>En outre, chaque cage individuelle est dot\u00e9e d'une grille \u00e0 la base qui s\u00e9pare l'animal du bac \u00e0 excr\u00e9ments. Comme vous pouvez le voir sur les photos ci-dessous, tant le bac individuel que la grille peuvent \u00eatre retir\u00e9s, si vous souhaitez effectuer un meilleur nettoyage.<\/p>\n<h2><img loading=\"lazy\" decoding=\"async\" class=\"wp-image-13518 aligncenter\" src=\"https:\/\/www.elettrowebstore.com\/EWS_Store\/wp-content\/uploads\/2020\/04\/batteria-gabbie-cani-gatti-lamiera-6_posti-zincata-rete-L51-5.jpg\" alt=\"BATTERIE DE CAGES \u00c0 6 PLACES 100X50 H 180 CM - MOD. L51\" width=\"650\" height=\"487\" srcset=\"https:\/\/www.elettrowebstore.com\/EWS_Store\/wp-content\/uploads\/batteria-gabbie-cani-gatti-lamiera-6_posti-zincata-rete-L51-5.jpg 800w, https:\/\/www.elettrowebstore.com\/EWS_Store\/wp-content\/uploads\/batteria-gabbie-cani-gatti-lamiera-6_posti-zincata-rete-L51-5-600x450.jpg 600w, https:\/\/www.elettrowebstore.com\/EWS_Store\/wp-content\/uploads\/batteria-gabbie-cani-gatti-lamiera-6_posti-zincata-rete-L51-5-768x576.jpg 768w\" sizes=\"auto, (max-width: 650px) 100vw, 650px\" \/><\/h2>\n<h2><strong>Sp\u00e9cifications techniques<\/strong><\/h2>\n<ul>\n<li>dimensions totales : 100x50x180 h cm<\/li>\n<li>dimensions de la cage individuelle : 50x50x60h<\/li>\n<li>six places<\/li>\n<li>s\u00e9parateurs amovibles en t\u00f4le<\/li>\n<li>Maille carr\u00e9e de 19\u00d719 mm<\/li>\n<li>diam\u00e8tre du fil net 1,6 mm<\/li>\n<\/ul>\n<p>&nbsp;<\/p>\n<h2><strong>Garantie<\/strong><\/h2>\n<p>Le produit est couvert par <a href=\"https:\/\/www.elettrowebstore.com\/due-anni-di-garanzia-su-ogni-prodotto-acquistato\/\" target=\"_blank\" rel=\"noopener\"><strong>garantie l\u00e9gale<\/strong><\/a>selon la page correspondante de notre site web, que nous vous invitons \u00e0 lire.<\/p>\n<p>&nbsp;<\/p>\n<h2><strong>Exclusion du droit de r\u00e9tractation<\/strong><\/h2>\n<p>Toutes les cages pr\u00e9sent\u00e9es sur notre site sont fabriqu\u00e9es \u00e0 la main. Elles sont donc assembl\u00e9es et exp\u00e9di\u00e9es sp\u00e9cifiquement pour le client qui les ach\u00e8te. Pour cette raison, il n'est pas possible de faire usage du droit de r\u00e9tractation lors de l'achat de ce type d'article.<\/p>\n<p>Pour plus d'informations, veuillez consulter notre page sur la <a href=\"https:\/\/www.elettrowebstore.com\/diritto-di-recesso-restituzione-prodotti\/\" target=\"_blank\" rel=\"noopener\"><strong>droit de r\u00e9tractation<\/strong><\/a>.<\/p>\n<p>&nbsp;<\/p>\n<p>&nbsp;<\/p>\n<h2><strong>D\u00e9lai de livraison<\/strong><\/h2>\n<p>Ce produit n'est PAS disponible actuellement et le d\u00e9lai de livraison est de 40 jours ouvrables \u00e0 compter du moment du paiement. Nous n'utilisons pas de courriers express mais des courriers locaux qui peuvent livrer avec soin (donc pas de BRT, SDA, TNT) mais qui vous pr\u00e9viendront avant la livraison.<\/p>\n<p>En outre, tous les envois d'ElettroWebStore en Italie sont exempts de frais de transport (\u00e0 l'exception des envois vers des zones particuli\u00e8rement difficiles d'acc\u00e8s) !<\/p>\n<p>Si vous achetez en dehors de l'Italie, le syst\u00e8me calcule des frais d'exp\u00e9dition forfaitaires. Si vous constatez que, par rapport au poids du produit choisi, les frais d'envoi vous semblent excessifs ou disproportionn\u00e9s, finalisez votre commande sans payer et <a href=\"https:\/\/www.elettrowebstore.com\/contatta-lo-staff-di-elettrowebstore\/\"><strong>nous contacter<\/strong><\/a>! Nous \u00e9valuerons et, si n\u00e9cessaire, ajusterons les frais d'exp\u00e9dition \u00e0 l'\u00e9tranger !<\/p>\n<p><a href=\"https:\/\/www.elettrowebstore.com\/spedizioni-consegne-prodotti-italia-estero\/\"><img loading=\"lazy\" decoding=\"async\" class=\"aligncenter wp-image-5149 size-full\" src=\"https:\/\/www.elettrowebstore.com\/EWS_Store\/wp-content\/uploads\/2020\/04\/elettrowebstore-spedizione-con-corrieri-brt-sda-dhl_n75nxd.jpg\" alt=\"ElettroWebStore est livr\u00e9 par des transporteurs rapides BRT SDA DHL\" width=\"649\" height=\"175\" srcset=\"https:\/\/www.elettrowebstore.com\/EWS_Store\/wp-content\/uploads\/elettrowebstore-spedizione-con-corrieri-brt-sda-dhl_n75nxd.jpg 649w, https:\/\/www.elettrowebstore.com\/EWS_Store\/wp-content\/uploads\/elettrowebstore-spedizione-con-corrieri-brt-sda-dhl_n75nxd-600x162.jpg 600w\" sizes=\"auto, (max-width: 649px) 100vw, 649px\" \/><\/a><\/p>\n<p>&nbsp;<\/p>\n<h2><strong>Modes de paiement accept\u00e9s<\/strong><\/h2>\n<p><strong>Sur le site d'ElettroWebStore, vous pouvez payer avec toutes les m\u00e9thodes courantes<\/strong>\u00e0 la fois sp\u00e9cifiques \u00e0 Internet (telles que les cartes pr\u00e9pay\u00e9es) et traditionnelles (telles que les cartes de cr\u00e9dit classiques).<\/p>\n<p><a href=\"https:\/\/www.elettrowebstore.com\/pagamenti-sicuri-sul-sito-elettrowebstore\/\"><img loading=\"lazy\" decoding=\"async\" class=\"aligncenter size-full wp-image-5151\" src=\"https:\/\/www.elettrowebstore.com\/EWS_Store\/wp-content\/uploads\/2020\/04\/elettrowebstore-pagamenti_berj9q.jpg\" alt=\"Modes de paiement accept\u00e9s sur le site ElettroWebStore\" width=\"649\" height=\"226\" srcset=\"https:\/\/www.elettrowebstore.com\/EWS_Store\/wp-content\/uploads\/elettrowebstore-pagamenti_berj9q.jpg 649w, https:\/\/www.elettrowebstore.com\/EWS_Store\/wp-content\/uploads\/elettrowebstore-pagamenti_berj9q-600x209.jpg 600w\" sizes=\"auto, (max-width: 649px) 100vw, 649px\" \/><\/a><\/p>\n<p>&nbsp;<\/p>\n<p>Tous les paiements sont effectu\u00e9s par l'interm\u00e9diaire de <a href=\"https:\/\/www.paypal.com\/it\/webapps\/mpp\/paypal-safety-and-security\"><strong>Paypal<\/strong><\/a>. De plus, m\u00eame si vous ne disposez pas de Paypal, vous pouvez payer sans vous inscrire et sans enregistrer vos donn\u00e9es d'identification. Il vous suffit de saisir vos donn\u00e9es dans les champs appropri\u00e9s. Le syst\u00e8me est crypt\u00e9 et prot\u00e9g\u00e9 et vos donn\u00e9es ne seront en aucun cas communiqu\u00e9es \u00e0 ElettroWebStore. En fait, ElettroWebStore peut seulement voir si votre paiement a \u00e9t\u00e9 effectu\u00e9 ou non et seulement les informations que vous d\u00e9cidez d'introduire !<\/p>\n<p>En aucun cas <a href=\"http:\/\/www.elettrowebstore.com\"><strong>ElettroWebStore<\/strong><\/a> g\u00e9rer les donn\u00e9es de votre carte de paiement ou en prendre connaissance. En effet, les <a href=\"http:\/\/www.elettrowebstore.com\"><strong>ElettroWebStore<\/strong><\/a> ne verra que si le paiement a \u00e9t\u00e9 effectu\u00e9 ou non !<\/p>\n<p>Notre site utilise les protocoles HTTPS, qui garantissent des normes de s\u00e9curit\u00e9 \u00e9lev\u00e9es pour les utilisateurs !<\/p>","protected":false},"excerpt":{"rendered":"<p><strong>Jeu de cages CM 100X50 H 180 avec 6 places - MOD. L51 cm 100x50x180 6 places art. L51. <span style=\"color: #ed1c24;\">Les exp\u00e9ditions reprendront \u00e0 partir de septembre 2021.<\/span><br \/>\n<\/strong><\/p>","protected":false},"featured_media":13520,"template":"","meta":[],"product_brand":[],"product_cat":[975],"product_tag":[1428,667,296,982,42,1427,1426,979],"class_list":{"0":"post-13516","1":"product","2":"type-product","3":"status-publish","4":"has-post-thumbnail","6":"product_cat-articoli-per-animali","7":"product_tag-6-posti","8":"product_tag-animali","9":"product_tag-batteria","10":"product_tag-cani","11":"product_tag-gabbia","12":"product_tag-gabbie","13":"product_tag-gatti","14":"product_tag-lamiera","15":"product_shipping_class-garden","17":"first","18":"instock","19":"taxable","20":"shipping-taxable","21":"purchasable","22":"product-type-simple"},"_links":{"self":[{"href":"https:\/\/www.elettrowebstore.com\/fr\/wp-json\/wp\/v2\/product\/13516","targetHints":{"allow":["GET"]}}],"collection":[{"href":"https:\/\/www.elettrowebstore.com\/fr\/wp-json\/wp\/v2\/product"}],"about":[{"href":"https:\/\/www.elettrowebstore.com\/fr\/wp-json\/wp\/v2\/types\/product"}],"wp:featuredmedia":[{"embeddable":true,"href":"https:\/\/www.elettrowebstore.com\/fr\/wp-json\/wp\/v2\/media\/13520"}],"wp:attachment":[{"href":"https:\/\/www.elettrowebstore.com\/fr\/wp-json\/wp\/v2\/media?parent=13516"}],"wp:term":[{"taxonomy":"product_brand","embeddable":true,"href":"https:\/\/www.elettrowebstore.com\/fr\/wp-json\/wp\/v2\/product_brand?post=13516"},{"taxonomy":"product_cat","embeddable":true,"href":"https:\/\/www.elettrowebstore.com\/fr\/wp-json\/wp\/v2\/product_cat?post=13516"},{"taxonomy":"product_tag","embeddable":true,"href":"https:\/\/www.elettrowebstore.com\/fr\/wp-json\/wp\/v2\/product_tag?post=13516"}],"curies":[{"name":"wp","href":"https:\/\/api.w.org\/{rel}","templated":true}]}}