{"id":132,"date":"2020-03-28T10:00:54","date_gmt":"2020-03-28T09:00:54","guid":{"rendered":"https:\/\/www.elettrowebstore.com\/EWS_Store\/?post_type=product&#038;p=132"},"modified":"2026-03-19T11:09:50","modified_gmt":"2026-03-19T10:09:50","slug":"imperia-pasta-presto-motore-macchina-elettrica-700","status":"publish","type":"product","link":"https:\/\/www.elettrowebstore.com\/fr\/shop\/imperia-pasta-presto-moteur-machine-electrique-700\/","title":{"rendered":"Machine \u00e0 p\u00e2tes \u00e9lectrique Imperia Pasta Presto"},"content":{"rendered":"<h2><strong>Machine \u00e0 p\u00e2tes \u00e9lectrique Imperia Pasta Presto<\/strong><\/h2>\n<p>Vous souhaitez choisir une machine \u00e0 p\u00e2tes \u00e9lectrique pour l'utiliser \u00e0 la maison ou l'offrir en cadeau ? <strong><a href=\"https:\/\/www.elettrowebstore.com\/imperia-macchine-per-pasta\/\" target=\"_blank\" rel=\"noopener\">Imperia<\/a> Coller le code du moteur presto 700<\/strong> est le bon produit, enti\u00e8rement fabriqu\u00e9 en Italie.<\/p>\n<p>En effet, ce dispositif permet de <strong>bonnes p\u00e2tes maison<\/strong> facilement et sans effort. Imperia Pasta Presto est la <strong>machine \u00e0 p\u00e2tes \u00e9lectrique adapt\u00e9e \u00e0 tous les besoins<\/strong>du domestique et de la maison au semi-professionnel, <strong>100% fabriqu\u00e9 en Italie<\/strong>.<\/p>\n<p><strong>Imperia Pasta Machine \u00e0 p\u00e2tes \u00e9lectrique Presto 700<\/strong> est un tr\u00e8s beau produit \u00e0 usage domestique ! <a href=\"https:\/\/www.elettrowebstore.com\/shop\/estensione-di-garanzia-elettrodomestici-3-anni-fino-a-250-euro\/\"><strong>Extension de garantie de 3 ans disponible !<\/strong><\/a><\/p>\n<p>De plus, la Pasta Presto 700 est la machine \u00e0 p\u00e2tes \u00e9lectrique d'Imperia &amp; Monferrina S.p.a. au design particulier. En effet, cet appareil de fabrication de p\u00e2tes fra\u00eeches maison peut \u00eatre utilis\u00e9 pour toutes les pr\u00e9parations, mais il a une belle prestance, avec des d\u00e9tails tr\u00e8s soign\u00e9s. Il peut donc \u00eatre laiss\u00e9 \u00e0 la vue de tous dans la cuisine ! En effet, cette machine \u00e0 p\u00e2tes \u00e9lectrique est enti\u00e8rement compos\u00e9e d'aluminium satin\u00e9 et de plastique bleu transparent, convenant aussi bien aux cuisines traditionnelles qu'aux environnements modernes.<\/p>\n<p><strong>Certaines des photos de la galerie montrent le produit avec le montage d'accessoires achet\u00e9s s\u00e9par\u00e9ment.<\/strong> (comme les photos avec Pasta Presto et l'accessoire pour raviolis ou gnocchis au dos).<\/p>\n<p>&nbsp;<\/p>\n<h3><em><strong>Description<\/strong><\/em><\/h3>\n<p>La machine \u00e0 p\u00e2tes \u00e9lectrique Imperia Pasta Presto vous permet de faire des p\u00e2tes maison en transformant de la p\u00e2te fra\u00eeche, <strong>s'\u00e9cailler et s'\u00e9tirer<\/strong>. Cette machine \u00e0 p\u00e2tes \u00e9lectrique est enti\u00e8rement fabriqu\u00e9e en Italie avec un grand savoir-faire. Il s'agit en fait d'une machine \u00e0 p\u00e2tes dot\u00e9e d'un robuste syst\u00e8me d'alimentation en eau. <strong>structure en aluminium bross\u00e9 et en acier<\/strong>Il est sp\u00e9cialement con\u00e7u pour le contact alimentaire. En outre, il est \u00e9quip\u00e9 de prot\u00e8ge-doigts en plastique semi-transparent bleu, ce qui lui conf\u00e8re un design italien global avec un grand souci du d\u00e9tail, adapt\u00e9 \u00e0 une installation dans toutes les cuisines !<\/p>\n<p>Ce type d'outil est id\u00e9al pour <strong>la production nationale de tous les types de p\u00e2tes longues et feuillet\u00e9es<\/strong>. En effet, en plus d'inclure des rouleaux pour r\u00e9aliser la feuille en diff\u00e9rentes \u00e9paisseurs, la machine \u00e0 p\u00e2tes \u00e9lectrique Imperia Pasta Presto est \u00e9quip\u00e9e de deux types de coupes int\u00e9gr\u00e9es, pour les tagliatelles et les fettuccine.<\/p>\n<p>La machine \u00e0 p\u00e2tes Imperia Pasta Presto code 700 est \u00e9quip\u00e9e de deux rouleaux pour \u00e9taler la p\u00e2te. L'\u00e9talement consiste \u00e0 rendre la p\u00e2te artisanale plus compacte, amalgam\u00e9e, avec un m\u00e9lange complet d'ingr\u00e9dients. En g\u00e9n\u00e9ral, les ingr\u00e9dients utilis\u00e9s pour la p\u00e2te sont l'eau, la farine, les \u0153ufs et, dans certains cas, des l\u00e9gumes pour donner de la couleur. Il est \u00e9vident qu'il est n\u00e9cessaire <strong>bien m\u00e9langer le tout pour obtenir une p\u00e2te homog\u00e8ne<\/strong>.<\/p>\n<p>Gr\u00e2ce au r\u00e9gulateur d'\u00e9paisseur \u00e0 6 niveaux, vous pouvez partir d'une p\u00e2te feuillet\u00e9e plus grossi\u00e8re pour arriver \u00e0 une p\u00e2te feuillet\u00e9e plus fine et plus raffin\u00e9e. Pour ce faire, vous devez r\u00e9duire progressivement l'\u00e9paisseur \u00e0 l'aide de la touche <strong>bouton lat\u00e9ral<\/strong> de la machine \u00e0 p\u00e2tes \u00e9lectrique Imperia Pasta Presto. La derni\u00e8re \u00e9tape est n\u00e9cessaire pour obtenir la feuille de p\u00e2te de l'\u00e9paisseur requise et la transformer en p\u00e2tes.<\/p>\n<p>A ce stade, avec Imperia Electric Pasta Presto vous pouvez <strong>dessin de p\u00e2tes<\/strong>. Les matrices sont les deux rouleaux form\u00e9s dans la machine, qui tournent \u00e9lectriquement. Les p\u00e2tes que l'on peut fabriquer avec Pasta Presto sont des fettuccine de 6,5 mm et des tagliatelle de 2 mm, <strong>par le biais des r\u00e9ductions sp\u00e9cifiques pr\u00e9vues<\/strong>. Ces mesures repr\u00e9sentent la largeur de la p\u00e2te que l'on peut obtenir avec cette machine.<\/p>\n<p>Au-dessus des rouleaux pour la fabrication de la feuille et la d\u00e9coupe de la p\u00e2te sont mont\u00e9s <strong>des prot\u00e8ge-doigts pratiques<\/strong> en plastique bleu \u00e9lectrique semi-transparent. Ces protections rendent la machine apte \u00e0 l'utilisation et conf\u00e8rent en m\u00eame temps \u00e0 cette machine \u00e0 p\u00e2tes \u00e9lectrique un design \u00e9l\u00e9gant.<\/p>\n<p>L'Imperia Pasta Presto electric est \u00e9quip\u00e9 d'un <strong>Moteur de 85 watts \u00e0 220 volts<\/strong>. C'est une puissance consid\u00e9rable pour un appareil m\u00e9nager. En effet, le moteur, fabriqu\u00e9 en Italie, a une grande puissance pour tirer la p\u00e2te ! Il faut donc veiller \u00e0 ne pas laisser tomber d'objets entre les rouleaux.<\/p>\n<p>&nbsp;<\/p>\n<h3><strong><em>Sp\u00e9cifications techniques<\/em><br \/>\n<\/strong><\/h3>\n<p>Voici les principales caract\u00e9ristiques de la <span style=\"text-decoration: underline;\"><strong>Imperia Pasta Presto<\/strong><\/span> machine \u00e0 p\u00e2tes \u00e9lectrique 700 :<\/p>\n<ul>\n<li>Machine \u00e0 p\u00e2tes motoris\u00e9e avec rev\u00eatement antiadh\u00e9sif<\/li>\n<li>Cisaille avec r\u00e9glage jusqu'\u00e0 six \u00e9paisseurs<\/li>\n<li>Section pour la coupe des tagliatelles et des fettucines<\/li>\n<li>Cadre en acier chrom\u00e9<\/li>\n<li>Dimensions : largeur 23 cm x hauteur 28 cm x profondeur 20 cm<\/li>\n<li>Poids net : 6,85 kg<\/li>\n<li>Vitesse de rotation des rouleaux : 43 min \/ 58 max<\/li>\n<li>Plage de r\u00e9glage du rouleau : 0,2 \u00e0 1,9 mm<\/li>\n<li>Alimentation \u00e9lectrique : 220 Volt<\/li>\n<li>Puissance : 85 watts<\/li>\n<li>Qualit\u00e9 \"Made in Italy<\/li>\n<li>Coupes int\u00e9gr\u00e9es : feuille de p\u00e2tes 150 mm, tagliatelles 2 mm, fettuccine 6,5 mm<\/li>\n<li>Autres accessoires applicables : millegnocchi, ravioli, simplex, duplex<\/li>\n<\/ul>\n<p>&nbsp;<\/p>\n<h3><strong><em>Fonctionnalit\u00e9<\/em><br \/>\n<\/strong><\/h3>\n<p>Imperia Pasta Machine \u00e0 p\u00e2tes \u00e9lectrique Presto 700 vi <strong>assurera la fiabilit\u00e9 et la s\u00e9curit\u00e9 au fil du temps<\/strong>. Il vous permettra de pr\u00e9parer rapidement et en toute s\u00e9curit\u00e9 les meilleures p\u00e2tes fra\u00eeches \u00e0 la maison avec les ingr\u00e9dients naturels de votre choix.<\/p>\n<p>Son design raffin\u00e9 s'allie \u00e0 la praticit\u00e9 et \u00e0 la tradition des bonnes p\u00e2tes faites maison.<\/p>\n<p>L'<strong>l'hygi\u00e8ne et la s\u00e9curit\u00e9<\/strong> de la nouvelle machine motoris\u00e9e Imperia Pasta Presto sont garantis par le rev\u00eatement antiadh\u00e9sif innovant.<\/p>\n<p>De plus, la machine est \u00e9quip\u00e9e d'un puissant moteur \u00e9lectrique qui vous permettra de r\u00e9aliser, encore plus rapidement, la feuille de p\u00e2tes en 6 \u00e9paisseurs diff\u00e9rentes et 2 types de p\u00e2tes : tagliatelles et fettuccine.<\/p>\n<p>Les accessoires Imperia, qui peuvent \u00eatre achet\u00e9s s\u00e9par\u00e9ment, vous aideront \u00e0 r\u00e9aliser toutes sortes de p\u00e2tes.<\/p>\n<p>&nbsp;<\/p>\n<h3><em><strong>Comment utiliser la Pasta Presto \u00e9lectrique ?<\/strong><\/em><\/h3>\n<p>Utiliser Imperia Pasta Presto est tr\u00e8s facile !<\/p>\n<p>Une fois que votre p\u00e2te est pr\u00eate, vous pouvez brancher le Pasta Presto sur le secteur et allumer le bouton bleu de mise en marche. D\u00e9placez le couvercle en plastique bleu pour d\u00e9gager le rouleau lisse et placez la bonne quantit\u00e9 de p\u00e2te sur le rouleau. La machine commencera \u00e0 produire la p\u00e2te imm\u00e9diatement !<\/p>\n<p>Lo <strong>\u00e9paisseur de la t\u00f4le<\/strong> vous pouvez la choisir et elle peut \u00eatre r\u00e9gl\u00e9e \u00e0 l'aide d'une molette que vous pouvez voir sur le c\u00f4t\u00e9 de la machine. Vous avez le choix entre sept niveaux d'\u00e9paisseur de t\u00f4le. Le crochet vous permet de bloquer le r\u00e9gulateur d'\u00e9paisseur, afin que la feuille que vous fabriquez soit homog\u00e8ne et en m\u00eame temps pratique \u00e0 utiliser.<\/p>\n<p>&nbsp;<\/p>\n<h3><em><strong>Quel type de p\u00e2tes peut-on pr\u00e9parer avec Imperia Pasta Presto ?<\/strong><\/em><\/h3>\n<p>Cette machine \u00e0 p\u00e2tes \u00e9lectrique permet de fabriquer aussi bien des p\u00e2tes en feuilles que des p\u00e2tes tr\u00e9fil\u00e9es. L'extrusion de la feuille permet \u00e0 la machine de la d\u00e9couper pour obtenir des p\u00e2tes artisanales de la forme souhait\u00e9e. La machine est \u00e9quip\u00e9e de la fonction <strong>tagliatelles mm.2 et fettuccine mm.6,5<\/strong>. Cela permet d'obtenir \u00e9lectriquement les formes de p\u00e2tes les plus courantes.<\/p>\n<p>Pour \u00e9tirer la p\u00e2te, il suffit de prendre la feuille obtenue et de la passer dans les rouleaux fa\u00e7onn\u00e9s. Pour ce faire, il suffit de d\u00e9placer le <strong>protection en plastique semi-transparent bleu<\/strong> et ins\u00e9rez la feuille de p\u00e2te. La protection soigneusement con\u00e7ue est n\u00e9cessaire pour \u00e9viter que vous ne mettiez accidentellement vos mains \u00e0 l'int\u00e9rieur de la machine lorsqu'elle est en marche ! Il est tr\u00e8s important d'\u00e9viter qu'il ne se casse ! La photo montre les rouleaux pour la feuille (en bas) et les deux rouleaux pour dessiner les tagliatelles et les fettuccine.<\/p>\n<p>Le couvercle peut \u00eatre soulev\u00e9 pour le nettoyage et l'\u00e9limination des r\u00e9sidus de p\u00e2te. Ce couvercle est \u00e9quip\u00e9 d'un micro-interrupteur : lorsqu'il est soulev\u00e9, il d\u00e9sactive le passage de l'\u00e9lectricit\u00e9 et arr\u00eate les rouleaux, afin d'\u00e9viter toute blessure due \u00e0 l'absence de protection sup\u00e9rieure.<\/p>\n<p>&nbsp;<\/p>\n<h3><em><strong>Imperia Pasta Presto machine \u00e0 p\u00e2tes \u00e9lectrique 700 peut monter d'autres types d'accessoires ?<\/strong><\/em><\/h3>\n<p>Oui, la r\u00e9ponse est affirmative. A Imperia Pasta Presto code 700 <strong>les autres accessoires ne peuvent \u00eatre utilis\u00e9s que pour les op\u00e9rations manuelles<\/strong>.<\/p>\n<p>L'image ci-dessous montre le<a href=\"https:\/\/www.elettrowebstore.com\/shop\/imperia-ravioli-maker-accessorio-per-macchina-della-pasta\/\"><strong>Accessoire RavioliMaker<\/strong><\/a> appliqu\u00e9e \u00e0 Imperia Pasta Presto. Vous pouvez appliquer le <a href=\"https:\/\/www.elettrowebstore.com\/shop\/imperia-ravioli-maker-accessorio-per-macchina-della-pasta\/\"><strong>accessoires pour raviolis<\/strong><\/a>ceux de la <a href=\"https:\/\/www.elettrowebstore.com\/shop\/imperia-accessorio-millegnocchi-cavatelli-gnocchetti-rigatelli-450\/\"><strong>gnocchi de diff\u00e9rents types<\/strong><\/a>, le <strong><a href=\"https:\/\/www.elettrowebstore.com\/shop\/imperia-trafile-tagli-simplex-per-macchine-della-pasta\/\">Simplex \u00e0 tirage unique<\/a><\/strong> et le <a href=\"https:\/\/www.elettrowebstore.com\/shop\/imperia-trafile-tagli-duplex-per-macchine-della-pasta\/\"><strong>Dessin recto-verso<\/strong><\/a> (permettant deux types de coupes diff\u00e9rentes). Tous ces accessoires peuvent \u00eatre achet\u00e9s sur le site ElettroWebStore.<\/p>\n<p>C'est justement parce que ces accessoires ne peuvent \u00eatre utilis\u00e9s qu'\u00e0 la main que l'emballage de Pasta Presto comprend d\u00e9j\u00e0 la manivelle n\u00e9cessaire \u00e0 leur utilisation.<\/p>\n<p>&nbsp;<\/p>\n<h3><em><strong>Nettoyage de la machine \u00e0 p\u00e2tes<\/strong><\/em><\/h3>\n<p><strong>Le nettoyage de la machine \u00e0 p\u00e2tes est essentiel<\/strong>! Ceci s'applique en g\u00e9n\u00e9ral \u00e0 toutes les machines \u00e0 p\u00e2tes, mais plus particuli\u00e8rement \u00e0 Pasta Presto et \u00e0 toutes les machines \u00e0 p\u00e2tes \u00e9quip\u00e9es d'un moteur.<\/p>\n<p>La premi\u00e8re raison est le contact avec les aliments. Lorsque vous avez fini d'utiliser la machine, il est bon de nettoyer soigneusement la machine et la zone qui entre en contact avec les aliments \u00e0 l'aide d'un chiffon humide ou imbib\u00e9 d'un peu d'alcool \u00e0 br\u00fbler. Cela permet <strong>pr\u00e9venir la formation de bact\u00e9ries et de moisissures dans les zones o\u00f9 des r\u00e9sidus de feuilles peuvent s'accumuler<\/strong>.<\/p>\n<p>Il est \u00e9galement utile d'acheter une brosse de cuisine pour passer entre les rouleaux de la cisaille et les matrices. Cela permet d'\u00e9viter que des r\u00e9sidus de la feuille ne restent \u00e0 l'int\u00e9rieur de la machine. C'est pourquoi il est important de brosser le dessus et le dessous de la machine. Sous la machine, dans la niche, il faut nettoyer d\u00e9licatement car il y a des grattoirs qui peuvent s'ab\u00eemer.<\/p>\n<p>En effet, la deuxi\u00e8me raison pour laquelle il est important de proc\u00e9der \u00e0 ce type de nettoyage est la suivante<strong>l'efficacit\u00e9 de l'utilisation dans le temps<\/strong> m\u00eame. Les r\u00e9sidus de p\u00e2te se dess\u00e8chent au contact de l'air et deviennent comme des petits cailloux. S'ils restent dans les rouleaux ou entre les rouleaux et les racleurs, au prochain d\u00e9marrage de la machine, c'est comme s'il y avait des cailloux. La machine se mettrait en marche et vous risqueriez de casser les racleurs ou les rouleaux eux-m\u00eames !<\/p>\n<p>Ces probl\u00e8mes ne sont malheureusement pas couverts par la garantie ! C'est pourquoi, <strong>Il y a deux bonnes raisons de nettoyer correctement notre machine \u00e0 p\u00e2tes Imperia<\/strong>!<\/p>\n<p>&nbsp;<\/p>\n<h3><em><strong>Emballage<\/strong><\/em><\/h3>\n<p><span style=\"text-decoration: underline;\"><span style=\"color: #000000; text-decoration: underline;\"><strong>Imperia Pasta Presto<\/strong><\/span><\/span><span style=\"color: #000000;\"> machine \u00e0 p\u00e2tes \u00e9lectrique<\/span> est livr\u00e9 dans un emballage lithographi\u00e9 pratique. Vous pouvez donc l'acheter pour vos cadeaux en toute occasion !<\/p>\n<p>&nbsp;<\/p>\n<h3><em><strong>Accessoires pouvant \u00eatre achet\u00e9s s\u00e9par\u00e9ment<\/strong><\/em><\/h3>\n<p>Imperia Pasta Presto code 700 a \u00e9t\u00e9 cr\u00e9\u00e9e comme une machine con\u00e7ue pour fonctionner \u00e9lectriquement. En pratique, cette machine permet de r\u00e9aliser des p\u00e2tes en feuilles, des tagliatelles et des fettuccine avec les rouleaux d\u00e9j\u00e0 disponibles. Ces rouleaux sont reli\u00e9s au moteur de la machine et tournent simultan\u00e9ment lorsque l'appareil Imperia Pasta Presto est mis en marche.<\/p>\n<p>Les autres accessoires Imperia ne peuvent pas \u00eatre rendus \u00e9lectriques.<\/p>\n<p>Malgr\u00e9 cela, une manivelle pratique est incluse dans l'emballage. Elle peut \u00eatre utilis\u00e9e avec le <strong>autres accessoires du manuel applicables \u00e0 Pasta Presto<\/strong>. En fait, tous les accessoires applicables \u00e0 la machine traditionnelle <a href=\"https:\/\/www.elettrowebstore.com\/shop\/imperia-ipasta-macchina-sfogliatrice-per-pasta-manuale-acciaio\/\"><strong>Imperia iPasta<\/strong><\/a> o <a href=\"https:\/\/www.elettrowebstore.com\/shop\/imperia-titania-sfogliatrice-macchina-pasta-manuale-190\/\"><strong>Titania<\/strong><\/a>\u00a0sont \u00e9galement applicables \u00e0 Pasta Presto, en utilisant la manivelle pratique fournie.<\/p>\n<p>Les accessoires applicables \u00e0 la machine \u00e0 p\u00e2tes \u00e9lectrique Imperia Pasta Presto sont les suivants :<\/p>\n<ul>\n<li><strong><a href=\"https:\/\/www.elettrowebstore.com\/shop\/imperia-trafile-tagli-simplex-per-macchina-della-pasta\/\">Simplex \u00e0 coupe unique<\/a><\/strong> de diff\u00e9rents types : spaghetti, capelli d'angelo mm.0,8, capelli d'angelo mm.1,5, tagliatelle mm.2, trenette mm.4, fettuccine mm.6,5, lasagnette mm.12, pappardelle mm.32, reginette lasagnette mm.12, reginette pappardelle mm.44<\/li>\n<li><a href=\"https:\/\/www.elettrowebstore.com\/shop\/imperia-trafile-tagli-duplex-per-macchine-della-pasta\/\"><strong>Dessin recto-verso avec doubles coupes<\/strong><\/a> diff\u00e9rents types : cheveux d'ange mm.1,5 et trenette mm.4, cheveux d'ange mm.1,5 et fettuccine mm.6,5, cheveux d'ange mm.1,5 et lasagnette mm.12, tagliatelle mm.2 et trenette mm.4, tagliatelle mm.2 et fettuccine mm.6,5, trenette mm.4 et lasagnette mm.12, trenette mm.4 et spaghetti diam. 2 mm, lasagnette mm.12 et spaghetti diam. 2 mm, reginette mm.12 et reginette mm.44<\/li>\n<li><strong><a href=\"https:\/\/www.elettrowebstore.com\/shop\/imperia-ravioli-maker-accessorio-riavioli-macchine-della-pasta\/\">Accessoire pour machine \u00e0 raviolis<\/a><\/strong>Voici deux options pour faire des raviolis de 3\u00d73 cm ou de 5\u00d75 cm<\/li>\n<li><strong><a href=\"https:\/\/www.elettrowebstore.com\/EWS_Store\/prodotto\/imperia-accessorio-millegnocchi-cavatelli-gnocchetti\/\">Gnocchi accessoires Millegnocchi<\/a><\/strong> de diff\u00e9rents types : cette option permet de r\u00e9aliser simultan\u00e9ment des cavatelli, des gnocchetti sardi et des rigatelli.<\/li>\n<\/ul>\n<p>Les coupes additionnelles pour les machines \u00e0 p\u00e2tes Imperia se d\u00e9clinent en deux cat\u00e9gories : Simplex et Duplex. Les coupes Simplex sont des coupes uniques, c'est-\u00e0-dire que l'accessoire est con\u00e7u pour r\u00e9aliser un seul type de coupe de p\u00e2tes (par exemple : uniquement des p\u00e2tes guitare). Les coupes Duplex, en revanche, sont con\u00e7ues pour contenir deux types de coupes.<\/p>","protected":false},"excerpt":{"rendered":"<p>Machine \u00e0 p\u00e2tes \u00e9lectrique enti\u00e8rement fabriqu\u00e9e en Italie. Feuille de p\u00e2te avec 6 \u00e9paisseurs diff\u00e9rentes. Elle peut dessiner des p\u00e2tes longues avec les coupes tagliatella de 2 millim\u00e8tres et fettuccina de 6,5 millim\u00e8tres. L'\u00e9paisseur maximale de la feuille est de 1,9 cm. Moteur \u00e9lectrique de 85 watts. Les frais d'exp\u00e9dition vers l'Italie sont inclus dans le prix. Possibilit\u00e9 d'extension de garantie.<\/p>","protected":false},"featured_media":9807448,"template":"","meta":[],"product_brand":[],"product_cat":[17,107],"product_tag":[106,31,411,23,20,104,105,406,30,409,32],"class_list":{"0":"post-132","1":"product","2":"type-product","3":"status-publish","4":"has-post-thumbnail","6":"product_cat-casalinghi-cura-casa","7":"product_cat-macchine-della-pasta","8":"product_tag-106","9":"product_tag-fettuccine","10":"product_tag-free-shipping","11":"product_tag-imperia","12":"product_tag-pasta","13":"product_tag-pasta-presto","14":"product_tag-pastapresto","15":"product_tag-sfoglia","16":"product_tag-sfogliatrice","17":"product_tag-spedizione-gratuita","18":"product_tag-tagliatelle","19":"product_shipping_class-pe","21":"first","22":"instock","23":"sale","24":"featured","25":"taxable","26":"shipping-taxable","27":"purchasable","28":"product-type-simple"},"_links":{"self":[{"href":"https:\/\/www.elettrowebstore.com\/fr\/wp-json\/wp\/v2\/product\/132","targetHints":{"allow":["GET"]}}],"collection":[{"href":"https:\/\/www.elettrowebstore.com\/fr\/wp-json\/wp\/v2\/product"}],"about":[{"href":"https:\/\/www.elettrowebstore.com\/fr\/wp-json\/wp\/v2\/types\/product"}],"wp:featuredmedia":[{"embeddable":true,"href":"https:\/\/www.elettrowebstore.com\/fr\/wp-json\/wp\/v2\/media\/9807448"}],"wp:attachment":[{"href":"https:\/\/www.elettrowebstore.com\/fr\/wp-json\/wp\/v2\/media?parent=132"}],"wp:term":[{"taxonomy":"product_brand","embeddable":true,"href":"https:\/\/www.elettrowebstore.com\/fr\/wp-json\/wp\/v2\/product_brand?post=132"},{"taxonomy":"product_cat","embeddable":true,"href":"https:\/\/www.elettrowebstore.com\/fr\/wp-json\/wp\/v2\/product_cat?post=132"},{"taxonomy":"product_tag","embeddable":true,"href":"https:\/\/www.elettrowebstore.com\/fr\/wp-json\/wp\/v2\/product_tag?post=132"}],"curies":[{"name":"wp","href":"https:\/\/api.w.org\/{rel}","templated":true}]}}