{"id":13022,"date":"2020-02-14T17:03:44","date_gmt":"2020-02-14T16:03:44","guid":{"rendered":"https:\/\/www.elettrowebstore.com\/?post_type=product&#038;p=13022"},"modified":"2025-03-27T17:22:47","modified_gmt":"2025-03-27T16:22:47","slug":"reber-accessorio-impastatrice-kg-1-6-optional","status":"publish","type":"product","link":"https:\/\/www.elettrowebstore.com\/fr\/shop\/accessoire-de-petrissage-reber-kg-1-6-optionnel\/","title":{"rendered":"Accessoire de p\u00e9trissage Reber kg 1,6 en option"},"content":{"rendered":"<h2><strong>Accessoire de p\u00e9trissage Reber kg 1,6 en option<\/strong><\/h2>\n<p>Accessoire p\u00e9trin Reber kg 1.6 en option pour les moteurs n\u00b0 5 avec la grande bride. Il s'agit de l'accessoire \u00e0 appliquer au <strong>Moto-r\u00e9ducteurs REBER<\/strong> et permet de r\u00e9aliser tous les types de p\u00e2te : p\u00e2tes, pain, pizza, g\u00e2teaux. Cet accessoire est fabriqu\u00e9 en Italie et se caract\u00e9rise par une <strong>excellent rapport qualit\u00e9-prix<\/strong>.<\/p>\n<p>La <strong>la capacit\u00e9 de p\u00e2te est de 1,6 kg<\/strong> pour chaque session de travail, <strong>Obtenu en trois minutes seulement<\/strong>! Cette quantit\u00e9 facilite grandement l'utilisation de la machine, car elle correspond \u00e0 la quantit\u00e9 moyenne utilis\u00e9e \u00e0 la maison ou dans une petite entreprise pour les p\u00e2tes fr\u00e9quemment fabriqu\u00e9es.<\/p>\n<p>La qualit\u00e9 des mat\u00e9riaux et la <strong>facilit\u00e9 de d\u00e9montage<\/strong> et le nettoyage rendent ce produit tr\u00e8s pratique et facile \u00e0 utiliser.<\/p>\n<p>L'accessoire de p\u00e9trissage Reber kg 1.6 optionnel est disponible en deux versions : l'une d\u00e9di\u00e9e \u00e0 l'utilisation de l'accessoire de p\u00e9trissage Reber. <strong><a href=\"https:\/\/www.elettrowebstore.com\/shop\/reber-motoriduttore-motore-elettrico-n-3-hp-030-400-watt-9600n\/\" target=\"_blank\" rel=\"noopener\">Moteur \u00e0 engrenages Reber No. 3 hp 400 watt<\/a><\/strong> (<strong>8310N P\u00e9trin Kg. 1.6 Option No. 3<\/strong>) et un autre d\u00e9di\u00e9 au motor\u00e9ducteur Reber No. 5 hp <a href=\"https:\/\/www.elettrowebstore.com\/shop\/reber-motoriduttore-hp-040-motore-500-watt-9601n\/\">500<\/a>\/600\/<a href=\"https:\/\/www.elettrowebstore.com\/shop\/reber-motoriduttore-elettrico-n-5-hp-150-1200-watt-9603nsp\/\">1200<\/a> watt (<strong>8300N P\u00e9trin Kg. 1.6 Option No. 5<\/strong>). Il vous suffit de s\u00e9lectionner l'option du p\u00e9trin compatible avec le motor\u00e9ducteur dont vous disposez via le menu d\u00e9roulant pour proc\u00e9der \u00e0 l'achat.<\/p>\n<p><b><span style=\"color: #ff0010;\">ATTENTION : LE MOTOR\u00c9DUCTEUR N'EST PAS INCLUS !<\/span><\/b><\/p>\n<p>&nbsp;<\/p>\n<p>&nbsp;<\/p>\n<h2><strong>Caract\u00e9ristiques techniques Accessoire de p\u00e9trissage Reber kg 1,6 en option<\/strong><\/h2>\n<p>Voici les principales caract\u00e9ristiques techniques du <strong>P\u00e9trin REBER KG. 1.6 En option<\/strong>:<\/p>\n<ul>\n<li><span class=\"fontstyle0\">Support du p\u00e9trin en alliage d'aluminium moul\u00e9 sous pression<\/span><\/li>\n<li><span class=\"fontstyle0\">paire d'engrenages coniques de r\u00e9duction en acier<\/span><\/li>\n<li><span class=\"fontstyle0\">Arbre de p\u00e9trissage en acier inoxydable AISI 316 moul\u00e9 \u00e0 la cire perdue tr\u00e8s r\u00e9sistant<\/span><\/li>\n<li>interrupteur de s\u00e9curit\u00e9 qui arr\u00eate le bras p\u00e9trisseur lorsque le couvercle est ouvert, afin d'\u00e9viter tout contact avec les fouets du batteur si le couvercle sup\u00e9rieur est ouvert<\/li>\n<li>p\u00e9trin en plastique de qualit\u00e9 alimentaire, facile \u00e0 nettoyer et tr\u00e8s durable<\/li>\n<li>couvercle avec fentes pour l'introduction des ingr\u00e9dients<\/li>\n<li>facile \u00e0 d\u00e9monter pour le nettoyage car il ne comporte que quelques pi\u00e8ces<\/li>\n<li>convient pour tous les types de p\u00e2te : pain, pizza, g\u00e2teaux, p\u00e2tes<\/li>\n<\/ul>\n<p>&nbsp;<\/p>\n<h2><strong>Installation du produit <\/strong><strong>P\u00e9trin Reber KG. 1.6 En option<\/strong><\/h2>\n<p>Installez le produit sur une surface plane qui tient compte des dimensions de l'appareil. En outre, la surface doit \u00eatre plane, lisse, s\u00e8che, solide et situ\u00e9e \u00e0 environ 80 cm du sol, avec un espace suffisant autour de l'appareil pour permettre son fonctionnement et son entretien.<\/p>\n<p>Pour fonctionner, l'appareil doit \u00eatre branch\u00e9 sur une prise de courant qui reste en permanence facilement accessible pendant l'utilisation.<\/p>\n<p>Les conditions environnementales standard d'utilisation sont une temp\u00e9rature minimale de +10\u00b0 et maximale de +38\u00b0, une humidit\u00e9 minimale de 30% et une humidit\u00e9 maximale de 80%.<\/p>\n<p>&nbsp;<\/p>\n<p>&nbsp;<\/p>\n<h2><strong>Mode d'emploi <\/strong><strong>P\u00e9trin REBER KG. 1.6 En option<\/strong><\/h2>\n<p>Voici les instructions pour l'utilisation de l'outil <strong>P\u00e9trin REBER KG. 1.6 En option<\/strong> une fois mont\u00e9 sur le motor\u00e9ducteur Reber en votre possession :<\/p>\n<ol>\n<li>Tournez le couvercle dans le sens inverse des aiguilles d'une montre et retirez-le de son logement ;<\/li>\n<li>remplir le r\u00e9cipient selon le dosage et la m\u00e9thode recommand\u00e9s ;<\/li>\n<li>ins\u00e9rer d'abord la farine, puis les liquides<\/li>\n<li>placer le couvercle sur les fentes appropri\u00e9es (le couvercle n'a qu'une seule position possible pour une fixation correcte et il doit \u00eatre tourn\u00e9 jusqu'\u00e0 ce que la fente correcte soit atteinte) et le tourner dans le sens des aiguilles d'une montre jusqu'\u00e0 la but\u00e9e pour permettre \u00e0 la machine de d\u00e9marrer ;<\/li>\n<li>d\u00e9marrer la machine en appuyant sur l'interrupteur de d\u00e9marrage du moteur<\/li>\n<li>En cours de travail, si n\u00e9cessaire, il est possible d'ajouter du liquide ou de la farine par les fentes du couvercle sans arr\u00eater la machine ;<\/li>\n<li>apr\u00e8s environ 2,5 \u00e0 3 minutes, v\u00e9rifier que la p\u00e2te obtenue a la consistance souhait\u00e9e, puis \u00e9teindre la machine, tourner dans le sens inverse des aiguilles d'une montre, enlever le couvercle et retirer la p\u00e2te.<\/li>\n<\/ol>\n<p>Si le <strong>doses recommand\u00e9es<\/strong> ont \u00e9t\u00e9 respect\u00e9es, la p\u00e2te doit se d\u00e9tacher facilement du bras p\u00e9trisseur et le r\u00e9cipient doit \u00eatre propre et exempt de r\u00e9sidus de farine.<\/p>\n<p>&nbsp;<\/p>\n<h2><strong>Nettoyage et entretien<\/strong><\/h2>\n<p>Le couvercle et le r\u00e9cipient sont en plastique alimentaire et peuvent \u00eatre lav\u00e9s au lave-vaisselle. Des d\u00e9tergents trop agressifs et des temp\u00e9ratures \u00e9lev\u00e9es peuvent endommager l'esth\u00e9tique du produit sans en alt\u00e9rer les caract\u00e9ristiques techniques.<\/p>\n<p>En outre, le bras p\u00e9trisseur est en acier moul\u00e9 AISI 316 et peut \u00eatre lav\u00e9 au lave-vaisselle, sachant que des d\u00e9tergents trop agressifs et des temp\u00e9ratures \u00e9lev\u00e9es peuvent endommager l'esth\u00e9tique du produit sans en alt\u00e9rer les caract\u00e9ristiques techniques.<\/p>\n<p>Lorsque vous avez fini de travailler et d'utiliser la machine, d\u00e9branchez-la de la prise de courant et rangez-la.<\/p>\n<p>Conform\u00e9ment aux r\u00e8gles d'hygi\u00e8ne, toutes les pi\u00e8ces entrant en contact avec les denr\u00e9es alimentaires sont totalement et facilement d\u00e9montables \u00e0 l'aide de la cl\u00e9 fournie, de mani\u00e8re \u00e0 pouvoir \u00eatre facilement nettoy\u00e9es. De plus, les parties d\u00e9montables en contact avec les aliments sont isol\u00e9es de l'appareil \u00e9lectrique.<\/p>\n<p>Apr\u00e8s chaque utilisation, laver avec de l'eau chaude et des d\u00e9tergents doux et s\u00e9cher soigneusement.<\/p>\n<p>Ne pas utiliser de jets d'eau sur le moteur \u00e9lectrique et ne pas utiliser de brosses, qui pourraient d\u00e9t\u00e9riorer les surfaces du couvercle de la machine.<\/p>\n<p>Nettoyez le capot du moteur avec un chiffon humide et des d\u00e9tergents doux pour \u00e9viter d'endommager les surfaces. Dans tous les cas, ne pas laver le moteur \u00e9lectrique ni l'immerger dans des solutions liquides.<\/p>","protected":false},"excerpt":{"rendered":"<p>Le p\u00e9trin Reber KG. 1.6 Optional est l'accessoire \u00e0 appliquer aux motor\u00e9ducteurs REBER pour obtenir tous les types de p\u00e2te : p\u00e2tes, pain, pizza, g\u00e2teaux.<\/p>","protected":false},"featured_media":13035,"template":"","meta":[],"product_brand":[],"product_cat":[273,17,753],"product_tag":[1392,1393,345,391,754,1389,346,1390,1391,65],"class_list":{"0":"post-13022","1":"product","2":"type-product","3":"status-publish","4":"has-post-thumbnail","6":"product_cat-accessori-per-reber","7":"product_cat-casalinghi-cura-casa","8":"product_cat-impastatrici-elettriche-uso-domestico","9":"product_tag-8300n","10":"product_tag-8310n","11":"product_tag-accessorio","12":"product_tag-dolci","13":"product_tag-impastatrice","14":"product_tag-impasto","15":"product_tag-optional","16":"product_tag-pane","17":"product_tag-pizza","18":"product_tag-reber","19":"product_shipping_class-pe10","21":"first","22":"instock","23":"sale","24":"taxable","25":"shipping-taxable","26":"purchasable","27":"product-type-variable","28":"has-default-attributes"},"_links":{"self":[{"href":"https:\/\/www.elettrowebstore.com\/fr\/wp-json\/wp\/v2\/product\/13022","targetHints":{"allow":["GET"]}}],"collection":[{"href":"https:\/\/www.elettrowebstore.com\/fr\/wp-json\/wp\/v2\/product"}],"about":[{"href":"https:\/\/www.elettrowebstore.com\/fr\/wp-json\/wp\/v2\/types\/product"}],"wp:featuredmedia":[{"embeddable":true,"href":"https:\/\/www.elettrowebstore.com\/fr\/wp-json\/wp\/v2\/media\/13035"}],"wp:attachment":[{"href":"https:\/\/www.elettrowebstore.com\/fr\/wp-json\/wp\/v2\/media?parent=13022"}],"wp:term":[{"taxonomy":"product_brand","embeddable":true,"href":"https:\/\/www.elettrowebstore.com\/fr\/wp-json\/wp\/v2\/product_brand?post=13022"},{"taxonomy":"product_cat","embeddable":true,"href":"https:\/\/www.elettrowebstore.com\/fr\/wp-json\/wp\/v2\/product_cat?post=13022"},{"taxonomy":"product_tag","embeddable":true,"href":"https:\/\/www.elettrowebstore.com\/fr\/wp-json\/wp\/v2\/product_tag?post=13022"}],"curies":[{"name":"wp","href":"https:\/\/api.w.org\/{rel}","templated":true}]}}